{"id":4777,"date":"2025-01-20T08:49:32","date_gmt":"2025-01-20T08:49:32","guid":{"rendered":"https:\/\/fmp-components.com\/?page_id=8"},"modified":"2025-01-20T08:53:40","modified_gmt":"2025-01-20T08:53:40","slug":"curved-rack-and-pinion-gear","status":"publish","type":"product","link":"https:\/\/fmp-components.com\/fi\/product\/curved-rack-and-pinion-gear\/","title":{"rendered":"Kaareva hammastanko ja hammaspy\u00f6r\u00e4"},"content":{"rendered":"<h2>Kaarevien hammastanko- ja hammaspy\u00f6r\u00e4vaihteiden erittely<\/h2>\n<p>Tarkkuuskoneistus ruostumattomasta ter\u00e4ksest\u00e4 kaareva hammastanko- ja hammaspy\u00f6r\u00e4st\u00f6 robotille<\/p>\n<table class=\"table\" border=\"1\" width=\"100%\" cellspacing=\"0\" cellpadding=\"0\">\n<tbody>\n<tr class=\"firstRow\">\n<td><strong>Mallinumero<\/strong><\/td>\n<td>M1, M1.5, M2, M2.5, M3, M4, M5, M8, M12 jne.<\/td>\n<\/tr>\n<tr>\n<td><strong>Materiaali<\/strong><\/td>\n<td>Messinki, C45-ter\u00e4s, ruostumaton ter\u00e4s, kupari, POM, alumiini, seos ja niin edelleen<\/td>\n<\/tr>\n<tr>\n<td><strong>Pintak\u00e4sittely<\/strong><\/td>\n<td>Sinkitty, nikkel\u00f6ity, passivointi, hapetus, anodisointi, geometti, dakrometti, musta oksidi, fosfatointi, jauhemaalaus ja elektroforeesi.<\/td>\n<\/tr>\n<tr>\n<td><strong>Standardi<\/strong><\/td>\n<td>ISO, DIN, ANSI, JIS, BS ja ei-standardi.<\/td>\n<\/tr>\n<tr>\n<td><strong>Tarkkuus<\/strong><\/td>\n<td>DIN6, DIN7, DIN8, DIN9.<\/td>\n<\/tr>\n<tr>\n<td><strong>Hampaiden hoito<\/strong><\/td>\n<td>Karkaistu, jyrsitty tai hiottu<\/td>\n<\/tr>\n<tr>\n<td><strong>Toleranssi<\/strong><\/td>\n<td>0,001 mm - 0,01 mm - 0,1 mm<\/td>\n<\/tr>\n<tr>\n<td><strong>Valmis<\/strong><\/td>\n<td>hiekkapuhallus, l\u00e4mp\u00f6k\u00e4sittely, hehkutus, p\u00e4\u00e4st\u00f6, kiillotus, anodisointi, sinkitys<\/td>\n<\/tr>\n<tr>\n<td><strong>Pakkaukset<\/strong><\/td>\n<td>Muovipussi + laatikot tai puiset pakkaukset<\/td>\n<\/tr>\n<tr>\n<td><strong>Maksuehdot<\/strong><\/td>\n<td>T\/T, L\/C<\/td>\n<\/tr>\n<tr>\n<td><strong>N\u00e4ytteet<\/strong><\/td>\n<td>N\u00e4ytehintahaarukka $2 - $100. Asiakkaan maksama pikapyynt\u00f6n\u00e4 toimitettava n\u00e4yte.<\/td>\n<\/tr>\n<tr>\n<td><strong>Hakemus<\/strong><\/td>\n<td>1. Automaattiohjauslaitteet 2. Puolijohdeteollisuus 3. Yleiset teollisuuskoneet 4. L\u00e4\u00e4ketieteelliset laitteet 5. Aurinkoenergialaitteet 6. Ty\u00f6st\u00f6koneet 7. Pys\u00e4k\u00f6intij\u00e4rjestelm\u00e4t 8. Suurnopeusjuna- ja lentoliikennelaitteet jne.<\/td>\n<\/tr>\n<\/tbody>\n<\/table>\n<p>Kaarevan tai kaarevan hammaspy\u00f6r\u00e4n ja hammaspy\u00f6r\u00e4n materiaalivalinta on tieteellinen ja j\u00e4rkev\u00e4. Se ottaa t\u00e4ysin huomioon projektin todellisen k\u00e4ytt\u00f6ymp\u00e4rist\u00f6n ja sill\u00e4 on hyv\u00e4 kulutuskest\u00e4vyys. Kaareva hammaspy\u00f6r\u00e4 punnitsee tietyn k\u00e4ytt\u00f6ymp\u00e4rist\u00f6n ja materiaalin virtausominaisuudet ja k\u00e4sittelee sen valinnan j\u00e4lkeen. Kaarevalla hammaspy\u00f6r\u00e4ll\u00e4 ja hammasrattailla on kulutuskest\u00e4vyys ja stabiilius karkaisuk\u00e4sittelyn j\u00e4lkeen.<\/p>","protected":false},"excerpt":{"rendered":"<p>Specification of Curved Rack and Pinion Gears Precision Machining Stainless Steel Curved Rack and Pinion Gear for Robot Model Number M1,M1.5,M2,M2.5,M3,M4,M5,M8,M12 etc. Material Brass, \u00a0 C45 steel, Stainless steel, Copper, POM, Aluminum, Alloy, and so on Surface treatment Zinc-plated, Nickel plated, Passivation, Oxidation, Anodization,\u00a0 \u00a0 Geomet, Dacromet, Black Oxide, Phosphatizing, Powder Coating, and \u00a0 Electrophoresis. [&hellip;]<\/p>","protected":false},"featured_media":4778,"comment_status":"open","ping_status":"closed","template":"","meta":{"_et_pb_use_builder":"","_et_pb_old_content":"","_et_gb_content_width":""},"product_brand":[],"product_cat":[91],"product_tag":[],"class_list":{"0":"post-4777","1":"product","2":"type-product","3":"status-publish","4":"has-post-thumbnail","6":"product_cat-gear-racks","8":"first","9":"instock","10":"shipping-taxable","11":"product-type-simple"},"_links":{"self":[{"href":"https:\/\/fmp-components.com\/fi\/wp-json\/wp\/v2\/product\/4777","targetHints":{"allow":["GET"]}}],"collection":[{"href":"https:\/\/fmp-components.com\/fi\/wp-json\/wp\/v2\/product"}],"about":[{"href":"https:\/\/fmp-components.com\/fi\/wp-json\/wp\/v2\/types\/product"}],"replies":[{"embeddable":true,"href":"https:\/\/fmp-components.com\/fi\/wp-json\/wp\/v2\/comments?post=4777"}],"wp:featuredmedia":[{"embeddable":true,"href":"https:\/\/fmp-components.com\/fi\/wp-json\/wp\/v2\/media\/4778"}],"wp:attachment":[{"href":"https:\/\/fmp-components.com\/fi\/wp-json\/wp\/v2\/media?parent=4777"}],"wp:term":[{"taxonomy":"product_brand","embeddable":true,"href":"https:\/\/fmp-components.com\/fi\/wp-json\/wp\/v2\/product_brand?post=4777"},{"taxonomy":"product_cat","embeddable":true,"href":"https:\/\/fmp-components.com\/fi\/wp-json\/wp\/v2\/product_cat?post=4777"},{"taxonomy":"product_tag","embeddable":true,"href":"https:\/\/fmp-components.com\/fi\/wp-json\/wp\/v2\/product_tag?post=4777"}],"curies":[{"name":"wp","href":"https:\/\/api.w.org\/{rel}","templated":true}]}}