{"id":4769,"date":"2025-01-20T07:46:09","date_gmt":"2025-01-20T07:46:09","guid":{"rendered":"https:\/\/fmp-components.com\/?page_id=8"},"modified":"2025-01-20T07:46:10","modified_gmt":"2025-01-20T07:46:10","slug":"helical-gear-rack","status":"publish","type":"product","link":"https:\/\/fmp-components.com\/fi\/product\/helical-gear-rack\/","title":{"rendered":"Kierukkavaihteisto"},"content":{"rendered":"<h2>Kierukkavaihteisto (viimeistelty ja muotoiltu)<\/h2>\n<p><img loading=\"lazy\" decoding=\"async\" class=\"alignnone size-full wp-image-4770\" src=\"https:\/\/fmp-components.com\/wp-content\/uploads\/2025\/01\/Helical-Gear-Rack-3.webp\" alt=\"Kierukkavaihteisto\" width=\"1200\" height=\"350\" title=\"\" srcset=\"https:\/\/fmp-components.com\/wp-content\/uploads\/2025\/01\/Helical-Gear-Rack-3.webp 1200w, https:\/\/fmp-components.com\/wp-content\/uploads\/2025\/01\/Helical-Gear-Rack-3-980x286.webp 980w, https:\/\/fmp-components.com\/wp-content\/uploads\/2025\/01\/Helical-Gear-Rack-3-480x140.webp 480w\" sizes=\"(min-width: 0px) and (max-width: 480px) 480px, (min-width: 481px) and (max-width: 980px) 980px, (min-width: 981px) 1200px, 100vw\" \/><\/p>\n<table style=\"width: 101.848%; height: 129px;\" border=\"1\">\n<tbody>\n<tr>\n<td>Tarkkuusluokka: (JIS-luokka 5) 7e25<\/td>\n<td>Karkaisu: Hammasalue hiiletetty (HRC42-48)<\/td>\n<\/tr>\n<tr>\n<td>Materiaali: (S45C keskipitk\u00e4hiilinen ter\u00e4s) C45<\/td>\n<td>Sivumaa: Sis\u00e4ltyy<\/td>\n<\/tr>\n<tr>\n<td>Tyyppi: Kierreteline<\/td>\n<td>Painekulma: 20\u00b0<\/td>\n<\/tr>\n<tr>\n<td>Hampaiden hoito: Jyrsitty<\/td>\n<td>Oikea kierrekulma: 19\u00b031\u203242\u2033<\/td>\n<\/tr>\n<\/tbody>\n<\/table>\n<h2>Kierukkavaihteiston erittely:<\/h2>\n<table border=\"1\" cellspacing=\"0\" cellpadding=\"0\">\n<tbody>\n<tr>\n<td width=\"59\">Moduuli<\/td>\n<td width=\"71\">L<\/td>\n<td width=\"59\">L2<\/td>\n<td width=\"59\">Hammas nro<\/td>\n<td width=\"42\">B<\/td>\n<td width=\"35\">A0<\/td>\n<td width=\"42\">A1<\/td>\n<td width=\"47\">D<\/td>\n<td width=\"47\">Min\u00e4<\/td>\n<td width=\"47\">Rei\u00e4n nro<\/td>\n<td width=\"35\">A<\/td>\n<td width=\"47\">C1<\/td>\n<td width=\"47\">C2<\/td>\n<td width=\"35\">E<\/td>\n<td width=\"59\">D1<\/td>\n<td width=\"59\">I1<\/td>\n<td width=\"48\">C3<\/td>\n<td width=\"82\">Kallistusvirhe \/300 mm<\/td>\n<\/tr>\n<tr>\n<td width=\"59\">1<\/td>\n<td width=\"71\">1000.00<\/td>\n<td width=\"59\">3.14<\/td>\n<td width=\"59\">300<\/td>\n<td width=\"42\">15<\/td>\n<td width=\"35\">15<\/td>\n<td width=\"42\">14<\/td>\n<td width=\"47\">&#8211;<\/td>\n<td width=\"47\">&#8211;<\/td>\n<td width=\"47\">&#8211;<\/td>\n<td width=\"35\">&#8211;<\/td>\n<td width=\"47\">&#8211;<\/td>\n<td width=\"47\">&#8211;<\/td>\n<td width=\"35\">&#8211;<\/td>\n<td width=\"59\">&#8211;<\/td>\n<td width=\"59\">&#8211;<\/td>\n<td width=\"48\">&#8211;<\/td>\n<td width=\"82\">0.02<\/td>\n<\/tr>\n<tr>\n<td width=\"59\">1.5<\/td>\n<td width=\"71\">1000.00<\/td>\n<td width=\"59\">6.7<\/td>\n<td width=\"59\">200<\/td>\n<td width=\"42\">19<\/td>\n<td width=\"35\">19<\/td>\n<td width=\"42\">17.5<\/td>\n<td width=\"47\">62.5<\/td>\n<td width=\"47\">125<\/td>\n<td width=\"47\">8<\/td>\n<td width=\"35\">8<\/td>\n<td width=\"47\">7<\/td>\n<td width=\"47\">11<\/td>\n<td width=\"35\">7<\/td>\n<td width=\"59\">31.7<\/td>\n<td width=\"59\">936.6<\/td>\n<td width=\"48\">5.7<\/td>\n<td width=\"82\">0.03<\/td>\n<\/tr>\n<tr>\n<td width=\"59\">2<\/td>\n<td width=\"71\">1000.00<\/td>\n<td width=\"59\">8.5<\/td>\n<td width=\"59\">150<\/td>\n<td width=\"42\">24<\/td>\n<td width=\"35\">24<\/td>\n<td width=\"42\">22<\/td>\n<td width=\"47\">62.5<\/td>\n<td width=\"47\">125<\/td>\n<td width=\"47\">8<\/td>\n<td width=\"35\">8<\/td>\n<td width=\"47\">7<\/td>\n<td width=\"47\">11<\/td>\n<td width=\"35\">7<\/td>\n<td width=\"59\">31.7<\/td>\n<td width=\"59\">936.6<\/td>\n<td width=\"48\">5.7<\/td>\n<td width=\"82\">0.031<\/td>\n<\/tr>\n<tr>\n<td width=\"59\">2.5<\/td>\n<td width=\"71\">1000.00<\/td>\n<td width=\"59\">8.5<\/td>\n<td width=\"59\">120<\/td>\n<td width=\"42\">24<\/td>\n<td width=\"35\">24<\/td>\n<td width=\"42\">21.5<\/td>\n<td width=\"47\">62.5<\/td>\n<td width=\"47\">125<\/td>\n<td width=\"47\">8<\/td>\n<td width=\"35\">9<\/td>\n<td width=\"47\">7<\/td>\n<td width=\"47\">11<\/td>\n<td width=\"35\">7<\/td>\n<td width=\"59\">31.7<\/td>\n<td width=\"59\">936.6<\/td>\n<td width=\"48\">5.7<\/td>\n<td width=\"82\">0.033<\/td>\n<\/tr>\n<tr>\n<td width=\"59\">3<\/td>\n<td width=\"71\">1000.00<\/td>\n<td width=\"59\">10.3<\/td>\n<td width=\"59\">100<\/td>\n<td width=\"42\">29<\/td>\n<td width=\"35\">29<\/td>\n<td width=\"42\">26<\/td>\n<td width=\"47\">62.5<\/td>\n<td width=\"47\">125<\/td>\n<td width=\"47\">8<\/td>\n<td width=\"35\">9<\/td>\n<td width=\"47\">10<\/td>\n<td width=\"47\">15<\/td>\n<td width=\"35\">9<\/td>\n<td width=\"59\">35.0<\/td>\n<td width=\"59\">930.0<\/td>\n<td width=\"48\">7.7<\/td>\n<td width=\"82\">0.035<\/td>\n<\/tr>\n<tr>\n<td width=\"59\">4<\/td>\n<td width=\"71\">1000.00<\/td>\n<td width=\"59\">13.8<\/td>\n<td width=\"59\">75<\/td>\n<td width=\"42\">39<\/td>\n<td width=\"35\">39<\/td>\n<td width=\"42\">35<\/td>\n<td width=\"47\">62.5<\/td>\n<td width=\"47\">125<\/td>\n<td width=\"47\">8<\/td>\n<td width=\"35\">12<\/td>\n<td width=\"47\">10<\/td>\n<td width=\"47\">15<\/td>\n<td width=\"35\">9<\/td>\n<td width=\"59\">33.3<\/td>\n<td width=\"59\">933.0<\/td>\n<td width=\"48\">7.7<\/td>\n<td width=\"82\">0.038<\/td>\n<\/tr>\n<tr>\n<td width=\"59\">5<\/td>\n<td width=\"71\">1000.00<\/td>\n<td width=\"59\">17.4<\/td>\n<td width=\"59\">60<\/td>\n<td width=\"42\">49<\/td>\n<td width=\"35\">39<\/td>\n<td width=\"42\">34<\/td>\n<td width=\"47\">62.5<\/td>\n<td width=\"47\">125<\/td>\n<td width=\"47\">8<\/td>\n<td width=\"35\">12<\/td>\n<td width=\"47\">14<\/td>\n<td width=\"47\">20<\/td>\n<td width=\"35\">13<\/td>\n<td width=\"59\">37.5<\/td>\n<td width=\"59\">925.0<\/td>\n<td width=\"48\">11.7<\/td>\n<td width=\"82\">0.04<\/td>\n<\/tr>\n<tr>\n<td width=\"59\">6<\/td>\n<td width=\"71\">1000.00<\/td>\n<td width=\"59\">20.9<\/td>\n<td width=\"59\">50<\/td>\n<td width=\"42\">59<\/td>\n<td width=\"35\">49<\/td>\n<td width=\"42\">43<\/td>\n<td width=\"47\">62.5<\/td>\n<td width=\"47\">125<\/td>\n<td width=\"47\">8<\/td>\n<td width=\"35\">16<\/td>\n<td width=\"47\">18<\/td>\n<td width=\"47\">26<\/td>\n<td width=\"35\">17<\/td>\n<td width=\"59\">37.5<\/td>\n<td width=\"59\">925.0<\/td>\n<td width=\"48\">15.7<\/td>\n<td width=\"82\">0.042<\/td>\n<\/tr>\n<tr>\n<td width=\"59\">8<\/td>\n<td width=\"71\">1000.00<\/td>\n<td width=\"59\">28.7<\/td>\n<td width=\"59\">36<\/td>\n<td width=\"42\">79<\/td>\n<td width=\"35\">79<\/td>\n<td width=\"42\">71<\/td>\n<td width=\"47\">60<\/td>\n<td width=\"47\">120<\/td>\n<td width=\"47\">8<\/td>\n<td width=\"35\">25<\/td>\n<td width=\"47\">22<\/td>\n<td width=\"47\">33<\/td>\n<td width=\"35\">21<\/td>\n<td width=\"59\">120.0<\/td>\n<td width=\"59\">720.0<\/td>\n<td width=\"48\">19.7<\/td>\n<td width=\"82\">0.045<\/td>\n<\/tr>\n<tr>\n<td width=\"59\">10<\/td>\n<td width=\"71\">1000.00<\/td>\n<td width=\"59\">35.11<\/td>\n<td width=\"59\">30<\/td>\n<td width=\"42\">99<\/td>\n<td width=\"35\">99<\/td>\n<td width=\"42\">89<\/td>\n<td width=\"47\">62.5<\/td>\n<td width=\"47\">125<\/td>\n<td width=\"47\">8<\/td>\n<td width=\"35\">32<\/td>\n<td width=\"47\">33<\/td>\n<td width=\"47\">48<\/td>\n<td width=\"35\">32<\/td>\n<td width=\"59\">125.0<\/td>\n<td width=\"59\">750.0<\/td>\n<td width=\"48\">19.7<\/td>\n<td width=\"82\">0.052<\/td>\n<\/tr>\n<\/tbody>\n<\/table>\n<h2>Kierukkavaihteiston ja hammaspy\u00f6r\u00e4n tuotetiedot<\/h2>\n<table border=\"1\" width=\"100%\" cellspacing=\"0\" cellpadding=\"0\">\n<tbody>\n<tr>\n<td width=\"140\"><strong>K\u00e4sitell\u00e4<\/strong><\/td>\n<td width=\"429\">Koneistus, taonta, valu, leikkaus<\/td>\n<\/tr>\n<tr>\n<td width=\"140\"><strong>Materiaali<\/strong><\/td>\n<td width=\"429\">C45 (1045), A3 (v\u00e4h\u00e4hiilinen ter\u00e4s), 40Cr, 20CrMnTi, 42CrMo, valurauta, pallografiittivalurauta, kupari, ruostumaton ter\u00e4s ja niin edelleen, kuten pyysit<\/td>\n<\/tr>\n<tr>\n<td width=\"140\"><strong>L\u00e4mp\u00f6k\u00e4sittely<\/strong><\/td>\n<td width=\"429\">Korkeataajuinen sammutus, hiiletys, kuulapuhallus, sammutus ja p\u00e4\u00e4st\u00f6, nitraus<\/td>\n<\/tr>\n<tr>\n<td width=\"140\"><strong>Pintak\u00e4sittely<\/strong><\/td>\n<td width=\"429\">Mustaan, kuumasinkityksell\u00e4, kovakromauksella, sinkkipinnoituksella, galvanointilla, nikkel\u00f6innill\u00e4, hiekkapuhalluksella, v\u00e4rimaalauksella, dacromet-pinnoituksella, pulverimaalauksella ja asiakkaiden vaatimusten mukaisesti.<\/td>\n<\/tr>\n<tr>\n<td width=\"140\"><strong>Suorituskyky<\/strong><\/td>\n<td width=\"429\">Pitk\u00e4 k\u00e4ytt\u00f6ik\u00e4, korkea tarkkuus, korkea kulutuskest\u00e4vyys, korkea lujuus, alhainen melu, tasainen ja tasainen, v\u00e4symislujuus<\/td>\n<\/tr>\n<tr>\n<td width=\"140\"><strong>Malli<\/strong><\/td>\n<td width=\"429\">ANSI-, DIN-, JIS-standardit, ei-standardit, lieri\u00f6py\u00f6r\u00e4t, kierrepy\u00f6r\u00e4t, suorat kartiopy\u00f6r\u00e4t, kierukkapy\u00f6r\u00e4t, matopy\u00f6r\u00e4t, hammaspy\u00f6r\u00e4telineet<\/td>\n<\/tr>\n<tr>\n<td width=\"140\"><strong>Pakkaus<\/strong><\/td>\n<td width=\"429\">Tuotteet on pakattu huolellisesti, sis\u00e4pussit muovipusseihin ja ulkopakkaukset asiakkaan vaatimusten mukaisesti; pitk\u00e4n matkan kuljetuksen tai pitk\u00e4aikaisen varastoinnin j\u00e4lkeen pakkaus avataan; upouusi, ei vaurioita, ei ruostetta.<\/td>\n<\/tr>\n<\/tbody>\n<\/table>\n<h3>Kierukkavaihteiston sovellukset<\/h3>\n<p>Kierrek\u00e4ytt\u00f6isi\u00e4 hammastankok\u00e4ytt\u00f6j\u00e4 k\u00e4ytet\u00e4\u00e4n useissa eri sovelluksissa, kuten akselik\u00e4yt\u00f6iss\u00e4, liikuteltavissa nostoj\u00e4rjestelmiss\u00e4 ja pylv\u00e4iss\u00e4, poiminta- ja sijoitusroboteissa, CNC-jyrsimiss\u00e4 ja materiaalink\u00e4sittelyj\u00e4rjestelmiss\u00e4, joissa vaaditaan tarkkaa paikannusta ja toistettavuutta. N\u00e4m\u00e4 k\u00e4yt\u00f6t pystyv\u00e4t my\u00f6s k\u00e4sittelem\u00e4\u00e4n raskaita kuormituksia ja k\u00e4ytt\u00f6jaksoja helposti. Teollisuudenaloja ovat materiaalink\u00e4sittely, automaatio, autoteollisuus, ilmailu- ja avaruusteollisuus, ty\u00f6st\u00f6koneet ja robotiikka.<\/p>\n<p><img loading=\"lazy\" decoding=\"async\" class=\"alignnone size-full wp-image-4771\" src=\"https:\/\/fmp-components.com\/wp-content\/uploads\/2025\/01\/Helical-Gear-Rack-Applications.webp\" alt=\"Kierukkavaihteiston sovellukset\" width=\"2250\" height=\"1306\" title=\"\" srcset=\"https:\/\/fmp-components.com\/wp-content\/uploads\/2025\/01\/Helical-Gear-Rack-Applications.webp 2250w, https:\/\/fmp-components.com\/wp-content\/uploads\/2025\/01\/Helical-Gear-Rack-Applications-1280x743.webp 1280w, https:\/\/fmp-components.com\/wp-content\/uploads\/2025\/01\/Helical-Gear-Rack-Applications-980x569.webp 980w, https:\/\/fmp-components.com\/wp-content\/uploads\/2025\/01\/Helical-Gear-Rack-Applications-480x279.webp 480w\" sizes=\"(min-width: 0px) and (max-width: 480px) 480px, (min-width: 481px) and (max-width: 980px) 980px, (min-width: 981px) and (max-width: 1280px) 1280px, (min-width: 1281px) 2250px, 100vw\" \/><\/p>","protected":false},"excerpt":{"rendered":"<p>Kierukkavaihteisto (viimeistely jyrsitty ja muotoiltu) Tarkkuusluokka: (JIS-luokka 5) 7e25 Karkaisu: Hampaan pinta hiiletetty (HRC42-48) Materiaali: (S45C keskihiiliter\u00e4s) C45 Sivuhionta: Sis\u00e4ltyy Tyyppi: Kierukkavaihteisto Puristuskulma: 20\u00b0 Hampaiden k\u00e4sittely: Jyrsitty Suora kierukkakulma: 19\u00b031\u203242\u2033 Kierukkavaihteiston tekniset tiedot: Moduuli L L2 Hampaan nro B A0 A1 DI Rei\u00e4n nro A C1 C2 E D1 [\u2026]<\/p>","protected":false},"featured_media":4772,"comment_status":"open","ping_status":"closed","template":"","meta":{"_et_pb_use_builder":"","_et_pb_old_content":"","_et_gb_content_width":""},"product_brand":[],"product_cat":[91],"product_tag":[],"class_list":{"0":"post-4769","1":"product","2":"type-product","3":"status-publish","4":"has-post-thumbnail","6":"product_cat-gear-racks","8":"first","9":"instock","10":"shipping-taxable","11":"product-type-simple"},"_links":{"self":[{"href":"https:\/\/fmp-components.com\/fi\/wp-json\/wp\/v2\/product\/4769","targetHints":{"allow":["GET"]}}],"collection":[{"href":"https:\/\/fmp-components.com\/fi\/wp-json\/wp\/v2\/product"}],"about":[{"href":"https:\/\/fmp-components.com\/fi\/wp-json\/wp\/v2\/types\/product"}],"replies":[{"embeddable":true,"href":"https:\/\/fmp-components.com\/fi\/wp-json\/wp\/v2\/comments?post=4769"}],"wp:featuredmedia":[{"embeddable":true,"href":"https:\/\/fmp-components.com\/fi\/wp-json\/wp\/v2\/media\/4772"}],"wp:attachment":[{"href":"https:\/\/fmp-components.com\/fi\/wp-json\/wp\/v2\/media?parent=4769"}],"wp:term":[{"taxonomy":"product_brand","embeddable":true,"href":"https:\/\/fmp-components.com\/fi\/wp-json\/wp\/v2\/product_brand?post=4769"},{"taxonomy":"product_cat","embeddable":true,"href":"https:\/\/fmp-components.com\/fi\/wp-json\/wp\/v2\/product_cat?post=4769"},{"taxonomy":"product_tag","embeddable":true,"href":"https:\/\/fmp-components.com\/fi\/wp-json\/wp\/v2\/product_tag?post=4769"}],"curies":[{"name":"wp","href":"https:\/\/api.w.org\/{rel}","templated":true}]}}