{"id":4763,"date":"2025-01-20T06:18:59","date_gmt":"2025-01-20T06:18:59","guid":{"rendered":"https:\/\/fmp-components.com\/?page_id=8"},"modified":"2025-01-20T06:45:54","modified_gmt":"2025-01-20T06:45:54","slug":"gear-rack-and-pinion","status":"publish","type":"product","link":"https:\/\/fmp-components.com\/fi\/product\/gear-rack-and-pinion\/","title":{"rendered":"Vaihdelaatikko ja hammaspy\u00f6r\u00e4"},"content":{"rendered":"<table style=\"border-collapse: collapse; width: 101.172%; height: 57px;\" border=\"0\" width=\"128\" cellspacing=\"0\" cellpadding=\"0\">\n<tbody>\n<tr style=\"height: 13.8pt;\">\n<td style=\"height: 13.8pt; width: 48pt;\" align=\"right\" width=\"64\" height=\"18\"><img loading=\"lazy\" decoding=\"async\" class=\"alignnone size-full wp-image-4765\" src=\"https:\/\/fmp-components.com\/wp-content\/uploads\/2025\/01\/Rack-and-Pinion-Gear.webp\" alt=\"Hammastanko- ja hammaspy\u00f6r\u00e4\" width=\"600\" height=\"600\" title=\"\" srcset=\"https:\/\/fmp-components.com\/wp-content\/uploads\/2025\/01\/Rack-and-Pinion-Gear.webp 600w, https:\/\/fmp-components.com\/wp-content\/uploads\/2025\/01\/Rack-and-Pinion-Gear-480x480.webp 480w\" sizes=\"(min-width: 0px) and (max-width: 480px) 480px, (min-width: 481px) 600px, 100vw\" \/><\/td>\n<td style=\"width: 48pt;\" align=\"right\" width=\"64\"><img loading=\"lazy\" decoding=\"async\" class=\"alignnone size-full wp-image-4766\" src=\"https:\/\/fmp-components.com\/wp-content\/uploads\/2025\/01\/Rack-and-Pinion-Gears.webp\" alt=\"Hammastanko- ja hammaspy\u00f6r\u00e4vaihteet\" width=\"600\" height=\"600\" title=\"\" srcset=\"https:\/\/fmp-components.com\/wp-content\/uploads\/2025\/01\/Rack-and-Pinion-Gears.webp 600w, https:\/\/fmp-components.com\/wp-content\/uploads\/2025\/01\/Rack-and-Pinion-Gears-480x480.webp 480w\" sizes=\"(min-width: 0px) and (max-width: 480px) 480px, (min-width: 481px) 600px, 100vw\" \/><\/td>\n<\/tr>\n<\/tbody>\n<\/table>\n<h2>Hammaspy\u00f6r\u00e4n ja hammaspy\u00f6r\u00e4n materiaali<\/h2>\n<p>Hammaspy\u00f6rien ja rattaiden materiaalien osalta otetaan huomioon lujuus, kulutuskest\u00e4vyys ja imukyky. Hiiliter\u00e4s on yleisin materiaali hammaspy\u00f6rien ja rattaiden ter\u00e4ksen valmistuksessa.<\/p>\n<ol>\n<li>T\u00e4m\u00e4 materiaali sopii erinomaisesti useimpiin ymp\u00e4rist\u00f6ihin ja k\u00e4ytt\u00f6tilanteisiin.<\/li>\n<li>Hammaspy\u00f6r\u00e4n ja hammaspy\u00f6r\u00e4n suhteellinen lujuus tekee t\u00e4st\u00e4 materiaalista tehokkaan.<\/li>\n<li>Lis\u00e4ksi materiaali soveltuu hyvin l\u00e4mp\u00f6k\u00e4sittelyyn lujuuden lis\u00e4\u00e4miseksi, mahdollistaa kierteitettyjen tai pulttireikien asennuksen, s\u00e4ilytt\u00e4\u00e4 mittapysyvyyden ja sit\u00e4 voidaan tarvittaessa oikaista.<\/li>\n<\/ol>\n<table border=\"1\" cellspacing=\"0\" cellpadding=\"0\">\n<tbody>\n<tr>\n<td><b>Alumiini<\/b><\/td>\n<td>Alumiini on sinert\u00e4v\u00e4, hopeanvalkoinen, muovautuva, sitke\u00e4, kevyt, kolmiarvoinen metallinen alkuaine, jolla on hyv\u00e4 s\u00e4hk\u00f6n- ja l\u00e4mm\u00f6njohtavuus, korkea heijastavuus ja hapettumisenkest\u00e4vyys. Se on kevyemp\u00e4\u00e4 kuin ter\u00e4s, mutta ei yht\u00e4 vahvaa.<\/td>\n<\/tr>\n<tr>\n<td><b>Messinki<\/b><\/td>\n<td class=\"LtGrey\" valign=\"top\">Messingill\u00e4 on hyv\u00e4 lujuus, korkean l\u00e4mp\u00f6tilan sitkeys ja kylm\u00e4joustavuus, s\u00e4hk\u00f6njohtavuus, korroosionkest\u00e4vyys, laakeriominaisuudet ja alhainen magneettinen permeabiliteetti.<\/td>\n<\/tr>\n<tr>\n<td><b>Pronssi\u00a0<\/b><\/td>\n<td class=\"LtGrey\" valign=\"top\">Pronssi on kuparipohjainen seos, joka koostuu kuparista ensisijaisena seosmetallina ja yhdest\u00e4 tai useammasta muusta metallista, kuten tinasta, sinkist\u00e4 tai fosforista. Piipronssi on tyypillinen pronssiseos.<\/td>\n<\/tr>\n<tr>\n<td><b>Valurauta<\/b><\/td>\n<td class=\"LtGrey\" valign=\"top\">Valurauta on eritt\u00e4in kest\u00e4v\u00e4 rautaseos, jossa on paljon hiilt\u00e4. Tyyppeihin kuuluvat pallografiittivalurauta, harmaavalurauta ja valkoinen valurauta. Laatujen erot johtuvat koostumuksen ja k\u00e4sittelyn vaihteluista.<\/td>\n<\/tr>\n<tr>\n<td><b>Hiili- \/ seoster\u00e4s<\/b><\/td>\n<td class=\"LtGrey\" valign=\"top\">Ter\u00e4s on kaupallinen rauta, joka sis\u00e4lt\u00e4\u00e4 hiilt\u00e4 jopa noin 1,7 prosenttia olennaisena seosaineena. Saatavilla on monia hiili- ja seoster\u00e4slaatuja. Ne saattavat kuitenkin vaatia pinnoitteen korroosion est\u00e4miseksi.<\/td>\n<\/tr>\n<tr>\n<td><b>Karkaistu ter\u00e4s<\/b><\/td>\n<td class=\"LtGrey\" valign=\"top\">Ter\u00e4st\u00e4 voidaan karkaista useilla tavoilla. N\u00e4it\u00e4 ovat erilaiset sammutustekniikat \u00f6ljyss\u00e4 ja vedess\u00e4, ter\u00e4ksen johtaminen induktiokammioiden l\u00e4pi jne. Ter\u00e4ksen nopea j\u00e4\u00e4hdytys prosessoinnin aikana j\u00e4\u00e4dytt\u00e4\u00e4, vangitsee ja pakkautuu hiiliatomit kutistuneiden rautakiteiden sis\u00e4\u00e4n, jolloin syntyy j\u00e4ykk\u00e4 ja hauras metalli. Vaikka se on haastavaa, se ei kest\u00e4 juurikaan iskuja tai iskuja rikkoutumatta.<\/td>\n<\/tr>\n<tr>\n<td><b>Ruostumaton ter\u00e4s<\/b><\/td>\n<td class=\"LtGrey\" valign=\"top\">Ruostumaton ter\u00e4s on kemikaali- ja korroosionkest\u00e4v\u00e4\u00e4 ja sill\u00e4 voi olla suhteellisen korkea rasituslujuus. Useimpia ruostumattomia ter\u00e4ksi\u00e4 ei voida karkaista samaan asteeseen kuin hiiliter\u00e4ksi\u00e4.<\/td>\n<\/tr>\n<tr>\n<td><b>Asetaali<\/b><\/td>\n<td>Asetaali on stabiili muovimateriaali, jolla on luonnostaan \u200b\u200bitsevoitelevia ominaisuuksia, joita voidaan parantaa voitelevilla t\u00e4yteaineilla.<\/td>\n<\/tr>\n<tr>\n<td><b>Delrin<\/b><\/td>\n<td class=\"LtGrey\" valign=\"top\">Delrin on erikoismuovia, jolla on sitkeytt\u00e4, j\u00e4ykkyytt\u00e4, kulutusta ja hankausta kest\u00e4v\u00e4\u00e4 sek\u00e4 alhaisen kitkan ominaisuuksia.<\/td>\n<\/tr>\n<tr>\n<td><b>Nylon<\/b><\/td>\n<td class=\"LtGrey\" valign=\"top\">Nailon, joka koostuu useista polyamidilaaduista, on yleisk\u00e4ytt\u00f6inen ja laajalti k\u00e4ytetty materiaali. Se on haastava ja kest\u00e4v\u00e4, ja sill\u00e4 on hyv\u00e4t paineenkesto-ominaisuudet.<\/td>\n<\/tr>\n<tr>\n<td><b>Polykarbonaatti<\/b><\/td>\n<td class=\"LtGrey\" valign=\"top\">Polykarbonaatti on eritt\u00e4in kest\u00e4v\u00e4 polymeeri, jota voidaan ty\u00f6st\u00e4\u00e4 tarkasti toleranssien mukaisesti. Voitelua tarvitaan joskus, koska polykarbonaatin kulutusominaisuudet eiv\u00e4t ole yht\u00e4 hyv\u00e4t kuin joidenkin muiden polymeerien.<\/td>\n<\/tr>\n<\/tbody>\n<\/table>\n<h3>Vaihdelaatikon sovellus<\/h3>\n<p>K\u00e4ytet\u00e4\u00e4n p\u00e4\u00e4asiassa erilaisissa mekaanisissa voimansiirtoj\u00e4rjestelmiss\u00e4, kuten automatisoiduissa koneissa, CNC-ty\u00f6st\u00f6koneissa, rakennusmateriaalien ty\u00f6pajoissa, tuotantolaitoksissa, konekorjaamoissa, rakennusprojekteissa jne.<\/p>\n<p><img loading=\"lazy\" decoding=\"async\" class=\"alignnone size-full wp-image-4767\" src=\"https:\/\/fmp-components.com\/wp-content\/uploads\/2025\/01\/gear-rack-11.webp\" alt=\"vaihdelaatikko\" width=\"1200\" height=\"209\" title=\"\" srcset=\"https:\/\/fmp-components.com\/wp-content\/uploads\/2025\/01\/gear-rack-11.webp 1200w, https:\/\/fmp-components.com\/wp-content\/uploads\/2025\/01\/gear-rack-11-980x171.webp 980w, https:\/\/fmp-components.com\/wp-content\/uploads\/2025\/01\/gear-rack-11-480x84.webp 480w\" sizes=\"(min-width: 0px) and (max-width: 480px) 480px, (min-width: 481px) and (max-width: 980px) 980px, (min-width: 981px) 1200px, 100vw\" \/><\/p>","protected":false},"excerpt":{"rendered":"<p>Rack and Pinion Gear Material As for the materials of racks and pinions, strength, abrasion resistance, and absorbency are considered. Carbon steel is the most common material used to make racks and pinion steel. This material is excellent for most settings and usage scenarios. The relative strength of the rack tooth combined with the pinion [&hellip;]<\/p>","protected":false},"featured_media":4764,"comment_status":"open","ping_status":"closed","template":"","meta":{"_et_pb_use_builder":"","_et_pb_old_content":"","_et_gb_content_width":""},"product_brand":[],"product_cat":[91],"product_tag":[],"class_list":{"0":"post-4763","1":"product","2":"type-product","3":"status-publish","4":"has-post-thumbnail","6":"product_cat-gear-racks","8":"first","9":"instock","10":"shipping-taxable","11":"product-type-simple"},"_links":{"self":[{"href":"https:\/\/fmp-components.com\/fi\/wp-json\/wp\/v2\/product\/4763","targetHints":{"allow":["GET"]}}],"collection":[{"href":"https:\/\/fmp-components.com\/fi\/wp-json\/wp\/v2\/product"}],"about":[{"href":"https:\/\/fmp-components.com\/fi\/wp-json\/wp\/v2\/types\/product"}],"replies":[{"embeddable":true,"href":"https:\/\/fmp-components.com\/fi\/wp-json\/wp\/v2\/comments?post=4763"}],"wp:featuredmedia":[{"embeddable":true,"href":"https:\/\/fmp-components.com\/fi\/wp-json\/wp\/v2\/media\/4764"}],"wp:attachment":[{"href":"https:\/\/fmp-components.com\/fi\/wp-json\/wp\/v2\/media?parent=4763"}],"wp:term":[{"taxonomy":"product_brand","embeddable":true,"href":"https:\/\/fmp-components.com\/fi\/wp-json\/wp\/v2\/product_brand?post=4763"},{"taxonomy":"product_cat","embeddable":true,"href":"https:\/\/fmp-components.com\/fi\/wp-json\/wp\/v2\/product_cat?post=4763"},{"taxonomy":"product_tag","embeddable":true,"href":"https:\/\/fmp-components.com\/fi\/wp-json\/wp\/v2\/product_tag?post=4763"}],"curies":[{"name":"wp","href":"https:\/\/api.w.org\/{rel}","templated":true}]}}