{"id":469,"date":"2024-12-10T08:34:34","date_gmt":"2024-12-10T08:34:34","guid":{"rendered":"https:\/\/fmp-components.com\/?page_id=8"},"modified":"2024-12-10T08:53:20","modified_gmt":"2024-12-10T08:53:20","slug":"small-excavator-cylinder","status":"publish","type":"product","link":"https:\/\/fmp-components.com\/fi\/product\/small-excavator-cylinder\/","title":{"rendered":"Pieni kaivinkoneen sylinteri"},"content":{"rendered":"<p style=\"text-align: center;\"><span style=\"font-size: 18pt;\">Pieni kaivinkoneen sylinteri<\/span><\/p>\n<p>Pienen kaivinkoneen sylinteri on kriittinen hydraulinen komponentti, joka on suunniteltu optimoimaan pienten kaivinkoneiden suorituskyky\u00e4 erilaisissa rakennus- ja kaivuuteht\u00e4viss\u00e4. Kest\u00e4v\u00e4ksi ja tehokkaaksi suunniteltu sylinteri helpottaa t\u00e4rkeit\u00e4 liikkeit\u00e4, kuten nostamista, kaivamista ja ohjaamista, varmistaen tarkan toiminnan.<\/p>\n<p><img loading=\"lazy\" decoding=\"async\" class=\"size-full wp-image-483 aligncenter\" src=\"https:\/\/fmp-components.com\/wp-content\/uploads\/2024\/12\/Small-Excavator-Cylinder.webp\" alt=\"Pieni kaivinkoneen sylinteri\" width=\"760\" height=\"533\" title=\"\" srcset=\"https:\/\/fmp-components.com\/wp-content\/uploads\/2024\/12\/Small-Excavator-Cylinder.webp 760w, https:\/\/fmp-components.com\/wp-content\/uploads\/2024\/12\/Small-Excavator-Cylinder-480x337.webp 480w\" sizes=\"(min-width: 0px) and (max-width: 480px) 480px, (min-width: 481px) 760px, 100vw\" \/><\/p>\n<h4>T\u00e4rkeimm\u00e4t ominaisuudet:<\/h4>\n<ul>\n<li>Kest\u00e4v\u00e4 rakenne: Eritt\u00e4in lujista materiaaleista valmistettu pieni kaivinkoneen sylinteri on rakennettu kest\u00e4m\u00e4\u00e4n rakennusty\u00f6maiden vaativat olosuhteet ja tarjoamaan pitk\u00e4aikaista luotettavuutta ja suorituskyky\u00e4.<\/li>\n<li>Monipuolinen toiminnallisuus: T\u00e4m\u00e4 sylinteri tukee useita toimintoja, kuten puomin, kaivuvarren, kauhan ja lis\u00e4laitteiden k\u00e4ytt\u00f6\u00e4, mik\u00e4 tekee siit\u00e4 olennaisen osan kaivinkoneen kokonaistoimintaa.<\/li>\n<li>Tehokas hydraulinen suorituskyky: Sujuvaan ja reagoivaan toimintaan suunniteltu hydrauliikkaj\u00e4rjestelm\u00e4 mahdollistaa k\u00e4ytt\u00e4jien suorittaa teht\u00e4vi\u00e4 tarkasti, mik\u00e4 parantaa tuottavuutta kaivamisessa, tasoituksessa ja materiaalink\u00e4sittelyss\u00e4.<\/li>\n<li>Kompakti muotoilu: Sylinterin kompakti muotoilu mahdollistaa helpon integroinnin pieniin kaivinkoneisiin, mik\u00e4 parantaa niiden ohjattavuutta ahtaissa tiloissa ja s\u00e4ilytt\u00e4\u00e4 samalla vankan suorituskyvyn.<\/li>\n<li>V\u00e4h\u00e4inen huoltotarve: Kest\u00e4v\u00e4ksi rakennettu pieni kaivinkoneen sylinteri vaatii vain v\u00e4h\u00e4n huoltoa, mik\u00e4 v\u00e4hent\u00e4\u00e4 seisokkiaikoja ja parantaa toiminnan kokonaistehokkuutta.<\/li>\n<\/ul>\n<p>Pienen kaivinkoneen sylinteri on olennainen osa, joka parantaa pienten kaivinkoneiden toimivuutta ja monipuolisuutta tehden niist\u00e4 tehokkaita ty\u00f6kaluja monenlaisiin k\u00e4ytt\u00f6tarkoituksiin rakentamisessa, maisemoinnissa ja kaivamisessa.<\/p>\n<h2>Pienen kaivinkoneen kaivinkoneen kaivinkoneen sylinterin (varren sylinterin) tekniset tiedot:<\/h2>\n<p>Kaivinkoneen varren sylinteri, joka tunnetaan my\u00f6s varren sylinterin\u00e4, vastaa kaivinkoneen varren ojentamisesta ja sis\u00e4\u00e4nvet\u00e4misest\u00e4. T\u00e4m\u00e4 sylinteri tarjoaa tarvittavan voiman kaivinkoneen nostamiseen ja laskemiseen, mik\u00e4 mahdollistaa tarkan liikkeen kaivu- ja materiaalink\u00e4sittelyteht\u00e4viss\u00e4.<\/p>\n<h2><img loading=\"lazy\" decoding=\"async\" class=\"size-full wp-image-471 aligncenter\" src=\"https:\/\/fmp-components.com\/wp-content\/uploads\/2024\/12\/Small-Excavator-Cylinder1.webp\" alt=\"Pieni kaivinkoneen sylinteri\" width=\"500\" height=\"200\" title=\"\" srcset=\"https:\/\/fmp-components.com\/wp-content\/uploads\/2024\/12\/Small-Excavator-Cylinder1.webp 500w, https:\/\/fmp-components.com\/wp-content\/uploads\/2024\/12\/Small-Excavator-Cylinder1-480x192.webp 480w\" sizes=\"(min-width: 0px) and (max-width: 480px) 480px, (min-width: 481px) 500px, 100vw\" \/><\/h2>\n<table style=\"width: 100%;\" border=\"1\" width=\"100%\" cellspacing=\"0\" cellpadding=\"0\">\n<tbody>\n<tr>\n<td>Tuotteen nimi<\/td>\n<td>Pieni kaivinkoneen sauvasylinteri<\/td>\n<\/tr>\n<tr>\n<td>Ominaisuudet:<\/td>\n<td>Hallitse kyyn\u00e4rvarren liikett\u00e4<\/td>\n<\/tr>\n<tr>\n<td>Rei\u00e4n halkaisija:<\/td>\n<td>50 mm\uff5e115 mm<\/td>\n<\/tr>\n<tr>\n<td>Tangon halkaisija:<\/td>\n<td>25 mm\uff5e70 mm<br \/>\nIsku \u22641000 mm<\/td>\n<\/tr>\n<tr>\n<td>Ty\u00f6nt\u00f6voima:<\/td>\n<td>Enimm\u00e4isteho 305 kN<\/td>\n<\/tr>\n<tr>\n<td>Rei\u00e4n halkaisija:<\/td>\n<td>115 mm \/ paine 29,4 MPa)<\/td>\n<\/tr>\n<\/tbody>\n<\/table>\n<h2><\/h2>\n<h2><img loading=\"lazy\" decoding=\"async\" class=\"alignnone size-full wp-image-472\" src=\"https:\/\/fmp-components.com\/wp-content\/uploads\/2024\/12\/Small-Excavator-Cylinder1-1.webp\" alt=\"Pieni kaivinkoneen sylinteri\" width=\"828\" height=\"416\" title=\"\" srcset=\"https:\/\/fmp-components.com\/wp-content\/uploads\/2024\/12\/Small-Excavator-Cylinder1-1.webp 828w, https:\/\/fmp-components.com\/wp-content\/uploads\/2024\/12\/Small-Excavator-Cylinder1-1-480x241.webp 480w\" sizes=\"(min-width: 0px) and (max-width: 480px) 480px, (min-width: 481px) 828px, 100vw\" \/><\/h2>\n<h2>Pienen kaivinkoneen kauhan sylinterin tekniset tiedot:<\/h2>\n<p>Kauhasylinteri k\u00e4ytt\u00e4\u00e4 kaivinkoneen kauhaa, jolloin se voi kallistaa ja tyhjent\u00e4\u00e4 materiaaleja. T\u00e4m\u00e4 sylinteri on ratkaisevan t\u00e4rke\u00e4 kaivamisessa, kaivamisessa ja lastaamisessa, ja se tarjoaa tarvittavan voiman kauhan tehokkaaseen k\u00e4sittelyyn.<\/p>\n<h2><img loading=\"lazy\" decoding=\"async\" class=\"size-full wp-image-473 aligncenter\" src=\"https:\/\/fmp-components.com\/wp-content\/uploads\/2024\/12\/Small-Excavator-Cylinder2.webp\" alt=\"Pieni kaivinkoneen sylinteri\" width=\"500\" height=\"200\" title=\"\" srcset=\"https:\/\/fmp-components.com\/wp-content\/uploads\/2024\/12\/Small-Excavator-Cylinder2.webp 500w, https:\/\/fmp-components.com\/wp-content\/uploads\/2024\/12\/Small-Excavator-Cylinder2-480x192.webp 480w\" sizes=\"(min-width: 0px) and (max-width: 480px) 480px, (min-width: 481px) 500px, 100vw\" \/><\/h2>\n<table style=\"width: 100%;\" border=\"1\" width=\"100%\" cellspacing=\"0\" cellpadding=\"0\">\n<tbody>\n<tr>\n<td>Tuotteen nimi<\/td>\n<td>Pieni kaivinkoneen kauhan sylinteri<\/td>\n<\/tr>\n<tr>\n<td>Ominaisuudet:<\/td>\n<td>Hallitse kauhan toimintaa<\/td>\n<\/tr>\n<tr>\n<td>Rei\u00e4n halkaisija:<\/td>\n<td>50 mm\uff5e105 mm<\/td>\n<\/tr>\n<tr>\n<td>Tangon halkaisija:<\/td>\n<td>25 mm\uff5e70 mm<br \/>\nIsku \u22641000 mm<\/td>\n<\/tr>\n<tr>\n<td>Ty\u00f6nt\u00f6voima:<\/td>\n<td>Enimm\u00e4isteho 255 kN<\/td>\n<\/tr>\n<tr>\n<td>Rei\u00e4n halkaisija:<\/td>\n<td>105 mm \/ paine 29,4 MPa<\/td>\n<\/tr>\n<\/tbody>\n<\/table>\n<h2><\/h2>\n<h2><img loading=\"lazy\" decoding=\"async\" class=\"alignnone size-full wp-image-474\" src=\"https:\/\/fmp-components.com\/wp-content\/uploads\/2024\/12\/Small-Excavator-Cylinder2-1.webp\" alt=\"Pieni kaivinkoneen sylinteri\" width=\"847\" height=\"410\" title=\"\" srcset=\"https:\/\/fmp-components.com\/wp-content\/uploads\/2024\/12\/Small-Excavator-Cylinder2-1.webp 847w, https:\/\/fmp-components.com\/wp-content\/uploads\/2024\/12\/Small-Excavator-Cylinder2-1-480x232.webp 480w\" sizes=\"(min-width: 0px) and (max-width: 480px) 480px, (min-width: 481px) 847px, 100vw\" \/><\/h2>\n<h2>Pienen kaivinkoneen puomin sylinterin tekniset tiedot:<\/h2>\n<p>Puomin sylinteri ohjaa kaivinkoneen puomin liikett\u00e4, jolloin se voi nousta ja laskea. T\u00e4m\u00e4 sylinteri on v\u00e4ltt\u00e4m\u00e4t\u00f6n eri korkeuksien ja syvyyksien saavuttamiseksi, mink\u00e4 ansiosta kaivinkone voi suorittaa erilaisia \u200b\u200bteht\u00e4vi\u00e4 tarkasti.<\/p>\n<h2><img loading=\"lazy\" decoding=\"async\" class=\"size-full wp-image-475 aligncenter\" src=\"https:\/\/fmp-components.com\/wp-content\/uploads\/2024\/12\/Small-Excavator-Cylinder3.webp\" alt=\"Pieni kaivinkoneen sylinteri\" width=\"500\" height=\"200\" title=\"\" srcset=\"https:\/\/fmp-components.com\/wp-content\/uploads\/2024\/12\/Small-Excavator-Cylinder3.webp 500w, https:\/\/fmp-components.com\/wp-content\/uploads\/2024\/12\/Small-Excavator-Cylinder3-480x192.webp 480w\" sizes=\"(min-width: 0px) and (max-width: 480px) 480px, (min-width: 481px) 500px, 100vw\" \/><\/h2>\n<table style=\"width: 100%;\" border=\"1\" width=\"100%\" cellspacing=\"0\" cellpadding=\"0\">\n<tbody>\n<tr>\n<td>Tuotteen nimi<\/td>\n<td>Pieni kaivinkoneen puomin sylinteri<\/td>\n<\/tr>\n<tr>\n<td>Ominaisuudet:<\/td>\n<td>Hallitse ison k\u00e4sivarren nostoliikett\u00e4<\/td>\n<\/tr>\n<tr>\n<td>Rei\u00e4n halkaisija:<\/td>\n<td>50 mm\uff5e125 mm<\/td>\n<\/tr>\n<tr>\n<td>Tangon halkaisija:<\/td>\n<td>25 mm\uff5e75 mm<br \/>\nIsku \u22641000 mm<\/td>\n<\/tr>\n<tr>\n<td>Ty\u00f6nt\u00f6voima:<\/td>\n<td>Enimm\u00e4isteho 361 kN<\/td>\n<\/tr>\n<tr>\n<td>Rei\u00e4n halkaisija:<\/td>\n<td>125 mm \/ paine 29,4 MPa<\/td>\n<\/tr>\n<\/tbody>\n<\/table>\n<h2><\/h2>\n<h2><img loading=\"lazy\" decoding=\"async\" class=\"alignnone size-full wp-image-476\" src=\"https:\/\/fmp-components.com\/wp-content\/uploads\/2024\/12\/Small-Excavator-Cylinder3-1.webp\" alt=\"Pieni kaivinkoneen sylinteri\" width=\"874\" height=\"394\" title=\"\" srcset=\"https:\/\/fmp-components.com\/wp-content\/uploads\/2024\/12\/Small-Excavator-Cylinder3-1.webp 874w, https:\/\/fmp-components.com\/wp-content\/uploads\/2024\/12\/Small-Excavator-Cylinder3-1-480x216.webp 480w\" sizes=\"(min-width: 0px) and (max-width: 480px) 480px, (min-width: 481px) 874px, 100vw\" \/><\/h2>\n<h2>Pienen kaivinkoneen puskutraktorin tekniset tiedot:<\/h2>\n<p>Puskutraktoria k\u00e4ytet\u00e4\u00e4n kaivinkoneen ter\u00e4n ohjaamiseen, mik\u00e4 mahdollistaa maan tarkan tasaamisen ja luokittelun. T\u00e4m\u00e4 sylinteri parantaa kaivinkoneen monipuolisuutta ja sopii esimerkiksi ty\u00f6maan valmisteluun ja maansiirtoon.<\/p>\n<h2><img loading=\"lazy\" decoding=\"async\" class=\"size-full wp-image-477 aligncenter\" src=\"https:\/\/fmp-components.com\/wp-content\/uploads\/2024\/12\/Small-Excavator-Cylinder4.webp\" alt=\"Pieni kaivinkoneen sylinteri\" width=\"500\" height=\"200\" title=\"\" srcset=\"https:\/\/fmp-components.com\/wp-content\/uploads\/2024\/12\/Small-Excavator-Cylinder4.webp 500w, https:\/\/fmp-components.com\/wp-content\/uploads\/2024\/12\/Small-Excavator-Cylinder4-480x192.webp 480w\" sizes=\"(min-width: 0px) and (max-width: 480px) 480px, (min-width: 481px) 500px, 100vw\" \/><\/h2>\n<table style=\"width: 100%;\" border=\"1\" width=\"100%\" cellspacing=\"0\" cellpadding=\"0\">\n<tbody>\n<tr>\n<td>Tuotteen nimi<\/td>\n<td>Pieni kaivinkoneen puskutraktori<\/td>\n<\/tr>\n<tr>\n<td>Ominaisuudet:<\/td>\n<td>Ohjaa puskutraktorin toimintaa<\/td>\n<\/tr>\n<tr>\n<td>Rei\u00e4n halkaisija:<\/td>\n<td>50 mm\uff5e140 mm<\/td>\n<\/tr>\n<tr>\n<td>Tangon halkaisija:<\/td>\n<td>25 mm\uff5e80 mm<br \/>\nIsku \u2264250 mm<\/td>\n<\/tr>\n<tr>\n<td>Ty\u00f6nt\u00f6voima:<\/td>\n<td>Enimm\u00e4isteho 453 kN<\/td>\n<\/tr>\n<tr>\n<td>Rei\u00e4n halkaisija:<\/td>\n<td>140 mm \/ paine 29,4 MPa<\/td>\n<\/tr>\n<\/tbody>\n<\/table>\n<h2><\/h2>\n<h2><img loading=\"lazy\" decoding=\"async\" class=\"alignnone size-full wp-image-478\" src=\"https:\/\/fmp-components.com\/wp-content\/uploads\/2024\/12\/Small-Excavator-Cylinder4-1.webp\" alt=\"Pieni kaivinkoneen sylinteri\" width=\"847\" height=\"401\" title=\"\" srcset=\"https:\/\/fmp-components.com\/wp-content\/uploads\/2024\/12\/Small-Excavator-Cylinder4-1.webp 847w, https:\/\/fmp-components.com\/wp-content\/uploads\/2024\/12\/Small-Excavator-Cylinder4-1-480x227.webp 480w\" sizes=\"(min-width: 0px) and (max-width: 480px) 480px, (min-width: 481px) 847px, 100vw\" \/><\/h2>\n<h2>Pienen kaivinkoneen py\u00f6riv\u00e4n toimilaitteen tekniset tiedot:<\/h2>\n<p>Py\u00f6riv\u00e4 toimilaite mahdollistaa ty\u00f6laitteiden, kuten kairojen tai kourien, py\u00f6rimisliikkeen. T\u00e4m\u00e4 komponentti mahdollistaa kaivinkoneen suorittamisen teht\u00e4viss\u00e4, jotka vaativat k\u00e4\u00e4nt\u00f6- tai k\u00e4\u00e4nn\u00f6sliikkeit\u00e4, mik\u00e4 lis\u00e4\u00e4 sen toiminnan joustavuutta.<\/p>\n<h2><img loading=\"lazy\" decoding=\"async\" class=\"size-full wp-image-479 aligncenter\" src=\"https:\/\/fmp-components.com\/wp-content\/uploads\/2024\/12\/Small-Excavator-Cylinder5.webp\" alt=\"Pieni kaivinkoneen sylinteri\" width=\"500\" height=\"200\" title=\"\" srcset=\"https:\/\/fmp-components.com\/wp-content\/uploads\/2024\/12\/Small-Excavator-Cylinder5.webp 500w, https:\/\/fmp-components.com\/wp-content\/uploads\/2024\/12\/Small-Excavator-Cylinder5-480x192.webp 480w\" sizes=\"(min-width: 0px) and (max-width: 480px) 480px, (min-width: 481px) 500px, 100vw\" \/><\/h2>\n<table style=\"width: 100%;\" border=\"1\" width=\"100%\" cellspacing=\"0\" cellpadding=\"0\">\n<tbody>\n<tr style=\"height: 23px;\">\n<td style=\"height: 23px;\">Tuotteen nimi<\/td>\n<td style=\"height: 23px;\">Pieni kaivinkoneen py\u00f6riv\u00e4 toimilaite<\/td>\n<\/tr>\n<tr style=\"height: 23px;\">\n<td style=\"height: 23px;\">Ominaisuudet:<\/td>\n<td style=\"height: 23px;\">Ison k\u00e4sivarren taipuma<\/td>\n<\/tr>\n<tr style=\"height: 23px;\">\n<td style=\"height: 23px;\">Rei\u00e4n halkaisija:<\/td>\n<td style=\"height: 23px;\">50 mm\uff5e120 mm<\/td>\n<\/tr>\n<tr style=\"height: 47px;\">\n<td style=\"height: 47px;\">Tangon halkaisija:<\/td>\n<td style=\"height: 47px;\">25 mm\uff5e75 mm<br \/>\nIsku \u22641000 mm<\/td>\n<\/tr>\n<tr style=\"height: 23px;\">\n<td style=\"height: 23px;\">Ty\u00f6nt\u00f6voima:<\/td>\n<td style=\"height: 23px;\">Enimm\u00e4isteho 333 kN<\/td>\n<\/tr>\n<tr style=\"height: 23px;\">\n<td style=\"height: 23px;\">Rei\u00e4n halkaisija:<\/td>\n<td style=\"height: 23px;\">120 mm \/ paine 29,4 MPa<\/td>\n<\/tr>\n<\/tbody>\n<\/table>\n<h2><\/h2>\n<h2><img loading=\"lazy\" decoding=\"async\" class=\"alignnone size-full wp-image-480\" src=\"https:\/\/fmp-components.com\/wp-content\/uploads\/2024\/12\/Small-Excavator-Cylinder5-1.webp\" alt=\"Pieni kaivinkoneen sylinteri\" width=\"849\" height=\"392\" title=\"\" srcset=\"https:\/\/fmp-components.com\/wp-content\/uploads\/2024\/12\/Small-Excavator-Cylinder5-1.webp 849w, https:\/\/fmp-components.com\/wp-content\/uploads\/2024\/12\/Small-Excavator-Cylinder5-1-480x222.webp 480w\" sizes=\"(min-width: 0px) and (max-width: 480px) 480px, (min-width: 481px) 849px, 100vw\" \/><\/h2>\n<h2>Tietoja FMP:st\u00e4<\/h2>\n<p>FMP on hydraulisten sylinterien tuotantoon erikoistunut konepajayritys. Perustamisestaan \u200b\u200bl\u00e4htien yritys on keskittynyt hydraulisen teknologian tutkimukseen ja valmistukseen ja siirtynyt menestyksekk\u00e4\u00e4sti monipuolisesta tuotevalikoimasta, joka sis\u00e4lsi sadonkorjuu- ja rakennuskoneita, maataloustraktorien osiin erikoistumiseen. Yli kymmenen vuoden kokemuksella valmistuksesta ja johtamisesta FMP varmistaa korkealaatuiset tuotteet edistyneiden tuotantotekniikoiden avulla.<\/p>\n<p>Yrityksen kehittyess\u00e4 se on kehitt\u00e4nyt kattavan koneistuslinjan, kokoonpanolinjan ja pinnoituslinjan. Tiimimme koostuu ammattitaitoisesta johtohenkil\u00f6st\u00f6st\u00e4, kokeneista mekaanisista suunnittelijoista ja korkeasti koulutetuista teknikoista, jotka ty\u00f6skentelev\u00e4t yhdess\u00e4 yll\u00e4pit\u00e4\u00e4kseen vakaata tuotannon laatua ja samalla tehokkaasti hallitakseen prosessin jatkuvuutta ja tehokkuutta.<\/p>\n<p>FMP noudattaa filosofiaa, jonka mukaan \u201dteknologinen innovaatio edist\u00e4\u00e4 kehityst\u00e4, laatu luo br\u00e4ndej\u00e4, k\u00e4sity\u00f6taito varmistaa laadun ja rakentaa pitk\u00e4aikaisia, kaikkia hy\u00f6dytt\u00e4vi\u00e4 suhteita\u201d. Sitoutumisemme korkealaatuisten tuotteiden ja erinomaisen asiakaspalvelun tarjoamiseen on edelleen keskeinen tavoitteemme, kun jatkamme markkinoiden kehittyvien tarpeiden t\u00e4ytt\u00e4mist\u00e4.<\/p>\n<p><img loading=\"lazy\" decoding=\"async\" class=\"alignnone size-full wp-image-426\" src=\"https:\/\/fmp-components.com\/wp-content\/uploads\/2024\/12\/Sanitation-Machinery-Locking-Hydraulic-Cylinder-factory.webp\" sizes=\"(min-width: 0px) and (max-width: 480px) 480px, (min-width: 481px) and (max-width: 980px) 980px, (min-width: 981px) and (max-width: 1280px) 1280px, (min-width: 1281px) 1414px, 100vw\" srcset=\"https:\/\/fmp-components.com\/wp-content\/uploads\/2024\/12\/Sanitation-Machinery-Locking-Hydraulic-Cylinder-factory.webp 1414w, https:\/\/fmp-components.com\/wp-content\/uploads\/2024\/12\/Sanitation-Machinery-Locking-Hydraulic-Cylinder-factory-1280x529.webp 1280w, https:\/\/fmp-components.com\/wp-content\/uploads\/2024\/12\/Sanitation-Machinery-Locking-Hydraulic-Cylinder-factory-980x405.webp 980w, https:\/\/fmp-components.com\/wp-content\/uploads\/2024\/12\/Sanitation-Machinery-Locking-Hydraulic-Cylinder-factory-480x198.webp 480w\" alt=\"Sanitaatio-Koneet-Lukitus-Hydraulinen-Sylinteri-tehdas\" width=\"1414\" height=\"584\" title=\"\"><\/p>\n<p>Tekij\u00e4: CX<\/p>","protected":false},"excerpt":{"rendered":"<p>Pienen kaivinkoneen sylinteri on t\u00e4rke\u00e4 hydraulinen komponentti, joka on suunniteltu tarjoamaan tehokasta ja tarkkaa liikett\u00e4 pienille kaivinkoneille. T\u00e4m\u00e4 sylinteri on suunniteltu helpottamaan erilaisia \u200b\u200btoimintoja, kuten nostamista, kaivamista ja kallistusta, varmistaen koneen tehokkaan toiminnan. Se on valmistettu eritt\u00e4in lujista materiaaleista ja kest\u00e4\u00e4 rakennus- ja kaivuty\u00f6maiden vaativia olosuhteita, tarjoten kest\u00e4vyytt\u00e4 ja luotettavuutta. Kompakti rakenne mahdollistaa helpon integroinnin pieniin kaivinkoneisiin, mik\u00e4 parantaa ohjattavuutta ahtaissa tiloissa. Tehokkaan hydraulisen suorituskykyns\u00e4 ansiosta pienen kaivinkoneen sylinterill\u00e4 on t\u00e4rke\u00e4 rooli koneen ominaisuuksien optimoinnissa monenlaisissa sovelluksissa.<\/p>","protected":false},"featured_media":470,"comment_status":"open","ping_status":"closed","template":"","meta":{"_et_pb_use_builder":"","_et_pb_old_content":"","_et_gb_content_width":""},"product_brand":[],"product_cat":[25],"product_tag":[],"class_list":{"0":"post-469","1":"product","2":"type-product","3":"status-publish","4":"has-post-thumbnail","6":"product_cat-mobile-machinery-hydraulic-cylinder","8":"first","9":"instock","10":"shipping-taxable","11":"product-type-simple"},"_links":{"self":[{"href":"https:\/\/fmp-components.com\/fi\/wp-json\/wp\/v2\/product\/469","targetHints":{"allow":["GET"]}}],"collection":[{"href":"https:\/\/fmp-components.com\/fi\/wp-json\/wp\/v2\/product"}],"about":[{"href":"https:\/\/fmp-components.com\/fi\/wp-json\/wp\/v2\/types\/product"}],"replies":[{"embeddable":true,"href":"https:\/\/fmp-components.com\/fi\/wp-json\/wp\/v2\/comments?post=469"}],"wp:featuredmedia":[{"embeddable":true,"href":"https:\/\/fmp-components.com\/fi\/wp-json\/wp\/v2\/media\/470"}],"wp:attachment":[{"href":"https:\/\/fmp-components.com\/fi\/wp-json\/wp\/v2\/media?parent=469"}],"wp:term":[{"taxonomy":"product_brand","embeddable":true,"href":"https:\/\/fmp-components.com\/fi\/wp-json\/wp\/v2\/product_brand?post=469"},{"taxonomy":"product_cat","embeddable":true,"href":"https:\/\/fmp-components.com\/fi\/wp-json\/wp\/v2\/product_cat?post=469"},{"taxonomy":"product_tag","embeddable":true,"href":"https:\/\/fmp-components.com\/fi\/wp-json\/wp\/v2\/product_tag?post=469"}],"curies":[{"name":"wp","href":"https:\/\/api.w.org\/{rel}","templated":true}]}}