{"id":444,"date":"2024-12-10T06:46:45","date_gmt":"2024-12-10T06:46:45","guid":{"rendered":"https:\/\/fmp-components.com\/?page_id=8"},"modified":"2024-12-10T07:23:36","modified_gmt":"2024-12-10T07:23:36","slug":"crane-counterweight-hydraulic-cylinder","status":"publish","type":"product","link":"https:\/\/fmp-components.com\/fi\/product\/crane-counterweight-hydraulic-cylinder\/","title":{"rendered":"Nosturin vastapainon hydraulisylinteri"},"content":{"rendered":"<p style=\"text-align: center;\"><span style=\"font-size: 18pt;\">Nosturin vastapainon hydraulisylinteri<\/span><\/p>\n<p>Nosturin vastapainon hydraulisylinteri on olennainen osa, joka on suunniteltu tarjoamaan nostureille tarkka vastapainotus nostotoimintojen aikana. T\u00e4ll\u00e4 hydraulisylinterill\u00e4 on ratkaiseva rooli vastapainojen asennon s\u00e4\u00e4t\u00e4misess\u00e4, mik\u00e4 varmistaa optimaalisen vakauden ja turvallisuuden raskaita kuormia k\u00e4sitelt\u00e4ess\u00e4.<\/p>\n<h4>T\u00e4rkeimm\u00e4t ominaisuudet:<\/h4>\n<ul>\n<li>Kest\u00e4v\u00e4 rakenne: Eritt\u00e4in lujista materiaaleista valmistettu vastapainohydraulisylinteri on suunniteltu kest\u00e4m\u00e4\u00e4n vaativia rakennusolosuhteita ja raskaita nostoymp\u00e4rist\u00f6j\u00e4 varmistaen pitk\u00e4aikaisen kest\u00e4vyyden ja luotettavuuden.<\/li>\n<li>Sujuva hydraulinen toiminta: Edistyksellinen hydrauliikkaj\u00e4rjestelm\u00e4 mahdollistaa sujuvat ja hallitut liikkeet, mik\u00e4 mahdollistaa vastapainojen tarkan s\u00e4\u00e4d\u00f6n ja parantaa nosturin yleist\u00e4 suorituskyky\u00e4.<\/li>\n<li>Parannettu vakaus: Tarkan vastapainon ansiosta t\u00e4m\u00e4 hydraulisylinteri auttaa yll\u00e4pit\u00e4m\u00e4\u00e4n nosturin vakautta k\u00e4yt\u00f6n aikana, mik\u00e4 v\u00e4hent\u00e4\u00e4 kaatumis- tai onnettomuusriski\u00e4 raskaita kuormia nostettaessa.<\/li>\n<li>Monipuolinen k\u00e4ytt\u00f6: T\u00e4m\u00e4 hydraulisylinteri sopii useille erityyppisille nostureille, kuten ajoneuvonostureille ja torninostureille, ja se voidaan helposti integroida olemassa oleviin nosturij\u00e4rjestelmiin, mik\u00e4 tekee siit\u00e4 monipuolisen ratkaisun nostotoimintoihin.<\/li>\n<li>V\u00e4h\u00e4inen huoltotarve: Tehokkaaksi ja kest\u00e4v\u00e4ksi suunniteltu vastapainohydraulisylinteri vaatii vain v\u00e4h\u00e4n huoltoa, mik\u00e4 lyhent\u00e4\u00e4 seisokkiaikoja ja lis\u00e4\u00e4 tuottavuutta.<\/li>\n<\/ul>\n<p>Yhteenvetona voidaan todeta, ett\u00e4 nosturin vastapainon hydraulisylinteri on t\u00e4rke\u00e4 osa, joka parantaa nosturin toimivuutta ja turvallisuutta varmistaen tehokkaat nostotoiminnot samalla, kun se s\u00e4ilytt\u00e4\u00e4 vakauden ja hallinnan.<\/p>\n<h2>Nosturin vastapainon hydraulisylinterin mitat:<\/h2>\n<table style=\"width: 100%;\">\n<tbody>\n<tr>\n<td style=\"width: 46.1373%;\"><img loading=\"lazy\" decoding=\"async\" class=\"alignnone size-full wp-image-445\" src=\"https:\/\/fmp-components.com\/wp-content\/uploads\/2024\/12\/Crane-Counterweight-Hydraulic-Cylinder.webp\" alt=\"Nosturin vastapainon hydraulisylinteri\" width=\"500\" height=\"500\" title=\"\" srcset=\"https:\/\/fmp-components.com\/wp-content\/uploads\/2024\/12\/Crane-Counterweight-Hydraulic-Cylinder.webp 500w, https:\/\/fmp-components.com\/wp-content\/uploads\/2024\/12\/Crane-Counterweight-Hydraulic-Cylinder-480x480.webp 480w\" sizes=\"(min-width: 0px) and (max-width: 480px) 480px, (min-width: 481px) 500px, 100vw\" \/><\/td>\n<td style=\"width: 53.2189%;\"><img loading=\"lazy\" decoding=\"async\" class=\"alignnone size-full wp-image-446\" src=\"https:\/\/fmp-components.com\/wp-content\/uploads\/2024\/12\/YWMPMnZi-Crane-Counterweight-Hydraulic-Cylinder-Dimensions-2.webp\" alt=\"Nosturin vastapainon hydraulisylinteri\" width=\"1024\" height=\"698\" title=\"\" srcset=\"https:\/\/fmp-components.com\/wp-content\/uploads\/2024\/12\/YWMPMnZi-Crane-Counterweight-Hydraulic-Cylinder-Dimensions-2.webp 1024w, https:\/\/fmp-components.com\/wp-content\/uploads\/2024\/12\/YWMPMnZi-Crane-Counterweight-Hydraulic-Cylinder-Dimensions-2-980x668.webp 980w, https:\/\/fmp-components.com\/wp-content\/uploads\/2024\/12\/YWMPMnZi-Crane-Counterweight-Hydraulic-Cylinder-Dimensions-2-480x327.webp 480w\" sizes=\"(min-width: 0px) and (max-width: 480px) 480px, (min-width: 481px) and (max-width: 980px) 980px, (min-width: 981px) 1024px, 100vw\" \/><\/td>\n<\/tr>\n<\/tbody>\n<\/table>\n<table style=\"width: 100%; height: 134px;\" border=\"1\" cellspacing=\"0\" cellpadding=\"0\">\n<tbody>\n<tr style=\"height: 71px;\">\n<td style=\"height: 71px;\" width=\"246\">Sylinterin nimi<\/td>\n<td style=\"height: 71px;\" width=\"336\">Piirustusnumero<\/td>\n<td style=\"height: 71px;\" width=\"126\">Rei\u00e4n halkaisija (D)<\/td>\n<td style=\"height: 71px;\" width=\"123\">Tangon halkaisija (d)<\/td>\n<td style=\"height: 71px;\" width=\"114\">Isku (S)<\/td>\n<td style=\"height: 71px;\" width=\"170\">Asennuset\u00e4isyys (L)<\/td>\n<td style=\"height: 71px;\" width=\"172\">Ty\u00f6paine<\/td>\n<td style=\"height: 71px;\" width=\"366\">Liit\u00e4nn\u00e4n mitat (M)<\/td>\n<td style=\"height: 71px;\" width=\"96\">Paino<\/td>\n<\/tr>\n<tr style=\"height: 63px;\">\n<td class=\"et3\" style=\"height: 63px;\" width=\"246\" height=\"356\">Vastapainon hydraulisylinteri<\/td>\n<td class=\"et4\" style=\"height: 63px;\" width=\"336\">QAY220.12\/13A-00<\/td>\n<td class=\"et4\" style=\"height: 63px;\" width=\"126\">\u03a6200<\/td>\n<td class=\"et4\" style=\"height: 63px;\" width=\"123\">\u03a6100<\/td>\n<td class=\"et4\" style=\"height: 63px;\" width=\"114\">180<\/td>\n<td class=\"et4\" style=\"height: 63px;\" width=\"170\">530<\/td>\n<td class=\"et4\" style=\"height: 63px;\" width=\"172\">25 MPa; 40 MPa<\/td>\n<td class=\"et4\" style=\"height: 63px;\" width=\"366\">3-G1\/4; M20 * 1,5; 2-M14 * 1,5<\/td>\n<td class=\"et4\" style=\"height: 63px;\" width=\"96\">124 kg<\/td>\n<\/tr>\n<\/tbody>\n<\/table>\n<h2>Nosturin vastapainon hydraulisylinterin parametri:<\/h2>\n<table border=\"1\" width=\"100%\" cellspacing=\"0\" cellpadding=\"0\">\n<tbody>\n<tr>\n<td width=\"70\">Tuote<\/td>\n<td width=\"70\">Kuvaus<\/td>\n<\/tr>\n<tr>\n<td width=\"70\">Tuotteen nimi<\/td>\n<td width=\"70\">Mittatilausty\u00f6n\u00e4 valmistettu hydraulisylinteri<\/td>\n<\/tr>\n<tr>\n<td width=\"70\">Todistus:<\/td>\n<td width=\"70\">ISO9001, ISO4001, ISO 45003<\/td>\n<\/tr>\n<tr>\n<td width=\"70\">Tuotantokapasiteetti:<\/td>\n<td width=\"70\">1200 000 kpl vuodessa<\/td>\n<\/tr>\n<tr>\n<td width=\"70\">N\u00e4yteaika<\/td>\n<td width=\"70\">Todellisen tyypin perusteella<\/td>\n<\/tr>\n<tr>\n<td width=\"70\">Merkki<\/td>\n<td width=\"70\">FMP tai asiakkaan logo<\/td>\n<\/tr>\n<tr>\n<td width=\"70\">Palvelu<\/td>\n<td width=\"70\">OEM- ja ODM-valmistajat<\/td>\n<\/tr>\n<tr>\n<td width=\"70\">Tiivistemerkki<\/td>\n<td width=\"70\">Parker, NOK, BUSAK SHAMBAN<\/td>\n<\/tr>\n<tr>\n<td width=\"70\">Toimitusaika<\/td>\n<td width=\"70\">Tilausm\u00e4\u00e4r\u00e4n perusteella.<\/td>\n<\/tr>\n<tr>\n<td width=\"70\">Liiketoiminnan tyyppi<\/td>\n<td width=\"70\">Valmistaja ja viej\u00e4<\/td>\n<\/tr>\n<\/tbody>\n<\/table>\n<h2>Saatavilla olevat hydraulisylinterit Merkki ja mallit:<\/h2>\n<table border=\"1\" cellspacing=\"0\" cellpadding=\"0\">\n<tbody>\n<tr>\n<td><span data-spm-anchor-id=\"a2700.details.0.i43.45d84a73e99C9z\">KOMATSU (PC)<\/span><\/td>\n<td>PC30, PC40, PC50, PC56, PC60, PC78, PC100, PC110, PC120, PC130, PC160, PC200-3\/5\/6\/7\/8\/8MO, PC210, PC220-5\/6\/7\/8\/8MO, PC240, PC300\/350\/360-5\/6\/7\/8\/8MO, PC400\/450-5\/6\/7\/8\/8MO, PC800, PC850<\/td>\n<\/tr>\n<tr>\n<td>CATERPILLAR (E)<\/td>\n<td>E301.5, E302, E305.5, E306, E307V1\/V2\/B\/C\/D\/E\/F, E308B\/C, E120B, E312V1\/V2\/B\/C\/D, E313D2, E312D2, E315D<br \/>\nE200B,E320V1\/V2\/A\/B\/C\/D,E324D,E325C\/D,E329D,E330\/336C\/D,E345C,E349D,E365C,E374,E390<\/td>\n<\/tr>\n<tr>\n<td>KOBELCO (SK)<\/td>\n<td>SK60-3\/5\/8, SK75-8\/SR, SK100 ,SK120-3\/5, SK135-8\/SR, SK140-8, SK200-3\/5\/6\/6E, SK210-3\/5\/6\/6E,<br \/>\nSK230\/250-6E,SK250-8,SK260-8,SK350-8\/S8,SK460\/480-8<\/td>\n<\/tr>\n<tr>\n<td>HYUNDAI (R)<\/td>\n<td>R55-5\/7, R60-5\/7, R80, R110, R130, R200-5, R210-5, R215-5\/7, R220-5\/7\/9, R225-5\/7\/9, R250, R260, R265, R290, R305, R445, R485, R505<\/td>\n<\/tr>\n<tr>\n<td><span data-spm-anchor-id=\"a2700.details.0.i53.45d84a73e99C9z\">HITACHI (esim. ZX)<\/span><\/td>\n<td>EX60, EX100-1\/2\/3, EX120-1\/3\/5\/6, EX200-1\/3\/5, EX230-5, EX300-1, EX400<br \/>\nZAX60,ZAX70,ZA120-6,ZAX200\/210-1\/3\/5\/5K,ZAX240,ZAX250,ZAX260,ZAX330-3\/5\/6,ZAX450\/470,ZAX650\/670,ZAX850\/870<\/td>\n<\/tr>\n<tr>\n<td>\n<div class=\"magic-32\"><span data-spm-anchor-id=\"a2700.details.0.i55.45d84a73e99C9z\">DOOSAN (DH\/DX)<\/span><\/div>\n<\/td>\n<td>\n<div class=\"magic-33\"><span class=\"magic-34\">DH55, DH60, DH80, DH150, DH215-5\/7, DH220-5, DH225-5\/7, DH258, DH300-5\/7, DH370, DH420, DH500<br \/>\nDX55, DX60, DX75, DX130, DX225-9, DX300, DX380, DX420, DX500<\/span><\/div>\n<\/td>\n<\/tr>\n<tr>\n<td>\n<div class=\"magic-32\">VOLVO (EY)<\/div>\n<\/td>\n<td>\n<div class=\"magic-33\"><span class=\"magic-34\">EC55, EC60, EC75, EC80, EC140, EC210B\/D, EC220D, EC240, EC250, EC290, EC300, EC360, EC380, EC460, EC480, EC700, EC750, EC950<\/span><\/div>\n<\/td>\n<\/tr>\n<tr>\n<td>\n<div class=\"magic-32\">KATO (HD)<\/div>\n<\/td>\n<td>\n<div class=\"magic-33\"><span class=\"magic-34\">HD307\/308, HD450, HD512, HD700-5\/7, HD820-1\/2\/3\/5\/R, HD1023-1\/3, HD1430-1\/3<\/span><\/div>\n<\/td>\n<\/tr>\n<tr>\n<td>\n<div class=\"magic-32\">MUU MERKKI<\/div>\n<\/td>\n<td>\n<div class=\"magic-33\"><span class=\"magic-34\">XCMG,LIUGONG,KUBOTA,CASE,YANMAR,SUNWARD,ZOOMLION,LISHIDE,LIEHERR<\/span><\/div>\n<\/td>\n<\/tr>\n<\/tbody>\n<\/table>\n<h2>Miten nosturin vastapainon hydraulisylinteri toimii<\/h2>\n<p>Nosturin vastapainon hydraulisylinteri toimii hydraulisten periaatteiden mukaisesti k\u00e4ytt\u00e4en nestepainetta nostureiden vastapainojen asennon s\u00e4\u00e4t\u00e4miseen ja ohjaamiseen. T\u00e4ss\u00e4 on sen toiminnan erittely:<\/p>\n<h3>1. Hydraulinen nestedynamiikka<\/h3>\n<p>Sylinteri sis\u00e4lt\u00e4\u00e4 hydraulinestett\u00e4, tyypillisesti \u00f6ljy\u00e4, jota pumpataan sylinteriin paineen luomiseksi. T\u00e4m\u00e4 neste toimii v\u00e4liaineena voimansiirrolle hydraulij\u00e4rjestelm\u00e4ss\u00e4.<\/p>\n<h3>2. M\u00e4nn\u00e4n liike<\/h3>\n<p>Hydraulisylinterin sis\u00e4ll\u00e4 m\u00e4nt\u00e4 liikkuu hydraulinesteen paineen vaikutuksesta. Kun k\u00e4ytt\u00e4j\u00e4 aktivoi hydraulij\u00e4rjestelm\u00e4n, nestett\u00e4 ohjataan sylinterin toiselle puolelle, ty\u00f6nt\u00e4en m\u00e4nt\u00e4\u00e4 ja aiheuttaen sen ty\u00f6ntymisen tai vet\u00e4ytymisen.<\/p>\n<h3>3. Vastapainon s\u00e4\u00e4t\u00f6<\/h3>\n<p>M\u00e4nn\u00e4n liikkuessa se s\u00e4\u00e4t\u00e4\u00e4 nosturiin kiinnitettyjen vastapainojen asentoa. M\u00e4nn\u00e4n ojentaminen siirt\u00e4\u00e4 vastapainoja ulosp\u00e4in, mik\u00e4 lis\u00e4\u00e4 nosturin vakautta raskaita kuormia nostettaessa. M\u00e4nn\u00e4n sis\u00e4\u00e4nvet\u00e4minen puolestaan \u200b\u200btuo vastapainot l\u00e4hemm\u00e4s nosturia, mik\u00e4 on v\u00e4ltt\u00e4m\u00e4t\u00f6nt\u00e4 nosturin ohjaamiseksi tai kuljettamiseksi.<\/p>\n<h3>4. Paineen s\u00e4\u00e4t\u00f6<\/h3>\n<p>Hydraulij\u00e4rjestelm\u00e4ss\u00e4 on paineens\u00e4\u00e4t\u00f6venttiilit, jotka s\u00e4\u00e4telev\u00e4t hydraulinesteen virtausta ja painetta. T\u00e4m\u00e4 varmistaa, ett\u00e4 vastapainojen s\u00e4\u00e4d\u00f6t ovat tasaisia \u200b\u200bja hallittuja, est\u00e4en \u00e4killiset liikkeet, jotka voisivat horjuttaa nosturia.<\/p>\n<h3>5. Turvamekanismit<\/h3>\n<p>Monissa vastapainohydraulisylintereiss\u00e4 on turvaominaisuuksia, kuten ylikuormitussuoja ja paineenalennusventtiilit. N\u00e4m\u00e4 mekanismit auttavat est\u00e4m\u00e4\u00e4n liiallisen paineen muodostumisen ja varmistamaan turvallisen k\u00e4yt\u00f6n, mik\u00e4 parantaa entisest\u00e4\u00e4n nosturin vakautta ja turvallisuutta nostotoimintojen aikana.<\/p>\n<p>Nosturin vastapainon hydraulisylinteri on v\u00e4ltt\u00e4m\u00e4t\u00f6n nostureiden tasapainon ja vakauden yll\u00e4pit\u00e4miseksi raskaita kuormia nostettaessa. Hy\u00f6dynt\u00e4m\u00e4ll\u00e4 hydraulinesteen dynamiikkaa ja tarkkoja m\u00e4nn\u00e4n liikkeit\u00e4 se mahdollistaa vastapainojen tehokkaan s\u00e4\u00e4d\u00f6n varmistaen nosturin turvallisen ja tehokkaan toiminnan erilaisissa sovelluksissa.<\/p>\n<p><img loading=\"lazy\" decoding=\"async\" class=\"alignnone size-full wp-image-447\" src=\"https:\/\/fmp-components.com\/wp-content\/uploads\/2024\/12\/Crane.webp\" alt=\"Nosturi\" width=\"1234\" height=\"822\" title=\"\" srcset=\"https:\/\/fmp-components.com\/wp-content\/uploads\/2024\/12\/Crane.webp 1234w, https:\/\/fmp-components.com\/wp-content\/uploads\/2024\/12\/Crane-980x653.webp 980w, https:\/\/fmp-components.com\/wp-content\/uploads\/2024\/12\/Crane-480x320.webp 480w\" sizes=\"(min-width: 0px) and (max-width: 480px) 480px, (min-width: 481px) and (max-width: 980px) 980px, (min-width: 981px) 1234px, 100vw\" \/><\/p>\n<h2>Tietoja FMP:st\u00e4<\/h2>\n<p>FMP on hydraulisten sylinterien tuotantoon erikoistunut konepajayritys. Perustamisestaan \u200b\u200bl\u00e4htien yritys on keskittynyt hydraulisen teknologian tutkimukseen ja valmistukseen ja siirtynyt menestyksekk\u00e4\u00e4sti monipuolisesta tuotevalikoimasta, joka sis\u00e4lsi sadonkorjuu- ja rakennuskoneita, maataloustraktorien osiin erikoistumiseen. Yli kymmenen vuoden kokemuksella valmistuksesta ja johtamisesta FMP varmistaa korkealaatuiset tuotteet edistyneiden tuotantotekniikoiden avulla.<\/p>\n<p>Yrityksen kehittyess\u00e4 se on kehitt\u00e4nyt kattavan koneistuslinjan, kokoonpanolinjan ja pinnoituslinjan. Tiimimme koostuu ammattitaitoisesta johtohenkil\u00f6st\u00f6st\u00e4, kokeneista mekaanisista suunnittelijoista ja korkeasti koulutetuista teknikoista, jotka ty\u00f6skentelev\u00e4t yhdess\u00e4 yll\u00e4pit\u00e4\u00e4kseen vakaata tuotannon laatua ja samalla tehokkaasti hallitakseen prosessin jatkuvuutta ja tehokkuutta.<\/p>\n<p>FMP noudattaa filosofiaa, jonka mukaan \u201dteknologinen innovaatio edist\u00e4\u00e4 kehityst\u00e4, laatu luo br\u00e4ndej\u00e4, k\u00e4sity\u00f6taito varmistaa laadun ja rakentaa pitk\u00e4aikaisia, kaikkia hy\u00f6dytt\u00e4vi\u00e4 suhteita\u201d. Sitoutumisemme korkealaatuisten tuotteiden ja erinomaisen asiakaspalvelun tarjoamiseen on edelleen keskeinen tavoitteemme, kun jatkamme markkinoiden kehittyvien tarpeiden t\u00e4ytt\u00e4mist\u00e4.<\/p>\n<p><img loading=\"lazy\" decoding=\"async\" class=\"alignnone size-full wp-image-426\" src=\"https:\/\/fmp-components.com\/wp-content\/uploads\/2024\/12\/Sanitation-Machinery-Locking-Hydraulic-Cylinder-factory.webp\" sizes=\"(min-width: 0px) and (max-width: 480px) 480px, (min-width: 481px) and (max-width: 980px) 980px, (min-width: 981px) and (max-width: 1280px) 1280px, (min-width: 1281px) 1414px, 100vw\" srcset=\"https:\/\/fmp-components.com\/wp-content\/uploads\/2024\/12\/Sanitation-Machinery-Locking-Hydraulic-Cylinder-factory.webp 1414w, https:\/\/fmp-components.com\/wp-content\/uploads\/2024\/12\/Sanitation-Machinery-Locking-Hydraulic-Cylinder-factory-1280x529.webp 1280w, https:\/\/fmp-components.com\/wp-content\/uploads\/2024\/12\/Sanitation-Machinery-Locking-Hydraulic-Cylinder-factory-980x405.webp 980w, https:\/\/fmp-components.com\/wp-content\/uploads\/2024\/12\/Sanitation-Machinery-Locking-Hydraulic-Cylinder-factory-480x198.webp 480w\" alt=\"Sanitaatio-Koneet-Lukitus-Hydraulinen-Sylinteri-tehdas\" width=\"1414\" height=\"584\" title=\"\"><\/p>\n<p>Tekij\u00e4: CX<\/p>","protected":false},"excerpt":{"rendered":"<p data-id=\"a11392d4-7524-4709-8e84-2ea1d23339d0\" data-pm-slice=\"1 1 []\">Nosturin vastapainon hydraulisylinterin teht\u00e4v\u00e4n\u00e4 on tarjota nostureille tarvittava vastapaino nostoa varten. Hy\u00f6dynn\u00e4 t\u00e4t\u00e4 hydraulisylinteri\u00e4 vastapainon tarkkaan mutta et\u00e4iseen asemointiin raskaiden kuormien vakauden ja turvallisuuden takaamiseksi. T\u00e4m\u00e4 kest\u00e4vyytt\u00e4 silm\u00e4ll\u00e4 pit\u00e4en suunniteltu ty\u00f6juhta on valmistettu ensiluokkaisista materiaaleista kest\u00e4m\u00e4\u00e4n rakennus- ja raskasnostoteollisuuden ankarat olosuhteet. Hydraulij\u00e4rjestelm\u00e4 on suunniteltu tarjoamaan tehokasta ja reagoivaa ohjausta varmistaen, ett\u00e4 liikkeet ovat sujuvia ja tasapainoisia, mink\u00e4 ansiosta k\u00e4ytt\u00e4j\u00e4t voivat optimoida nosturin suorituskyvyn samalla kun se s\u00e4ilytt\u00e4\u00e4 vakauden. Koska se on olennainen osa nostureiden kokonaisvaltaista toimintaa, se on elint\u00e4rke\u00e4 niiden turvalliselle k\u00e4yt\u00f6lle ja edist\u00e4\u00e4 tehokkaita nostoratkaisuja.<\/p>","protected":false},"featured_media":445,"comment_status":"open","ping_status":"closed","template":"","meta":{"_et_pb_use_builder":"","_et_pb_old_content":"","_et_gb_content_width":""},"product_brand":[],"product_cat":[24],"product_tag":[],"class_list":{"0":"post-444","1":"product","2":"type-product","3":"status-publish","4":"has-post-thumbnail","6":"product_cat-construction-machinery-hydraulic-cylinders","8":"first","9":"instock","10":"shipping-taxable","11":"product-type-simple"},"_links":{"self":[{"href":"https:\/\/fmp-components.com\/fi\/wp-json\/wp\/v2\/product\/444","targetHints":{"allow":["GET"]}}],"collection":[{"href":"https:\/\/fmp-components.com\/fi\/wp-json\/wp\/v2\/product"}],"about":[{"href":"https:\/\/fmp-components.com\/fi\/wp-json\/wp\/v2\/types\/product"}],"replies":[{"embeddable":true,"href":"https:\/\/fmp-components.com\/fi\/wp-json\/wp\/v2\/comments?post=444"}],"wp:featuredmedia":[{"embeddable":true,"href":"https:\/\/fmp-components.com\/fi\/wp-json\/wp\/v2\/media\/445"}],"wp:attachment":[{"href":"https:\/\/fmp-components.com\/fi\/wp-json\/wp\/v2\/media?parent=444"}],"wp:term":[{"taxonomy":"product_brand","embeddable":true,"href":"https:\/\/fmp-components.com\/fi\/wp-json\/wp\/v2\/product_brand?post=444"},{"taxonomy":"product_cat","embeddable":true,"href":"https:\/\/fmp-components.com\/fi\/wp-json\/wp\/v2\/product_cat?post=444"},{"taxonomy":"product_tag","embeddable":true,"href":"https:\/\/fmp-components.com\/fi\/wp-json\/wp\/v2\/product_tag?post=444"}],"curies":[{"name":"wp","href":"https:\/\/api.w.org\/{rel}","templated":true}]}}