{"id":432,"date":"2024-12-10T06:13:58","date_gmt":"2024-12-10T06:13:58","guid":{"rendered":"https:\/\/fmp-components.com\/?page_id=8"},"modified":"2024-12-10T06:13:58","modified_gmt":"2024-12-10T06:13:58","slug":"sanitation-machinery-forward-thrust-hydraulic-cylinder","status":"publish","type":"product","link":"https:\/\/fmp-components.com\/fi\/product\/sanitation-machinery-forward-thrust-hydraulic-cylinder\/","title":{"rendered":"Sanitaatiokoneiden eteenp\u00e4in ty\u00f6nt\u00f6voiman hydraulisylinteri"},"content":{"rendered":"<p style=\"text-align: center;\"><span style=\"font-size: 18pt;\">Sanitaatiokoneiden eteenp\u00e4in ty\u00f6nt\u00f6voiman hydraulisylinteri<\/span><\/p>\n<p>\u00a0Sanitaatiokoneiden eteenp\u00e4in ty\u00f6nt\u00e4v\u00e4 hydraulisylinteri on olennainen osa, joka on suunniteltu tarjoamaan tehokasta ja luotettavaa eteenp\u00e4in ty\u00f6nt\u00f6voimaa erilaisille sanitaatiolaitteille, kuten j\u00e4teautoille ja katujen lakaisimille. T\u00e4m\u00e4 hydraulisylinteri on suunniteltu helpottamaan sujuvia ja hallittuja liikkeit\u00e4, mik\u00e4 parantaa toiminnan tehokkuutta j\u00e4tteenker\u00e4yksess\u00e4 ja katujen puhdistuksessa.<\/p>\n<p><img loading=\"lazy\" decoding=\"async\" class=\"size-full wp-image-439 aligncenter\" src=\"https:\/\/fmp-components.com\/wp-content\/uploads\/2024\/12\/Sanitation-Machinery-Forward-Thrust-Hydraulic-Cylinder.webp\" alt=\"Sanitaatiokoneet-Eteenp\u00e4in-Ty\u00f6nt\u00f6-Hydraulinen-Sylinteri\" width=\"500\" height=\"500\" title=\"\" srcset=\"https:\/\/fmp-components.com\/wp-content\/uploads\/2024\/12\/Sanitation-Machinery-Forward-Thrust-Hydraulic-Cylinder.webp 500w, https:\/\/fmp-components.com\/wp-content\/uploads\/2024\/12\/Sanitation-Machinery-Forward-Thrust-Hydraulic-Cylinder-480x480.webp 480w\" sizes=\"(min-width: 0px) and (max-width: 480px) 480px, (min-width: 481px) 500px, 100vw\" \/><\/p>\n<h4>T\u00e4rkeimm\u00e4t ominaisuudet:<\/h4>\n<ul>\n<li>Kest\u00e4v\u00e4 rakenne: T\u00e4m\u00e4 hydraulisylinteri on valmistettu eritt\u00e4in lujista materiaaleista ja rakennettu kest\u00e4m\u00e4\u00e4n saniteettiteollisuuden vaativat olosuhteet, mik\u00e4 varmistaa kest\u00e4vyyden ja pitk\u00e4ik\u00e4isen suorituskyvyn.<\/li>\n<li>Sujuva hydraulinen toiminta: Edistyksellinen hydrauliikkaj\u00e4rjestelm\u00e4 mahdollistaa sujuvat ja herk\u00e4t liikkeet, mik\u00e4 minimoi koneiden kulumisen ja optimoi toiminnan tehokkuuden.<\/li>\n<li>Tarkka ohjaus: Tarkkaan ohjaukseen suunniteltu eteenp\u00e4in ty\u00f6nt\u00e4v\u00e4 hydraulisylinteri mahdollistaa saniteettilaitteiden tehokkaan ohjaamisen, mik\u00e4 parantaa turvallisuutta ja suorituskyky\u00e4 erilaisissa teht\u00e4viss\u00e4.<\/li>\n<li>Monipuolinen k\u00e4ytt\u00f6: T\u00e4m\u00e4 hydraulisylinteri sopii monenlaisille sanitaatiokoneille ja voidaan helposti integroida olemassa oleviin j\u00e4rjestelmiin, mik\u00e4 tekee siit\u00e4 monipuolisen ratkaisun j\u00e4tehuoltotoimintoihin.<\/li>\n<li>Energiatehokkuus: Sen suunnittelu optimoi energiankulutuksen, v\u00e4hent\u00e4\u00e4 tehoh\u00e4vi\u00f6t\u00e4 ja alentaa k\u00e4ytt\u00f6kustannuksia, mik\u00e4 tekee siit\u00e4 ymp\u00e4rist\u00f6yst\u00e4v\u00e4llisen valinnan sanitaatiopalveluihin.<\/li>\n<\/ul>\n<p>Sanitaatiokoneiden eteenp\u00e4in ty\u00f6nt\u00e4v\u00e4 hydraulisylinteri parantaa sanitaatiolaitteiden toimivuutta ja tehokkuutta varmistaen tehokkaan suorituskyvyn j\u00e4tehuollossa samalla, kun se s\u00e4ilytt\u00e4\u00e4 kest\u00e4vyyden ja hallinnan korkealla tasolla.<\/p>\n<h2>Sanitaatiokoneiden eteenp\u00e4in ty\u00f6nt\u00f6voiman hydraulisylinterin mitat:<\/h2>\n<table>\n<tbody>\n<tr>\n<td><img loading=\"lazy\" decoding=\"async\" class=\"alignnone size-full wp-image-435\" src=\"https:\/\/fmp-components.com\/wp-content\/uploads\/2024\/12\/Sanitation-Machinery-Forward-Thrust-Hydraulic-Cylinder-Dimensions-1.webp\" alt=\"Sanitaatiokoneet-Eteenp\u00e4in ty\u00f6nt\u00f6voimalla toimivan hydraulisylinterin-edut-1\" width=\"980\" height=\"416\" title=\"\" srcset=\"https:\/\/fmp-components.com\/wp-content\/uploads\/2024\/12\/Sanitation-Machinery-Forward-Thrust-Hydraulic-Cylinder-Dimensions-1.webp 980w, https:\/\/fmp-components.com\/wp-content\/uploads\/2024\/12\/Sanitation-Machinery-Forward-Thrust-Hydraulic-Cylinder-Dimensions-1-480x204.webp 480w\" sizes=\"(min-width: 0px) and (max-width: 480px) 480px, (min-width: 481px) 980px, 100vw\" \/><\/td>\n<td><img loading=\"lazy\" decoding=\"async\" class=\"alignnone size-full wp-image-436\" src=\"https:\/\/fmp-components.com\/wp-content\/uploads\/2024\/12\/Sanitation-Machinery-Forward-Thrust-Hydraulic-Cylinder-Dimensions-2.webp\" alt=\"Sanitaatiokoneet-Eteenp\u00e4in ty\u00f6nt\u00f6voimalla toimivan hydraulisylinterin-edut-1\" width=\"980\" height=\"416\" title=\"\" srcset=\"https:\/\/fmp-components.com\/wp-content\/uploads\/2024\/12\/Sanitation-Machinery-Forward-Thrust-Hydraulic-Cylinder-Dimensions-2.webp 980w, https:\/\/fmp-components.com\/wp-content\/uploads\/2024\/12\/Sanitation-Machinery-Forward-Thrust-Hydraulic-Cylinder-Dimensions-2-480x204.webp 480w\" sizes=\"(min-width: 0px) and (max-width: 480px) 480px, (min-width: 481px) 980px, 100vw\" \/><\/td>\n<\/tr>\n<\/tbody>\n<\/table>\n<table style=\"width: 100%; height: 133px;\" border=\"1\" cellspacing=\"0\" cellpadding=\"0\">\n<tbody>\n<tr style=\"height: 71px;\">\n<td style=\"height: 71px;\" width=\"246\">Sylinterin nimi<\/td>\n<td style=\"height: 71px;\" width=\"336\">Piirustusnumero<\/td>\n<td style=\"height: 71px;\" width=\"126\">Rei\u00e4n halkaisija (D)<\/td>\n<td style=\"height: 71px;\" width=\"123\">Tangon halkaisija (d)<\/td>\n<td style=\"height: 71px;\" width=\"114\">Isku (S)<\/td>\n<td style=\"height: 71px;\" width=\"170\">Asennuset\u00e4isyys (L)<\/td>\n<td style=\"height: 71px;\" width=\"172\">Ty\u00f6paine<\/td>\n<td style=\"height: 71px;\" width=\"366\">Liit\u00e4nn\u00e4n mitat (M)<\/td>\n<td style=\"height: 71px;\" width=\"96\">Paino<\/td>\n<\/tr>\n<tr style=\"height: 62px;\">\n<td class=\"et3\" style=\"height: 62px;\" width=\"246\" height=\"298\">Eteenp\u00e4in ty\u00f6nt\u00f6sylinteri<\/td>\n<td class=\"et4\" style=\"height: 62px;\" width=\"336\">LPE416B.4.4-2-00<\/td>\n<td class=\"et4\" style=\"height: 62px;\" width=\"126\">\u03a690<\/td>\n<td class=\"et4\" style=\"height: 62px;\" width=\"123\">\u03a663<\/td>\n<td class=\"et4\" style=\"height: 62px;\" width=\"114\">320<\/td>\n<td class=\"et4\" style=\"height: 62px;\" width=\"170\">878<\/td>\n<td class=\"et4\" style=\"height: 62px;\" width=\"172\">16MPa<\/td>\n<td class=\"et4\" style=\"height: 62px;\" width=\"366\">2-M22*1.5<\/td>\n<td class=\"et4\" style=\"height: 62px;\" width=\"96\">47 kg<\/td>\n<\/tr>\n<\/tbody>\n<\/table>\n<table>\n<tbody>\n<tr>\n<td><img loading=\"lazy\" decoding=\"async\" class=\"alignnone size-full wp-image-437\" src=\"https:\/\/fmp-components.com\/wp-content\/uploads\/2024\/12\/Sanitation-Machinery-Forward-Thrust-Hydraulic-Cylinder-Dimensions-3.webp\" alt=\"Sanitaatiokoneet-Eteenp\u00e4in ty\u00f6nt\u00f6voimalla toimivan hydraulisylinterin-edut-1\" width=\"980\" height=\"375\" title=\"\" srcset=\"https:\/\/fmp-components.com\/wp-content\/uploads\/2024\/12\/Sanitation-Machinery-Forward-Thrust-Hydraulic-Cylinder-Dimensions-3.webp 980w, https:\/\/fmp-components.com\/wp-content\/uploads\/2024\/12\/Sanitation-Machinery-Forward-Thrust-Hydraulic-Cylinder-Dimensions-3-480x184.webp 480w\" sizes=\"(min-width: 0px) and (max-width: 480px) 480px, (min-width: 481px) 980px, 100vw\" \/><\/td>\n<td><img loading=\"lazy\" decoding=\"async\" class=\"alignnone size-full wp-image-438\" src=\"https:\/\/fmp-components.com\/wp-content\/uploads\/2024\/12\/Sanitation-Machinery-Forward-Thrust-Hydraulic-Cylinder-Dimensions-4.webp\" alt=\"Sanitaatiokoneet-Eteenp\u00e4in ty\u00f6nt\u00f6voimalla toimivan hydraulisylinterin-edut-1\" width=\"980\" height=\"375\" title=\"\" srcset=\"https:\/\/fmp-components.com\/wp-content\/uploads\/2024\/12\/Sanitation-Machinery-Forward-Thrust-Hydraulic-Cylinder-Dimensions-4.webp 980w, https:\/\/fmp-components.com\/wp-content\/uploads\/2024\/12\/Sanitation-Machinery-Forward-Thrust-Hydraulic-Cylinder-Dimensions-4-480x184.webp 480w\" sizes=\"(min-width: 0px) and (max-width: 480px) 480px, (min-width: 481px) 980px, 100vw\" \/><\/td>\n<\/tr>\n<\/tbody>\n<\/table>\n<table style=\"width: 100%; height: 119px;\" border=\"1\" cellspacing=\"0\" cellpadding=\"0\">\n<tbody>\n<tr style=\"height: 71px;\">\n<td style=\"height: 71px;\" width=\"246\">Sylinterin nimi<\/td>\n<td style=\"height: 71px;\" width=\"336\">Piirustusnumero<\/td>\n<td style=\"height: 71px;\" width=\"126\">Rei\u00e4n halkaisija (D)<\/td>\n<td style=\"height: 71px;\" width=\"123\">Tangon halkaisija (d)<\/td>\n<td style=\"height: 71px;\" width=\"114\">Isku (S)<\/td>\n<td style=\"height: 71px;\" width=\"170\">Asennuset\u00e4isyys (L)<\/td>\n<td style=\"height: 71px;\" width=\"172\">Ty\u00f6paine<\/td>\n<td style=\"height: 71px;\" width=\"366\">Liit\u00e4nn\u00e4n mitat (M)<\/td>\n<td style=\"height: 71px;\" width=\"96\">Paino<\/td>\n<\/tr>\n<tr style=\"height: 48px;\">\n<td class=\"et3\" style=\"height: 48px;\" width=\"246\" height=\"290\">Eteenp\u00e4in ty\u00f6nt\u00f6sylinteri<\/td>\n<td class=\"et4\" style=\"height: 48px;\" width=\"336\">LPG418.4.4-2-00<\/td>\n<td class=\"et4\" style=\"height: 48px;\" width=\"126\">\u03a6100<\/td>\n<td class=\"et4\" style=\"height: 48px;\" width=\"123\">\u03a655<\/td>\n<td class=\"et4\" style=\"height: 48px;\" width=\"114\">320<\/td>\n<td class=\"et4\" style=\"height: 48px;\" width=\"170\">700<\/td>\n<td class=\"et4\" style=\"height: 48px;\" width=\"172\">16MPa<\/td>\n<td class=\"et4\" style=\"height: 48px;\" width=\"366\">2-M22*1.5<\/td>\n<td class=\"et4\" style=\"height: 48px;\" width=\"96\">41 kg<\/td>\n<\/tr>\n<\/tbody>\n<\/table>\n<h2>Saatavilla olevat hydraulisylinterit Merkki ja mallit:<\/h2>\n<table border=\"1\" cellspacing=\"0\" cellpadding=\"0\">\n<tbody>\n<tr>\n<td><span data-spm-anchor-id=\"a2700.details.0.i43.45d84a73e99C9z\">KOMATSU (PC)<\/span><\/td>\n<td>PC30, PC40, PC50, PC56, PC60, PC78, PC100, PC110, PC120, PC130, PC160, PC200-3\/5\/6\/7\/8\/8MO, PC210, PC220-5\/6\/7\/8\/8MO, PC240, PC300\/350\/360-5\/6\/7\/8\/8MO, PC400\/450-5\/6\/7\/8\/8MO, PC800, PC850<\/td>\n<\/tr>\n<tr>\n<td>CATERPILLAR (E)<\/td>\n<td>E301.5, E302, E305.5, E306, E307V1\/V2\/B\/C\/D\/E\/F, E308B\/C, E120B, E312V1\/V2\/B\/C\/D, E313D2, E312D2, E315D<br \/>\nE200B,E320V1\/V2\/A\/B\/C\/D,E324D,E325C\/D,E329D,E330\/336C\/D,E345C,E349D,E365C,E374,E390<\/td>\n<\/tr>\n<tr>\n<td>KOBELCO (SK)<\/td>\n<td>SK60-3\/5\/8, SK75-8\/SR, SK100 ,SK120-3\/5, SK135-8\/SR, SK140-8, SK200-3\/5\/6\/6E, SK210-3\/5\/6\/6E,<br \/>\nSK230\/250-6E,SK250-8,SK260-8,SK350-8\/S8,SK460\/480-8<\/td>\n<\/tr>\n<tr>\n<td>HYUNDAI (R)<\/td>\n<td>R55-5\/7, R60-5\/7, R80, R110, R130, R200-5, R210-5, R215-5\/7, R220-5\/7\/9, R225-5\/7\/9, R250, R260, R265, R290, R305, R445, R485, R505<\/td>\n<\/tr>\n<tr>\n<td><span data-spm-anchor-id=\"a2700.details.0.i53.45d84a73e99C9z\">HITACHI (esim. ZX)<\/span><\/td>\n<td>EX60, EX100-1\/2\/3, EX120-1\/3\/5\/6, EX200-1\/3\/5, EX230-5, EX300-1, EX400<br \/>\nZAX60,ZAX70,ZA120-6,ZAX200\/210-1\/3\/5\/5K,ZAX240,ZAX250,ZAX260,ZAX330-3\/5\/6,ZAX450\/470,ZAX650\/670,ZAX850\/870<\/td>\n<\/tr>\n<tr>\n<td>\n<div class=\"magic-32\"><span data-spm-anchor-id=\"a2700.details.0.i55.45d84a73e99C9z\">DOOSAN (DH\/DX)<\/span><\/div>\n<\/td>\n<td>\n<div class=\"magic-33\"><span class=\"magic-34\">DH55, DH60, DH80, DH150, DH215-5\/7, DH220-5, DH225-5\/7, DH258, DH300-5\/7, DH370, DH420, DH500<br \/>\nDX55, DX60, DX75, DX130, DX225-9, DX300, DX380, DX420, DX500<\/span><\/div>\n<\/td>\n<\/tr>\n<tr>\n<td>\n<div class=\"magic-32\">VOLVO (EY)<\/div>\n<\/td>\n<td>\n<div class=\"magic-33\"><span class=\"magic-34\">EC55, EC60, EC75, EC80, EC140, EC210B\/D, EC220D, EC240, EC250, EC290, EC300, EC360, EC380, EC460, EC480, EC700, EC750, EC950<\/span><\/div>\n<\/td>\n<\/tr>\n<tr>\n<td>\n<div class=\"magic-32\">KATO (HD)<\/div>\n<\/td>\n<td>\n<div class=\"magic-33\"><span class=\"magic-34\">HD307\/308, HD450, HD512, HD700-5\/7, HD820-1\/2\/3\/5\/R, HD1023-1\/3, HD1430-1\/3<\/span><\/div>\n<\/td>\n<\/tr>\n<tr>\n<td>\n<div class=\"magic-32\">MUU MERKKI<\/div>\n<\/td>\n<td>\n<div class=\"magic-33\"><span class=\"magic-34\">XCMG,LIUGONG,KUBOTA,CASE,YANMAR,SUNWARD,ZOOMLION,LISHIDE,LIEHERR<\/span><\/div>\n<\/td>\n<\/tr>\n<\/tbody>\n<\/table>\n<h3>Sanitaatiokoneiden eteenp\u00e4in ty\u00f6nt\u00f6voiman hydraulisylinterin ominaisuudet<\/h3>\n<h4>1. Kest\u00e4v\u00e4 rakenne<\/h4>\n<p>Sanitaatiokoneiden eteenp\u00e4in ty\u00f6nt\u00f6voimalla toimiva hydraulisylinteri on valmistettu eritt\u00e4in lujista materiaaleista, mik\u00e4 varmistaa, ett\u00e4 se kest\u00e4\u00e4 sanitaatiotoiminnassa yleisesti esiintyv\u00e4t ankarat olosuhteet. T\u00e4m\u00e4 kest\u00e4v\u00e4 rakenne takaa pitk\u00e4aikaisen kest\u00e4vyyden ja luotettavuuden.<\/p>\n<h4>2. Sujuva hydraulinen toiminta<\/h4>\n<p>Edistyksellisell\u00e4 hydrauliikkaj\u00e4rjestelm\u00e4ll\u00e4 varustettu sylinteri tarjoaa tasaiset ja sulavat liikkeet. T\u00e4m\u00e4 ominaisuus minimoi koneiston kulumisen ja parantaa yleist\u00e4 toiminnan tehokkuutta, mik\u00e4 mahdollistaa saumattoman suorituskyvyn j\u00e4tteenker\u00e4yksen aikana.<\/p>\n<h4>3. Tarkka ohjaus<\/h4>\n<p>Hydraulisylinteri on suunniteltu tarkkaa ohjausta varten, mink\u00e4 ansiosta k\u00e4ytt\u00e4j\u00e4t voivat ohjata saniteettilaitteita tarkasti. T\u00e4m\u00e4 ominaisuus parantaa turvallisuutta ja tehokkuutta erilaisissa teht\u00e4viss\u00e4, kuten katujen puhdistuksessa ja j\u00e4tehuollossa.<\/p>\n<h4>4. Monipuolinen k\u00e4ytt\u00f6<\/h4>\n<p>T\u00e4m\u00e4 eteenp\u00e4in ty\u00f6nt\u00f6voimalla toimiva hydraulisylinteri sopii monenlaisiin sanitaatiokoneisiin, kuten j\u00e4teautoihin ja katujen lakaisimiin, ja se voidaan helposti integroida olemassa oleviin j\u00e4rjestelmiin, mik\u00e4 tekee siit\u00e4 monipuolisen vaihtoehdon j\u00e4tehuoltoon.<\/p>\n<h4>5. Energiatehokkuus<\/h4>\n<p>Sylinterin suunnittelu optimoi energiankulutuksen ja v\u00e4hent\u00e4\u00e4 tehoh\u00e4vi\u00f6t\u00e4 k\u00e4yt\u00f6n aikana. T\u00e4m\u00e4 energiatehokkuus johtaa alhaisempiin k\u00e4ytt\u00f6kustannuksiin ja edist\u00e4\u00e4 kest\u00e4v\u00e4mpi\u00e4 k\u00e4yt\u00e4nt\u00f6j\u00e4 sanitaatioalalla.<\/p>\n<h4>6. V\u00e4h\u00e4iset huoltovaatimukset<\/h4>\n<p>Kest\u00e4v\u00e4n rakenteensa ja korkealaatuisten materiaaliensa ansiosta eteenp\u00e4in ty\u00f6nt\u00e4v\u00e4 hydraulisylinteri vaatii vain v\u00e4h\u00e4n huoltoa, mik\u00e4 lyhent\u00e4\u00e4 seisokkiaikoja ja lis\u00e4\u00e4 sanitaatiopalveluiden tuottavuutta.<\/p>\n<h4>7. Turvaominaisuudet<\/h4>\n<p>Hydraulisylinteri sis\u00e4lt\u00e4\u00e4 turvamekanismeja, kuten paineenalennusventtiilej\u00e4, jotka auttavat est\u00e4m\u00e4\u00e4n ylikuormituksia ja varmistavat vakaan toiminnan, mik\u00e4 parantaa sek\u00e4 k\u00e4ytt\u00e4jien ett\u00e4 ymp\u00e4r\u00f6iv\u00e4n ymp\u00e4rist\u00f6n turvallisuutta.<\/p>\n<p>Yhteenvetona voidaan todeta, ett\u00e4 sanitaatiokoneiden eteenp\u00e4in ty\u00f6nt\u00f6voimalla varustettu hydraulisylinteri tarjoaa yhdistelm\u00e4n kest\u00e4vyytt\u00e4, tehokkuutta ja turvallisuutta, mik\u00e4 tekee siit\u00e4 olennaisen osan tehokkaisiin ja luotettaviin sanitaatiotoimintoihin.<\/p>\n<p><img loading=\"lazy\" decoding=\"async\" class=\"alignnone size-full wp-image-440\" src=\"https:\/\/fmp-components.com\/wp-content\/uploads\/2024\/12\/Sanitation-Machinery-Forward-Thrust-Hydraulic-Cylinder-1.webp\" alt=\"Sanitaatiokoneet-Eteenp\u00e4in-Ty\u00f6nt\u00f6-Hydraulinen-Sylinteri\" width=\"1000\" height=\"667\" title=\"\" srcset=\"https:\/\/fmp-components.com\/wp-content\/uploads\/2024\/12\/Sanitation-Machinery-Forward-Thrust-Hydraulic-Cylinder-1.webp 1000w, https:\/\/fmp-components.com\/wp-content\/uploads\/2024\/12\/Sanitation-Machinery-Forward-Thrust-Hydraulic-Cylinder-1-980x654.webp 980w, https:\/\/fmp-components.com\/wp-content\/uploads\/2024\/12\/Sanitation-Machinery-Forward-Thrust-Hydraulic-Cylinder-1-480x320.webp 480w\" sizes=\"(min-width: 0px) and (max-width: 480px) 480px, (min-width: 481px) and (max-width: 980px) 980px, (min-width: 981px) 1000px, 100vw\" \/><\/p>\n<h2>Tietoja FMP:st\u00e4<\/h2>\n<p>FMP on hydraulisten sylinterien tuotantoon erikoistunut konepajayritys. Perustamisestaan \u200b\u200bl\u00e4htien yritys on keskittynyt hydraulisen teknologian tutkimukseen ja valmistukseen ja siirtynyt menestyksekk\u00e4\u00e4sti monipuolisesta tuotevalikoimasta, joka sis\u00e4lsi sadonkorjuu- ja rakennuskoneita, maataloustraktorien osiin erikoistumiseen. Yli kymmenen vuoden kokemuksella valmistuksesta ja johtamisesta FMP varmistaa korkealaatuiset tuotteet edistyneiden tuotantotekniikoiden avulla.<\/p>\n<p>Yrityksen kehittyess\u00e4 se on kehitt\u00e4nyt kattavan koneistuslinjan, kokoonpanolinjan ja pinnoituslinjan. Tiimimme koostuu ammattitaitoisesta johtohenkil\u00f6st\u00f6st\u00e4, kokeneista mekaanisista suunnittelijoista ja korkeasti koulutetuista teknikoista, jotka ty\u00f6skentelev\u00e4t yhdess\u00e4 yll\u00e4pit\u00e4\u00e4kseen vakaata tuotannon laatua ja samalla tehokkaasti hallitakseen prosessin jatkuvuutta ja tehokkuutta.<\/p>\n<p>FMP noudattaa filosofiaa, jonka mukaan \u201dteknologinen innovaatio edist\u00e4\u00e4 kehityst\u00e4, laatu luo br\u00e4ndej\u00e4, k\u00e4sity\u00f6taito varmistaa laadun ja rakentaa pitk\u00e4aikaisia, kaikkia hy\u00f6dytt\u00e4vi\u00e4 suhteita\u201d. Sitoutumisemme korkealaatuisten tuotteiden ja erinomaisen asiakaspalvelun tarjoamiseen on edelleen keskeinen tavoitteemme, kun jatkamme markkinoiden kehittyvien tarpeiden t\u00e4ytt\u00e4mist\u00e4.<\/p>\n<p><img loading=\"lazy\" decoding=\"async\" class=\"alignnone size-full wp-image-426\" src=\"https:\/\/fmp-components.com\/wp-content\/uploads\/2024\/12\/Sanitation-Machinery-Locking-Hydraulic-Cylinder-factory.webp\" alt=\"Sanitaatio-Koneet-Lukitus-Hydraulinen-Sylinteri-tehdas\" width=\"1414\" height=\"584\" title=\"\" srcset=\"https:\/\/fmp-components.com\/wp-content\/uploads\/2024\/12\/Sanitation-Machinery-Locking-Hydraulic-Cylinder-factory.webp 1414w, https:\/\/fmp-components.com\/wp-content\/uploads\/2024\/12\/Sanitation-Machinery-Locking-Hydraulic-Cylinder-factory-1280x529.webp 1280w, https:\/\/fmp-components.com\/wp-content\/uploads\/2024\/12\/Sanitation-Machinery-Locking-Hydraulic-Cylinder-factory-980x405.webp 980w, https:\/\/fmp-components.com\/wp-content\/uploads\/2024\/12\/Sanitation-Machinery-Locking-Hydraulic-Cylinder-factory-480x198.webp 480w\" sizes=\"(min-width: 0px) and (max-width: 480px) 480px, (min-width: 481px) and (max-width: 980px) 980px, (min-width: 981px) and (max-width: 1280px) 1280px, (min-width: 1281px) 1414px, 100vw\" \/><\/p>\n<p>Tekij\u00e4: CX<\/p>","protected":false},"excerpt":{"rendered":"<p>Sanitaatiokoneiden eteenp\u00e4in ty\u00f6nt\u00e4v\u00e4 hydraulisylinteri on t\u00e4rke\u00e4 komponentti, joka on suunniteltu tarjoamaan tehokasta eteenp\u00e4in ty\u00f6nt\u00f6voimaa sanitaatiolaitteille, kuten j\u00e4teautoille ja katujen lakaisimille. Luotettavaksi ja tehokkaaksi suunniteltu hydraulisylinteri mahdollistaa sujuvat ja hallitut liikkeet, mik\u00e4 helpottaa tehokasta toimintaa j\u00e4tteenkeruussa ja katujen puhdistuksessa. Se on valmistettu eritt\u00e4in lujista materiaaleista ja kest\u00e4\u00e4 sanitaatiot\u00f6ille tyypillisi\u00e4 ankaria olosuhteita varmistaen pitk\u00e4n k\u00e4ytt\u00f6i\u00e4n. Sen edistynyt hydraulinen rakenne mahdollistaa tarkan ohjauksen ja reagointikyvyn, mik\u00e4 tekee siit\u00e4 olennaisen sanitaatiokoneiden suorituskyvyn ja turvallisuuden optimoinnissa erilaisissa sovelluksissa.<\/p>","protected":false},"featured_media":439,"comment_status":"open","ping_status":"closed","template":"","meta":{"_et_pb_use_builder":"","_et_pb_old_content":"","_et_gb_content_width":""},"product_brand":[],"product_cat":[23],"product_tag":[],"class_list":{"0":"post-432","1":"product","2":"type-product","3":"status-publish","4":"has-post-thumbnail","6":"product_cat-sanitation-machinery-hydraulic-cylinders","8":"first","9":"instock","10":"shipping-taxable","11":"product-type-simple"},"_links":{"self":[{"href":"https:\/\/fmp-components.com\/fi\/wp-json\/wp\/v2\/product\/432","targetHints":{"allow":["GET"]}}],"collection":[{"href":"https:\/\/fmp-components.com\/fi\/wp-json\/wp\/v2\/product"}],"about":[{"href":"https:\/\/fmp-components.com\/fi\/wp-json\/wp\/v2\/types\/product"}],"replies":[{"embeddable":true,"href":"https:\/\/fmp-components.com\/fi\/wp-json\/wp\/v2\/comments?post=432"}],"wp:featuredmedia":[{"embeddable":true,"href":"https:\/\/fmp-components.com\/fi\/wp-json\/wp\/v2\/media\/439"}],"wp:attachment":[{"href":"https:\/\/fmp-components.com\/fi\/wp-json\/wp\/v2\/media?parent=432"}],"wp:term":[{"taxonomy":"product_brand","embeddable":true,"href":"https:\/\/fmp-components.com\/fi\/wp-json\/wp\/v2\/product_brand?post=432"},{"taxonomy":"product_cat","embeddable":true,"href":"https:\/\/fmp-components.com\/fi\/wp-json\/wp\/v2\/product_cat?post=432"},{"taxonomy":"product_tag","embeddable":true,"href":"https:\/\/fmp-components.com\/fi\/wp-json\/wp\/v2\/product_tag?post=432"}],"curies":[{"name":"wp","href":"https:\/\/api.w.org\/{rel}","templated":true}]}}