{"id":427,"date":"2024-12-10T05:55:29","date_gmt":"2024-12-10T05:55:29","guid":{"rendered":"https:\/\/fmp-components.com\/?page_id=8"},"modified":"2024-12-10T05:55:29","modified_gmt":"2024-12-10T05:55:29","slug":"sanitation-machinery-reverse-thrust-hydraulic-cylinder","status":"publish","type":"product","link":"https:\/\/fmp-components.com\/fi\/product\/sanitation-machinery-reverse-thrust-hydraulic-cylinder\/","title":{"rendered":"Sanitaatiokoneiden k\u00e4\u00e4nteinen ty\u00f6nt\u00f6voiman hydraulisylinteri"},"content":{"rendered":"<p style=\"text-align: center;\"><span style=\"font-size: 18pt;\">Sanitaatiokoneiden k\u00e4\u00e4nteinen ty\u00f6nt\u00f6voiman hydraulisylinteri<\/span><\/p>\n<p>Sanitaatiokoneiden vastapainehydraulinen sylinteri on olennainen osa, joka on suunniteltu tarjoamaan luotettavaa vastapainevoimaa erilaisille sanitaatiolaitteille, kuten j\u00e4teautoille ja katujen lakaisimille. T\u00e4m\u00e4 hydraulisylinteri on suunniteltu helpottamaan sujuvia ja hallittuja liikkeit\u00e4, mik\u00e4 mahdollistaa koneiden toimintojen tehokkaan kytkemisen ja irrottamisen j\u00e4tteenker\u00e4yksen ja siivouksen aikana.<\/p>\n<p><img loading=\"lazy\" decoding=\"async\" class=\"size-full wp-image-428 aligncenter\" src=\"https:\/\/fmp-components.com\/wp-content\/uploads\/2024\/12\/Sanitation-Machinery-Reverse-Thrust-Hydraulic-Cylinder.webp\" alt=\"Sanitaatiokoneiden k\u00e4\u00e4nteinen ty\u00f6nt\u00f6voiman hydraulisylinteri\" width=\"500\" height=\"500\" title=\"\" srcset=\"https:\/\/fmp-components.com\/wp-content\/uploads\/2024\/12\/Sanitation-Machinery-Reverse-Thrust-Hydraulic-Cylinder.webp 500w, https:\/\/fmp-components.com\/wp-content\/uploads\/2024\/12\/Sanitation-Machinery-Reverse-Thrust-Hydraulic-Cylinder-480x480.webp 480w\" sizes=\"(min-width: 0px) and (max-width: 480px) 480px, (min-width: 481px) 500px, 100vw\" \/><\/p>\n<h4>T\u00e4rkeimm\u00e4t ominaisuudet:<\/h4>\n<ul>\n<li>Kest\u00e4v\u00e4 rakenne: T\u00e4m\u00e4 eritt\u00e4in lujista materiaaleista valmistettu hydraulisylinteri on rakennettu kest\u00e4m\u00e4\u00e4n sanitaatiot\u00f6iden tiukat vaatimukset ja varmistamaan pitk\u00e4ik\u00e4isen suorituskyvyn vaativissa olosuhteissa.<\/li>\n<li>Sujuva hydraulinen toiminta: Edistyksellinen hydrauliikkaj\u00e4rjestelm\u00e4 mahdollistaa herk\u00e4t ja sujuvat liikkeet, mik\u00e4 minimoi laitteiden kulumisen ja parantaa yleist\u00e4 toiminnan tehokkuutta.<\/li>\n<li>Parannettu ohjaus: Tarkkaan ohjaukseen suunniteltu vastapaineinen hydraulisylinteri mahdollistaa k\u00e4ytt\u00e4jien navigoida ja k\u00e4sitell\u00e4 saniteettikoneita tehokkaasti, mik\u00e4 parantaa turvallisuutta ja suorituskyky\u00e4.<\/li>\n<li>Monipuolinen k\u00e4ytt\u00f6: T\u00e4m\u00e4 hydraulisylinteri sopii monenlaisiin sanitaatiokoneisiin ja voidaan integroida saumattomasti erilaisiin j\u00e4rjestelmiin, mik\u00e4 tekee siit\u00e4 monipuolisen ratkaisun j\u00e4tehuoltoon.<\/li>\n<li>Energiatehokas: Sen suunnittelu optimoi energiankulutuksen, v\u00e4hent\u00e4\u00e4 tehoh\u00e4vi\u00f6t\u00e4 ja alentaa k\u00e4ytt\u00f6kustannuksia, mik\u00e4 tekee siit\u00e4 ymp\u00e4rist\u00f6yst\u00e4v\u00e4llisen valinnan.<\/li>\n<\/ul>\n<p>Sanitaatiokoneiden vastapainehydraulinen sylinteri on kriittinen komponentti, joka parantaa sanitaatiolaitteiden toimivuutta ja tehokkuutta varmistaen tehokkaan suorituskyvyn j\u00e4tehuollossa samalla, kun se s\u00e4ilytt\u00e4\u00e4 kest\u00e4vyyden ja hallinnan korkealla tasolla.<\/p>\n<h2 style=\"box-sizing: border-box; user-select: initial !important; margin: 0px; padding: 0px 0px 10px; border: 0px; outline: 0px; font-size: 26px; text-size-adjust: 100%; vertical-align: baseline; background: #ffffff; color: #333333; line-height: 1em; font-weight: 500; font-family: Nunito, Helvetica, Arial, Lucida, sans-serif; font-style: normal; font-variant-ligatures: normal; font-variant-caps: normal; letter-spacing: normal; orphans: 2; text-align: start; text-indent: 0px; text-transform: none; widows: 2; word-spacing: 0px; -webkit-text-stroke-width: 0px; white-space: normal; text-decoration-thickness: initial; text-decoration-style: initial; text-decoration-color: initial;\">Sanitaatiokoneiden k\u00e4\u00e4nteisen ty\u00f6nt\u00f6voiman hydraulisylinterin mitat:<\/h2>\n<table style=\"box-sizing: border-box; user-select: initial !important; border-collapse: collapse; border-spacing: 0px; word-break: break-all !important; color: #666666; font-family: Nunito, Helvetica, Arial, Lucida, sans-serif; font-size: 16px; font-style: normal; font-variant-ligatures: normal; font-variant-caps: normal; font-weight: 500; letter-spacing: normal; orphans: 2; text-align: start; text-transform: none; widows: 2; word-spacing: 0px; -webkit-text-stroke-width: 0px; white-space: normal; background-color: #ffffff; text-decoration-thickness: initial; text-decoration-style: initial; text-decoration-color: initial; width: 735.139px;\">\n<tbody style=\"box-sizing: border-box; user-select: initial !important;\">\n<tr style=\"box-sizing: border-box; user-select: initial !important;\">\n<td style=\"box-sizing: border-box; user-select: initial !important; width: 367.569px;\"><img loading=\"lazy\" decoding=\"async\" class=\"alignnone size-full wp-image-430\" src=\"https:\/\/fmp-components.com\/wp-content\/uploads\/2024\/12\/Sanitation-Machinery-Reverse-thrust-Hydraulic-Cylinder-Dimensions-1.webp\" alt=\"Sanitaatiokoneiden k\u00e4\u00e4nteinen ty\u00f6nt\u00f6voiman hydraulisylinteri\" width=\"806\" height=\"377\" title=\"\" srcset=\"https:\/\/fmp-components.com\/wp-content\/uploads\/2024\/12\/Sanitation-Machinery-Reverse-thrust-Hydraulic-Cylinder-Dimensions-1.webp 806w, https:\/\/fmp-components.com\/wp-content\/uploads\/2024\/12\/Sanitation-Machinery-Reverse-thrust-Hydraulic-Cylinder-Dimensions-1-480x225.webp 480w\" sizes=\"(min-width: 0px) and (max-width: 480px) 480px, (min-width: 481px) 806px, 100vw\" \/><\/td>\n<td style=\"box-sizing: border-box; user-select: initial !important; width: 367.569px;\"><img loading=\"lazy\" decoding=\"async\" class=\"alignnone size-full wp-image-431\" src=\"https:\/\/fmp-components.com\/wp-content\/uploads\/2024\/12\/Sanitation-Machinery-Reverse-thrust-Hydraulic-Cylinder-Dimensions-2.webp\" alt=\"Sanitaatiokoneiden k\u00e4\u00e4nteinen ty\u00f6nt\u00f6voiman hydraulisylinteri\" width=\"806\" height=\"377\" title=\"\" srcset=\"https:\/\/fmp-components.com\/wp-content\/uploads\/2024\/12\/Sanitation-Machinery-Reverse-thrust-Hydraulic-Cylinder-Dimensions-2.webp 806w, https:\/\/fmp-components.com\/wp-content\/uploads\/2024\/12\/Sanitation-Machinery-Reverse-thrust-Hydraulic-Cylinder-Dimensions-2-480x225.webp 480w\" sizes=\"(min-width: 0px) and (max-width: 480px) 480px, (min-width: 481px) 806px, 100vw\" \/><\/td>\n<\/tr>\n<\/tbody>\n<\/table>\n<table style=\"box-sizing: border-box; border-collapse: collapse; border-spacing: 0px; color: #666666; font-family: Nunito, Helvetica, Arial, Lucida, sans-serif; font-size: 16px; font-style: normal; font-variant-ligatures: normal; font-variant-caps: normal; font-weight: 500; letter-spacing: normal; orphans: 2; text-align: start; text-transform: none; widows: 2; word-spacing: 0px; -webkit-text-stroke-width: 0px; white-space: normal; background-color: #ffffff; text-decoration-thickness: initial; text-decoration-style: initial; text-decoration-color: initial; height: 62px; width: 97.3832%; user-select: initial !important; word-break: break-all !important;\" border=\"1\" cellspacing=\"0\" cellpadding=\"0\">\n<tbody style=\"box-sizing: border-box; user-select: initial !important;\">\n<tr style=\"box-sizing: border-box; user-select: initial !important; height: 47px;\">\n<td style=\"box-sizing: border-box; height: 47px; width: 12.6359%; text-align: center; user-select: initial !important;\" width=\"246\">Sylinterin nimi<\/td>\n<td style=\"box-sizing: border-box; height: 47px; width: 17.5272%; text-align: center; user-select: initial !important;\" width=\"336\">Piirustusnumero<\/td>\n<td style=\"box-sizing: border-box; height: 47px; width: 8.55978%; text-align: center; user-select: initial !important;\" width=\"126\">Rei\u00e4n halkaisija (D)<\/td>\n<td style=\"box-sizing: border-box; height: 47px; width: 8.42391%; text-align: center; user-select: initial !important;\" width=\"123\">Tangon halkaisija (d)<\/td>\n<td style=\"box-sizing: border-box; height: 47px; width: 7.06522%; text-align: center; user-select: initial !important;\" width=\"114\">Isku (S)<\/td>\n<td style=\"box-sizing: border-box; height: 47px; width: 11.0054%; text-align: center; user-select: initial !important;\" width=\"170\">Asennuset\u00e4isyys (L)<\/td>\n<td style=\"box-sizing: border-box; height: 47px; width: 10.0543%; text-align: center; user-select: initial !important;\" width=\"172\">Ty\u00f6paine<\/td>\n<td style=\"box-sizing: border-box; height: 47px; width: 18.0707%; text-align: center; user-select: initial !important;\" width=\"366\">Liit\u00e4nn\u00e4n mitat (M)<\/td>\n<td style=\"box-sizing: border-box; height: 47px; width: 28.7304%; text-align: center; user-select: initial !important;\" width=\"96\">Paino<\/td>\n<\/tr>\n<tr style=\"box-sizing: border-box; user-select: initial !important; height: 15px;\">\n<td class=\"et3\" style=\"box-sizing: border-box; height: 15px; width: 12.6359%; text-align: center; user-select: initial !important;\" width=\"246\" height=\"303\">Peruutussylinteri<\/td>\n<td class=\"et4\" style=\"box-sizing: border-box; width: 17.5272%; height: 15px; text-align: center; user-select: initial !important;\" width=\"336\">LPE222.2.2-5-00<\/td>\n<td class=\"et4\" style=\"box-sizing: border-box; width: 8.55978%; height: 15px; text-align: center; user-select: initial !important;\" width=\"126\">\u03a6220<\/td>\n<td class=\"et4\" style=\"box-sizing: border-box; width: 8.42391%; height: 15px; text-align: center; user-select: initial !important;\" width=\"123\">\u03a6110<\/td>\n<td class=\"et4\" style=\"box-sizing: border-box; width: 7.06522%; height: 15px; text-align: center; user-select: initial !important;\" width=\"114\">420<\/td>\n<td class=\"et4\" style=\"box-sizing: border-box; width: 11.0054%; height: 15px; text-align: center; user-select: initial !important;\" width=\"170\">1110<\/td>\n<td class=\"et4\" style=\"box-sizing: border-box; width: 10.0543%; height: 15px; text-align: center; user-select: initial !important;\" width=\"172\">16MPa<\/td>\n<td class=\"et4\" style=\"box-sizing: border-box; width: 18.0707%; height: 15px; text-align: center; user-select: initial !important;\" width=\"366\">2-M22*1.5<\/td>\n<td class=\"et4\" style=\"box-sizing: border-box; width: 28.7304%; height: 15px; text-align: center; user-select: initial !important;\" width=\"96\">323 kg<\/td>\n<\/tr>\n<\/tbody>\n<\/table>\n<h2>Saatavilla olevat hydraulisylinterit Merkki ja mallit:<\/h2>\n<table border=\"1\" cellspacing=\"0\" cellpadding=\"0\">\n<tbody>\n<tr>\n<td><span data-spm-anchor-id=\"a2700.details.0.i43.45d84a73e99C9z\">KOMATSU (PC)<\/span><\/td>\n<td>PC30, PC40, PC50, PC56, PC60, PC78, PC100, PC110, PC120, PC130, PC160, PC200-3\/5\/6\/7\/8\/8MO, PC210, PC220-5\/6\/7\/8\/8MO, PC240, PC300\/350\/360-5\/6\/7\/8\/8MO, PC400\/450-5\/6\/7\/8\/8MO, PC800, PC850<\/td>\n<\/tr>\n<tr>\n<td>CATERPILLAR (E)<\/td>\n<td>E301.5, E302, E305.5, E306, E307V1\/V2\/B\/C\/D\/E\/F, E308B\/C, E120B, E312V1\/V2\/B\/C\/D, E313D2, E312D2, E315D<br \/>\nE200B,E320V1\/V2\/A\/B\/C\/D,E324D,E325C\/D,E329D,E330\/336C\/D,E345C,E349D,E365C,E374,E390<\/td>\n<\/tr>\n<tr>\n<td>KOBELCO (SK)<\/td>\n<td>SK60-3\/5\/8, SK75-8\/SR, SK100 ,SK120-3\/5, SK135-8\/SR, SK140-8, SK200-3\/5\/6\/6E, SK210-3\/5\/6\/6E,<br \/>\nSK230\/250-6E,SK250-8,SK260-8,SK350-8\/S8,SK460\/480-8<\/td>\n<\/tr>\n<tr>\n<td>HYUNDAI (R)<\/td>\n<td>R55-5\/7, R60-5\/7, R80, R110, R130, R200-5, R210-5, R215-5\/7, R220-5\/7\/9, R225-5\/7\/9, R250, R260, R265, R290, R305, R445, R485, R505<\/td>\n<\/tr>\n<tr>\n<td><span data-spm-anchor-id=\"a2700.details.0.i53.45d84a73e99C9z\">HITACHI (esim. ZX)<\/span><\/td>\n<td>EX60, EX100-1\/2\/3, EX120-1\/3\/5\/6, EX200-1\/3\/5, EX230-5, EX300-1, EX400<br \/>\nZAX60,ZAX70,ZA120-6,ZAX200\/210-1\/3\/5\/5K,ZAX240,ZAX250,ZAX260,ZAX330-3\/5\/6,ZAX450\/470,ZAX650\/670,ZAX850\/870<\/td>\n<\/tr>\n<tr>\n<td>\n<div class=\"magic-32\"><span data-spm-anchor-id=\"a2700.details.0.i55.45d84a73e99C9z\">DOOSAN (DH\/DX)<\/span><\/div>\n<\/td>\n<td>\n<div class=\"magic-33\"><span class=\"magic-34\">DH55, DH60, DH80, DH150, DH215-5\/7, DH220-5, DH225-5\/7, DH258, DH300-5\/7, DH370, DH420, DH500<br \/>\nDX55, DX60, DX75, DX130, DX225-9, DX300, DX380, DX420, DX500<\/span><\/div>\n<\/td>\n<\/tr>\n<tr>\n<td>\n<div class=\"magic-32\">VOLVO (EY)<\/div>\n<\/td>\n<td>\n<div class=\"magic-33\"><span class=\"magic-34\">EC55, EC60, EC75, EC80, EC140, EC210B\/D, EC220D, EC240, EC250, EC290, EC300, EC360, EC380, EC460, EC480, EC700, EC750, EC950<\/span><\/div>\n<\/td>\n<\/tr>\n<tr>\n<td>\n<div class=\"magic-32\">KATO (HD)<\/div>\n<\/td>\n<td>\n<div class=\"magic-33\"><span class=\"magic-34\">HD307\/308, HD450, HD512, HD700-5\/7, HD820-1\/2\/3\/5\/R, HD1023-1\/3, HD1430-1\/3<\/span><\/div>\n<\/td>\n<\/tr>\n<tr>\n<td>\n<div class=\"magic-32\">MUU MERKKI<\/div>\n<\/td>\n<td>\n<div class=\"magic-33\"><span class=\"magic-34\">XCMG,LIUGONG,KUBOTA,CASE,YANMAR,SUNWARD,ZOOMLION,LISHIDE,LIEHERR<\/span><\/div>\n<\/td>\n<\/tr>\n<\/tbody>\n<\/table>\n<h3>Sanitaatiokoneiden edut k\u00e4\u00e4nteisen ty\u00f6nt\u00f6voiman hydraulisylinteriss\u00e4<\/h3>\n<h4>1. Parannettu hallinta<\/h4>\n<p>Sanitaatiokoneiden vastavirtahydraulinen sylinteri tarjoaa tarkan hallinnan sanitaatiolaitteiden vastavirtaliikkeille. T\u00e4m\u00e4 ominaisuus mahdollistaa tehokkaan liikkumisen ja parantaa esimerkiksi j\u00e4tteenkeruun ja katujen puhdistuksen kaltaisten toimintojen kokonaistehokkuutta.<\/p>\n<h4>2. Vankka kest\u00e4vyys<\/h4>\n<p>T\u00e4m\u00e4 hydraulisylinteri on suunniteltu kest\u00e4m\u00e4\u00e4n sanitaatiot\u00f6iden ankaria olosuhteita, ja se on valmistettu eritt\u00e4in lujista materiaaleista. Sen kest\u00e4vyys varmistaa pitk\u00e4n k\u00e4ytt\u00f6i\u00e4n ja v\u00e4hent\u00e4\u00e4 tarvetta usein vaihdettaville osille ja huollolle.<\/p>\n<h4>3. Sujuva toiminta<\/h4>\n<p>Peruutussylinterin edistynyt hydrauliikkaj\u00e4rjestelm\u00e4 mahdollistaa sujuvan ja herk\u00e4n toiminnan. T\u00e4m\u00e4 v\u00e4hent\u00e4\u00e4 laitteiden kulumista ja minimoi \u00e4killisten liikkeiden riskin, mik\u00e4 parantaa turvallisuutta k\u00e4yt\u00f6n aikana.<\/p>\n<h4>4. Monipuolisuus<\/h4>\n<p>T\u00e4m\u00e4 hydraulisylinteri on monipuolinen ja sit\u00e4 voidaan k\u00e4ytt\u00e4\u00e4 erilaisissa sanitaatiokoneissa, kuten j\u00e4teautoissa ja katujen lakaisukoneissa. Sen muunneltavuus tekee siit\u00e4 sopivan monenlaisiin k\u00e4ytt\u00f6tarkoituksiin j\u00e4tehuollossa ja kunnallisissa palveluissa.<\/p>\n<h4>5. Parempi turvallisuus<\/h4>\n<p>Luotettavan peruutusohjauksen ansiosta hydraulisylinteri parantaa puhtaanapitot\u00f6iden turvallisuutta. Se auttaa ehk\u00e4isem\u00e4\u00e4n onnettomuuksia ja varmistaa, ett\u00e4 koneet toimivat turvallisten parametrien mukaisesti, suojellen sek\u00e4 k\u00e4ytt\u00e4ji\u00e4 ett\u00e4 ymp\u00e4r\u00f6iv\u00e4\u00e4 ymp\u00e4rist\u00f6\u00e4.<\/p>\n<h4>6. Energiatehokkuus<\/h4>\n<p>K\u00e4\u00e4nteisen ty\u00f6nt\u00f6voiman hydraulisylinterin rakenne optimoi energiankulutuksen ja minimoi tehoh\u00e4vi\u00f6n k\u00e4yt\u00f6n aikana. T\u00e4m\u00e4 tehokkuus tarkoittaa alhaisempia k\u00e4ytt\u00f6kustannuksia ja edist\u00e4\u00e4 ymp\u00e4rist\u00f6yst\u00e4v\u00e4llisi\u00e4 k\u00e4yt\u00e4nt\u00f6j\u00e4 j\u00e4tteenk\u00e4sittelyss\u00e4.<\/p>\n<h4>7. Helppo integrointi<\/h4>\n<p>Sylinteri on suunniteltu helposti asennettavaksi olemassa oleviin saniteettilaitteisiin, mik\u00e4 mahdollistaa nopeat p\u00e4ivitykset ja minimoi seisokkiajat huollon tai vaihdon aikana.<\/p>\n<p>Sanitaatiokoneiden k\u00e4\u00e4nteisty\u00f6nt\u00f6voimalla varustettu hydraulisylinteri tarjoaa lukuisia etuja, kuten paremman hallinnan, kest\u00e4vyyden ja turvallisuuden, mik\u00e4 tekee siit\u00e4 olennaisen komponentin tehokkaisiin ja tuloksellisiin sanitaatiotoimintoihin. Sen monipuolisuus ja energiatehokkuus lis\u00e4\u00e4v\u00e4t entisest\u00e4\u00e4n sen arvoa j\u00e4tehuoltoalalla.<\/p>\n<p><img loading=\"lazy\" decoding=\"async\" class=\"alignnone size-full wp-image-429\" src=\"https:\/\/fmp-components.com\/wp-content\/uploads\/2024\/12\/Sanitation-Machinery-Reverse-Thrust-Hydraulic-Cylinder-1.webp\" alt=\"Sanitaatiokoneiden k\u00e4\u00e4nteinen ty\u00f6nt\u00f6voiman hydraulisylinteri\" width=\"1000\" height=\"667\" title=\"\" srcset=\"https:\/\/fmp-components.com\/wp-content\/uploads\/2024\/12\/Sanitation-Machinery-Reverse-Thrust-Hydraulic-Cylinder-1.webp 1000w, https:\/\/fmp-components.com\/wp-content\/uploads\/2024\/12\/Sanitation-Machinery-Reverse-Thrust-Hydraulic-Cylinder-1-980x654.webp 980w, https:\/\/fmp-components.com\/wp-content\/uploads\/2024\/12\/Sanitation-Machinery-Reverse-Thrust-Hydraulic-Cylinder-1-480x320.webp 480w\" sizes=\"(min-width: 0px) and (max-width: 480px) 480px, (min-width: 481px) and (max-width: 980px) 980px, (min-width: 981px) 1000px, 100vw\" \/><\/p>\n<h2>Tietoja FMP:st\u00e4<\/h2>\n<p>FMP on hydraulisten sylinterien tuotantoon erikoistunut konepajayritys. Perustamisestaan \u200b\u200bl\u00e4htien yritys on keskittynyt hydraulisen teknologian tutkimukseen ja valmistukseen ja siirtynyt menestyksekk\u00e4\u00e4sti monipuolisesta tuotevalikoimasta, joka sis\u00e4lsi sadonkorjuu- ja rakennuskoneita, maataloustraktorien osiin erikoistumiseen. Yli kymmenen vuoden kokemuksella valmistuksesta ja johtamisesta FMP varmistaa korkealaatuiset tuotteet edistyneiden tuotantotekniikoiden avulla.<\/p>\n<p>Yrityksen kehittyess\u00e4 se on kehitt\u00e4nyt kattavan koneistuslinjan, kokoonpanolinjan ja pinnoituslinjan. Tiimimme koostuu ammattitaitoisesta johtohenkil\u00f6st\u00f6st\u00e4, kokeneista mekaanisista suunnittelijoista ja korkeasti koulutetuista teknikoista, jotka ty\u00f6skentelev\u00e4t yhdess\u00e4 yll\u00e4pit\u00e4\u00e4kseen vakaata tuotannon laatua ja samalla tehokkaasti hallitakseen prosessin jatkuvuutta ja tehokkuutta.<\/p>\n<p>FMP noudattaa filosofiaa, jonka mukaan \u201dteknologinen innovaatio edist\u00e4\u00e4 kehityst\u00e4, laatu luo br\u00e4ndej\u00e4, k\u00e4sity\u00f6taito varmistaa laadun ja rakentaa pitk\u00e4aikaisia, kaikkia hy\u00f6dytt\u00e4vi\u00e4 suhteita\u201d. Sitoutumisemme korkealaatuisten tuotteiden ja erinomaisen asiakaspalvelun tarjoamiseen on edelleen keskeinen tavoitteemme, kun jatkamme markkinoiden kehittyvien tarpeiden t\u00e4ytt\u00e4mist\u00e4.<\/p>\n<p><img loading=\"lazy\" decoding=\"async\" class=\"alignnone size-full wp-image-426\" src=\"https:\/\/fmp-components.com\/wp-content\/uploads\/2024\/12\/Sanitation-Machinery-Locking-Hydraulic-Cylinder-factory.webp\" alt=\"Sanitaatio-Koneet-Lukitus-Hydraulinen-Sylinteri-tehdas\" width=\"1414\" height=\"584\" title=\"\" srcset=\"https:\/\/fmp-components.com\/wp-content\/uploads\/2024\/12\/Sanitation-Machinery-Locking-Hydraulic-Cylinder-factory.webp 1414w, https:\/\/fmp-components.com\/wp-content\/uploads\/2024\/12\/Sanitation-Machinery-Locking-Hydraulic-Cylinder-factory-1280x529.webp 1280w, https:\/\/fmp-components.com\/wp-content\/uploads\/2024\/12\/Sanitation-Machinery-Locking-Hydraulic-Cylinder-factory-980x405.webp 980w, https:\/\/fmp-components.com\/wp-content\/uploads\/2024\/12\/Sanitation-Machinery-Locking-Hydraulic-Cylinder-factory-480x198.webp 480w\" sizes=\"(min-width: 0px) and (max-width: 480px) 480px, (min-width: 481px) and (max-width: 980px) 980px, (min-width: 981px) and (max-width: 1280px) 1280px, (min-width: 1281px) 1414px, 100vw\" \/><\/p>\n<p>Tekij\u00e4: CX<\/p>","protected":false},"excerpt":{"rendered":"<p>Sanitaatiokoneiden vastavirtahydraulinen sylinteri on t\u00e4rke\u00e4 komponentti, joka on suunniteltu tarjoamaan tehokasta vastavirtaa sanitaatiolaitteille, kuten j\u00e4teautoille ja katujen lakaisimille. T\u00e4m\u00e4 hydraulisylinteri on suunniteltu tarjoamaan luotettavaa suorituskyky\u00e4, ja se varmistaa sujuvan ja hallitun toiminnan, mahdollistaen tarkat liikkeet eri konetoimintoja kytkett\u00e4ess\u00e4 ja pois p\u00e4\u00e4lt\u00e4. Se on valmistettu eritt\u00e4in lujista materiaaleista ja kest\u00e4\u00e4 vaativien ty\u00f6olosuhteiden rasituksen varmistaen kest\u00e4vyyden ja pitk\u00e4ik\u00e4isyyden. Tehokas hydraulinen rakenne minimoi energiah\u00e4vikin ja maksimoi samalla toiminnan tehokkuuden, mik\u00e4 tekee siit\u00e4 olennaisen ty\u00f6kalun sanitaatiokoneiden toimivuuden ja tehokkuuden parantamiseksi j\u00e4tehuollon sovelluksissa.<\/p>","protected":false},"featured_media":428,"comment_status":"open","ping_status":"closed","template":"","meta":{"_et_pb_use_builder":"","_et_pb_old_content":"","_et_gb_content_width":""},"product_brand":[],"product_cat":[23],"product_tag":[],"class_list":{"0":"post-427","1":"product","2":"type-product","3":"status-publish","4":"has-post-thumbnail","6":"product_cat-sanitation-machinery-hydraulic-cylinders","8":"first","9":"instock","10":"shipping-taxable","11":"product-type-simple"},"_links":{"self":[{"href":"https:\/\/fmp-components.com\/fi\/wp-json\/wp\/v2\/product\/427","targetHints":{"allow":["GET"]}}],"collection":[{"href":"https:\/\/fmp-components.com\/fi\/wp-json\/wp\/v2\/product"}],"about":[{"href":"https:\/\/fmp-components.com\/fi\/wp-json\/wp\/v2\/types\/product"}],"replies":[{"embeddable":true,"href":"https:\/\/fmp-components.com\/fi\/wp-json\/wp\/v2\/comments?post=427"}],"wp:featuredmedia":[{"embeddable":true,"href":"https:\/\/fmp-components.com\/fi\/wp-json\/wp\/v2\/media\/428"}],"wp:attachment":[{"href":"https:\/\/fmp-components.com\/fi\/wp-json\/wp\/v2\/media?parent=427"}],"wp:term":[{"taxonomy":"product_brand","embeddable":true,"href":"https:\/\/fmp-components.com\/fi\/wp-json\/wp\/v2\/product_brand?post=427"},{"taxonomy":"product_cat","embeddable":true,"href":"https:\/\/fmp-components.com\/fi\/wp-json\/wp\/v2\/product_cat?post=427"},{"taxonomy":"product_tag","embeddable":true,"href":"https:\/\/fmp-components.com\/fi\/wp-json\/wp\/v2\/product_tag?post=427"}],"curies":[{"name":"wp","href":"https:\/\/api.w.org\/{rel}","templated":true}]}}