{"id":420,"date":"2024-12-10T05:29:31","date_gmt":"2024-12-10T05:29:31","guid":{"rendered":"https:\/\/fmp-components.com\/?page_id=8"},"modified":"2024-12-10T05:45:25","modified_gmt":"2024-12-10T05:45:25","slug":"sanitation-machinery-locking-hydraulic-cylinder","status":"publish","type":"product","link":"https:\/\/fmp-components.com\/fi\/product\/sanitation-machinery-locking-hydraulic-cylinder\/","title":{"rendered":"Hydraulinen sylinterin lukitus"},"content":{"rendered":"<p style=\"text-align: center;\"><span style=\"font-size: 18pt;\">Hydraulinen sylinterin lukitus<\/span><\/p>\n<p>Sanitaatiokoneiden lukitushydraulisylinteri on olennainen osa, joka on suunniteltu tarjoamaan turvallisia ja luotettavia lukitusmekanismeja sanitaatiolaitteille, kuten j\u00e4teautoille, katujen lakaisimille ja j\u00e4tepuristimille. T\u00e4m\u00e4 hydraulisylinteri varmistaa, ett\u00e4 koneiden eri osat pysyv\u00e4t vakaina ja turvallisina k\u00e4yt\u00f6n ja kuljetuksen aikana, mik\u00e4 parantaa yleist\u00e4 turvallisuutta ja tehokkuutta.<\/p>\n<p><img loading=\"lazy\" decoding=\"async\" class=\"size-full wp-image-421 aligncenter\" src=\"https:\/\/fmp-components.com\/wp-content\/uploads\/2024\/12\/Sanitation-Machinery-Locking-Hydraulic-Cylinder.webp\" alt=\"Hydraulinen sylinterin lukitus\" width=\"500\" height=\"500\" title=\"\" srcset=\"https:\/\/fmp-components.com\/wp-content\/uploads\/2024\/12\/Sanitation-Machinery-Locking-Hydraulic-Cylinder.webp 500w, https:\/\/fmp-components.com\/wp-content\/uploads\/2024\/12\/Sanitation-Machinery-Locking-Hydraulic-Cylinder-480x480.webp 480w\" sizes=\"(min-width: 0px) and (max-width: 480px) 480px, (min-width: 481px) 500px, 100vw\" \/><\/p>\n<h4>T\u00e4rkeimm\u00e4t ominaisuudet:<\/h4>\n<ul>\n<li>Kest\u00e4v\u00e4 rakenne: T\u00e4m\u00e4 lukkiutuva hydraulisylinteri on valmistettu eritt\u00e4in lujista materiaaleista ja suunniteltu kest\u00e4m\u00e4\u00e4n sanitaatiot\u00f6iden vaativat olosuhteet varmistaen pitk\u00e4kestoisen kest\u00e4vyyden ja luotettavuuden.<\/li>\n<li>Tehokas hydraulinen rakenne: Sylinteri hy\u00f6dynt\u00e4\u00e4 edistynytt\u00e4 hydrauliikkateknologiaa sujuvan ja reagoivan toiminnan mahdollistamiseksi. Lukitusmekanismin nopea kytkeytyminen ja irrottaminen helpottaa tehokasta ty\u00f6nkulkua.<\/li>\n<li>Parannettu turvallisuus: Lukitsemalla saniteettikoneiden kriittiset komponentit turvallisesti hydraulisylinteri auttaa est\u00e4m\u00e4\u00e4n vahingossa tapahtuvan liikkeen tai irtoamisen k\u00e4yt\u00f6n aikana ja siten v\u00e4hent\u00e4m\u00e4\u00e4n onnettomuusriski\u00e4.<\/li>\n<li>Monipuoliset k\u00e4ytt\u00f6kohteet: T\u00e4m\u00e4 lukittuva hydraulisylinteri sopii monenlaisille sanitaatiolaitteille ja on olennainen osa j\u00e4tehuollossa ja katujen puhdistuksessa k\u00e4ytett\u00e4vien ajoneuvojen ja koneiden tehokasta toimintaa.<\/li>\n<li>Helppo integrointi: Helppoon asennukseen suunniteltu lukittava hydraulisylinteri voidaan saumattomasti integroida olemassa oleviin saniteettikonej\u00e4rjestelmiin, mik\u00e4 minimoi seisokkiajat ja varmistaa nopean k\u00e4ytt\u00f6\u00f6noton.<\/li>\n<\/ul>\n<p>Sanitaatiokoneiden lukitushydraulisylinteri on ratkaiseva komponentti, joka parantaa sanitaatiolaitteiden turvallisuutta, tehokkuutta ja luotettavuutta, tehden siit\u00e4 v\u00e4ltt\u00e4m\u00e4tt\u00f6m\u00e4n ty\u00f6kalun tehokkaaseen j\u00e4tehuoltoon.<\/p>\n<h2>Saniteettikoneiden lukitushydraulisylinterin mitat:<\/h2>\n<table>\n<tbody>\n<tr>\n<td><img loading=\"lazy\" decoding=\"async\" class=\"alignnone size-full wp-image-423\" src=\"https:\/\/fmp-components.com\/wp-content\/uploads\/2024\/12\/Sanitation-Machinery-Locking-Hydraulic-Cylinder-Dimensions-1.webp\" alt=\"Hydraulinen sylinterin lukitus\" width=\"980\" height=\"427\" title=\"\" srcset=\"https:\/\/fmp-components.com\/wp-content\/uploads\/2024\/12\/Sanitation-Machinery-Locking-Hydraulic-Cylinder-Dimensions-1.webp 980w, https:\/\/fmp-components.com\/wp-content\/uploads\/2024\/12\/Sanitation-Machinery-Locking-Hydraulic-Cylinder-Dimensions-1-480x209.webp 480w\" sizes=\"(min-width: 0px) and (max-width: 480px) 480px, (min-width: 481px) 980px, 100vw\" \/><\/td>\n<td><img loading=\"lazy\" decoding=\"async\" class=\"alignnone size-full wp-image-424\" src=\"https:\/\/fmp-components.com\/wp-content\/uploads\/2024\/12\/Sanitation-Machinery-Locking-Hydraulic-Cylinder-Dimensions-2.webp\" alt=\"Hydraulinen sylinterin lukitus\" width=\"980\" height=\"427\" title=\"\" srcset=\"https:\/\/fmp-components.com\/wp-content\/uploads\/2024\/12\/Sanitation-Machinery-Locking-Hydraulic-Cylinder-Dimensions-2.webp 980w, https:\/\/fmp-components.com\/wp-content\/uploads\/2024\/12\/Sanitation-Machinery-Locking-Hydraulic-Cylinder-Dimensions-2-480x209.webp 480w\" sizes=\"(min-width: 0px) and (max-width: 480px) 480px, (min-width: 481px) 980px, 100vw\" \/><\/td>\n<\/tr>\n<\/tbody>\n<\/table>\n<table style=\"width: 100%; height: 124px;\" border=\"1\" cellspacing=\"0\" cellpadding=\"0\">\n<tbody>\n<tr style=\"height: 47px;\">\n<td style=\"height: 47px;\" width=\"246\">Sylinterin nimi<\/td>\n<td style=\"height: 47px;\" width=\"336\">Piirustusnumero<\/td>\n<td style=\"height: 47px;\" width=\"126\">Rei\u00e4n halkaisija (D)<\/td>\n<td style=\"height: 47px;\" width=\"123\">Tangon halkaisija (d)<\/td>\n<td style=\"height: 47px;\" width=\"114\">Isku (S)<\/td>\n<td style=\"height: 47px;\" width=\"170\">Asennuset\u00e4isyys (L)<\/td>\n<td style=\"height: 47px;\" width=\"172\">Ty\u00f6paine<\/td>\n<td style=\"height: 47px;\" width=\"366\">Liit\u00e4nn\u00e4n mitat (M)<\/td>\n<td style=\"height: 47px;\" width=\"96\">Paino<\/td>\n<\/tr>\n<tr style=\"height: 33px;\">\n<td class=\"et3\" style=\"height: 33px;\" width=\"246\" height=\"286\">Lukkosylinteri<\/td>\n<td class=\"et4\" style=\"height: 33px;\" width=\"336\">107504-00<\/td>\n<td class=\"et4\" style=\"height: 33px;\" width=\"126\">\u03a640<\/td>\n<td class=\"et4\" style=\"height: 33px;\" width=\"123\">\u03a620<\/td>\n<td class=\"et4\" style=\"height: 33px;\" width=\"114\">53<\/td>\n<td class=\"et4\" style=\"height: 33px;\" width=\"170\">245<\/td>\n<td class=\"et4\" style=\"height: 33px;\" width=\"172\">25MPa<\/td>\n<td class=\"et4\" style=\"height: 33px;\" width=\"366\">2-G3\/8<\/td>\n<td class=\"et4\" style=\"height: 33px;\" width=\"96\">2,6 kg<\/td>\n<\/tr>\n<tr style=\"height: 44px;\">\n<td class=\"et3\" style=\"height: 44px;\" width=\"246\" height=\"316\">Lukkosylinteri<\/td>\n<td class=\"et4\" style=\"height: 44px;\">103631-00<\/td>\n<td class=\"et4\" style=\"height: 44px;\">\u03a663<\/td>\n<td class=\"et4\" style=\"height: 44px;\">\u03a640<\/td>\n<td class=\"et4\" style=\"height: 44px;\">160<\/td>\n<td class=\"et4\" style=\"height: 44px;\">385<\/td>\n<td class=\"et4\" style=\"height: 44px;\">30MPa<\/td>\n<td class=\"et4\" style=\"height: 44px;\">2-G3\/8<\/td>\n<td class=\"et4\" style=\"height: 44px;\">15 kg<\/td>\n<\/tr>\n<\/tbody>\n<\/table>\n<h3>Hydraulisylinterin lukituksen sanitaatiokoneiden ominaisuudet<\/h3>\n<h4>1. Kest\u00e4v\u00e4 rakenne<\/h4>\n<p>Sanitaatiokoneiden lukittava hydraulisylinteri on valmistettu eritt\u00e4in lujista materiaaleista, jotka takaavat kest\u00e4vyyden ja kulumisenkest\u00e4vyyden, joten se sopii sanitaatioty\u00f6n vaativiin olosuhteisiin.<\/p>\n<h4>2. Tehokas lukitusmekanismi<\/h4>\n<p>T\u00e4m\u00e4 hydraulisylinteri on suunniteltu edistyneell\u00e4 lukitusmekanismilla, joka mahdollistaa nopean ja turvallisen kytkenn\u00e4n ja irrotuksen. T\u00e4m\u00e4 tehokkuus parantaa toiminnan ty\u00f6nkulkua ja turvallisuutta k\u00e4yt\u00f6n aikana.<\/p>\n<h4>3. Sujuva hydraulinen toiminta<\/h4>\n<p>Sylinteriss\u00e4 on hyvin suunniteltu hydrauliikkaj\u00e4rjestelm\u00e4, joka tarjoaa sujuvan ja herk\u00e4n toiminnan. T\u00e4m\u00e4 ominaisuus mahdollistaa lukitus- ja avaustoimintojen tarkan hallinnan varmistaen luotettavan suorituskyvyn.<\/p>\n<h4>4. Turvallisuusparannukset<\/h4>\n<p>Turvaominaisuuksia, kuten paineenalennusventtiilej\u00e4, sis\u00e4lt\u00e4v\u00e4 lukittuva hydraulisylinteri est\u00e4\u00e4 tahattoman irtoamisen tai liikkumisen. T\u00e4m\u00e4 varmistaa, ett\u00e4 komponentit pysyv\u00e4t turvallisesti lukittuina k\u00e4yt\u00f6n aikana, mik\u00e4 v\u00e4hent\u00e4\u00e4 onnettomuusriski\u00e4.<\/p>\n<h4>5. Monipuolinen yhteensopivuus<\/h4>\n<p>T\u00e4m\u00e4 hydraulisylinteri on suunniteltu yhteensopivaksi monenlaisten sanitaatiolaitteiden, kuten j\u00e4teautojen ja katujen lakaisijoiden, kanssa, ja se voidaan helposti integroida erilaisiin konej\u00e4rjestelmiin, mik\u00e4 tekee siit\u00e4 monipuolisen vaihtoehdon j\u00e4tehuoltotoimintoihin.<\/p>\n<h4>6. V\u00e4h\u00e4iset huoltovaatimukset<\/h4>\n<p>Kest\u00e4vien materiaalien ja kest\u00e4v\u00e4n rakenteensa ansiosta lukittuva hydraulisylinteri vaatii vain v\u00e4h\u00e4n huoltoa, mik\u00e4 lyhent\u00e4\u00e4 seisokkiaikoja ja k\u00e4ytt\u00f6kustannuksia sanitaatiopalveluissa.<\/p>\n<h4>7. Kompakti muotoilu<\/h4>\n<p>Sylinterin kompakti rakenne mahdollistaa tilan tehokkaan k\u00e4yt\u00f6n saniteettikoneissa ja optimaalisen suorituskyvyn vaarantamatta laitteiden yleist\u00e4 asettelua.<\/p>\n<h4>8. Korroosionkest\u00e4vyys<\/h4>\n<p>Monissa malleissa on korroosiota vastaan \u200b\u200bsuojaavat pinnoitteet, jotka varmistavat, ett\u00e4 hydraulisylinteri s\u00e4ilytt\u00e4\u00e4 toimivuutensa ja ulkon\u00e4k\u00f6ns\u00e4 my\u00f6s silloin, kun se altistuu saniteettit\u00f6iss\u00e4 yleisesti esiintyville ankarille ymp\u00e4rist\u00f6olosuhteille.<\/p>\n<p>Yhteenvetona voidaan todeta, ett\u00e4 sanitaatiokoneiden lukittava hydraulisylinteri yhdist\u00e4\u00e4 kest\u00e4vyyden, tehokkuuden ja turvallisuuden, mik\u00e4 tekee siit\u00e4 olennaisen komponentin sanitaatioalan tehokkaaseen ja luotettavaan toimintaan.<\/p>\n<h2><img loading=\"lazy\" decoding=\"async\" class=\"alignnone size-full wp-image-422\" src=\"https:\/\/fmp-components.com\/wp-content\/uploads\/2024\/12\/Sanitation-Machinery.webp\" alt=\"Hydraulinen sylinterin lukitus\" width=\"1000\" height=\"667\" title=\"\" srcset=\"https:\/\/fmp-components.com\/wp-content\/uploads\/2024\/12\/Sanitation-Machinery.webp 1000w, https:\/\/fmp-components.com\/wp-content\/uploads\/2024\/12\/Sanitation-Machinery-980x654.webp 980w, https:\/\/fmp-components.com\/wp-content\/uploads\/2024\/12\/Sanitation-Machinery-480x320.webp 480w\" sizes=\"(min-width: 0px) and (max-width: 480px) 480px, (min-width: 481px) and (max-width: 980px) 980px, (min-width: 981px) 1000px, 100vw\" \/><\/h2>\n<h2>Tietoja FMP:st\u00e4<\/h2>\n<p>FMP on hydraulisten sylinterien tuotantoon erikoistunut konepajayritys. Perustamisestaan \u200b\u200bl\u00e4htien yritys on keskittynyt hydraulisen teknologian tutkimukseen ja valmistukseen ja siirtynyt menestyksekk\u00e4\u00e4sti monipuolisesta tuotevalikoimasta, joka sis\u00e4lsi sadonkorjuu- ja rakennuskoneita, maataloustraktorien osiin erikoistumiseen. Yli kymmenen vuoden kokemuksella valmistuksesta ja johtamisesta FMP varmistaa korkealaatuiset tuotteet edistyneiden tuotantotekniikoiden avulla.<\/p>\n<p>Yrityksen kehittyess\u00e4 se on kehitt\u00e4nyt kattavan koneistuslinjan, kokoonpanolinjan ja pinnoituslinjan. Tiimimme koostuu ammattitaitoisesta johtohenkil\u00f6st\u00f6st\u00e4, kokeneista mekaanisista suunnittelijoista ja korkeasti koulutetuista teknikoista, jotka ty\u00f6skentelev\u00e4t yhdess\u00e4 yll\u00e4pit\u00e4\u00e4kseen vakaata tuotannon laatua ja samalla tehokkaasti hallitakseen prosessin jatkuvuutta ja tehokkuutta.<\/p>\n<p>FMP noudattaa filosofiaa, jonka mukaan \u201dteknologinen innovaatio edist\u00e4\u00e4 kehityst\u00e4, laatu luo br\u00e4ndej\u00e4, k\u00e4sity\u00f6taito varmistaa laadun ja rakentaa pitk\u00e4aikaisia, kaikkia hy\u00f6dytt\u00e4vi\u00e4 suhteita\u201d. Sitoutumisemme korkealaatuisten tuotteiden ja erinomaisen asiakaspalvelun tarjoamiseen on edelleen keskeinen tavoitteemme, kun jatkamme markkinoiden kehittyvien tarpeiden t\u00e4ytt\u00e4mist\u00e4.<\/p>\n<p><img loading=\"lazy\" decoding=\"async\" class=\"alignnone size-full wp-image-426\" src=\"https:\/\/fmp-components.com\/wp-content\/uploads\/2024\/12\/Sanitation-Machinery-Locking-Hydraulic-Cylinder-factory.webp\" alt=\"Sanitaatio-Koneet-Lukitus-Hydraulinen-Sylinteri-tehdas\" width=\"1414\" height=\"584\" title=\"\" srcset=\"https:\/\/fmp-components.com\/wp-content\/uploads\/2024\/12\/Sanitation-Machinery-Locking-Hydraulic-Cylinder-factory.webp 1414w, https:\/\/fmp-components.com\/wp-content\/uploads\/2024\/12\/Sanitation-Machinery-Locking-Hydraulic-Cylinder-factory-1280x529.webp 1280w, https:\/\/fmp-components.com\/wp-content\/uploads\/2024\/12\/Sanitation-Machinery-Locking-Hydraulic-Cylinder-factory-980x405.webp 980w, https:\/\/fmp-components.com\/wp-content\/uploads\/2024\/12\/Sanitation-Machinery-Locking-Hydraulic-Cylinder-factory-480x198.webp 480w\" sizes=\"(min-width: 0px) and (max-width: 480px) 480px, (min-width: 481px) and (max-width: 980px) 980px, (min-width: 981px) and (max-width: 1280px) 1280px, (min-width: 1281px) 1414px, 100vw\" \/><\/p>\n<p>Tekij\u00e4: CX<\/p>","protected":false},"excerpt":{"rendered":"<p>Sanitaatiokoneiden lukitseva hydraulisylinteri on elint\u00e4rke\u00e4 komponentti, joka on suunniteltu varmistamaan sanitaatiolaitteiden, kuten j\u00e4teautojen ja katujen lakaisijoiden, turvallinen toiminta. T\u00e4m\u00e4 hydraulisylinteri tarjoaa luotettavat lukitusmekanismit, jotka yll\u00e4pit\u00e4v\u00e4t koneiden vakauden ja turvallisuuden k\u00e4yt\u00f6n ja kuljetuksen aikana. Se on valmistettu eritt\u00e4in lujista materiaaleista ja kest\u00e4\u00e4 vaativia ty\u00f6ymp\u00e4rist\u00f6j\u00e4 varmistaen kest\u00e4vyyden ja pitk\u00e4ik\u00e4isyyden. Tehokas hydraulinen rakenne mahdollistaa sujuvan toiminnan, jolloin lukitusj\u00e4rjestelm\u00e4 voidaan kytke\u00e4 ja irrottaa nopeasti. Turvallisuuden ja tehokkuuden parantamiseksi t\u00e4m\u00e4 lukitseva hydraulisylinteri on ratkaisevan t\u00e4rke\u00e4 sanitaatiokoneiden tehokkaalle toiminnalle.<\/p>","protected":false},"featured_media":421,"comment_status":"open","ping_status":"closed","template":"","meta":{"_et_pb_use_builder":"","_et_pb_old_content":"","_et_gb_content_width":""},"product_brand":[],"product_cat":[23],"product_tag":[],"class_list":{"0":"post-420","1":"product","2":"type-product","3":"status-publish","4":"has-post-thumbnail","6":"product_cat-sanitation-machinery-hydraulic-cylinders","8":"first","9":"instock","10":"shipping-taxable","11":"product-type-simple"},"_links":{"self":[{"href":"https:\/\/fmp-components.com\/fi\/wp-json\/wp\/v2\/product\/420","targetHints":{"allow":["GET"]}}],"collection":[{"href":"https:\/\/fmp-components.com\/fi\/wp-json\/wp\/v2\/product"}],"about":[{"href":"https:\/\/fmp-components.com\/fi\/wp-json\/wp\/v2\/types\/product"}],"replies":[{"embeddable":true,"href":"https:\/\/fmp-components.com\/fi\/wp-json\/wp\/v2\/comments?post=420"}],"wp:featuredmedia":[{"embeddable":true,"href":"https:\/\/fmp-components.com\/fi\/wp-json\/wp\/v2\/media\/421"}],"wp:attachment":[{"href":"https:\/\/fmp-components.com\/fi\/wp-json\/wp\/v2\/media?parent=420"}],"wp:term":[{"taxonomy":"product_brand","embeddable":true,"href":"https:\/\/fmp-components.com\/fi\/wp-json\/wp\/v2\/product_brand?post=420"},{"taxonomy":"product_cat","embeddable":true,"href":"https:\/\/fmp-components.com\/fi\/wp-json\/wp\/v2\/product_cat?post=420"},{"taxonomy":"product_tag","embeddable":true,"href":"https:\/\/fmp-components.com\/fi\/wp-json\/wp\/v2\/product_tag?post=420"}],"curies":[{"name":"wp","href":"https:\/\/api.w.org\/{rel}","templated":true}]}}