{"id":397,"date":"2024-12-10T02:38:22","date_gmt":"2024-12-10T02:38:22","guid":{"rendered":"https:\/\/fmp-components.com\/?page_id=8"},"modified":"2024-12-10T02:54:39","modified_gmt":"2024-12-10T02:54:39","slug":"scissor-fork-aerial-work-vehicle-lifting-hydraulic-cylinder","status":"publish","type":"product","link":"https:\/\/fmp-components.com\/fi\/product\/scissor-fork-aerial-work-vehicle-lifting-hydraulic-cylinder\/","title":{"rendered":"Saksihaarukka-ilmaty\u00f6ajoneuvon nostohydraulinen sylinteri"},"content":{"rendered":"<p style=\"text-align: center;\"><span style=\"font-size: 18pt;\">Saksihaarukka-ilmaty\u00f6ajoneuvon nostohydraulinen sylinteri<\/span><\/p>\n<p>Saksihaarukka-alustaisen ty\u00f6ajoneuvon nostohydraulisylinteri on olennainen osa, joka on suunniteltu tarjoamaan luotettavaa nostovoimaa saksilavanostimille. T\u00e4m\u00e4 hydraulisylinteri on suunniteltu optimaalista suorituskyky\u00e4 varten, mahdollistaen nostimen tasaisen ja hallitun noston, mik\u00e4 on ratkaisevan t\u00e4rke\u00e4\u00e4 korotetuille ty\u00f6alueille turvallisen ja tehokkaan p\u00e4\u00e4syn kannalta.<\/p>\n<p><img loading=\"lazy\" decoding=\"async\" class=\"size-full wp-image-407 aligncenter\" src=\"https:\/\/fmp-components.com\/wp-content\/uploads\/2024\/12\/Scissor-Fork-Aerial-Work-Vehicle-Lifting-Hydraulic-Cylinder.webp\" alt=\"Saksihaarukka-ilmaty\u00f6ajoneuvon nostohydraulinen sylinteri\" width=\"500\" height=\"500\" title=\"\" srcset=\"https:\/\/fmp-components.com\/wp-content\/uploads\/2024\/12\/Scissor-Fork-Aerial-Work-Vehicle-Lifting-Hydraulic-Cylinder.webp 500w, https:\/\/fmp-components.com\/wp-content\/uploads\/2024\/12\/Scissor-Fork-Aerial-Work-Vehicle-Lifting-Hydraulic-Cylinder-480x480.webp 480w\" sizes=\"(min-width: 0px) and (max-width: 480px) 480px, (min-width: 481px) 500px, 100vw\" \/><\/p>\n<h4>T\u00e4rkeimm\u00e4t ominaisuudet:<\/h4>\n<ul>\n<li>Kest\u00e4v\u00e4 rakenne: T\u00e4m\u00e4 eritt\u00e4in lujista materiaaleista valmistettu nostosylinteri on rakennettu kest\u00e4m\u00e4\u00e4n raskaita kuormia ja vaativia ty\u00f6olosuhteita varmistaen kest\u00e4vyyden ja pitk\u00e4ik\u00e4isen suorituskyvyn.<\/li>\n<li>Sujuva hydraulinen toiminta: Edistyksellinen hydrauliikkaj\u00e4rjestelm\u00e4 mahdollistaa saumattomat nosto- ja laskutoiminnot, mik\u00e4 antaa k\u00e4ytt\u00e4jille tarkan hallinnan lavan korkeudesta erilaisten teht\u00e4vien aikana.<\/li>\n<li>Parannettu turvallisuus: Turvallisuus mieless\u00e4 suunniteltu sylinteri sis\u00e4lt\u00e4\u00e4 ominaisuuksia, jotka est\u00e4v\u00e4t \u00e4killiset liikkeet ja varmistavat vakaan toiminnan, mik\u00e4 v\u00e4hent\u00e4\u00e4 onnettomuusriski\u00e4 korkealla ty\u00f6skennelt\u00e4ess\u00e4.<\/li>\n<li>Monipuoliset k\u00e4ytt\u00f6kohteet: T\u00e4m\u00e4 hydraulinen nostosylinteri sopii erinomaisesti monenlaisiin k\u00e4ytt\u00f6tarkoituksiin, kuten rakentamiseen, kunnossapitoon ja teollisuusymp\u00e4rist\u00f6ihin. Se parantaa saksihaarukka-alustaisten nostoajoneuvojen toimivuutta.<\/li>\n<li>Helppo integrointi: Sylinteri on suunniteltu helposti asennettavaksi olemassa oleviin nostoj\u00e4rjestelmiin, mik\u00e4 minimoi seisokkiajat ja mahdollistaa nopean k\u00e4ytt\u00f6\u00f6noton kent\u00e4ll\u00e4.<\/li>\n<\/ul>\n<p>Yhteenvetona voidaan todeta, ett\u00e4 saksihaarukka-alustainen nostolavan nostosylinteri on t\u00e4rke\u00e4 komponentti, joka parantaa nostolavojen turvallisuutta, tehokkuutta ja tuottavuutta, mik\u00e4 tekee siit\u00e4 v\u00e4ltt\u00e4m\u00e4tt\u00f6m\u00e4n ty\u00f6kalun eri toimialojen k\u00e4ytt\u00e4jille, jotka tarvitsevat korotettuja nostoratkaisuja.<\/p>\n<h2>Saksihaarukka-ilmaty\u00f6ajoneuvojen nostohydraulisylinterin osat:<\/h2>\n<p><img loading=\"lazy\" decoding=\"async\" class=\"alignnone size-full wp-image-404\" src=\"https:\/\/fmp-components.com\/wp-content\/uploads\/2024\/12\/Scissor-Fork-Aerial-Work-Vehicle-Lifting-Hydraulic-Cylinder-Parts.webp\" alt=\"\" width=\"1024\" height=\"634\" title=\"\" srcset=\"https:\/\/fmp-components.com\/wp-content\/uploads\/2024\/12\/Scissor-Fork-Aerial-Work-Vehicle-Lifting-Hydraulic-Cylinder-Parts.webp 1024w, https:\/\/fmp-components.com\/wp-content\/uploads\/2024\/12\/Scissor-Fork-Aerial-Work-Vehicle-Lifting-Hydraulic-Cylinder-Parts-980x607.webp 980w, https:\/\/fmp-components.com\/wp-content\/uploads\/2024\/12\/Scissor-Fork-Aerial-Work-Vehicle-Lifting-Hydraulic-Cylinder-Parts-480x297.webp 480w\" sizes=\"(min-width: 0px) and (max-width: 480px) 480px, (min-width: 481px) and (max-width: 980px) 980px, (min-width: 981px) 1024px, 100vw\" \/><\/p>\n<table class=\"has-title all magic-26\" style=\"width: 97.5988%; height: 214px;\" border=\"1\" cellspacing=\"0\" cellpadding=\"0\">\n<tbody>\n<tr>\n<td style=\"width: 6.0665%;\" colspan=\"1\" rowspan=\"1\">\n<div class=\"magic-27\" data-spm-anchor-id=\"a2700.details.0.i26.201d6d46acEaSr\">1<\/div>\n<\/td>\n<td style=\"width: 52.9018%;\" colspan=\"1\" rowspan=\"1\">\n<div class=\"magic-28\">Sylinterikotelo<\/div>\n<\/td>\n<td style=\"width: 6.16271%;\" colspan=\"1\" rowspan=\"1\">\n<div class=\"magic-27\">9<\/div>\n<\/td>\n<td style=\"width: 34.6345%;\" colspan=\"1\" rowspan=\"1\">\n<div class=\"magic-29\">Du Bush<\/div>\n<\/td>\n<\/tr>\n<tr>\n<td style=\"width: 6.0665%;\" colspan=\"1\" rowspan=\"1\">\n<div class=\"magic-27\">2<\/div>\n<\/td>\n<td style=\"width: 52.9018%;\" colspan=\"1\" rowspan=\"1\">\n<div class=\"magic-28\">Opas Bush<\/div>\n<\/td>\n<td style=\"width: 6.16271%;\" colspan=\"1\" rowspan=\"1\">\n<div class=\"magic-27\">10<\/div>\n<\/td>\n<td style=\"width: 34.6345%;\" colspan=\"1\" rowspan=\"1\">\n<div class=\"magic-29\">O-rengas<\/div>\n<\/td>\n<\/tr>\n<tr>\n<td style=\"width: 6.0665%;\" colspan=\"1\" rowspan=\"1\">\n<div class=\"magic-27\">3<\/div>\n<\/td>\n<td style=\"width: 52.9018%;\" colspan=\"1\" rowspan=\"1\">\n<div class=\"magic-28\">M\u00e4nt\u00e4<\/div>\n<\/td>\n<td style=\"width: 6.16271%;\" colspan=\"1\" rowspan=\"1\">\n<div class=\"magic-27\">11<\/div>\n<\/td>\n<td style=\"width: 34.6345%;\" colspan=\"1\" rowspan=\"1\">\n<div class=\"magic-29\">O-rengas<\/div>\n<\/td>\n<\/tr>\n<tr>\n<td style=\"width: 6.0665%;\" colspan=\"1\" rowspan=\"1\">\n<div class=\"magic-27\">4<\/div>\n<\/td>\n<td style=\"width: 52.9018%;\" colspan=\"1\" rowspan=\"1\">\n<div class=\"magic-28\">M\u00e4nn\u00e4nvarsi<\/div>\n<\/td>\n<td style=\"width: 6.16271%;\" colspan=\"1\" rowspan=\"1\">\n<div class=\"magic-27\">12<\/div>\n<\/td>\n<td style=\"width: 34.6345%;\" colspan=\"1\" rowspan=\"1\">\n<div class=\"magic-29\">Rei\u00e4n tiiviste<\/div>\n<\/td>\n<\/tr>\n<tr>\n<td style=\"width: 6.0665%;\" colspan=\"1\" rowspan=\"1\">\n<div class=\"magic-27\">5<\/div>\n<\/td>\n<td style=\"width: 52.9018%;\" colspan=\"1\" rowspan=\"1\">\n<div class=\"magic-28\">Komposiittilaakeri<\/div>\n<\/td>\n<td style=\"width: 6.16271%;\" colspan=\"1\" rowspan=\"1\">\n<div class=\"magic-27\">13<\/div>\n<\/td>\n<td style=\"width: 34.6345%;\" colspan=\"1\" rowspan=\"1\">\n<div class=\"magic-29\">Kulutusrengas<\/div>\n<\/td>\n<\/tr>\n<tr>\n<td style=\"width: 6.0665%;\" colspan=\"1\" rowspan=\"1\">\n<div class=\"magic-27\">6<\/div>\n<\/td>\n<td style=\"width: 52.9018%;\" colspan=\"1\" rowspan=\"1\">\n<div class=\"magic-28\">P\u00f6lynpyyhin<\/div>\n<\/td>\n<td style=\"width: 6.16271%;\" colspan=\"1\" rowspan=\"1\">\n<div class=\"magic-27\">14<\/div>\n<\/td>\n<td style=\"width: 34.6345%;\" colspan=\"1\" rowspan=\"1\">\n<div class=\"magic-29\">Aseta ruuvit<\/div>\n<\/td>\n<\/tr>\n<tr>\n<td style=\"width: 6.0665%;\" colspan=\"1\" rowspan=\"1\">\n<div class=\"magic-27\">7<\/div>\n<\/td>\n<td style=\"width: 52.9018%;\" colspan=\"1\" rowspan=\"1\">\n<div class=\"magic-28\">U-rengas<\/div>\n<\/td>\n<td style=\"width: 6.16271%;\" colspan=\"1\" rowspan=\"1\">\n<div class=\"magic-27\">15<\/div>\n<\/td>\n<td style=\"width: 34.6345%;\" colspan=\"1\" rowspan=\"1\">\n<div class=\"magic-29\">P\u00f6lysuoja<\/div>\n<\/td>\n<\/tr>\n<tr>\n<td style=\"width: 6.0665%;\" colspan=\"1\" rowspan=\"1\">\n<div class=\"magic-27\">8<\/div>\n<\/td>\n<td style=\"width: 52.9018%;\" colspan=\"1\" rowspan=\"1\">\n<div class=\"magic-28\">O-rengas<\/div>\n<\/td>\n<td style=\"width: 6.16271%;\" colspan=\"1\" rowspan=\"1\">\n<div class=\"magic-27\"><\/div>\n<\/td>\n<td style=\"width: 34.6345%;\" colspan=\"1\" rowspan=\"1\"><\/td>\n<\/tr>\n<\/tbody>\n<\/table>\n<h2>Saksihaarukka-alustainen nostolaite hydraulisylinteri Mitat:<\/h2>\n<table>\n<tbody>\n<tr>\n<td><img loading=\"lazy\" decoding=\"async\" class=\"alignnone size-full wp-image-400\" src=\"https:\/\/fmp-components.com\/wp-content\/uploads\/2024\/12\/Scissor-Fork-Aerial-Work-Vehicle-Lifting-Hydraulic-Cylinder-Dimensions-1.webp\" alt=\"\" width=\"680\" height=\"210\" title=\"\" srcset=\"https:\/\/fmp-components.com\/wp-content\/uploads\/2024\/12\/Scissor-Fork-Aerial-Work-Vehicle-Lifting-Hydraulic-Cylinder-Dimensions-1.webp 680w, https:\/\/fmp-components.com\/wp-content\/uploads\/2024\/12\/Scissor-Fork-Aerial-Work-Vehicle-Lifting-Hydraulic-Cylinder-Dimensions-1-480x148.webp 480w\" sizes=\"(min-width: 0px) and (max-width: 480px) 480px, (min-width: 481px) 680px, 100vw\" \/><\/td>\n<td><img loading=\"lazy\" decoding=\"async\" class=\"alignnone size-full wp-image-401\" src=\"https:\/\/fmp-components.com\/wp-content\/uploads\/2024\/12\/Scissor-Fork-Aerial-Work-Vehicle-Lifting-Hydraulic-Cylinder-Dimensions-2.webp\" alt=\"\" width=\"680\" height=\"210\" title=\"\" srcset=\"https:\/\/fmp-components.com\/wp-content\/uploads\/2024\/12\/Scissor-Fork-Aerial-Work-Vehicle-Lifting-Hydraulic-Cylinder-Dimensions-2.webp 680w, https:\/\/fmp-components.com\/wp-content\/uploads\/2024\/12\/Scissor-Fork-Aerial-Work-Vehicle-Lifting-Hydraulic-Cylinder-Dimensions-2-480x148.webp 480w\" sizes=\"(min-width: 0px) and (max-width: 480px) 480px, (min-width: 481px) 680px, 100vw\" \/><\/td>\n<\/tr>\n<\/tbody>\n<\/table>\n<table border=\"1\" cellspacing=\"0\" cellpadding=\"0\">\n<tbody>\n<tr>\n<td width=\"246\">Sylinterin nimi<\/td>\n<td width=\"336\">Piirustusnumero<\/td>\n<td width=\"126\">Rei\u00e4n halkaisija (D)<\/td>\n<td width=\"123\">Tangon halkaisija (d)<\/td>\n<td width=\"114\">Isku (S)<\/td>\n<td width=\"170\">Asennuset\u00e4isyys (L)<\/td>\n<td width=\"172\">Ty\u00f6paine<\/td>\n<td width=\"366\">Liit\u00e4nn\u00e4n mitat (M)<\/td>\n<td width=\"96\">Paino<\/td>\n<\/tr>\n<tr>\n<td class=\"et3\" width=\"246\" height=\"173\">Nostosylinteri<\/td>\n<td class=\"et4\" width=\"336\">78XEN-620100-001<\/td>\n<td class=\"et4\" width=\"126\">\u03a665<\/td>\n<td class=\"et4\" width=\"123\">\u03a645<\/td>\n<td class=\"et4\" width=\"114\">840<\/td>\n<td class=\"et4\" width=\"170\">1075<\/td>\n<td class=\"et4\" width=\"172\">18MPa<\/td>\n<td class=\"et4\" width=\"366\">G1\/4; \u03a66; M14*1.5<\/td>\n<td class=\"et4\" width=\"96\">27 kg<\/td>\n<\/tr>\n<\/tbody>\n<\/table>\n<table>\n<tbody>\n<tr>\n<td><img loading=\"lazy\" decoding=\"async\" class=\"alignnone size-full wp-image-402\" src=\"https:\/\/fmp-components.com\/wp-content\/uploads\/2024\/12\/Scissor-Fork-Aerial-Work-Vehicle-Lifting-Hydraulic-Cylinder-Dimensions-3.webp\" alt=\"\" width=\"680\" height=\"300\" title=\"\" srcset=\"https:\/\/fmp-components.com\/wp-content\/uploads\/2024\/12\/Scissor-Fork-Aerial-Work-Vehicle-Lifting-Hydraulic-Cylinder-Dimensions-3.webp 680w, https:\/\/fmp-components.com\/wp-content\/uploads\/2024\/12\/Scissor-Fork-Aerial-Work-Vehicle-Lifting-Hydraulic-Cylinder-Dimensions-3-480x212.webp 480w\" sizes=\"(min-width: 0px) and (max-width: 480px) 480px, (min-width: 481px) 680px, 100vw\" \/><\/td>\n<td><img loading=\"lazy\" decoding=\"async\" class=\"alignnone size-full wp-image-403\" src=\"https:\/\/fmp-components.com\/wp-content\/uploads\/2024\/12\/Scissor-Fork-Aerial-Work-Vehicle-Lifting-Hydraulic-Cylinder-Dimensions-4.webp\" alt=\"\" width=\"680\" height=\"300\" title=\"\" srcset=\"https:\/\/fmp-components.com\/wp-content\/uploads\/2024\/12\/Scissor-Fork-Aerial-Work-Vehicle-Lifting-Hydraulic-Cylinder-Dimensions-4.webp 680w, https:\/\/fmp-components.com\/wp-content\/uploads\/2024\/12\/Scissor-Fork-Aerial-Work-Vehicle-Lifting-Hydraulic-Cylinder-Dimensions-4-480x212.webp 480w\" sizes=\"(min-width: 0px) and (max-width: 480px) 480px, (min-width: 481px) 680px, 100vw\" \/><\/td>\n<\/tr>\n<\/tbody>\n<\/table>\n<table style=\"width: 100%; height: 168px;\" border=\"1\" cellspacing=\"0\" cellpadding=\"0\">\n<tbody>\n<tr style=\"height: 71px;\">\n<td style=\"height: 71px;\" width=\"246\">Sylinterin nimi<\/td>\n<td style=\"height: 71px;\" width=\"336\">Piirustusnumero<\/td>\n<td style=\"height: 71px;\" width=\"126\">Rei\u00e4n halkaisija (D)<\/td>\n<td style=\"height: 71px;\" width=\"123\">Tangon halkaisija (d)<\/td>\n<td style=\"height: 71px;\" width=\"114\">Isku (S)<\/td>\n<td style=\"height: 71px;\" width=\"170\">Asennuset\u00e4isyys (L)<\/td>\n<td style=\"height: 71px;\" width=\"172\">Ty\u00f6paine<\/td>\n<td style=\"height: 71px;\" width=\"366\">Liit\u00e4nn\u00e4n mitat (M)<\/td>\n<td style=\"height: 71px;\" width=\"96\">Paino<\/td>\n<\/tr>\n<tr style=\"height: 53px;\">\n<td class=\"et3\" style=\"height: 53px;\" width=\"246\" height=\"222\">Nostosylinteri<\/td>\n<td class=\"et4\" style=\"height: 53px;\" width=\"336\">JCPT1212HD-531000-00A<\/td>\n<td class=\"et4\" style=\"height: 53px;\" width=\"126\">\u03a675<\/td>\n<td class=\"et4\" style=\"height: 53px;\" width=\"123\">\u03a663<\/td>\n<td class=\"et4\" style=\"height: 53px;\" width=\"114\">1269<\/td>\n<td class=\"et4\" style=\"height: 53px;\" width=\"170\">1530<\/td>\n<td class=\"et4\" style=\"height: 53px;\" width=\"172\">25MPa<\/td>\n<td class=\"et4\" style=\"height: 53px;\" width=\"366\">G1\/4; M18 * 1,5<\/td>\n<td class=\"et4\" style=\"height: 53px;\" width=\"96\">60 kg<\/td>\n<\/tr>\n<tr style=\"height: 44px;\">\n<td class=\"et3\" style=\"height: 44px;\" width=\"246\" height=\"222\">Nostosylinteri<\/td>\n<td class=\"et4\" style=\"height: 44px;\">JCPT0607DCS-531000-00A<\/td>\n<td class=\"et4\" style=\"height: 44px;\">\u03a663<\/td>\n<td class=\"et4\" style=\"height: 44px;\">\u03a640<\/td>\n<td class=\"et4\" style=\"height: 44px;\">563<\/td>\n<td class=\"et4\" style=\"height: 44px;\">812<\/td>\n<td class=\"et4\" style=\"height: 44px;\">20MPa<\/td>\n<td class=\"et4\" style=\"height: 44px;\">G1\/4; M18 * 1,5<\/td>\n<td class=\"et4\" style=\"height: 44px;\">17 kg<\/td>\n<\/tr>\n<\/tbody>\n<\/table>\n<h2>Saatavilla olevat hydraulisylinterit Merkki ja mallit:<\/h2>\n<table border=\"1\" cellspacing=\"0\" cellpadding=\"0\">\n<tbody>\n<tr>\n<td><b data-spm-anchor-id=\"a2700.details.0.i43.45d84a73e99C9z\">KOMATSU (PC)<\/b><\/td>\n<td>PC30, PC40, PC50, PC56, PC60, PC78, PC100, PC110, PC120, PC130, PC160, PC200-3\/5\/6\/7\/8\/8MO, PC210, PC220-5\/6\/7\/8\/8MO, PC240, PC300\/350\/360-5\/6\/7\/8\/8MO, PC400\/450-5\/6\/7\/8\/8MO, PC800, PC850<\/td>\n<\/tr>\n<tr>\n<td><b>CATERPILLAR (E)<\/b><\/td>\n<td>E301.5, E302, E305.5, E306, E307V1\/V2\/B\/C\/D\/E\/F, E308B\/C, E120B, E312V1\/V2\/B\/C\/D, E313D2, E312D2, E315D<br \/>\nE200B,E320V1\/V2\/A\/B\/C\/D,E324D,E325C\/D,E329D,E330\/336C\/D,E345C,E349D,E365C,E374,E390<\/td>\n<\/tr>\n<tr>\n<td><b>KOBELCO (SK)<\/b><\/td>\n<td>SK60-3\/5\/8, SK75-8\/SR, SK100 ,SK120-3\/5, SK135-8\/SR, SK140-8, SK200-3\/5\/6\/6E, SK210-3\/5\/6\/6E,<br \/>\nSK230\/250-6E,SK250-8,SK260-8,SK350-8\/S8,SK460\/480-8<\/td>\n<\/tr>\n<tr>\n<td><b>HYUNDAI (R)<\/b><\/td>\n<td>R55-5\/7, R60-5\/7, R80, R110, R130, R200-5, R210-5, R215-5\/7, R220-5\/7\/9, R225-5\/7\/9, R250, R260, R265, R290, R305, R445, R485, R505<\/td>\n<\/tr>\n<tr>\n<td><b data-spm-anchor-id=\"a2700.details.0.i53.45d84a73e99C9z\">HITACHI (esim. ZX)<\/b><\/td>\n<td>EX60, EX100-1\/2\/3, EX120-1\/3\/5\/6, EX200-1\/3\/5, EX230-5, EX300-1, EX400<br \/>\nZAX60,ZAX70,ZA120-6,ZAX200\/210-1\/3\/5\/5K,ZAX240,ZAX250,ZAX260,ZAX330-3\/5\/6,ZAX450\/470,ZAX650\/670,ZAX850\/870<\/td>\n<\/tr>\n<tr>\n<td>\n<div class=\"magic-32\"><b data-spm-anchor-id=\"a2700.details.0.i55.45d84a73e99C9z\">DOOSAN (DH\/DX)<\/b><\/div>\n<\/td>\n<td>\n<div class=\"magic-33\"><span class=\"magic-34\">DH55, DH60, DH80, DH150, DH215-5\/7, DH220-5, DH225-5\/7, DH258, DH300-5\/7, DH370, DH420, DH500<br \/>\nDX55, DX60, DX75, DX130, DX225-9, DX300, DX380, DX420, DX500<\/span><\/div>\n<\/td>\n<\/tr>\n<tr>\n<td>\n<div class=\"magic-32\"><b>VOLVO (EY)<\/b><\/div>\n<\/td>\n<td>\n<div class=\"magic-33\"><span class=\"magic-34\">EC55, EC60, EC75, EC80, EC140, EC210B\/D, EC220D, EC240, EC250, EC290, EC300, EC360, EC380, EC460, EC480, EC700, EC750, EC950<\/span><\/div>\n<\/td>\n<\/tr>\n<tr>\n<td>\n<div class=\"magic-32\"><b>KATO (HD)<\/b><\/div>\n<\/td>\n<td>\n<div class=\"magic-33\"><span class=\"magic-34\">HD307\/308, HD450, HD512, HD700-5\/7, HD820-1\/2\/3\/5\/R, HD1023-1\/3, HD1430-1\/3<\/span><\/div>\n<\/td>\n<\/tr>\n<tr>\n<td>\n<div class=\"magic-32\"><b>MUU MERKKI<\/b><\/div>\n<\/td>\n<td>\n<div class=\"magic-33\"><span class=\"magic-34\">XCMG,LIUGONG,KUBOTA,CASE,YANMAR,SUNWARD,ZOOMLION,LISHIDE,LIEHERR<\/span><\/div>\n<\/td>\n<\/tr>\n<\/tbody>\n<\/table>\n<h3>Saksihaarukan ilmaty\u00f6ajoneuvojen nostohydraulisylinterin edut<\/h3>\n<h4>1. Parannettu nostokyky<\/h4>\n<p>Saksihaarukka-alustainen nostosylinteri on suunniteltu tarjoamaan huomattavaa nostovoimaa, joka mahdollistaa raskaiden kuormien turvallisen nostamisen. T\u00e4m\u00e4n ominaisuuden ansiosta k\u00e4ytt\u00e4j\u00e4t voivat tehokkaasti hoitaa erilaisia \u200b\u200bteht\u00e4vi\u00e4 rakentamisesta kunnossapitoon vaarantamatta turvallisuutta tai suorituskyky\u00e4.<\/p>\n<h4>2. Sujuva ja tarkka toiminta<\/h4>\n<p>Edistyksellisell\u00e4 hydrauliikkaj\u00e4rjestelm\u00e4ll\u00e4 varustettu nostosylinteri varmistaa sujuvat ja hallitut liikkeet. K\u00e4ytt\u00e4j\u00e4t voivat helposti s\u00e4\u00e4t\u00e4\u00e4 lavan korkeutta tarkasti, mik\u00e4 helpottaa tarkkaa asemointia erilaisissa sovelluksissa ja parantaa ty\u00f6nkulun tehokkuutta kokonaisuudessaan.<\/p>\n<h4>3. Vankka kest\u00e4vyys<\/h4>\n<p>Eritt\u00e4in lujista materiaaleista valmistettu nostohydraulisylinteri on rakennettu kest\u00e4m\u00e4\u00e4n vaativia ymp\u00e4rist\u00f6j\u00e4 ja kovaa k\u00e4ytt\u00f6\u00e4. T\u00e4m\u00e4 kest\u00e4vyys johtaa pidemp\u00e4\u00e4n k\u00e4ytt\u00f6ik\u00e4\u00e4n ja v\u00e4hentyneisiin huoltotarpeisiin, mik\u00e4 lopulta alentaa yritysten k\u00e4ytt\u00f6kustannuksia.<\/p>\n<h4>4. Turvaominaisuudet<\/h4>\n<p>Turvallisuus on ensiarvoisen t\u00e4rke\u00e4\u00e4 korkealla ty\u00f6skennelt\u00e4ess\u00e4, ja t\u00e4ss\u00e4 hydraulisylinteriss\u00e4 on ominaisuuksia, jotka on suunniteltu est\u00e4m\u00e4\u00e4n \u00e4killisi\u00e4 liikkeit\u00e4 ja parantamaan vakautta. N\u00e4m\u00e4 turvamekanismit tarjoavat k\u00e4ytt\u00e4jille mielenrauhaa, jolloin he voivat keskitty\u00e4 teht\u00e4viins\u00e4 ja samalla v\u00e4hent\u00e4\u00e4 onnettomuusriski\u00e4.<\/p>\n<h4>5. Monipuolisuus eri sovelluksissa<\/h4>\n<p>Saksihaarukka-alustainen nostosylinteri on monipuolinen ja sopii monille eri toimialoille, kuten rakentamiseen, kunnossapitoon ja teollisiin sovelluksiin. Sen mukautuvuus tekee siit\u00e4 v\u00e4ltt\u00e4m\u00e4tt\u00f6m\u00e4n ty\u00f6kalun kaikille organisaatioille, jotka ovat riippuvaisia \u200b\u200bnostolaitteista, varmistaen erilaisten korotettujen teht\u00e4vien tehokkaan k\u00e4sittelyn.<\/p>\n<table style=\"width: 100.251%; height: 397px;\" width=\"290\">\n<tbody>\n<tr style=\"height: 397px;\">\n<td style=\"width: 52.0342%; height: 397px;\" width=\"226\"><img loading=\"lazy\" decoding=\"async\" class=\"wp-image-399 aligncenter\" src=\"https:\/\/fmp-components.com\/wp-content\/uploads\/2024\/12\/Scissor-Fork-Aerial-Work-Vehicle-Lifting-Hydraulic-Cylinder-Applications-2.webp\" alt=\"\" width=\"399\" height=\"399\" title=\"\"><\/td>\n<td style=\"width: 47.3234%; height: 397px;\" width=\"64\"><img loading=\"lazy\" decoding=\"async\" class=\"alignnone wp-image-398\" src=\"https:\/\/fmp-components.com\/wp-content\/uploads\/2024\/12\/Scissor-Fork-Aerial-Work-Vehicle-Lifting-Hydraulic-Cylinder-Applications-1.webp\" alt=\"\" width=\"401\" height=\"401\" title=\"\"><\/td>\n<\/tr>\n<\/tbody>\n<\/table>\n<h2>Tietoja FMP:st\u00e4<\/h2>\n<p>FMP on hydraulisylintereihin erikoistunut valmistaja, joka tunnetaan vahvasta panostuksestaan \u200b\u200btutkimukseen ja tuotannon huippuosaamiseen. Perustamisestaan \u200b\u200bl\u00e4htien yritys on omistautunut hydraulisylinteriteknologian jatkuvaan kehitt\u00e4miseen. Aluksi FMP valmisti monipuolisen valikoiman tuotteita sadonkorjuu- ja rakennuskoneisiin, mutta sittemmin se on keskittynyt erityisesti maataloustraktoreiden komponentteihin.<\/p>\n<p>Yli vuosikymmenen kokemuksella valmistuksesta FMP yhdist\u00e4\u00e4 laajan johtamiskokemuksen edistyneisiin tuotantoteknologioihin varmistaakseen tuotteidensa korkeimmat laatustandardit. Yritys on perustanut kattavan koneistuslinjan, kokoonpanolinjan ja pinnoituslinjan, joiden avulla se voi tarjota luotettavia ja tehokkaita valmistusprosesseja.<\/p>\n<p>FMP:n kasvua on tukenut omistautunut tiimi, johon kuuluu kokeneita johtohenkil\u00f6it\u00e4, taitavia mekaanisia suunnittelijoita ja korkeasti koulutettuja teknikkoja. T\u00e4m\u00e4 yhteisty\u00f6h\u00f6n perustuva l\u00e4hestymistapa varmistaa tuotteiden tasaisen laadun ja hallitsee tehokkaasti prosessien jatkuvuutta, mik\u00e4 parantaa tuotannon kokonaistehokkuutta.<\/p>\n<p>FMP:n filosofian ytimess\u00e4 ovat arvot \u201dTeknologinen innovaatio edistyksen vauhdittajana\u201d, \u201dLaatu luo br\u00e4ndej\u00e4\u201d, \u201dK\u00e4sity\u00f6taito varmistaa laadun\u201d ja \u201dPitk\u00e4aikaisten, kaikkia hy\u00f6dytt\u00e4vien suhteiden rakentaminen\u201d. Yritys on sitoutunut tarjoamaan korkealaatuisia tuotteita ja samalla poikkeuksellista asiakaspalvelua. FMP pyrkii jatkuvasti sopeutumaan markkinoiden kehittyviin tarpeisiin ja asemoimaan itsens\u00e4 luotettavaksi kumppaniksi maatalouskoneteollisuudessa. Innovaatioihin ja laatuun sitoutumisellaan FMP pyrkii edist\u00e4m\u00e4\u00e4n merkitt\u00e4v\u00e4sti hydrauliikkateknologian kehityst\u00e4 maatalousalalla.<\/p>\n<p><img loading=\"lazy\" decoding=\"async\" class=\"alignnone wp-image-359\" src=\"https:\/\/fmp-components.com\/wp-content\/uploads\/2024\/12\/fmp-factory-3.webp\" sizes=\"(min-width: 0px) and (max-width: 480px) 480px, (min-width: 481px) 914px, 100vw\" srcset=\"https:\/\/fmp-components.com\/wp-content\/uploads\/2024\/12\/fmp-factory-3.webp 914w, https:\/\/fmp-components.com\/wp-content\/uploads\/2024\/12\/fmp-factory-3-480x321.webp 480w\" alt=\"fmp-tehdas\" width=\"914\" height=\"612\" title=\"\"><\/p>\n<p>Tekij\u00e4: CX<\/p>","protected":false},"excerpt":{"rendered":"<p>Saksihaarukka-alustaisen ty\u00f6ajoneuvon nostosylinteri on t\u00e4rke\u00e4 komponentti, joka on suunniteltu tarjoamaan tarvittava nostovoima saksilavatukoille. Tehokkuutta ja luotettavuutta ajatellen suunniteltu hydraulisylinteri mahdollistaa lavan tasaisen ja hallitun noston, jolloin k\u00e4ytt\u00e4j\u00e4t p\u00e4\u00e4sev\u00e4t turvallisesti korotetuille ty\u00f6alueille. Eritt\u00e4in lujista materiaaleista valmistettu hydraulisylinteri kest\u00e4\u00e4 raskaita kuormia ja ankaria olosuhteita varmistaen pitk\u00e4n k\u00e4ytt\u00f6i\u00e4n. Sen edistynyt hydraulij\u00e4rjestelm\u00e4 helpottaa tarkkoja nosto- ja laskutoimintoja, mik\u00e4 tekee siit\u00e4 ihanteellisen erilaisiin sovelluksiin rakennus-, kunnossapito- ja teollisuusymp\u00e4rist\u00f6iss\u00e4. T\u00e4m\u00e4n nostosylinterin avulla k\u00e4ytt\u00e4j\u00e4t voivat parantaa tuottavuutta ja varmistaa samalla turvallisuuden korkealla ty\u00f6skentelyss\u00e4.<\/p>","protected":false},"featured_media":407,"comment_status":"open","ping_status":"closed","template":"","meta":{"_et_pb_use_builder":"","_et_pb_old_content":"","_et_gb_content_width":""},"product_brand":[],"product_cat":[22],"product_tag":[],"class_list":{"0":"post-397","1":"product","2":"type-product","3":"status-publish","4":"has-post-thumbnail","6":"product_cat-aerial-work-vehicle-hydraulic-cylinders","8":"first","9":"instock","10":"shipping-taxable","11":"product-type-simple"},"_links":{"self":[{"href":"https:\/\/fmp-components.com\/fi\/wp-json\/wp\/v2\/product\/397","targetHints":{"allow":["GET"]}}],"collection":[{"href":"https:\/\/fmp-components.com\/fi\/wp-json\/wp\/v2\/product"}],"about":[{"href":"https:\/\/fmp-components.com\/fi\/wp-json\/wp\/v2\/types\/product"}],"replies":[{"embeddable":true,"href":"https:\/\/fmp-components.com\/fi\/wp-json\/wp\/v2\/comments?post=397"}],"wp:featuredmedia":[{"embeddable":true,"href":"https:\/\/fmp-components.com\/fi\/wp-json\/wp\/v2\/media\/407"}],"wp:attachment":[{"href":"https:\/\/fmp-components.com\/fi\/wp-json\/wp\/v2\/media?parent=397"}],"wp:term":[{"taxonomy":"product_brand","embeddable":true,"href":"https:\/\/fmp-components.com\/fi\/wp-json\/wp\/v2\/product_brand?post=397"},{"taxonomy":"product_cat","embeddable":true,"href":"https:\/\/fmp-components.com\/fi\/wp-json\/wp\/v2\/product_cat?post=397"},{"taxonomy":"product_tag","embeddable":true,"href":"https:\/\/fmp-components.com\/fi\/wp-json\/wp\/v2\/product_tag?post=397"}],"curies":[{"name":"wp","href":"https:\/\/api.w.org\/{rel}","templated":true}]}}