{"id":3691,"date":"2025-01-09T06:50:44","date_gmt":"2025-01-09T06:50:44","guid":{"rendered":"https:\/\/fmp-components.com\/?page_id=8"},"modified":"2025-01-09T06:59:56","modified_gmt":"2025-01-09T06:59:56","slug":"wheel-drive-planetary-gearbox-reducer-for-land-clearing-stone-crusher","status":"publish","type":"product","link":"https:\/\/fmp-components.com\/fi\/product\/wheel-drive-planetary-gearbox-reducer-for-land-clearing-stone-crusher\/","title":{"rendered":"Py\u00f6r\u00e4vetoinen planeettavaihteiston v\u00e4hennysventtiili maanpuhdistuskiven murskaimelle"},"content":{"rendered":"<div class=\"flex max-w-full flex-col flex-grow\">\n<div class=\"min-h-8 text-message flex w-full flex-col items-end gap-2 whitespace-normal break-words text-start [.text-message+&amp;]:mt-5\" dir=\"auto\" data-message-author-role=\"assistant\" data-message-id=\"cb00f25b-f818-4caf-841a-79c479bfaa7e\" data-message-model-slug=\"gpt-4o\">\n<div class=\"flex w-full flex-col gap-1 empty:hidden first:pt-[3px]\">\n<div class=\"markdown prose w-full break-words dark:prose-invert light\">\n<h2>Vaihteiston sijainti maanraivauskiven murskaimessa<\/h2>\n<p>Maanraivauskiven murskaimen vaihteisto sijaitsee tyypillisesti moottorin ja murskainmekanismin v\u00e4liss\u00e4, ja se on yleens\u00e4 asennettu suoraan koneen p\u00e4\u00e4runkoon. Se toimii t\u00e4rke\u00e4n\u00e4 osana voimansiirtoa moottorista murskaimen roottoriin tai murskauskammioon, joka vastaa suurten kivien ja roskien murskaamisesta pienemmiksi, helpommin k\u00e4sitelt\u00e4viksi paloiksi.<\/p>\n<p>Vaihteisto sijaitsee usein murskaimen takaosassa tai sivulla ja on yhdistetty p\u00e4\u00e4murskausyksikk\u00f6\u00f6n useiden akseleiden ja kytkimien kautta. T\u00e4m\u00e4 sijainti varmistaa, ett\u00e4 vaihdelaatikko k\u00e4sittelee tehokkaasti murskaustoiminnassa tarvittavan suuren v\u00e4\u00e4nt\u00f6momentin ja s\u00e4ilytt\u00e4\u00e4 samalla oikean linjauksen moottorin kanssa. Se voidaan suojata kotelolla, joka suojaa sit\u00e4 roskilta, p\u00f6lylt\u00e4 ja maanraivauksessa tyypillisesti esiintyvilt\u00e4 ymp\u00e4rist\u00f6tekij\u00f6ilt\u00e4.<\/p>\n<p>Monissa maanraivauskiven murskaimissa vaihteisto on suunniteltu k\u00e4sittelem\u00e4\u00e4n huomattavaa mekaanista rasitusta, koska se muuntaa moottorin py\u00f6rimisenergian murskausmekanismin k\u00e4ytt\u00e4miseen tarvittavaksi v\u00e4\u00e4nt\u00f6momentiksi varmistaen tehokkaan ja luotettavan kivenk\u00e4sittelyn.<\/p>\n<p><img loading=\"lazy\" decoding=\"async\" class=\"alignnone wp-image-3694\" src=\"https:\/\/fmp-components.com\/wp-content\/uploads\/2025\/01\/0_wheel-drive-Land-Clearing-Stone-Crusher-11.webp\" alt=\"py\u00f6r\u00e4vetoinen maanraivauskivenmurskain\" width=\"933\" height=\"525\" title=\"\" srcset=\"https:\/\/fmp-components.com\/wp-content\/uploads\/2025\/01\/0_wheel-drive-Land-Clearing-Stone-Crusher-11.webp 933w, https:\/\/fmp-components.com\/wp-content\/uploads\/2025\/01\/0_wheel-drive-Land-Clearing-Stone-Crusher-11-480x270.webp 480w\" sizes=\"(min-width: 0px) and (max-width: 480px) 480px, (min-width: 481px) 933px, 100vw\" \/><\/p>\n<h2>Py\u00f6r\u00e4vetoisen planeettavaihteiston toiminta maanraivauskiven murskaimessa<\/h2>\n<p>Maanraivauskiven murskaimen py\u00f6r\u00e4vetoinen planeettavaihteisto on ratkaisevan t\u00e4rke\u00e4ss\u00e4 roolissa tehon tehokkaassa v\u00e4litt\u00e4misess\u00e4 moottorista koneen py\u00f6riin tai teloihin. Sen ensisijainen teht\u00e4v\u00e4 on v\u00e4hent\u00e4\u00e4 moottorin py\u00f6rimisnopeutta ja samalla lis\u00e4t\u00e4 v\u00e4\u00e4nt\u00f6momenttia, jolloin kivenmurskain voi liikkua ep\u00e4tasaisessa maastossa, jota tyypillisesti esiintyy maanraivaussovelluksissa.<\/p>\n<p><strong>1. Voimansiirto ja v\u00e4\u00e4nt\u00f6momentin moninkertaistaminen:<\/strong> Planeettavaihteisto siirt\u00e4\u00e4 moottorin tuottaman tehon tehokkaasti py\u00f6riin tai teloihin. K\u00e4ytt\u00e4m\u00e4ll\u00e4 planeettakokoonpanoon j\u00e4rjestetty\u00e4 hammaspy\u00f6r\u00e4st\u00f6\u00e4 vaihteisto v\u00e4hent\u00e4\u00e4 sy\u00f6tt\u00f6nopeutta ja moninkertaistaa v\u00e4\u00e4nt\u00f6momentin, mik\u00e4 tarjoaa tarvittavan voiman kivenmurskaimelle liikkuakseen kovien pintojen, kuten kivien, lian ja ep\u00e4tasaisen maan, l\u00e4pi. T\u00e4m\u00e4 parantaa pitoa ja ohjattavuutta varmistaen, ett\u00e4 kone voi liikkua haastavissa ymp\u00e4rist\u00f6iss\u00e4 juutumatta.<\/p>\n<p><strong>2. Sujuva ja tehokas toiminta:<\/strong> Vaihteiston planeettasuunnittelu mahdollistaa kuorman tasaisen jakautumisen vaihteiden kesken, mik\u00e4 v\u00e4hent\u00e4\u00e4 kulumista ja parantaa samalla voimansiirron tehokkuutta. T\u00e4m\u00e4 edist\u00e4\u00e4 koneen voimansiirron osien tasaista toimintaa ja pident\u00e4\u00e4 niiden k\u00e4ytt\u00f6ik\u00e4\u00e4. Se auttaa my\u00f6s varmistamaan, ett\u00e4 kone pystyy yll\u00e4pit\u00e4m\u00e4\u00e4n tasaisen nopeuden, mik\u00e4 on olennaista murskaustehon ja polttoainetehokkuuden optimoimiseksi maanraivauksessa.<\/p>\n<p><strong>3. Parannettu kest\u00e4vyys ja luotettavuus:<\/strong> Maanraivauksessa k\u00e4ytett\u00e4vien kivenmurskainten ty\u00f6olosuhteet ovat usein ankarat, ja niihin liittyy raskaita teht\u00e4vi\u00e4, kuten suurten kivien murskausta ja ep\u00e4tasaisessa maastossa navigointia. Planeettavaihteisto on rakennettu kest\u00e4m\u00e4\u00e4n suurta v\u00e4\u00e4nt\u00f6momenttia ja rasitusta, mik\u00e4 tarjoaa kest\u00e4vyytt\u00e4 ja luotettavuutta t\u00e4llaisissa vaativissa olosuhteissa. Se varmistaa, ett\u00e4 kivenmurskain voi jatkuvasti toimia optimaalisella tasolla vaarantamatta koneen mekaanista eheytt\u00e4, mik\u00e4 tekee siit\u00e4 keskeisen osan k\u00e4ytt\u00f6ajan ja tuottavuuden maksimoinnissa.<\/p>\n<p>Yhteenvetona voidaan todeta, ett\u00e4 maanraivauskiven murskaimessa oleva planeettavaihteisto on v\u00e4ltt\u00e4m\u00e4t\u00f6n tarvittavan v\u00e4\u00e4nt\u00f6momentin, tasaisen toiminnan ja kest\u00e4vyyden takaamiseksi sek\u00e4 raskaissa murskausteht\u00e4viss\u00e4 ett\u00e4 ep\u00e4tasaisessa maastossa navigoinnissa.<\/p>\n<p><img loading=\"lazy\" decoding=\"async\" class=\"alignnone wp-image-3696\" src=\"https:\/\/fmp-components.com\/wp-content\/uploads\/2025\/01\/0_wheel-drive-Apple-harvester-machine-61.webp\" alt=\"py\u00f6r\u00e4vetoinen-omenankorjuukone\" width=\"914\" height=\"513\" title=\"\" srcset=\"https:\/\/fmp-components.com\/wp-content\/uploads\/2025\/01\/0_wheel-drive-Apple-harvester-machine-61.webp 914w, https:\/\/fmp-components.com\/wp-content\/uploads\/2025\/01\/0_wheel-drive-Apple-harvester-machine-61-480x269.webp 480w\" sizes=\"(min-width: 0px) and (max-width: 480px) 480px, (min-width: 481px) 914px, 100vw\" \/><\/p>\n<h2>Tekniset tiedot<\/h2>\n<table border=\"2\">\n<tbody>\n<tr>\n<td>Kantavuus<\/td>\n<td>Dynaaminen v\u00e4\u00e4nt\u00f6momentti jopa 60 000 Nm, varmistaa riitt\u00e4v\u00e4n voimansiirron ja kest\u00e4vyyden kovan kiven ja maaper\u00e4n k\u00e4sittelyss\u00e4.<\/td>\n<\/tr>\n<tr>\n<td>Nopeussuhteen alue<\/td>\n<td>Tarjoaa erilaisia \u200b\u200bnopeussuhdeasetuksia, s\u00e4\u00e4dett\u00e4viss\u00e4 v\u00e4lill\u00e4 5,3 - 200:1, mukautumaan erilaisiin murskaustoimintavaatimuksiin ja ajonopeuden s\u00e4\u00e4t\u00f6\u00f6n.<\/td>\n<\/tr>\n<tr>\n<td>Materiaali<\/td>\n<td>Vaihteet on valmistettu korkealaatuisesta seoster\u00e4ksest\u00e4, ja ne on karkaistu ja l\u00e4mp\u00f6k\u00e4sitelty korkean kovuuden, kulutuskest\u00e4vyyden ja iskunkest\u00e4vyyden varmistamiseksi; kotelon runko on valettu eritt\u00e4in lujasta valuraudasta tai alumiiniseoksesta, jolla on hyv\u00e4 rakenteellinen lujuus ja korroosionkest\u00e4vyys.<\/td>\n<\/tr>\n<tr>\n<td>Mitat<\/td>\n<td>Mukautettava<\/td>\n<\/tr>\n<tr>\n<td>Tukea<\/td>\n<td>Vaihteistossa on py\u00f6riv\u00e4t laipat py\u00f6r\u00e4n kiinnityst\u00e4 varten<\/td>\n<\/tr>\n<tr>\n<td>Sovellettavat moottorit<\/td>\n<td>aksiaalim\u00e4nt\u00e4hydrauliset moottorit, hydrauliset orbitaalimoottorit tai muut<\/td>\n<\/tr>\n<tr>\n<td>Hydraulimoottorivaihtoehdot<\/td>\n<td>paineenalennusventtiili, ylipaineventtiili<\/td>\n<\/tr>\n<tr>\n<td>Laakeri:<\/td>\n<td>kest\u00e4v\u00e4 laakerij\u00e4rjestelm\u00e4, joka vaimentaa hammaskeh\u00e4n aiheuttamat voimat<\/td>\n<\/tr>\n<tr>\n<td>Jarru:<\/td>\n<td>hydraulisesti vapautettava seisontajarru<\/td>\n<\/tr>\n<\/tbody>\n<\/table>\n<h2>Yhteensopivuus maanraivauskiven murskaimen kanssa<\/h2>\n<p>Py\u00f6r\u00e4vetoiset planeettavaihteistomme on optimoitu k\u00e4ytett\u00e4v\u00e4ksi kaikkien markkinoilla olevien t\u00e4rkeimpien maanraivauskivenmurskainten merkkien ja mallien kanssa.<\/p>\n<p>Seuraavassa on lueteltu joitakin alan yleisi\u00e4 tai tunnettuja murskauslaitevalmistajia, jotka sopivat py\u00f6r\u00e4k\u00e4ytt\u00f6isille planeettavaihteistoillemme:<\/p>\n<ul>\n<li>Komatsu \u2013 Valmistaa laajan valikoiman tela- ja py\u00f6r\u00e4kaivukoneita sek\u00e4 vasaralaitteita, jotka sopivat maanraivaust\u00f6ihin.<\/li>\n<li>Caterpillar \u2013 Tarjoaa laajan valikoiman raskaita laitteita, mukaan lukien py\u00f6r\u00e4- ja tela-alustaisia \u200b\u200blaitteita, joista osaa voidaan k\u00e4ytt\u00e4\u00e4 maanraivaust\u00f6ihin varustamalla ne erikoisvasaroilla.<\/li>\n<li>Bobcat \u2013 Valmistaa kompakteja kuormaajia ja lis\u00e4laitteita, joista osaa k\u00e4ytet\u00e4\u00e4n kevyiss\u00e4 ja keskiraskaissa maanraivaus- ja sorat\u00f6iss\u00e4.<\/li>\n<li>MB Crusher \u2013 Erikoistunut erilaisten liikuteltavien murskainten ja seulojen valmistukseen, jotka voidaan asentaa kaivinkoneisiin, kuormaajiin jne.<\/li>\n<li>John Deere \u2013 Vaikka se tunnetaan parhaiten maatalouskoneistaan, se tarjoaa my\u00f6s raskaita laitteita maanrakennus- ja rakennusteollisuudelle, joita voidaan k\u00e4ytt\u00e4\u00e4 oikeilla rikotusty\u00f6kaluilla maanraivaust\u00f6iss\u00e4.<\/li>\n<\/ul>\n<p><span style=\"color: #ff0000;\"><em><strong>Huomautus: Artikkelissa mainitut tuotemerkit ovat vain helpottaaksemme asiakkaidemme valintaa ja vaihtoa vastaavan maatalouskonemerkin lis\u00e4varusteilla, eiv\u00e4tk\u00e4 ne myy kyseisen merkin tuotteita.<\/strong><\/em><\/span><\/p>\n<h2>Tietoja FMP:st\u00e4<\/h2>\n<p>FMP on johtava valmistaja, joka on erikoistunut monenlaisten mekaanisten ja hydraulisten voimansiirtotuotteiden valmistukseen. Tuotevalikoimaamme kuuluvat planeettavaihteistot, matoalennusvaihteet, rivivaihteistot, yhdensuuntaisakseliset kartiohammasvaihteet, kartiohammasvaihteet, matoalennusvaihteet, maatalousvaihteistot, traktorien vaihteistot, autojen vaihteistot, ulostuloakselit ja erikoisvaihteistot. Lis\u00e4ksi tarjoamme kattavan valikoiman t\u00e4ydent\u00e4vi\u00e4 komponentteja, kuten hammaspy\u00f6ri\u00e4, hydraulij\u00e4rjestelmi\u00e4, tyhji\u00f6pumppuja, hydraulikytkimi\u00e4, hammastankoja, ketjuja, jakopy\u00f6ri\u00e4, UDL-vaihteistoja, kiilahihnapy\u00f6ri\u00e4, hydraulisylintereit\u00e4, hammaspy\u00f6r\u00e4pumppuja, ruuvikompressoreita ja v\u00e4h\u00e4v\u00e4lyksisi\u00e4 matoalennuspy\u00f6ri\u00e4.<\/p>\n<p><strong>R\u00e4\u00e4t\u00e4l\u00f6ityj\u00e4 ratkaisuja jokaiseen tarpeeseen<\/strong><\/p>\n<p>FMP:ll\u00e4 ymm\u00e4rr\u00e4mme, ett\u00e4 jokainen sovellus on ainutlaatuinen. Siksi tarjoamme t\u00e4ysin r\u00e4\u00e4t\u00e4l\u00f6it\u00e4vi\u00e4 ratkaisuja, kuten mittatilausty\u00f6n\u00e4 tehtyj\u00e4 vaihteistoja, vaihdemoottoreita, hydrauliikkaj\u00e4rjestelmi\u00e4 ja moottoreita, jotka on suunniteltu vastaamaan asiakkaidemme erityisvaatimuksia. Joustavat valmistuskykymme mahdollistavat tarkasti suunniteltujen tuotteiden luomisen, jotka on r\u00e4\u00e4t\u00e4l\u00f6ity varmistamaan maksimaalinen tehokkuus ja optimaalinen suorituskyky miss\u00e4 tahansa sovelluksessa.<\/p>\n<p><strong>Sitoutuminen laatuun ja innovaatioihin<\/strong><\/p>\n<p>Olemme vahvasti sitoutuneet yll\u00e4pit\u00e4m\u00e4\u00e4n korkeimpia laatu- ja luotettavuusstandardeja jokaisessa valmistamassamme tuotteessa. Edistykselliset testaus- ja tarkastuslaitteemme sek\u00e4 eritt\u00e4in ammattitaitoinen tekninen tiimimme varmistavat, ett\u00e4 jokainen tuote t\u00e4ytt\u00e4\u00e4 tiukat alan standardit. Tarjosipa sitten vakioratkaisuja tai r\u00e4\u00e4t\u00e4l\u00f6ityj\u00e4 tuotteita, FMP on omistautunut toimittamaan huippulaatuisia tuloksia, jotka toimivat poikkeuksellisen hyvin jopa vaativimmissa ymp\u00e4rist\u00f6iss\u00e4.<\/p>\n<p>Viime vuosina FMP on kasvanut nopeasti laajan tuotantokokemuksemme, vankkojen johtamisj\u00e4rjestelmien ja vahvan teknisen asiantuntemuksemme ansiosta. Filosofiamme \"laatu selviytymisen ja innovaation tukena\" on ollut menestyksemme kulmakivi, joka on vauhdittanut jatkuvaa parantamista ja kasvua.<\/p>\n<p><strong>Kumppanuus menestykseen<\/strong><\/p>\n<p>FMP:ll\u00e4 priorisoimme yhteisty\u00f6t\u00e4 ja pitk\u00e4aikaisia \u200b\u200bkumppanuuksia asiakkaidemme kanssa. Teemme tiivist\u00e4 yhteisty\u00f6t\u00e4 asiakkaidemme kanssa toimittaaksemme innovatiivisia ja luotettavia ratkaisuja, jotka ylitt\u00e4v\u00e4t odotukset. Tavoitteenamme ei ole ainoastaan \u200b\u200b\u200b\u200bt\u00e4ytt\u00e4\u00e4 asiakkaidemme tarpeita, vaan my\u00f6s luoda kest\u00e4vi\u00e4 suhteita, jotka perustuvat luottamukseen, laatuun ja molemminpuoliseen menestykseen.<\/p>\n<p>Tarkkuuteen, luotettavuuteen ja r\u00e4\u00e4t\u00e4l\u00f6ityihin palveluihin keskittyv\u00e4 FMP on luotettava kumppani kaikkiin mekaanisiin ja hydraulisiin voimansiirtotarpeisiisi. Odotamme innolla yhteisty\u00f6t\u00e4 kanssasi menestyksen ja huippuosaamisen saavuttamiseksi yhdess\u00e4.<\/p>\n<p><img loading=\"lazy\" decoding=\"async\" class=\"alignnone size-full wp-image-3678\" src=\"https:\/\/fmp-components.com\/wp-content\/uploads\/2025\/01\/worm-gearbox-factory1.webp\" alt=\"matovaihteiston-tehdas\" width=\"1024\" height=\"888\" title=\"\" srcset=\"https:\/\/fmp-components.com\/wp-content\/uploads\/2025\/01\/worm-gearbox-factory1.webp 1024w, https:\/\/fmp-components.com\/wp-content\/uploads\/2025\/01\/worm-gearbox-factory1-980x850.webp 980w, https:\/\/fmp-components.com\/wp-content\/uploads\/2025\/01\/worm-gearbox-factory1-480x416.webp 480w\" sizes=\"(min-width: 0px) and (max-width: 480px) 480px, (min-width: 481px) and (max-width: 980px) 980px, (min-width: 981px) 1024px, 100vw\" \/><\/p>\n<p>Tekij\u00e4: CX<\/p>\n<\/div>\n<\/div>\n<\/div>\n<\/div>","protected":false},"excerpt":{"rendered":"<p>Location of the Gearbox in a Land Clearing Stone Crusher The gearbox in a land clearing stone crusher is typically located between the engine or motor and the crusher mechanism, usually mounted directly to the machine\u2019s main frame. It serves as a crucial component to transmit power from the engine to the crusher\u2019s rotor or [&hellip;]<\/p>","protected":false},"featured_media":3693,"comment_status":"open","ping_status":"closed","template":"","meta":{"_et_pb_use_builder":"","_et_pb_old_content":"","_et_gb_content_width":""},"product_brand":[],"product_cat":[90],"product_tag":[],"class_list":{"0":"post-3691","1":"product","2":"type-product","3":"status-publish","4":"has-post-thumbnail","6":"product_cat-planetary-gearbox","8":"first","9":"instock","10":"shipping-taxable","11":"product-type-simple"},"_links":{"self":[{"href":"https:\/\/fmp-components.com\/fi\/wp-json\/wp\/v2\/product\/3691","targetHints":{"allow":["GET"]}}],"collection":[{"href":"https:\/\/fmp-components.com\/fi\/wp-json\/wp\/v2\/product"}],"about":[{"href":"https:\/\/fmp-components.com\/fi\/wp-json\/wp\/v2\/types\/product"}],"replies":[{"embeddable":true,"href":"https:\/\/fmp-components.com\/fi\/wp-json\/wp\/v2\/comments?post=3691"}],"wp:featuredmedia":[{"embeddable":true,"href":"https:\/\/fmp-components.com\/fi\/wp-json\/wp\/v2\/media\/3693"}],"wp:attachment":[{"href":"https:\/\/fmp-components.com\/fi\/wp-json\/wp\/v2\/media?parent=3691"}],"wp:term":[{"taxonomy":"product_brand","embeddable":true,"href":"https:\/\/fmp-components.com\/fi\/wp-json\/wp\/v2\/product_brand?post=3691"},{"taxonomy":"product_cat","embeddable":true,"href":"https:\/\/fmp-components.com\/fi\/wp-json\/wp\/v2\/product_cat?post=3691"},{"taxonomy":"product_tag","embeddable":true,"href":"https:\/\/fmp-components.com\/fi\/wp-json\/wp\/v2\/product_tag?post=3691"}],"curies":[{"name":"wp","href":"https:\/\/api.w.org\/{rel}","templated":true}]}}