{"id":3679,"date":"2025-01-09T06:12:10","date_gmt":"2025-01-09T06:12:10","guid":{"rendered":"https:\/\/fmp-components.com\/?page_id=8"},"modified":"2025-01-09T06:22:24","modified_gmt":"2025-01-09T06:22:24","slug":"wheel-drive-planetary-gearbox-reducer-for-rough-terrain-scissor-lift3679","status":"publish","type":"product","link":"https:\/\/fmp-components.com\/fi\/product\/wheel-drive-planetary-gearbox-reducer-for-rough-terrain-scissor-lift3679\/","title":{"rendered":"Py\u00f6r\u00e4vetoinen planeettavaihteiston v\u00e4hennysvaihteisto ep\u00e4tasaiselle maastolle saksilavanostimelle"},"content":{"rendered":"<h2>Py\u00f6r\u00e4nvedon sijainti ep\u00e4tasaisessa maastossa k\u00e4ytett\u00e4v\u00e4ss\u00e4 saksinostimessa<\/h2>\n<p>Maastok\u00e4ytt\u00f6\u00f6n tarkoitetun saksinostimen vetoj\u00e4rjestelm\u00e4 sijaitsee tyypillisesti nostimen rungon alaosassa, integroituna vetopy\u00f6riin. N\u00e4m\u00e4 voimanl\u00e4hteet ovat v\u00e4ltt\u00e4m\u00e4tt\u00f6mi\u00e4 py\u00f6rien voimanl\u00e4hteeksi, joiden avulla nostin voi liikkua ep\u00e4tasaisilla ja karuilla pinnoilla, joita usein esiintyy rakennusty\u00f6mailla tai ulkomaastossa. Vetoj\u00e4rjestelm\u00e4 on sijoitettu varmistamaan optimaalinen tehonjako py\u00f6rille, mik\u00e4 tarjoaa tarvittavan v\u00e4\u00e4nt\u00f6momentin luotettavaa liikett\u00e4 ja pitoa varten.<\/p>\n<p>Useimmissa malleissa py\u00f6r\u00e4nveto on kytketty py\u00f6riin akseleiden, vaihteistojen ja hydraulisten j\u00e4rjestelmien kautta. Se on yleens\u00e4 asennettu suoraan py\u00f6r\u00e4nnapaan tai py\u00f6r\u00e4kokoonpanon sis\u00e4\u00e4n, miss\u00e4 se toimii yhdess\u00e4 muiden mekaanisten ja hydraulisten komponenttien kanssa. T\u00e4m\u00e4 strateginen sijoittelu varmistaa, ett\u00e4 vetoj\u00e4rjestelm\u00e4 toimii tehokkaasti, vaikka nostin olisi t\u00e4ysin ojennettuna tai kallistettuna.<\/p>\n<p>Ep\u00e4tasaisessa maastossa k\u00e4ytett\u00e4vien saksinostimien py\u00f6r\u00e4veto on ratkaisevan t\u00e4rke\u00e4ss\u00e4 roolissa liikkuvuuden mahdollistamisessa haastavilla pinnoilla, kuten soralla, hiekalla ja rinteill\u00e4. Sen rakenne on optimoitu tarjoamaan suurta v\u00e4\u00e4nt\u00f6momenttia ja vakautta, mik\u00e4 varmistaa, ett\u00e4 nostin voi liikkua turvallisesti ja tehokkaasti s\u00e4ilytt\u00e4en tasapainon ja tehon vaativissa olosuhteissa.<\/p>\n<p><img loading=\"lazy\" decoding=\"async\" class=\"alignnone wp-image-3684\" src=\"https:\/\/fmp-components.com\/wp-content\/uploads\/2025\/01\/0_wheel-drive-for-Scissor-Lift-21.webp\" alt=\"py\u00f6r\u00e4veto-saksinostimelle\" width=\"921\" height=\"532\" title=\"\" srcset=\"https:\/\/fmp-components.com\/wp-content\/uploads\/2025\/01\/0_wheel-drive-for-Scissor-Lift-21.webp 921w, https:\/\/fmp-components.com\/wp-content\/uploads\/2025\/01\/0_wheel-drive-for-Scissor-Lift-21-480x277.webp 480w\" sizes=\"(min-width: 0px) and (max-width: 480px) 480px, (min-width: 481px) 921px, 100vw\" \/><\/p>\n<h2>Py\u00f6r\u00e4vedon rooli ep\u00e4tasaisessa maastossa k\u00e4ytett\u00e4v\u00e4ss\u00e4 saksinostimessa<\/h2>\n<p>Py\u00f6r\u00e4veto on ratkaisevan t\u00e4rke\u00e4 siin\u00e4, ett\u00e4 ep\u00e4tasaisessa maastossa k\u00e4ytett\u00e4v\u00e4 saksinostin voi liikkua tehokkaasti ja turvallisesti ep\u00e4tasaisilla ja karuilla pinnoilla. Se vastaa voiman siirt\u00e4misest\u00e4 moottorista tai hydrauliikkaj\u00e4rjestelm\u00e4st\u00e4 py\u00f6riin ja tuottaa tarvittavan v\u00e4\u00e4nt\u00f6momentin liikkumiseen. T\u00e4m\u00e4 varmistaa, ett\u00e4 saksinostin pystyy navigoimaan esteiden, kaltevien pintojen ja ep\u00e4tasaisen maaston yli, joita yleens\u00e4 esiintyy rakennusty\u00f6mailla tai ulkoty\u00f6ymp\u00e4rist\u00f6iss\u00e4.<\/p>\n<p>K\u00e4ytt\u00e4m\u00e4ll\u00e4 py\u00f6ri\u00e4 py\u00f6r\u00e4veto mahdollistaa nostimen liikkeen tarkan hallinnan, mukaan lukien eteenp\u00e4in-, taaksep\u00e4in- ja ohjaustoiminnot. T\u00e4m\u00e4 mahdollistaa nostimen tarkan ohjaamisen, vaikka nostin olisi t\u00e4ysin ojennettuna tai ep\u00e4tasaisella alustalla. Se edist\u00e4\u00e4 koneen yleist\u00e4 vakautta, auttaa jakamaan painon tasaisesti ja yll\u00e4pit\u00e4m\u00e4\u00e4n pitoa est\u00e4en liukumisen ja ep\u00e4vakauden.<\/p>\n<p>Liikkuvuuden lis\u00e4ksi py\u00f6r\u00e4vetoj\u00e4rjestelm\u00e4ll\u00e4 on my\u00f6s t\u00e4rke\u00e4 rooli nostimen suorituskyvyn parantamisessa nopeuden ja tehon suhteen. Se varmistaa, ett\u00e4 nostin pystyy k\u00e4sittelem\u00e4\u00e4n raskaita kuormia tehokkuudesta tinkim\u00e4tt\u00e4, mik\u00e4 tekee siit\u00e4 elint\u00e4rke\u00e4n komponentin sovelluksissa, jotka vaativat sek\u00e4 pystysuuntaista nostoa ett\u00e4 vaakasuuntaista liikkuvuutta haastavassa maastossa.<\/p>\n<p><img loading=\"lazy\" decoding=\"async\" class=\"wp-image-3685 aligncenter\" src=\"https:\/\/fmp-components.com\/wp-content\/uploads\/2025\/01\/0_Snorkel-S9070RT-HC_2.webp\" alt=\"\" width=\"579\" height=\"603\" title=\"\" srcset=\"https:\/\/fmp-components.com\/wp-content\/uploads\/2025\/01\/0_Snorkel-S9070RT-HC_2.webp 579w, https:\/\/fmp-components.com\/wp-content\/uploads\/2025\/01\/0_Snorkel-S9070RT-HC_2-480x500.webp 480w\" sizes=\"(min-width: 0px) and (max-width: 480px) 480px, (min-width: 481px) 579px, 100vw\" \/><\/p>\n<h2>Yhteensopivuus suosittujen nostolavamallien kanssa<\/h2>\n<p>Py\u00f6r\u00e4vetoinen alennusvaihteistomme on yhteensopiva laajan valikoiman nostolavamallien kanssa, mukaan lukien:<\/p>\n<ol data-spm-anchor-id=\"5176.28103460.0.i129.297c3f99PFUZxp\">\n<li>JLG Industries: JLG RT-sarja (RT340, RT40, RT60, RT90, RT100, RT110)<\/li>\n<li>Genie: GS-RT-sarja (Genie GS-4069 RT, GS-5390 RT)<\/li>\n<li>Skyjack: SJ-R Series ( SJ63 AJ Rough Terrain, SJ8841 RTE)<\/li>\n<li>Haulotte: HAULOTTE-maastok\u00e4ytt\u00f6iset saksilavat (HA20PX, HT23 RTJ PRO, HT40 RTJ PRO)<\/li>\n<li>Snorkkeli: SR-sarja (SR5719, SR626E, SR9244)<\/li>\n<li>Aichi: SC-sarja (SC50, SC60, SC80)<\/li>\n<li>MEC-henkil\u00f6nostimet: R-sarja (RS26J, RS40, RS52)<\/li>\n<\/ol>\n<p>Jos k\u00e4yt\u00e4t jotakin n\u00e4ist\u00e4 malleista, py\u00f6r\u00e4nvetoinen alennusvaihteistomme sopii t\u00e4ydellisesti koneeseesi.<br \/>\n<span style=\"color: #ff0000;\"><em><strong>Huomautus: Artikkelissa mainitut tuotemerkit ovat vain helpottaaksemme asiakkaidemme valintaa ja vaihtoa vastaavan maatalouskonemerkin lis\u00e4varusteilla, eiv\u00e4tk\u00e4 ne myy kyseisen merkin tuotteita.<\/strong><\/em><\/span><\/p>\n<h2>Tietoja FMP:st\u00e4<\/h2>\n<p>FMP on johtava valmistaja, joka on erikoistunut monenlaisten mekaanisten ja hydraulisten voimansiirtotuotteiden valmistukseen. Tuotevalikoimaamme kuuluvat planeettavaihteistot, matoalennusvaihteet, rivivaihteistot, yhdensuuntaisakseliset kartiohammasvaihteet, kartiohammasvaihteet, matoalennusvaihteet, maatalousvaihteistot, traktorien vaihteistot, autojen vaihteistot, ulostuloakselit ja erikoisvaihteistot. Lis\u00e4ksi tarjoamme kattavan valikoiman t\u00e4ydent\u00e4vi\u00e4 komponentteja, kuten hammaspy\u00f6ri\u00e4, hydraulij\u00e4rjestelmi\u00e4, tyhji\u00f6pumppuja, hydraulikytkimi\u00e4, hammastankoja, ketjuja, jakopy\u00f6ri\u00e4, UDL-vaihteistoja, kiilahihnapy\u00f6ri\u00e4, hydraulisylintereit\u00e4, hammaspy\u00f6r\u00e4pumppuja, ruuvikompressoreita ja v\u00e4h\u00e4v\u00e4lyksisi\u00e4 matoalennuspy\u00f6ri\u00e4.<\/p>\n<p><strong>R\u00e4\u00e4t\u00e4l\u00f6ityj\u00e4 ratkaisuja jokaiseen tarpeeseen<\/strong><\/p>\n<p>FMP:ll\u00e4 ymm\u00e4rr\u00e4mme, ett\u00e4 jokainen sovellus on ainutlaatuinen. Siksi tarjoamme t\u00e4ysin r\u00e4\u00e4t\u00e4l\u00f6it\u00e4vi\u00e4 ratkaisuja, kuten mittatilausty\u00f6n\u00e4 tehtyj\u00e4 vaihteistoja, vaihdemoottoreita, hydrauliikkaj\u00e4rjestelmi\u00e4 ja moottoreita, jotka on suunniteltu vastaamaan asiakkaidemme erityisvaatimuksia. Joustavat valmistuskykymme mahdollistavat tarkasti suunniteltujen tuotteiden luomisen, jotka on r\u00e4\u00e4t\u00e4l\u00f6ity varmistamaan maksimaalinen tehokkuus ja optimaalinen suorituskyky miss\u00e4 tahansa sovelluksessa.<\/p>\n<p><strong>Sitoutuminen laatuun ja innovaatioihin<\/strong><\/p>\n<p>Olemme vahvasti sitoutuneet yll\u00e4pit\u00e4m\u00e4\u00e4n korkeimpia laatu- ja luotettavuusstandardeja jokaisessa valmistamassamme tuotteessa. Edistykselliset testaus- ja tarkastuslaitteemme sek\u00e4 eritt\u00e4in ammattitaitoinen tekninen tiimimme varmistavat, ett\u00e4 jokainen tuote t\u00e4ytt\u00e4\u00e4 tiukat alan standardit. Tarjosipa sitten vakioratkaisuja tai r\u00e4\u00e4t\u00e4l\u00f6ityj\u00e4 tuotteita, FMP on omistautunut toimittamaan huippulaatuisia tuloksia, jotka toimivat poikkeuksellisen hyvin jopa vaativimmissa ymp\u00e4rist\u00f6iss\u00e4.<\/p>\n<p>Viime vuosina FMP on kasvanut nopeasti laajan tuotantokokemuksemme, vankkojen johtamisj\u00e4rjestelmien ja vahvan teknisen asiantuntemuksemme ansiosta. Filosofiamme \"laatu selviytymisen ja innovaation tukena\" on ollut menestyksemme kulmakivi, joka on vauhdittanut jatkuvaa parantamista ja kasvua.<\/p>\n<p><strong>Kumppanuus menestykseen<\/strong><\/p>\n<p>FMP:ll\u00e4 priorisoimme yhteisty\u00f6t\u00e4 ja pitk\u00e4aikaisia \u200b\u200bkumppanuuksia asiakkaidemme kanssa. Teemme tiivist\u00e4 yhteisty\u00f6t\u00e4 asiakkaidemme kanssa toimittaaksemme innovatiivisia ja luotettavia ratkaisuja, jotka ylitt\u00e4v\u00e4t odotukset. Tavoitteenamme ei ole ainoastaan \u200b\u200b\u200b\u200bt\u00e4ytt\u00e4\u00e4 asiakkaidemme tarpeita, vaan my\u00f6s luoda kest\u00e4vi\u00e4 suhteita, jotka perustuvat luottamukseen, laatuun ja molemminpuoliseen menestykseen.<\/p>\n<p>Tarkkuuteen, luotettavuuteen ja r\u00e4\u00e4t\u00e4l\u00f6ityihin palveluihin keskittyv\u00e4 FMP on luotettava kumppani kaikkiin mekaanisiin ja hydraulisiin voimansiirtotarpeisiisi. Odotamme innolla yhteisty\u00f6t\u00e4 kanssasi menestyksen ja huippuosaamisen saavuttamiseksi yhdess\u00e4.<\/p>\n<p><img loading=\"lazy\" decoding=\"async\" class=\"alignnone size-full wp-image-3678\" src=\"https:\/\/fmp-components.com\/wp-content\/uploads\/2025\/01\/worm-gearbox-factory1.webp\" alt=\"matovaihteiston-tehdas\" width=\"1024\" height=\"888\" title=\"\" srcset=\"https:\/\/fmp-components.com\/wp-content\/uploads\/2025\/01\/worm-gearbox-factory1.webp 1024w, https:\/\/fmp-components.com\/wp-content\/uploads\/2025\/01\/worm-gearbox-factory1-980x850.webp 980w, https:\/\/fmp-components.com\/wp-content\/uploads\/2025\/01\/worm-gearbox-factory1-480x416.webp 480w\" sizes=\"(min-width: 0px) and (max-width: 480px) 480px, (min-width: 481px) and (max-width: 980px) 980px, (min-width: 981px) 1024px, 100vw\" \/><\/p>\n<p>Tekij\u00e4: CX<\/p>","protected":false},"excerpt":{"rendered":"<p>Location of the Wheel Drive on a Rough Terrain Scissor Lift The wheel drive on a rough terrain scissor lift is typically located at the lower portion of the lift&#8217;s chassis, integrated into the drive wheels. These drives are essential for powering the wheels that allow the lift to move across uneven, rugged surfaces often [&hellip;]<\/p>","protected":false},"featured_media":3682,"comment_status":"open","ping_status":"closed","template":"","meta":{"_et_pb_use_builder":"","_et_pb_old_content":"","_et_gb_content_width":""},"product_brand":[],"product_cat":[90],"product_tag":[],"class_list":{"0":"post-3679","1":"product","2":"type-product","3":"status-publish","4":"has-post-thumbnail","6":"product_cat-planetary-gearbox","8":"first","9":"instock","10":"shipping-taxable","11":"product-type-simple"},"_links":{"self":[{"href":"https:\/\/fmp-components.com\/fi\/wp-json\/wp\/v2\/product\/3679","targetHints":{"allow":["GET"]}}],"collection":[{"href":"https:\/\/fmp-components.com\/fi\/wp-json\/wp\/v2\/product"}],"about":[{"href":"https:\/\/fmp-components.com\/fi\/wp-json\/wp\/v2\/types\/product"}],"replies":[{"embeddable":true,"href":"https:\/\/fmp-components.com\/fi\/wp-json\/wp\/v2\/comments?post=3679"}],"wp:featuredmedia":[{"embeddable":true,"href":"https:\/\/fmp-components.com\/fi\/wp-json\/wp\/v2\/media\/3682"}],"wp:attachment":[{"href":"https:\/\/fmp-components.com\/fi\/wp-json\/wp\/v2\/media?parent=3679"}],"wp:term":[{"taxonomy":"product_brand","embeddable":true,"href":"https:\/\/fmp-components.com\/fi\/wp-json\/wp\/v2\/product_brand?post=3679"},{"taxonomy":"product_cat","embeddable":true,"href":"https:\/\/fmp-components.com\/fi\/wp-json\/wp\/v2\/product_cat?post=3679"},{"taxonomy":"product_tag","embeddable":true,"href":"https:\/\/fmp-components.com\/fi\/wp-json\/wp\/v2\/product_tag?post=3679"}],"curies":[{"name":"wp","href":"https:\/\/api.w.org\/{rel}","templated":true}]}}