{"id":3674,"date":"2025-01-09T05:49:40","date_gmt":"2025-01-09T05:49:40","guid":{"rendered":"https:\/\/fmp-components.com\/?page_id=8"},"modified":"2025-01-09T06:11:10","modified_gmt":"2025-01-09T06:11:10","slug":"wheel-drive-planetary-gearbox-reducer-for-access-plateform","status":"publish","type":"product","link":"https:\/\/fmp-components.com\/fi\/product\/wheel-drive-planetary-gearbox-reducer-for-access-plateform\/","title":{"rendered":"Py\u00f6r\u00e4vetoinen planeettavaihteiston v\u00e4hennysventtiili k\u00e4ytt\u00f6alustalle"},"content":{"rendered":"<p style=\"text-align: center;\"><span style=\"font-size: 18pt;\">Py\u00f6r\u00e4vetoinen planeettavaihteiston v\u00e4hennysventtiili nostolavalle<\/span><\/p>\n<p>Henkil\u00f6nostimille tarkoitettu planeettavaihteiston alennusvaihteisto on tehokas alennusvaihteistoj\u00e4rjestelm\u00e4, joka on erityisesti suunniteltu k\u00e4ytett\u00e4v\u00e4ksi henkil\u00f6nostimissa, saksinostimissa, puominostimissa ja muissa henkil\u00f6nostimissa. Luotettavuutta, tehokkuutta ja kest\u00e4vyytt\u00e4 ajatellen suunniteltu t\u00e4m\u00e4 vaihdelaatikko on olennainen osa alustan tasaisen ja hallitun liikkeen varmistamisessa.<\/p>\n<p><strong>T\u00e4rkeimm\u00e4t ominaisuudet:<\/strong><\/p>\n<ol>\n<li><strong>Suuri v\u00e4\u00e4nt\u00f6momentti<\/strong><br \/>\nSuuren v\u00e4\u00e4nt\u00f6momentin tuottamiseen suunniteltu planeettavaihteisto varmistaa tehokkaan voimansiirron nostolavan py\u00f6rille, mik\u00e4 mahdollistaa tasaisen ja luotettavan liikkeen my\u00f6s raskaiden kuormien alla.<\/li>\n<li><strong>Kompakti ja kest\u00e4v\u00e4 muotoilu<\/strong><br \/>\nKompaktin ja tilaa s\u00e4\u00e4st\u00e4v\u00e4n rakenteensa ansiosta vaihdelaatikko on rakennettu sopimaan henkil\u00f6nostimien ahtaisiin tiloihin s\u00e4ilytt\u00e4en samalla lujuuden ja kest\u00e4vyyden. Sen vankka rakenne varmistaa pitk\u00e4kestoisen suorituskyvyn vaativissa ymp\u00e4rist\u00f6iss\u00e4.<\/li>\n<li><strong>Planeettavaihteistomekanismi<\/strong><br \/>\nPlaneettavaihteiston k\u00e4ytt\u00f6 tarjoaa erinomaisen kuormanjakauman, v\u00e4hent\u00e4\u00e4 kulumista ja lis\u00e4\u00e4 hy\u00f6tysuhdetta. T\u00e4m\u00e4 rakenne parantaa my\u00f6s v\u00e4\u00e4nt\u00f6momentti-painosuhdetta, mik\u00e4 osaltaan lis\u00e4\u00e4 alustan kokonaistehokkuutta.<\/li>\n<li><strong>Parannettu kest\u00e4vyys<\/strong><br \/>\nKorkealaatuisista materiaaleista valmistettu vaihteisto on rakennettu kest\u00e4m\u00e4\u00e4n vaativia olosuhteita, kuten tihe\u00e4\u00e4 k\u00e4ytt\u00f6\u00e4, korkeita k\u00e4ytt\u00f6jaksoja ja haastavia ymp\u00e4rist\u00f6tekij\u00f6it\u00e4. Se tarjoaa pitk\u00e4aikaisen kest\u00e4vyyden ja v\u00e4hent\u00e4\u00e4 huoltotarvetta.<\/li>\n<li><strong>Sujuva ja hiljainen toiminta<\/strong><br \/>\nPlaneettavaihteiden tarkka suunnittelu varmistaa sujuvan ja hiljaisen toiminnan, alentaa melutasoa k\u00e4yt\u00f6n aikana ja tarjoaa mukavamman k\u00e4ytt\u00f6kokemuksen.<\/li>\n<\/ol>\n<p><img loading=\"lazy\" decoding=\"async\" class=\"alignnone size-full wp-image-3676\" src=\"https:\/\/fmp-components.com\/wp-content\/uploads\/2025\/01\/0_wheel-drive-for-Access-Plateform-21.webp\" alt=\"0_vetoinen-kulkualusta-2(1)\" width=\"980\" height=\"354\" title=\"\" srcset=\"https:\/\/fmp-components.com\/wp-content\/uploads\/2025\/01\/0_wheel-drive-for-Access-Plateform-21.webp 980w, https:\/\/fmp-components.com\/wp-content\/uploads\/2025\/01\/0_wheel-drive-for-Access-Plateform-21-480x173.webp 480w\" sizes=\"(min-width: 0px) and (max-width: 480px) 480px, (min-width: 481px) 980px, 100vw\" \/><\/p>\n<p>Henkil\u00f6nostimille tarkoitettu planeettavaihteiston alennusvaihteisto on olennainen ja tehokas komponentti, joka tarjoaa erinomaisen tehokkuuden, kest\u00e4vyyden ja sujuvan toiminnan erilaisissa henkil\u00f6nostinsovelluksissa. Kest\u00e4v\u00e4n rakenteensa, mukautettavien lis\u00e4varusteidensa ja pitk\u00e4n k\u00e4ytt\u00f6ik\u00e4ns\u00e4 ansiosta t\u00e4m\u00e4 vaihteisto varmistaa, ett\u00e4 henkil\u00f6nostimesi toimii luotettavasti ja tehokkaasti vaativissa ymp\u00e4rist\u00f6iss\u00e4.<\/p>\n<div class=\"group\/conversation-turn relative flex w-full min-w-0 flex-col agent-turn\">\n<div class=\"flex-col gap-1 md:gap-3\">\n<div class=\"flex max-w-full flex-col flex-grow\">\n<div class=\"min-h-8 text-message flex w-full flex-col items-end gap-2 whitespace-normal break-words text-start [.text-message+&amp;]:mt-5\" dir=\"auto\" data-message-author-role=\"assistant\" data-message-id=\"2334fcc5-ad49-42a5-89f5-7a90448f8b99\" data-message-model-slug=\"gpt-4o\">\n<div class=\"flex w-full flex-col gap-1 empty:hidden first:pt-[3px]\">\n<div class=\"markdown prose w-full break-words dark:prose-invert light\">\n<h2>Py\u00f6r\u00e4nvetoinen alennusvaihteisto nostolaitteille<\/h2>\n<p>Henkil\u00f6nostimille tarkoitettu py\u00f6r\u00e4vetoinen alennusvaihde on tarkasti suunniteltu vaihdealennusj\u00e4rjestelm\u00e4, joka on suunniteltu optimoimaan henkil\u00f6nostimien, saksinostimien ja muiden henkil\u00f6nostimien suorituskyky\u00e4. Voimansiirron tehokkuuteen ja kest\u00e4vyyteen keskittyv\u00e4 alennusvaihde varmistaa sujuvan, luotettavan ja hallitun liikkeen my\u00f6s vaativissa teollisuusymp\u00e4rist\u00f6iss\u00e4.<\/p>\n<p><strong>T\u00e4rkeimm\u00e4t ominaisuudet:<\/strong> Alennusvaihteessa on k\u00e4ytetty kest\u00e4v\u00e4\u00e4 ja kompaktia rakennetta, jossa on edistyksellist\u00e4 vaihdeteknologiaa, joka tarjoaa suuren v\u00e4\u00e4nt\u00f6momentin ja minimoi energiah\u00e4vi\u00f6n. Sen planeettavaihteisto varmistaa tehokkaan kuorman jakautumisen, v\u00e4hent\u00e4\u00e4 kulumista ja pident\u00e4\u00e4 j\u00e4rjestelm\u00e4n k\u00e4ytt\u00f6ik\u00e4\u00e4. Helppoa integrointia silm\u00e4ll\u00e4 pit\u00e4en suunniteltu alennusvaihteisto on yhteensopiva useiden nostolavamallien kanssa, mik\u00e4 tarjoaa joustavuutta ja saumatonta asennusta.<\/p>\n<p><strong>Kest\u00e4vyys ja suorituskyky:<\/strong> Korkealaatuisista materiaaleista valmistettu py\u00f6r\u00e4nvetoinen alennusvaihde on rakennettu kest\u00e4m\u00e4\u00e4n raskaan k\u00e4yt\u00f6n rasitukset. Se toimii sujuvasti ja tehokkaasti jatkuvassa k\u00e4yt\u00f6ss\u00e4, tarjoten erinomaisen kest\u00e4vyyden ja v\u00e4hent\u00e4en usein toistuvan huollon tarvetta. Vaihteiston rakenne varmistaa my\u00f6s hiljaisen toiminnan, joten se sopii erinomaisesti meluherkkiin ymp\u00e4rist\u00f6ihin.<\/p>\n<p><strong>Monipuoliset sovellukset:<\/strong> T\u00e4m\u00e4 alennusvaihde sopii t\u00e4ydellisesti monenlaisiin henkil\u00f6nostimiin, kuten saksinostimiin, puominostimiin ja muihin liikuteltaviin henkil\u00f6nostimiin. Sen korkea v\u00e4\u00e4nt\u00f6momentti ja hy\u00f6tysuhde tekev\u00e4t siit\u00e4 sopivan k\u00e4ytett\u00e4v\u00e4ksi teollisuus-, rakennus- ja kunnossapitosovelluksissa, joissa tarkkuus, turvallisuus ja suorituskyky ovat ensiarvoisen t\u00e4rkeit\u00e4.<\/p>\n<p>Henkil\u00f6nostimille tarkoitettu py\u00f6r\u00e4vetoinen alennusvaihde on luotettava ja tehokas ratkaisu, joka parantaa henkil\u00f6nostimien toimivuutta. Se tarjoaa erinomaisen tehokkuuden, kest\u00e4vyyden ja helpon integroinnin varmistaen, ett\u00e4 koneesi toimivat optimaalisella suorituskyvyll\u00e4, mik\u00e4 auttaa parantamaan toiminnan tehokkuutta ja v\u00e4hent\u00e4m\u00e4\u00e4n yll\u00e4pitokustannuksia.<\/p>\n<p><img loading=\"lazy\" decoding=\"async\" class=\"wp-image-3677 alignnone\" src=\"https:\/\/fmp-components.com\/wp-content\/uploads\/2025\/01\/0_wheel-drive-for-Access-Plateform-4.webp\" alt=\"0_veto-alusta-4:lle\" width=\"897\" height=\"601\" title=\"\" srcset=\"https:\/\/fmp-components.com\/wp-content\/uploads\/2025\/01\/0_wheel-drive-for-Access-Plateform-4.webp 897w, https:\/\/fmp-components.com\/wp-content\/uploads\/2025\/01\/0_wheel-drive-for-Access-Plateform-4-480x321.webp 480w\" sizes=\"(min-width: 0px) and (max-width: 480px) 480px, (min-width: 481px) 897px, 100vw\" \/><\/p>\n<h2>Yhteensopivuus suosittujen nostoalustamallien kanssa<\/h2>\n<p>K\u00e4yt\u00e4nn\u00f6n sovelluksissa planeettavaihteistomme voi olla laajalti yhteensopiva useiden tunnettujen nostolavamerkkien ja -mallien kanssa. Seuraavassa on joitakin yleisi\u00e4 esimerkkej\u00e4:<\/p>\n<ul>\n<li>JLG Industries: Esimerkiksi JLG 600S -sarjan ja 800AJ-sarjan korkean paikan ty\u00f6tasot.<\/li>\n<li>Genie: kuten Genie S-65, SX-180 ja muut saksityyppiset hissit ja suoravartiset korkean paikan ty\u00f6ajoneuvot.<\/li>\n<li>Haulotte: mukaan lukien HAULOTTE Star -sarja, HA15IP tai HA20PX itseliikkuvat suoravartiset hissit.<\/li>\n<li>Skyjack: kuten Skyjack SJIII 3219, SJII 4632 s\u00e4hk\u00f6k\u00e4ytt\u00f6inen saksinostin jne.<\/li>\n<li>Terex-henkil\u00f6nostimet (AWP): sis\u00e4lt\u00e4\u00e4 maastossa k\u00e4ytett\u00e4vi\u00e4 teleskooppipuomilla varustettuja korkean paikan ty\u00f6nostimia, kuten Genie TZ-50 tai uusi malli SX-135XC Pro.<\/li>\n<\/ul>\n<p><span style=\"color: #ff0000;\"><em><strong>Huomautus: Artikkelissa mainitut tuotemerkit ovat vain helpottaaksemme asiakkaidemme valintaa ja vaihtoa vastaavan maatalouskonemerkin lis\u00e4varusteilla, eiv\u00e4tk\u00e4 ne myy kyseisen merkin tuotteita.<\/strong><\/em><\/span><\/p>\n<h2>Tietoja FMP:st\u00e4<\/h2>\n<p>FMP on johtava valmistaja, joka on erikoistunut laajan valikoiman mekaanisten ja hydraulisten voimansiirtotuotteiden valmistukseen. Asiantuntemuksemme kattaa useita tuotekategorioita, mukaan lukien planeettavaihteistot, matoalennusvaihteet, rivivaihteistot, yhdensuuntaisakseliset kartiohammasvaihteet, kartiohammasvaihteet, matoalennusvaihteet, maatalousvaihteistot, traktorien vaihteistot, autojen vaihteistot, l\u00e4ht\u00f6akselit ja erikoisvaihteistot. Lis\u00e4ksi tarjoamme kattavan valikoiman niihin liittyvi\u00e4 vaihteiston osia, ketjupy\u00f6ri\u00e4, hydraulij\u00e4rjestelmi\u00e4, tyhji\u00f6pumppuja, hydraulikytkimi\u00e4, hammastankoja, ketjuja, jakopy\u00f6ri\u00e4, UDL-vaihteistoja, kiilahihnapy\u00f6ri\u00e4, hydraulisylintereit\u00e4, hammaspy\u00f6r\u00e4pumppuja, ruuvikompressoreita ja v\u00e4h\u00e4v\u00e4lyksisi\u00e4 matoalennuspy\u00f6ri\u00e4.<\/p>\n<p>FMP:ll\u00e4 ymm\u00e4rr\u00e4mme r\u00e4\u00e4t\u00e4l\u00f6innin t\u00e4rkeyden asiakkaidemme ainutlaatuisten tarpeiden t\u00e4ytt\u00e4misess\u00e4. Tarjoamme r\u00e4\u00e4t\u00e4l\u00f6ityj\u00e4 ratkaisuja, kuten r\u00e4\u00e4t\u00e4l\u00f6ityj\u00e4 vaihteistoja, vaihdemoottoreita, hydrauliikkatuotteita ja moottoreita, asiakkaiden erityispiirustusten ja vaatimusten mukaisesti. Joustavat valmistusmahdollisuutemme mahdollistavat tuotteiden toimittamisen, jotka sopivat tarkasti kuhunkin sovellukseen varmistaen optimaalisen suorituskyvyn ja tehokkuuden.<\/p>\n<p><strong>Sitoutuminen laatuun ja innovaatioihin<\/strong><\/p>\n<p>Tuotteidemme laatu ja luotettavuus ovat meille etusijalla, ja niit\u00e4 tukevat edistyneet tarkastus- ja testauslaitteet. Ammattitaitoinen tekninen tiimimme yhdistettyn\u00e4 huippumoderniin prosessointiteknologiaan ja tiukkaan valvontaj\u00e4rjestelm\u00e4\u00e4n varmistaa, ett\u00e4 jokainen tuote t\u00e4ytt\u00e4\u00e4 alan korkeimmat standardit. Olipa kyseess\u00e4 sitten vakiolaitteet tai r\u00e4\u00e4t\u00e4l\u00f6idyt ratkaisut, FMP on omistautunut tarjoamaan poikkeuksellisia tuotteita, jotka tarjoavat erinomaista suorituskyky\u00e4 vaativissa sovelluksissa.<\/p>\n<p>Viime vuosina FMP on kasvanut nopeasti runsaan tuotantokokemuksen, edistyneen johtamisj\u00e4rjestelm\u00e4n ja vahvojen teknisten valmiuksien ansiosta. Noudatamme filosofiaa \"selviytyminen laadun ja kehityksen avulla tieteellisen ja teknologisen innovaation avulla\", mik\u00e4 on ollut menestyksemme kulmakivi.<\/p>\n<p><strong>Yhteisty\u00f6h\u00f6n perustuva l\u00e4hestymistapa<\/strong><\/p>\n<p>FMP on sitoutunut ty\u00f6skentelem\u00e4\u00e4n tiiviisti asiakkaidemme kanssa kehitt\u00e4\u00e4kseen innovatiivisia ratkaisuja ja luodakseen kest\u00e4vi\u00e4 kumppanuuksia. Tavoitteenamme on toimittaa ensiluokkaisia \u200b\u200btuotteita ja palveluita, jotka eiv\u00e4t ainoastaan \u200b\u200bt\u00e4yt\u00e4 asiakkaiden odotuksia, vaan my\u00f6s ylitt\u00e4v\u00e4t ne. Odotamme innolla yhteisty\u00f6t\u00e4 kanssanne menestyksen saavuttamiseksi ja yhdess\u00e4 luomiseksi.<\/p>\n<p>Tarkkuuteen, luotettavuuteen ja r\u00e4\u00e4t\u00e4l\u00f6ityyn palveluun keskittyen FMP on luotettava kumppani, johon voit luottaa mekaanisten ja hydraulisten voimansiirtotarpeidesi suhteen.<\/p>\n<p><img loading=\"lazy\" decoding=\"async\" class=\"alignnone size-full wp-image-3678\" src=\"https:\/\/fmp-components.com\/wp-content\/uploads\/2025\/01\/worm-gearbox-factory1.webp\" alt=\"matovaihteiston-tehdas\" width=\"1024\" height=\"888\" title=\"\" srcset=\"https:\/\/fmp-components.com\/wp-content\/uploads\/2025\/01\/worm-gearbox-factory1.webp 1024w, https:\/\/fmp-components.com\/wp-content\/uploads\/2025\/01\/worm-gearbox-factory1-980x850.webp 980w, https:\/\/fmp-components.com\/wp-content\/uploads\/2025\/01\/worm-gearbox-factory1-480x416.webp 480w\" sizes=\"(min-width: 0px) and (max-width: 480px) 480px, (min-width: 481px) and (max-width: 980px) 980px, (min-width: 981px) 1024px, 100vw\" \/><\/p>\n<p>Tekij\u00e4: CX<\/p>\n<\/div>\n<\/div>\n<\/div>\n<\/div>\n<\/div>\n<\/div>","protected":false},"excerpt":{"rendered":"<p>Wheel Drive Planetary Gearbox Reducer for Access Platform The Wheel Drive Planetary Gearbox Reducer for Access Platforms is a high-performance gear reduction system specifically designed for use in aerial work platforms (AWP), scissor lifts, boom lifts, and other access platforms. Engineered for reliability, efficiency, and durability, this gearbox is an essential component for ensuring smooth [&hellip;]<\/p>","protected":false},"featured_media":3680,"comment_status":"open","ping_status":"closed","template":"","meta":{"_et_pb_use_builder":"","_et_pb_old_content":"","_et_gb_content_width":""},"product_brand":[],"product_cat":[90],"product_tag":[],"class_list":{"0":"post-3674","1":"product","2":"type-product","3":"status-publish","4":"has-post-thumbnail","6":"product_cat-planetary-gearbox","8":"first","9":"instock","10":"shipping-taxable","11":"product-type-simple"},"_links":{"self":[{"href":"https:\/\/fmp-components.com\/fi\/wp-json\/wp\/v2\/product\/3674","targetHints":{"allow":["GET"]}}],"collection":[{"href":"https:\/\/fmp-components.com\/fi\/wp-json\/wp\/v2\/product"}],"about":[{"href":"https:\/\/fmp-components.com\/fi\/wp-json\/wp\/v2\/types\/product"}],"replies":[{"embeddable":true,"href":"https:\/\/fmp-components.com\/fi\/wp-json\/wp\/v2\/comments?post=3674"}],"wp:featuredmedia":[{"embeddable":true,"href":"https:\/\/fmp-components.com\/fi\/wp-json\/wp\/v2\/media\/3680"}],"wp:attachment":[{"href":"https:\/\/fmp-components.com\/fi\/wp-json\/wp\/v2\/media?parent=3674"}],"wp:term":[{"taxonomy":"product_brand","embeddable":true,"href":"https:\/\/fmp-components.com\/fi\/wp-json\/wp\/v2\/product_brand?post=3674"},{"taxonomy":"product_cat","embeddable":true,"href":"https:\/\/fmp-components.com\/fi\/wp-json\/wp\/v2\/product_cat?post=3674"},{"taxonomy":"product_tag","embeddable":true,"href":"https:\/\/fmp-components.com\/fi\/wp-json\/wp\/v2\/product_tag?post=3674"}],"curies":[{"name":"wp","href":"https:\/\/api.w.org\/{rel}","templated":true}]}}