{"id":3668,"date":"2025-01-09T03:46:28","date_gmt":"2025-01-09T03:46:28","guid":{"rendered":"https:\/\/fmp-components.com\/?page_id=8"},"modified":"2025-01-09T03:46:29","modified_gmt":"2025-01-09T03:46:29","slug":"spindle-motor-used-for-cnc-spindle-jszd202-2","status":"publish","type":"product","link":"https:\/\/fmp-components.com\/fi\/product\/spindle-motor-used-for-cnc-spindle-jszd202-2\/","title":{"rendered":"Karan moottori, jota k\u00e4ytet\u00e4\u00e4n CNC-karan JSZD202:ssa"},"content":{"rendered":"<p><img loading=\"lazy\" decoding=\"async\" class=\"alignnone size-full wp-image-3671\" src=\"https:\/\/fmp-components.com\/wp-content\/uploads\/2025\/01\/spindle-motor-for-cnc-spindle-jszd202-2-1.webp\" alt=\"karamoottori-cnc-karalle-jszd202-2 (1)\" width=\"1104\" height=\"642\" title=\"\" srcset=\"https:\/\/fmp-components.com\/wp-content\/uploads\/2025\/01\/spindle-motor-for-cnc-spindle-jszd202-2-1.webp 1104w, https:\/\/fmp-components.com\/wp-content\/uploads\/2025\/01\/spindle-motor-for-cnc-spindle-jszd202-2-1-980x570.webp 980w, https:\/\/fmp-components.com\/wp-content\/uploads\/2025\/01\/spindle-motor-for-cnc-spindle-jszd202-2-1-480x279.webp 480w\" sizes=\"(min-width: 0px) and (max-width: 480px) 480px, (min-width: 481px) and (max-width: 980px) 980px, (min-width: 981px) 1104px, 100vw\" \/><\/p>\n<p><img loading=\"lazy\" decoding=\"async\" class=\"alignnone size-full wp-image-3672\" src=\"https:\/\/fmp-components.com\/wp-content\/uploads\/2025\/01\/spindle-motor-for-cnc-spindle-jszd202-3-1.webp\" alt=\"karamoottori-cnc-karalle-jszd202-3 (1)\" width=\"1115\" height=\"450\" title=\"\" srcset=\"https:\/\/fmp-components.com\/wp-content\/uploads\/2025\/01\/spindle-motor-for-cnc-spindle-jszd202-3-1.webp 1115w, https:\/\/fmp-components.com\/wp-content\/uploads\/2025\/01\/spindle-motor-for-cnc-spindle-jszd202-3-1-980x396.webp 980w, https:\/\/fmp-components.com\/wp-content\/uploads\/2025\/01\/spindle-motor-for-cnc-spindle-jszd202-3-1-480x194.webp 480w\" sizes=\"(min-width: 0px) and (max-width: 480px) 480px, (min-width: 481px) and (max-width: 980px) 980px, (min-width: 981px) 1115px, 100vw\" \/><\/p>\n<h2>L\u00e4ht\u00f6\u00e4 varten on kaksi tapaa: toinen on vakiomomentti ja toinen on vakioteho, kuten alla:<\/h2>\n<p><img loading=\"lazy\" decoding=\"async\" class=\"alignnone size-full wp-image-3573\" src=\"https:\/\/fmp-components.com\/wp-content\/uploads\/2025\/01\/spindle-motor-1.webp\" alt=\"karamoottori-1\" width=\"973\" height=\"551\" title=\"\" srcset=\"https:\/\/fmp-components.com\/wp-content\/uploads\/2025\/01\/spindle-motor-1.webp 973w, https:\/\/fmp-components.com\/wp-content\/uploads\/2025\/01\/spindle-motor-1-480x272.webp 480w\" sizes=\"(min-width: 0px) and (max-width: 480px) 480px, (min-width: 481px) 973px, 100vw\" \/><\/p>\n<h2>Moottorin karan nimikkeist\u00f6n selitys<\/h2>\n<p><img loading=\"lazy\" decoding=\"async\" class=\"alignnone size-full wp-image-3574\" src=\"https:\/\/fmp-components.com\/wp-content\/uploads\/2025\/01\/spindle-motor-2.webp\" alt=\"karamoottori-2\" width=\"666\" height=\"351\" title=\"\" srcset=\"https:\/\/fmp-components.com\/wp-content\/uploads\/2025\/01\/spindle-motor-2.webp 666w, https:\/\/fmp-components.com\/wp-content\/uploads\/2025\/01\/spindle-motor-2-480x253.webp 480w\" sizes=\"(min-width: 0px) and (max-width: 480px) 480px, (min-width: 481px) 666px, 100vw\" \/><\/p>\n<h2>Karan liitoksen p\u00e4\u00e4<\/h2>\n<p>Siin\u00e4 on monia erilaisia \u200b\u200bliit\u00e4nt\u00e4tyyppej\u00e4 eri mallikaroista riippuen, katso alla oleva taulukko.<\/p>\n<p><img loading=\"lazy\" decoding=\"async\" class=\"alignnone wp-image-3575\" src=\"https:\/\/fmp-components.com\/wp-content\/uploads\/2025\/01\/spindle-motor-3.webp\" alt=\"karamoottori\" width=\"885\" height=\"231\" title=\"\" srcset=\"https:\/\/fmp-components.com\/wp-content\/uploads\/2025\/01\/spindle-motor-3.webp 885w, https:\/\/fmp-components.com\/wp-content\/uploads\/2025\/01\/spindle-motor-3-480x125.webp 480w\" sizes=\"(min-width: 0px) and (max-width: 480px) 480px, (min-width: 481px) 885px, 100vw\" \/><\/p>\n<h2>Karan k\u00e4ytt\u00f6ohjeet<\/h2>\n<div><span id=\"spin1\">1<\/span>Taajuusmuuttaja\u00a0<span id=\"spin2\">t\u00e4ytyy<\/span>\u00a0vastaa\u00a0<span id=\"spin3\">s\u00e4hk\u00f6inen<\/span>\u00a0karayksikk\u00f6.\u00a0<span id=\"spin4\">perus<\/span>\u00a0taajuus\u00a0<span id=\"spin5\">tai jopa<\/span>\u00a0nimellistaajuus\u00a0<span id=\"spin6\">sek\u00e4<\/span>\u00a0j\u00e4nnite\u00a0<span id=\"spin7\">t\u00e4ytyy<\/span>\u00a0t\u00e4yt\u00e4 tekniset parametrit\u00a0<span id=\"spin8\">siit\u00e4<\/span>\u00a0<span id=\"spin9\">s\u00e4hk\u00f6inen<\/span>\u00a0kara.<br \/>\n<span id=\"spin10\">2<\/span>.\u00a0<span id=\"spin11\">S\u00e4hk\u00f6inen<\/span>\u00a0kara\u00a0<span id=\"spin12\">on yleens\u00e4<\/span>\u00a0j\u00e4\u00e4hdytet\u00e4\u00e4n kiert\u00e4v\u00e4ll\u00e4 vedell\u00e4. J\u00e4\u00e4hdytysvesi\u00a0<span id=\"spin13\">t\u00e4ytyy olla<\/span>\u00a0ruostumaton ja suodatettu puhtaaksi. Kun\u00a0<span id=\"spin14\">hankkiminen<\/span>\u00a0vesi, sis\u00e4\u00e4ntulo\u00a0<span id=\"spin15\">t\u00e4ytyy olla<\/span>\u00a0<span id=\"spin16\">alla<\/span>\u00a0the\u00a0<span id=\"spin17\">s\u00e4hk\u00f6inen<\/span>\u00a0kara.<br \/>\n<span id=\"spin18\">kolme<\/span>Kun\u00a0<span id=\"spin19\">ty\u00f6skentely<\/span>\u00a0\u00f6ljysumuvoideltu kara,\u00a0<span id=\"spin20\">korostaa<\/span>\u00a0s\u00e4\u00e4t\u00f6venttiili\u00a0<span id=\"spin21\">p\u00e4\u00e4ll\u00e4<\/span>\u00a0\u00f6ljysumu\u00a0<span id=\"spin22\">vempain<\/span>\u00a0<span id=\"spin23\">pit\u00e4isi olla<\/span>\u00a0s\u00e4\u00e4detty arvoon 0,25\u20130,3 MPA sumua\u00a0<span id=\"spin25\">paine<\/span>\u00a0<span id=\"spin26\">pit\u00e4isi olla<\/span>\u00a00,1\u20130,2 MPa\u00a0<span id=\"spin28\">ja<\/span>\u00a0<span id=\"spin29\">erilaisia<\/span>\u00a0tippoja \u00f6ljy\u00e4\u00a0<span id=\"spin30\">t\u00e4ytyy olla<\/span>\u00a060\u201370 tippaa\/min.\u00a0<span id=\"spin31\">ja my\u00f6s<\/span>\u00a0voitelu\u00f6ljy\u00a0<span id=\"spin32\">pit\u00e4isi olla<\/span>\u00a0kello\u00f6ljy tai turbiini\u00f6ljy nro\u00a0<span id=\"spin33\">20<\/span>.<br \/>\n<span id=\"spin34\">nelj\u00e4<\/span>. The\u00a0<span id=\"spin35\">nopeus<\/span>\u00a0<span id=\"spin36\">ymp\u00e4ri<\/span>\u00a0moottoroitu kara\u00a0<span id=\"spin37\">opas<\/span>\u00a0<span id=\"spin38\">on ehdottomasti<\/span>\u00a0korkein\u00a0<span id=\"spin39\">nopeus<\/span>ja\u00a0<span id=\"spin40\">se voi<\/span>\u00a0ei olla\u00a0<span id=\"spin41\">koholla<\/span>,\u00a0<span id=\"spin42\">siit\u00e4 huolimatta se<\/span>\u00a0<span id=\"spin43\">voi olla<\/span>\u00a0<span id=\"spin44\">ty\u00f6ss\u00e4k\u00e4yv\u00e4<\/span>\u00a0<span id=\"spin45\">v\u00e4hent\u00e4\u00e4<\/span><br \/>\nthe\u00a0<span id=\"spin46\">vauhti,<\/span>\u00a0j\u00e4nnite ja taajuus ovat\u00a0<span id=\"spin47\">alennettu<\/span>\u00a0<span id=\"spin48\">kerran<\/span>\u00a0<span id=\"spin49\">nopeus<\/span>\u00a0on laskettu.<br \/>\n<span id=\"spin50\">5<\/span>Kierto\u00a0<span id=\"spin51\">kurssi<\/span>\u00a0<span id=\"spin52\">kanssa<\/span>\u00a0moottoroitu kara\u00a0<span id=\"spin53\">on yleens\u00e4<\/span>\u00a0vastap\u00e4iv\u00e4\u00e4n (katsottuna\u00a0<span id=\"spin54\">...-osiossa<\/span>\u00a0akseli). paitsi\u00a0<span id=\"spin55\">yksinomainen<\/span><br \/>\n<span id=\"spin56\">vaatimukset<\/span>.<br \/>\n<span id=\"spin57\">6<\/span>Moottorik\u00e4ytt\u00f6inen kara voidellaan \u00f6ljysumulla.\u00a0<span id=\"spin58\">t\u00e4ytyy olla<\/span>\u00a0<span id=\"spin59\">linkitetty<\/span>\u00a0vedell\u00e4 ja\u00a0<span id=\"spin60\">bensiini<\/span>\u00a0<span id=\"spin61\">ennen<\/span>\u00a0<span id=\"spin62\">se voisi mahdollisesti<\/span>\u00a0<span id=\"spin63\">aloittaa<\/span>\u00a0ja\u00a0<span id=\"spin64\">lopettaa<\/span>\u00a0vesi ja\u00a0<span id=\"spin65\">polttoaine\u00a0<\/span><span id=\"spin66\">toimittaa<\/span>\u00a0<span id=\"spin67\">j\u00e4lkeen<\/span>\u00a0sammutus.<br \/>\nSelitys:\u00a0<span id=\"spin68\">ainutlaatuinen<\/span>\u00a0operaatio\u00a0<span id=\"spin69\">vaaditaan<\/span>\u00a0<span id=\"spin70\">mukaan<\/span>\u00a0<span id=\"spin71\">kohti<\/span>\u00a0<span id=\"spin72\">s\u00e4hk\u00f6inen<\/span>\u00a0kara\u00a0<span id=\"spin73\">ohjeet<\/span>.<\/div>\n<div>\n<div class=\"flex max-w-full flex-col flex-grow\">\n<div class=\"min-h-8 text-message flex w-full flex-col items-end gap-2 whitespace-normal break-words text-start [.text-message+&amp;]:mt-5\" dir=\"auto\" data-message-author-role=\"assistant\" data-message-id=\"fbdee532-4424-41b2-a093-d85f55f880e4\" data-message-model-slug=\"gpt-4o-mini\">\n<div class=\"flex w-full flex-col gap-1 empty:hidden first:pt-[3px]\">\n<div class=\"markdown prose w-full break-words dark:prose-invert light\">\n<h2>Tietoja FMP:st\u00e4<\/h2>\n<p>FMP on johtava mekaanisten komponenttien valmistaja, joka on erikoistunut mm. kierukkavaihteisiin, hammaspy\u00f6riin, kartioholkkeihin, hammastankoihin, kytkimiin ja muihin vaihteiston osiin. Vahvan vientipainotteisuutensa ansiosta toimitamme yli 651 TP4T tuotteitamme Euroopan markkinoille, kuten Saksaan, Isoon-Britanniaan ja Ranskaan, mik\u00e4 tuottaa vuosittain 1 TP5T18 miljoonaa. Vuosittainen tuotantomme kokonaisarvo on 200 miljoonaa RMB.<\/p>\n<p>Kaikki FMP-tuotteet suunnitellaan ja valmistetaan kansainv\u00e4listen, eurooppalaisten ja yhdysvaltalaisten teollisuusstandardien mukaisesti. K\u00e4yt\u00e4mme edistyneit\u00e4 tarkkuuskoneistuslaitteita, noudatamme optimoituja tuotantoprosesseja ja yll\u00e4pid\u00e4mme joustavaa ja tehokasta johtamisj\u00e4rjestelm\u00e4\u00e4. Vankka laatuj\u00e4rjestelm\u00e4mme varmistaa korkeat tuotestandardit ja pit\u00e4\u00e4 hintamme kilpailukykyisin\u00e4.<\/p>\n<p>FMP:ll\u00e4 noudatamme ydinarvojamme, jotka ovat \u201dLaatu: liiketoiminnan kest\u00e4vyyden kulmakivi; Rehellisyys: liiketoiminnan kasvun ajuri; Palvelu: kehityksen perusta; ja Kohtuuhintaisuus: menestyksen avain.\u201d Toivotamme tervetulleeksi yhteisty\u00f6n sek\u00e4 kotimaisten ett\u00e4 kansainv\u00e4listen asiakkaiden kanssa ja olemme sitoutuneet edist\u00e4m\u00e4\u00e4n molemminpuolista kasvua ja menestyst\u00e4.<\/p>\n<\/div>\n<\/div>\n<\/div>\n<\/div>\n<p><img loading=\"lazy\" decoding=\"async\" class=\"alignnone wp-image-3563\" src=\"https:\/\/fmp-components.com\/wp-content\/uploads\/2025\/01\/company-2.webp\" alt=\"yritys\" width=\"873\" height=\"790\" title=\"\" srcset=\"https:\/\/fmp-components.com\/wp-content\/uploads\/2025\/01\/company-2.webp 873w, https:\/\/fmp-components.com\/wp-content\/uploads\/2025\/01\/company-2-480x435.webp 480w\" sizes=\"(min-width: 0px) and (max-width: 480px) 480px, (min-width: 481px) 873px, 100vw\" \/> <img loading=\"lazy\" decoding=\"async\" class=\"alignnone wp-image-3564\" src=\"https:\/\/fmp-components.com\/wp-content\/uploads\/2025\/01\/company-3.webp\" alt=\"yritys\" width=\"873\" height=\"776\" title=\"\" srcset=\"https:\/\/fmp-components.com\/wp-content\/uploads\/2025\/01\/company-3.webp 873w, https:\/\/fmp-components.com\/wp-content\/uploads\/2025\/01\/company-3-480x427.webp 480w\" sizes=\"(min-width: 0px) and (max-width: 480px) 480px, (min-width: 481px) 873px, 100vw\" \/> <img loading=\"lazy\" decoding=\"async\" class=\"alignnone wp-image-3565\" src=\"https:\/\/fmp-components.com\/wp-content\/uploads\/2025\/01\/company-1.webp\" alt=\"yritys\" width=\"877\" height=\"225\" title=\"\" srcset=\"https:\/\/fmp-components.com\/wp-content\/uploads\/2025\/01\/company-1.webp 877w, https:\/\/fmp-components.com\/wp-content\/uploads\/2025\/01\/company-1-480x123.webp 480w\" sizes=\"(min-width: 0px) and (max-width: 480px) 480px, (min-width: 481px) 877px, 100vw\" \/><\/p>\n<p>Tekij\u00e4: CX<\/p>\n<\/div>","protected":false},"excerpt":{"rendered":"<p>There are Two Ways for the Output One is Constant Torque, and Another is Constant Power as Below: Nomenclature Explanation of Motor Spindle The End of the Spindle Connection Its have many different types of connection, depending on the different model spindle, please refer to the table below. Spindle Instruction 1. The frequency converter\u00a0has to\u00a0match [&hellip;]<\/p>","protected":false},"featured_media":3673,"comment_status":"open","ping_status":"closed","template":"","meta":{"_et_pb_use_builder":"","_et_pb_old_content":"","_et_gb_content_width":""},"product_brand":[],"product_cat":[89],"product_tag":[],"class_list":{"0":"post-3668","1":"product","2":"type-product","3":"status-publish","4":"has-post-thumbnail","6":"product_cat-spindle-motor","8":"first","9":"instock","10":"shipping-taxable","11":"product-type-simple"},"_links":{"self":[{"href":"https:\/\/fmp-components.com\/fi\/wp-json\/wp\/v2\/product\/3668","targetHints":{"allow":["GET"]}}],"collection":[{"href":"https:\/\/fmp-components.com\/fi\/wp-json\/wp\/v2\/product"}],"about":[{"href":"https:\/\/fmp-components.com\/fi\/wp-json\/wp\/v2\/types\/product"}],"replies":[{"embeddable":true,"href":"https:\/\/fmp-components.com\/fi\/wp-json\/wp\/v2\/comments?post=3668"}],"wp:featuredmedia":[{"embeddable":true,"href":"https:\/\/fmp-components.com\/fi\/wp-json\/wp\/v2\/media\/3673"}],"wp:attachment":[{"href":"https:\/\/fmp-components.com\/fi\/wp-json\/wp\/v2\/media?parent=3668"}],"wp:term":[{"taxonomy":"product_brand","embeddable":true,"href":"https:\/\/fmp-components.com\/fi\/wp-json\/wp\/v2\/product_brand?post=3668"},{"taxonomy":"product_cat","embeddable":true,"href":"https:\/\/fmp-components.com\/fi\/wp-json\/wp\/v2\/product_cat?post=3668"},{"taxonomy":"product_tag","embeddable":true,"href":"https:\/\/fmp-components.com\/fi\/wp-json\/wp\/v2\/product_tag?post=3668"}],"curies":[{"name":"wp","href":"https:\/\/api.w.org\/{rel}","templated":true}]}}