{"id":364,"date":"2024-12-09T08:53:34","date_gmt":"2024-12-09T08:53:34","guid":{"rendered":"https:\/\/fmp-components.com\/?page_id=8"},"modified":"2024-12-10T03:21:34","modified_gmt":"2024-12-10T03:21:34","slug":"boom-aerial-work-vehicle-floating-hydraulic-cylinder","status":"publish","type":"product","link":"https:\/\/fmp-components.com\/fi\/product\/boom-aerial-work-vehicle-floating-hydraulic-cylinder\/","title":{"rendered":"Puomin ilmaty\u00f6ajoneuvon kelluva hydraulisylinteri"},"content":{"rendered":"<p style=\"text-align: center;\"><span style=\"font-size: 18pt;\">Puomin ilmaty\u00f6ajoneuvon kelluva hydraulisylinteri<\/span><\/p>\n<p>Puomin nostolaitteiden kelluva hydraulisylinteri on erikoiskomponentti, joka on suunniteltu parantamaan henkil\u00f6nostimien suorituskyky\u00e4 ja monipuolisuutta. T\u00e4m\u00e4 innovatiivinen hydraulisylinteri mahdollistaa puomin dynaamisen liikkeen ja s\u00e4\u00e4d\u00f6n, jolloin k\u00e4ytt\u00e4j\u00e4t voivat navigoida ep\u00e4tasaisilla pinnoilla ja saavuttaa korkealla olevat ty\u00f6alueet helpommin ja turvallisemmin.<\/p>\n<p><img loading=\"lazy\" decoding=\"async\" class=\"size-full wp-image-412 aligncenter\" src=\"https:\/\/fmp-components.com\/wp-content\/uploads\/2024\/12\/Boom-Aerial-Work-Vehicle-Floating-Hydraulic-Cylinder.webp\" alt=\"Puomin ilmaty\u00f6ajoneuvon kelluva hydraulisylinteri\" width=\"500\" height=\"500\" title=\"\" srcset=\"https:\/\/fmp-components.com\/wp-content\/uploads\/2024\/12\/Boom-Aerial-Work-Vehicle-Floating-Hydraulic-Cylinder.webp 500w, https:\/\/fmp-components.com\/wp-content\/uploads\/2024\/12\/Boom-Aerial-Work-Vehicle-Floating-Hydraulic-Cylinder-480x480.webp 480w\" sizes=\"(min-width: 0px) and (max-width: 480px) 480px, (min-width: 481px) 500px, 100vw\" \/><\/p>\n<h4>T\u00e4rkeimm\u00e4t ominaisuudet:<\/h4>\n<ul>\n<li>Kelluva rakenne: Ainutlaatuinen kelluva mekanismi mahdollistaa sylinterin itsen\u00e4isen s\u00e4\u00e4t\u00e4misen, mik\u00e4 mukautuu maaston vaihteluihin ja varmistaa puomin optimaalisen asennon tehokasta k\u00e4ytt\u00f6\u00e4 varten.<\/li>\n<li>Eritt\u00e4in luja rakenne: Kest\u00e4vist\u00e4 materiaaleista valmistettu hydraulisylinteri on suunniteltu kest\u00e4m\u00e4\u00e4n raskaita kuormia ja ankaria ty\u00f6olosuhteita, mik\u00e4 takaa pitk\u00e4aikaisen luotettavuuden ja suorituskyvyn.<\/li>\n<li>Sujuva toiminta: Edistyksellinen hydrauliikkaj\u00e4rjestelm\u00e4 tarjoaa saumattoman liikkeen, joka mahdollistaa puomin korkeuden ja kulman tarkan hallinnan, mik\u00e4 on olennaista tarkkuutta vaativissa teht\u00e4viss\u00e4.<\/li>\n<li>Monipuoliset k\u00e4ytt\u00f6kohteet: T\u00e4m\u00e4 kelluva hydraulisylinteri sopii monille eri toimialoille, kuten rakentamiseen, kunnossapitoon ja yleishy\u00f6dyllisiin palveluihin. Se tukee teht\u00e4vi\u00e4, kuten asennusta, korjausta ja tarkastusta korotetuissa paikoissa.<\/li>\n<li>Helppo asennus: Kelluva hydraulisylinteri on suunniteltu vaivattomaan integrointiin olemassa oleviin puominnostoj\u00e4rjestelmiin. Se minimoi seisokkiajat ja helpottaa k\u00e4ytt\u00f6\u00f6nottoa, joten se on heti k\u00e4ytt\u00f6valmis.<\/li>\n<\/ul>\n<h4>Edut:<\/h4>\n<ul>\n<li>Lis\u00e4\u00e4ntynyt vakaus: Hydraulisylinteri parantaa vakautta k\u00e4yt\u00f6n aikana, koska puomi voi kellua ja mukautua ep\u00e4tasaisiin pintoihin, mik\u00e4 v\u00e4hent\u00e4\u00e4 kaatumis- tai onnettomuusriski\u00e4.<\/li>\n<li>Parannettu tuottavuus: Mahdollisuus navigoida helposti haastavissa maastoissa ja asennoissa parantaa ty\u00f6nkulun tehokkuutta, jolloin k\u00e4ytt\u00e4j\u00e4t voivat suorittaa teht\u00e4v\u00e4t nopeammin ja tehokkaammin.<\/li>\n<li>Turvallisuuden varmistus: Kelluva ominaisuus parantaa turvallisuutta tarjoamalla paremman hallinnan ja vakauden, mik\u00e4 on elint\u00e4rke\u00e4\u00e4 korkealla ty\u00f6skennelt\u00e4ess\u00e4.<\/li>\n<li>Kustannustehokas ratkaisu: Hydraulisylinterin kest\u00e4vyys ja tehokkuus johtavat alhaisempiin yll\u00e4pitokustannuksiin ja lyhyempiin seisokkiaikoihin, mik\u00e4 tekee siit\u00e4 \u00e4lykk\u00e4\u00e4n investoinnin mihin tahansa ilma-alusten laivastoon.<\/li>\n<li>Kuljettajan mukavuus ja varmuus: Kelluvan hydraulisylinterin tarjoama sujuva toiminta ja parannettu hallinta antavat kuljettajille mahdollisuuden ty\u00f6skennell\u00e4 luottavaisin mielin, mik\u00e4 v\u00e4hent\u00e4\u00e4 v\u00e4symyst\u00e4 ja lis\u00e4\u00e4 ty\u00f6tyytyv\u00e4isyytt\u00e4.<\/li>\n<\/ul>\n<p>Yhteenvetona voidaan todeta, ett\u00e4 puomity\u00f6ajoneuvon kelluva hydraulisylinteri on olennainen osa, joka parantaa merkitt\u00e4v\u00e4sti henkil\u00f6nostimien toimivuutta, turvallisuutta ja tehokkuutta. Sen innovatiivinen muotoilu ja luotettava suorituskyky tekev\u00e4t siit\u00e4 ihanteellisen monenlaisiin k\u00e4ytt\u00f6tarkoituksiin varmistaen, ett\u00e4 k\u00e4ytt\u00e4j\u00e4t voivat suorittaa teht\u00e4v\u00e4ns\u00e4 tehokkaasti ja turvallisesti erilaisissa ymp\u00e4rist\u00f6iss\u00e4.<\/p>\n<h2>Puomin ilmaty\u00f6ajoneuvon kelluvan hydraulisylinterin mitat:<\/h2>\n<table>\n<tbody>\n<tr>\n<td><img loading=\"lazy\" decoding=\"async\" class=\"size-large wp-image-316543 aligncenter\" src=\"https:\/\/hzpt.com\/wp-content\/uploads\/2023\/08\/Boom-Aerial-Work-Vehicle-Floating-Hydraulic-Cylinder-Dimensions-1-1024x440.webp\" sizes=\"(min-width: 0px) and (max-width: 480px) 480px, (min-width: 481px) and (max-width: 980px) 980px, (min-width: 981px) 1024px, 100vw\" srcset=\"https:\/\/images.hzpt.com\/2023\/08\/WMVeeK5s-Boom-Aerial-Work-Vehicle-Floating-Hydraulic-Cylinder-Dimensions-1-1024x440.webp 1024w, https:\/\/images.hzpt.com\/2023\/08\/WMVeeK5s-Boom-Aerial-Work-Vehicle-Floating-Hydraulic-Cylinder-Dimensions-1-980x421.webp 980w, https:\/\/images.hzpt.com\/2023\/08\/WMVeeK5s-Boom-Aerial-Work-Vehicle-Floating-Hydraulic-Cylinder-Dimensions-1-480x206.webp 480w\" alt=\"Puomin ilmaty\u00f6ajoneuvon kelluvan hydraulisylinterin mitat\" width=\"1024\" height=\"440\" title=\"\"><\/td>\n<td><img loading=\"lazy\" decoding=\"async\" class=\"size-large wp-image-316544 aligncenter\" src=\"https:\/\/hzpt.com\/wp-content\/uploads\/2023\/08\/Boom-Aerial-Work-Vehicle-Floating-Hydraulic-Cylinder-Dimensions-2-1024x440.webp\" sizes=\"(min-width: 0px) and (max-width: 480px) 480px, (min-width: 481px) and (max-width: 980px) 980px, (min-width: 981px) 1024px, 100vw\" srcset=\"https:\/\/images.hzpt.com\/2023\/08\/Boom-Aerial-Work-Vehicle-Floating-Hydraulic-Cylinder-Dimensions-2-1024x440.webp 1024w, https:\/\/images.hzpt.com\/2023\/08\/5WnLVrfo-Boom-Aerial-Work-Vehicle-Floating-Hydraulic-Cylinder-Dimensions-2-980x421.webp 980w, https:\/\/images.hzpt.com\/2023\/08\/5WnLVrfo-Boom-Aerial-Work-Vehicle-Floating-Hydraulic-Cylinder-Dimensions-2-480x206.webp 480w\" alt=\"Puomin ilmaty\u00f6ajoneuvon kelluvan hydraulisylinterin mitat\" width=\"1024\" height=\"440\" title=\"\"><\/td>\n<\/tr>\n<\/tbody>\n<\/table>\n<table style=\"width: 100%; height: 101px;\" border=\"1\" cellspacing=\"0\" cellpadding=\"0\">\n<tbody>\n<tr style=\"height: 47px;\">\n<td style=\"height: 47px;\" width=\"246\">Sylinterin nimi<\/td>\n<td style=\"height: 47px;\" width=\"336\">Piirustusnumero<\/td>\n<td style=\"height: 47px;\" width=\"126\">Rei\u00e4n halkaisija (D)<\/td>\n<td style=\"height: 47px;\" width=\"123\">Tangon halkaisija (d)<\/td>\n<td style=\"height: 47px;\" width=\"114\">Isku (S)<\/td>\n<td style=\"height: 47px;\" width=\"170\">Asennuset\u00e4isyys (L)<\/td>\n<td style=\"height: 47px;\" width=\"172\">Ty\u00f6paine<\/td>\n<td style=\"height: 47px;\" width=\"366\">Liit\u00e4nn\u00e4n mitat (M)<\/td>\n<td style=\"height: 47px;\" width=\"96\">Paino<\/td>\n<\/tr>\n<tr style=\"height: 54px;\">\n<td class=\"et3\" style=\"height: 54px;\" width=\"246\" height=\"290\">Kelluva sylinteri<\/td>\n<td class=\"et4\" style=\"height: 54px;\" width=\"336\">GTHZ210C-620200-000<\/td>\n<td class=\"et4\" style=\"height: 54px;\" width=\"126\">\u03a663<\/td>\n<td class=\"et4\" style=\"height: 54px;\" width=\"123\">\u03a645<\/td>\n<td class=\"et4\" style=\"height: 54px;\" width=\"114\">60<\/td>\n<td class=\"et4\" style=\"height: 54px;\" width=\"170\">375<\/td>\n<td class=\"et4\" style=\"height: 54px;\" width=\"172\">25MPa<\/td>\n<td class=\"et4\" style=\"height: 54px;\" width=\"366\">2-7\/8-14UNF<\/td>\n<td class=\"et4\" style=\"height: 54px;\" width=\"96\">16 kg<\/td>\n<\/tr>\n<\/tbody>\n<\/table>\n<h2>Puomin ilmaty\u00f6 Ajoneuvon ohjaushydraulinen sylinteri Parametri:<\/h2>\n<table border=\"1\" width=\"100%\" cellspacing=\"0\" cellpadding=\"0\">\n<tbody>\n<tr>\n<td width=\"70\">Tuote<\/td>\n<td width=\"70\">Kuvaus<\/td>\n<\/tr>\n<tr>\n<td width=\"70\">Tuotteen nimi<\/td>\n<td width=\"70\">Ohjaushydraulinen sylinteri<\/td>\n<\/tr>\n<tr>\n<td width=\"70\">Hakemus<\/td>\n<td width=\"70\">Puomin ilmaty\u00f6ajoneuvo<\/td>\n<\/tr>\n<tr>\n<td width=\"70\">Materiaali<\/td>\n<td width=\"70\">20#\/45#, Q345B, 40Cr-ter\u00e4s<\/td>\n<\/tr>\n<tr>\n<td width=\"70\">N\u00e4yttelij\u00e4tyyppi<\/td>\n<td width=\"70\">Kaksitoiminen Yksitoiminen<\/td>\n<\/tr>\n<tr>\n<td width=\"70\">Ydinkomponentit<\/td>\n<td width=\"70\">M\u00e4nn\u00e4nvarsi, M\u00e4nt\u00e4<\/td>\n<\/tr>\n<tr>\n<td width=\"70\">Todistus:<\/td>\n<td width=\"70\">ISO9001, ISO4001, ISO 45003<\/td>\n<\/tr>\n<tr>\n<td width=\"70\">Tuotantokapasiteetti:<\/td>\n<td width=\"70\">1200 000 kpl vuodessa<\/td>\n<\/tr>\n<tr>\n<td width=\"70\">N\u00e4yteaika<\/td>\n<td width=\"70\">Todellisen tyypin perusteella<\/td>\n<\/tr>\n<tr>\n<td width=\"70\">Merkki<\/td>\n<td width=\"70\">FMP tai asiakkaan logo<\/td>\n<\/tr>\n<tr>\n<td width=\"70\">Palvelu<\/td>\n<td width=\"70\">OEM- ja ODM-valmistajat<\/td>\n<\/tr>\n<tr>\n<td width=\"70\">Tiivistemerkki<\/td>\n<td width=\"70\">Parker, NOK, BUSAK SHAMBAN<\/td>\n<\/tr>\n<tr>\n<td width=\"70\">Toimitusaika<\/td>\n<td width=\"70\">Tilausm\u00e4\u00e4r\u00e4n perusteella.<\/td>\n<\/tr>\n<tr>\n<td width=\"70\">Liiketoiminnan tyyppi<\/td>\n<td width=\"70\">Valmistaja ja viej\u00e4<\/td>\n<\/tr>\n<\/tbody>\n<\/table>\n<h3>Puomin ilmaty\u00f6ajoneuvon kelluvan hydraulisylinterin k\u00e4ytt\u00f6<\/h3>\n<p>Puominosturin kelluva hydraulisylinteri on monipuolinen komponentti, jota k\u00e4ytet\u00e4\u00e4n useilla eri teollisuudenaloilla ja joka parantaa merkitt\u00e4v\u00e4sti henkil\u00f6nostinten toimivuutta ja turvallisuutta. T\u00e4ss\u00e4 on joitakin keskeisi\u00e4 sovelluksia:<\/p>\n<h4>1. Rakentaminen<\/h4>\n<p>Rakennusteollisuudessa t\u00e4m\u00e4 hydraulisylinteri on v\u00e4ltt\u00e4m\u00e4t\u00f6n esimerkiksi seuraavissa teht\u00e4viss\u00e4:<\/p>\n<ul>\n<li>Ty\u00f6ntekij\u00f6iden nostaminen: Se mahdollistaa rakennusty\u00f6ntekij\u00f6iden turvallisen p\u00e4\u00e4syn korkeille alueille rakennus-, katto- ja asennust\u00f6it\u00e4 varten.<\/li>\n<li>Rakenneosien asentaminen: Kelluva ominaisuus auttaa sijoittamaan palkit, ristikot ja muut raskaat materiaalit tarkasti jopa ep\u00e4tasaisella alustalla.<\/li>\n<\/ul>\n<h4>2. Huolto ja korjaus<\/h4>\n<p>Kelluva hydraulisylinteri on korvaamaton huoltoteht\u00e4viss\u00e4, sill\u00e4 se mahdollistaa teknikkojen:<\/p>\n<ul>\n<li>Suorita tarkastuksia: Navigoi helposti rakenteiden ymp\u00e4rill\u00e4 ja suorita rutiinitarkastuksia siltoihin, torneihin ja julkisivuihin.<\/li>\n<li>Suorita korjaukset: P\u00e4\u00e4se k\u00e4siksi vaikeasti tavoitettaviin paikkoihin s\u00e4hk\u00f6j\u00e4rjestelmien, LVI-yksik\u00f6iden ja korkealla sijaitsevien putkikalusteiden korjauksia varten.<\/li>\n<\/ul>\n<h4>3. Yleishy\u00f6dylliset palvelut ja televiestint\u00e4<\/h4>\n<p>S\u00e4hk\u00f6yhti\u00f6t k\u00e4ytt\u00e4v\u00e4t kelluvaa hydraulisylinteri\u00e4 seuraaviin tarkoituksiin:<\/p>\n<ul>\n<li>Voimalinjojen kunnossapito: Turvallisen p\u00e4\u00e4syn helpottaminen ilmajohtoihin korjausten ja p\u00e4ivitysten suorittamiseksi.<\/li>\n<li>Televiestint\u00e4ty\u00f6t: Antennien ja viestint\u00e4laitteiden asentaminen ja huolto korkeissa rakenteissa, kuten matkapuhelintorneissa.<\/li>\n<\/ul>\n<h4>4. Tapahtuman asetukset<\/h4>\n<p>Tapahtuma- ja viihdeteollisuudessa t\u00e4m\u00e4 hydraulisylinteri tukee:<\/p>\n<ul>\n<li>Lavojen rakentaminen: Avustaminen lavojen, valaistuslaitteiden ja \u00e4\u00e4nilaitteiden pystytt\u00e4misess\u00e4 korkealla.<\/li>\n<li>Bannerit ja n\u00e4ytt\u00f6mainokset: Mahdollistaa suurten bannereiden ja n\u00e4ytt\u00f6jen asentamisen korkeille paikoille n\u00e4kyvyyden parantamiseksi.<\/li>\n<\/ul>\n<h4>5. Elokuva- ja televisiotuotanto<\/h4>\n<p>Elokuvissa ja televisiossa kelluvilla hydraulisylintereill\u00e4 varustettuja ilma-aluksia k\u00e4ytet\u00e4\u00e4n:<\/p>\n<ul>\n<li>Elokuvaus: Tarjoaa korotettuja kuvakulmia ja kuvia, jotka mahdollistavat luovat kuvaustekniikat.<\/li>\n<li>Valojen asennus: Valojen ja laitteiden turvallinen sijoittelu lavasteissa, jotka vaativat korkeuss\u00e4\u00e4t\u00f6j\u00e4.<\/li>\n<\/ul>\n<h4>6. Maataloussovellukset<\/h4>\n<p>Maataloudessa kelluvaa hydraulisylinteri\u00e4 voidaan k\u00e4ytt\u00e4\u00e4:<\/p>\n<ul>\n<li>Puiden leikkaus ja sadonkorjuu: Helpottaa p\u00e4\u00e4sy\u00e4 korkeisiin puihin hedelmien leikkaamista tai korjuuta varten, varmistaen turvalliset ja tehokkaat ty\u00f6prosessit.<\/li>\n<li>Kasvien ruiskutus: Mahdollistaa ruiskutuslaitteiden tarkan sijoittelun eri korkeuksille tasaisen peiton varmistamiseksi.<\/li>\n<\/ul>\n<h4>7. Tuuliturbiinin huolto<\/h4>\n<p>T\u00e4m\u00e4 hydraulisylinteri on my\u00f6s kriittinen uusiutuvan energian alalla seuraaviin tarkoituksiin:<\/p>\n<ul>\n<li>Tuuliturbiinin k\u00e4ytt\u00f6: Turvallisen p\u00e4\u00e4syn tarjoaminen turbiinin lapoihin tarkastusta ja huoltoa varten, mik\u00e4 on v\u00e4ltt\u00e4m\u00e4t\u00f6nt\u00e4 optimaalisen suorituskyvyn varmistamiseksi.<\/li>\n<\/ul>\n<p>Puomin nostolavan kelluva hydraulisylinteri parantaa nostolavojen monipuolisuutta ja turvallisuutta lukuisissa sovelluksissa. Sen kyky sopeutua ep\u00e4tasaisiin pintoihin antaa k\u00e4ytt\u00e4jille mahdollisuuden suorittaa teht\u00e4vi\u00e4 tarkasti ja vakaasti, mik\u00e4 tekee siit\u00e4 korvaamattoman ty\u00f6kalun rakentamisessa, kunnossapidossa, kunnallistekniikassa, viihteess\u00e4 ja muualla.\u00a0<img loading=\"lazy\" decoding=\"async\" class=\"alignnone size-full wp-image-413\" src=\"https:\/\/fmp-components.com\/wp-content\/uploads\/2024\/12\/T6UAgYD0-Boom-Aerial-Work-Vehicle-Floating-Hydraulic-Cylinder-Applications.webp\" alt=\"Puomi-Ilmaty\u00f6-Ajoneuvo-Kelluva-Hydraulinen-Sylinteri-Sovellukset\" width=\"980\" height=\"719\" title=\"\" srcset=\"https:\/\/fmp-components.com\/wp-content\/uploads\/2024\/12\/T6UAgYD0-Boom-Aerial-Work-Vehicle-Floating-Hydraulic-Cylinder-Applications.webp 980w, https:\/\/fmp-components.com\/wp-content\/uploads\/2024\/12\/T6UAgYD0-Boom-Aerial-Work-Vehicle-Floating-Hydraulic-Cylinder-Applications-480x352.webp 480w\" sizes=\"(min-width: 0px) and (max-width: 480px) 480px, (min-width: 481px) 980px, 100vw\" \/><\/p>\n<h2>Tietoja FMP:st\u00e4<\/h2>\n<p>FMP on hydraulisylintereihin erikoistunut valmistaja, joka tunnetaan vahvasta panostuksestaan \u200b\u200btutkimukseen ja tuotannon huippuosaamiseen. Perustamisestaan \u200b\u200bl\u00e4htien yritys on omistautunut hydraulisylinteriteknologian jatkuvaan kehitt\u00e4miseen. Aluksi FMP valmisti monipuolisen valikoiman tuotteita sadonkorjuu- ja rakennuskoneisiin, mutta sittemmin se on keskittynyt erityisesti maataloustraktoreiden komponentteihin.<\/p>\n<p>Yli vuosikymmenen kokemuksella valmistuksesta FMP yhdist\u00e4\u00e4 laajan johtamiskokemuksen edistyneisiin tuotantoteknologioihin varmistaakseen tuotteidensa korkeimmat laatustandardit. Yritys on perustanut kattavan koneistuslinjan, kokoonpanolinjan ja pinnoituslinjan, joiden avulla se voi tarjota luotettavia ja tehokkaita valmistusprosesseja.<\/p>\n<p>FMP:n kasvua on tukenut omistautunut tiimi, johon kuuluu kokeneita johtohenkil\u00f6it\u00e4, taitavia mekaanisia suunnittelijoita ja korkeasti koulutettuja teknikkoja. T\u00e4m\u00e4 yhteisty\u00f6h\u00f6n perustuva l\u00e4hestymistapa varmistaa tuotteiden tasaisen laadun ja hallitsee tehokkaasti prosessien jatkuvuutta, mik\u00e4 parantaa tuotannon kokonaistehokkuutta.<\/p>\n<p>FMP:n filosofian ytimess\u00e4 ovat arvot \u201dTeknologinen innovaatio edistyksen vauhdittajana\u201d, \u201dLaatu luo br\u00e4ndej\u00e4\u201d, \u201dK\u00e4sity\u00f6taito varmistaa laadun\u201d ja \u201dPitk\u00e4aikaisten, kaikkia hy\u00f6dytt\u00e4vien suhteiden rakentaminen\u201d. Yritys on sitoutunut tarjoamaan korkealaatuisia tuotteita ja samalla poikkeuksellista asiakaspalvelua. FMP pyrkii jatkuvasti sopeutumaan markkinoiden kehittyviin tarpeisiin ja asemoimaan itsens\u00e4 luotettavaksi kumppaniksi maatalouskoneteollisuudessa. Innovaatioihin ja laatuun sitoutumisellaan FMP pyrkii edist\u00e4m\u00e4\u00e4n merkitt\u00e4v\u00e4sti hydrauliikkateknologian kehityst\u00e4 maatalousalalla.<\/p>\n<p><img loading=\"lazy\" decoding=\"async\" class=\"alignnone wp-image-359\" src=\"https:\/\/fmp-components.com\/wp-content\/uploads\/2024\/12\/fmp-factory-3.webp\" sizes=\"(min-width: 0px) and (max-width: 480px) 480px, (min-width: 481px) 914px, 100vw\" srcset=\"https:\/\/fmp-components.com\/wp-content\/uploads\/2024\/12\/fmp-factory-3.webp 914w, https:\/\/fmp-components.com\/wp-content\/uploads\/2024\/12\/fmp-factory-3-480x321.webp 480w\" alt=\"fmp-tehdas\" width=\"914\" height=\"612\" title=\"\"><\/p>\n<p>Tekij\u00e4: CX<\/p>","protected":false},"excerpt":{"rendered":"<p>Puomin nostolavan kelluva hydraulisylinteri on erikoiskomponentti, joka on suunniteltu parantamaan nostolavojen suorituskyky\u00e4 mahdollistamalla puomin dynaamisen s\u00e4\u00e4tymisen ep\u00e4tasaisille pinnoille. T\u00e4m\u00e4 innovatiivinen hydraulisylinteri tarjoaa tasaisen ja tarkan liikkeen, jonka avulla k\u00e4ytt\u00e4j\u00e4t voivat turvallisesti p\u00e4\u00e4st\u00e4 korotetuille ty\u00f6alueille paremmalla vakaudella ja hallittavuudella. Se on valmistettu eritt\u00e4in lujista materiaaleista ja kest\u00e4\u00e4 raskaita kuormia ja ankaria ty\u00f6olosuhteita varmistaen pitk\u00e4aikaisen luotettavuuden. Sen monipuolisuus tekee siit\u00e4 ihanteellisen erilaisiin k\u00e4ytt\u00f6tarkoituksiin, kuten rakentamiseen, kunnossapitoon ja kunnallistekniikkaan, joissa helppo ja turvallinen liikkuminen korkealla on olennaista.<\/p>","protected":false},"featured_media":412,"comment_status":"open","ping_status":"closed","template":"","meta":{"_et_pb_use_builder":"","_et_pb_old_content":"","_et_gb_content_width":""},"product_brand":[],"product_cat":[22],"product_tag":[],"class_list":{"0":"post-364","1":"product","2":"type-product","3":"status-publish","4":"has-post-thumbnail","6":"product_cat-aerial-work-vehicle-hydraulic-cylinders","8":"first","9":"instock","10":"shipping-taxable","11":"product-type-simple"},"_links":{"self":[{"href":"https:\/\/fmp-components.com\/fi\/wp-json\/wp\/v2\/product\/364","targetHints":{"allow":["GET"]}}],"collection":[{"href":"https:\/\/fmp-components.com\/fi\/wp-json\/wp\/v2\/product"}],"about":[{"href":"https:\/\/fmp-components.com\/fi\/wp-json\/wp\/v2\/types\/product"}],"replies":[{"embeddable":true,"href":"https:\/\/fmp-components.com\/fi\/wp-json\/wp\/v2\/comments?post=364"}],"wp:featuredmedia":[{"embeddable":true,"href":"https:\/\/fmp-components.com\/fi\/wp-json\/wp\/v2\/media\/412"}],"wp:attachment":[{"href":"https:\/\/fmp-components.com\/fi\/wp-json\/wp\/v2\/media?parent=364"}],"wp:term":[{"taxonomy":"product_brand","embeddable":true,"href":"https:\/\/fmp-components.com\/fi\/wp-json\/wp\/v2\/product_brand?post=364"},{"taxonomy":"product_cat","embeddable":true,"href":"https:\/\/fmp-components.com\/fi\/wp-json\/wp\/v2\/product_cat?post=364"},{"taxonomy":"product_tag","embeddable":true,"href":"https:\/\/fmp-components.com\/fi\/wp-json\/wp\/v2\/product_tag?post=364"}],"curies":[{"name":"wp","href":"https:\/\/api.w.org\/{rel}","templated":true}]}}