{"id":3604,"date":"2025-01-09T01:34:23","date_gmt":"2025-01-09T01:34:23","guid":{"rendered":"https:\/\/fmp-components.com\/?page_id=8"},"modified":"2025-01-09T01:39:53","modified_gmt":"2025-01-09T01:39:53","slug":"spindle-motor-used-for-cnc-spindle-jszd240","status":"publish","type":"product","link":"https:\/\/fmp-components.com\/fi\/product\/spindle-motor-used-for-cnc-spindle-jszd240\/","title":{"rendered":"Karan moottori, jota k\u00e4ytet\u00e4\u00e4n CNC-karan JSZD240:ss\u00e4"},"content":{"rendered":"<p><img loading=\"lazy\" decoding=\"async\" class=\"alignnone size-full wp-image-3605\" src=\"https:\/\/fmp-components.com\/wp-content\/uploads\/2025\/01\/spindle-motor-for-cnc-spindle-jszd220-2.webp\" alt=\"karamoottori-cnc-karalle-jszd220-2\" width=\"1098\" height=\"635\" title=\"\" srcset=\"https:\/\/fmp-components.com\/wp-content\/uploads\/2025\/01\/spindle-motor-for-cnc-spindle-jszd220-2.webp 1098w, https:\/\/fmp-components.com\/wp-content\/uploads\/2025\/01\/spindle-motor-for-cnc-spindle-jszd220-2-980x567.webp 980w, https:\/\/fmp-components.com\/wp-content\/uploads\/2025\/01\/spindle-motor-for-cnc-spindle-jszd220-2-480x278.webp 480w\" sizes=\"(min-width: 0px) and (max-width: 480px) 480px, (min-width: 481px) and (max-width: 980px) 980px, (min-width: 981px) 1098px, 100vw\" \/><\/p>\n<p><img loading=\"lazy\" decoding=\"async\" class=\"alignnone size-full wp-image-3607\" src=\"https:\/\/fmp-components.com\/wp-content\/uploads\/2025\/01\/spindle-motor-for-cnc-spindle-jszd220-3.webp\" alt=\"karamoottori-cnc-karalle-jszd220-3\" width=\"1111\" height=\"449\" title=\"\" srcset=\"https:\/\/fmp-components.com\/wp-content\/uploads\/2025\/01\/spindle-motor-for-cnc-spindle-jszd220-3.webp 1111w, https:\/\/fmp-components.com\/wp-content\/uploads\/2025\/01\/spindle-motor-for-cnc-spindle-jszd220-3-980x396.webp 980w, https:\/\/fmp-components.com\/wp-content\/uploads\/2025\/01\/spindle-motor-for-cnc-spindle-jszd220-3-480x194.webp 480w\" sizes=\"(min-width: 0px) and (max-width: 480px) 480px, (min-width: 481px) and (max-width: 980px) 980px, (min-width: 981px) 1111px, 100vw\" \/><\/p>\n<h3>Oikean CNC-karan moottorityypin valinta<\/h3>\n<p>Sopivan CNC-karamoottorin valinta on olennaista koneistuksen suorituskyvyn, tarkkuuden ja tehokkuuden optimoimiseksi. Oikea moottori varmistaa, ett\u00e4 kone pystyy k\u00e4sittelem\u00e4\u00e4n vaaditun ty\u00f6m\u00e4\u00e4r\u00e4n ja saavuttamaan halutun tulostuslaadun. T\u00e4ss\u00e4 on t\u00e4rkeimm\u00e4t tekij\u00e4t, jotka on otettava huomioon CNC-karamoottoria valittaessa:<\/p>\n<ol>\n<li><strong>Teho- ja v\u00e4\u00e4nt\u00f6momenttivaatimukset<\/strong><br \/>\nMoottorin teho (mitattuna hevosvoimina tai kilowatteina) ja v\u00e4\u00e4nt\u00f6momenttiarvot vaikuttavat suoraan sen kykyyn k\u00e4sitell\u00e4 erilaisia \u200b\u200bmateriaaleja ja leikkaustoimintoja. Raskaissa sovelluksissa, kuten jyrsinn\u00e4ss\u00e4 tai syv\u00e4leikkauksessa, tarvitaan suuren v\u00e4\u00e4nt\u00f6momentin moottori. Hienompaan ja tarkempaan ty\u00f6h\u00f6n pienemm\u00e4n tehon ja suuren nopeuden omaavat moottorit voivat olla sopivampia. Arvioi erityiset ty\u00f6st\u00f6teht\u00e4v\u00e4t tarvittavan moottorin tehon ja v\u00e4\u00e4nt\u00f6momentin m\u00e4\u00e4ritt\u00e4miseksi.<\/li>\n<li><strong>Nopeusalue ja s\u00e4\u00e4t\u00f6<\/strong><br \/>\nCNC-karamoottoreita on saatavilla laajalla nopeusalueella, joka tyypillisesti mitataan kierroksina minuutissa (RPM). Joissakin sovelluksissa tarvitaan suurnopeuksisia karoja esimerkiksi porauksessa tai kaiverruksessa, kun taas toisissa, kuten kierteityksess\u00e4 tai karkealeikkaus, voidaan vaatia alhaisempia nopeuksia ja suurempaa v\u00e4\u00e4nt\u00f6momenttia. Moottorissa tulisi olla portaaton nopeudens\u00e4\u00e4t\u00f6, jolla karan kierroslukua voidaan s\u00e4\u00e4t\u00e4\u00e4 eri materiaaleille ja toiminnoille, mik\u00e4 varmistaa monipuolisuuden ja optimoi suorituskyvyn.<\/li>\n<li><strong>J\u00e4\u00e4hdytysj\u00e4rjestelm\u00e4<\/strong><br \/>\nKaramoottorit tuottavat l\u00e4mp\u00f6\u00e4 k\u00e4yt\u00f6n aikana, erityisesti suuritehoisissa tai jatkuvassa k\u00e4yt\u00f6ss\u00e4. Moottorin valitseminen sopivalla j\u00e4\u00e4hdytysj\u00e4rjestelm\u00e4ll\u00e4, kuten ilma- tai nestej\u00e4\u00e4hdytyksell\u00e4, auttaa yll\u00e4pit\u00e4m\u00e4\u00e4n optimaalista suorituskyky\u00e4 ja est\u00e4m\u00e4\u00e4n ylikuumenemisen. Nestej\u00e4\u00e4hdytteiset karat ovat tyypillisesti tehokkaampia pitk\u00e4aikaisissa tai suuritehoisissa teht\u00e4viss\u00e4, kun taas ilmaj\u00e4\u00e4hdytteiset moottorit ovat usein riitt\u00e4vi\u00e4 kevyisiin sovelluksiin.<\/li>\n<li><strong>Tarkkuus ja heitto<\/strong><br \/>\nKaramoottorin tarkkuus on ratkaisevan t\u00e4rke\u00e4\u00e4 tarkan koneistuksen kannalta. Moottorit, joilla on pieni py\u00f6rimissuunna (poikkeama todellisesta py\u00f6rimisakselista), varmistavat, ett\u00e4 ty\u00f6kappale pysyy tukevasti paikallaan ja py\u00f6rii tasaisesti, mik\u00e4 johtaa parempaan mittatarkkuuteen ja pinnan viimeistelyyn. Tarkat karat ovat v\u00e4ltt\u00e4m\u00e4tt\u00f6mi\u00e4 teollisuudenaloilla, jotka vaativat tiukkoja toleransseja, kuten ilmailu- ja avaruusteollisuudessa tai l\u00e4\u00e4kinn\u00e4llisten laitteiden valmistuksessa.<\/li>\n<li><strong>Moottorityyppi: AC vs. DC<\/strong><br \/>\nCNC-karamoottorit ovat yleens\u00e4 joko vaihtovirtaa (AC) tai tasavirtaa (DC). Vaihtovirtamoottoreita suositaan tyypillisesti teollisissa CNC-sovelluksissa niiden luotettavuuden, paremman energiatehokkuuden ja pidemm\u00e4n k\u00e4ytt\u00f6i\u00e4n vuoksi. Ne sopivat erinomaisesti suurnopeuksisiin ja suurta v\u00e4\u00e4nt\u00f6momenttia vaativiin operaatioihin. Tasavirtamoottorit tarjoavat erinomaisen v\u00e4\u00e4nt\u00f6momentin alhaisilla nopeuksilla, mutta sopivat usein paremmin pienempiin tai erikoistuneempiin CNC-koneisiin, joiden tehontarve on pienempi.<\/li>\n<\/ol>\n<p>Oikean CNC-karamoottorin valinta vaatii useiden tekij\u00f6iden tasapainon, mukaan lukien teho, nopeus, j\u00e4\u00e4hdytys, tarkkuus ja yhteensopivuus koneen ohjausj\u00e4rjestelm\u00e4n kanssa. Harkitsemalla n\u00e4it\u00e4 tekij\u00f6it\u00e4 huolellisesti valmistajat voivat valita karamoottorin, joka parantaa CNC-koneen suorituskyky\u00e4, parantaa ty\u00f6st\u00f6tehokkuutta ja tarjoaa halutun laadun tiettyihin sovelluksiin.<\/p>\n<h2>L\u00e4ht\u00f6\u00e4 varten on kaksi tapaa: toinen on vakiomomentti ja toinen on vakioteho, kuten alla:<\/h2>\n<p><img loading=\"lazy\" decoding=\"async\" class=\"alignnone size-full wp-image-3573\" src=\"https:\/\/fmp-components.com\/wp-content\/uploads\/2025\/01\/spindle-motor-1.webp\" alt=\"karamoottori-1\" width=\"973\" height=\"551\" title=\"\" srcset=\"https:\/\/fmp-components.com\/wp-content\/uploads\/2025\/01\/spindle-motor-1.webp 973w, https:\/\/fmp-components.com\/wp-content\/uploads\/2025\/01\/spindle-motor-1-480x272.webp 480w\" sizes=\"(min-width: 0px) and (max-width: 480px) 480px, (min-width: 481px) 973px, 100vw\" \/><\/p>\n<h2>Moottorin karan nimikkeist\u00f6n selitys<\/h2>\n<p><img loading=\"lazy\" decoding=\"async\" class=\"alignnone size-full wp-image-3574\" src=\"https:\/\/fmp-components.com\/wp-content\/uploads\/2025\/01\/spindle-motor-2.webp\" alt=\"karamoottori-2\" width=\"666\" height=\"351\" title=\"\" srcset=\"https:\/\/fmp-components.com\/wp-content\/uploads\/2025\/01\/spindle-motor-2.webp 666w, https:\/\/fmp-components.com\/wp-content\/uploads\/2025\/01\/spindle-motor-2-480x253.webp 480w\" sizes=\"(min-width: 0px) and (max-width: 480px) 480px, (min-width: 481px) 666px, 100vw\" \/><\/p>\n<h2>Karan liitoksen p\u00e4\u00e4<\/h2>\n<p>Siin\u00e4 on monia erilaisia \u200b\u200bliit\u00e4nt\u00e4tyyppej\u00e4 eri mallikaroista riippuen, katso alla oleva taulukko.<\/p>\n<p><img loading=\"lazy\" decoding=\"async\" class=\"alignnone wp-image-3575\" src=\"https:\/\/fmp-components.com\/wp-content\/uploads\/2025\/01\/spindle-motor-3.webp\" alt=\"karamoottori\" width=\"885\" height=\"231\" title=\"\" srcset=\"https:\/\/fmp-components.com\/wp-content\/uploads\/2025\/01\/spindle-motor-3.webp 885w, https:\/\/fmp-components.com\/wp-content\/uploads\/2025\/01\/spindle-motor-3-480x125.webp 480w\" sizes=\"(min-width: 0px) and (max-width: 480px) 480px, (min-width: 481px) 885px, 100vw\" \/><\/p>\n<h2>Karan k\u00e4ytt\u00f6ohjeet<\/h2>\n<div><span id=\"spin1\">1<\/span>Taajuusmuuttaja\u00a0<span id=\"spin2\">t\u00e4ytyy<\/span>\u00a0vastaa\u00a0<span id=\"spin3\">s\u00e4hk\u00f6inen<\/span>\u00a0karayksikk\u00f6.\u00a0<span id=\"spin4\">perus<\/span>\u00a0taajuus\u00a0<span id=\"spin5\">tai jopa<\/span>\u00a0nimellistaajuus\u00a0<span id=\"spin6\">sek\u00e4<\/span>\u00a0j\u00e4nnite\u00a0<span id=\"spin7\">t\u00e4ytyy<\/span>\u00a0t\u00e4yt\u00e4 tekniset parametrit\u00a0<span id=\"spin8\">siit\u00e4<\/span>\u00a0<span id=\"spin9\">s\u00e4hk\u00f6inen<\/span>\u00a0kara.<br \/>\n<span id=\"spin10\">2<\/span>.\u00a0<span id=\"spin11\">S\u00e4hk\u00f6inen<\/span>\u00a0kara\u00a0<span id=\"spin12\">on yleens\u00e4<\/span>\u00a0j\u00e4\u00e4hdytet\u00e4\u00e4n kiert\u00e4v\u00e4ll\u00e4 vedell\u00e4. J\u00e4\u00e4hdytysvesi\u00a0<span id=\"spin13\">t\u00e4ytyy olla<\/span>\u00a0ruostumaton ja suodatettu puhtaaksi. Kun\u00a0<span id=\"spin14\">hankkiminen<\/span>\u00a0vesi, sis\u00e4\u00e4ntulo\u00a0<span id=\"spin15\">t\u00e4ytyy olla<\/span>\u00a0<span id=\"spin16\">alla<\/span>\u00a0the\u00a0<span id=\"spin17\">s\u00e4hk\u00f6inen<\/span>\u00a0kara.<br \/>\n<span id=\"spin18\">kolme<\/span>Kun\u00a0<span id=\"spin19\">ty\u00f6skentely<\/span>\u00a0\u00f6ljysumuvoideltu kara,\u00a0<span id=\"spin20\">korostaa<\/span>\u00a0s\u00e4\u00e4t\u00f6venttiili\u00a0<span id=\"spin21\">p\u00e4\u00e4ll\u00e4<\/span>\u00a0\u00f6ljysumu\u00a0<span id=\"spin22\">vempain<\/span>\u00a0<span id=\"spin23\">pit\u00e4isi olla<\/span>\u00a0s\u00e4\u00e4detty arvoon 0,25\u20130,3 MPA sumua\u00a0<span id=\"spin25\">paine<\/span>\u00a0<span id=\"spin26\">pit\u00e4isi olla<\/span>\u00a00,1\u20130,2 MPa\u00a0<span id=\"spin28\">ja<\/span>\u00a0<span id=\"spin29\">erilaisia<\/span>\u00a0tippoja \u00f6ljy\u00e4\u00a0<span id=\"spin30\">t\u00e4ytyy olla<\/span>\u00a060\u201370 tippaa\/min.\u00a0<span id=\"spin31\">ja my\u00f6s<\/span>\u00a0voitelu\u00f6ljy\u00a0<span id=\"spin32\">pit\u00e4isi olla<\/span>\u00a0kello\u00f6ljy tai turbiini\u00f6ljy nro\u00a0<span id=\"spin33\">20<\/span>.<br \/>\n<span id=\"spin34\">nelj\u00e4<\/span>. The\u00a0<span id=\"spin35\">nopeus<\/span>\u00a0<span id=\"spin36\">ymp\u00e4ri<\/span>\u00a0moottoroitu kara\u00a0<span id=\"spin37\">opas<\/span>\u00a0<span id=\"spin38\">on ehdottomasti<\/span>\u00a0korkein\u00a0<span id=\"spin39\">nopeus<\/span>ja\u00a0<span id=\"spin40\">se voi<\/span>\u00a0ei olla\u00a0<span id=\"spin41\">koholla<\/span>,\u00a0<span id=\"spin42\">siit\u00e4 huolimatta se<\/span>\u00a0<span id=\"spin43\">voi olla<\/span>\u00a0<span id=\"spin44\">ty\u00f6ss\u00e4k\u00e4yv\u00e4<\/span>\u00a0<span id=\"spin45\">v\u00e4hent\u00e4\u00e4<\/span><br \/>\nthe\u00a0<span id=\"spin46\">vauhti,<\/span>\u00a0j\u00e4nnite ja taajuus ovat\u00a0<span id=\"spin47\">alennettu<\/span>\u00a0<span id=\"spin48\">kerran<\/span>\u00a0<span id=\"spin49\">nopeus<\/span>\u00a0on laskettu.<br \/>\n<span id=\"spin50\">5<\/span>Kierto\u00a0<span id=\"spin51\">kurssi<\/span>\u00a0<span id=\"spin52\">kanssa<\/span>\u00a0moottoroitu kara\u00a0<span id=\"spin53\">on yleens\u00e4<\/span>\u00a0vastap\u00e4iv\u00e4\u00e4n (katsottuna\u00a0<span id=\"spin54\">...-osiossa<\/span>\u00a0akseli). paitsi\u00a0<span id=\"spin55\">yksinomainen<\/span><br \/>\n<span id=\"spin56\">vaatimukset<\/span>.<br \/>\n<span id=\"spin57\">6<\/span>Moottorik\u00e4ytt\u00f6inen kara voidellaan \u00f6ljysumulla.\u00a0<span id=\"spin58\">t\u00e4ytyy olla<\/span>\u00a0<span id=\"spin59\">linkitetty<\/span>\u00a0vedell\u00e4 ja\u00a0<span id=\"spin60\">bensiini<\/span>\u00a0<span id=\"spin61\">ennen<\/span>\u00a0<span id=\"spin62\">se voisi mahdollisesti<\/span>\u00a0<span id=\"spin63\">aloittaa<\/span>\u00a0ja\u00a0<span id=\"spin64\">lopettaa<\/span>\u00a0vesi ja\u00a0<span id=\"spin65\">polttoaine\u00a0<\/span><span id=\"spin66\">toimittaa<\/span>\u00a0<span id=\"spin67\">j\u00e4lkeen<\/span>\u00a0sammutus.<br \/>\nSelitys:\u00a0<span id=\"spin68\">ainutlaatuinen<\/span>\u00a0operaatio\u00a0<span id=\"spin69\">vaaditaan<\/span>\u00a0<span id=\"spin70\">mukaan<\/span>\u00a0<span id=\"spin71\">kohti<\/span>\u00a0<span id=\"spin72\">s\u00e4hk\u00f6inen<\/span>\u00a0kara\u00a0<span id=\"spin73\">ohjeet<\/span>.<\/div>\n<div>\n<div class=\"flex max-w-full flex-col flex-grow\">\n<div class=\"min-h-8 text-message flex w-full flex-col items-end gap-2 whitespace-normal break-words text-start [.text-message+&amp;]:mt-5\" dir=\"auto\" data-message-author-role=\"assistant\" data-message-id=\"fbdee532-4424-41b2-a093-d85f55f880e4\" data-message-model-slug=\"gpt-4o-mini\">\n<div class=\"flex w-full flex-col gap-1 empty:hidden first:pt-[3px]\">\n<div class=\"markdown prose w-full break-words dark:prose-invert light\">\n<h2>Tietoja FMP:st\u00e4<\/h2>\n<p>FMP on tunnettu valmistaja, joka on erikoistunut korkealaatuisiin mekaanisiin komponentteihin, kuten kierrekartiovaihteisiin, hammaspy\u00f6riin, kartioholkkeihin, hammastankoihin, kytkimiin ja muihin vaihteiston osiin. Vahvan vientiorientoituneisuutemme ansiosta toimitamme yli 651 TP4T-tuotetta Euroopan markkinoille, mukaan lukien Saksaan, Isoon-Britanniaan ja Ranskaan, mik\u00e4 vastaa 1 TP5T18 miljoonan vuosittaisen vientim\u00e4\u00e4r\u00e4n. Kokonaistuotantomme arvo ylitt\u00e4\u00e4 200 miljoonaa RMB vuodessa.<\/p>\n<p>Tuotteemme suunnitellaan ja valmistetaan huolellisesti t\u00e4ytt\u00e4m\u00e4\u00e4n kansainv\u00e4liset, eurooppalaiset ja yhdysvaltalaiset teollisuusstandardit. K\u00e4yt\u00e4mme huippuluokan tarkkuuskoneistuslaitteita, noudatamme optimoituja tuotantoprosesseja ja toteutamme joustavan ja tehokkaan johtamisj\u00e4rjestelm\u00e4n. Kattava laatuj\u00e4rjestelm\u00e4mme takaa poikkeuksellisen tuotteiden laadun ja kilpailukykyiset hinnat.<\/p>\n<p>FMP:ll\u00e4 meit\u00e4 ohjaavat seuraavat ydinperiaatteet: \u201dLaatu: pitk\u00e4n aikav\u00e4lin liiketoiminnan menestyksen perusta; Rehellisyys: kasvun liikkeellepaneva voima; Palvelu: kehityksen kulmakivi; ja Kohtuuhintaisuus: kest\u00e4v\u00e4n menestyksen avain.\u201d Kannustamme yhteisty\u00f6h\u00f6n sek\u00e4 kotimaisten ett\u00e4 kansainv\u00e4listen kumppaneiden kanssa ja olemme sitoutuneet edist\u00e4m\u00e4\u00e4n yhteist\u00e4 kasvua ja saavuttamaan yhteist\u00e4 menestyst\u00e4.<\/p>\n<\/div>\n<\/div>\n<\/div>\n<\/div>\n<p><img loading=\"lazy\" decoding=\"async\" class=\"alignnone wp-image-3563\" src=\"https:\/\/fmp-components.com\/wp-content\/uploads\/2025\/01\/company-2.webp\" alt=\"yritys\" width=\"873\" height=\"790\" title=\"\" srcset=\"https:\/\/fmp-components.com\/wp-content\/uploads\/2025\/01\/company-2.webp 873w, https:\/\/fmp-components.com\/wp-content\/uploads\/2025\/01\/company-2-480x435.webp 480w\" sizes=\"(min-width: 0px) and (max-width: 480px) 480px, (min-width: 481px) 873px, 100vw\" \/> <img loading=\"lazy\" decoding=\"async\" class=\"alignnone wp-image-3564\" src=\"https:\/\/fmp-components.com\/wp-content\/uploads\/2025\/01\/company-3.webp\" alt=\"yritys\" width=\"873\" height=\"776\" title=\"\" srcset=\"https:\/\/fmp-components.com\/wp-content\/uploads\/2025\/01\/company-3.webp 873w, https:\/\/fmp-components.com\/wp-content\/uploads\/2025\/01\/company-3-480x427.webp 480w\" sizes=\"(min-width: 0px) and (max-width: 480px) 480px, (min-width: 481px) 873px, 100vw\" \/> <img loading=\"lazy\" decoding=\"async\" class=\"alignnone wp-image-3565\" src=\"https:\/\/fmp-components.com\/wp-content\/uploads\/2025\/01\/company-1.webp\" alt=\"yritys\" width=\"877\" height=\"225\" title=\"\" srcset=\"https:\/\/fmp-components.com\/wp-content\/uploads\/2025\/01\/company-1.webp 877w, https:\/\/fmp-components.com\/wp-content\/uploads\/2025\/01\/company-1-480x123.webp 480w\" sizes=\"(min-width: 0px) and (max-width: 480px) 480px, (min-width: 481px) 877px, 100vw\" \/><\/p>\n<p>Tekij\u00e4: CX<\/p>\n<\/div>","protected":false},"excerpt":{"rendered":"<p>Choosing the Right CNC Spindle Motor Type Selecting the appropriate CNC spindle motor is essential for optimizing performance, precision, and efficiency in machining operations. The right motor ensures the machine can handle the required workload while achieving the desired output quality. Here are key factors to consider when choosing a CNC spindle motor: Power and [&hellip;]<\/p>","protected":false},"featured_media":3606,"comment_status":"open","ping_status":"closed","template":"","meta":{"_et_pb_use_builder":"","_et_pb_old_content":"","_et_gb_content_width":""},"product_brand":[],"product_cat":[89],"product_tag":[],"class_list":{"0":"post-3604","1":"product","2":"type-product","3":"status-publish","4":"has-post-thumbnail","6":"product_cat-spindle-motor","8":"first","9":"instock","10":"shipping-taxable","11":"product-type-simple"},"_links":{"self":[{"href":"https:\/\/fmp-components.com\/fi\/wp-json\/wp\/v2\/product\/3604","targetHints":{"allow":["GET"]}}],"collection":[{"href":"https:\/\/fmp-components.com\/fi\/wp-json\/wp\/v2\/product"}],"about":[{"href":"https:\/\/fmp-components.com\/fi\/wp-json\/wp\/v2\/types\/product"}],"replies":[{"embeddable":true,"href":"https:\/\/fmp-components.com\/fi\/wp-json\/wp\/v2\/comments?post=3604"}],"wp:featuredmedia":[{"embeddable":true,"href":"https:\/\/fmp-components.com\/fi\/wp-json\/wp\/v2\/media\/3606"}],"wp:attachment":[{"href":"https:\/\/fmp-components.com\/fi\/wp-json\/wp\/v2\/media?parent=3604"}],"wp:term":[{"taxonomy":"product_brand","embeddable":true,"href":"https:\/\/fmp-components.com\/fi\/wp-json\/wp\/v2\/product_brand?post=3604"},{"taxonomy":"product_cat","embeddable":true,"href":"https:\/\/fmp-components.com\/fi\/wp-json\/wp\/v2\/product_cat?post=3604"},{"taxonomy":"product_tag","embeddable":true,"href":"https:\/\/fmp-components.com\/fi\/wp-json\/wp\/v2\/product_tag?post=3604"}],"curies":[{"name":"wp","href":"https:\/\/api.w.org\/{rel}","templated":true}]}}