{"id":360,"date":"2024-12-09T08:28:19","date_gmt":"2024-12-09T08:28:19","guid":{"rendered":"https:\/\/fmp-components.com\/?page_id=8"},"modified":"2024-12-10T03:04:10","modified_gmt":"2024-12-10T03:04:10","slug":"boom-aerial-work-vehicle-lower-arm-hydraulic-cylinder","status":"publish","type":"product","link":"https:\/\/fmp-components.com\/fi\/product\/boom-aerial-work-vehicle-lower-arm-hydraulic-cylinder\/","title":{"rendered":"Puomin ilmaty\u00f6ajoneuvon alavarren hydraulisylinteri"},"content":{"rendered":"<p style=\"text-align: center;\"><span style=\"font-size: 18pt;\">Puomin ilmaty\u00f6ajoneuvon alavarren hydraulisylinteri<\/span><\/p>\n<p>Puomin nostolavan alavarren hydraulisylinteri on t\u00e4rke\u00e4 osa, joka on suunniteltu optimaalista suorituskyky\u00e4 varten henkil\u00f6nostimissa. T\u00e4m\u00e4 hydraulisylinteri vastaa puomin alavarren tarvitsemasta nostovoimasta ja vakaudesta, jolloin k\u00e4ytt\u00e4j\u00e4t voivat p\u00e4\u00e4st\u00e4 korotetuille ty\u00f6alueille tarkasti ja turvallisesti.<\/p>\n<h4>T\u00e4rkeimm\u00e4t ominaisuudet:<\/h4>\n<ul>\n<li>Eritt\u00e4in luja rakenne: Kest\u00e4vist\u00e4 materiaaleista valmistettu hydraulisylinteri on suunniteltu kest\u00e4m\u00e4\u00e4n raskaita kuormia ja ankaria k\u00e4ytt\u00f6olosuhteita, mik\u00e4 varmistaa pitk\u00e4aikaisen suorituskyvyn ja luotettavuuden.<\/li>\n<li>Sujuva hydraulinen toiminta: Edistyksellinen hydrauliikkaj\u00e4rjestelm\u00e4 mahdollistaa saumattomat nosto- ja laskutoiminnot, mik\u00e4 mahdollistaa tarkan hallinnan toiminnan aikana ja v\u00e4hent\u00e4\u00e4 \u00e4killisten liikkeiden riski\u00e4.<\/li>\n<li>Parannettu vakaus: T\u00e4ll\u00e4 sylinterill\u00e4 on t\u00e4rke\u00e4 rooli puomin vakauden yll\u00e4pit\u00e4misess\u00e4, mik\u00e4 edist\u00e4\u00e4 turvallisempaa ty\u00f6skentely\u00e4 korkealla.<\/li>\n<li>Monipuoliset k\u00e4ytt\u00f6kohteet: T\u00e4m\u00e4 hydraulisylinteri sopii erinomaisesti useille eri toimialoille, kuten rakentamiseen, kunnossapitoon, yleishy\u00f6dyllisiin palveluihin ja viihdeteollisuuteen. Se tukee teht\u00e4vi\u00e4, kuten kalusteiden asentamista, korjausten suorittamista ja tarkastusten suorittamista.<\/li>\n<li>Helppo integrointi: Yksinkertaiseen asennukseen suunniteltu alavarren hydraulisylinteri voidaan integroida saumattomasti olemassa oleviin puominnostoj\u00e4rjestelmiin, mik\u00e4 minimoi seisokkiajat ja helpottaa k\u00e4ytt\u00f6\u00f6nottoa.<\/li>\n<\/ul>\n<h4>Edut:<\/h4>\n<ul>\n<li>Lis\u00e4\u00e4ntynyt tuottavuus: Hydraulisylinterin luotettavat nostoominaisuudet parantavat ilmassa teht\u00e4vien tehokkuutta, jolloin k\u00e4ytt\u00e4j\u00e4t voivat suorittaa ty\u00f6t nopeammin ja tehokkaammin.<\/li>\n<li>K\u00e4ytt\u00e4j\u00e4n luottamus: Kest\u00e4v\u00e4n rakenteensa ja sujuvan toimintansa ansiosta sylinteri antaa k\u00e4ytt\u00e4jille mahdollisuuden ty\u00f6skennell\u00e4 luottavaisin mielin, mik\u00e4 v\u00e4hent\u00e4\u00e4 v\u00e4symyst\u00e4 ja parantaa ty\u00f6tyytyv\u00e4isyytt\u00e4.<\/li>\n<li>Kustannustehokas ratkaisu: Hydraulisylinterin kest\u00e4vyys ja tehokkuus johtavat alhaisempiin yll\u00e4pitokustannuksiin ja lyhyempiin seisokkiaikoihin, mik\u00e4 tekee siit\u00e4 \u00e4lykk\u00e4\u00e4n investoinnin mihin tahansa ilma-alusten laivastoon.<\/li>\n<\/ul>\n<p>Yhteenvetona voidaan todeta, ett\u00e4 puominostimen alavarren hydraulisylinteri on olennainen osa, joka parantaa henkil\u00f6nostimien toimivuutta, turvallisuutta ja tehokkuutta. Sen luotettava suorituskyky tekee siit\u00e4 v\u00e4ltt\u00e4m\u00e4tt\u00f6m\u00e4n monenlaisissa sovelluksissa varmistaen, ett\u00e4 k\u00e4ytt\u00e4j\u00e4t voivat suorittaa teht\u00e4v\u00e4ns\u00e4 tehokkaasti ja turvallisesti korkealla.<\/p>\n<h2>Puomin nostolaite Ty\u00f6ajoneuvon alavarren hydraulisylinterin mitat:<\/h2>\n<table>\n<tbody>\n<tr>\n<td><img loading=\"lazy\" decoding=\"async\" class=\"size-large wp-image-316554 aligncenter\" src=\"https:\/\/hzpt.com\/wp-content\/uploads\/2023\/08\/Boom-Aerial-Work-Vehicle-Lower-Arm-Hydraulic-Cylinder-Dimensions-1-1024x379.webp\" sizes=\"(min-width: 0px) and (max-width: 480px) 480px, (min-width: 481px) and (max-width: 980px) 980px, (min-width: 981px) 1024px, 100vw\" srcset=\"https:\/\/images.hzpt.com\/2023\/08\/FMNqWZJ8-Boom-Aerial-Work-Vehicle-Lower-Arm-Hydraulic-Cylinder-Dimensions-1-980x363.webp 980w, https:\/\/images.hzpt.com\/2023\/08\/FMNqWZJ8-Boom-Aerial-Work-Vehicle-Lower-Arm-Hydraulic-Cylinder-Dimensions-1-480x178.webp 480w\" alt=\"Puomin ilmaty\u00f6ajoneuvon alavarren hydraulisylinterin mitat\" width=\"1024\" height=\"379\" title=\"\"><\/td>\n<td><img loading=\"lazy\" decoding=\"async\" class=\"size-large wp-image-316555 aligncenter\" src=\"https:\/\/hzpt.com\/wp-content\/uploads\/2023\/08\/Boom-Aerial-Work-Vehicle-Lower-Arm-Hydraulic-Cylinder-Dimensions-2-1024x379.webp\" sizes=\"(min-width: 0px) and (max-width: 480px) 480px, (min-width: 481px) and (max-width: 980px) 980px, (min-width: 981px) 1024px, 100vw\" srcset=\"https:\/\/images.hzpt.com\/2023\/08\/Vym6PmKH-Boom-Aerial-Work-Vehicle-Lower-Arm-Hydraulic-Cylinder-Dimensions-2-980x363.webp 980w, https:\/\/images.hzpt.com\/2023\/08\/Vym6PmKH-Boom-Aerial-Work-Vehicle-Lower-Arm-Hydraulic-Cylinder-Dimensions-2-480x178.webp 480w\" alt=\"Puomin ilmaty\u00f6ajoneuvon alavarren hydraulisylinterin mitat\" width=\"1024\" height=\"379\" title=\"\"><\/td>\n<\/tr>\n<\/tbody>\n<\/table>\n<table border=\"1\" cellspacing=\"0\" cellpadding=\"0\">\n<tbody>\n<tr>\n<td width=\"246\">Sylinterin nimi<\/td>\n<td width=\"336\">Piirustusnumero<\/td>\n<td width=\"126\">Rei\u00e4n halkaisija (D)<\/td>\n<td width=\"123\">Tangon halkaisija (d)<\/td>\n<td width=\"114\">Isku (S)<\/td>\n<td width=\"170\">Asennuset\u00e4isyys (L)<\/td>\n<td width=\"172\">Ty\u00f6paine<\/td>\n<td width=\"366\">Liit\u00e4nn\u00e4n mitat (M)<\/td>\n<td width=\"96\">Paino<\/td>\n<\/tr>\n<tr>\n<td class=\"et3\" width=\"246\" height=\"190\">Alavarren sylinteri<\/td>\n<td class=\"et4\" width=\"336\">GTHZ210C-620400-000<\/td>\n<td class=\"et4\" width=\"126\">\u03a6100<\/td>\n<td class=\"et4\" width=\"123\">\u03a680<\/td>\n<td class=\"et4\" width=\"114\">1458<\/td>\n<td class=\"et4\" width=\"170\">1899<\/td>\n<td class=\"et4\" width=\"172\">21MPa<\/td>\n<td class=\"et4\" width=\"366\">2-\u03a69<\/td>\n<td class=\"et4\" width=\"96\">137 kg<\/td>\n<\/tr>\n<\/tbody>\n<\/table>\n<h2>Saatavilla olevat hydraulisylinterit Merkki ja mallit:<\/h2>\n<table border=\"1\" cellspacing=\"0\" cellpadding=\"0\">\n<tbody>\n<tr>\n<td><b data-spm-anchor-id=\"a2700.details.0.i43.45d84a73e99C9z\">KOMATSU (PC)<\/b><\/td>\n<td>PC30, PC40, PC50, PC56, PC60, PC78, PC100, PC110, PC120, PC130, PC160, PC200-3\/5\/6\/7\/8\/8MO, PC210, PC220-5\/6\/7\/8\/8MO, PC240, PC300\/350\/360-5\/6\/7\/8\/8MO, PC400\/450-5\/6\/7\/8\/8MO, PC800, PC850<\/td>\n<\/tr>\n<tr>\n<td><b>CATERPILLAR (E)<\/b><\/td>\n<td>E301.5, E302, E305.5, E306, E307V1\/V2\/B\/C\/D\/E\/F, E308B\/C, E120B, E312V1\/V2\/B\/C\/D, E313D2, E312D2, E315D<br \/>\nE200B,E320V1\/V2\/A\/B\/C\/D,E324D,E325C\/D,E329D,E330\/336C\/D,E345C,E349D,E365C,E374,E390<\/td>\n<\/tr>\n<tr>\n<td><b>KOBELCO (SK)<\/b><\/td>\n<td>SK60-3\/5\/8, SK75-8\/SR, SK100 ,SK120-3\/5, SK135-8\/SR, SK140-8, SK200-3\/5\/6\/6E, SK210-3\/5\/6\/6E,<br \/>\nSK230\/250-6E,SK250-8,SK260-8,SK350-8\/S8,SK460\/480-8<\/td>\n<\/tr>\n<tr>\n<td><b>HYUNDAI (R)<\/b><\/td>\n<td>R55-5\/7, R60-5\/7, R80, R110, R130, R200-5, R210-5, R215-5\/7, R220-5\/7\/9, R225-5\/7\/9, R250, R260, R265, R290, R305, R445, R485, R505<\/td>\n<\/tr>\n<tr>\n<td><b data-spm-anchor-id=\"a2700.details.0.i53.45d84a73e99C9z\">HITACHI (esim. ZX)<\/b><\/td>\n<td>EX60, EX100-1\/2\/3, EX120-1\/3\/5\/6, EX200-1\/3\/5, EX230-5, EX300-1, EX400<br \/>\nZAX60,ZAX70,ZA120-6,ZAX200\/210-1\/3\/5\/5K,ZAX240,ZAX250,ZAX260,ZAX330-3\/5\/6,ZAX450\/470,ZAX650\/670,ZAX850\/870<\/td>\n<\/tr>\n<tr>\n<td>\n<div class=\"magic-32\"><b data-spm-anchor-id=\"a2700.details.0.i55.45d84a73e99C9z\">DOOSAN (DH\/DX)<\/b><\/div>\n<\/td>\n<td>\n<div class=\"magic-33\"><span class=\"magic-34\">DH55, DH60, DH80, DH150, DH215-5\/7, DH220-5, DH225-5\/7, DH258, DH300-5\/7, DH370, DH420, DH500<br \/>\nDX55, DX60, DX75, DX130, DX225-9, DX300, DX380, DX420, DX500<\/span><\/div>\n<\/td>\n<\/tr>\n<tr>\n<td>\n<div class=\"magic-32\"><b>VOLVO (EY)<\/b><\/div>\n<\/td>\n<td>\n<div class=\"magic-33\"><span class=\"magic-34\">EC55, EC60, EC75, EC80, EC140, EC210B\/D, EC220D, EC240, EC250, EC290, EC300, EC360, EC380, EC460, EC480, EC700, EC750, EC950<\/span><\/div>\n<\/td>\n<\/tr>\n<tr>\n<td>\n<div class=\"magic-32\"><b>KATO (HD)<\/b><\/div>\n<\/td>\n<td>\n<div class=\"magic-33\"><span class=\"magic-34\">HD307\/308, HD450, HD512, HD700-5\/7, HD820-1\/2\/3\/5\/R, HD1023-1\/3, HD1430-1\/3<\/span><\/div>\n<\/td>\n<\/tr>\n<tr>\n<td>\n<div class=\"magic-32\"><b>MUU MERKKI<\/b><\/div>\n<\/td>\n<td>\n<div class=\"magic-33\"><span class=\"magic-34\">XCMG,LIUGONG,KUBOTA,CASE,YANMAR,SUNWARD,ZOOMLION,LISHIDE,LIEHERR<\/span><\/div>\n<\/td>\n<\/tr>\n<\/tbody>\n<\/table>\n<h3>Puomin ilmaty\u00f6ajoneuvon alavarren hydraulisylinterin edut<\/h3>\n<p>Puomin nostolavan alaosan hydraulisylinteri tarjoaa lukuisia etuja, jotka parantavat nostolavojen suorituskyky\u00e4 ja turvallisuutta. T\u00e4ss\u00e4 on joitakin t\u00e4rkeimmist\u00e4 eduista:<\/p>\n<h4>1. Parannettu nostokyky<\/h4>\n<p>Hydraulisylinteri tarjoaa merkitt\u00e4v\u00e4\u00e4 nostovoimaa, jonka ansiosta puomi pystyy k\u00e4sittelem\u00e4\u00e4n raskaita kuormia helposti. T\u00e4m\u00e4 ominaisuus antaa k\u00e4ytt\u00e4jille mahdollisuuden suorittaa tehokkaasti laajemman valikoiman teht\u00e4vi\u00e4 rakentamisesta kunnossapitoon.<\/p>\n<h4>2. Tarkkuusohjaus<\/h4>\n<p>Sujuvan hydraulisen toimintansa ansiosta sylinteri mahdollistaa puomin liikkeen tarkan hallinnan. Kuljettajat voivat helposti s\u00e4\u00e4t\u00e4\u00e4 korkeutta ja kulmaa varmistaen tarkan asemoinnin erilaisissa k\u00e4ytt\u00f6tarkoituksissa.<\/p>\n<h4>3. Parannettu vakaus<\/h4>\n<p>Alavarren hydraulisylinteri parantaa nostolaitteen yleist\u00e4 vakautta. S\u00e4ilytt\u00e4m\u00e4ll\u00e4 tasapainon nosto- ja laskutoimintojen aikana se parantaa sek\u00e4 k\u00e4ytt\u00e4j\u00e4n ett\u00e4 ymp\u00e4rill\u00e4 olevien henkil\u00f6iden turvallisuutta.<\/p>\n<h4>4. Kest\u00e4v\u00e4 rakenne<\/h4>\n<p>Eritt\u00e4in lujista materiaaleista valmistettu hydraulisylinteri on suunniteltu kest\u00e4m\u00e4\u00e4n ankaria ty\u00f6olosuhteita ja kovaa k\u00e4ytt\u00f6\u00e4. T\u00e4m\u00e4 kest\u00e4vyys tarkoittaa pidemp\u00e4\u00e4 k\u00e4ytt\u00f6ik\u00e4\u00e4 ja v\u00e4hentynytt\u00e4 huoltotarvetta.<\/p>\n<h4>5. Sovellusten monipuolisuus<\/h4>\n<p>Hydraulisylinteri sopii useille eri toimialoille, kuten rakentamiseen, kunnallistekniikkaan, kunnossapitoon ja tapahtumien j\u00e4rjest\u00e4miseen. Monipuolisuudensa ansiosta se on korvaamaton ty\u00f6kalu korotettujen ty\u00f6alueiden saavuttamiseen erilaisissa ymp\u00e4rist\u00f6iss\u00e4.<\/p>\n<h4>6. Nopea asennus ja integrointi<\/h4>\n<p>Helposti asennettavaksi suunniteltu alavarren hydraulisylinteri voidaan integroida saumattomasti olemassa oleviin henkil\u00f6nostimiin. T\u00e4m\u00e4 ominaisuus minimoi seisokkiajat ja mahdollistaa nopean k\u00e4ytt\u00f6\u00f6noton kent\u00e4ll\u00e4.<\/p>\n<h4>7. Kustannustehokkuus<\/h4>\n<p>Hydraulisylinterin tehokkuus ja luotettavuus johtavat alhaisempiin k\u00e4ytt\u00f6kustannuksiin. V\u00e4hentynyt huoltotarve ja seisokkiajat tuovat kokonaiss\u00e4\u00e4st\u00f6j\u00e4, mik\u00e4 tekee siit\u00e4 kustannustehokkaan ratkaisun yrityksille.<\/p>\n<h4>8. Turvaominaisuudet<\/h4>\n<p>Monissa hydraulisylintereiss\u00e4 on turvamekanismeja, kuten ylikuormitussuoja, jotka est\u00e4v\u00e4t onnettomuuksia k\u00e4yt\u00f6n aikana. N\u00e4m\u00e4 ominaisuudet parantavat ilmassa liikkuvien ajoneuvojen turvallisuutta ja tarjoavat mielenrauhaa k\u00e4ytt\u00e4jille.<\/p>\n<h4>9. Kuljettajan mukavuus<\/h4>\n<p>Hydraulisylinterin tarjoama helppok\u00e4ytt\u00f6isyys v\u00e4hent\u00e4\u00e4 k\u00e4ytt\u00e4jien fyysist\u00e4 rasitusta. T\u00e4m\u00e4 mukavuus mahdollistaa pidemm\u00e4t ty\u00f6ajat ilman v\u00e4symyst\u00e4, mik\u00e4 parantaa tuottavuutta ty\u00f6maalla.<\/p>\n<p>Nostolavojen alaosan hydraulisylinteri on kriittinen komponentti, joka paitsi parantaa nostolavojen toimivuutta, my\u00f6s parantaa turvallisuutta ja tehokkuutta. Sen edut tekev\u00e4t siit\u00e4 olennaisen valinnan kaikille organisaatioille, jotka ovat riippuvaisia \u200b\u200bnostolaitteista toiminnassaan.<\/p>\n<table style=\"width: 99.9612%; height: 437px;\" width=\"290\">\n<tbody>\n<tr style=\"height: 437px;\">\n<td style=\"width: 51.7046%; height: 437px;\" width=\"226\">\n<h2><img loading=\"lazy\" decoding=\"async\" class=\"alignnone size-full wp-image-363\" src=\"https:\/\/fmp-components.com\/wp-content\/uploads\/2024\/12\/Boom-Aerial-Work-Vehicle-Lower-Arm-Hydraulic-Cylinder-Installation-2.webp\" alt=\"Puomin-Nostettavan-Ty\u00f6ajoneuvon-Alavarren-Hydraulisylinteri\" width=\"1024\" height=\"849\" title=\"\" srcset=\"https:\/\/fmp-components.com\/wp-content\/uploads\/2024\/12\/Boom-Aerial-Work-Vehicle-Lower-Arm-Hydraulic-Cylinder-Installation-2.webp 1024w, https:\/\/fmp-components.com\/wp-content\/uploads\/2024\/12\/Boom-Aerial-Work-Vehicle-Lower-Arm-Hydraulic-Cylinder-Installation-2-980x813.webp 980w, https:\/\/fmp-components.com\/wp-content\/uploads\/2024\/12\/Boom-Aerial-Work-Vehicle-Lower-Arm-Hydraulic-Cylinder-Installation-2-480x398.webp 480w\" sizes=\"(min-width: 0px) and (max-width: 480px) 480px, (min-width: 481px) and (max-width: 980px) 980px, (min-width: 981px) 1024px, 100vw\" \/><\/h2>\n<\/td>\n<td style=\"width: 98.3102%; height: 437px;\" width=\"64\">\n<h2><img loading=\"lazy\" decoding=\"async\" class=\"alignnone size-full wp-image-362\" src=\"https:\/\/fmp-components.com\/wp-content\/uploads\/2024\/12\/Boom-Aerial-Work-Vehicle-Lower-Arm-Hydraulic-Cylinder-Installation-1.webp\" alt=\"Puomin-Nostettavan-Ty\u00f6ajoneuvon-Alavarren-Hydraulisylinteri\" width=\"1024\" height=\"849\" title=\"\" srcset=\"https:\/\/fmp-components.com\/wp-content\/uploads\/2024\/12\/Boom-Aerial-Work-Vehicle-Lower-Arm-Hydraulic-Cylinder-Installation-1.webp 1024w, https:\/\/fmp-components.com\/wp-content\/uploads\/2024\/12\/Boom-Aerial-Work-Vehicle-Lower-Arm-Hydraulic-Cylinder-Installation-1-980x813.webp 980w, https:\/\/fmp-components.com\/wp-content\/uploads\/2024\/12\/Boom-Aerial-Work-Vehicle-Lower-Arm-Hydraulic-Cylinder-Installation-1-480x398.webp 480w\" sizes=\"(min-width: 0px) and (max-width: 480px) 480px, (min-width: 481px) and (max-width: 980px) 980px, (min-width: 981px) 1024px, 100vw\" \/><\/h2>\n<\/td>\n<\/tr>\n<\/tbody>\n<\/table>\n<h2>Tietoja FMP:st\u00e4<\/h2>\n<p>FMP on hydraulisylintereihin erikoistunut valmistaja, joka tunnetaan vahvasta panostuksestaan \u200b\u200btutkimukseen ja tuotannon huippuosaamiseen. Perustamisestaan \u200b\u200bl\u00e4htien yritys on omistautunut hydraulisylinteriteknologian jatkuvaan kehitt\u00e4miseen. Aluksi FMP valmisti monipuolisen valikoiman tuotteita sadonkorjuu- ja rakennuskoneisiin, mutta sittemmin se on keskittynyt erityisesti maataloustraktoreiden komponentteihin.<\/p>\n<p>Yli vuosikymmenen kokemuksella valmistuksesta FMP yhdist\u00e4\u00e4 laajan johtamiskokemuksen edistyneisiin tuotantoteknologioihin varmistaakseen tuotteidensa korkeimmat laatustandardit. Yritys on perustanut kattavan koneistuslinjan, kokoonpanolinjan ja pinnoituslinjan, joiden avulla se voi tarjota luotettavia ja tehokkaita valmistusprosesseja.<\/p>\n<p>FMP:n kasvua on tukenut omistautunut tiimi, johon kuuluu kokeneita johtohenkil\u00f6it\u00e4, taitavia mekaanisia suunnittelijoita ja korkeasti koulutettuja teknikkoja. T\u00e4m\u00e4 yhteisty\u00f6h\u00f6n perustuva l\u00e4hestymistapa varmistaa tuotteiden tasaisen laadun ja hallitsee tehokkaasti prosessien jatkuvuutta, mik\u00e4 parantaa tuotannon kokonaistehokkuutta.<\/p>\n<p>FMP:n filosofian ytimess\u00e4 ovat arvot \u201dTeknologinen innovaatio edistyksen vauhdittajana\u201d, \u201dLaatu luo br\u00e4ndej\u00e4\u201d, \u201dK\u00e4sity\u00f6taito varmistaa laadun\u201d ja \u201dPitk\u00e4aikaisten, kaikkia hy\u00f6dytt\u00e4vien suhteiden rakentaminen\u201d. Yritys on sitoutunut tarjoamaan korkealaatuisia tuotteita ja samalla poikkeuksellista asiakaspalvelua. FMP pyrkii jatkuvasti sopeutumaan markkinoiden kehittyviin tarpeisiin ja asemoimaan itsens\u00e4 luotettavaksi kumppaniksi maatalouskoneteollisuudessa. Innovaatioihin ja laatuun sitoutumisellaan FMP pyrkii edist\u00e4m\u00e4\u00e4n merkitt\u00e4v\u00e4sti hydrauliikkateknologian kehityst\u00e4 maatalousalalla.<\/p>\n<p><img loading=\"lazy\" decoding=\"async\" class=\"alignnone wp-image-359\" src=\"https:\/\/fmp-components.com\/wp-content\/uploads\/2024\/12\/fmp-factory-3.webp\" alt=\"fmp-tehdas\" width=\"914\" height=\"612\" title=\"\" srcset=\"https:\/\/fmp-components.com\/wp-content\/uploads\/2024\/12\/fmp-factory-3.webp 914w, https:\/\/fmp-components.com\/wp-content\/uploads\/2024\/12\/fmp-factory-3-480x321.webp 480w\" sizes=\"(min-width: 0px) and (max-width: 480px) 480px, (min-width: 481px) 914px, 100vw\" \/><\/p>\n<p>Tekij\u00e4: CX<\/p>","protected":false},"excerpt":{"rendered":"<p>Puomin alaosan hydraulisylinteri on kriittinen komponentti, joka tarjoaa tarvittavan nostovoiman ja vakauden henkil\u00f6nostimille. T\u00e4m\u00e4 hydraulisylinteri on suunniteltu tukemaan puomin alaosaa ja mahdollistaa tarkan ohjauksen ja liikkeen, jolloin k\u00e4ytt\u00e4j\u00e4t p\u00e4\u00e4sev\u00e4t turvallisesti korotetuille ty\u00f6alueille. Se on valmistettu eritt\u00e4in lujista materiaaleista, mik\u00e4 varmistaa kest\u00e4vyyden ja luotettavuuden raskaissa kuormissa ja vaativissa olosuhteissa. Sen tasainen hydraulinen toiminta mahdollistaa tehokkaat pystysuorat ja vaakasuorat liikkeet, mik\u00e4 parantaa tuottavuutta ja turvallisuutta esimerkiksi kunnossapidon, rakentamisen ja tarkastusten aikana. T\u00e4m\u00e4 hydraulisylinteri on v\u00e4ltt\u00e4m\u00e4t\u00f6n puominostimien suorituskyvyn optimoimiseksi erilaisissa sovelluksissa.<\/p>","protected":false},"featured_media":356,"comment_status":"open","ping_status":"closed","template":"","meta":{"_et_pb_use_builder":"","_et_pb_old_content":"","_et_gb_content_width":""},"product_brand":[],"product_cat":[22],"product_tag":[],"class_list":{"0":"post-360","1":"product","2":"type-product","3":"status-publish","4":"has-post-thumbnail","6":"product_cat-aerial-work-vehicle-hydraulic-cylinders","8":"first","9":"instock","10":"shipping-taxable","11":"product-type-simple"},"_links":{"self":[{"href":"https:\/\/fmp-components.com\/fi\/wp-json\/wp\/v2\/product\/360","targetHints":{"allow":["GET"]}}],"collection":[{"href":"https:\/\/fmp-components.com\/fi\/wp-json\/wp\/v2\/product"}],"about":[{"href":"https:\/\/fmp-components.com\/fi\/wp-json\/wp\/v2\/types\/product"}],"replies":[{"embeddable":true,"href":"https:\/\/fmp-components.com\/fi\/wp-json\/wp\/v2\/comments?post=360"}],"wp:featuredmedia":[{"embeddable":true,"href":"https:\/\/fmp-components.com\/fi\/wp-json\/wp\/v2\/media\/356"}],"wp:attachment":[{"href":"https:\/\/fmp-components.com\/fi\/wp-json\/wp\/v2\/media?parent=360"}],"wp:term":[{"taxonomy":"product_brand","embeddable":true,"href":"https:\/\/fmp-components.com\/fi\/wp-json\/wp\/v2\/product_brand?post=360"},{"taxonomy":"product_cat","embeddable":true,"href":"https:\/\/fmp-components.com\/fi\/wp-json\/wp\/v2\/product_cat?post=360"},{"taxonomy":"product_tag","embeddable":true,"href":"https:\/\/fmp-components.com\/fi\/wp-json\/wp\/v2\/product_tag?post=360"}],"curies":[{"name":"wp","href":"https:\/\/api.w.org\/{rel}","templated":true}]}}