{"id":3561,"date":"2025-01-08T06:10:35","date_gmt":"2025-01-08T06:10:35","guid":{"rendered":"https:\/\/fmp-components.com\/?page_id=8"},"modified":"2025-01-08T07:48:44","modified_gmt":"2025-01-08T07:48:44","slug":"pneumatic-unclamp-cylinder","status":"publish","type":"product","link":"https:\/\/fmp-components.com\/fi\/product\/pneumatic-unclamp-cylinder\/","title":{"rendered":"Pneumaattinen irrotussylinteri"},"content":{"rendered":"<h3 style=\"text-align: center;\">Pneumaattinen irrotussylinteri \u2013 Tuotteen esittely<\/h3>\n<p>Pneumaattinen irrotussylinteri on erikoiskomponentti, joka on suunniteltu k\u00e4ytett\u00e4v\u00e4ksi erilaisissa teollisissa sovelluksissa, joissa automaattinen irrotus on tarpeen. T\u00e4m\u00e4n tyyppinen sylinteri k\u00e4ytt\u00e4\u00e4 paineilmaa puristusmekanismien vapauttamiseen tarvittavan voiman tuottamiseen, mik\u00e4 varmistaa sujuvan toiminnan ja korkean hy\u00f6tysuhteen mekaanisissa j\u00e4rjestelmiss\u00e4.<\/p>\n<h4>T\u00e4rkeimm\u00e4t ominaisuudet:<\/h4>\n<ul>\n<li><strong>Pneumaattinen k\u00e4ytt\u00f6<\/strong>Sylinteri toimii paineilmalla, mik\u00e4 tarjoaa puhtaan, tehokkaan ja kustannustehokkaan ratkaisun verrattuna hydraulisiin tai manuaalisiin j\u00e4rjestelmiin.<\/li>\n<li><strong>Suuri voimateho<\/strong>Suunniteltu tuottamaan merkitt\u00e4v\u00e4\u00e4 voimaa irrotusta varten, sopii raskaisiin teollisuussovelluksiin.<\/li>\n<li><strong>Kest\u00e4vyys<\/strong>Valmistettu korkealaatuisista materiaaleista pitk\u00e4n k\u00e4ytt\u00f6i\u00e4n takaamiseksi my\u00f6s vaativissa ty\u00f6olosuhteissa.<\/li>\n<li><strong>Tarkkuusohjaus<\/strong>Tarkka kiinnitys- ja irrotustoimintojen ohjaus parantaa automaatioprosessien tarkkuutta ja luotettavuutta.<\/li>\n<li><strong>Kompakti muotoilu<\/strong>Optimoitu tilank\u00e4yt\u00f6n tehokkuuden takaamiseksi, joten se sopii erinomaisesti k\u00e4ytett\u00e4v\u00e4ksi ymp\u00e4rist\u00f6iss\u00e4, joissa on rajoitetusti asennustilaa.<\/li>\n<li><strong>Helppo integrointi<\/strong>Yhteensopiva monenlaisten koneiden kanssa, tarjoaa saumattoman integroinnin olemassa oleviin j\u00e4rjestelmiin helppoa p\u00e4ivityst\u00e4 ja vaihtoa varten.<\/li>\n<li><strong>Korroosionkest\u00e4vyys<\/strong>Rakennettu kest\u00e4m\u00e4\u00e4n vaativia olosuhteita, ja korroosionestok\u00e4sittelyt takaavat luotettavuuden haastavissa teollisuusolosuhteissa.<\/li>\n<\/ul>\n<h4>Edut:<\/h4>\n<ul>\n<li><strong>Lis\u00e4\u00e4ntynyt tehokkuus<\/strong>Automatisoimalla irrotusprosessin toimintasyklit lyhenev\u00e4t, mik\u00e4 johtaa suurempaan l\u00e4pimenoon ja lyhyempiin seisokkiaikoihin.<\/li>\n<li><strong>V\u00e4hentynyt ty\u00f6voima<\/strong>Manuaalista ty\u00f6t\u00e4 tarvitaan v\u00e4hemm\u00e4n, mik\u00e4 minimoi virheiden riskin ja parantaa ty\u00f6paikan turvallisuutta.<\/li>\n<li><strong>Energians\u00e4\u00e4st\u00f6<\/strong>Paineilmak\u00e4ytt\u00f6iset sylinterit kuluttavat tyypillisesti v\u00e4hemm\u00e4n energiaa kuin hydrauliset j\u00e4rjestelm\u00e4t, mik\u00e4 tarjoaa kustannustehokkaan toiminnan ajan mittaan.<\/li>\n<li><strong>Mukautettava<\/strong>Saatavilla eri kokoisina, iskunpituuksina ja painearvoina erilaisiin teollisuuden tarpeisiin ja sovelluksiin.<\/li>\n<\/ul>\n<p>The <strong>Pneumaattinen irrotussylinteri<\/strong> on olennainen osa yrityksi\u00e4, jotka haluavat parantaa toiminnan tehokkuutta, v\u00e4hent\u00e4\u00e4 manuaalista ty\u00f6t\u00e4 ja varmistaa automatisoitujen prosessien korkean tarkkuuden.<\/p>\n<p><img loading=\"lazy\" decoding=\"async\" class=\"alignnone size-full wp-image-3566\" src=\"https:\/\/fmp-components.com\/wp-content\/uploads\/2025\/01\/pneumatic-unclamp-cylinder-2.webp\" alt=\"pneumaattinen-irrotussylinteri-2\" width=\"1371\" height=\"652\" title=\"\" srcset=\"https:\/\/fmp-components.com\/wp-content\/uploads\/2025\/01\/pneumatic-unclamp-cylinder-2.webp 1371w, https:\/\/fmp-components.com\/wp-content\/uploads\/2025\/01\/pneumatic-unclamp-cylinder-2-1280x609.webp 1280w, https:\/\/fmp-components.com\/wp-content\/uploads\/2025\/01\/pneumatic-unclamp-cylinder-2-980x466.webp 980w, https:\/\/fmp-components.com\/wp-content\/uploads\/2025\/01\/pneumatic-unclamp-cylinder-2-480x228.webp 480w\" sizes=\"(min-width: 0px) and (max-width: 480px) 480px, (min-width: 481px) and (max-width: 980px) 980px, (min-width: 981px) and (max-width: 1280px) 1280px, (min-width: 1281px) 1371px, 100vw\" \/><\/p>\n<h2>Malliluettelo<\/h2>\n<p><img loading=\"lazy\" decoding=\"async\" class=\"alignnone size-full wp-image-3568\" src=\"https:\/\/fmp-components.com\/wp-content\/uploads\/2025\/01\/pneumatic-unclamp-cylinder-3.webp\" alt=\"pneumaattinen-irrotussylinteri-2\" width=\"906\" height=\"158\" title=\"\" srcset=\"https:\/\/fmp-components.com\/wp-content\/uploads\/2025\/01\/pneumatic-unclamp-cylinder-3.webp 906w, https:\/\/fmp-components.com\/wp-content\/uploads\/2025\/01\/pneumatic-unclamp-cylinder-3-480x84.webp 480w\" sizes=\"(min-width: 0px) and (max-width: 480px) 480px, (min-width: 481px) 906px, 100vw\" \/><\/p>\n<p>HUOMAUTUS:<br \/>\n1. Pneumaattinen irrotussylinteri voidaan asentaa pystysuoraan tai vaakasuoraan, \u00f6ljykupin on oltava yl\u00f6sp\u00e4in.<br \/>\n2. Sy\u00f6tt\u00f6kaasun l\u00e4hteen on oltava k\u00e4sitelty kaasul\u00e4hteen kolmikolla. Kuivan ja puhtaan ilman v\u00e4himm\u00e4ispaine on 6 kgf\/cm\u00b2.<br \/>\n3. \u00d6ljykupin v\u00e4himm\u00e4is\u00f6ljypitoisuus on 1\/5 ja enimm\u00e4is\u00f6ljypitoisuus on 4\/5.<\/p>\n<div class=\"flex max-w-full flex-col flex-grow\">\n<div class=\"min-h-8 text-message flex w-full flex-col items-end gap-2 whitespace-normal break-words text-start [.text-message+&amp;]:mt-5\" dir=\"auto\" data-message-author-role=\"assistant\" data-message-id=\"fbdee532-4424-41b2-a093-d85f55f880e4\" data-message-model-slug=\"gpt-4o-mini\">\n<div class=\"flex w-full flex-col gap-1 empty:hidden first:pt-[3px]\">\n<div class=\"markdown prose w-full break-words dark:prose-invert light\">\n<h2>Pneumaattisten irrotussylinterien tyypit<\/h2>\n<p>Pneumaattisia irrotussylintereit\u00e4 on saatavilla erityyppisin\u00e4, joista jokainen on suunniteltu tiettyihin sovelluksiin ja k\u00e4ytt\u00f6vaatimuksiin. T\u00e4ss\u00e4 ovat yleisimm\u00e4t tyypit:<\/p>\n<h4>1. <strong>Yksitoiminen pneumaattinen irrotussylinteri<\/strong><\/h4>\n<ul>\n<li><strong>Kuvaus<\/strong>Yksitoiminen pneumaattinen irrotussylinteri toimii siten, ett\u00e4 ilmanpaine kohdistuu vain m\u00e4nn\u00e4n toiselle puolelle. Paluuisku saavutetaan yleens\u00e4 jousen tai ulkoisen voiman avulla.<\/li>\n<li><strong>Hakemus<\/strong>Yleinen yksinkertaisemmissa j\u00e4rjestelmiss\u00e4, joissa irrotusvoimaa tarvitaan yhteen suuntaan ja paluuliikett\u00e4 voidaan avustaa jousella.<\/li>\n<li><strong>Edut<\/strong>:\n<ul>\n<li>Kustannustehokas<\/li>\n<li>Yksinkertainen muotoilu ja helppo huoltaa<\/li>\n<li>Vaatii v\u00e4hemm\u00e4n ilmankulutusta<\/li>\n<\/ul>\n<\/li>\n<\/ul>\n<h4>2. <strong>Kaksitoiminen pneumaattinen irrotussylinteri<\/strong><\/h4>\n<ul>\n<li><strong>Kuvaus<\/strong>Kaksitoimisessa pneumaattisessa irrotussylinteriss\u00e4 m\u00e4nn\u00e4n molemmille puolille kohdistetaan ilmanpainetta sek\u00e4 kiristyst\u00e4 ett\u00e4 irrotusta varten, mik\u00e4 mahdollistaa sylinterin liikkeen paremman hallinnan.<\/li>\n<li><strong>Hakemus<\/strong>Ihanteellinen sovelluksiin, jotka vaativat suurempaa voimaa ja tarkempaa irrotusprosessin hallintaa, kuten automatisoiduissa tuotantolinjoissa tai robottij\u00e4rjestelmiss\u00e4.<\/li>\n<li><strong>Edut<\/strong>:\n<ul>\n<li>Suurempi voima ja nopeampi vasteaika<\/li>\n<li>Tarkka hallinta sek\u00e4 kiinnitys- ett\u00e4 irrotustoiminnoissa<\/li>\n<li>Voidaan k\u00e4ytt\u00e4\u00e4 monimutkaisempiin sovelluksiin<\/li>\n<\/ul>\n<\/li>\n<\/ul>\n<h4>3. <strong>Py\u00f6riv\u00e4 pneumaattinen irrotussylinteri<\/strong><\/h4>\n<ul>\n<li><strong>Kuvaus<\/strong>T\u00e4m\u00e4n tyyppinen sylinteri on suunniteltu sovelluksiin, joissa lineaarisen liikkeen lis\u00e4ksi tarvitaan py\u00f6riv\u00e4\u00e4 liikett\u00e4. Siin\u00e4 on py\u00f6riv\u00e4 toimilaite yhdistettyn\u00e4 pneumaattiseen irrotusmekanismiin.<\/li>\n<li><strong>Hakemus<\/strong>K\u00e4ytet\u00e4\u00e4n usein automatisoiduissa kiinnityslaitteissa tai koneissa, joissa kiinnitysj\u00e4rjestelm\u00e4n on py\u00f6ritt\u00e4v\u00e4 ennen kiinnityksen irrottamista tai sen j\u00e4lkeen.<\/li>\n<li><strong>Edut<\/strong>:\n<ul>\n<li>Tarjoaa sek\u00e4 py\u00f6riv\u00e4n ett\u00e4 lineaarisen liikkeen<\/li>\n<li>Pystyy suorittamaan monimutkaisia \u200b\u200bteht\u00e4vi\u00e4, kuten osien tai kiinnittimien sorvausta puristuksen irrottamisen j\u00e4lkeen<\/li>\n<\/ul>\n<\/li>\n<\/ul>\n<h4>4. <strong>Kompakti pneumaattinen irrotussylinteri<\/strong><\/h4>\n<ul>\n<li><strong>Kuvaus<\/strong>N\u00e4iss\u00e4 sylintereiss\u00e4 on pienempi ja kompaktimpi rakenne, mutta ne s\u00e4ilytt\u00e4v\u00e4t suuren voimantuoton. Ne sopivat ahtaisiin tiloihin, joihin perinteiset sylinterit eiv\u00e4t v\u00e4ltt\u00e4m\u00e4tt\u00e4 mahdu.<\/li>\n<li><strong>Hakemus<\/strong>K\u00e4ytet\u00e4\u00e4n sovelluksissa, joissa tilaa on rajoitetusti, mutta tarvitaan silti voimakasta irrotusvoimaa, kuten pienimuotoisissa automaatioj\u00e4rjestelmiss\u00e4 tai koneissa, joissa on rajoitetusti asennustilaa.<\/li>\n<li><strong>Edut<\/strong>:\n<ul>\n<li>Tilaa s\u00e4\u00e4st\u00e4v\u00e4 muotoilu<\/li>\n<li>Huipputehoa kompakteissa paketeissa<\/li>\n<\/ul>\n<\/li>\n<\/ul>\n<h4>5. <strong>Kaksinkertainen tanko pneumaattinen irrotussylinteri<\/strong><\/h4>\n<ul>\n<li><strong>Kuvaus<\/strong>T\u00e4m\u00e4n tyyppisess\u00e4 sylinteriss\u00e4 on m\u00e4nn\u00e4n molemmilla puolilla tangot, mik\u00e4 mahdollistaa tasapainoisemman voimanjaon ja tasaisemman liikkeen irrotuksen ja kiinnityksen aikana.<\/li>\n<li><strong>Hakemus<\/strong>Ihanteellinen sovelluksiin, jotka vaativat suurta vakautta, tarkkuutta ja tasapainoista liikett\u00e4, kuten tarkkuuskoneissa ja robotiikassa.<\/li>\n<li><strong>Edut<\/strong>:\n<ul>\n<li>Parempi vakaus ja kuorman jakautuminen<\/li>\n<li>Sopii eritt\u00e4in tarkkoihin sovelluksiin<\/li>\n<\/ul>\n<\/li>\n<\/ul>\n<ul>\n<li style=\"list-style-type: none;\"><\/li>\n<\/ul>\n<p>Jokainen pneumaattisen irrotussylinterin tyyppi palvelee tietty\u00e4 tarvetta riippuen sovellusvaatimuksista, tilarajoituksista, voimavaatimuksista ja tarvittavasta tarkkuudesta. Oikean pneumaattisen irrotussylinterin tyypin valitseminen varmistaa optimaalisen suorituskyvyn ja tehokkuuden automatisoiduissa ja mekaanisissa j\u00e4rjestelmiss\u00e4.<\/p>\n<h2>Tietoja FMP:st\u00e4<\/h2>\n<p>FMP on mekaanisten komponenttien valmistukseen erikoistunut ammattimainen valmistaja. P\u00e4\u00e4tuotteitamme ovat kierrekartiovaihteet, hammaspy\u00f6r\u00e4t, kartioholkit, hammaspy\u00f6r\u00e4t, kytkimet ja muut vaihteiston osat. Vahvan vientipainotteisuuden ansiosta toimitamme yli 651 TP4T tuotteitamme Euroopan markkinoille, mukaan lukien Saksaan, Isoon-Britanniaan ja Ranskaan, jolloin vuosittainen vientim\u00e4\u00e4r\u00e4 on 1 TP5T18 miljoonaa. Vuosittainen tuotantomme kokonaisarvo on 200 miljoonaa RMB.<\/p>\n<p>Kaikki FMP-tuotteet valmistetaan kansainv\u00e4listen, eurooppalaisten ja yhdysvaltalaisten teollisuusstandardien mukaisesti. K\u00e4yt\u00e4mme tarkkoja ja korkealaatuisia ty\u00f6st\u00f6koneita, toteutamme hyvin suunniteltuja tuotantoprosesseja ja noudatamme tehokasta ja joustavaa johtamisj\u00e4rjestelm\u00e4\u00e4. Kattava laatuj\u00e4rjestelm\u00e4mme varmistaa erinomaisen tuotteiden laadun ja kilpailukykyiset hinnat.<\/p>\n<p>FMP toimii seuraavien ydinperiaatteiden mukaisesti: \u201dLaatu: liiketoiminnan selviytymisen perusta, Rehellisyys: liiketoiminnan kehityksen liikkeellepaneva voima, Palvelu: liiketoiminnan kasvun l\u00e4hde ja Kohtuuhintaisuus: liiketoiminnan menestyksen avain.\u201d Toivotamme tervetulleiksi sek\u00e4 kotimaiset ett\u00e4 kansainv\u00e4liset asiakkaat ja odotamme innolla yhteisty\u00f6t\u00e4 yhteisen kasvun ja menestyksen saavuttamiseksi.<\/p>\n<\/div>\n<\/div>\n<\/div>\n<\/div>\n<p><img loading=\"lazy\" decoding=\"async\" class=\"alignnone  wp-image-3563\" src=\"https:\/\/fmp-components.com\/wp-content\/uploads\/2025\/01\/company-2.webp\" alt=\"yritys\" width=\"873\" height=\"790\" title=\"\" srcset=\"https:\/\/fmp-components.com\/wp-content\/uploads\/2025\/01\/company-2.webp 873w, https:\/\/fmp-components.com\/wp-content\/uploads\/2025\/01\/company-2-480x435.webp 480w\" sizes=\"(min-width: 0px) and (max-width: 480px) 480px, (min-width: 481px) 873px, 100vw\" \/> <img loading=\"lazy\" decoding=\"async\" class=\"alignnone  wp-image-3564\" src=\"https:\/\/fmp-components.com\/wp-content\/uploads\/2025\/01\/company-3.webp\" alt=\"yritys\" width=\"873\" height=\"776\" title=\"\" srcset=\"https:\/\/fmp-components.com\/wp-content\/uploads\/2025\/01\/company-3.webp 873w, https:\/\/fmp-components.com\/wp-content\/uploads\/2025\/01\/company-3-480x427.webp 480w\" sizes=\"(min-width: 0px) and (max-width: 480px) 480px, (min-width: 481px) 873px, 100vw\" \/> <img loading=\"lazy\" decoding=\"async\" class=\"alignnone  wp-image-3565\" src=\"https:\/\/fmp-components.com\/wp-content\/uploads\/2025\/01\/company-1.webp\" alt=\"yritys\" width=\"877\" height=\"225\" title=\"\" srcset=\"https:\/\/fmp-components.com\/wp-content\/uploads\/2025\/01\/company-1.webp 877w, https:\/\/fmp-components.com\/wp-content\/uploads\/2025\/01\/company-1-480x123.webp 480w\" sizes=\"(min-width: 0px) and (max-width: 480px) 480px, (min-width: 481px) 877px, 100vw\" \/><\/p>\n<p>Tekij\u00e4: CX<\/p>","protected":false},"excerpt":{"rendered":"<p>Pneumatic Unclamp Cylinder \u2013 Product Introduction The Pneumatic Unclamp Cylinder is a specialized component designed for use in various industrial applications where automated unclamping is necessary. This type of cylinder utilizes compressed air to provide the force required to release clamping mechanisms, ensuring smooth operation and high efficiency in mechanical systems. Key Features: Pneumatic Actuation: [&hellip;]<\/p>","protected":false},"featured_media":3567,"comment_status":"open","ping_status":"closed","template":"","meta":{"_et_pb_use_builder":"","_et_pb_old_content":"","_et_gb_content_width":""},"product_brand":[],"product_cat":[89],"product_tag":[],"class_list":{"0":"post-3561","1":"product","2":"type-product","3":"status-publish","4":"has-post-thumbnail","6":"product_cat-spindle-motor","8":"first","9":"instock","10":"shipping-taxable","11":"product-type-simple"},"_links":{"self":[{"href":"https:\/\/fmp-components.com\/fi\/wp-json\/wp\/v2\/product\/3561","targetHints":{"allow":["GET"]}}],"collection":[{"href":"https:\/\/fmp-components.com\/fi\/wp-json\/wp\/v2\/product"}],"about":[{"href":"https:\/\/fmp-components.com\/fi\/wp-json\/wp\/v2\/types\/product"}],"replies":[{"embeddable":true,"href":"https:\/\/fmp-components.com\/fi\/wp-json\/wp\/v2\/comments?post=3561"}],"wp:featuredmedia":[{"embeddable":true,"href":"https:\/\/fmp-components.com\/fi\/wp-json\/wp\/v2\/media\/3567"}],"wp:attachment":[{"href":"https:\/\/fmp-components.com\/fi\/wp-json\/wp\/v2\/media?parent=3561"}],"wp:term":[{"taxonomy":"product_brand","embeddable":true,"href":"https:\/\/fmp-components.com\/fi\/wp-json\/wp\/v2\/product_brand?post=3561"},{"taxonomy":"product_cat","embeddable":true,"href":"https:\/\/fmp-components.com\/fi\/wp-json\/wp\/v2\/product_cat?post=3561"},{"taxonomy":"product_tag","embeddable":true,"href":"https:\/\/fmp-components.com\/fi\/wp-json\/wp\/v2\/product_tag?post=3561"}],"curies":[{"name":"wp","href":"https:\/\/api.w.org\/{rel}","templated":true}]}}