{"id":3558,"date":"2025-01-08T05:55:51","date_gmt":"2025-01-08T05:55:51","guid":{"rendered":"https:\/\/fmp-components.com\/?page_id=8"},"modified":"2025-01-08T05:55:51","modified_gmt":"2025-01-08T05:55:51","slug":"iec-stainless-steel-motor-b3-foot-mounted-tenv","status":"publish","type":"product","link":"https:\/\/fmp-components.com\/fi\/product\/iec-stainless-steel-motor-b3-foot-mounted-tenv\/","title":{"rendered":"IEC ruostumattomasta ter\u00e4ksest\u00e4 valmistettu moottori B3, jalkaan asennettava - TENV"},"content":{"rendered":"<p><img loading=\"lazy\" decoding=\"async\" class=\"alignnone  wp-image-3560\" src=\"https:\/\/fmp-components.com\/wp-content\/uploads\/2025\/01\/fmp_2.stainless-steel-motor-2.webp\" alt=\"fmp_2.ruostumattomasta ter\u00e4ksest\u00e4 valmistettu moottori-2\" width=\"910\" height=\"450\" title=\"\" srcset=\"https:\/\/fmp-components.com\/wp-content\/uploads\/2025\/01\/fmp_2.stainless-steel-motor-2.webp 910w, https:\/\/fmp-components.com\/wp-content\/uploads\/2025\/01\/fmp_2.stainless-steel-motor-2-480x237.webp 480w\" sizes=\"(min-width: 0px) and (max-width: 480px) 480px, (min-width: 481px) 910px, 100vw\" \/><\/p>\n<table style=\"width: 98.5196%;\" border=\"1\">\n<tbody>\n<tr>\n<td style=\"width: 14.0541%;\">Kehyksen tyyppi<\/td>\n<td style=\"width: 7.02703%;\">puolalaiset<\/td>\n<td style=\"width: 4.86486%;\">A<\/td>\n<td style=\"width: 5.58559%;\">A\/2<\/td>\n<td style=\"width: 4.86486%;\">B<\/td>\n<td style=\"width: 3.42342%;\">C<\/td>\n<td style=\"width: 3.42342%;\">D<\/td>\n<td style=\"width: 3.42342%;\">E<\/td>\n<td style=\"width: 3.42342%;\">F<\/td>\n<td style=\"width: 5.58559%;\">G<\/td>\n<td style=\"width: 3.42342%;\">H<\/td>\n<td style=\"width: 3.42342%;\">K<\/td>\n<td style=\"width: 4.86486%;\">P<\/td>\n<td style=\"width: 12.4324%;\">Akselin reik\u00e4<\/td>\n<td style=\"width: 4.86486%;\">AB<\/td>\n<td style=\"width: 4.86486%;\">Ilmastointilaite<\/td>\n<td style=\"width: 68.8288%;\">ILMOITUS<\/td>\n<\/tr>\n<tr>\n<td style=\"width: 14.0541%;\">63<\/td>\n<td style=\"width: 7.02703%;\">2, 4<\/td>\n<td style=\"width: 4.86486%;\">100<\/td>\n<td style=\"width: 5.58559%;\">50<\/td>\n<td style=\"width: 4.86486%;\">80<\/td>\n<td style=\"width: 3.42342%;\">40<\/td>\n<td style=\"width: 3.42342%;\">11<\/td>\n<td style=\"width: 3.42342%;\">23<\/td>\n<td style=\"width: 3.42342%;\">23<\/td>\n<td style=\"width: 5.58559%;\">8.5<\/td>\n<td style=\"width: 3.42342%;\">63<\/td>\n<td style=\"width: 3.42342%;\">7<\/td>\n<td style=\"width: 4.86486%;\">114<\/td>\n<td style=\"width: 12.4324%;\">M4<\/td>\n<td style=\"width: 4.86486%;\">125<\/td>\n<td style=\"width: 4.86486%;\">114<\/td>\n<td style=\"width: 68.8288%;\">117<\/td>\n<\/tr>\n<tr>\n<td style=\"width: 14.0541%;\">71<\/td>\n<td style=\"width: 7.02703%;\">2,4,6<\/td>\n<td style=\"width: 4.86486%;\">112<\/td>\n<td style=\"width: 5.58559%;\">56<\/td>\n<td style=\"width: 4.86486%;\">90<\/td>\n<td style=\"width: 3.42342%;\">45<\/td>\n<td style=\"width: 3.42342%;\">14<\/td>\n<td style=\"width: 3.42342%;\">30<\/td>\n<td style=\"width: 3.42342%;\">30<\/td>\n<td style=\"width: 5.58559%;\">11<\/td>\n<td style=\"width: 3.42342%;\">71<\/td>\n<td style=\"width: 3.42342%;\">7<\/td>\n<td style=\"width: 4.86486%;\">134<\/td>\n<td style=\"width: 12.4324%;\">M5<\/td>\n<td style=\"width: 4.86486%;\">140<\/td>\n<td style=\"width: 4.86486%;\">134<\/td>\n<td style=\"width: 68.8288%;\">129<\/td>\n<\/tr>\n<tr>\n<td style=\"width: 14.0541%;\">80<\/td>\n<td style=\"width: 7.02703%;\"><\/td>\n<td style=\"width: 4.86486%;\">125<\/td>\n<td style=\"width: 5.58559%;\">62.5<\/td>\n<td style=\"width: 4.86486%;\">100<\/td>\n<td style=\"width: 3.42342%;\">50<\/td>\n<td style=\"width: 3.42342%;\">19<\/td>\n<td style=\"width: 3.42342%;\">40<\/td>\n<td style=\"width: 3.42342%;\">40<\/td>\n<td style=\"width: 5.58559%;\">15.5<\/td>\n<td style=\"width: 3.42342%;\">80<\/td>\n<td style=\"width: 3.42342%;\">10<\/td>\n<td style=\"width: 4.86486%;\">144<\/td>\n<td style=\"width: 12.4324%;\">M6<\/td>\n<td style=\"width: 4.86486%;\">150<\/td>\n<td style=\"width: 4.86486%;\">144<\/td>\n<td style=\"width: 68.8288%;\">135<\/td>\n<\/tr>\n<tr>\n<td style=\"width: 14.0541%;\">90-luvun<\/td>\n<td style=\"width: 7.02703%;\"><\/td>\n<td style=\"width: 4.86486%;\">140<\/td>\n<td style=\"width: 5.58559%;\">70<\/td>\n<td style=\"width: 4.86486%;\">100<\/td>\n<td style=\"width: 3.42342%;\">56<\/td>\n<td style=\"width: 3.42342%;\">24<\/td>\n<td style=\"width: 3.42342%;\">50<\/td>\n<td style=\"width: 3.42342%;\">50<\/td>\n<td style=\"width: 5.58559%;\">20<\/td>\n<td style=\"width: 3.42342%;\">90<\/td>\n<td style=\"width: 3.42342%;\">9<\/td>\n<td style=\"width: 4.86486%;\">164<\/td>\n<td style=\"width: 12.4324%;\">M8<\/td>\n<td style=\"width: 4.86486%;\">164<\/td>\n<td style=\"width: 4.86486%;\">164<\/td>\n<td style=\"width: 68.8288%;\">147<\/td>\n<\/tr>\n<\/tbody>\n<\/table>\n<h2>IEC Ruostumattomasta ter\u00e4ksest\u00e4 valmistetun moottorin tekniset tiedot<\/h2>\n<table style=\"width: 98.4738%;\" border=\"1\">\n<tbody>\n<tr>\n<td style=\"width: 14.4262%;\">Kehys<\/td>\n<td style=\"width: 24.918%;\">KW<\/td>\n<td style=\"width: 46.8852%;\">Asennus<\/td>\n<td style=\"width: 209.18%;\">IP-osoite<\/td>\n<\/tr>\n<tr>\n<td style=\"width: 14.4262%;\">63<\/td>\n<td style=\"width: 24.918%;\">0.18<\/td>\n<td style=\"width: 46.8852%;\" rowspan=\"7\">B3, B5, B14, B34, B35<\/td>\n<td style=\"width: 209.18%;\" rowspan=\"7\">IP55<\/td>\n<\/tr>\n<tr>\n<td style=\"width: 14.4262%;\">71<\/td>\n<td style=\"width: 24.918%;\">0,25 \uff0c 0,37<\/td>\n<\/tr>\n<tr>\n<td style=\"width: 14.4262%;\">80<\/td>\n<td style=\"width: 24.918%;\">0,55 \uff0c 0,75<\/td>\n<\/tr>\n<tr>\n<td style=\"width: 14.4262%;\">90<\/td>\n<td style=\"width: 24.918%;\">1,1, 1,5<\/td>\n<\/tr>\n<tr>\n<td style=\"width: 14.4262%;\">100<\/td>\n<td style=\"width: 24.918%;\">2,2, 3,0<\/td>\n<\/tr>\n<tr>\n<td style=\"width: 14.4262%;\">112<\/td>\n<td style=\"width: 24.918%;\">4.0<\/td>\n<\/tr>\n<tr>\n<td style=\"width: 14.4262%;\">1332<\/td>\n<td style=\"width: 24.918%;\">5,5, 7,5<\/td>\n<\/tr>\n<\/tbody>\n<\/table>\n<p>Se on saatavilla my\u00f6s, jos sinulla on moottorille erityisvaatimuksia.<\/p>\n<h2>IEC Ruostumattomasta ter\u00e4ksest\u00e4 valmistetun moottorin ominaisuudet<\/h2>\n<p>Ruostumattomasta ter\u00e4ksest\u00e4 valmistettu servomoottori, staattinen v\u00e4\u00e4nt\u00f6momentti 0,45\u201320 nm, huippuv\u00e4\u00e4nt\u00f6momentti 64 nm<br \/>\nRuostumattomasta ter\u00e4ksest\u00e4 valmistettu servomoottori planeettavaihteella tai kartiovaihteella<br \/>\nKuori on valmistettu ruostumattomasta ter\u00e4ksest\u00e4 V2a 1.4301 (AISI 304) tai V4A 1.4404 (AISI 316L) tai anodisoidusta alumiinikuoresta.<br \/>\nPinta- ja laippa-asennus (imb5, IMB14)<br \/>\nSuojausluokka jopa ip66k \/ ip69k huuhteluolosuhteissa<br \/>\nLaaja nopeuden s\u00e4\u00e4t\u00f6alue<br \/>\nUl\/CSA-sertifiointi<br \/>\nEHEDG-sertifiointi on vireill\u00e4 (odotetaan vuonna 2022)<br \/>\nPalaute resolverin tai esiasennon, EnDatin tai drive clip -enkooderin avulla<br \/>\nYksikaapelitekniikka (OCT)<br \/>\nJarrutusvaihtoehdot<br \/>\nAC-servomoottori, DC-servomoottori ja AC-asynkroninen moottori<br \/>\nHajautettu servomoottori integroidulla servo-ohjaimella<br \/>\nToimitetaan servos\u00e4\u00e4timell\u00e4 tai taajuusmuuttajalla<br \/>\nMukautettu suunnittelu<\/p>\n<h2>Liittyv\u00e4 ruostumattomasta ter\u00e4ksest\u00e4 valmistettu moottori<\/h2>\n<table style=\"width: 100%;\" border=\"1\" width=\"100%\" cellspacing=\"0\" cellpadding=\"0\">\n<tbody>\n<tr>\n<td style=\"width: 26.8899%;\" align=\"right\" width=\"64\" height=\"18\"><img loading=\"lazy\" decoding=\"async\" class=\"alignnone size-full wp-image-3507\" src=\"https:\/\/fmp-components.com\/wp-content\/uploads\/2025\/01\/ep_stainless-steel-motor-1.webp\" sizes=\"(max-width: 379px) 100vw, 379px\" srcset=\"https:\/\/fmp-components.com\/wp-content\/uploads\/2025\/01\/ep_stainless-steel-motor-1.webp 379w, https:\/\/fmp-components.com\/wp-content\/uploads\/2025\/01\/ep_stainless-steel-motor-1-300x200.webp 300w, https:\/\/fmp-components.com\/wp-content\/uploads\/2025\/01\/ep_stainless-steel-motor-1-18x12.webp 18w\" alt=\"ruostumattomasta ter\u00e4ksest\u00e4 valmistettu moottori\" width=\"379\" height=\"253\" title=\"\"><\/td>\n<td style=\"width: 26.9977%;\" align=\"right\" width=\"64\"><img loading=\"lazy\" decoding=\"async\" class=\"alignnone size-full wp-image-3508\" src=\"https:\/\/fmp-components.com\/wp-content\/uploads\/2025\/01\/ep_stainless-steel-motor-2-2.webp\" sizes=\"(max-width: 379px) 100vw, 379px\" srcset=\"https:\/\/fmp-components.com\/wp-content\/uploads\/2025\/01\/ep_stainless-steel-motor-2-2.webp 379w, https:\/\/fmp-components.com\/wp-content\/uploads\/2025\/01\/ep_stainless-steel-motor-2-2-300x200.webp 300w, https:\/\/fmp-components.com\/wp-content\/uploads\/2025\/01\/ep_stainless-steel-motor-2-2-18x12.webp 18w\" alt=\"ruostumattomasta ter\u00e4ksest\u00e4 valmistettu moottori\" width=\"379\" height=\"253\" title=\"\"><\/td>\n<td style=\"width: 23.2182%;\" align=\"right\" width=\"64\"><img loading=\"lazy\" decoding=\"async\" class=\"alignnone size-full wp-image-3509\" src=\"https:\/\/fmp-components.com\/wp-content\/uploads\/2025\/01\/ep_stainless-steel-motor-6.webp\" sizes=\"(max-width: 379px) 100vw, 379px\" srcset=\"https:\/\/fmp-components.com\/wp-content\/uploads\/2025\/01\/ep_stainless-steel-motor-6.webp 379w, https:\/\/fmp-components.com\/wp-content\/uploads\/2025\/01\/ep_stainless-steel-motor-6-300x200.webp 300w, https:\/\/fmp-components.com\/wp-content\/uploads\/2025\/01\/ep_stainless-steel-motor-6-18x12.webp 18w\" alt=\"ruostumattomasta ter\u00e4ksest\u00e4 valmistettu moottori\" width=\"379\" height=\"253\" title=\"\"><\/td>\n<td style=\"width: 22.6782%;\" align=\"right\" width=\"64\"><img loading=\"lazy\" decoding=\"async\" class=\"alignnone size-full wp-image-3510\" src=\"https:\/\/fmp-components.com\/wp-content\/uploads\/2025\/01\/ep_stainless-steel-motor-300x200-1.webp\" sizes=\"(max-width: 300px) 100vw, 300px\" srcset=\"https:\/\/fmp-components.com\/wp-content\/uploads\/2025\/01\/ep_stainless-steel-motor-300x200-1.webp 300w, https:\/\/fmp-components.com\/wp-content\/uploads\/2025\/01\/ep_stainless-steel-motor-300x200-1-18x12.webp 18w\" alt=\"ruostumattomasta ter\u00e4ksest\u00e4 valmistettu moottori\" width=\"300\" height=\"200\" title=\"\"><\/td>\n<\/tr>\n<tr>\n<td style=\"width: 26.8899%;\" align=\"right\" height=\"18\">Ruostumattomasta ter\u00e4ksest\u00e4 valmistettu kestomagneettimoottori<\/td>\n<td style=\"width: 26.9977%;\" align=\"right\">Vesij\u00e4\u00e4hdytteinen ruostumattomasta ter\u00e4ksest\u00e4 valmistettu moottori<\/td>\n<td style=\"width: 23.2182%;\" align=\"right\">Elintarviketeollisuuden s\u00e4hk\u00f6moottori<\/td>\n<td style=\"width: 22.6782%;\" align=\"right\">Ruostumattomasta ter\u00e4ksest\u00e4 valmistettu moottori<\/td>\n<\/tr>\n<tr>\n<td style=\"width: 26.8899%;\" align=\"right\" height=\"18\"><img loading=\"lazy\" decoding=\"async\" class=\"alignnone size-full wp-image-3511\" src=\"https:\/\/fmp-components.com\/wp-content\/uploads\/2025\/01\/ep_stainless-steel-motor-4.webp\" sizes=\"(max-width: 379px) 100vw, 379px\" srcset=\"https:\/\/fmp-components.com\/wp-content\/uploads\/2025\/01\/ep_stainless-steel-motor-4.webp 379w, https:\/\/fmp-components.com\/wp-content\/uploads\/2025\/01\/ep_stainless-steel-motor-4-300x200.webp 300w, https:\/\/fmp-components.com\/wp-content\/uploads\/2025\/01\/ep_stainless-steel-motor-4-18x12.webp 18w\" alt=\"ruostumattomasta ter\u00e4ksest\u00e4 valmistettu moottori\" width=\"379\" height=\"253\" title=\"\"><\/td>\n<td style=\"width: 26.9977%;\" align=\"right\"><img loading=\"lazy\" decoding=\"async\" class=\"alignnone size-full wp-image-3512\" src=\"https:\/\/fmp-components.com\/wp-content\/uploads\/2025\/01\/ep_stainless-steel-motor-3.webp\" sizes=\"(max-width: 379px) 100vw, 379px\" srcset=\"https:\/\/fmp-components.com\/wp-content\/uploads\/2025\/01\/ep_stainless-steel-motor-3.webp 379w, https:\/\/fmp-components.com\/wp-content\/uploads\/2025\/01\/ep_stainless-steel-motor-3-300x200.webp 300w, https:\/\/fmp-components.com\/wp-content\/uploads\/2025\/01\/ep_stainless-steel-motor-3-18x12.webp 18w\" alt=\"ruostumattomasta ter\u00e4ksest\u00e4 valmistettu moottori\" width=\"379\" height=\"253\" title=\"\"><\/td>\n<td style=\"width: 23.2182%;\" align=\"right\"><img loading=\"lazy\" decoding=\"async\" class=\"alignnone size-full wp-image-3513\" src=\"https:\/\/fmp-components.com\/wp-content\/uploads\/2025\/01\/ep_stainless-steel-motor-5.webp\" sizes=\"(max-width: 379px) 100vw, 379px\" srcset=\"https:\/\/fmp-components.com\/wp-content\/uploads\/2025\/01\/ep_stainless-steel-motor-5.webp 379w, https:\/\/fmp-components.com\/wp-content\/uploads\/2025\/01\/ep_stainless-steel-motor-5-300x200.webp 300w, https:\/\/fmp-components.com\/wp-content\/uploads\/2025\/01\/ep_stainless-steel-motor-5-18x12.webp 18w\" alt=\"ruostumattomasta ter\u00e4ksest\u00e4 valmistettu moottori\" width=\"379\" height=\"253\" title=\"\"><\/td>\n<td style=\"width: 22.6782%;\" align=\"right\"><img loading=\"lazy\" decoding=\"async\" class=\"alignnone size-full wp-image-3514\" src=\"https:\/\/fmp-components.com\/wp-content\/uploads\/2025\/01\/ep_stainless-steel-motor-6-1.webp\" sizes=\"(max-width: 379px) 100vw, 379px\" srcset=\"https:\/\/fmp-components.com\/wp-content\/uploads\/2025\/01\/ep_stainless-steel-motor-6-1.webp 379w, https:\/\/fmp-components.com\/wp-content\/uploads\/2025\/01\/ep_stainless-steel-motor-6-1-300x200.webp 300w, https:\/\/fmp-components.com\/wp-content\/uploads\/2025\/01\/ep_stainless-steel-motor-6-1-18x12.webp 18w\" alt=\"ruostumattomasta ter\u00e4ksest\u00e4 valmistettu moottori\" width=\"379\" height=\"253\" title=\"\"><\/td>\n<\/tr>\n<tr>\n<td style=\"width: 26.8899%;\" align=\"right\" height=\"18\">IEC-emulgoitujen elintarvikekoneiden vaihtovirtamoottori<\/td>\n<td style=\"width: 26.9977%;\" align=\"right\">NEMA 56C -asynkroninen moottori<\/td>\n<td style=\"width: 23.2182%;\" align=\"right\">IEC ruostumattomasta ter\u00e4ksest\u00e4 valmistettu vaihtovirtamoottori<\/td>\n<td style=\"width: 22.6782%;\">IEC-moottori, kokonaan ruostumattomasta ter\u00e4ksest\u00e4<\/td>\n<\/tr>\n<tr>\n<td style=\"width: 26.8899%;\" align=\"right\" width=\"64\" height=\"18\"><img loading=\"lazy\" decoding=\"async\" class=\"alignnone size-full wp-image-3515\" src=\"https:\/\/fmp-components.com\/wp-content\/uploads\/2025\/01\/ep_stainless-steel-motor-2.webp\" sizes=\"(max-width: 379px) 100vw, 379px\" srcset=\"https:\/\/fmp-components.com\/wp-content\/uploads\/2025\/01\/ep_stainless-steel-motor-2.webp 379w, https:\/\/fmp-components.com\/wp-content\/uploads\/2025\/01\/ep_stainless-steel-motor-2-300x200.webp 300w, https:\/\/fmp-components.com\/wp-content\/uploads\/2025\/01\/ep_stainless-steel-motor-2-18x12.webp 18w\" alt=\"ruostumattomasta ter\u00e4ksest\u00e4 valmistettu moottori\" width=\"379\" height=\"253\" title=\"\"><\/td>\n<td style=\"width: 26.9977%;\" align=\"right\" width=\"64\"><img loading=\"lazy\" decoding=\"async\" class=\"alignnone size-full wp-image-3516\" src=\"https:\/\/fmp-components.com\/wp-content\/uploads\/2025\/01\/ep_stainless-steel-motor-8.webp\" sizes=\"(max-width: 379px) 100vw, 379px\" srcset=\"https:\/\/fmp-components.com\/wp-content\/uploads\/2025\/01\/ep_stainless-steel-motor-8.webp 379w, https:\/\/fmp-components.com\/wp-content\/uploads\/2025\/01\/ep_stainless-steel-motor-8-300x200.webp 300w, https:\/\/fmp-components.com\/wp-content\/uploads\/2025\/01\/ep_stainless-steel-motor-8-18x12.webp 18w\" alt=\"ruostumattomasta ter\u00e4ksest\u00e4 valmistettu moottori\" width=\"379\" height=\"253\" title=\"\"><\/td>\n<td style=\"width: 23.2182%;\" align=\"right\" width=\"64\"><img loading=\"lazy\" decoding=\"async\" class=\"alignnone size-full wp-image-3517\" src=\"https:\/\/fmp-components.com\/wp-content\/uploads\/2025\/01\/ep_stainless-steel-motor-7.webp\" sizes=\"(max-width: 379px) 100vw, 379px\" srcset=\"https:\/\/fmp-components.com\/wp-content\/uploads\/2025\/01\/ep_stainless-steel-motor-7.webp 379w, https:\/\/fmp-components.com\/wp-content\/uploads\/2025\/01\/ep_stainless-steel-motor-7-300x200.webp 300w, https:\/\/fmp-components.com\/wp-content\/uploads\/2025\/01\/ep_stainless-steel-motor-7-18x12.webp 18w\" alt=\"ruostumattomasta ter\u00e4ksest\u00e4 valmistettu moottori\" width=\"379\" height=\"253\" title=\"\"><\/td>\n<td style=\"width: 22.6782%;\" align=\"right\" width=\"64\"><\/td>\n<\/tr>\n<tr>\n<td style=\"width: 26.8899%;\" align=\"right\" height=\"18\">Kanan ja ankan karvanpoistolaitteiden moottori<\/td>\n<td style=\"width: 26.9977%;\" align=\"right\">NEMA-elintarvikelaatuinen ruostumattomasta ter\u00e4ksest\u00e4 valmistettu moottori<\/td>\n<td style=\"width: 23.2182%;\" align=\"right\">Elintarvikelaatuinen IEC-ruostumattomasta ter\u00e4ksest\u00e4 valmistettu moottori<\/td>\n<td style=\"width: 22.6782%;\" align=\"right\"><\/td>\n<\/tr>\n<\/tbody>\n<\/table>\n<h2>Tietoja FMP:st\u00e4<\/h2>\n<p>FMP on kansallinen korkean teknologian yritys, joka on erikoistunut edistyneiden moottoreiden ja s\u00e4hk\u00f6mekaanisten ratkaisujen suunnitteluun, kehitt\u00e4miseen ja tuotantoon. Keskitymme YE2-, YE3- ja YE4-sarjojen moottoreiden sek\u00e4 useiden johdannaistuotteiden valmistukseen. Tuotevalikoimaamme kuuluvat my\u00f6s kolmivaiheiset ja yksivaiheiset moottorit hydrauliikkapumpuille, alumiinikotelomoottorit, ep\u00e4standardit moottorit hydrauliikkapumpuille, s\u00e4hk\u00f6mekaanisesti integroidut turbiinivaihteistot ja muut erikoismoottorit.<\/p>\n<p>FMP:n tuotteita k\u00e4ytet\u00e4\u00e4n laajasti teollisuusautomaatiossa, ja ne palvelevat keskeisi\u00e4 sektoreita, kuten CNC-sorveja, kenk\u00e4koneita, puunty\u00f6st\u00f6koneita, metallinty\u00f6st\u00f6koneita, muovikoneita ja rakennuskoneita. Vahvalla sitoutumisellaan innovaatioihin ja laatuun FMP varmistaa, ett\u00e4 kaikki tuotteet t\u00e4ytt\u00e4v\u00e4t korkeimmat suorituskykystandardit.<\/p>\n<p>Kattavan tuotevalikoimamme lis\u00e4ksi tarjoamme ylpe\u00e4n\u00e4 r\u00e4\u00e4t\u00e4l\u00f6ityj\u00e4 ratkaisuja asiakkaidemme erityistarpeisiin. Tarvitsetpa sitten erikoismoottoreita, ep\u00e4standardituotteita tai integroituja j\u00e4rjestelmi\u00e4, FMP tekee tiivist\u00e4 yhteisty\u00f6t\u00e4 asiakkaiden kanssa toimittaakseen korkealaatuisia, r\u00e4\u00e4t\u00e4l\u00f6ityj\u00e4 ratkaisuja. Keskittymisemme tarkkuustekniikkaan ja asiakastyytyv\u00e4isyyteen vauhdittaa jatkuvaa menestyst\u00e4mme globaaleilla markkinoilla.<\/p>\n<p>FMP:ll\u00e4 olemme sitoutuneet rakentamaan pitk\u00e4aikaisia, molempia osapuolia hy\u00f6dytt\u00e4vi\u00e4 kumppanuuksia ja tukemaan asiakkaidemme menestyst\u00e4 jokaisessa projektissa.<\/p>\n<table style=\"width: 100.629%;\" border=\"0\" width=\"128\" cellspacing=\"0\" cellpadding=\"0\">\n<tbody>\n<tr>\n<td style=\"width: 49.2308%;\" align=\"right\" width=\"64\" height=\"18\"><img loading=\"lazy\" decoding=\"async\" class=\"alignnone size-full wp-image-3398\" src=\"https:\/\/fmp-components.com\/wp-content\/uploads\/2025\/01\/Three-Phase-Motor-Factory.webp\" sizes=\"(min-width: 0px) and (max-width: 480px) 480px, (min-width: 481px) 900px, 100vw\" srcset=\"https:\/\/fmp-components.com\/wp-content\/uploads\/2025\/01\/Three-Phase-Motor-Factory.webp 900w, https:\/\/fmp-components.com\/wp-content\/uploads\/2025\/01\/Three-Phase-Motor-Factory-480x320.webp 480w\" alt=\"Kolmivaihemoottoritehdas\" width=\"900\" height=\"600\" title=\"\"><\/td>\n<td style=\"width: 659.231%;\" align=\"right\" width=\"64\"><img loading=\"lazy\" decoding=\"async\" class=\"alignnone size-full wp-image-3399\" src=\"https:\/\/fmp-components.com\/wp-content\/uploads\/2025\/01\/Three-Phase-Motor-Factory-2.webp\" sizes=\"(min-width: 0px) and (max-width: 480px) 480px, (min-width: 481px) 900px, 100vw\" srcset=\"https:\/\/fmp-components.com\/wp-content\/uploads\/2025\/01\/Three-Phase-Motor-Factory-2.webp 900w, https:\/\/fmp-components.com\/wp-content\/uploads\/2025\/01\/Three-Phase-Motor-Factory-2-480x320.webp 480w\" alt=\"Kolmivaihemoottoritehdas-2\" width=\"900\" height=\"600\" title=\"\"><\/td>\n<\/tr>\n<tr>\n<td style=\"width: 49.2308%;\" align=\"right\" height=\"18\"><img loading=\"lazy\" decoding=\"async\" class=\"alignnone size-full wp-image-3400\" src=\"https:\/\/fmp-components.com\/wp-content\/uploads\/2025\/01\/China-Three-Phase-Motor-Factory-1.webp\" sizes=\"(min-width: 0px) and (max-width: 480px) 480px, (min-width: 481px) 900px, 100vw\" srcset=\"https:\/\/fmp-components.com\/wp-content\/uploads\/2025\/01\/China-Three-Phase-Motor-Factory-1.webp 900w, https:\/\/fmp-components.com\/wp-content\/uploads\/2025\/01\/China-Three-Phase-Motor-Factory-1-480x320.webp 480w\" alt=\"Kolmivaihemoottoritehdas-1\" width=\"900\" height=\"600\" title=\"\"><\/td>\n<td style=\"width: 659.231%;\" align=\"right\"><img loading=\"lazy\" decoding=\"async\" class=\"alignnone size-full wp-image-3401\" src=\"https:\/\/fmp-components.com\/wp-content\/uploads\/2025\/01\/Three-Phase-Motor-Factory-3.webp\" sizes=\"(min-width: 0px) and (max-width: 480px) 480px, (min-width: 481px) 900px, 100vw\" srcset=\"https:\/\/fmp-components.com\/wp-content\/uploads\/2025\/01\/Three-Phase-Motor-Factory-3.webp 900w, https:\/\/fmp-components.com\/wp-content\/uploads\/2025\/01\/Three-Phase-Motor-Factory-3-480x320.webp 480w\" alt=\"Kolmivaihemoottoritehdas-3\" width=\"900\" height=\"600\" title=\"\"><\/td>\n<\/tr>\n<tr>\n<td style=\"width: 49.2308%;\"><img loading=\"lazy\" decoding=\"async\" class=\"alignnone size-full wp-image-3471\" src=\"https:\/\/fmp-components.com\/wp-content\/uploads\/2025\/01\/Single-Phase-Induction-Motor-Suppliers.webp\" sizes=\"(min-width: 0px) and (max-width: 480px) 480px, (min-width: 481px) 900px, 100vw\" srcset=\"https:\/\/fmp-components.com\/wp-content\/uploads\/2025\/01\/Single-Phase-Induction-Motor-Suppliers.webp 900w, https:\/\/fmp-components.com\/wp-content\/uploads\/2025\/01\/Single-Phase-Induction-Motor-Suppliers-480x320.webp 480w\" alt=\"Yksivaiheisten induktiomoottorien toimittajat\" width=\"900\" height=\"600\" title=\"\"><\/td>\n<td style=\"width: 659.231%;\"><img loading=\"lazy\" decoding=\"async\" class=\"alignnone size-full wp-image-3470\" src=\"https:\/\/fmp-components.com\/wp-content\/uploads\/2025\/01\/Single-Phase-Induction-Motor-Manufacturers-1.webp\" sizes=\"(min-width: 0px) and (max-width: 480px) 480px, (min-width: 481px) 900px, 100vw\" srcset=\"https:\/\/fmp-components.com\/wp-content\/uploads\/2025\/01\/Single-Phase-Induction-Motor-Manufacturers-1.webp 900w, https:\/\/fmp-components.com\/wp-content\/uploads\/2025\/01\/Single-Phase-Induction-Motor-Manufacturers-1-480x320.webp 480w\" alt=\"Yksivaiheisten induktiomoottorien valmistajat-1\" width=\"900\" height=\"600\" title=\"\"><\/td>\n<\/tr>\n<tr>\n<td style=\"width: 49.2308%;\"><img loading=\"lazy\" decoding=\"async\" class=\"alignnone size-full wp-image-3472\" src=\"https:\/\/fmp-components.com\/wp-content\/uploads\/2025\/01\/Single-Phase-Induction-Motor-Manufacturers.webp\" sizes=\"(min-width: 0px) and (max-width: 480px) 480px, (min-width: 481px) 900px, 100vw\" srcset=\"https:\/\/fmp-components.com\/wp-content\/uploads\/2025\/01\/Single-Phase-Induction-Motor-Manufacturers.webp 900w, https:\/\/fmp-components.com\/wp-content\/uploads\/2025\/01\/Single-Phase-Induction-Motor-Manufacturers-480x320.webp 480w\" alt=\"Yksivaiheisten induktiomoottorien valmistajat\" width=\"900\" height=\"600\" title=\"\"><\/td>\n<td style=\"width: 659.231%;\"><img loading=\"lazy\" decoding=\"async\" class=\"alignnone size-full wp-image-3473\" src=\"https:\/\/fmp-components.com\/wp-content\/uploads\/2025\/01\/Single-Phase-Induction-Motor-for-Sale.webp\" sizes=\"(min-width: 0px) and (max-width: 480px) 480px, (min-width: 481px) 900px, 100vw\" srcset=\"https:\/\/fmp-components.com\/wp-content\/uploads\/2025\/01\/Single-Phase-Induction-Motor-for-Sale.webp 900w, https:\/\/fmp-components.com\/wp-content\/uploads\/2025\/01\/Single-Phase-Induction-Motor-for-Sale-480x320.webp 480w\" alt=\"Yksivaiheinen-induktiomoottori-myyt\u00e4v\u00e4n\u00e4\" width=\"900\" height=\"600\" title=\"\"><\/td>\n<\/tr>\n<\/tbody>\n<\/table>\n<p>Tekij\u00e4: CX<\/p>\n<p>&nbsp;<\/p>","protected":false},"excerpt":{"rendered":"<p>Frame Type Poles A A\/2 B C D E F G H K P Shaft Hole AB AC AD 63 2, 4 100 50 80 40 11 23 23 8.5 63 7 114 M4 125 114 117 71 2,4,6 112 56 90 45 14 30 30 11 71 7 134 M5 140 134 129 80 [&hellip;]<\/p>","protected":false},"featured_media":3559,"comment_status":"open","ping_status":"closed","template":"","meta":{"_et_pb_use_builder":"","_et_pb_old_content":"","_et_gb_content_width":""},"product_brand":[],"product_cat":[88],"product_tag":[],"class_list":{"0":"post-3558","1":"product","2":"type-product","3":"status-publish","4":"has-post-thumbnail","6":"product_cat-stainless-steel-motors","8":"first","9":"instock","10":"shipping-taxable","11":"product-type-simple"},"_links":{"self":[{"href":"https:\/\/fmp-components.com\/fi\/wp-json\/wp\/v2\/product\/3558","targetHints":{"allow":["GET"]}}],"collection":[{"href":"https:\/\/fmp-components.com\/fi\/wp-json\/wp\/v2\/product"}],"about":[{"href":"https:\/\/fmp-components.com\/fi\/wp-json\/wp\/v2\/types\/product"}],"replies":[{"embeddable":true,"href":"https:\/\/fmp-components.com\/fi\/wp-json\/wp\/v2\/comments?post=3558"}],"wp:featuredmedia":[{"embeddable":true,"href":"https:\/\/fmp-components.com\/fi\/wp-json\/wp\/v2\/media\/3559"}],"wp:attachment":[{"href":"https:\/\/fmp-components.com\/fi\/wp-json\/wp\/v2\/media?parent=3558"}],"wp:term":[{"taxonomy":"product_brand","embeddable":true,"href":"https:\/\/fmp-components.com\/fi\/wp-json\/wp\/v2\/product_brand?post=3558"},{"taxonomy":"product_cat","embeddable":true,"href":"https:\/\/fmp-components.com\/fi\/wp-json\/wp\/v2\/product_cat?post=3558"},{"taxonomy":"product_tag","embeddable":true,"href":"https:\/\/fmp-components.com\/fi\/wp-json\/wp\/v2\/product_tag?post=3558"}],"curies":[{"name":"wp","href":"https:\/\/api.w.org\/{rel}","templated":true}]}}