{"id":3548,"date":"2025-01-08T05:13:09","date_gmt":"2025-01-08T05:13:09","guid":{"rendered":"https:\/\/fmp-components.com\/?page_id=8"},"modified":"2025-01-08T05:13:10","modified_gmt":"2025-01-08T05:13:10","slug":"iec-motor-b5t-flange-mounted-stainless-steel-motor-tenv-replacement-of-sew-motor","status":"publish","type":"product","link":"https:\/\/fmp-components.com\/fi\/product\/iec-motor-b5t-flange-mounted-stainless-steel-motor-tenv-replacement-of-sew-motor\/","title":{"rendered":"IEC-moottori B5T Laippakiinnitteinen ruostumattomasta ter\u00e4ksest\u00e4 valmistettu moottori TENV SEW-moottorin korvaaja"},"content":{"rendered":"<p><img loading=\"lazy\" decoding=\"async\" class=\"alignnone size-full wp-image-3539\" src=\"https:\/\/fmp-components.com\/wp-content\/uploads\/2025\/01\/fmp_0.stainless-steel-motor-2.webp\" alt=\"fmp_0.ruostumattomasta ter\u00e4ksest\u00e4 valmistettu moottori-2\" width=\"1579\" height=\"608\" title=\"\" srcset=\"https:\/\/fmp-components.com\/wp-content\/uploads\/2025\/01\/fmp_0.stainless-steel-motor-2.webp 1579w, https:\/\/fmp-components.com\/wp-content\/uploads\/2025\/01\/fmp_0.stainless-steel-motor-2-1280x493.webp 1280w, https:\/\/fmp-components.com\/wp-content\/uploads\/2025\/01\/fmp_0.stainless-steel-motor-2-980x377.webp 980w, https:\/\/fmp-components.com\/wp-content\/uploads\/2025\/01\/fmp_0.stainless-steel-motor-2-480x185.webp 480w\" sizes=\"(min-width: 0px) and (max-width: 480px) 480px, (min-width: 481px) and (max-width: 980px) 980px, (min-width: 981px) and (max-width: 1280px) 1280px, (min-width: 1281px) 1579px, 100vw\" \/><\/p>\n<p><span style=\"font-size: 18pt;\">IEC Motors B5T -laippakiinnityksell\u00e4 varustetut ruostumattomasta ter\u00e4ksest\u00e4 valmistetut moottorit \u2013 TENV-korvaaja SEW-moottorit<\/span><\/p>\n<p>FMP:n standardin mukaiset ruostumattomasta ter\u00e4ksest\u00e4 valmistetut pesumoottorit on suunniteltu t\u00e4ytt\u00e4m\u00e4\u00e4n nykyp\u00e4iv\u00e4n elintarvike-, l\u00e4\u00e4ke-, pakkaus- ja juomateollisuuden \u00e4\u00e4rimm\u00e4iset ja tiukat hygieniavaatimukset. FMP:n elintarviketurvalliset ruostumattomasta ter\u00e4ksest\u00e4 valmistetut moottorit on testattu korkeapaineh\u00f6yryll\u00e4 ja vedell\u00e4 tiukkojen IP69K-luokitusten mukaisesti. Ne tarjoavat pitk\u00e4aikaisen suojan \u00e4\u00e4rimm\u00e4isimmiss\u00e4kin sy\u00f6vytt\u00e4viss\u00e4 pesuymp\u00e4rist\u00f6iss\u00e4 ja s\u00e4ilytt\u00e4v\u00e4t samalla hygieniatason varmistaakseen, ettei elintarviketurvallisuus vaarannu.<\/p>\n<p><img loading=\"lazy\" decoding=\"async\" class=\"alignnone  wp-image-3549\" src=\"https:\/\/fmp-components.com\/wp-content\/uploads\/2025\/01\/fmp_4.stainless-steel-motor-2.webp\" alt=\"fmp_4.ruostumattomasta ter\u00e4ksest\u00e4 valmistettu moottori-2\" width=\"917\" height=\"431\" title=\"\" srcset=\"https:\/\/fmp-components.com\/wp-content\/uploads\/2025\/01\/fmp_4.stainless-steel-motor-2.webp 400w, https:\/\/fmp-components.com\/wp-content\/uploads\/2025\/01\/fmp_4.stainless-steel-motor-2-300x141.webp 300w, https:\/\/fmp-components.com\/wp-content\/uploads\/2025\/01\/fmp_4.stainless-steel-motor-2-18x8.webp 18w\" sizes=\"(max-width: 917px) 100vw, 917px\" \/><\/p>\n<table style=\"width: 100.22%; height: 109px;\" border=\"1\">\n<tbody>\n<tr>\n<td>Kehyksen tyyppi<\/td>\n<td>laippa<br \/>\ntyyppi<\/td>\n<td>puolalaiset<\/td>\n<td>D<\/td>\n<td>E<\/td>\n<td>F<\/td>\n<td>G<\/td>\n<td>M<\/td>\n<td>N<\/td>\n<td>P<\/td>\n<td>R<\/td>\n<td>S<\/td>\n<td>T<\/td>\n<td>laippa<br \/>\nReik\u00e4<\/td>\n<td>Ilmastointilaite<\/td>\n<td>ILMOITUS<\/td>\n<\/tr>\n<tr>\n<td>71<\/td>\n<td>B5T<\/td>\n<td>4<\/td>\n<td>10<\/td>\n<td>35<\/td>\n<td>2<\/td>\n<td>8.6<\/td>\n<td>100<\/td>\n<td>80<\/td>\n<td>120<\/td>\n<td>16.5<\/td>\n<td>7<\/td>\n<td>3<\/td>\n<td>4<\/td>\n<td>134<\/td>\n<td>129<\/td>\n<\/tr>\n<tr>\n<td>80<\/td>\n<td>B5T<\/td>\n<td>4<\/td>\n<td>12<\/td>\n<td>35<\/td>\n<td>3<\/td>\n<td>10<\/td>\n<td>100<\/td>\n<td>80<\/td>\n<td>120<\/td>\n<td>14.5<\/td>\n<td>7<\/td>\n<td>3<\/td>\n<td>4<\/td>\n<td>134<\/td>\n<td>135<\/td>\n<\/tr>\n<\/tbody>\n<\/table>\n<h2>IEC-moottori B5T Laippakiinnitteinen ruostumattomasta ter\u00e4ksest\u00e4 valmistettu moottori<\/h2>\n<ol>\n<li><strong>Korroosionkest\u00e4v\u00e4 rakenne<\/strong><br \/>\nIEC B5T -laippakiinnitteinen ruostumattomasta ter\u00e4ksest\u00e4 valmistettu moottori on valmistettu korkealaatuisesta ruostumattomasta ter\u00e4ksest\u00e4, mik\u00e4 varmistaa erinomaisen korroosion-, ruosteen- ja kulumiskest\u00e4vyyden. T\u00e4m\u00e4 tekee siit\u00e4 ihanteellisen k\u00e4ytett\u00e4v\u00e4ksi vaativissa ymp\u00e4rist\u00f6iss\u00e4, kuten elintarvike-, l\u00e4\u00e4ke- ja kemianteollisuudessa, joissa altistuminen kosteudelle ja aggressiivisille aineille on yleist\u00e4.<\/li>\n<li><strong>Laippakiinnitys helppoa asennusta varten<\/strong><br \/>\nMoottori on suunniteltu B5T-laippakiinnityksell\u00e4, mik\u00e4 tarjoaa helpon ja turvallisen asennuksen koneisiin. T\u00e4m\u00e4 kiinnitystapa mahdollistaa kompaktin integroinnin olemassa oleviin j\u00e4rjestelmiin, mik\u00e4 v\u00e4hent\u00e4\u00e4 lis\u00e4tukirakenteiden tai monimutkaisten asennusmenetelmien tarvetta.<\/li>\n<li><strong>Hygieeninen ja helposti puhdistettava pinta<\/strong><br \/>\nSile\u00e4n ja saumattoman pinnan ansiosta moottori on helppo puhdistaa ja huoltaa. Siin\u00e4 ei ole n\u00e4kyvi\u00e4 rakoja tai liitoksia, joihin lika, p\u00f6ly tai ruokaj\u00e4\u00e4m\u00e4t voisivat ker\u00e4\u00e4nty\u00e4, joten se sopii saniteettisovelluksiin, joissa hygienia on etusijalla. Moottorin rakenne auttaa est\u00e4m\u00e4\u00e4n kontaminaatiota ja varmistaa korkean puhtaustason.<\/li>\n<li><strong>IP69K-suojausluokitus<\/strong><br \/>\nT\u00e4ss\u00e4 moottorissa on IP69K-suojausluokitus, joka tarjoaa erinomaisen suojan vedelt\u00e4 ja p\u00f6lylt\u00e4. Moottori kest\u00e4\u00e4 korkeapainevesisuihkuja, joten se sopii erinomaisesti pesuymp\u00e4rist\u00f6ihin, joissa vaaditaan usein puhdistusta vedell\u00e4 ja voimakkailla kemikaaleilla.<\/li>\n<li><strong>Tehokas suorituskyky<\/strong><br \/>\nRuostumattomasta ter\u00e4ksest\u00e4 valmistettu moottori t\u00e4ytt\u00e4\u00e4 korkeat hy\u00f6tysuhdestandardit varmistaen optimaalisen suorituskyvyn ja v\u00e4hent\u00e4en samalla energiankulutusta. Sen tarkasti suunnitellut komponentit ja tehokas l\u00e4mm\u00f6nhallintaj\u00e4rjestelm\u00e4 auttavat minimoimaan l\u00e4mm\u00f6n kertymisen, mik\u00e4 varmistaa pitk\u00e4ik\u00e4isen ja luotettavan toiminnan.<\/li>\n<\/ol>\n<p>N\u00e4iden ominaisuuksien ansiosta IEC B5T -laippakiinnitteinen ruostumattomasta ter\u00e4ksest\u00e4 valmistettu moottori on ihanteellinen valinta sovelluksiin, jotka vaativat kest\u00e4vyytt\u00e4, hygieniaa ja korkeaa suorituskyky\u00e4 vaativissa teollisuusymp\u00e4rist\u00f6iss\u00e4.<\/p>\n<h2>Liittyv\u00e4 ruostumattomasta ter\u00e4ksest\u00e4 valmistettu moottori<\/h2>\n<table style=\"width: 100%;\" border=\"1\" width=\"100%\" cellspacing=\"0\" cellpadding=\"0\">\n<tbody>\n<tr>\n<td style=\"width: 25.8099%;\" align=\"right\" width=\"64\" height=\"18\"><img loading=\"lazy\" decoding=\"async\" class=\"alignnone size-full wp-image-3507\" src=\"https:\/\/fmp-components.com\/wp-content\/uploads\/2025\/01\/ep_stainless-steel-motor-1.webp\" sizes=\"(max-width: 379px) 100vw, 379px\" srcset=\"https:\/\/fmp-components.com\/wp-content\/uploads\/2025\/01\/ep_stainless-steel-motor-1.webp 379w, https:\/\/fmp-components.com\/wp-content\/uploads\/2025\/01\/ep_stainless-steel-motor-1-300x200.webp 300w, https:\/\/fmp-components.com\/wp-content\/uploads\/2025\/01\/ep_stainless-steel-motor-1-18x12.webp 18w\" alt=\"ruostumattomasta ter\u00e4ksest\u00e4 valmistettu moottori\" width=\"379\" height=\"253\" title=\"\"><\/td>\n<td style=\"width: 26.134%;\" align=\"right\" width=\"64\"><img loading=\"lazy\" decoding=\"async\" class=\"alignnone size-full wp-image-3508\" src=\"https:\/\/fmp-components.com\/wp-content\/uploads\/2025\/01\/ep_stainless-steel-motor-2-2.webp\" sizes=\"(max-width: 379px) 100vw, 379px\" srcset=\"https:\/\/fmp-components.com\/wp-content\/uploads\/2025\/01\/ep_stainless-steel-motor-2-2.webp 379w, https:\/\/fmp-components.com\/wp-content\/uploads\/2025\/01\/ep_stainless-steel-motor-2-2-300x200.webp 300w, https:\/\/fmp-components.com\/wp-content\/uploads\/2025\/01\/ep_stainless-steel-motor-2-2-18x12.webp 18w\" alt=\"ruostumattomasta ter\u00e4ksest\u00e4 valmistettu moottori\" width=\"379\" height=\"253\" title=\"\"><\/td>\n<td style=\"width: 25.162%;\" align=\"right\" width=\"64\"><img loading=\"lazy\" decoding=\"async\" class=\"alignnone size-full wp-image-3509\" src=\"https:\/\/fmp-components.com\/wp-content\/uploads\/2025\/01\/ep_stainless-steel-motor-6.webp\" sizes=\"(max-width: 379px) 100vw, 379px\" srcset=\"https:\/\/fmp-components.com\/wp-content\/uploads\/2025\/01\/ep_stainless-steel-motor-6.webp 379w, https:\/\/fmp-components.com\/wp-content\/uploads\/2025\/01\/ep_stainless-steel-motor-6-300x200.webp 300w, https:\/\/fmp-components.com\/wp-content\/uploads\/2025\/01\/ep_stainless-steel-motor-6-18x12.webp 18w\" alt=\"ruostumattomasta ter\u00e4ksest\u00e4 valmistettu moottori\" width=\"379\" height=\"253\" title=\"\"><\/td>\n<td style=\"width: 22.6782%;\" align=\"right\" width=\"64\"><img loading=\"lazy\" decoding=\"async\" class=\"alignnone size-full wp-image-3510\" src=\"https:\/\/fmp-components.com\/wp-content\/uploads\/2025\/01\/ep_stainless-steel-motor-300x200-1.webp\" sizes=\"(max-width: 300px) 100vw, 300px\" srcset=\"https:\/\/fmp-components.com\/wp-content\/uploads\/2025\/01\/ep_stainless-steel-motor-300x200-1.webp 300w, https:\/\/fmp-components.com\/wp-content\/uploads\/2025\/01\/ep_stainless-steel-motor-300x200-1-18x12.webp 18w\" alt=\"ruostumattomasta ter\u00e4ksest\u00e4 valmistettu moottori\" width=\"300\" height=\"200\" title=\"\"><\/td>\n<\/tr>\n<tr>\n<td style=\"width: 25.8099%;\" align=\"right\" height=\"18\">Ruostumattomasta ter\u00e4ksest\u00e4 valmistettu kestomagneettimoottori<\/td>\n<td style=\"width: 26.134%;\" align=\"right\">Vesij\u00e4\u00e4hdytteinen ruostumattomasta ter\u00e4ksest\u00e4 valmistettu moottori<\/td>\n<td style=\"width: 25.162%;\" align=\"right\">Elintarviketeollisuuden s\u00e4hk\u00f6moottori<\/td>\n<td style=\"width: 22.6782%;\" align=\"right\">Ruostumattomasta ter\u00e4ksest\u00e4 valmistettu moottori<\/td>\n<\/tr>\n<tr>\n<td style=\"width: 25.8099%;\" align=\"right\" height=\"18\"><img loading=\"lazy\" decoding=\"async\" class=\"alignnone size-full wp-image-3511\" src=\"https:\/\/fmp-components.com\/wp-content\/uploads\/2025\/01\/ep_stainless-steel-motor-4.webp\" sizes=\"(max-width: 379px) 100vw, 379px\" srcset=\"https:\/\/fmp-components.com\/wp-content\/uploads\/2025\/01\/ep_stainless-steel-motor-4.webp 379w, https:\/\/fmp-components.com\/wp-content\/uploads\/2025\/01\/ep_stainless-steel-motor-4-300x200.webp 300w, https:\/\/fmp-components.com\/wp-content\/uploads\/2025\/01\/ep_stainless-steel-motor-4-18x12.webp 18w\" alt=\"ruostumattomasta ter\u00e4ksest\u00e4 valmistettu moottori\" width=\"379\" height=\"253\" title=\"\"><\/td>\n<td style=\"width: 26.134%;\" align=\"right\"><img loading=\"lazy\" decoding=\"async\" class=\"alignnone size-full wp-image-3512\" src=\"https:\/\/fmp-components.com\/wp-content\/uploads\/2025\/01\/ep_stainless-steel-motor-3.webp\" sizes=\"(max-width: 379px) 100vw, 379px\" srcset=\"https:\/\/fmp-components.com\/wp-content\/uploads\/2025\/01\/ep_stainless-steel-motor-3.webp 379w, https:\/\/fmp-components.com\/wp-content\/uploads\/2025\/01\/ep_stainless-steel-motor-3-300x200.webp 300w, https:\/\/fmp-components.com\/wp-content\/uploads\/2025\/01\/ep_stainless-steel-motor-3-18x12.webp 18w\" alt=\"ruostumattomasta ter\u00e4ksest\u00e4 valmistettu moottori\" width=\"379\" height=\"253\" title=\"\"><\/td>\n<td style=\"width: 25.162%;\" align=\"right\"><img loading=\"lazy\" decoding=\"async\" class=\"alignnone size-full wp-image-3513\" src=\"https:\/\/fmp-components.com\/wp-content\/uploads\/2025\/01\/ep_stainless-steel-motor-5.webp\" sizes=\"(max-width: 379px) 100vw, 379px\" srcset=\"https:\/\/fmp-components.com\/wp-content\/uploads\/2025\/01\/ep_stainless-steel-motor-5.webp 379w, https:\/\/fmp-components.com\/wp-content\/uploads\/2025\/01\/ep_stainless-steel-motor-5-300x200.webp 300w, https:\/\/fmp-components.com\/wp-content\/uploads\/2025\/01\/ep_stainless-steel-motor-5-18x12.webp 18w\" alt=\"ruostumattomasta ter\u00e4ksest\u00e4 valmistettu moottori\" width=\"379\" height=\"253\" title=\"\"><\/td>\n<td style=\"width: 22.6782%;\" align=\"right\"><img loading=\"lazy\" decoding=\"async\" class=\"alignnone wp-image-3514\" src=\"https:\/\/fmp-components.com\/wp-content\/uploads\/2025\/01\/ep_stainless-steel-motor-6-1.webp\" sizes=\"(max-width: 379px) 100vw, 379px\" srcset=\"https:\/\/fmp-components.com\/wp-content\/uploads\/2025\/01\/ep_stainless-steel-motor-6-1.webp 379w, https:\/\/fmp-components.com\/wp-content\/uploads\/2025\/01\/ep_stainless-steel-motor-6-1-300x200.webp 300w, https:\/\/fmp-components.com\/wp-content\/uploads\/2025\/01\/ep_stainless-steel-motor-6-1-18x12.webp 18w\" alt=\"ruostumattomasta ter\u00e4ksest\u00e4 valmistettu moottori\" width=\"220\" height=\"147\" title=\"\"><\/td>\n<\/tr>\n<tr>\n<td style=\"width: 25.8099%;\" align=\"right\" height=\"18\">IEC-emulgoitujen elintarvikekoneiden vaihtovirtamoottori<\/td>\n<td style=\"width: 26.134%;\" align=\"right\">NEMA 56C -asynkroninen moottori<\/td>\n<td style=\"width: 25.162%;\" align=\"right\">IEC ruostumattomasta ter\u00e4ksest\u00e4 valmistettu vaihtovirtamoottori<\/td>\n<td style=\"width: 22.6782%;\">IEC-moottori, kokonaan ruostumattomasta ter\u00e4ksest\u00e4<\/td>\n<\/tr>\n<tr>\n<td style=\"width: 25.8099%;\" align=\"right\" width=\"64\" height=\"18\"><img loading=\"lazy\" decoding=\"async\" class=\"alignnone size-full wp-image-3515\" src=\"https:\/\/fmp-components.com\/wp-content\/uploads\/2025\/01\/ep_stainless-steel-motor-2.webp\" sizes=\"(max-width: 379px) 100vw, 379px\" srcset=\"https:\/\/fmp-components.com\/wp-content\/uploads\/2025\/01\/ep_stainless-steel-motor-2.webp 379w, https:\/\/fmp-components.com\/wp-content\/uploads\/2025\/01\/ep_stainless-steel-motor-2-300x200.webp 300w, https:\/\/fmp-components.com\/wp-content\/uploads\/2025\/01\/ep_stainless-steel-motor-2-18x12.webp 18w\" alt=\"ruostumattomasta ter\u00e4ksest\u00e4 valmistettu moottori\" width=\"379\" height=\"253\" title=\"\"><\/td>\n<td style=\"width: 26.134%;\" align=\"right\" width=\"64\"><img loading=\"lazy\" decoding=\"async\" class=\"alignnone size-full wp-image-3516\" src=\"https:\/\/fmp-components.com\/wp-content\/uploads\/2025\/01\/ep_stainless-steel-motor-8.webp\" sizes=\"(max-width: 379px) 100vw, 379px\" srcset=\"https:\/\/fmp-components.com\/wp-content\/uploads\/2025\/01\/ep_stainless-steel-motor-8.webp 379w, https:\/\/fmp-components.com\/wp-content\/uploads\/2025\/01\/ep_stainless-steel-motor-8-300x200.webp 300w, https:\/\/fmp-components.com\/wp-content\/uploads\/2025\/01\/ep_stainless-steel-motor-8-18x12.webp 18w\" alt=\"ruostumattomasta ter\u00e4ksest\u00e4 valmistettu moottori\" width=\"379\" height=\"253\" title=\"\"><\/td>\n<td style=\"width: 25.162%;\" align=\"right\" width=\"64\"><img loading=\"lazy\" decoding=\"async\" class=\"alignnone size-full wp-image-3517\" src=\"https:\/\/fmp-components.com\/wp-content\/uploads\/2025\/01\/ep_stainless-steel-motor-7.webp\" sizes=\"(max-width: 379px) 100vw, 379px\" srcset=\"https:\/\/fmp-components.com\/wp-content\/uploads\/2025\/01\/ep_stainless-steel-motor-7.webp 379w, https:\/\/fmp-components.com\/wp-content\/uploads\/2025\/01\/ep_stainless-steel-motor-7-300x200.webp 300w, https:\/\/fmp-components.com\/wp-content\/uploads\/2025\/01\/ep_stainless-steel-motor-7-18x12.webp 18w\" alt=\"ruostumattomasta ter\u00e4ksest\u00e4 valmistettu moottori\" width=\"379\" height=\"253\" title=\"\"><\/td>\n<td style=\"width: 22.6782%;\" align=\"right\" width=\"64\"><\/td>\n<\/tr>\n<tr>\n<td style=\"width: 25.8099%;\" align=\"right\" height=\"18\">Kanan ja ankan karvanpoistolaitteiden moottori<\/td>\n<td style=\"width: 26.134%;\" align=\"right\">NEMA-elintarvikelaatuinen ruostumattomasta ter\u00e4ksest\u00e4 valmistettu moottori<\/td>\n<td style=\"width: 25.162%;\" align=\"right\">Elintarvikelaatuinen IEC-ruostumattomasta ter\u00e4ksest\u00e4 valmistettu moottori<\/td>\n<td style=\"width: 22.6782%;\" align=\"right\"><\/td>\n<\/tr>\n<\/tbody>\n<\/table>\n<h2>Tietoja FMP:st\u00e4<\/h2>\n<p>FMP on johtava korkean teknologian yritys, joka on erikoistunut edistyneiden moottoreiden ja s\u00e4hk\u00f6mekaanisten ratkaisujen suunnitteluun, kehitt\u00e4miseen ja valmistukseen. Tuotevalikoimaamme kuuluvat YE2-, YE3- ja YE4-sarjojen moottorit sek\u00e4 laaja valikoima johdannaistuotteita. Tarjoamme my\u00f6s erikoismoottoreita hydrauliikkapumppuihin, mukaan lukien sek\u00e4 kolmivaiheisia ett\u00e4 yksivaiheisia vaihtoehtoja, alumiinikoteloisia moottoreita, ep\u00e4standardimoottoreita, s\u00e4hk\u00f6mekaanisesti integroituja turbiinivaihteistoja ja muita r\u00e4\u00e4t\u00e4l\u00f6ityj\u00e4 moottoriratkaisuja.<\/p>\n<p>Tuotteitamme k\u00e4ytet\u00e4\u00e4n laajasti useilla eri teollisuudenaloilla, kuten teollisuusautomaatiossa, CNC-koneistuksessa, kenk\u00e4teollisuudessa, puunjalostuksessa, metallinty\u00f6st\u00f6ss\u00e4, muoviteollisuudessa ja rakennuskoneissa. FMP:n sitoutuminen innovaatioihin ja laatuun varmistaa, ett\u00e4 kaikki tuotteet t\u00e4ytt\u00e4v\u00e4t korkeimmat suorituskyky- ja luotettavuusstandardit.<\/p>\n<p>Vakiotarjontamme lis\u00e4ksi tarjoamme ylpe\u00e4n\u00e4 r\u00e4\u00e4t\u00e4l\u00f6ityj\u00e4 ratkaisuja asiakkaidemme ainutlaatuisiin tarpeisiin. Tarvitsetpa sitten erikoismoottoreita, ep\u00e4standardituotteita tai t\u00e4ysin integroituja j\u00e4rjestelmi\u00e4, FMP tekee tiivist\u00e4 yhteisty\u00f6t\u00e4 asiakkaiden kanssa toimittaakseen tarkkoja ja korkealaatuisia ratkaisuja. Painopisteemme tarkkuustekniikassa ja asiakastyytyv\u00e4isyydess\u00e4 vauhdittavat jatkuvaa kasvuamme ja menestyst\u00e4mme globaaleilla markkinoilla.<\/p>\n<p>FMP:ll\u00e4 keskitymme pitk\u00e4aikaisten, molempia osapuolia hy\u00f6dytt\u00e4vien kumppanuuksien kehitt\u00e4miseen. Olemme omistautuneet tukemaan asiakkaidemme menestyst\u00e4 varmistaen, ett\u00e4 jokainen projekti tuottaa erinomaisia \u200b\u200btuloksia ja vahvistaa globaalia l\u00e4sn\u00e4oloamme.<\/p>\n<table style=\"width: 100.629%;\" border=\"0\" width=\"128\" cellspacing=\"0\" cellpadding=\"0\">\n<tbody>\n<tr>\n<td style=\"width: 49.2308%;\" align=\"right\" width=\"64\" height=\"18\"><img loading=\"lazy\" decoding=\"async\" class=\"alignnone size-full wp-image-3398\" src=\"https:\/\/fmp-components.com\/wp-content\/uploads\/2025\/01\/Three-Phase-Motor-Factory.webp\" sizes=\"(min-width: 0px) and (max-width: 480px) 480px, (min-width: 481px) 900px, 100vw\" srcset=\"https:\/\/fmp-components.com\/wp-content\/uploads\/2025\/01\/Three-Phase-Motor-Factory.webp 900w, https:\/\/fmp-components.com\/wp-content\/uploads\/2025\/01\/Three-Phase-Motor-Factory-480x320.webp 480w\" alt=\"Kolmivaihemoottoritehdas\" width=\"900\" height=\"600\" title=\"\"><\/td>\n<td style=\"width: 659.231%;\" align=\"right\" width=\"64\"><img loading=\"lazy\" decoding=\"async\" class=\"alignnone size-full wp-image-3399\" src=\"https:\/\/fmp-components.com\/wp-content\/uploads\/2025\/01\/Three-Phase-Motor-Factory-2.webp\" sizes=\"(min-width: 0px) and (max-width: 480px) 480px, (min-width: 481px) 900px, 100vw\" srcset=\"https:\/\/fmp-components.com\/wp-content\/uploads\/2025\/01\/Three-Phase-Motor-Factory-2.webp 900w, https:\/\/fmp-components.com\/wp-content\/uploads\/2025\/01\/Three-Phase-Motor-Factory-2-480x320.webp 480w\" alt=\"Kolmivaihemoottoritehdas-2\" width=\"900\" height=\"600\" title=\"\"><\/td>\n<\/tr>\n<tr>\n<td style=\"width: 49.2308%;\" align=\"right\" height=\"18\"><img loading=\"lazy\" decoding=\"async\" class=\"alignnone size-full wp-image-3400\" src=\"https:\/\/fmp-components.com\/wp-content\/uploads\/2025\/01\/China-Three-Phase-Motor-Factory-1.webp\" sizes=\"(min-width: 0px) and (max-width: 480px) 480px, (min-width: 481px) 900px, 100vw\" srcset=\"https:\/\/fmp-components.com\/wp-content\/uploads\/2025\/01\/China-Three-Phase-Motor-Factory-1.webp 900w, https:\/\/fmp-components.com\/wp-content\/uploads\/2025\/01\/China-Three-Phase-Motor-Factory-1-480x320.webp 480w\" alt=\"Kolmivaihemoottoritehdas-1\" width=\"900\" height=\"600\" title=\"\"><\/td>\n<td style=\"width: 659.231%;\" align=\"right\"><img loading=\"lazy\" decoding=\"async\" class=\"alignnone size-full wp-image-3401\" src=\"https:\/\/fmp-components.com\/wp-content\/uploads\/2025\/01\/Three-Phase-Motor-Factory-3.webp\" sizes=\"(min-width: 0px) and (max-width: 480px) 480px, (min-width: 481px) 900px, 100vw\" srcset=\"https:\/\/fmp-components.com\/wp-content\/uploads\/2025\/01\/Three-Phase-Motor-Factory-3.webp 900w, https:\/\/fmp-components.com\/wp-content\/uploads\/2025\/01\/Three-Phase-Motor-Factory-3-480x320.webp 480w\" alt=\"Kolmivaihemoottoritehdas-3\" width=\"900\" height=\"600\" title=\"\"><\/td>\n<\/tr>\n<tr>\n<td style=\"width: 49.2308%;\"><img loading=\"lazy\" decoding=\"async\" class=\"alignnone size-full wp-image-3471\" src=\"https:\/\/fmp-components.com\/wp-content\/uploads\/2025\/01\/Single-Phase-Induction-Motor-Suppliers.webp\" sizes=\"(min-width: 0px) and (max-width: 480px) 480px, (min-width: 481px) 900px, 100vw\" srcset=\"https:\/\/fmp-components.com\/wp-content\/uploads\/2025\/01\/Single-Phase-Induction-Motor-Suppliers.webp 900w, https:\/\/fmp-components.com\/wp-content\/uploads\/2025\/01\/Single-Phase-Induction-Motor-Suppliers-480x320.webp 480w\" alt=\"Yksivaiheisten induktiomoottorien toimittajat\" width=\"900\" height=\"600\" title=\"\"><\/td>\n<td style=\"width: 659.231%;\"><img loading=\"lazy\" decoding=\"async\" class=\"alignnone size-full wp-image-3470\" src=\"https:\/\/fmp-components.com\/wp-content\/uploads\/2025\/01\/Single-Phase-Induction-Motor-Manufacturers-1.webp\" sizes=\"(min-width: 0px) and (max-width: 480px) 480px, (min-width: 481px) 900px, 100vw\" srcset=\"https:\/\/fmp-components.com\/wp-content\/uploads\/2025\/01\/Single-Phase-Induction-Motor-Manufacturers-1.webp 900w, https:\/\/fmp-components.com\/wp-content\/uploads\/2025\/01\/Single-Phase-Induction-Motor-Manufacturers-1-480x320.webp 480w\" alt=\"Yksivaiheisten induktiomoottorien valmistajat-1\" width=\"900\" height=\"600\" title=\"\"><\/td>\n<\/tr>\n<tr>\n<td style=\"width: 49.2308%;\"><img loading=\"lazy\" decoding=\"async\" class=\"alignnone size-full wp-image-3472\" src=\"https:\/\/fmp-components.com\/wp-content\/uploads\/2025\/01\/Single-Phase-Induction-Motor-Manufacturers.webp\" sizes=\"(min-width: 0px) and (max-width: 480px) 480px, (min-width: 481px) 900px, 100vw\" srcset=\"https:\/\/fmp-components.com\/wp-content\/uploads\/2025\/01\/Single-Phase-Induction-Motor-Manufacturers.webp 900w, https:\/\/fmp-components.com\/wp-content\/uploads\/2025\/01\/Single-Phase-Induction-Motor-Manufacturers-480x320.webp 480w\" alt=\"Yksivaiheisten induktiomoottorien valmistajat\" width=\"900\" height=\"600\" title=\"\"><\/td>\n<td style=\"width: 659.231%;\"><img loading=\"lazy\" decoding=\"async\" class=\"alignnone size-full wp-image-3473\" src=\"https:\/\/fmp-components.com\/wp-content\/uploads\/2025\/01\/Single-Phase-Induction-Motor-for-Sale.webp\" sizes=\"(min-width: 0px) and (max-width: 480px) 480px, (min-width: 481px) 900px, 100vw\" srcset=\"https:\/\/fmp-components.com\/wp-content\/uploads\/2025\/01\/Single-Phase-Induction-Motor-for-Sale.webp 900w, https:\/\/fmp-components.com\/wp-content\/uploads\/2025\/01\/Single-Phase-Induction-Motor-for-Sale-480x320.webp 480w\" alt=\"Yksivaiheinen-induktiomoottori-myyt\u00e4v\u00e4n\u00e4\" width=\"900\" height=\"600\" title=\"\"><\/td>\n<\/tr>\n<\/tbody>\n<\/table>\n<p>Tekij\u00e4: CX<\/p>","protected":false},"excerpt":{"rendered":"<p>IEC Motors B5T Flange Mount Stainless Steel Motors &#8211; TENV Replacement for SEW Motors FMP standard stainless steel washdown motors are designed to meet the extreme and stringent hygiene requirements of today&#8217;s food processing, pharmaceutical, packaging and beverage industries. High pressure steam and water tested to stringent IP69K specifications, FMP&#8217;s food safe stainless steel motors [&hellip;]<\/p>","protected":false},"featured_media":3550,"comment_status":"open","ping_status":"closed","template":"","meta":{"_et_pb_use_builder":"","_et_pb_old_content":"","_et_gb_content_width":""},"product_brand":[],"product_cat":[88],"product_tag":[],"class_list":{"0":"post-3548","1":"product","2":"type-product","3":"status-publish","4":"has-post-thumbnail","6":"product_cat-stainless-steel-motors","8":"first","9":"instock","10":"shipping-taxable","11":"product-type-simple"},"_links":{"self":[{"href":"https:\/\/fmp-components.com\/fi\/wp-json\/wp\/v2\/product\/3548","targetHints":{"allow":["GET"]}}],"collection":[{"href":"https:\/\/fmp-components.com\/fi\/wp-json\/wp\/v2\/product"}],"about":[{"href":"https:\/\/fmp-components.com\/fi\/wp-json\/wp\/v2\/types\/product"}],"replies":[{"embeddable":true,"href":"https:\/\/fmp-components.com\/fi\/wp-json\/wp\/v2\/comments?post=3548"}],"wp:featuredmedia":[{"embeddable":true,"href":"https:\/\/fmp-components.com\/fi\/wp-json\/wp\/v2\/media\/3550"}],"wp:attachment":[{"href":"https:\/\/fmp-components.com\/fi\/wp-json\/wp\/v2\/media?parent=3548"}],"wp:term":[{"taxonomy":"product_brand","embeddable":true,"href":"https:\/\/fmp-components.com\/fi\/wp-json\/wp\/v2\/product_brand?post=3548"},{"taxonomy":"product_cat","embeddable":true,"href":"https:\/\/fmp-components.com\/fi\/wp-json\/wp\/v2\/product_cat?post=3548"},{"taxonomy":"product_tag","embeddable":true,"href":"https:\/\/fmp-components.com\/fi\/wp-json\/wp\/v2\/product_tag?post=3548"}],"curies":[{"name":"wp","href":"https:\/\/api.w.org\/{rel}","templated":true}]}}