{"id":3535,"date":"2025-01-08T03:23:35","date_gmt":"2025-01-08T03:23:35","guid":{"rendered":"https:\/\/fmp-components.com\/?page_id=8"},"modified":"2025-01-08T03:28:26","modified_gmt":"2025-01-08T03:28:26","slug":"b5-flange-mounted-stainless-steel-motor-tefc-for-food-machinery","status":"publish","type":"product","link":"https:\/\/fmp-components.com\/fi\/product\/b5-flange-mounted-stainless-steel-motor-tefc-for-food-machinery\/","title":{"rendered":"B5 Laippakiinnitteinen ruostumattomasta ter\u00e4ksest\u00e4 valmistettu moottori - TEFC elintarvikekoneisiin"},"content":{"rendered":"<p><img loading=\"lazy\" decoding=\"async\" class=\"alignnone size-full wp-image-3539\" src=\"https:\/\/fmp-components.com\/wp-content\/uploads\/2025\/01\/fmp_0.stainless-steel-motor-2.webp\" alt=\"fmp_0.ruostumattomasta ter\u00e4ksest\u00e4 valmistettu moottori-2\" width=\"1579\" height=\"608\" title=\"\" srcset=\"https:\/\/fmp-components.com\/wp-content\/uploads\/2025\/01\/fmp_0.stainless-steel-motor-2.webp 1579w, https:\/\/fmp-components.com\/wp-content\/uploads\/2025\/01\/fmp_0.stainless-steel-motor-2-1280x493.webp 1280w, https:\/\/fmp-components.com\/wp-content\/uploads\/2025\/01\/fmp_0.stainless-steel-motor-2-980x377.webp 980w, https:\/\/fmp-components.com\/wp-content\/uploads\/2025\/01\/fmp_0.stainless-steel-motor-2-480x185.webp 480w\" sizes=\"(min-width: 0px) and (max-width: 480px) 480px, (min-width: 481px) and (max-width: 980px) 980px, (min-width: 981px) and (max-width: 1280px) 1280px, (min-width: 1281px) 1579px, 100vw\" \/> <img loading=\"lazy\" decoding=\"async\" class=\"alignnone wp-image-3537\" src=\"https:\/\/fmp-components.com\/wp-content\/uploads\/2025\/01\/fmp_7.stainless-steel-motor-2.webp\" alt=\"fmp_7.ruostumattomasta ter\u00e4ksest\u00e4 valmistettu moottori-2\" width=\"929\" height=\"481\" title=\"\" srcset=\"https:\/\/fmp-components.com\/wp-content\/uploads\/2025\/01\/fmp_7.stainless-steel-motor-2.webp 929w, https:\/\/fmp-components.com\/wp-content\/uploads\/2025\/01\/fmp_7.stainless-steel-motor-2-480x249.webp 480w\" sizes=\"(min-width: 0px) and (max-width: 480px) 480px, (min-width: 481px) 929px, 100vw\" \/><\/p>\n<table style=\"width: 101.327%; height: 208px;\" border=\"1\">\n<tbody>\n<tr>\n<td>Kehyksen tyyppi<\/td>\n<td>Laippatyyppi<\/td>\n<td>puolalaiset<\/td>\n<td>D<\/td>\n<td>E<\/td>\n<td>F<\/td>\n<td>G<\/td>\n<td>M<\/td>\n<td>N<\/td>\n<td>P<\/td>\n<td>R<\/td>\n<td>S<\/td>\n<td>T<\/td>\n<td>Laippareik\u00e4<\/td>\n<td>akselin reik\u00e4<\/td>\n<td>Ilmastointilaite<\/td>\n<td>ILMOITUS<\/td>\n<\/tr>\n<tr>\n<td>71<\/td>\n<td>FT130<\/td>\n<td>2, 4, 6<\/td>\n<td>14<\/td>\n<td>30<\/td>\n<td>5<\/td>\n<td>11<\/td>\n<td>130<\/td>\n<td>110<\/td>\n<td>160<\/td>\n<td>0<\/td>\n<td>10<\/td>\n<td>3.5<\/td>\n<td>4<\/td>\n<td>M5<\/td>\n<td>134<\/td>\n<td>129<\/td>\n<\/tr>\n<tr>\n<td>80<\/td>\n<td>FT165<\/td>\n<td>2, 4, 6<\/td>\n<td>19<\/td>\n<td>40<\/td>\n<td>6<\/td>\n<td>15.5<\/td>\n<td>165<\/td>\n<td>130<\/td>\n<td>200<\/td>\n<td>0<\/td>\n<td>12<\/td>\n<td>3.5<\/td>\n<td>4<\/td>\n<td>M6<\/td>\n<td>144<\/td>\n<td>135<\/td>\n<\/tr>\n<tr>\n<td>90<\/td>\n<td>FT165<\/td>\n<td>2, 4, 6<\/td>\n<td>24<\/td>\n<td>50<\/td>\n<td>8<\/td>\n<td>20<\/td>\n<td>165<\/td>\n<td>130<\/td>\n<td>200<\/td>\n<td>0<\/td>\n<td>12<\/td>\n<td>3.5<\/td>\n<td>4<\/td>\n<td>M8<\/td>\n<td>176<\/td>\n<td>147<\/td>\n<\/tr>\n<tr>\n<td>100<\/td>\n<td>FT215<\/td>\n<td>2, 4, 6<\/td>\n<td>28<\/td>\n<td>60<\/td>\n<td>8<\/td>\n<td>24<\/td>\n<td>215<\/td>\n<td>180<\/td>\n<td>250<\/td>\n<td>0<\/td>\n<td>15<\/td>\n<td>4<\/td>\n<td>4<\/td>\n<td>M10<\/td>\n<td>203<\/td>\n<td>169<\/td>\n<\/tr>\n<tr>\n<td>112<\/td>\n<td>FT215<\/td>\n<td>2, 4, 6<\/td>\n<td>28<\/td>\n<td>60<\/td>\n<td>8<\/td>\n<td>24<\/td>\n<td>215<\/td>\n<td>180<\/td>\n<td>250<\/td>\n<td>0<\/td>\n<td>15<\/td>\n<td>4<\/td>\n<td>4<\/td>\n<td>M10<\/td>\n<td>218<\/td>\n<td>174<\/td>\n<\/tr>\n<tr>\n<td>132<\/td>\n<td>FT265<\/td>\n<td>2, 4, 6<\/td>\n<td>38<\/td>\n<td>80<\/td>\n<td>10<\/td>\n<td>33<\/td>\n<td>265<\/td>\n<td>230<\/td>\n<td>300<\/td>\n<td>0<\/td>\n<td>15<\/td>\n<td>4<\/td>\n<td>4<\/td>\n<td>M12<\/td>\n<td>256<\/td>\n<td>192<\/td>\n<\/tr>\n<\/tbody>\n<\/table>\n<h2>Ruostumattomasta ter\u00e4ksest\u00e4 valmistettujen moottoreiden edut<\/h2>\n<ul>\n<li><strong>Korkeat hygieniastandardit<\/strong><br \/>\nKehitt\u00e4m\u00e4mme ruostumattomasta ter\u00e4ksest\u00e4 valmistettu moottori on sile\u00e4pintainen ja t\u00e4ytt\u00e4\u00e4 markkinoiden tiukat hygieniastandardit varmistaen sek\u00e4 turvallisuuden ett\u00e4 puhtauden vaativissa ymp\u00e4rist\u00f6iss\u00e4.<\/li>\n<li><strong>Korroosionkest\u00e4v\u00e4 rakenne<\/strong><br \/>\nPutkimaisella rungolla ja suljetulla rakenteella varustettu moottori poistaa tuuletusaukot, mik\u00e4 est\u00e4\u00e4 p\u00f6lyn tai ruokaj\u00e4\u00e4mien kertymisen. Koko ulkokuori on valmistettu ruostumattomasta ter\u00e4ksest\u00e4, eik\u00e4 siin\u00e4 ole muoviosia. Tyyppikilven tiedot on laserkaiverrettu p\u00e4\u00e4tykanteen tai kytkent\u00e4rasiaan, mik\u00e4 varmistaa sen puhtauden ja kest\u00e4vyyden. T\u00e4m\u00e4 rakenne mahdollistaa moottorin pinnan helpon puhdistamisen ja kest\u00e4\u00e4 yleisi\u00e4 sy\u00f6vytt\u00e4vi\u00e4 aineita.<\/li>\n<li><strong>Parannettu suojaus ja tehokkuus<\/strong><br \/>\nIP69K-suojausluokituksen ansiosta ruostumattomasta ter\u00e4ksest\u00e4 valmistettu moottori on eritt\u00e4in kest\u00e4v\u00e4 vedelle ja p\u00f6lylle. Se t\u00e4ytt\u00e4\u00e4 IE4-hy\u00f6tysuhdestandardit, ja sen tarkka s\u00e4hk\u00f6inen suunnittelu varmistaa sis\u00e4isen l\u00e4mmityksen ja pintal\u00e4mp\u00f6tilan tehokkaan hallinnan. Moottori on my\u00f6s valmistettu korkealaatuisesta eristyksest\u00e4, joten se soveltuu k\u00e4ytett\u00e4v\u00e4ksi invertterien kanssa.<\/li>\n<li><strong>R\u00e4\u00e4t\u00e4l\u00f6idyt ratkaisut<\/strong><br \/>\nFMP pystyy kehitt\u00e4m\u00e4\u00e4n ainutlaatuisia s\u00e4hk\u00f6isi\u00e4 ja mekaanisia ratkaisuja vastaamaan asiakkaiden erityisvaatimuksia ja tarjoamaan r\u00e4\u00e4t\u00e4l\u00f6ityj\u00e4 malleja erilaisiin sovelluksiin.<\/li>\n<\/ul>\n<p><img loading=\"lazy\" decoding=\"async\" class=\"alignnone  wp-image-3541\" src=\"https:\/\/fmp-components.com\/wp-content\/uploads\/2025\/01\/fmp_steel-motor-application-1.webp\" alt=\"fmp_steel-motor-application-1\" width=\"922\" height=\"523\" title=\"\" srcset=\"https:\/\/fmp-components.com\/wp-content\/uploads\/2025\/01\/fmp_steel-motor-application-1.webp 476w, https:\/\/fmp-components.com\/wp-content\/uploads\/2025\/01\/fmp_steel-motor-application-1-300x170.webp 300w, https:\/\/fmp-components.com\/wp-content\/uploads\/2025\/01\/fmp_steel-motor-application-1-18x10.webp 18w\" sizes=\"(max-width: 922px) 100vw, 922px\" \/><\/p>\n<h2>Liittyv\u00e4 ruostumattomasta ter\u00e4ksest\u00e4 valmistettu moottori<\/h2>\n<table style=\"width: 100%;\" border=\"1\" width=\"100%\" cellspacing=\"0\" cellpadding=\"0\">\n<tbody>\n<tr>\n<td style=\"width: 25.9179%;\" align=\"right\" width=\"64\" height=\"18\"><img loading=\"lazy\" decoding=\"async\" class=\"alignnone size-full wp-image-3507\" src=\"https:\/\/fmp-components.com\/wp-content\/uploads\/2025\/01\/ep_stainless-steel-motor-1.webp\" sizes=\"(max-width: 379px) 100vw, 379px\" srcset=\"https:\/\/fmp-components.com\/wp-content\/uploads\/2025\/01\/ep_stainless-steel-motor-1.webp 379w, https:\/\/fmp-components.com\/wp-content\/uploads\/2025\/01\/ep_stainless-steel-motor-1-300x200.webp 300w, https:\/\/fmp-components.com\/wp-content\/uploads\/2025\/01\/ep_stainless-steel-motor-1-18x12.webp 18w\" alt=\"ruostumattomasta ter\u00e4ksest\u00e4 valmistettu moottori\" width=\"379\" height=\"253\" title=\"\"><\/td>\n<td style=\"width: 25.8099%;\" align=\"right\" width=\"64\"><img loading=\"lazy\" decoding=\"async\" class=\"alignnone size-full wp-image-3508\" src=\"https:\/\/fmp-components.com\/wp-content\/uploads\/2025\/01\/ep_stainless-steel-motor-2-2.webp\" sizes=\"(max-width: 379px) 100vw, 379px\" srcset=\"https:\/\/fmp-components.com\/wp-content\/uploads\/2025\/01\/ep_stainless-steel-motor-2-2.webp 379w, https:\/\/fmp-components.com\/wp-content\/uploads\/2025\/01\/ep_stainless-steel-motor-2-2-300x200.webp 300w, https:\/\/fmp-components.com\/wp-content\/uploads\/2025\/01\/ep_stainless-steel-motor-2-2-18x12.webp 18w\" alt=\"ruostumattomasta ter\u00e4ksest\u00e4 valmistettu moottori\" width=\"379\" height=\"253\" title=\"\"><\/td>\n<td style=\"width: 25.378%;\" align=\"right\" width=\"64\"><img loading=\"lazy\" decoding=\"async\" class=\"alignnone size-full wp-image-3509\" src=\"https:\/\/fmp-components.com\/wp-content\/uploads\/2025\/01\/ep_stainless-steel-motor-6.webp\" sizes=\"(max-width: 379px) 100vw, 379px\" srcset=\"https:\/\/fmp-components.com\/wp-content\/uploads\/2025\/01\/ep_stainless-steel-motor-6.webp 379w, https:\/\/fmp-components.com\/wp-content\/uploads\/2025\/01\/ep_stainless-steel-motor-6-300x200.webp 300w, https:\/\/fmp-components.com\/wp-content\/uploads\/2025\/01\/ep_stainless-steel-motor-6-18x12.webp 18w\" alt=\"ruostumattomasta ter\u00e4ksest\u00e4 valmistettu moottori\" width=\"379\" height=\"253\" title=\"\"><\/td>\n<td style=\"width: 22.6782%;\" align=\"right\" width=\"64\"><img loading=\"lazy\" decoding=\"async\" class=\"alignnone size-full wp-image-3510\" src=\"https:\/\/fmp-components.com\/wp-content\/uploads\/2025\/01\/ep_stainless-steel-motor-300x200-1.webp\" sizes=\"(max-width: 300px) 100vw, 300px\" srcset=\"https:\/\/fmp-components.com\/wp-content\/uploads\/2025\/01\/ep_stainless-steel-motor-300x200-1.webp 300w, https:\/\/fmp-components.com\/wp-content\/uploads\/2025\/01\/ep_stainless-steel-motor-300x200-1-18x12.webp 18w\" alt=\"ruostumattomasta ter\u00e4ksest\u00e4 valmistettu moottori\" width=\"300\" height=\"200\" title=\"\"><\/td>\n<\/tr>\n<tr>\n<td style=\"width: 25.9179%;\" align=\"right\" height=\"18\">Ruostumattomasta ter\u00e4ksest\u00e4 valmistettu kestomagneettimoottori<\/td>\n<td style=\"width: 25.8099%;\" align=\"right\">Vesij\u00e4\u00e4hdytteinen ruostumattomasta ter\u00e4ksest\u00e4 valmistettu moottori<\/td>\n<td style=\"width: 25.378%;\" align=\"right\">Elintarviketeollisuuden s\u00e4hk\u00f6moottori<\/td>\n<td style=\"width: 22.6782%;\" align=\"right\">Ruostumattomasta ter\u00e4ksest\u00e4 valmistettu moottori<\/td>\n<\/tr>\n<tr>\n<td style=\"width: 25.9179%;\" align=\"right\" height=\"18\"><img loading=\"lazy\" decoding=\"async\" class=\"alignnone size-full wp-image-3511\" src=\"https:\/\/fmp-components.com\/wp-content\/uploads\/2025\/01\/ep_stainless-steel-motor-4.webp\" sizes=\"(max-width: 379px) 100vw, 379px\" srcset=\"https:\/\/fmp-components.com\/wp-content\/uploads\/2025\/01\/ep_stainless-steel-motor-4.webp 379w, https:\/\/fmp-components.com\/wp-content\/uploads\/2025\/01\/ep_stainless-steel-motor-4-300x200.webp 300w, https:\/\/fmp-components.com\/wp-content\/uploads\/2025\/01\/ep_stainless-steel-motor-4-18x12.webp 18w\" alt=\"ruostumattomasta ter\u00e4ksest\u00e4 valmistettu moottori\" width=\"379\" height=\"253\" title=\"\"><\/td>\n<td style=\"width: 25.8099%;\" align=\"right\"><img loading=\"lazy\" decoding=\"async\" class=\"alignnone size-full wp-image-3512\" src=\"https:\/\/fmp-components.com\/wp-content\/uploads\/2025\/01\/ep_stainless-steel-motor-3.webp\" sizes=\"(max-width: 379px) 100vw, 379px\" srcset=\"https:\/\/fmp-components.com\/wp-content\/uploads\/2025\/01\/ep_stainless-steel-motor-3.webp 379w, https:\/\/fmp-components.com\/wp-content\/uploads\/2025\/01\/ep_stainless-steel-motor-3-300x200.webp 300w, https:\/\/fmp-components.com\/wp-content\/uploads\/2025\/01\/ep_stainless-steel-motor-3-18x12.webp 18w\" alt=\"ruostumattomasta ter\u00e4ksest\u00e4 valmistettu moottori\" width=\"379\" height=\"253\" title=\"\"><\/td>\n<td style=\"width: 25.378%;\" align=\"right\"><img loading=\"lazy\" decoding=\"async\" class=\"alignnone size-full wp-image-3513\" src=\"https:\/\/fmp-components.com\/wp-content\/uploads\/2025\/01\/ep_stainless-steel-motor-5.webp\" sizes=\"(max-width: 379px) 100vw, 379px\" srcset=\"https:\/\/fmp-components.com\/wp-content\/uploads\/2025\/01\/ep_stainless-steel-motor-5.webp 379w, https:\/\/fmp-components.com\/wp-content\/uploads\/2025\/01\/ep_stainless-steel-motor-5-300x200.webp 300w, https:\/\/fmp-components.com\/wp-content\/uploads\/2025\/01\/ep_stainless-steel-motor-5-18x12.webp 18w\" alt=\"ruostumattomasta ter\u00e4ksest\u00e4 valmistettu moottori\" width=\"379\" height=\"253\" title=\"\"><\/td>\n<td style=\"width: 22.6782%;\" align=\"right\"><img loading=\"lazy\" decoding=\"async\" class=\"alignnone size-full wp-image-3514\" src=\"https:\/\/fmp-components.com\/wp-content\/uploads\/2025\/01\/ep_stainless-steel-motor-6-1.webp\" sizes=\"(max-width: 379px) 100vw, 379px\" srcset=\"https:\/\/fmp-components.com\/wp-content\/uploads\/2025\/01\/ep_stainless-steel-motor-6-1.webp 379w, https:\/\/fmp-components.com\/wp-content\/uploads\/2025\/01\/ep_stainless-steel-motor-6-1-300x200.webp 300w, https:\/\/fmp-components.com\/wp-content\/uploads\/2025\/01\/ep_stainless-steel-motor-6-1-18x12.webp 18w\" alt=\"ruostumattomasta ter\u00e4ksest\u00e4 valmistettu moottori\" width=\"379\" height=\"253\" title=\"\"><\/td>\n<\/tr>\n<tr>\n<td style=\"width: 25.9179%;\" align=\"right\" height=\"18\">IEC-emulgoitujen elintarvikekoneiden vaihtovirtamoottori<\/td>\n<td style=\"width: 25.8099%;\" align=\"right\">NEMA 56C -asynkroninen moottori<\/td>\n<td style=\"width: 25.378%;\" align=\"right\">IEC ruostumattomasta ter\u00e4ksest\u00e4 valmistettu vaihtovirtamoottori<\/td>\n<td style=\"width: 22.6782%;\">IEC-moottori, kokonaan ruostumattomasta ter\u00e4ksest\u00e4<\/td>\n<\/tr>\n<tr>\n<td style=\"width: 25.9179%;\" align=\"right\" width=\"64\" height=\"18\"><img loading=\"lazy\" decoding=\"async\" class=\"alignnone size-full wp-image-3515\" src=\"https:\/\/fmp-components.com\/wp-content\/uploads\/2025\/01\/ep_stainless-steel-motor-2.webp\" sizes=\"(max-width: 379px) 100vw, 379px\" srcset=\"https:\/\/fmp-components.com\/wp-content\/uploads\/2025\/01\/ep_stainless-steel-motor-2.webp 379w, https:\/\/fmp-components.com\/wp-content\/uploads\/2025\/01\/ep_stainless-steel-motor-2-300x200.webp 300w, https:\/\/fmp-components.com\/wp-content\/uploads\/2025\/01\/ep_stainless-steel-motor-2-18x12.webp 18w\" alt=\"ruostumattomasta ter\u00e4ksest\u00e4 valmistettu moottori\" width=\"379\" height=\"253\" title=\"\"><\/td>\n<td style=\"width: 25.8099%;\" align=\"right\" width=\"64\"><img loading=\"lazy\" decoding=\"async\" class=\"alignnone size-full wp-image-3516\" src=\"https:\/\/fmp-components.com\/wp-content\/uploads\/2025\/01\/ep_stainless-steel-motor-8.webp\" sizes=\"(max-width: 379px) 100vw, 379px\" srcset=\"https:\/\/fmp-components.com\/wp-content\/uploads\/2025\/01\/ep_stainless-steel-motor-8.webp 379w, https:\/\/fmp-components.com\/wp-content\/uploads\/2025\/01\/ep_stainless-steel-motor-8-300x200.webp 300w, https:\/\/fmp-components.com\/wp-content\/uploads\/2025\/01\/ep_stainless-steel-motor-8-18x12.webp 18w\" alt=\"ruostumattomasta ter\u00e4ksest\u00e4 valmistettu moottori\" width=\"379\" height=\"253\" title=\"\"><\/td>\n<td style=\"width: 25.378%;\" align=\"right\" width=\"64\"><img loading=\"lazy\" decoding=\"async\" class=\"alignnone size-full wp-image-3517\" src=\"https:\/\/fmp-components.com\/wp-content\/uploads\/2025\/01\/ep_stainless-steel-motor-7.webp\" sizes=\"(max-width: 379px) 100vw, 379px\" srcset=\"https:\/\/fmp-components.com\/wp-content\/uploads\/2025\/01\/ep_stainless-steel-motor-7.webp 379w, https:\/\/fmp-components.com\/wp-content\/uploads\/2025\/01\/ep_stainless-steel-motor-7-300x200.webp 300w, https:\/\/fmp-components.com\/wp-content\/uploads\/2025\/01\/ep_stainless-steel-motor-7-18x12.webp 18w\" alt=\"ruostumattomasta ter\u00e4ksest\u00e4 valmistettu moottori\" width=\"379\" height=\"253\" title=\"\"><\/td>\n<td style=\"width: 22.6782%;\" align=\"right\" width=\"64\"><\/td>\n<\/tr>\n<tr>\n<td style=\"width: 25.9179%;\" align=\"right\" height=\"18\">Kanan ja ankan karvanpoistolaitteiden moottori<\/td>\n<td style=\"width: 25.8099%;\" align=\"right\">NEMA-elintarvikelaatuinen ruostumattomasta ter\u00e4ksest\u00e4 valmistettu moottori<\/td>\n<td style=\"width: 25.378%;\" align=\"right\">Elintarvikelaatuinen IEC-ruostumattomasta ter\u00e4ksest\u00e4 valmistettu moottori<\/td>\n<td style=\"width: 22.6782%;\" align=\"right\"><\/td>\n<\/tr>\n<\/tbody>\n<\/table>\n<h2>Tietoja FMP:st\u00e4<\/h2>\n<p>FMP on kansallinen korkean teknologian yritys, joka on erikoistunut edistyneiden moottoreiden ja s\u00e4hk\u00f6mekaanisten ratkaisujen suunnitteluun, kehitt\u00e4miseen ja tuotantoon. Keskitymme YE2-, YE3- ja YE4-sarjojen moottoreiden sek\u00e4 useiden johdannaistuotteiden valmistukseen. Tuotevalikoimaamme kuuluvat my\u00f6s kolmivaiheiset ja yksivaiheiset moottorit hydrauliikkapumpuille, alumiinikotelomoottorit, ep\u00e4standardit moottorit hydrauliikkapumpuille, s\u00e4hk\u00f6mekaanisesti integroidut turbiinivaihteistot ja muut erikoismoottorit.<\/p>\n<p>FMP:n tuotteita k\u00e4ytet\u00e4\u00e4n laajasti teollisuusautomaatiossa, ja ne palvelevat keskeisi\u00e4 sektoreita, kuten CNC-sorveja, kenk\u00e4koneita, puunty\u00f6st\u00f6koneita, metallinty\u00f6st\u00f6koneita, muovikoneita ja rakennuskoneita. Vahvalla sitoutumisellaan innovaatioihin ja laatuun FMP varmistaa, ett\u00e4 kaikki tuotteet t\u00e4ytt\u00e4v\u00e4t korkeimmat suorituskykystandardit.<\/p>\n<p>Kattavan tuotevalikoimamme lis\u00e4ksi tarjoamme ylpe\u00e4n\u00e4 r\u00e4\u00e4t\u00e4l\u00f6ityj\u00e4 ratkaisuja asiakkaidemme erityistarpeisiin. Tarvitsetpa sitten erikoismoottoreita, ep\u00e4standardituotteita tai integroituja j\u00e4rjestelmi\u00e4, FMP tekee tiivist\u00e4 yhteisty\u00f6t\u00e4 asiakkaiden kanssa toimittaakseen korkealaatuisia, r\u00e4\u00e4t\u00e4l\u00f6ityj\u00e4 ratkaisuja. Keskittymisemme tarkkuustekniikkaan ja asiakastyytyv\u00e4isyyteen vauhdittaa jatkuvaa menestyst\u00e4mme globaaleilla markkinoilla.<\/p>\n<p>FMP:ll\u00e4 olemme sitoutuneet rakentamaan pitk\u00e4aikaisia, molempia osapuolia hy\u00f6dytt\u00e4vi\u00e4 kumppanuuksia ja tukemaan asiakkaidemme menestyst\u00e4 jokaisessa projektissa.<\/p>\n<table style=\"width: 100.629%;\" border=\"0\" width=\"128\" cellspacing=\"0\" cellpadding=\"0\">\n<tbody>\n<tr>\n<td style=\"width: 49.2308%;\" align=\"right\" width=\"64\" height=\"18\"><img loading=\"lazy\" decoding=\"async\" class=\"alignnone size-full wp-image-3398\" src=\"https:\/\/fmp-components.com\/wp-content\/uploads\/2025\/01\/Three-Phase-Motor-Factory.webp\" sizes=\"(min-width: 0px) and (max-width: 480px) 480px, (min-width: 481px) 900px, 100vw\" srcset=\"https:\/\/fmp-components.com\/wp-content\/uploads\/2025\/01\/Three-Phase-Motor-Factory.webp 900w, https:\/\/fmp-components.com\/wp-content\/uploads\/2025\/01\/Three-Phase-Motor-Factory-480x320.webp 480w\" alt=\"Kolmivaihemoottoritehdas\" width=\"900\" height=\"600\" title=\"\"><\/td>\n<td style=\"width: 659.231%;\" align=\"right\" width=\"64\"><img loading=\"lazy\" decoding=\"async\" class=\"alignnone size-full wp-image-3399\" src=\"https:\/\/fmp-components.com\/wp-content\/uploads\/2025\/01\/Three-Phase-Motor-Factory-2.webp\" sizes=\"(min-width: 0px) and (max-width: 480px) 480px, (min-width: 481px) 900px, 100vw\" srcset=\"https:\/\/fmp-components.com\/wp-content\/uploads\/2025\/01\/Three-Phase-Motor-Factory-2.webp 900w, https:\/\/fmp-components.com\/wp-content\/uploads\/2025\/01\/Three-Phase-Motor-Factory-2-480x320.webp 480w\" alt=\"Kolmivaihemoottoritehdas-2\" width=\"900\" height=\"600\" title=\"\"><\/td>\n<\/tr>\n<tr>\n<td style=\"width: 49.2308%;\" align=\"right\" height=\"18\"><img loading=\"lazy\" decoding=\"async\" class=\"alignnone size-full wp-image-3400\" src=\"https:\/\/fmp-components.com\/wp-content\/uploads\/2025\/01\/China-Three-Phase-Motor-Factory-1.webp\" sizes=\"(min-width: 0px) and (max-width: 480px) 480px, (min-width: 481px) 900px, 100vw\" srcset=\"https:\/\/fmp-components.com\/wp-content\/uploads\/2025\/01\/China-Three-Phase-Motor-Factory-1.webp 900w, https:\/\/fmp-components.com\/wp-content\/uploads\/2025\/01\/China-Three-Phase-Motor-Factory-1-480x320.webp 480w\" alt=\"Kolmivaihemoottoritehdas-1\" width=\"900\" height=\"600\" title=\"\"><\/td>\n<td style=\"width: 659.231%;\" align=\"right\"><img loading=\"lazy\" decoding=\"async\" class=\"alignnone size-full wp-image-3401\" src=\"https:\/\/fmp-components.com\/wp-content\/uploads\/2025\/01\/Three-Phase-Motor-Factory-3.webp\" sizes=\"(min-width: 0px) and (max-width: 480px) 480px, (min-width: 481px) 900px, 100vw\" srcset=\"https:\/\/fmp-components.com\/wp-content\/uploads\/2025\/01\/Three-Phase-Motor-Factory-3.webp 900w, https:\/\/fmp-components.com\/wp-content\/uploads\/2025\/01\/Three-Phase-Motor-Factory-3-480x320.webp 480w\" alt=\"Kolmivaihemoottoritehdas-3\" width=\"900\" height=\"600\" title=\"\"><\/td>\n<\/tr>\n<tr>\n<td style=\"width: 49.2308%;\"><img loading=\"lazy\" decoding=\"async\" class=\"alignnone size-full wp-image-3471\" src=\"https:\/\/fmp-components.com\/wp-content\/uploads\/2025\/01\/Single-Phase-Induction-Motor-Suppliers.webp\" sizes=\"(min-width: 0px) and (max-width: 480px) 480px, (min-width: 481px) 900px, 100vw\" srcset=\"https:\/\/fmp-components.com\/wp-content\/uploads\/2025\/01\/Single-Phase-Induction-Motor-Suppliers.webp 900w, https:\/\/fmp-components.com\/wp-content\/uploads\/2025\/01\/Single-Phase-Induction-Motor-Suppliers-480x320.webp 480w\" alt=\"Yksivaiheisten induktiomoottorien toimittajat\" width=\"900\" height=\"600\" title=\"\"><\/td>\n<td style=\"width: 659.231%;\"><img loading=\"lazy\" decoding=\"async\" class=\"alignnone size-full wp-image-3470\" src=\"https:\/\/fmp-components.com\/wp-content\/uploads\/2025\/01\/Single-Phase-Induction-Motor-Manufacturers-1.webp\" sizes=\"(min-width: 0px) and (max-width: 480px) 480px, (min-width: 481px) 900px, 100vw\" srcset=\"https:\/\/fmp-components.com\/wp-content\/uploads\/2025\/01\/Single-Phase-Induction-Motor-Manufacturers-1.webp 900w, https:\/\/fmp-components.com\/wp-content\/uploads\/2025\/01\/Single-Phase-Induction-Motor-Manufacturers-1-480x320.webp 480w\" alt=\"Yksivaiheisten induktiomoottorien valmistajat-1\" width=\"900\" height=\"600\" title=\"\"><\/td>\n<\/tr>\n<tr>\n<td style=\"width: 49.2308%;\"><img loading=\"lazy\" decoding=\"async\" class=\"alignnone size-full wp-image-3472\" src=\"https:\/\/fmp-components.com\/wp-content\/uploads\/2025\/01\/Single-Phase-Induction-Motor-Manufacturers.webp\" sizes=\"(min-width: 0px) and (max-width: 480px) 480px, (min-width: 481px) 900px, 100vw\" srcset=\"https:\/\/fmp-components.com\/wp-content\/uploads\/2025\/01\/Single-Phase-Induction-Motor-Manufacturers.webp 900w, https:\/\/fmp-components.com\/wp-content\/uploads\/2025\/01\/Single-Phase-Induction-Motor-Manufacturers-480x320.webp 480w\" alt=\"Yksivaiheisten induktiomoottorien valmistajat\" width=\"900\" height=\"600\" title=\"\"><\/td>\n<td style=\"width: 659.231%;\"><img loading=\"lazy\" decoding=\"async\" class=\"alignnone size-full wp-image-3473\" src=\"https:\/\/fmp-components.com\/wp-content\/uploads\/2025\/01\/Single-Phase-Induction-Motor-for-Sale.webp\" sizes=\"(min-width: 0px) and (max-width: 480px) 480px, (min-width: 481px) 900px, 100vw\" srcset=\"https:\/\/fmp-components.com\/wp-content\/uploads\/2025\/01\/Single-Phase-Induction-Motor-for-Sale.webp 900w, https:\/\/fmp-components.com\/wp-content\/uploads\/2025\/01\/Single-Phase-Induction-Motor-for-Sale-480x320.webp 480w\" alt=\"Yksivaiheinen-induktiomoottori-myyt\u00e4v\u00e4n\u00e4\" width=\"900\" height=\"600\" title=\"\"><\/td>\n<\/tr>\n<\/tbody>\n<\/table>\n<p>Tekij\u00e4: CX<\/p>","protected":false},"excerpt":{"rendered":"<p>Frame Type Flange type Poles D E F G M N P R S T Flange hole shaft hole AC AD 71 FT130 2, 4, 6 14 30 5 11 130 110 160 0 10 3.5 4 M5 134 129 80 FT165 2, 4, 6 19 40 6 15.5 165 130 200 0 12 3.5 [&hellip;]<\/p>","protected":false},"featured_media":3538,"comment_status":"open","ping_status":"closed","template":"","meta":{"_et_pb_use_builder":"","_et_pb_old_content":"","_et_gb_content_width":""},"product_brand":[],"product_cat":[88],"product_tag":[],"class_list":{"0":"post-3535","1":"product","2":"type-product","3":"status-publish","4":"has-post-thumbnail","6":"product_cat-stainless-steel-motors","8":"first","9":"instock","10":"shipping-taxable","11":"product-type-simple"},"_links":{"self":[{"href":"https:\/\/fmp-components.com\/fi\/wp-json\/wp\/v2\/product\/3535","targetHints":{"allow":["GET"]}}],"collection":[{"href":"https:\/\/fmp-components.com\/fi\/wp-json\/wp\/v2\/product"}],"about":[{"href":"https:\/\/fmp-components.com\/fi\/wp-json\/wp\/v2\/types\/product"}],"replies":[{"embeddable":true,"href":"https:\/\/fmp-components.com\/fi\/wp-json\/wp\/v2\/comments?post=3535"}],"wp:featuredmedia":[{"embeddable":true,"href":"https:\/\/fmp-components.com\/fi\/wp-json\/wp\/v2\/media\/3538"}],"wp:attachment":[{"href":"https:\/\/fmp-components.com\/fi\/wp-json\/wp\/v2\/media?parent=3535"}],"wp:term":[{"taxonomy":"product_brand","embeddable":true,"href":"https:\/\/fmp-components.com\/fi\/wp-json\/wp\/v2\/product_brand?post=3535"},{"taxonomy":"product_cat","embeddable":true,"href":"https:\/\/fmp-components.com\/fi\/wp-json\/wp\/v2\/product_cat?post=3535"},{"taxonomy":"product_tag","embeddable":true,"href":"https:\/\/fmp-components.com\/fi\/wp-json\/wp\/v2\/product_tag?post=3535"}],"curies":[{"name":"wp","href":"https:\/\/api.w.org\/{rel}","templated":true}]}}