{"id":3477,"date":"2025-01-07T08:54:52","date_gmt":"2025-01-07T08:54:52","guid":{"rendered":"https:\/\/fmp-components.com\/?page_id=8"},"modified":"2025-01-08T01:12:44","modified_gmt":"2025-01-08T01:12:44","slug":"yvf2-series-frequency-variable-speed-regulation-three-phase-asynchronous-motor","status":"publish","type":"product","link":"https:\/\/fmp-components.com\/fi\/product\/yvf2-series-frequency-variable-speed-regulation-three-phase-asynchronous-motor\/","title":{"rendered":"YVF2-sarjan taajuuden muuttuvan nopeuden s\u00e4\u00e4t\u00f6 kolmivaiheinen asynkroninen moottori"},"content":{"rendered":"<h2>YVF2-sarjan (ip54) kolmivaiheisten asynkronisten moottoreiden k\u00e4ytt\u00f6olosuhteet<\/h2>\n<table style=\"width: 100%;\" border=\"1\" width=\"100%\" cellspacing=\"0\" cellpadding=\"0\">\n<tbody>\n<tr>\n<th>Korkeus<\/th>\n<td>Ole alle 1000 metrin korkeudessa<\/td>\n<\/tr>\n<tr>\n<th>Ymp\u00e4rist\u00f6n l\u00e4mp\u00f6tila<\/th>\n<td>-15 \u2103 \u2264 0 \u2264 40 \u2103<\/td>\n<\/tr>\n<tr>\n<th>Suhteellinen kosteus<\/th>\n<td>Ei korkeampi kuin 90%<\/td>\n<\/tr>\n<tr>\n<th>K\u00e4ytt\u00f6tila<\/th>\n<td>S1<\/td>\n<\/tr>\n<tr>\n<th>Eristysaste<\/th>\n<td>F<\/td>\n<\/tr>\n<tr>\n<th>Nimellisj\u00e4nnite<\/th>\n<td>380 V<\/td>\n<\/tr>\n<tr>\n<th>Taajuus<\/th>\n<td>50 Hz<\/td>\n<\/tr>\n<tr>\n<th>J\u00e4\u00e4hdytysmenetelm\u00e4<\/th>\n<td>IC416<\/td>\n<\/tr>\n<\/tbody>\n<\/table>\n<h2>YVF2-sarjan asynkronimoottoreiden tekniset tiedot<\/h2>\n<p>Kuormittamattoman ja taajuusmuuttajalla varustetun koneen sy\u00f6tt\u00e4m\u00e4n virran t\u00e4rin\u00e4n ja melun tulisi olla \u2264 luettelon tiedot:<\/p>\n<p><img loading=\"lazy\" decoding=\"async\" class=\"alignnone size-full wp-image-3490\" src=\"https:\/\/fmp-components.com\/wp-content\/uploads\/2025\/01\/yvf2-technical-data.webp\" alt=\"yvf2-tekniset-tiedot\" width=\"911\" height=\"110\" title=\"\" srcset=\"https:\/\/fmp-components.com\/wp-content\/uploads\/2025\/01\/yvf2-technical-data.webp 911w, https:\/\/fmp-components.com\/wp-content\/uploads\/2025\/01\/yvf2-technical-data-480x58.webp 480w\" sizes=\"(min-width: 0px) and (max-width: 480px) 480px, (min-width: 481px) 911px, 100vw\" \/><\/p>\n<p>Lukitun roottorin v\u00e4\u00e4nt\u00f6momentin, maksimiv\u00e4\u00e4nt\u00f6momentin ja minimiv\u00e4\u00e4nt\u00f6momentin suhteen nimellisv\u00e4\u00e4nt\u00f6momenttiin taajuusmuuttajan moottorin k\u00e4ynnistysprosessissa nimellisj\u00e4nnitteell\u00e4 ja nimellistaajuudella (perustaajuudella) tulee olla \u2265 seuraavan taulukon arvo:<\/p>\n<p><img loading=\"lazy\" decoding=\"async\" class=\"alignnone size-full wp-image-3489\" src=\"https:\/\/fmp-components.com\/wp-content\/uploads\/2025\/01\/yvf2-technical-data-2.webp\" alt=\"yvf2-tekniset-tiedot\" width=\"911\" height=\"240\" title=\"\" srcset=\"https:\/\/fmp-components.com\/wp-content\/uploads\/2025\/01\/yvf2-technical-data-2.webp 911w, https:\/\/fmp-components.com\/wp-content\/uploads\/2025\/01\/yvf2-technical-data-2-480x126.webp 480w\" sizes=\"(min-width: 0px) and (max-width: 480px) 480px, (min-width: 481px) 911px, 100vw\" \/><\/p>\n<p>Taajuusmuuttuva moottorin runko, nimellisteho, t\u00e4yden kuormituksen v\u00e4\u00e4nt\u00f6momentti ja taajuusmuuttujat rajat on lueteltu seuraavassa<\/p>\n<p><img loading=\"lazy\" decoding=\"async\" class=\"alignnone size-full wp-image-3488\" src=\"https:\/\/fmp-components.com\/wp-content\/uploads\/2025\/01\/yvf2-technical-data-3.webp\" alt=\"yvf2-tekniset-tiedot\" width=\"911\" height=\"650\" title=\"\" srcset=\"https:\/\/fmp-components.com\/wp-content\/uploads\/2025\/01\/yvf2-technical-data-3.webp 911w, https:\/\/fmp-components.com\/wp-content\/uploads\/2025\/01\/yvf2-technical-data-3-480x342.webp 480w\" sizes=\"(min-width: 0px) and (max-width: 480px) 480px, (min-width: 481px) 911px, 100vw\" \/><\/p>\n<p>Taajuusmuuttuva moottori sovitti taajuusmuuttajaan perustuvan laitteen ja laakeripuhaltimen kapasiteetin.<\/p>\n<p><img loading=\"lazy\" decoding=\"async\" class=\"alignnone size-full wp-image-3487\" src=\"https:\/\/fmp-components.com\/wp-content\/uploads\/2025\/01\/yvf2-technical-data-4.webp\" alt=\"yvf2-tekniset-tiedot\" width=\"911\" height=\"648\" title=\"\" srcset=\"https:\/\/fmp-components.com\/wp-content\/uploads\/2025\/01\/yvf2-technical-data-4.webp 911w, https:\/\/fmp-components.com\/wp-content\/uploads\/2025\/01\/yvf2-technical-data-4-480x341.webp 480w\" sizes=\"(min-width: 0px) and (max-width: 480px) 480px, (min-width: 481px) 911px, 100vw\" \/><\/p>\n<p>Runko jaloilla ja laakerikilvell\u00e4 ilman laippaa -IMB3<\/p>\n<p><img loading=\"lazy\" decoding=\"async\" class=\"alignnone size-full wp-image-3486\" src=\"https:\/\/fmp-components.com\/wp-content\/uploads\/2025\/01\/yvf2-technical-data-5.webp\" alt=\"yvf2-tekniset-tiedot\" width=\"911\" height=\"586\" title=\"\" srcset=\"https:\/\/fmp-components.com\/wp-content\/uploads\/2025\/01\/yvf2-technical-data-5.webp 911w, https:\/\/fmp-components.com\/wp-content\/uploads\/2025\/01\/yvf2-technical-data-5-480x309.webp 480w\" sizes=\"(min-width: 0px) and (max-width: 480px) 480px, (min-width: 481px) 911px, 100vw\" \/><\/p>\n<p><img loading=\"lazy\" decoding=\"async\" class=\"alignnone size-full wp-image-3485\" src=\"https:\/\/fmp-components.com\/wp-content\/uploads\/2025\/01\/yvf2-technical-data-6.webp\" alt=\"yvf2-tekniset-tiedot\" width=\"911\" height=\"564\" title=\"\" srcset=\"https:\/\/fmp-components.com\/wp-content\/uploads\/2025\/01\/yvf2-technical-data-6.webp 911w, https:\/\/fmp-components.com\/wp-content\/uploads\/2025\/01\/yvf2-technical-data-6-480x297.webp 480w\" sizes=\"(min-width: 0px) and (max-width: 480px) 480px, (min-width: 481px) 911px, 100vw\" \/><\/p>\n<p>Runko jaloilla ja laipallinen laakerikilpi (sileill\u00e4 rei'ill\u00e4) -IMB35<\/p>\n<p><img loading=\"lazy\" decoding=\"async\" class=\"alignnone size-full wp-image-3484\" src=\"https:\/\/fmp-components.com\/wp-content\/uploads\/2025\/01\/yvf2-technical-data-7.webp\" alt=\"yvf2-tekniset-tiedot\" width=\"911\" height=\"577\" title=\"\" srcset=\"https:\/\/fmp-components.com\/wp-content\/uploads\/2025\/01\/yvf2-technical-data-7.webp 911w, https:\/\/fmp-components.com\/wp-content\/uploads\/2025\/01\/yvf2-technical-data-7-480x304.webp 480w\" sizes=\"(min-width: 0px) and (max-width: 480px) 480px, (min-width: 481px) 911px, 100vw\" \/><\/p>\n<p><img loading=\"lazy\" decoding=\"async\" class=\"alignnone size-full wp-image-3483\" src=\"https:\/\/fmp-components.com\/wp-content\/uploads\/2025\/01\/yvf2-technical-data-8.webp\" alt=\"yvf2-tekniset-tiedot\" width=\"911\" height=\"566\" title=\"\" srcset=\"https:\/\/fmp-components.com\/wp-content\/uploads\/2025\/01\/yvf2-technical-data-8.webp 911w, https:\/\/fmp-components.com\/wp-content\/uploads\/2025\/01\/yvf2-technical-data-8-480x298.webp 480w\" sizes=\"(min-width: 0px) and (max-width: 480px) 480px, (min-width: 481px) 911px, 100vw\" \/><\/p>\n<p>Runko ilman jalkoja ja laipallinen laakerikilpi (sileill\u00e4 rei'ill\u00e4) -IMB5<\/p>\n<p><img loading=\"lazy\" decoding=\"async\" class=\"alignnone size-full wp-image-3482\" src=\"https:\/\/fmp-components.com\/wp-content\/uploads\/2025\/01\/yvf2-technical-data-9.webp\" alt=\"yvf2-tekniset-tiedot-9\" width=\"911\" height=\"150\" title=\"\" srcset=\"https:\/\/fmp-components.com\/wp-content\/uploads\/2025\/01\/yvf2-technical-data-9.webp 911w, https:\/\/fmp-components.com\/wp-content\/uploads\/2025\/01\/yvf2-technical-data-9-480x79.webp 480w\" sizes=\"(min-width: 0px) and (max-width: 480px) 480px, (min-width: 481px) 911px, 100vw\" \/><\/p>\n<p><img loading=\"lazy\" decoding=\"async\" class=\"alignnone size-full wp-image-3481\" src=\"https:\/\/fmp-components.com\/wp-content\/uploads\/2025\/01\/yvf2-technical-data-10.webp\" alt=\"yvf2-tekniset-tiedot\" width=\"911\" height=\"549\" title=\"\" srcset=\"https:\/\/fmp-components.com\/wp-content\/uploads\/2025\/01\/yvf2-technical-data-10.webp 911w, https:\/\/fmp-components.com\/wp-content\/uploads\/2025\/01\/yvf2-technical-data-10-480x289.webp 480w\" sizes=\"(min-width: 0px) and (max-width: 480px) 480px, (min-width: 481px) 911px, 100vw\" \/><\/p>\n<h2>Tietoja FMP:st\u00e4<\/h2>\n<p>FMP on kansallinen korkean teknologian yritys, joka on erikoistunut edistyneiden moottoreiden ja s\u00e4hk\u00f6mekaanisten ratkaisujen suunnitteluun, kehitt\u00e4miseen ja tuotantoon. Keskitymme YE2-, YE3- ja YE4-sarjojen moottoreiden sek\u00e4 useiden johdannaistuotteiden valmistukseen. Tuotevalikoimaamme kuuluvat my\u00f6s kolmivaiheiset ja yksivaiheiset moottorit hydrauliikkapumpuille, alumiinikotelomoottorit, ep\u00e4standardit moottorit hydrauliikkapumpuille, s\u00e4hk\u00f6mekaanisesti integroidut turbiinivaihteistot ja muut erikoismoottorit.<\/p>\n<p>FMP:n tuotteita k\u00e4ytet\u00e4\u00e4n laajasti teollisuusautomaatiossa, ja ne palvelevat keskeisi\u00e4 sektoreita, kuten CNC-sorveja, kenk\u00e4koneita, puunty\u00f6st\u00f6koneita, metallinty\u00f6st\u00f6koneita, muovikoneita ja rakennuskoneita. Vahvalla sitoutumisellaan innovaatioihin ja laatuun FMP varmistaa, ett\u00e4 kaikki tuotteet t\u00e4ytt\u00e4v\u00e4t korkeimmat suorituskykystandardit.<\/p>\n<p>Kattavan tuotevalikoimamme lis\u00e4ksi tarjoamme ylpe\u00e4n\u00e4 r\u00e4\u00e4t\u00e4l\u00f6ityj\u00e4 ratkaisuja asiakkaidemme erityistarpeisiin. Tarvitsetpa sitten erikoismoottoreita, ep\u00e4standardituotteita tai integroituja j\u00e4rjestelmi\u00e4, FMP tekee tiivist\u00e4 yhteisty\u00f6t\u00e4 asiakkaiden kanssa toimittaakseen korkealaatuisia, r\u00e4\u00e4t\u00e4l\u00f6ityj\u00e4 ratkaisuja. Keskittymisemme tarkkuustekniikkaan ja asiakastyytyv\u00e4isyyteen vauhdittaa jatkuvaa menestyst\u00e4mme globaaleilla markkinoilla.<\/p>\n<p>FMP:ll\u00e4 olemme sitoutuneet rakentamaan pitk\u00e4aikaisia, molempia osapuolia hy\u00f6dytt\u00e4vi\u00e4 kumppanuuksia ja tukemaan asiakkaidemme menestyst\u00e4 jokaisessa projektissa.<\/p>\n<table style=\"border-collapse: collapse; width: 100.882%; height: 23px;\" border=\"0\" width=\"128\" cellspacing=\"0\" cellpadding=\"0\">\n<tbody>\n<tr style=\"height: 13.8pt;\">\n<td style=\"height: 10px; width: 50.3922%;\" align=\"right\" width=\"64\" height=\"18\"><img loading=\"lazy\" decoding=\"async\" class=\"alignnone size-full wp-image-3398\" src=\"https:\/\/fmp-components.com\/wp-content\/uploads\/2025\/01\/Three-Phase-Motor-Factory.webp\" alt=\"Kolmivaihemoottoritehdas\" width=\"900\" height=\"600\" title=\"\" srcset=\"https:\/\/fmp-components.com\/wp-content\/uploads\/2025\/01\/Three-Phase-Motor-Factory.webp 900w, https:\/\/fmp-components.com\/wp-content\/uploads\/2025\/01\/Three-Phase-Motor-Factory-480x320.webp 480w\" sizes=\"(min-width: 0px) and (max-width: 480px) 480px, (min-width: 481px) 900px, 100vw\" \/><\/td>\n<td style=\"width: 604.224%; height: 10px;\" align=\"right\" width=\"64\"><img loading=\"lazy\" decoding=\"async\" class=\"alignnone size-full wp-image-3399\" src=\"https:\/\/fmp-components.com\/wp-content\/uploads\/2025\/01\/Three-Phase-Motor-Factory-2.webp\" alt=\"Kolmivaihemoottoritehdas-2\" width=\"900\" height=\"600\" title=\"\" srcset=\"https:\/\/fmp-components.com\/wp-content\/uploads\/2025\/01\/Three-Phase-Motor-Factory-2.webp 900w, https:\/\/fmp-components.com\/wp-content\/uploads\/2025\/01\/Three-Phase-Motor-Factory-2-480x320.webp 480w\" sizes=\"(min-width: 0px) and (max-width: 480px) 480px, (min-width: 481px) 900px, 100vw\" \/><\/td>\n<\/tr>\n<tr style=\"height: 13.8pt;\">\n<td style=\"height: 13px; width: 50.3922%;\" align=\"right\" height=\"18\"><img loading=\"lazy\" decoding=\"async\" class=\"alignnone size-full wp-image-3400\" src=\"https:\/\/fmp-components.com\/wp-content\/uploads\/2025\/01\/China-Three-Phase-Motor-Factory-1.webp\" alt=\"Kolmivaihemoottoritehdas-1\" width=\"900\" height=\"600\" title=\"\" srcset=\"https:\/\/fmp-components.com\/wp-content\/uploads\/2025\/01\/China-Three-Phase-Motor-Factory-1.webp 900w, https:\/\/fmp-components.com\/wp-content\/uploads\/2025\/01\/China-Three-Phase-Motor-Factory-1-480x320.webp 480w\" sizes=\"(min-width: 0px) and (max-width: 480px) 480px, (min-width: 481px) 900px, 100vw\" \/><\/td>\n<td style=\"width: 604.224%; height: 13px;\" align=\"right\"><img loading=\"lazy\" decoding=\"async\" class=\"alignnone size-full wp-image-3401\" src=\"https:\/\/fmp-components.com\/wp-content\/uploads\/2025\/01\/Three-Phase-Motor-Factory-3.webp\" alt=\"Kolmivaihemoottoritehdas-3\" width=\"900\" height=\"600\" title=\"\" srcset=\"https:\/\/fmp-components.com\/wp-content\/uploads\/2025\/01\/Three-Phase-Motor-Factory-3.webp 900w, https:\/\/fmp-components.com\/wp-content\/uploads\/2025\/01\/Three-Phase-Motor-Factory-3-480x320.webp 480w\" sizes=\"(min-width: 0px) and (max-width: 480px) 480px, (min-width: 481px) 900px, 100vw\" \/><\/td>\n<\/tr>\n<tr>\n<td><img loading=\"lazy\" decoding=\"async\" class=\"alignnone size-full wp-image-3471\" src=\"https:\/\/fmp-components.com\/wp-content\/uploads\/2025\/01\/Single-Phase-Induction-Motor-Suppliers.webp\" alt=\"Yksivaiheisten induktiomoottorien toimittajat\" width=\"900\" height=\"600\" title=\"\" srcset=\"https:\/\/fmp-components.com\/wp-content\/uploads\/2025\/01\/Single-Phase-Induction-Motor-Suppliers.webp 900w, https:\/\/fmp-components.com\/wp-content\/uploads\/2025\/01\/Single-Phase-Induction-Motor-Suppliers-480x320.webp 480w\" sizes=\"(min-width: 0px) and (max-width: 480px) 480px, (min-width: 481px) 900px, 100vw\" \/><\/td>\n<td><img loading=\"lazy\" decoding=\"async\" class=\"alignnone size-full wp-image-3470\" src=\"https:\/\/fmp-components.com\/wp-content\/uploads\/2025\/01\/Single-Phase-Induction-Motor-Manufacturers-1.webp\" alt=\"Yksivaiheisten induktiomoottorien valmistajat-1\" width=\"900\" height=\"600\" title=\"\" srcset=\"https:\/\/fmp-components.com\/wp-content\/uploads\/2025\/01\/Single-Phase-Induction-Motor-Manufacturers-1.webp 900w, https:\/\/fmp-components.com\/wp-content\/uploads\/2025\/01\/Single-Phase-Induction-Motor-Manufacturers-1-480x320.webp 480w\" sizes=\"(min-width: 0px) and (max-width: 480px) 480px, (min-width: 481px) 900px, 100vw\" \/><\/td>\n<\/tr>\n<tr>\n<td><img loading=\"lazy\" decoding=\"async\" class=\"alignnone size-full wp-image-3472\" src=\"https:\/\/fmp-components.com\/wp-content\/uploads\/2025\/01\/Single-Phase-Induction-Motor-Manufacturers.webp\" alt=\"Yksivaiheisten induktiomoottorien valmistajat\" width=\"900\" height=\"600\" title=\"\" srcset=\"https:\/\/fmp-components.com\/wp-content\/uploads\/2025\/01\/Single-Phase-Induction-Motor-Manufacturers.webp 900w, https:\/\/fmp-components.com\/wp-content\/uploads\/2025\/01\/Single-Phase-Induction-Motor-Manufacturers-480x320.webp 480w\" sizes=\"(min-width: 0px) and (max-width: 480px) 480px, (min-width: 481px) 900px, 100vw\" \/><\/td>\n<td><img loading=\"lazy\" decoding=\"async\" class=\"alignnone size-full wp-image-3473\" src=\"https:\/\/fmp-components.com\/wp-content\/uploads\/2025\/01\/Single-Phase-Induction-Motor-for-Sale.webp\" alt=\"Yksivaiheinen-induktiomoottori-myyt\u00e4v\u00e4n\u00e4\" width=\"900\" height=\"600\" title=\"\" srcset=\"https:\/\/fmp-components.com\/wp-content\/uploads\/2025\/01\/Single-Phase-Induction-Motor-for-Sale.webp 900w, https:\/\/fmp-components.com\/wp-content\/uploads\/2025\/01\/Single-Phase-Induction-Motor-for-Sale-480x320.webp 480w\" sizes=\"(min-width: 0px) and (max-width: 480px) 480px, (min-width: 481px) 900px, 100vw\" \/><\/td>\n<\/tr>\n<\/tbody>\n<\/table>\n<p>Tekij\u00e4: CX<\/p>","protected":false},"excerpt":{"rendered":"<p>YVF2 Series(ip54) Three-phase Asynchronous Motors Application Conditions Elevation Be lower than 1000 meters Ambient Temperature -15\u2103 \u2264 0 \u2264 40\u2103 Relative Humidity Not higher than 90% Operating Mode S1 Insulation Degree F Rated Voltage 380 V Frequency 50 Hz Cooling Method IC416 Technical Data of YVF2 Series Asynchronous Motors Vibrations and noise while unloaded and [&hellip;]<\/p>","protected":false},"featured_media":3478,"comment_status":"open","ping_status":"closed","template":"","meta":{"_et_pb_use_builder":"","_et_pb_old_content":"","_et_gb_content_width":""},"product_brand":[],"product_cat":[86],"product_tag":[],"class_list":{"0":"post-3477","1":"product","2":"type-product","3":"status-publish","4":"has-post-thumbnail","6":"product_cat-ac-motors","8":"first","9":"instock","10":"shipping-taxable","11":"product-type-simple"},"_links":{"self":[{"href":"https:\/\/fmp-components.com\/fi\/wp-json\/wp\/v2\/product\/3477","targetHints":{"allow":["GET"]}}],"collection":[{"href":"https:\/\/fmp-components.com\/fi\/wp-json\/wp\/v2\/product"}],"about":[{"href":"https:\/\/fmp-components.com\/fi\/wp-json\/wp\/v2\/types\/product"}],"replies":[{"embeddable":true,"href":"https:\/\/fmp-components.com\/fi\/wp-json\/wp\/v2\/comments?post=3477"}],"wp:featuredmedia":[{"embeddable":true,"href":"https:\/\/fmp-components.com\/fi\/wp-json\/wp\/v2\/media\/3478"}],"wp:attachment":[{"href":"https:\/\/fmp-components.com\/fi\/wp-json\/wp\/v2\/media?parent=3477"}],"wp:term":[{"taxonomy":"product_brand","embeddable":true,"href":"https:\/\/fmp-components.com\/fi\/wp-json\/wp\/v2\/product_brand?post=3477"},{"taxonomy":"product_cat","embeddable":true,"href":"https:\/\/fmp-components.com\/fi\/wp-json\/wp\/v2\/product_cat?post=3477"},{"taxonomy":"product_tag","embeddable":true,"href":"https:\/\/fmp-components.com\/fi\/wp-json\/wp\/v2\/product_tag?post=3477"}],"curies":[{"name":"wp","href":"https:\/\/api.w.org\/{rel}","templated":true}]}}