{"id":3419,"date":"2025-01-07T06:47:41","date_gmt":"2025-01-07T06:47:41","guid":{"rendered":"https:\/\/fmp-components.com\/?page_id=8"},"modified":"2025-01-07T06:47:41","modified_gmt":"2025-01-07T06:47:41","slug":"ys-series-electric-motor","status":"publish","type":"product","link":"https:\/\/fmp-components.com\/fi\/product\/ys-series-electric-motor\/","title":{"rendered":"YS-sarjan s\u00e4hk\u00f6moottori"},"content":{"rendered":"<h2>YS-sarjan kolmivaiheisen asynkronisen moottorin k\u00e4ytt\u00f6olosuhteet<\/h2>\n<table style=\"width: 100%;\" border=\"1\" width=\"100%\" cellspacing=\"0\" cellpadding=\"0\">\n<tbody>\n<tr>\n<th>Ymp\u00e4rist\u00f6n l\u00e4mp\u00f6tila<\/th>\n<td>-15 \u2103 \u2013 40 \u2103<\/td>\n<\/tr>\n<tr>\n<th>Suhteellinen kosteus<\/th>\n<td>Ei korkeampi kuin 90%<\/td>\n<\/tr>\n<tr>\n<th>Korkeus<\/th>\n<td>Ole alle 1000 metrin korkeudessa<\/td>\n<\/tr>\n<tr>\n<th>Taajuus<\/th>\n<td>50 Hz<\/td>\n<\/tr>\n<tr>\n<th>Nimellisj\u00e4nnite<\/th>\n<td>220\/380V<\/td>\n<\/tr>\n<tr>\n<th>K\u00e4ytt\u00f6tila<\/th>\n<td>S1<\/td>\n<\/tr>\n<tr>\n<th>J\u00e4\u00e4hdytysmenetelm\u00e4<\/th>\n<td>IC0141<\/td>\n<\/tr>\n<\/tbody>\n<\/table>\n<h2>YS-sarjan s\u00e4hk\u00f6moottorien tekninen p\u00e4iv\u00e4m\u00e4\u00e4r\u00e4<\/h2>\n<p><img loading=\"lazy\" decoding=\"async\" class=\"alignnone size-full wp-image-3424\" src=\"https:\/\/fmp-components.com\/wp-content\/uploads\/2025\/01\/ys-motor-technical-data1-1.webp\" alt=\"ys-moottorin-tekniset-tiedot\" width=\"900\" height=\"449\" title=\"\" srcset=\"https:\/\/fmp-components.com\/wp-content\/uploads\/2025\/01\/ys-motor-technical-data1-1.webp 900w, https:\/\/fmp-components.com\/wp-content\/uploads\/2025\/01\/ys-motor-technical-data1-1-480x239.webp 480w\" sizes=\"(min-width: 0px) and (max-width: 480px) 480px, (min-width: 481px) 900px, 100vw\" \/><\/p>\n<p style=\"text-align: center;\">Liekki ilman jalkoja ja p\u00e4\u00e4tykilpi laipalla (sileill\u00e4 rei'ill\u00e4) - IMB5<\/p>\n<p><img loading=\"lazy\" decoding=\"async\" class=\"alignnone size-full wp-image-3427\" src=\"https:\/\/fmp-components.com\/wp-content\/uploads\/2025\/01\/ys-series-motor-11-1.webp\" alt=\"ys-sarjan moottori\" width=\"846\" height=\"187\" title=\"\" srcset=\"https:\/\/fmp-components.com\/wp-content\/uploads\/2025\/01\/ys-series-motor-11-1.webp 846w, https:\/\/fmp-components.com\/wp-content\/uploads\/2025\/01\/ys-series-motor-11-1-480x106.webp 480w\" sizes=\"(min-width: 0px) and (max-width: 480px) 480px, (min-width: 481px) 846px, 100vw\" \/> <img loading=\"lazy\" decoding=\"async\" class=\"alignnone size-full wp-image-3425\" src=\"https:\/\/fmp-components.com\/wp-content\/uploads\/2025\/01\/ys-motor-technical-data-21.webp\" alt=\"ys-moottorin-tekniset-tiedot-2\" width=\"900\" height=\"113\" title=\"\" srcset=\"https:\/\/fmp-components.com\/wp-content\/uploads\/2025\/01\/ys-motor-technical-data-21.webp 900w, https:\/\/fmp-components.com\/wp-content\/uploads\/2025\/01\/ys-motor-technical-data-21-480x60.webp 480w\" sizes=\"(min-width: 0px) and (max-width: 480px) 480px, (min-width: 481px) 900px, 100vw\" \/><\/p>\n<p style=\"text-align: center;\">Liekki ilman jalkoja ja p\u00e4\u00e4tykilpe\u00e4 laipalla (kierrerei'ill\u00e4) - IMB14<\/p>\n<p style=\"text-align: center;\"><img loading=\"lazy\" decoding=\"async\" class=\"alignnone size-full wp-image-3428\" src=\"https:\/\/fmp-components.com\/wp-content\/uploads\/2025\/01\/ys-series-motor-21.webp\" alt=\"ys-sarjan moottori\" width=\"988\" height=\"236\" title=\"\" srcset=\"https:\/\/fmp-components.com\/wp-content\/uploads\/2025\/01\/ys-series-motor-21.webp 988w, https:\/\/fmp-components.com\/wp-content\/uploads\/2025\/01\/ys-series-motor-21-980x234.webp 980w, https:\/\/fmp-components.com\/wp-content\/uploads\/2025\/01\/ys-series-motor-21-480x115.webp 480w\" sizes=\"(min-width: 0px) and (max-width: 480px) 480px, (min-width: 481px) and (max-width: 980px) 980px, (min-width: 981px) 988px, 100vw\" \/> <img loading=\"lazy\" decoding=\"async\" class=\"alignnone size-full wp-image-3426\" src=\"https:\/\/fmp-components.com\/wp-content\/uploads\/2025\/01\/ys-motor-technical-data-31.webp\" alt=\"ys-moottorin-tekniset-tiedot\" width=\"900\" height=\"143\" title=\"\" srcset=\"https:\/\/fmp-components.com\/wp-content\/uploads\/2025\/01\/ys-motor-technical-data-31.webp 900w, https:\/\/fmp-components.com\/wp-content\/uploads\/2025\/01\/ys-motor-technical-data-31-480x76.webp 480w\" sizes=\"(min-width: 0px) and (max-width: 480px) 480px, (min-width: 481px) 900px, 100vw\" \/><\/p>\n<h2>Tietoja FMP:st\u00e4<\/h2>\n<p>FMP on kansallinen korkean teknologian yritys, joka on erikoistunut edistyneiden moottoreiden ja s\u00e4hk\u00f6mekaanisten ratkaisujen suunnitteluun, kehitt\u00e4miseen ja tuotantoon. Keskitymme YE2-, YE3- ja YE4-sarjojen moottoreiden sek\u00e4 useiden johdannaistuotteiden valmistukseen. Tuotevalikoimaamme kuuluvat my\u00f6s kolmivaiheiset ja yksivaiheiset moottorit hydrauliikkapumpuille, alumiinikotelomoottorit, ep\u00e4standardit moottorit hydrauliikkapumpuille, s\u00e4hk\u00f6mekaanisesti integroidut turbiinivaihteistot ja muut erikoismoottorit.<\/p>\n<p>FMP:n tuotteita k\u00e4ytet\u00e4\u00e4n laajasti teollisuusautomaatiossa, ja ne palvelevat keskeisi\u00e4 sektoreita, kuten CNC-sorveja, kenk\u00e4koneita, puunty\u00f6st\u00f6koneita, metallinty\u00f6st\u00f6koneita, muovikoneita ja rakennuskoneita. Vahvalla sitoutumisellaan innovaatioihin ja laatuun FMP varmistaa, ett\u00e4 kaikki tuotteet t\u00e4ytt\u00e4v\u00e4t korkeimmat suorituskykystandardit.<\/p>\n<p>Kattavan tuotevalikoimamme lis\u00e4ksi tarjoamme ylpe\u00e4n\u00e4 r\u00e4\u00e4t\u00e4l\u00f6ityj\u00e4 ratkaisuja asiakkaidemme erityistarpeisiin. Tarvitsetpa sitten erikoismoottoreita, ep\u00e4standardituotteita tai integroituja j\u00e4rjestelmi\u00e4, FMP tekee tiivist\u00e4 yhteisty\u00f6t\u00e4 asiakkaiden kanssa toimittaakseen korkealaatuisia, r\u00e4\u00e4t\u00e4l\u00f6ityj\u00e4 ratkaisuja. Keskittymisemme tarkkuustekniikkaan ja asiakastyytyv\u00e4isyyteen vauhdittaa jatkuvaa menestyst\u00e4mme globaaleilla markkinoilla.<\/p>\n<p>FMP:ll\u00e4 olemme sitoutuneet rakentamaan pitk\u00e4aikaisia, molempia osapuolia hy\u00f6dytt\u00e4vi\u00e4 kumppanuuksia ja tukemaan asiakkaidemme menestyst\u00e4 jokaisessa projektissa.<\/p>\n<table style=\"border-collapse: collapse; width: 100.882%; height: 23px;\" border=\"0\" width=\"128\" cellspacing=\"0\" cellpadding=\"0\">\n<tbody>\n<tr style=\"height: 13.8pt;\">\n<td style=\"height: 10px; width: 50.3922%;\" align=\"right\" width=\"64\" height=\"18\"><img loading=\"lazy\" decoding=\"async\" class=\"alignnone size-full wp-image-3398\" src=\"https:\/\/fmp-components.com\/wp-content\/uploads\/2025\/01\/Three-Phase-Motor-Factory.webp\" alt=\"Kolmivaihemoottoritehdas\" width=\"900\" height=\"600\" title=\"\" srcset=\"https:\/\/fmp-components.com\/wp-content\/uploads\/2025\/01\/Three-Phase-Motor-Factory.webp 900w, https:\/\/fmp-components.com\/wp-content\/uploads\/2025\/01\/Three-Phase-Motor-Factory-480x320.webp 480w\" sizes=\"(min-width: 0px) and (max-width: 480px) 480px, (min-width: 481px) 900px, 100vw\" \/><\/td>\n<td style=\"width: 604.224%; height: 10px;\" align=\"right\" width=\"64\"><img loading=\"lazy\" decoding=\"async\" class=\"alignnone size-full wp-image-3399\" src=\"https:\/\/fmp-components.com\/wp-content\/uploads\/2025\/01\/Three-Phase-Motor-Factory-2.webp\" alt=\"Kolmivaihemoottoritehdas-2\" width=\"900\" height=\"600\" title=\"\" srcset=\"https:\/\/fmp-components.com\/wp-content\/uploads\/2025\/01\/Three-Phase-Motor-Factory-2.webp 900w, https:\/\/fmp-components.com\/wp-content\/uploads\/2025\/01\/Three-Phase-Motor-Factory-2-480x320.webp 480w\" sizes=\"(min-width: 0px) and (max-width: 480px) 480px, (min-width: 481px) 900px, 100vw\" \/><\/td>\n<\/tr>\n<tr style=\"height: 13.8pt;\">\n<td style=\"height: 13px; width: 50.3922%;\" align=\"right\" height=\"18\"><img loading=\"lazy\" decoding=\"async\" class=\"alignnone size-full wp-image-3400\" src=\"https:\/\/fmp-components.com\/wp-content\/uploads\/2025\/01\/China-Three-Phase-Motor-Factory-1.webp\" alt=\"Kolmivaihemoottoritehdas-1\" width=\"900\" height=\"600\" title=\"\" srcset=\"https:\/\/fmp-components.com\/wp-content\/uploads\/2025\/01\/China-Three-Phase-Motor-Factory-1.webp 900w, https:\/\/fmp-components.com\/wp-content\/uploads\/2025\/01\/China-Three-Phase-Motor-Factory-1-480x320.webp 480w\" sizes=\"(min-width: 0px) and (max-width: 480px) 480px, (min-width: 481px) 900px, 100vw\" \/><\/td>\n<td style=\"width: 604.224%; height: 13px;\" align=\"right\"><img loading=\"lazy\" decoding=\"async\" class=\"alignnone size-full wp-image-3401\" src=\"https:\/\/fmp-components.com\/wp-content\/uploads\/2025\/01\/Three-Phase-Motor-Factory-3.webp\" alt=\"Kolmivaihemoottoritehdas-3\" width=\"900\" height=\"600\" title=\"\" srcset=\"https:\/\/fmp-components.com\/wp-content\/uploads\/2025\/01\/Three-Phase-Motor-Factory-3.webp 900w, https:\/\/fmp-components.com\/wp-content\/uploads\/2025\/01\/Three-Phase-Motor-Factory-3-480x320.webp 480w\" sizes=\"(min-width: 0px) and (max-width: 480px) 480px, (min-width: 481px) 900px, 100vw\" \/><\/td>\n<\/tr>\n<\/tbody>\n<\/table>\n<p>Tekij\u00e4: CX<\/p>","protected":false},"excerpt":{"rendered":"<p>YS Series Three-phase Asynchronous Motor&#8217;s Application Conditions Ambient Temperature -15\u2103 &#8211; 40\u2103 Relative Humidity Not higher than 90% Elevation Be lower than 1000 meters Frequency 50 Hz Rated Voltage 220\/380V Operating Mode S1 Cooling Method IC0141 YS Series Electric Motors Technical Date Flame Without Feet and End-shield with Flange (with Plain Holes)-IMB5 Flame Without Feet [&hellip;]<\/p>","protected":false},"featured_media":3429,"comment_status":"open","ping_status":"closed","template":"","meta":{"_et_pb_use_builder":"","_et_pb_old_content":"","_et_gb_content_width":""},"product_brand":[],"product_cat":[86],"product_tag":[],"class_list":{"0":"post-3419","1":"product","2":"type-product","3":"status-publish","4":"has-post-thumbnail","6":"product_cat-ac-motors","8":"first","9":"instock","10":"shipping-taxable","11":"product-type-simple"},"_links":{"self":[{"href":"https:\/\/fmp-components.com\/fi\/wp-json\/wp\/v2\/product\/3419","targetHints":{"allow":["GET"]}}],"collection":[{"href":"https:\/\/fmp-components.com\/fi\/wp-json\/wp\/v2\/product"}],"about":[{"href":"https:\/\/fmp-components.com\/fi\/wp-json\/wp\/v2\/types\/product"}],"replies":[{"embeddable":true,"href":"https:\/\/fmp-components.com\/fi\/wp-json\/wp\/v2\/comments?post=3419"}],"wp:featuredmedia":[{"embeddable":true,"href":"https:\/\/fmp-components.com\/fi\/wp-json\/wp\/v2\/media\/3429"}],"wp:attachment":[{"href":"https:\/\/fmp-components.com\/fi\/wp-json\/wp\/v2\/media?parent=3419"}],"wp:term":[{"taxonomy":"product_brand","embeddable":true,"href":"https:\/\/fmp-components.com\/fi\/wp-json\/wp\/v2\/product_brand?post=3419"},{"taxonomy":"product_cat","embeddable":true,"href":"https:\/\/fmp-components.com\/fi\/wp-json\/wp\/v2\/product_cat?post=3419"},{"taxonomy":"product_tag","embeddable":true,"href":"https:\/\/fmp-components.com\/fi\/wp-json\/wp\/v2\/product_tag?post=3419"}],"curies":[{"name":"wp","href":"https:\/\/api.w.org\/{rel}","templated":true}]}}