{"id":3348,"date":"2025-01-07T01:30:15","date_gmt":"2025-01-07T01:30:15","guid":{"rendered":"https:\/\/fmp-components.com\/?page_id=8"},"modified":"2025-01-07T01:30:15","modified_gmt":"2025-01-07T01:30:15","slug":"low-noise-basic-dc-toy-motor-for-toy-car-tgp02s-a130","status":"publish","type":"product","link":"https:\/\/fmp-components.com\/fi\/product\/low-noise-basic-dc-toy-motor-for-toy-car-tgp02s-a130\/","title":{"rendered":"Hiljainen perus DC-lelumoottori leluautoille TGP02S-A130"},"content":{"rendered":"<h2>Perus-DC-lelumoottorin merkit<\/h2>\n<p>1. Yksiakselinen. Pieni koko 42,2 mm * 45,5 mm * 23 mm<br \/>\n2. DC-muoviset vaihdemoottorit, joilla on alhainen nopeus ja suuri v\u00e4\u00e4nt\u00f6momentti<br \/>\n3. Sopii pienille halkaisijoille, hiljaisille ja suurille v\u00e4\u00e4nt\u00f6momenteille<br \/>\n4. V\u00e4hennyssuhde: 48, 120, 180, 220, 288<\/p>\n<p><img loading=\"lazy\" decoding=\"async\" class=\"alignnone  wp-image-3352\" src=\"https:\/\/fmp-components.com\/wp-content\/uploads\/2025\/01\/fmp_4.TGP010-A130-2.webp\" alt=\"fmp_4.TGP010-A130-2\" width=\"918\" height=\"421\" title=\"\" srcset=\"https:\/\/fmp-components.com\/wp-content\/uploads\/2025\/01\/fmp_4.TGP010-A130-2.webp 918w, https:\/\/fmp-components.com\/wp-content\/uploads\/2025\/01\/fmp_4.TGP010-A130-2-480x220.webp 480w\" sizes=\"(min-width: 0px) and (max-width: 480px) 480px, (min-width: 481px) 918px, 100vw\" \/><\/p>\n<h2>Mini DC -moottorin tekniset tiedot<\/h2>\n<table style=\"width: 98.042%; height: 144px;\" border=\"1\">\n<tbody>\n<tr>\n<td style=\"width: 21.3647%;\">Moottorin malli nro<\/td>\n<td style=\"width: 15.8837%;\">Nimellisj\u00e4nnite<br \/>\nVDC<\/td>\n<td style=\"width: 16.6667%;\">Tyhj\u00e4k\u00e4yntinopeus<br \/>\nkierrosta minuutissa<\/td>\n<td style=\"width: 17.6734%;\">Tyhj\u00e4k\u00e4yntivirta<br \/>\nmA<\/td>\n<td style=\"width: 13.0872%;\">Pys\u00e4ytysmomentti<br \/>\ng.cm<\/td>\n<td style=\"width: 15.3244%;\">Pys\u00e4hdysvirta<br \/>\nA<\/td>\n<\/tr>\n<tr>\n<td style=\"width: 21.3647%;\">TFE-130RA-12215<\/td>\n<td style=\"width: 15.8837%;\">6.0<\/td>\n<td style=\"width: 16.6667%;\">11500<\/td>\n<td style=\"width: 17.6734%;\">120<\/td>\n<td style=\"width: 13.0872%;\">20<\/td>\n<td style=\"width: 15.3244%;\">0.85<\/td>\n<\/tr>\n<tr>\n<td style=\"width: 21.3647%;\">TFE-130RA-14175<\/td>\n<td style=\"width: 15.8837%;\">3.0<\/td>\n<td style=\"width: 16.6667%;\">8000<\/td>\n<td style=\"width: 17.6734%;\">120<\/td>\n<td style=\"width: 13.0872%;\">13<\/td>\n<td style=\"width: 15.3244%;\">0.70<\/td>\n<\/tr>\n<tr>\n<td style=\"width: 21.3647%;\">TFE-130RA-18100<\/td>\n<td style=\"width: 15.8837%;\">3.0<\/td>\n<td style=\"width: 16.6667%;\">11500<\/td>\n<td style=\"width: 17.6734%;\">250<\/td>\n<td style=\"width: 13.0872%;\">20<\/td>\n<td style=\"width: 15.3244%;\">1.80<\/td>\n<\/tr>\n<\/tbody>\n<\/table>\n<h2>Vaihdemoottorin tekniset tiedot<\/h2>\n<table style=\"width: 98.042%; height: 120px;\" border=\"1\">\n<tbody>\n<tr style=\"height: 30px;\">\n<th style=\"height: 30px; width: 32.774%; text-align: left;\">Vaihteiston malli<\/th>\n<td style=\"height: 30px; width: 68.0089%;\">TGP01D-A130-12215-XXX<\/td>\n<\/tr>\n<tr style=\"height: 30px;\">\n<th style=\"height: 30px; width: 32.774%; text-align: left;\">Pelkistyssuhteet<\/th>\n<td style=\"height: 30px; width: 68.0089%;\">48, 120, 180, 220, 288<\/td>\n<\/tr>\n<tr style=\"height: 30px;\">\n<th style=\"height: 30px; width: 32.774%; text-align: left;\">Kuormittamattomat nopeudet (rpm)<\/th>\n<td style=\"height: 30px; width: 68.0089%;\">230, 90, 60, 50, 38<\/td>\n<\/tr>\n<tr style=\"height: 30px;\">\n<th style=\"height: 30px; width: 32.774%; text-align: left;\">Suurin hetkellinen toleranssimomentti (kg.cm)<\/th>\n<td style=\"height: 30px; width: 68.0089%;\">0.7, 1.4, 2.0, 2.2, 2.8<\/td>\n<\/tr>\n<\/tbody>\n<\/table>\n<h2>Vaihteisto moottorilla<\/h2>\n<table style=\"width: 98.7983%; height: 96px;\" border=\"1\">\n<tbody>\n<tr style=\"height: 24px;\">\n<th style=\"height: 24px; text-align: left; width: 38.4787%;\">Vaihteiston malli<\/th>\n<td style=\"height: 24px; width: 63.0872%;\">TGP01D-A130-14175-XXX<\/td>\n<\/tr>\n<tr style=\"height: 24px;\">\n<th style=\"height: 24px; text-align: left; width: 38.4787%;\">Pelkistyssuhteet<\/th>\n<td style=\"height: 24px; width: 63.0872%;\">48, 120, 180, 220, 288<\/td>\n<\/tr>\n<tr style=\"height: 24px;\">\n<th style=\"height: 24px; text-align: left; width: 38.4787%;\">Kuormittamattomat nopeudet (rpm)<\/th>\n<td style=\"height: 24px; width: 63.0872%;\">150, 60, 40, 33, 25<\/td>\n<\/tr>\n<tr style=\"height: 24px;\">\n<th style=\"height: 24px; text-align: left; width: 38.4787%;\">Suurin hetkellinen toleranssimomentti (kg.cm)<\/th>\n<td style=\"height: 24px; width: 63.0872%;\">0.5, 0.9, 1.2, 1.4, 1.8<\/td>\n<\/tr>\n<\/tbody>\n<\/table>\n<table style=\"color: #666666; font-size: 14px; width: 98.9666%; height: 142px;\" border=\"1\">\n<tbody>\n<tr style=\"height: 24px;\">\n<th style=\"text-align: left; width: 38.5906%; height: 24px;\">Vaihteiston malli<\/th>\n<td style=\"width: 61.8421%; height: 24px;\">TGP01D-A130-18100-XXX<\/td>\n<\/tr>\n<tr style=\"height: 24px;\">\n<th style=\"text-align: left; width: 38.5906%; height: 24px;\">Pelkistyssuhteet<\/th>\n<td style=\"width: 61.8421%; height: 24px;\">48, 120, 180, 220, 288<\/td>\n<\/tr>\n<tr style=\"height: 24px;\">\n<th style=\"text-align: left; width: 38.5906%; height: 24px;\">Kuormittamattomat nopeudet (rpm)<\/th>\n<td style=\"width: 61.8421%; height: 24px;\">230, 90, 60, 50, 38<\/td>\n<\/tr>\n<tr style=\"height: 24px;\">\n<th style=\"text-align: left; width: 38.5906%; height: 24px;\">Suurin hetkellinen toleranssimomentti (kg.cm)<\/th>\n<td style=\"width: 61.8421%; height: 24px;\">0.7, 1.4, 2.0, 2.2, 2.8<\/td>\n<\/tr>\n<\/tbody>\n<\/table>\n<h2>Muu Muovinen vaihdelaatikko plus A130 DC moottori<\/h2>\n<table style=\"width: 100%; height: 71px;\" border=\"1\" width=\"100%\" cellspacing=\"0\" cellpadding=\"0\">\n<tbody>\n<tr style=\"height: 13.8pt;\">\n<td style=\"height: 13px; width: 49.892%;\" align=\"right\" width=\"64\" height=\"18\"><img loading=\"lazy\" decoding=\"async\" class=\"alignnone size-full wp-image-3344\" src=\"https:\/\/fmp-components.com\/wp-content\/uploads\/2025\/01\/fmp_1.TGP010-A130-1-1.webp\" alt=\"fmp_1.TGP010-A130-1-1\" width=\"600\" height=\"600\" title=\"\" srcset=\"https:\/\/fmp-components.com\/wp-content\/uploads\/2025\/01\/fmp_1.TGP010-A130-1-1.webp 600w, https:\/\/fmp-components.com\/wp-content\/uploads\/2025\/01\/fmp_1.TGP010-A130-1-1-480x480.webp 480w\" sizes=\"(min-width: 0px) and (max-width: 480px) 480px, (min-width: 481px) 600px, 100vw\" \/><\/td>\n<td style=\"width: 49.892%; height: 13px;\" align=\"right\" width=\"64\"><img loading=\"lazy\" decoding=\"async\" class=\"alignnone size-full wp-image-3345\" src=\"https:\/\/fmp-components.com\/wp-content\/uploads\/2025\/01\/fmp_2.TGP010-A130-1-1.webp\" alt=\"fmp_2.TGP010-A130-1-1\" width=\"600\" height=\"600\" title=\"\" srcset=\"https:\/\/fmp-components.com\/wp-content\/uploads\/2025\/01\/fmp_2.TGP010-A130-1-1.webp 600w, https:\/\/fmp-components.com\/wp-content\/uploads\/2025\/01\/fmp_2.TGP010-A130-1-1-480x480.webp 480w\" sizes=\"(min-width: 0px) and (max-width: 480px) 480px, (min-width: 481px) 600px, 100vw\" \/><\/td>\n<\/tr>\n<tr style=\"height: 22px;\">\n<td style=\"height: 22px; text-align: center;\"><strong>TGP01D-A130<\/strong><\/td>\n<td style=\"height: 22px; text-align: center;\"><strong>TGP01S-A130<\/strong><\/td>\n<\/tr>\n<tr style=\"height: 13.8pt;\">\n<td style=\"height: 13px; width: 49.892%;\" align=\"right\" height=\"18\"><img loading=\"lazy\" decoding=\"async\" class=\"alignnone size-full wp-image-3346\" src=\"https:\/\/fmp-components.com\/wp-content\/uploads\/2025\/01\/fmp_3.TGP010-A130-1.webp\" alt=\"fmp_3.TGP010-A130-1\" width=\"600\" height=\"600\" title=\"\" srcset=\"https:\/\/fmp-components.com\/wp-content\/uploads\/2025\/01\/fmp_3.TGP010-A130-1.webp 600w, https:\/\/fmp-components.com\/wp-content\/uploads\/2025\/01\/fmp_3.TGP010-A130-1-480x480.webp 480w\" sizes=\"(min-width: 0px) and (max-width: 480px) 480px, (min-width: 481px) 600px, 100vw\" \/><\/td>\n<td style=\"width: 49.892%; height: 13px;\" align=\"right\"><img loading=\"lazy\" decoding=\"async\" class=\"alignnone size-full wp-image-3347\" src=\"https:\/\/fmp-components.com\/wp-content\/uploads\/2025\/01\/fmp_4.TGP010-A130-1.webp\" alt=\"fmp_4.TGP010-A130-1\" width=\"600\" height=\"600\" title=\"\" srcset=\"https:\/\/fmp-components.com\/wp-content\/uploads\/2025\/01\/fmp_4.TGP010-A130-1.webp 600w, https:\/\/fmp-components.com\/wp-content\/uploads\/2025\/01\/fmp_4.TGP010-A130-1-480x480.webp 480w\" sizes=\"(min-width: 0px) and (max-width: 480px) 480px, (min-width: 481px) 600px, 100vw\" \/><\/td>\n<\/tr>\n<tr style=\"height: 23px;\">\n<td style=\"height: 23px; text-align: center;\"><strong>TGP02D-A130<\/strong><\/td>\n<td style=\"height: 23px; text-align: center;\"><strong>TGP02S-A130<\/strong><\/td>\n<\/tr>\n<\/tbody>\n<\/table>\n<h2 data-pm-slice=\"0 0 []\">Matalakohinaisen perus-DC-lelumoottorin ominaisuudet<\/h2>\n<p>Matalakohinainen perus-DC-lelumoottori on suunniteltu tarjoamaan luotettavaa suorituskyky\u00e4 ja minimoimaan melutasoa, joten se sopii erinomaisesti k\u00e4ytett\u00e4v\u00e4ksi erilaisissa lelusovelluksissa ja pienitehoisissa laitteissa. Alla on lueteltu t\u00e4m\u00e4n moottorin t\u00e4rkeimm\u00e4t ominaisuudet:<\/p>\n<p>1. <strong>Hiljainen k\u00e4ytt\u00f6<\/strong><\/p>\n<ul>\n<li>Moottori on erityisesti suunniteltu toimimaan hiljaisesti, mik\u00e4 varmistaa, ett\u00e4 k\u00e4yt\u00f6n aikana syntyv\u00e4 melu on minimaalinen. T\u00e4m\u00e4 ominaisuus on erityisen hy\u00f6dyllinen leluissa ja laitteissa, joissa halutaan hiljainen k\u00e4ytt\u00f6kokemus.<\/li>\n<\/ul>\n<p>2. <strong>Kompakti muotoilu<\/strong><\/p>\n<ul>\n<li>Tilaa s\u00e4\u00e4st\u00e4v\u00e4ksi suunniteltu moottori on pieni ja kevyt, joten se on helppo integroida erilaisiin lelumalleihin lis\u00e4\u00e4m\u00e4tt\u00e4 tarpeetonta kokoa.<\/li>\n<\/ul>\n<p>3. <strong>Energiatehokkuus<\/strong><\/p>\n<ul>\n<li>Moottori on kokoonsa ja tehoonsa n\u00e4hden tehokas virrankulutuksessa, joten se on ihanteellinen valinta paristok\u00e4ytt\u00f6isille leluille tai muille pienille laitteille, jotka vaativat v\u00e4h\u00e4n energiaa.<\/li>\n<\/ul>\n<p>4. <strong>Kest\u00e4vyys<\/strong><\/p>\n<ul>\n<li>Kest\u00e4v\u00e4ksi rakennettu moottori on valmistettu korkealaatuisista materiaaleista, mik\u00e4 varmistaa pitk\u00e4aikaisen luotettavuuden ja tasaisen suorituskyvyn tyypillisiss\u00e4 k\u00e4ytt\u00f6olosuhteissa.<\/li>\n<\/ul>\n<p><strong>5. Alhainen virrankulutus<\/strong><\/p>\n<ul>\n<li>Moottori on suunniteltu toimimaan tehokkaasti pienill\u00e4 virtal\u00e4hteill\u00e4 (kuten AA-paristoilla tai pienill\u00e4 tasavirtal\u00e4hteill\u00e4), ja se kuluttaa v\u00e4h\u00e4n virtaa, mik\u00e4 auttaa pident\u00e4m\u00e4\u00e4n akun k\u00e4ytt\u00f6ik\u00e4\u00e4 leluissa tai muissa sovelluksissa.<\/li>\n<\/ul>\n<p>T\u00e4m\u00e4 moottori sopii erinomaisesti k\u00e4ytett\u00e4v\u00e4ksi leluautoissa, pieniss\u00e4 roboteissa, opetuspaketeissa ja muissa laitteissa, jotka vaativat hiljaisen, energiatehokkaan ja luotettavan moottorin pienimuotoisiin sovelluksiin.<\/p>\n<h2>Tietoja FMP:st\u00e4<\/h2>\n<p>FMP on johtava valmistaja, joka on erikoistunut tarkkuusvaihteistojen, hydraulisylintereiden, moottoreiden, nivelakseleiden, mikromoottoreiden ja laajan valikoiman muiden kriittisten komponenttien suunnitteluun, kehitt\u00e4miseen ja tuotantoon. Taitavan tiimimme omistautumisen ja kovan ty\u00f6n ansiosta olemme asemoineet itsemme alan johtajaksi. Tuotteitamme myyd\u00e4\u00e4n laajalti Euroopassa, Pohjois-Amerikassa, Kaakkois-Aasiassa ja muilla t\u00e4rkeill\u00e4 markkinoilla, ja olemme ansainneet vahvan maineen laadusta ja erinomaisuudesta. Asiakkaamme ylist\u00e4v\u00e4t jatkuvasti tuotteidemme suorituskyky\u00e4 ja luotettavuutta.<\/p>\n<p>FMP:ll\u00e4 meill\u00e4 on k\u00e4yt\u00f6ss\u00e4mme huippuluokan tuotantotilat, kuten laajat valmistuspajat, toimistotilat ja ty\u00f6ntekij\u00f6iden majoitustilat. Meill\u00e4 on my\u00f6s huippuluokan tutkimus- ja kehityslaitteet, tuotanto- ja testauslaitteet. Omistetut suunnittelu-, muotinvalmistus- ja kokoonpano-osastomme ovat hyvin varusteltuja tarjoamaan t\u00e4ysin r\u00e4\u00e4t\u00e4l\u00f6ityj\u00e4 ratkaisuja, jotka vastaavat jokaisen asiakkaan ainutlaatuisiin tarpeisiin. Vankan teknisen perustan, virtaviivaistettujen tuotantoprosessien ja tehokkaan johtamisj\u00e4rjestelm\u00e4n avulla FMP varmistaa, ett\u00e4 kaikki tuotteet t\u00e4ytt\u00e4v\u00e4t alan korkeimmat standardit.<\/p>\n<p>Laatu on toimintamme ytimess\u00e4. Materiaalivalinnasta ja suunnittelusta tuotantoon, toimitukseen ja asiakaspalautteeseen, kiinnit\u00e4mme tarkkaa huomiota jokaiseen yksityiskohtaan. Asiakastyytyv\u00e4isyys on meille t\u00e4rkeint\u00e4, ja olemme sitoutuneet tarjoamaan poikkeuksellista palvelua prosessin jokaisessa vaiheessa. FMP ei keskity liialliseen voittoon, vaan pitk\u00e4aikaisten, molempia osapuolia hy\u00f6dytt\u00e4vien kumppanuuksien rakentamiseen asiakkaidemme kanssa varmistaen kest\u00e4v\u00e4n kasvun ja menestyksen.<\/p>\n<p>Otamme mielell\u00e4mme vastaan \u200b\u200byhteisty\u00f6mahdollisuuksia ja odotamme innolla valoisamman tulevaisuuden luomista kumppaneidemme kanssa. R\u00e4\u00e4t\u00e4l\u00f6idyt ratkaisumme on suunniteltu vastaamaan asiakkaidemme kehittyviin tarpeisiin varmistaen, ett\u00e4 jokainen projekti saa ansaitsemansa t\u00e4yden huomion ja asiantuntemuksen. Etsitp\u00e4 sitten vakiotuotteita tai r\u00e4\u00e4t\u00e4l\u00f6ityj\u00e4 ratkaisuja, FMP on omistautunut tukemaan menestyst\u00e4si jokaisessa vaiheessa.<\/p>\n<p><img loading=\"lazy\" decoding=\"async\" class=\"alignnone size-full wp-image-3335\" src=\"https:\/\/fmp-components.com\/wp-content\/uploads\/2025\/01\/DC-motor-tgp01d-a130-product-1.webp\" alt=\"DC-moottori-tgp01d-a130\" width=\"883\" height=\"574\" title=\"\" srcset=\"https:\/\/fmp-components.com\/wp-content\/uploads\/2025\/01\/DC-motor-tgp01d-a130-product-1.webp 883w, https:\/\/fmp-components.com\/wp-content\/uploads\/2025\/01\/DC-motor-tgp01d-a130-product-1-480x312.webp 480w\" sizes=\"(min-width: 0px) and (max-width: 480px) 480px, (min-width: 481px) 883px, 100vw\" \/><\/p>\n<p>Tekij\u00e4: CX<\/p>","protected":false},"excerpt":{"rendered":"<p>Characters Of Basic DC Toy Motor 1. Single shaft.Small size 42.2mm*45.5mm*23mm 2. DC plastic gear motor with low speed and big torque 3. Suitable for small diameter, low noise, and big toque application 4. Reduction Ratio: 48\u3001120\u3001180\u3001220\u3001288 Mini DC Motor Technical Data Motor model No Rated voltage VDC No-load speed r\/min No-load current mA Stall [&hellip;]<\/p>","protected":false},"featured_media":3353,"comment_status":"open","ping_status":"closed","template":"","meta":{"_et_pb_use_builder":"","_et_pb_old_content":"","_et_gb_content_width":""},"product_brand":[],"product_cat":[85],"product_tag":[],"class_list":{"0":"post-3348","1":"product","2":"type-product","3":"status-publish","4":"has-post-thumbnail","6":"product_cat-dc-motors","8":"first","9":"instock","10":"shipping-taxable","11":"product-type-simple"},"_links":{"self":[{"href":"https:\/\/fmp-components.com\/fi\/wp-json\/wp\/v2\/product\/3348","targetHints":{"allow":["GET"]}}],"collection":[{"href":"https:\/\/fmp-components.com\/fi\/wp-json\/wp\/v2\/product"}],"about":[{"href":"https:\/\/fmp-components.com\/fi\/wp-json\/wp\/v2\/types\/product"}],"replies":[{"embeddable":true,"href":"https:\/\/fmp-components.com\/fi\/wp-json\/wp\/v2\/comments?post=3348"}],"wp:featuredmedia":[{"embeddable":true,"href":"https:\/\/fmp-components.com\/fi\/wp-json\/wp\/v2\/media\/3353"}],"wp:attachment":[{"href":"https:\/\/fmp-components.com\/fi\/wp-json\/wp\/v2\/media?parent=3348"}],"wp:term":[{"taxonomy":"product_brand","embeddable":true,"href":"https:\/\/fmp-components.com\/fi\/wp-json\/wp\/v2\/product_brand?post=3348"},{"taxonomy":"product_cat","embeddable":true,"href":"https:\/\/fmp-components.com\/fi\/wp-json\/wp\/v2\/product_cat?post=3348"},{"taxonomy":"product_tag","embeddable":true,"href":"https:\/\/fmp-components.com\/fi\/wp-json\/wp\/v2\/product_tag?post=3348"}],"curies":[{"name":"wp","href":"https:\/\/api.w.org\/{rel}","templated":true}]}}