{"id":3341,"date":"2025-01-07T01:06:38","date_gmt":"2025-01-07T01:06:38","guid":{"rendered":"https:\/\/fmp-components.com\/?page_id=8"},"modified":"2025-01-07T01:16:32","modified_gmt":"2025-01-07T01:16:32","slug":"plastic-gearbox-motor-tgp02d-a130-for-toy-robot-remote-control-toy-cars","status":"publish","type":"product","link":"https:\/\/fmp-components.com\/fi\/product\/plastic-gearbox-motor-tgp02d-a130-for-toy-robot-remote-control-toy-cars\/","title":{"rendered":"Muovinen vaihdelaatikkomoottori TGP02D-A130 lelurobottien kauko-ohjattaville leluautoille"},"content":{"rendered":"<h2>Hahmot:<\/h2>\n<p>1. Kaksinkertainen akseli. Pieni koko 42,2 mm * 45,5 mm * 23 mm<br \/>\n2. DC-muoviset vaihdemoottorit, joilla on alhainen nopeus ja suuri v\u00e4\u00e4nt\u00f6momentti<br \/>\n3. Sopii pienille halkaisijoille, hiljaisille ja suurille v\u00e4\u00e4nt\u00f6momenteille<br \/>\n4. V\u00e4hennyssuhde: 48, 120, 180, 220, 288<\/p>\n<p><img loading=\"lazy\" decoding=\"async\" class=\"alignnone wp-image-3349\" src=\"https:\/\/fmp-components.com\/wp-content\/uploads\/2025\/01\/fmp_3.TGP010-A130-2.webp\" alt=\"fmp_3.TGP010-A130-2\" width=\"909\" height=\"423\" title=\"\" srcset=\"https:\/\/fmp-components.com\/wp-content\/uploads\/2025\/01\/fmp_3.TGP010-A130-2.webp 909w, https:\/\/fmp-components.com\/wp-content\/uploads\/2025\/01\/fmp_3.TGP010-A130-2-480x223.webp 480w\" sizes=\"(min-width: 0px) and (max-width: 480px) 480px, (min-width: 481px) 909px, 100vw\" \/><\/p>\n<h2>Mini DC -moottorin tekniset tiedot<\/h2>\n<table style=\"width: 98.042%; height: 144px;\" border=\"1\">\n<tbody>\n<tr>\n<td style=\"width: 21.3647%;\">Moottorin malli nro<\/td>\n<td style=\"width: 15.8837%;\">Nimellisj\u00e4nnite<br \/>\nVDC<\/td>\n<td style=\"width: 16.6667%;\">Tyhj\u00e4k\u00e4yntinopeus<br \/>\nkierrosta minuutissa<\/td>\n<td style=\"width: 17.6734%;\">Tyhj\u00e4k\u00e4yntivirta<br \/>\nmA<\/td>\n<td style=\"width: 13.0872%;\">Pys\u00e4ytysmomentti<br \/>\ng.cm<\/td>\n<td style=\"width: 15.3244%;\">Pys\u00e4hdysvirta<br \/>\nA<\/td>\n<\/tr>\n<tr>\n<td style=\"width: 21.3647%;\">TFE-130RA-12215<\/td>\n<td style=\"width: 15.8837%;\">6.0<\/td>\n<td style=\"width: 16.6667%;\">11500<\/td>\n<td style=\"width: 17.6734%;\">120<\/td>\n<td style=\"width: 13.0872%;\">20<\/td>\n<td style=\"width: 15.3244%;\">0.85<\/td>\n<\/tr>\n<tr>\n<td style=\"width: 21.3647%;\">TFE-130RA-14175<\/td>\n<td style=\"width: 15.8837%;\">3.0<\/td>\n<td style=\"width: 16.6667%;\">8000<\/td>\n<td style=\"width: 17.6734%;\">120<\/td>\n<td style=\"width: 13.0872%;\">13<\/td>\n<td style=\"width: 15.3244%;\">0.70<\/td>\n<\/tr>\n<tr>\n<td style=\"width: 21.3647%;\">TFE-130RA-18100<\/td>\n<td style=\"width: 15.8837%;\">3.0<\/td>\n<td style=\"width: 16.6667%;\">11500<\/td>\n<td style=\"width: 17.6734%;\">250<\/td>\n<td style=\"width: 13.0872%;\">20<\/td>\n<td style=\"width: 15.3244%;\">1.80<\/td>\n<\/tr>\n<\/tbody>\n<\/table>\n<h2>Vaihdemoottorin tekniset tiedot<\/h2>\n<table style=\"width: 98.042%; height: 120px;\" border=\"1\">\n<tbody>\n<tr style=\"height: 30px;\">\n<th style=\"height: 30px; width: 32.774%; text-align: left;\">Vaihteiston malli<\/th>\n<td style=\"height: 30px; width: 68.0089%;\">TGP01D-A130-12215-XXX<\/td>\n<\/tr>\n<tr style=\"height: 30px;\">\n<th style=\"height: 30px; width: 32.774%; text-align: left;\">Pelkistyssuhteet<\/th>\n<td style=\"height: 30px; width: 68.0089%;\">48, 120, 180, 220, 288<\/td>\n<\/tr>\n<tr style=\"height: 30px;\">\n<th style=\"height: 30px; width: 32.774%; text-align: left;\">Kuormittamattomat nopeudet (rpm)<\/th>\n<td style=\"height: 30px; width: 68.0089%;\">230, 90, 60, 50, 38<\/td>\n<\/tr>\n<tr style=\"height: 30px;\">\n<th style=\"height: 30px; width: 32.774%; text-align: left;\">Suurin hetkellinen toleranssimomentti (kg.cm)<\/th>\n<td style=\"height: 30px; width: 68.0089%;\">0.7, 1.4, 2.0, 2.2, 2.8<\/td>\n<\/tr>\n<\/tbody>\n<\/table>\n<h2>Vaihteisto moottorilla<\/h2>\n<table style=\"width: 98.7983%; height: 96px;\" border=\"1\">\n<tbody>\n<tr style=\"height: 24px;\">\n<th style=\"height: 24px; text-align: left; width: 38.4787%;\">Vaihteiston malli<\/th>\n<td style=\"height: 24px; width: 63.0872%;\">TGP01D-A130-14175-XXX<\/td>\n<\/tr>\n<tr style=\"height: 24px;\">\n<th style=\"height: 24px; text-align: left; width: 38.4787%;\">Pelkistyssuhteet<\/th>\n<td style=\"height: 24px; width: 63.0872%;\">48, 120, 180, 220, 288<\/td>\n<\/tr>\n<tr style=\"height: 24px;\">\n<th style=\"height: 24px; text-align: left; width: 38.4787%;\">Kuormittamattomat nopeudet (rpm)<\/th>\n<td style=\"height: 24px; width: 63.0872%;\">150, 60, 40, 33, 25<\/td>\n<\/tr>\n<tr style=\"height: 24px;\">\n<th style=\"height: 24px; text-align: left; width: 38.4787%;\">Suurin hetkellinen toleranssimomentti (kg.cm)<\/th>\n<td style=\"height: 24px; width: 63.0872%;\">0.5, 0.9, 1.2, 1.4, 1.8<\/td>\n<\/tr>\n<\/tbody>\n<\/table>\n<table style=\"color: #666666; font-size: 14px; width: 98.9666%; height: 142px;\" border=\"1\">\n<tbody>\n<tr style=\"height: 24px;\">\n<th style=\"text-align: left; width: 38.5906%; height: 24px;\">Vaihteiston malli<\/th>\n<td style=\"width: 61.8421%; height: 24px;\">TGP01D-A130-18100-XXX<\/td>\n<\/tr>\n<tr style=\"height: 24px;\">\n<th style=\"text-align: left; width: 38.5906%; height: 24px;\">Pelkistyssuhteet<\/th>\n<td style=\"width: 61.8421%; height: 24px;\">48, 120, 180, 220, 288<\/td>\n<\/tr>\n<tr style=\"height: 24px;\">\n<th style=\"text-align: left; width: 38.5906%; height: 24px;\">Kuormittamattomat nopeudet (rpm)<\/th>\n<td style=\"width: 61.8421%; height: 24px;\">230, 90, 60, 50, 38<\/td>\n<\/tr>\n<tr style=\"height: 24px;\">\n<th style=\"text-align: left; width: 38.5906%; height: 24px;\">Suurin hetkellinen toleranssimomentti (kg.cm)<\/th>\n<td style=\"width: 61.8421%; height: 24px;\">0.7, 1.4, 2.0, 2.2, 2.8<\/td>\n<\/tr>\n<\/tbody>\n<\/table>\n<p>&nbsp;<\/p>\n<table border=\"1\" width=\"100%\" cellspacing=\"0\" cellpadding=\"0\">\n<tbody>\n<tr>\n<td colspan=\"2\" rowspan=\"3\" width=\"131\" height=\"65\" data-spm-anchor-id=\"a2700.details.0.i21.659d3e61kGVPBR\">MALLI<\/td>\n<td rowspan=\"3\" width=\"75\">V\u00c4HENNYSSUHDE<\/td>\n<td colspan=\"2\" width=\"133\">J\u00c4NNITE<\/td>\n<td colspan=\"2\" width=\"117\">EI KUORMAA<\/td>\n<td colspan=\"4\" width=\"228\">MAKSIMAALINEN TEHOKKUUS<\/td>\n<td colspan=\"2\" width=\"118\">PILTTUU<\/td>\n<\/tr>\n<tr>\n<td rowspan=\"2\" width=\"75\">TOIMINTATALA<\/td>\n<td width=\"58\">NIMELLINEN<\/td>\n<td width=\"55\">NOPEUS<\/td>\n<td width=\"62\">NYKYINEN<\/td>\n<td width=\"55\">NOPEUS<\/td>\n<td width=\"62\">NYKYINEN<\/td>\n<td width=\"56\">V\u00c4\u00c4NT\u00d6MOMENTTI<\/td>\n<td width=\"55\">TULOS<\/td>\n<td width=\"56\">V\u00c4\u00c4NT\u00d6MOMENTTI<\/td>\n<td width=\"62\">NYKYINEN<\/td>\n<\/tr>\n<tr>\n<td width=\"58\">V<\/td>\n<td width=\"55\">rpm<\/td>\n<td width=\"62\">A<\/td>\n<td width=\"55\">rpm<\/td>\n<td width=\"62\">A<\/td>\n<td width=\"56\">kg.cm<\/td>\n<td width=\"55\">L\u00e4nsi<\/td>\n<td width=\"56\">kg.cm<\/td>\n<td width=\"62\">A<\/td>\n<\/tr>\n<tr>\n<td colspan=\"2\" width=\"131\" height=\"24\">T130-02-06500<\/td>\n<td width=\"75\">48\/1<\/td>\n<td width=\"75\">3.0~7.0<\/td>\n<td width=\"58\">6.0<\/td>\n<td width=\"55\">500<\/td>\n<td width=\"62\">0.21<\/td>\n<td width=\"55\">416<\/td>\n<td width=\"62\">1.04<\/td>\n<td width=\"56\">0.4<\/td>\n<td width=\"55\">1.71<\/td>\n<td width=\"56\">2.4<\/td>\n<td width=\"62\">5.2<\/td>\n<\/tr>\n<tr>\n<td colspan=\"2\" width=\"131\" height=\"24\">T130-02-06200<\/td>\n<td width=\"75\">120\/1<\/td>\n<td width=\"75\">3.0~7.0<\/td>\n<td width=\"58\">6.0<\/td>\n<td width=\"55\">200<\/td>\n<td width=\"62\">0.21<\/td>\n<td width=\"55\">415<\/td>\n<td width=\"62\">1.06<\/td>\n<td width=\"56\">1.0<\/td>\n<td width=\"55\">4.26<\/td>\n<td width=\"56\">5.9<\/td>\n<td width=\"62\">5.2<\/td>\n<\/tr>\n<tr>\n<td colspan=\"2\" width=\"131\" height=\"24\">T130-02-09175<\/td>\n<td width=\"75\">48\/1<\/td>\n<td width=\"75\">3.0~10.0<\/td>\n<td width=\"58\">9.0<\/td>\n<td width=\"55\">175<\/td>\n<td width=\"62\">0.09<\/td>\n<td width=\"55\">133<\/td>\n<td width=\"62\">0.17<\/td>\n<td width=\"56\">0.3<\/td>\n<td width=\"55\">0.41<\/td>\n<td width=\"56\">1.3<\/td>\n<td width=\"62\">0.55<\/td>\n<\/tr>\n<tr>\n<td colspan=\"2\" width=\"131\" height=\"24\">T130-02-0938<\/td>\n<td width=\"75\">220\/1<\/td>\n<td width=\"75\">3.0~10.0<\/td>\n<td width=\"58\">9.0<\/td>\n<td width=\"55\">38<\/td>\n<td width=\"62\">0.09<\/td>\n<td width=\"55\">31<\/td>\n<td width=\"62\">0.14<\/td>\n<td width=\"56\">1.0<\/td>\n<td width=\"55\">0.32<\/td>\n<td width=\"56\">5.8<\/td>\n<td width=\"62\">0.55<\/td>\n<\/tr>\n<tr>\n<td colspan=\"2\" width=\"131\" height=\"24\">T130-02-1260<\/td>\n<td width=\"75\">220\/1<\/td>\n<td width=\"75\">3.0~13.0<\/td>\n<td width=\"58\">12.0<\/td>\n<td width=\"55\">60<\/td>\n<td width=\"62\">0.05<\/td>\n<td width=\"55\">48<\/td>\n<td width=\"62\">0.2<\/td>\n<td width=\"56\">1.5<\/td>\n<td width=\"55\">0.74<\/td>\n<td width=\"56\">5.8<\/td>\n<td width=\"62\">0.85<\/td>\n<\/tr>\n<\/tbody>\n<\/table>\n<h2>Muu Muovinen vaihdelaatikko plus A130 DC moottori<\/h2>\n<table style=\"width: 100%; height: 71px;\" border=\"1\" width=\"100%\" cellspacing=\"0\" cellpadding=\"0\">\n<tbody>\n<tr style=\"height: 13.8pt;\">\n<td style=\"height: 13px; width: 49.892%;\" align=\"right\" width=\"64\" height=\"18\"><img loading=\"lazy\" decoding=\"async\" class=\"alignnone size-full wp-image-3344\" src=\"https:\/\/fmp-components.com\/wp-content\/uploads\/2025\/01\/fmp_1.TGP010-A130-1-1.webp\" alt=\"fmp_1.TGP010-A130-1-1\" width=\"600\" height=\"600\" title=\"\" srcset=\"https:\/\/fmp-components.com\/wp-content\/uploads\/2025\/01\/fmp_1.TGP010-A130-1-1.webp 600w, https:\/\/fmp-components.com\/wp-content\/uploads\/2025\/01\/fmp_1.TGP010-A130-1-1-480x480.webp 480w\" sizes=\"(min-width: 0px) and (max-width: 480px) 480px, (min-width: 481px) 600px, 100vw\" \/><\/td>\n<td style=\"width: 49.892%; height: 13px;\" align=\"right\" width=\"64\"><img loading=\"lazy\" decoding=\"async\" class=\"alignnone size-full wp-image-3345\" src=\"https:\/\/fmp-components.com\/wp-content\/uploads\/2025\/01\/fmp_2.TGP010-A130-1-1.webp\" alt=\"fmp_2.TGP010-A130-1-1\" width=\"600\" height=\"600\" title=\"\" srcset=\"https:\/\/fmp-components.com\/wp-content\/uploads\/2025\/01\/fmp_2.TGP010-A130-1-1.webp 600w, https:\/\/fmp-components.com\/wp-content\/uploads\/2025\/01\/fmp_2.TGP010-A130-1-1-480x480.webp 480w\" sizes=\"(min-width: 0px) and (max-width: 480px) 480px, (min-width: 481px) 600px, 100vw\" \/><\/td>\n<\/tr>\n<tr style=\"height: 22px;\">\n<td style=\"height: 22px; text-align: center;\"><strong>TGP01D-A130<\/strong><\/td>\n<td style=\"height: 22px; text-align: center;\"><strong>TGP01S-A130<\/strong><\/td>\n<\/tr>\n<tr style=\"height: 13.8pt;\">\n<td style=\"height: 13px; width: 49.892%;\" align=\"right\" height=\"18\"><img loading=\"lazy\" decoding=\"async\" class=\"alignnone size-full wp-image-3346\" src=\"https:\/\/fmp-components.com\/wp-content\/uploads\/2025\/01\/fmp_3.TGP010-A130-1.webp\" alt=\"fmp_3.TGP010-A130-1\" width=\"600\" height=\"600\" title=\"\" srcset=\"https:\/\/fmp-components.com\/wp-content\/uploads\/2025\/01\/fmp_3.TGP010-A130-1.webp 600w, https:\/\/fmp-components.com\/wp-content\/uploads\/2025\/01\/fmp_3.TGP010-A130-1-480x480.webp 480w\" sizes=\"(min-width: 0px) and (max-width: 480px) 480px, (min-width: 481px) 600px, 100vw\" \/><\/td>\n<td style=\"width: 49.892%; height: 13px;\" align=\"right\"><img loading=\"lazy\" decoding=\"async\" class=\"alignnone size-full wp-image-3347\" src=\"https:\/\/fmp-components.com\/wp-content\/uploads\/2025\/01\/fmp_4.TGP010-A130-1.webp\" alt=\"fmp_4.TGP010-A130-1\" width=\"600\" height=\"600\" title=\"\" srcset=\"https:\/\/fmp-components.com\/wp-content\/uploads\/2025\/01\/fmp_4.TGP010-A130-1.webp 600w, https:\/\/fmp-components.com\/wp-content\/uploads\/2025\/01\/fmp_4.TGP010-A130-1-480x480.webp 480w\" sizes=\"(min-width: 0px) and (max-width: 480px) 480px, (min-width: 481px) 600px, 100vw\" \/><\/td>\n<\/tr>\n<tr style=\"height: 23px;\">\n<td style=\"height: 23px; text-align: center;\"><strong>TGP02D-A130<\/strong><\/td>\n<td style=\"height: 23px; text-align: center;\"><strong>TGP02S-A130<\/strong><\/td>\n<\/tr>\n<\/tbody>\n<\/table>\n<h2>Sovellus\uff1a<\/h2>\n<table style=\"width: 100%;\" border=\"1\" width=\"100%\" cellspacing=\"0\" cellpadding=\"0\">\n<tbody>\n<tr>\n<th>Sovellusalueet<\/th>\n<td><strong>Liiketoimintakoneet:<\/strong> Pankkiautomaatit, kopiokoneet ja skannerit, valuutan k\u00e4sittely, myyntipisteet, tulostimet, myyntiautomaatit.<br \/>\n<strong>Ruoka ja juoma:<\/strong> Juomien annostelu, sauvasekoittimet, tehosekoittimet, vatkaimet, kahvinkeittimet, monitoimikoneet, mehulingot, rasvakeittimet, j\u00e4\u00e4palakoneet, soijamaidon koneet.<br \/>\n<strong>Kamera ja optinen:<\/strong> Video, kamerat, projektorit.<br \/>\n<strong>S\u00e4hk\u00f6ty\u00f6kalut:<\/strong> Porakoneet ja ruuvinv\u00e4\u00e4ntimet, hiomakoneet, kiillotuskoneet, sahat.<br \/>\n<strong>Nurmikko ja puutarha:<\/strong> Ruohonleikkurit, lumilingot, trimmerit, lehtipuhaltimet.<\/td>\n<\/tr>\n<\/tbody>\n<\/table>\n<h2 data-pm-slice=\"0 0 []\">Muovisen vaihdelaatikkomoottorin TGP02D-A130 ominaisuudet<\/h2>\n<p>TGP02D-A130 on tehokas muovinen vaihteistomoottori, joka tarjoaa monipuolisen ja luotettavan ratkaisun monenlaisiin sovelluksiin. T\u00e4m\u00e4 moottori yhdist\u00e4\u00e4 kest\u00e4v\u00e4n muovisen vaihteiston tehokkaaseen tasavirtamoottoriin, joten se sopii erinomaisesti erilaisiin matalan ja keskisuuren v\u00e4\u00e4nt\u00f6momentin vaatimuksiin. Alla on lueteltu TGP02D-A130:n t\u00e4rkeimm\u00e4t ominaisuudet:<\/p>\n<ol>\n<li><strong>Kompakti muotoilu<\/strong>Muovinen vaihdelaatikkomoottori on kompaktin kokoinen, joten se on helppo integroida ahtaisiin sovelluksiin tehosta tinkim\u00e4tt\u00e4.<\/li>\n<li><strong>Tehokas suorituskyky<\/strong>Tehokkaalla tasavirtamoottorilla varustettu TGP02D-A130 tarjoaa tasaisen ja tehokkaan suorituskyvyn sek\u00e4 tasaisen v\u00e4\u00e4nt\u00f6momentin ja nopeuden, jotka sopivat monenlaisiin k\u00e4ytt\u00f6tarkoituksiin.<\/li>\n<li><strong>Kest\u00e4v\u00e4 muovinen vaihdelaatikko<\/strong>Moottori on yhdistetty kest\u00e4v\u00e4\u00e4n muovivaihteistoon, mik\u00e4 varmistaa pitk\u00e4ik\u00e4isen suorituskyvyn ja v\u00e4hent\u00e4\u00e4 kokoonpanon kokonaispainoa, mik\u00e4 on erityisen hy\u00f6dyllist\u00e4 kevyiss\u00e4 sovelluksissa.<\/li>\n<li><strong>Hiljainen k\u00e4ytt\u00f6<\/strong>Hiljaiseksi toimimaan suunniteltu TGP02D-A130 sopii erinomaisesti sovelluksiin, joissa melunvaimennus on kriittisen t\u00e4rke\u00e4\u00e4, kuten kodinkoneissa ja leluissa.<\/li>\n<li><strong>Monipuolisuus<\/strong>T\u00e4m\u00e4 moottori on eritt\u00e4in monipuolinen ja sit\u00e4 voidaan k\u00e4ytt\u00e4\u00e4 monenlaisissa laitteissa, kuten robottij\u00e4rjestelmiss\u00e4, malleissa, pieniss\u00e4 koneissa ja muissa laitteissa, jotka vaativat tarkkaa liikkeenohjausta.<\/li>\n<\/ol>\n<p>Yhteenvetona voidaan todeta, ett\u00e4 TGP02D-A130-muovinen vaihdelaatikkomoottori on luotettava, kustannustehokas ja tehokas ratkaisu erilaisiin pienitehoisiin ja keskitehoisiin sovelluksiin. Se yhdist\u00e4\u00e4 muovisen vaihdelaatikon lujuuden tasavirtamoottorin tarkkuuteen tarjoten korkean suorituskyvyn kompaktissa ja monipuolisessa rakenteessa.<\/p>\n<h2>Tietoja FMP:st\u00e4<\/h2>\n<p>FMP on johtava valmistaja, joka tunnetaan asiantuntemuksestaan \u200b\u200btarkkuusvaihteistojen, hydraulisylintereiden, moottoreiden, nivelakseleiden, mikromoottoreiden ja laajan valikoiman muiden t\u00e4rkeiden komponenttien suunnittelussa, kehitt\u00e4misess\u00e4 ja tuotannossa. Taitavan tiimimme omistautumisen ja asiantuntemuksen ansiosta olemme vakiinnuttaneet asemamme alan merkitt\u00e4v\u00e4n\u00e4 toimijana. Tuotteitamme myyd\u00e4\u00e4n Euroopassa, Pohjois-Amerikassa, Kaakkois-Aasiassa ja muilla t\u00e4rkeill\u00e4 globaaleilla markkinoilla, joilla ne ovat ansainneet erinomaisen maineen laadusta, luotettavuudesta ja suorituskyvyst\u00e4.<\/p>\n<p>FMP:ll\u00e4 meill\u00e4 on k\u00e4yt\u00f6ss\u00e4mme edistyneet tuotantotilat, kuten tilavat tuotantoty\u00f6pajat, modernit toimistotilat ja ty\u00f6ntekij\u00f6iden majoitustilat. Huippuluokan tutkimus- ja kehitys-, tuotanto- ja testauslaitteistomme mahdollistavat asiakkaillemme eritt\u00e4in erikoistuneiden ja r\u00e4\u00e4t\u00e4l\u00f6ityjen ratkaisujen tarjoamisen. Vahvojen teknisten valmiuksien, tehokkaiden tuotantoprosessien ja vankan johtamisj\u00e4rjestelm\u00e4n avulla varmistamme, ett\u00e4 jokainen tuote t\u00e4ytt\u00e4\u00e4 tai ylitt\u00e4\u00e4 alan korkeimmat standardit.<\/p>\n<p>Laatu on keskeist\u00e4 kaikessa toiminnassamme. Materiaalivalinnasta ja suunnittelusta tuotantoon, toimitukseen ja asiakaspalautteeseen, pid\u00e4mme kiinni pikkutarkasta huomiosta yksityiskohtiin. Asiakastyytyv\u00e4isyys on ensisijainen tavoitteemme, ja olemme sitoutuneet tarjoamaan erinomaista palvelua koko prosessin ajan. FMP asettaa etusijalle pitk\u00e4aikaiset, molempia osapuolia hy\u00f6dytt\u00e4v\u00e4t suhteet asiakkaisiimme ja edist\u00e4\u00e4 kasvua ja menestyst\u00e4 lyhytaikaisen voiton sijaan.<\/p>\n<p>Olemme aina avoimia yhteisty\u00f6lle ja odotamme innolla valoisamman tulevaisuuden rakentamista kumppaneidemme kanssa. R\u00e4\u00e4t\u00e4l\u00f6idyt ratkaisumme on suunniteltu mukautumaan asiakkaidemme kehittyviin tarpeisiin varmistaen, ett\u00e4 jokainen projekti saa ansaitsemansa t\u00e4yden huomion ja asiantuntemuksen. Tarvitsetpa sitten vakiotuotteita tai r\u00e4\u00e4t\u00e4l\u00f6ityj\u00e4 ratkaisuja, FMP on sitoutunut tukemaan menestyst\u00e4si matkan jokaisessa vaiheessa.<\/p>\n<p><img loading=\"lazy\" decoding=\"async\" class=\"alignnone size-full wp-image-3335\" src=\"https:\/\/fmp-components.com\/wp-content\/uploads\/2025\/01\/DC-motor-tgp01d-a130-product-1.webp\" alt=\"DC-moottori-tgp01d-a130\" width=\"883\" height=\"574\" title=\"\" srcset=\"https:\/\/fmp-components.com\/wp-content\/uploads\/2025\/01\/DC-motor-tgp01d-a130-product-1.webp 883w, https:\/\/fmp-components.com\/wp-content\/uploads\/2025\/01\/DC-motor-tgp01d-a130-product-1-480x312.webp 480w\" sizes=\"(min-width: 0px) and (max-width: 480px) 480px, (min-width: 481px) 883px, 100vw\" \/><\/p>\n<p>Tekij\u00e4: CX<\/p>","protected":false},"excerpt":{"rendered":"<p>Characters: 1. Double shaft.Small size 42.2mm*45.5mm*23mm 2. DC plastic gear motor with low speed and big torque 3. Suitable for small diameter, low noise, and big toque application 4. Reduction Ratio: 48\u3001120\u3001180\u3001220\u3001288 Mini DC Motor Technical Data Motor model No Rated voltage VDC No-load speed r\/min No-load current mA Stall torque g.cm Stall current A [&hellip;]<\/p>","protected":false},"featured_media":3351,"comment_status":"open","ping_status":"closed","template":"","meta":{"_et_pb_use_builder":"","_et_pb_old_content":"","_et_gb_content_width":""},"product_brand":[],"product_cat":[85],"product_tag":[],"class_list":{"0":"post-3341","1":"product","2":"type-product","3":"status-publish","4":"has-post-thumbnail","6":"product_cat-dc-motors","8":"first","9":"instock","10":"shipping-taxable","11":"product-type-simple"},"_links":{"self":[{"href":"https:\/\/fmp-components.com\/fi\/wp-json\/wp\/v2\/product\/3341","targetHints":{"allow":["GET"]}}],"collection":[{"href":"https:\/\/fmp-components.com\/fi\/wp-json\/wp\/v2\/product"}],"about":[{"href":"https:\/\/fmp-components.com\/fi\/wp-json\/wp\/v2\/types\/product"}],"replies":[{"embeddable":true,"href":"https:\/\/fmp-components.com\/fi\/wp-json\/wp\/v2\/comments?post=3341"}],"wp:featuredmedia":[{"embeddable":true,"href":"https:\/\/fmp-components.com\/fi\/wp-json\/wp\/v2\/media\/3351"}],"wp:attachment":[{"href":"https:\/\/fmp-components.com\/fi\/wp-json\/wp\/v2\/media?parent=3341"}],"wp:term":[{"taxonomy":"product_brand","embeddable":true,"href":"https:\/\/fmp-components.com\/fi\/wp-json\/wp\/v2\/product_brand?post=3341"},{"taxonomy":"product_cat","embeddable":true,"href":"https:\/\/fmp-components.com\/fi\/wp-json\/wp\/v2\/product_cat?post=3341"},{"taxonomy":"product_tag","embeddable":true,"href":"https:\/\/fmp-components.com\/fi\/wp-json\/wp\/v2\/product_tag?post=3341"}],"curies":[{"name":"wp","href":"https:\/\/api.w.org\/{rel}","templated":true}]}}