{"id":332,"date":"2024-12-09T07:11:22","date_gmt":"2024-12-09T07:11:22","guid":{"rendered":"https:\/\/fmp-components.com\/?page_id=8"},"modified":"2024-12-09T07:14:00","modified_gmt":"2024-12-09T07:14:00","slug":"forklift-distance-adjustment-hydraulic-cylinder","status":"publish","type":"product","link":"https:\/\/fmp-components.com\/fi\/product\/forklift-distance-adjustment-hydraulic-cylinder\/","title":{"rendered":"Trukin et\u00e4isyyden s\u00e4\u00e4t\u00f6 hydraulisylinteri"},"content":{"rendered":"<p style=\"text-align: center;\"><span style=\"font-size: 18pt;\">Trukin et\u00e4isyyden s\u00e4\u00e4t\u00f6 hydraulisylinteri<\/span><\/p>\n<p><img loading=\"lazy\" decoding=\"async\" class=\"size-full wp-image-343 aligncenter\" src=\"https:\/\/fmp-components.com\/wp-content\/uploads\/2024\/12\/Forklift-Distance-Adjustment-Hydraulic-Cylinder.webp\" alt=\"Trukin et\u00e4isyyden s\u00e4\u00e4t\u00f6 hydraulisylinteri\" width=\"500\" height=\"500\" title=\"\" srcset=\"https:\/\/fmp-components.com\/wp-content\/uploads\/2024\/12\/Forklift-Distance-Adjustment-Hydraulic-Cylinder.webp 500w, https:\/\/fmp-components.com\/wp-content\/uploads\/2024\/12\/Forklift-Distance-Adjustment-Hydraulic-Cylinder-480x480.webp 480w\" sizes=\"(min-width: 0px) and (max-width: 480px) 480px, (min-width: 481px) 500px, 100vw\" \/><\/p>\n<h2>Trukin et\u00e4isyyden s\u00e4\u00e4t\u00f6 hydraulisylinterin mitat:<\/h2>\n<table>\n<tbody>\n<tr>\n<td>\n<h2><img loading=\"lazy\" decoding=\"async\" class=\"alignnone size-full wp-image-333\" src=\"https:\/\/fmp-components.com\/wp-content\/uploads\/2024\/12\/Forklift-Distance-Adjustment-Hydraulic-Cylinder-Dimensions-1.webp\" alt=\"Trukin-Et\u00e4isyyden-S\u00e4\u00e4t\u00f6-Hydraulisylinteri-Mitat\" width=\"600\" height=\"240\" title=\"\" srcset=\"https:\/\/fmp-components.com\/wp-content\/uploads\/2024\/12\/Forklift-Distance-Adjustment-Hydraulic-Cylinder-Dimensions-1.webp 600w, https:\/\/fmp-components.com\/wp-content\/uploads\/2024\/12\/Forklift-Distance-Adjustment-Hydraulic-Cylinder-Dimensions-1-480x192.webp 480w\" sizes=\"(min-width: 0px) and (max-width: 480px) 480px, (min-width: 481px) 600px, 100vw\" \/><\/h2>\n<\/td>\n<td>\n<h2><img loading=\"lazy\" decoding=\"async\" class=\"alignnone size-full wp-image-334\" src=\"https:\/\/fmp-components.com\/wp-content\/uploads\/2024\/12\/Forklift-Distance-Adjustment-Hydraulic-Cylinder-Dimensions-2.webp\" alt=\"Trukin-Et\u00e4isyyden-S\u00e4\u00e4t\u00f6-Hydraulisylinteri-Mitat\" width=\"600\" height=\"240\" title=\"\" srcset=\"https:\/\/fmp-components.com\/wp-content\/uploads\/2024\/12\/Forklift-Distance-Adjustment-Hydraulic-Cylinder-Dimensions-2.webp 600w, https:\/\/fmp-components.com\/wp-content\/uploads\/2024\/12\/Forklift-Distance-Adjustment-Hydraulic-Cylinder-Dimensions-2-480x192.webp 480w\" sizes=\"(min-width: 0px) and (max-width: 480px) 480px, (min-width: 481px) 600px, 100vw\" \/><\/h2>\n<\/td>\n<\/tr>\n<\/tbody>\n<\/table>\n<table border=\"1\" cellspacing=\"0\" cellpadding=\"0\">\n<tbody>\n<tr>\n<td width=\"246\">Sylinterin nimi<\/td>\n<td width=\"336\">Piirustusnumero<\/td>\n<td width=\"126\">Rei\u00e4n halkaisija (D)<\/td>\n<td width=\"123\">Tangon halkaisija (d)<\/td>\n<td width=\"114\">Isku (S)<\/td>\n<td width=\"170\">Asennuset\u00e4isyys (L)<\/td>\n<td width=\"172\">Ty\u00f6paine<\/td>\n<td width=\"366\">Liit\u00e4nn\u00e4n mitat (M)<\/td>\n<td width=\"96\">Paino<\/td>\n<\/tr>\n<tr>\n<td class=\"et3\" width=\"246\" height=\"286\">Et\u00e4isyyden s\u00e4\u00e4t\u00f6sylinteri<\/td>\n<td class=\"et4\" width=\"336\">3CS17G-30-00T4<\/td>\n<td class=\"et4\" width=\"126\">\u03a650<\/td>\n<td class=\"et4\" width=\"123\">\u03a625<\/td>\n<td class=\"et4\" width=\"114\">295<\/td>\n<td class=\"et4\" width=\"170\">503<\/td>\n<td class=\"et4\" width=\"172\">16MPa<\/td>\n<td class=\"et4\" width=\"366\">2-M16*1.5<\/td>\n<td class=\"et4\" width=\"96\">7 kg<\/td>\n<\/tr>\n<\/tbody>\n<\/table>\n<table>\n<tbody>\n<tr>\n<td>\n<h2><img loading=\"lazy\" decoding=\"async\" class=\"alignnone size-full wp-image-335\" src=\"https:\/\/fmp-components.com\/wp-content\/uploads\/2024\/12\/Forklift-Distance-Adjustment-Hydraulic-Cylinder-Dimensions-3.webp\" alt=\"Trukin-Et\u00e4isyyden-S\u00e4\u00e4t\u00f6-Hydraulisylinteri-Mitat\" width=\"680\" height=\"260\" title=\"\" srcset=\"https:\/\/fmp-components.com\/wp-content\/uploads\/2024\/12\/Forklift-Distance-Adjustment-Hydraulic-Cylinder-Dimensions-3.webp 680w, https:\/\/fmp-components.com\/wp-content\/uploads\/2024\/12\/Forklift-Distance-Adjustment-Hydraulic-Cylinder-Dimensions-3-480x184.webp 480w\" sizes=\"(min-width: 0px) and (max-width: 480px) 480px, (min-width: 481px) 680px, 100vw\" \/><\/h2>\n<\/td>\n<td>\n<h2><img loading=\"lazy\" decoding=\"async\" class=\"alignnone size-full wp-image-336\" src=\"https:\/\/fmp-components.com\/wp-content\/uploads\/2024\/12\/Forklift-Distance-Adjustment-Hydraulic-Cylinder-Dimensions-4.webp\" alt=\"Trukin-Et\u00e4isyyden-S\u00e4\u00e4t\u00f6-Hydraulisylinteri-Mitat\" width=\"680\" height=\"260\" title=\"\" srcset=\"https:\/\/fmp-components.com\/wp-content\/uploads\/2024\/12\/Forklift-Distance-Adjustment-Hydraulic-Cylinder-Dimensions-4.webp 680w, https:\/\/fmp-components.com\/wp-content\/uploads\/2024\/12\/Forklift-Distance-Adjustment-Hydraulic-Cylinder-Dimensions-4-480x184.webp 480w\" sizes=\"(min-width: 0px) and (max-width: 480px) 480px, (min-width: 481px) 680px, 100vw\" \/><\/h2>\n<\/td>\n<\/tr>\n<\/tbody>\n<\/table>\n<table border=\"1\" cellspacing=\"0\" cellpadding=\"0\">\n<tbody>\n<tr>\n<td width=\"246\">Sylinterin nimi<\/td>\n<td width=\"336\">Piirustusnumero<\/td>\n<td width=\"126\">Rei\u00e4n halkaisija (D)<\/td>\n<td width=\"123\">Tangon halkaisija (d)<\/td>\n<td width=\"114\">Isku (S)<\/td>\n<td width=\"170\">Asennuset\u00e4isyys (L)<\/td>\n<td width=\"172\">Ty\u00f6paine<\/td>\n<td width=\"366\">Liit\u00e4nn\u00e4n mitat (M)<\/td>\n<td width=\"96\">Paino<\/td>\n<\/tr>\n<tr>\n<td class=\"et3\" width=\"246\" height=\"286\">Et\u00e4isyyden s\u00e4\u00e4t\u00f6sylinteri<\/td>\n<td class=\"et4\" width=\"336\">7B3-303000-00TA<\/td>\n<td class=\"et4\" width=\"126\">\u03a650<\/td>\n<td class=\"et4\" width=\"123\">\u03a628<\/td>\n<td class=\"et4\" width=\"114\">750<\/td>\n<td class=\"et4\" width=\"170\">1040<\/td>\n<td class=\"et4\" width=\"172\">18MPa<\/td>\n<td class=\"et4\" width=\"366\">M14 * 1,5; M16 * 1,5<\/td>\n<td class=\"et4\" width=\"96\">14 kg<\/td>\n<\/tr>\n<\/tbody>\n<\/table>\n<table>\n<tbody>\n<tr>\n<td>\n<h2><img loading=\"lazy\" decoding=\"async\" class=\"alignnone size-full wp-image-337\" src=\"https:\/\/fmp-components.com\/wp-content\/uploads\/2024\/12\/Forklift-Distance-Adjustment-Hydraulic-Cylinder-Dimensions-5.webp\" alt=\"Trukin-Et\u00e4isyyden-S\u00e4\u00e4t\u00f6-Hydraulisylinteri-Mitat\" width=\"680\" height=\"280\" title=\"\" srcset=\"https:\/\/fmp-components.com\/wp-content\/uploads\/2024\/12\/Forklift-Distance-Adjustment-Hydraulic-Cylinder-Dimensions-5.webp 680w, https:\/\/fmp-components.com\/wp-content\/uploads\/2024\/12\/Forklift-Distance-Adjustment-Hydraulic-Cylinder-Dimensions-5-480x198.webp 480w\" sizes=\"(min-width: 0px) and (max-width: 480px) 480px, (min-width: 481px) 680px, 100vw\" \/><\/h2>\n<\/td>\n<td>\n<h2><img loading=\"lazy\" decoding=\"async\" class=\"alignnone size-full wp-image-338\" src=\"https:\/\/fmp-components.com\/wp-content\/uploads\/2024\/12\/Forklift-Distance-Adjustment-Hydraulic-Cylinder-Dimensions-6.webp\" alt=\"Trukin-Et\u00e4isyyden-S\u00e4\u00e4t\u00f6-Hydraulisylinteri-Mitat\" width=\"680\" height=\"280\" title=\"\" srcset=\"https:\/\/fmp-components.com\/wp-content\/uploads\/2024\/12\/Forklift-Distance-Adjustment-Hydraulic-Cylinder-Dimensions-6.webp 680w, https:\/\/fmp-components.com\/wp-content\/uploads\/2024\/12\/Forklift-Distance-Adjustment-Hydraulic-Cylinder-Dimensions-6-480x198.webp 480w\" sizes=\"(min-width: 0px) and (max-width: 480px) 480px, (min-width: 481px) 680px, 100vw\" \/><\/h2>\n<\/td>\n<\/tr>\n<\/tbody>\n<\/table>\n<table border=\"1\" cellspacing=\"0\" cellpadding=\"0\">\n<tbody>\n<tr>\n<td width=\"246\">Sylinterin nimi<\/td>\n<td width=\"336\">Piirustusnumero<\/td>\n<td width=\"126\">Rei\u00e4n halkaisija (D)<\/td>\n<td width=\"123\">Tangon halkaisija (d)<\/td>\n<td width=\"114\">Isku (S)<\/td>\n<td width=\"170\">Asennuset\u00e4isyys (L)<\/td>\n<td width=\"172\">Ty\u00f6paine<\/td>\n<td width=\"366\">Liit\u00e4nn\u00e4n mitat (M)<\/td>\n<td width=\"96\">Paino<\/td>\n<\/tr>\n<tr>\n<td class=\"et3\" width=\"246\" height=\"284\">Et\u00e4isyyden s\u00e4\u00e4t\u00f6sylinteri<\/td>\n<td class=\"et4\" width=\"336\">5CS17-40-00Z<\/td>\n<td class=\"et4\" width=\"126\">\u03a650<\/td>\n<td class=\"et4\" width=\"123\">\u03a625<\/td>\n<td class=\"et4\" width=\"114\">619<\/td>\n<td class=\"et4\" width=\"170\">889<\/td>\n<td class=\"et4\" width=\"172\">15MPa<\/td>\n<td class=\"et4\" width=\"366\">M14*1.5<\/td>\n<td class=\"et4\" width=\"96\">13 kg<\/td>\n<\/tr>\n<\/tbody>\n<\/table>\n<table>\n<tbody>\n<tr>\n<td>\n<h2><img loading=\"lazy\" decoding=\"async\" class=\"alignnone size-full wp-image-339\" src=\"https:\/\/fmp-components.com\/wp-content\/uploads\/2024\/12\/Forklift-Distance-Adjustment-Hydraulic-Cylinder-Dimensions-7.webp\" alt=\"Trukin-Et\u00e4isyyden-S\u00e4\u00e4t\u00f6-Hydraulisylinteri-Mitat\" width=\"680\" height=\"290\" title=\"\" srcset=\"https:\/\/fmp-components.com\/wp-content\/uploads\/2024\/12\/Forklift-Distance-Adjustment-Hydraulic-Cylinder-Dimensions-7.webp 680w, https:\/\/fmp-components.com\/wp-content\/uploads\/2024\/12\/Forklift-Distance-Adjustment-Hydraulic-Cylinder-Dimensions-7-480x205.webp 480w\" sizes=\"(min-width: 0px) and (max-width: 480px) 480px, (min-width: 481px) 680px, 100vw\" \/><\/h2>\n<\/td>\n<td>\n<h2><img loading=\"lazy\" decoding=\"async\" class=\"alignnone size-full wp-image-340\" src=\"https:\/\/fmp-components.com\/wp-content\/uploads\/2024\/12\/Forklift-Distance-Adjustment-Hydraulic-Cylinder-Dimensions-8.webp\" alt=\"Trukin-Et\u00e4isyyden-S\u00e4\u00e4t\u00f6-Hydraulisylinteri-Mitat\" width=\"680\" height=\"290\" title=\"\" srcset=\"https:\/\/fmp-components.com\/wp-content\/uploads\/2024\/12\/Forklift-Distance-Adjustment-Hydraulic-Cylinder-Dimensions-8.webp 680w, https:\/\/fmp-components.com\/wp-content\/uploads\/2024\/12\/Forklift-Distance-Adjustment-Hydraulic-Cylinder-Dimensions-8-480x205.webp 480w\" sizes=\"(min-width: 0px) and (max-width: 480px) 480px, (min-width: 481px) 680px, 100vw\" \/><\/h2>\n<\/td>\n<\/tr>\n<\/tbody>\n<\/table>\n<table border=\"1\" cellspacing=\"0\" cellpadding=\"0\">\n<tbody>\n<tr>\n<td width=\"246\">Sylinterin nimi<\/td>\n<td width=\"336\">Piirustusnumero<\/td>\n<td width=\"126\">Rei\u00e4n halkaisija (D)<\/td>\n<td width=\"123\">Tangon halkaisija (d)<\/td>\n<td width=\"114\">Isku (S)<\/td>\n<td width=\"170\">Asennuset\u00e4isyys (L)<\/td>\n<td width=\"172\">Ty\u00f6paine<\/td>\n<td width=\"366\">Liit\u00e4nn\u00e4n mitat (M)<\/td>\n<td width=\"96\">Paino<\/td>\n<\/tr>\n<tr>\n<td class=\"et3\" width=\"246\" height=\"334\">Et\u00e4isyyden s\u00e4\u00e4t\u00f6sylinteri<\/td>\n<td class=\"et4\" width=\"336\">8M3-304000A-625<\/td>\n<td class=\"et4\" width=\"126\">\u03a663<\/td>\n<td class=\"et4\" width=\"123\">\u03a632<\/td>\n<td class=\"et4\" width=\"114\">855<\/td>\n<td class=\"et4\" width=\"170\">1174<\/td>\n<td class=\"et4\" width=\"172\">20MPa<\/td>\n<td class=\"et4\" width=\"366\">2-M16*1.5<\/td>\n<td class=\"et4\" width=\"96\">22 kg<\/td>\n<\/tr>\n<\/tbody>\n<\/table>\n<table>\n<tbody>\n<tr>\n<td>\n<h2><img loading=\"lazy\" decoding=\"async\" class=\"alignnone size-full wp-image-341\" src=\"https:\/\/fmp-components.com\/wp-content\/uploads\/2024\/12\/Forklift-Distance-Adjustment-Hydraulic-Cylinder-Dimensions-9.webp\" alt=\"Trukin-Et\u00e4isyyden-S\u00e4\u00e4t\u00f6-Hydraulisylinteri-Mitat\" width=\"680\" height=\"265\" title=\"\" srcset=\"https:\/\/fmp-components.com\/wp-content\/uploads\/2024\/12\/Forklift-Distance-Adjustment-Hydraulic-Cylinder-Dimensions-9.webp 680w, https:\/\/fmp-components.com\/wp-content\/uploads\/2024\/12\/Forklift-Distance-Adjustment-Hydraulic-Cylinder-Dimensions-9-480x187.webp 480w\" sizes=\"(min-width: 0px) and (max-width: 480px) 480px, (min-width: 481px) 680px, 100vw\" \/><\/h2>\n<\/td>\n<td>\n<h2><img loading=\"lazy\" decoding=\"async\" class=\"alignnone size-full wp-image-342\" src=\"https:\/\/fmp-components.com\/wp-content\/uploads\/2024\/12\/Forklift-Distance-Adjustment-Hydraulic-Cylinder-Dimensions-10.webp\" alt=\"Trukin-Et\u00e4isyyden-S\u00e4\u00e4t\u00f6-Hydraulisylinteri-Mitat\" width=\"680\" height=\"265\" title=\"\" srcset=\"https:\/\/fmp-components.com\/wp-content\/uploads\/2024\/12\/Forklift-Distance-Adjustment-Hydraulic-Cylinder-Dimensions-10.webp 680w, https:\/\/fmp-components.com\/wp-content\/uploads\/2024\/12\/Forklift-Distance-Adjustment-Hydraulic-Cylinder-Dimensions-10-480x187.webp 480w\" sizes=\"(min-width: 0px) and (max-width: 480px) 480px, (min-width: 481px) 680px, 100vw\" \/><\/h2>\n<\/td>\n<\/tr>\n<\/tbody>\n<\/table>\n<table border=\"1\" cellspacing=\"0\" cellpadding=\"0\">\n<tbody>\n<tr>\n<td width=\"246\">Sylinterin nimi<\/td>\n<td width=\"336\">Piirustusnumero<\/td>\n<td width=\"126\">Rei\u00e4n halkaisija (D)<\/td>\n<td width=\"123\">Tangon halkaisija (d)<\/td>\n<td width=\"114\">Isku (S)<\/td>\n<td width=\"170\">Asennuset\u00e4isyys (L)<\/td>\n<td width=\"172\">Ty\u00f6paine<\/td>\n<td width=\"366\">Liit\u00e4nn\u00e4n mitat (M)<\/td>\n<td width=\"96\">Paino<\/td>\n<\/tr>\n<tr>\n<td class=\"et3\" width=\"246\" height=\"284\">Et\u00e4isyyden s\u00e4\u00e4t\u00f6sylinteri<\/td>\n<td class=\"et4\" width=\"336\">7B3-304000-00<\/td>\n<td class=\"et4\" width=\"126\">\u03a670<\/td>\n<td class=\"et4\" width=\"123\">\u03a630<\/td>\n<td class=\"et4\" width=\"114\">300<\/td>\n<td class=\"et4\" width=\"170\">536<\/td>\n<td class=\"et4\" width=\"172\">18MPa<\/td>\n<td class=\"et4\" width=\"366\">2-M14*1.5<\/td>\n<td class=\"et4\" width=\"96\">13,5 kg<\/td>\n<\/tr>\n<\/tbody>\n<\/table>\n<h2>Saatavilla olevat hydraulisylinterit Merkki ja mallit:<\/h2>\n<table border=\"1\" cellspacing=\"0\" cellpadding=\"0\">\n<tbody>\n<tr>\n<td><b data-spm-anchor-id=\"a2700.details.0.i43.45d84a73e99C9z\">KOMATSU (PC)<\/b><\/td>\n<td>PC30, PC40, PC50, PC56, PC60, PC78, PC100, PC110, PC120, PC130, PC160, PC200-3\/5\/6\/7\/8\/8MO, PC210, PC220-5\/6\/7\/8\/8MO, PC240, PC300\/350\/360-5\/6\/7\/8\/8MO, PC400\/450-5\/6\/7\/8\/8MO, PC800, PC850<\/td>\n<\/tr>\n<tr>\n<td><b>CATERPILLAR (E)<\/b><\/td>\n<td>E301.5, E302, E305.5, E306, E307V1\/V2\/B\/C\/D\/E\/F, E308B\/C, E120B, E312V1\/V2\/B\/C\/D, E313D2, E312D2, E315D<br \/>\nE200B,E320V1\/V2\/A\/B\/C\/D,E324D,E325C\/D,E329D,E330\/336C\/D,E345C,E349D,E365C,E374,E390<\/td>\n<\/tr>\n<tr>\n<td><b>KOBELCO (SK)<\/b><\/td>\n<td>SK60-3\/5\/8, SK75-8\/SR, SK100 ,SK120-3\/5, SK135-8\/SR, SK140-8, SK200-3\/5\/6\/6E, SK210-3\/5\/6\/6E,<br \/>\nSK230\/250-6E,SK250-8,SK260-8,SK350-8\/S8,SK460\/480-8<\/td>\n<\/tr>\n<tr>\n<td><b>HYUNDAI (R)<\/b><\/td>\n<td>R55-5\/7, R60-5\/7, R80, R110, R130, R200-5, R210-5, R215-5\/7, R220-5\/7\/9, R225-5\/7\/9, R250, R260, R265, R290, R305, R445, R485, R505<\/td>\n<\/tr>\n<tr>\n<td><b data-spm-anchor-id=\"a2700.details.0.i53.45d84a73e99C9z\">HITACHI (esim. ZX)<\/b><\/td>\n<td>EX60, EX100-1\/2\/3, EX120-1\/3\/5\/6, EX200-1\/3\/5, EX230-5, EX300-1, EX400<br \/>\nZAX60,ZAX70,ZA120-6,ZAX200\/210-1\/3\/5\/5K,ZAX240,ZAX250,ZAX260,ZAX330-3\/5\/6,ZAX450\/470,ZAX650\/670,ZAX850\/870<\/td>\n<\/tr>\n<tr>\n<td>\n<div class=\"magic-32\"><b data-spm-anchor-id=\"a2700.details.0.i55.45d84a73e99C9z\">DOOSAN (DH\/DX)<\/b><\/div>\n<\/td>\n<td>\n<div class=\"magic-33\"><span class=\"magic-34\">DH55, DH60, DH80, DH150, DH215-5\/7, DH220-5, DH225-5\/7, DH258, DH300-5\/7, DH370, DH420, DH500<br \/>\nDX55, DX60, DX75, DX130, DX225-9, DX300, DX380, DX420, DX500<\/span><\/div>\n<\/td>\n<\/tr>\n<tr>\n<td>\n<div class=\"magic-32\"><b>VOLVO (EY)<\/b><\/div>\n<\/td>\n<td>\n<div class=\"magic-33\"><span class=\"magic-34\">EC55, EC60, EC75, EC80, EC140, EC210B\/D, EC220D, EC240, EC250, EC290, EC300, EC360, EC380, EC460, EC480, EC700, EC750, EC950<\/span><\/div>\n<\/td>\n<\/tr>\n<tr>\n<td>\n<div class=\"magic-32\"><b>KATO (HD)<\/b><\/div>\n<\/td>\n<td>\n<div class=\"magic-33\"><span class=\"magic-34\">HD307\/308, HD450, HD512, HD700-5\/7, HD820-1\/2\/3\/5\/R, HD1023-1\/3, HD1430-1\/3<\/span><\/div>\n<\/td>\n<\/tr>\n<tr>\n<td>\n<div class=\"magic-32\"><b>MUU MERKKI<\/b><\/div>\n<\/td>\n<td>\n<div class=\"magic-33\"><span class=\"magic-34\">XCMG,LIUGONG,KUBOTA,CASE,YANMAR,SUNWARD,ZOOMLION,LISHIDE,LIEHERR<\/span><\/div>\n<\/td>\n<\/tr>\n<\/tbody>\n<\/table>\n<h3>Trukin et\u00e4isyyden s\u00e4\u00e4t\u00f6hydraulisylinterin k\u00e4ytt\u00f6<\/h3>\n<p>Trukin et\u00e4isyyden s\u00e4\u00e4d\u00f6n hydraulisylinteri on olennainen osa, jolla on merkitt\u00e4v\u00e4 rooli erilaisissa materiaalink\u00e4sittelyn ja logistiikan sovelluksissa. T\u00e4ss\u00e4 on joitakin keskeisi\u00e4 sovelluksia:<\/p>\n<h4>1. Kuorman monipuolisuus<\/h4>\n<p>Hydraulisylinteri mahdollistaa haarukoiden v\u00e4listyksen, mink\u00e4 ansiosta trukit voivat k\u00e4sitell\u00e4 monenlaisia \u200b\u200bkuormia ja -kokoja. T\u00e4m\u00e4 monipuolisuus on ratkaisevan t\u00e4rke\u00e4\u00e4 ymp\u00e4rist\u00f6iss\u00e4, joissa k\u00e4ytet\u00e4\u00e4n erilaisia \u200b\u200bkuormalavoja tai kontteja, mik\u00e4 varmistaa materiaalien tehokkaan k\u00e4sittelyn ja kuljetuksen.<\/p>\n<h3>2. Parannettu turvallisuus<\/h3>\n<p>Hydraulisylinteri auttaa kiinnitt\u00e4m\u00e4\u00e4n kuormat tehokkaammin s\u00e4\u00e4t\u00e4m\u00e4ll\u00e4 haarukoiden v\u00e4list\u00e4 et\u00e4isyytt\u00e4 tarkasti. T\u00e4m\u00e4 v\u00e4hent\u00e4\u00e4 kaatumis- tai putoamisriski\u00e4 ja parantaa sek\u00e4 k\u00e4ytt\u00e4j\u00e4n ett\u00e4 ymp\u00e4rill\u00e4 olevien ty\u00f6ntekij\u00f6iden turvallisuutta.<\/p>\n<h4>3. Tehokas materiaalink\u00e4sittely<\/h4>\n<p>Varastoissa ja jakelukeskuksissa haarukoiden et\u00e4isyyksien nopea s\u00e4\u00e4t\u00f6 tehostaa toimintaa. Trukit voivat helposti vaihtaa vakiolavojen ja erikoiskuormien k\u00e4sittelyn v\u00e4lill\u00e4, mik\u00e4 parantaa yleist\u00e4 ty\u00f6nkulkua ja tuottavuutta.<\/p>\n<h4>4. Erikoislaitteet<\/h4>\n<p>Tavallisen kuormalavojen k\u00e4sittelyn lis\u00e4ksi hydraulisylinteri on hy\u00f6dyllinen erikoislis\u00e4laitteissa, kuten puristimissa tai sivuttaissiirtolaitteissa, jotka vaativat haarukan tarkkaa asemointia. T\u00e4m\u00e4 mukautuvuus mahdollistaa trukkien suorittamisen monenlaisissa teht\u00e4viss\u00e4 pelk\u00e4n nostamisen lis\u00e4ksi, mik\u00e4 tekee niist\u00e4 monipuolisempia.<\/p>\n<h4>5. Rakennus- ja teollisuussovellukset<\/h4>\n<p>Rakennusty\u00f6mailla ja teollisuusymp\u00e4rist\u00f6iss\u00e4 haarukan et\u00e4isyyden s\u00e4\u00e4t\u00f6 on elint\u00e4rke\u00e4\u00e4 erikokoisten materiaalien, kuten ter\u00e4spalkkien, lohkojen ja laatikoiden, k\u00e4sittelyss\u00e4. T\u00e4m\u00e4 joustavuus varmistaa, ett\u00e4 trukit voivat tehokkaasti k\u00e4sitell\u00e4 n\u00e4iss\u00e4 ymp\u00e4rist\u00f6iss\u00e4 yleisesti esiintyvi\u00e4 erilaisia \u200b\u200bmateriaaleja.<\/p>\n<h4>6. Tallennusratkaisujen optimointi<\/h4>\n<p>Hydraulisylinteri auttaa maksimoimaan varastointitehokkuuden, koska trukit voivat noutaa ja sijoittaa tavaroita ahtaissa tiloissa. T\u00e4m\u00e4 on erityisen hy\u00f6dyllist\u00e4 tiheiss\u00e4 varastoj\u00e4rjestelmiss\u00e4, joissa tilaa on rajoitetusti ja vaaditaan tarkkaa k\u00e4sittely\u00e4.<\/p>\n<p>Trukin et\u00e4isyyden s\u00e4\u00e4t\u00f6hydraulinen sylinteri parantaa merkitt\u00e4v\u00e4sti trukkien toimivuutta ja turvallisuutta erilaisissa sovelluksissa. Sen kyky s\u00e4\u00e4t\u00e4\u00e4 haarukoiden v\u00e4list\u00e4 et\u00e4isyytt\u00e4 nopeasti varmistaa, ett\u00e4 kuljettajat voivat k\u00e4sitell\u00e4 tehokkaasti ja turvallisesti erilaisia \u200b\u200bkuormia, mik\u00e4 tekee siit\u00e4 korvaamattoman ty\u00f6kalun materiaalink\u00e4sittelyss\u00e4.<\/p>\n<h3>Tietoja FMP:st\u00e4<\/h3>\n<p>FMP on hydraulisylintereihin erikoistunut valmistaja, joka keskittyy vahvasti tutkimukseen ja tuotantoon. Perustamisestaan \u200b\u200bl\u00e4htien yritys on johdonmukaisesti keskittynyt hydraulisylintereiden kehitt\u00e4miseen ja kehittynyt erilaisten tuotteiden, kuten sadonkorjuu- ja rakennuskoneiden, tuotannosta maataloustraktorien komponentteihin erikoistumiseen. Yli vuosikymmenen valmistusosaamisen, johtamiskokemuksen ja edistyneen tuotantoteknologian ansiosta FMP takaa tuotteidensa korkeimman laadun.<\/p>\n<p>Yrityksen kasvaessa ammatillisesti se on perustanut kattavan koneistuslinjan, kokoonpanolinjan ja pinnoituslinjan. FMP:t\u00e4 tukee omistautunut tiimi, johon kuuluu kokeneita johtohenkil\u00f6it\u00e4, taitavia mekaanisia suunnittelijoita ja korkeasti koulutettuja teknisi\u00e4 ty\u00f6ntekij\u00f6it\u00e4. T\u00e4m\u00e4 varmistaa vakaan tuotteen laadun samalla, kun prosessin jatkuvuutta ja tuotannon yleist\u00e4 tehokkuutta hallitaan tehokkaasti.<\/p>\n<p>FMP noudattaa ydinarvoja, jotka ovat \u201dTeknologinen innovaatio edistyksen vauhdittajana, laatua luovat br\u00e4ndit, laadun varmistava k\u00e4sity\u00f6taito ja pitk\u00e4aikaisten, molempia osapuolia hy\u00f6dytt\u00e4vien suhteiden rakentaminen\u201d. Yritys on edelleen sitoutunut tarjoamaan korkealaatuisia tuotteita ja samalla erinomaista asiakaspalvelua pyrkien aina vastaamaan markkinoiden kehittyviin tarpeisiin.<\/p>\n<p><img loading=\"lazy\" decoding=\"async\" class=\"alignnone wp-image-303\" src=\"https:\/\/fmp-components.com\/wp-content\/uploads\/2024\/12\/hydraulic-cylinder-factory-11_1.webp\" alt=\"hydraulisylinteritehdas\" width=\"917\" height=\"1003\" title=\"\" srcset=\"https:\/\/fmp-components.com\/wp-content\/uploads\/2024\/12\/hydraulic-cylinder-factory-11_1.webp 917w, https:\/\/fmp-components.com\/wp-content\/uploads\/2024\/12\/hydraulic-cylinder-factory-11_1-480x525.webp 480w\" sizes=\"(min-width: 0px) and (max-width: 480px) 480px, (min-width: 481px) 917px, 100vw\" \/><\/p>\n<table style=\"width: 100%;\" border=\"1\" width=\"100%\" cellspacing=\"0\" cellpadding=\"0\">\n<tbody>\n<tr>\n<td style=\"width: 41.9294%;\" width=\"226\"><img loading=\"lazy\" decoding=\"async\" class=\"alignnone size-full wp-image-309\" src=\"https:\/\/fmp-components.com\/wp-content\/uploads\/2024\/12\/Forklift-Tilt-Hydraulic-Cylinder.webp\" alt=\"Trukin kallistushydraulinen sylinteri\" width=\"1000\" height=\"750\" title=\"\" srcset=\"https:\/\/fmp-components.com\/wp-content\/uploads\/2024\/12\/Forklift-Tilt-Hydraulic-Cylinder.webp 1000w, https:\/\/fmp-components.com\/wp-content\/uploads\/2024\/12\/Forklift-Tilt-Hydraulic-Cylinder-980x735.webp 980w, https:\/\/fmp-components.com\/wp-content\/uploads\/2024\/12\/Forklift-Tilt-Hydraulic-Cylinder-480x360.webp 480w\" sizes=\"(min-width: 0px) and (max-width: 480px) 480px, (min-width: 481px) and (max-width: 980px) 980px, (min-width: 981px) 1000px, 100vw\" \/><\/td>\n<td style=\"width: 55.6484%;\" width=\"64\"><img loading=\"lazy\" decoding=\"async\" class=\"alignnone wp-image-283\" src=\"https:\/\/fmp-components.com\/wp-content\/uploads\/2024\/12\/hydraulic-cylinder-factory-5.webp\" alt=\"hydraulisylinteritehdas\" width=\"542\" height=\"312\" title=\"\"><\/td>\n<\/tr>\n<\/tbody>\n<\/table>\n<p>Tekij\u00e4: CX<\/p>","protected":false},"excerpt":{"rendered":"<p>Trukin et\u00e4isyyden s\u00e4\u00e4t\u00f6hydraulisylinteri on t\u00e4rke\u00e4 komponentti, joka on suunniteltu parantamaan trukkien toiminnan monipuolisuutta ja tehokkuutta. T\u00e4m\u00e4 hydraulisylinteri mahdollistaa haarukoiden v\u00e4lisen et\u00e4isyyden tarkan s\u00e4\u00e4d\u00f6n, jolloin k\u00e4ytt\u00e4j\u00e4t voivat helposti k\u00e4sitell\u00e4 erikokoisia ja -muotoisia kuormia. Se on valmistettu eritt\u00e4in lujista materiaaleista, mik\u00e4 takaa kest\u00e4vyyden ja luotettavuuden raskaiden kuormien alla. Sylinteriss\u00e4 on tasainen toimintamekanismi, joka tarjoaa tasaisen suorituskyvyn ja mahdollistaa nopeat ja tehokkaat s\u00e4\u00e4d\u00f6t. T\u00e4m\u00e4 ominaisuus ei ainoastaan \u200b\u200bparanna tuottavuutta, vaan my\u00f6s lis\u00e4\u00e4 turvallisuutta varmistamalla, ett\u00e4 kuormat on kiinnitetty ja tasapainotettu asianmukaisesti kuljetuksen aikana. T\u00e4m\u00e4 hydraulisylinteri on ihanteellinen k\u00e4ytett\u00e4v\u00e4ksi varastoissa, rakennusty\u00f6mailla ja teollisuussovelluksissa, ja se on v\u00e4ltt\u00e4m\u00e4t\u00f6n trukin toiminnan optimoimiseksi.<\/p>","protected":false},"featured_media":343,"comment_status":"open","ping_status":"closed","template":"","meta":{"_et_pb_use_builder":"","_et_pb_old_content":"","_et_gb_content_width":""},"product_brand":[],"product_cat":[15],"product_tag":[],"class_list":{"0":"post-332","1":"product","2":"type-product","3":"status-publish","4":"has-post-thumbnail","6":"product_cat-uncategorized","8":"first","9":"instock","10":"shipping-taxable","11":"product-type-simple"},"_links":{"self":[{"href":"https:\/\/fmp-components.com\/fi\/wp-json\/wp\/v2\/product\/332","targetHints":{"allow":["GET"]}}],"collection":[{"href":"https:\/\/fmp-components.com\/fi\/wp-json\/wp\/v2\/product"}],"about":[{"href":"https:\/\/fmp-components.com\/fi\/wp-json\/wp\/v2\/types\/product"}],"replies":[{"embeddable":true,"href":"https:\/\/fmp-components.com\/fi\/wp-json\/wp\/v2\/comments?post=332"}],"wp:featuredmedia":[{"embeddable":true,"href":"https:\/\/fmp-components.com\/fi\/wp-json\/wp\/v2\/media\/343"}],"wp:attachment":[{"href":"https:\/\/fmp-components.com\/fi\/wp-json\/wp\/v2\/media?parent=332"}],"wp:term":[{"taxonomy":"product_brand","embeddable":true,"href":"https:\/\/fmp-components.com\/fi\/wp-json\/wp\/v2\/product_brand?post=332"},{"taxonomy":"product_cat","embeddable":true,"href":"https:\/\/fmp-components.com\/fi\/wp-json\/wp\/v2\/product_cat?post=332"},{"taxonomy":"product_tag","embeddable":true,"href":"https:\/\/fmp-components.com\/fi\/wp-json\/wp\/v2\/product_tag?post=332"}],"curies":[{"name":"wp","href":"https:\/\/api.w.org\/{rel}","templated":true}]}}