{"id":3319,"date":"2025-01-06T06:55:29","date_gmt":"2025-01-06T06:55:29","guid":{"rendered":"https:\/\/fmp-components.com\/?page_id=8"},"modified":"2025-01-06T06:55:29","modified_gmt":"2025-01-06T06:55:29","slug":"agriculture-gearbox-for-hay-tedder-fmp04","status":"publish","type":"product","link":"https:\/\/fmp-components.com\/fi\/product\/agriculture-gearbox-for-hay-tedder-fmp04\/","title":{"rendered":"Maatalouden vaihdelaatikko hein\u00e4ntekokoneelle FMP04"},"content":{"rendered":"<h2>Maatalouden vaihdelaatikko hein\u00e4ntekokoneelle FMP04-spesifikaatio <img loading=\"lazy\" decoding=\"async\" class=\"alignnone  wp-image-3321\" src=\"https:\/\/fmp-components.com\/wp-content\/uploads\/2025\/01\/agricutural-gearbox-ep04.png\" alt=\"maatalouden-vaihteisto-fmp04\" width=\"820\" height=\"859\" title=\"\" srcset=\"https:\/\/fmp-components.com\/wp-content\/uploads\/2025\/01\/agricutural-gearbox-ep04.png 820w, https:\/\/fmp-components.com\/wp-content\/uploads\/2025\/01\/agricutural-gearbox-ep04-480x503.png 480w\" sizes=\"(min-width: 0px) and (max-width: 480px) 480px, (min-width: 481px) 820px, 100vw\" \/><\/h2>\n<table style=\"width: 86.9315%; height: 69px;\" border=\"1\" width=\"100%\" cellspacing=\"0\" cellpadding=\"0\">\n<tbody>\n<tr style=\"height: 23px;\">\n<th style=\"width: 40.3888%; height: 23px;\">Suhde<\/th>\n<td style=\"width: 46.0249%; height: 23px;\">2:1<\/td>\n<\/tr>\n<tr style=\"height: 23px;\">\n<th style=\"width: 40.3888%; height: 23px;\">Sy\u00f6tt\u00f6nopeus<\/th>\n<td style=\"width: 46.0249%; height: 23px;\">305 rpm<\/td>\n<\/tr>\n<tr style=\"height: 23px;\">\n<th style=\"width: 40.3888%; height: 23px;\">Tuloakseli<\/th>\n<td style=\"width: 46.0249%; height: 23px;\">X<\/td>\n<\/tr>\n<\/tbody>\n<\/table>\n<h2>Hay Tedderin maatalouden vaihteiston FMP04 ominaisuudet<\/h2>\n<p>FMP04-hein\u00e4ntekokoneen maatalouden vaihteisto on suunniteltu erityisesti maatalouskoneille, erityisesti hein\u00e4ntekokoneille. T\u00e4m\u00e4 vaihteisto tarjoaa yhdistelm\u00e4n kest\u00e4vyytt\u00e4, tarkkuutta ja korkeaa suorituskyky\u00e4 varmistaen optimaalisen toiminnan vaativissa maatalousymp\u00e4rist\u00f6iss\u00e4. T\u00e4ss\u00e4 on joitakin FMP04-hein\u00e4ntekokoneen maatalouden vaihteiston t\u00e4rkeimpi\u00e4 ominaisuuksia:<\/p>\n<p>1. <strong>Korkea kest\u00e4vyys<\/strong><\/p>\n<ul>\n<li>Korkealaatuisista materiaaleista valmistettu FMP04-vaihteisto on rakennettu kest\u00e4m\u00e4\u00e4n maatalousalueiden ankaria olosuhteita varmistaen pitk\u00e4kestoisen suorituskyvyn ja luotettavuuden.<\/li>\n<\/ul>\n<p>2. <strong>Tarkkuustekniikka<\/strong><\/p>\n<ul>\n<li>Yksityiskohtia my\u00f6ten suunniteltu vaihteisto varmistaa tasaisen ja tehokkaan voimansiirron, mik\u00e4 parantaa hein\u00e4p\u00f6yhinten k\u00e4ytt\u00f6tehokkuutta.<\/li>\n<\/ul>\n<p>3. <strong>Kompakti ja kest\u00e4v\u00e4 muotoilu<\/strong><\/p>\n<ul>\n<li>Kompakti muotoilu helpottaa integrointia erilaisiin hein\u00e4np\u00f6yhinmalleihin, ja sen kest\u00e4v\u00e4 rakenne varmistaa kulumisenkest\u00e4vyyden my\u00f6s raskaassa k\u00e4yt\u00f6ss\u00e4.<\/li>\n<\/ul>\n<p>4. <strong>Tehokas voimansiirto<\/strong><\/p>\n<ul>\n<li>Optimoidut v\u00e4lityssuhteet varmistavat tehokkaan voimansiirron voimanottoakselilta p\u00f6yhimen komponenteille, mik\u00e4 minimoi energiah\u00e4vi\u00f6n ja maksimoi toiminnan tehokkuuden.<\/li>\n<\/ul>\n<p>5. <strong>Helppo huolto<\/strong><\/p>\n<ul>\n<li>FMP04-vaihteisto on suunniteltu helppoa huoltoa varten, ja sen k\u00e4ytt\u00e4j\u00e4yst\u00e4v\u00e4lliset ominaisuudet mahdollistavat nopeat tarkastukset ja huollot, mik\u00e4 minimoi seisokkiajat kiireisen maatalouskauden aikana.<\/li>\n<\/ul>\n<p>FMP04-hein\u00e4np\u00f6yhimen maatalouden vaihteisto on erinomainen valinta maanviljelij\u00f6ille, jotka etsiv\u00e4t kest\u00e4v\u00e4\u00e4, tehokasta ja monipuolista ratkaisua hein\u00e4ntekoonsa. Se tarjoaa optimaalisen voimansiirron ja pitk\u00e4aikaisen luotettavuuden.<\/p>\n<h2>Tietoja FMP:st\u00e4<\/h2>\n<p>Italiassa p\u00e4\u00e4konttoriaan pit\u00e4v\u00e4 FMP on tunnettu johtava yritys korkean suorituskyvyn vaihteistojen suunnittelussa, kehitt\u00e4misess\u00e4 ja valmistuksessa, keskittyen erityisesti maatalouskonesektoriin. Tarkkuudestaan, innovatiivisista ratkaisuistaan \u200b\u200bja horjumattomasta luotettavuudestaan \u200b\u200btunnettu FMP on vakiinnuttanut asemansa luotettavana kumppanina sek\u00e4 maatalous- ett\u00e4 teollisuusmarkkinoilla. Laaja valikoimamme sis\u00e4lt\u00e4\u00e4 mittatilausty\u00f6n\u00e4 valmistettuja vaihteistoja ruohonleikkureille, nivelakseleille ja muille kriittisille komponenteille, joista jokainen on suunniteltu vastaamaan erilaisten sovellusten ainutlaatuisiin vaatimuksiin.<\/p>\n<p>FMP:ll\u00e4 ymm\u00e4rr\u00e4mme, ett\u00e4 jokaisella asiakkaalla on ainutlaatuisia haasteita ja vaatimuksia. T\u00e4m\u00e4 n\u00e4kemys ohjaa sitoutumistamme r\u00e4\u00e4t\u00e4l\u00f6ityjen ratkaisujen toimittamiseen, olipa kyse sitten yksitt\u00e4isist\u00e4 komponenteista tai t\u00e4ysin integroiduista j\u00e4rjestelmist\u00e4. Ty\u00f6skentelem\u00e4ll\u00e4 tiiviisti asiakkaidemme kanssa varmistamme, ett\u00e4 jokainen ratkaisu on t\u00e4sm\u00e4lleen heid\u00e4n tarpeidensa mukainen, optimoiden suorituskyvyn ja maksimoiden arvon. Omistautumisemme nopeaan ja ammattitaitoiseen palveluun sek\u00e4 asiantuntevaan ohjaukseen varmistaa, ett\u00e4 jokainen projekti k\u00e4sitell\u00e4\u00e4n tarkasti ja saavutetaan johdonmukaisesti parhaat mahdolliset tulokset.<\/p>\n<p>Priorisoimme selke\u00e4\u00e4 ja jatkuvaa viestint\u00e4\u00e4 tuotekehityssyklin jokaisessa vaiheessa. Asiantuntijatiimimme tekee tiivist\u00e4 yhteisty\u00f6t\u00e4 asiakkaiden kanssa ymm\u00e4rt\u00e4\u00e4kseen heid\u00e4n vaatimuksensa t\u00e4ysin ja tarjotakseen k\u00e4yt\u00e4nn\u00f6nl\u00e4heisi\u00e4 n\u00e4kemyksi\u00e4 ja suosituksia optimaalisten tulosten varmistamiseksi. Olipa kyse sitten innovatiivisten tuotteiden luomisesta tai rutiinitilausten t\u00e4ytt\u00e4misest\u00e4, FMP on sitoutunut toimittamaan korkealaatuisia, tarkasti suunniteltuja ratkaisuja ajallaan, joka kerta. Missiomme on ylitt\u00e4\u00e4 asiakkaiden odotukset tarjoamalla poikkeuksellista palvelua ja tuloksia jokaisessa projektissa, jonka toteutamme.<\/p>\n<p>FMP:n toiminnan ytimess\u00e4 on vankkumaton sitoutuminen laatuun. Noudatamme alan korkeimpia standardeja ja k\u00e4yt\u00e4mme tiukkoja laadunvalvontaprosesseja varmistaaksemme, ett\u00e4 jokainen tuote t\u00e4ytt\u00e4\u00e4 ja ylitt\u00e4\u00e4 alan vertailuarvot. T\u00e4m\u00e4 sitoutuminen huippuosaamiseen yhdistettyn\u00e4 ydinarvoihimme, kuten rehellisyyteen, tiimity\u00f6h\u00f6n ja sinnikkyyteen, on mahdollistanut pitk\u00e4aikaisten, luottamukseen perustuvien asiakassuhteiden rakentamisen l\u00e4hes 30 maassa maailmanlaajuisesti.<\/p>\n<p>FMP on intohimoinen globaalien kumppanuuksien vaalimisesta ja tarjoaa asiantuntevaa neuvontaa sek\u00e4 r\u00e4\u00e4t\u00e4l\u00f6ityj\u00e4 ratkaisuja, jotka kehittyv\u00e4t vastaamaan asiakkaidemme jatkuvasti muuttuviin tarpeisiin. Olemme sitoutuneet luomaan pitk\u00e4aikaisia, molempia osapuolia hy\u00f6dytt\u00e4vi\u00e4 suhteita, jotka edist\u00e4v\u00e4t jokaisen projektin onnistumista. Tarvitsetpa sitten innovatiivisia ratkaisuja uuteen aloitteeseen tai jatkuvaa tukea olemassa olevalle j\u00e4rjestelm\u00e4lle, FMP on t\u00e4\u00e4ll\u00e4 auttamassa sinua teknisten haasteiden kanssa ja varmistamassa jatkuvan menestyksesi.<\/p>\n<p><img loading=\"lazy\" decoding=\"async\" class=\"alignnone wp-image-2695\" src=\"https:\/\/fmp-components.com\/wp-content\/uploads\/2025\/01\/agricultural-gearbox3.webp\" alt=\"maatalousvaihteisto\" width=\"1140\" height=\"1138\" title=\"\" srcset=\"https:\/\/fmp-components.com\/wp-content\/uploads\/2025\/01\/agricultural-gearbox3.webp 1140w, https:\/\/fmp-components.com\/wp-content\/uploads\/2025\/01\/agricultural-gearbox3-480x479.webp 480w\" sizes=\"(min-width: 0px) and (max-width: 480px) 480px, (min-width: 481px) 1140px, 100vw\" \/><\/p>\n<p>Tekij\u00e4: CX<\/p>","protected":false},"excerpt":{"rendered":"<p>Agriculture Gearbox For Hay Tedder FMP04 Specification Ratio 2:1 Input Speed 305 rpm Input Shaft X Features of Hay Tedder Agriculture Gearbox FMP04 The FMP04 Hay Tedder Agricultural Gearbox is specifically designed for agricultural machinery, particularly for hay tedders. This gearbox offers a combination of durability, precision, and high performance, ensuring optimal operation in demanding [&hellip;]<\/p>","protected":false},"featured_media":3320,"comment_status":"open","ping_status":"closed","template":"","meta":{"_et_pb_use_builder":"","_et_pb_old_content":"","_et_gb_content_width":""},"product_brand":[],"product_cat":[83],"product_tag":[],"class_list":{"0":"post-3319","1":"product","2":"type-product","3":"status-publish","4":"has-post-thumbnail","6":"product_cat-gearbox-for-hay-tedders","8":"first","9":"instock","10":"shipping-taxable","11":"product-type-simple"},"_links":{"self":[{"href":"https:\/\/fmp-components.com\/fi\/wp-json\/wp\/v2\/product\/3319","targetHints":{"allow":["GET"]}}],"collection":[{"href":"https:\/\/fmp-components.com\/fi\/wp-json\/wp\/v2\/product"}],"about":[{"href":"https:\/\/fmp-components.com\/fi\/wp-json\/wp\/v2\/types\/product"}],"replies":[{"embeddable":true,"href":"https:\/\/fmp-components.com\/fi\/wp-json\/wp\/v2\/comments?post=3319"}],"wp:featuredmedia":[{"embeddable":true,"href":"https:\/\/fmp-components.com\/fi\/wp-json\/wp\/v2\/media\/3320"}],"wp:attachment":[{"href":"https:\/\/fmp-components.com\/fi\/wp-json\/wp\/v2\/media?parent=3319"}],"wp:term":[{"taxonomy":"product_brand","embeddable":true,"href":"https:\/\/fmp-components.com\/fi\/wp-json\/wp\/v2\/product_brand?post=3319"},{"taxonomy":"product_cat","embeddable":true,"href":"https:\/\/fmp-components.com\/fi\/wp-json\/wp\/v2\/product_cat?post=3319"},{"taxonomy":"product_tag","embeddable":true,"href":"https:\/\/fmp-components.com\/fi\/wp-json\/wp\/v2\/product_tag?post=3319"}],"curies":[{"name":"wp","href":"https:\/\/api.w.org\/{rel}","templated":true}]}}