{"id":3316,"date":"2025-01-06T05:54:00","date_gmt":"2025-01-06T05:54:00","guid":{"rendered":"https:\/\/fmp-components.com\/?page_id=8"},"modified":"2025-01-06T05:54:00","modified_gmt":"2025-01-06T05:54:00","slug":"agriculture-gearbox-for-hay-tedder-fmp03","status":"publish","type":"product","link":"https:\/\/fmp-components.com\/fi\/product\/agriculture-gearbox-for-hay-tedder-fmp03\/","title":{"rendered":"Maatalouden vaihdelaatikko hein\u00e4ntekokoneelle FMP03"},"content":{"rendered":"<h2 class=\"et_pb_module_header\">Maatalouden vaihdelaatikko hein\u00e4ntekokoneelle<\/h2>\n<p><img loading=\"lazy\" decoding=\"async\" class=\"alignnone wp-image-3318\" src=\"https:\/\/fmp-components.com\/wp-content\/uploads\/2025\/01\/agricutural-gearbox-fmp03.png\" alt=\"maatalouden-vaihteisto-fmp03\" width=\"809\" height=\"766\" title=\"\" srcset=\"https:\/\/fmp-components.com\/wp-content\/uploads\/2025\/01\/agricutural-gearbox-fmp03.png 809w, https:\/\/fmp-components.com\/wp-content\/uploads\/2025\/01\/agricutural-gearbox-fmp03-480x455.png 480w\" sizes=\"(min-width: 0px) and (max-width: 480px) 480px, (min-width: 481px) 809px, 100vw\" \/><\/p>\n<table style=\"width: 86.9328%;\" border=\"1\" width=\"100%\" cellspacing=\"0\" cellpadding=\"0\">\n<tbody>\n<tr>\n<th style=\"width: 38.0987%;\">Suhde<\/th>\n<td style=\"width: 48.6184%;\">2.63:1<\/td>\n<\/tr>\n<tr>\n<th style=\"width: 38.0987%;\">Sy\u00f6tt\u00f6nopeus<\/th>\n<td style=\"width: 48.6184%;\">400 rpm<\/td>\n<\/tr>\n<tr>\n<th style=\"width: 38.0987%;\">Tuloakseli<\/th>\n<td style=\"width: 48.6184%;\">X<\/td>\n<\/tr>\n<\/tbody>\n<\/table>\n<h3>Hay Tedderin maatalouden vaihteiston ominaisuudet<\/h3>\n<ol>\n<li><strong>Korkean suorituskyvyn rakenne<\/strong><br \/>\nHay Tedderin vaihteisto on suunniteltu kest\u00e4m\u00e4\u00e4n vaativissa maatalousolosuhteissa. Siin\u00e4 on kest\u00e4v\u00e4 kotelo, joka on valmistettu eritt\u00e4in lujista materiaaleista ja kest\u00e4\u00e4 jatkuvan k\u00e4yt\u00f6n vaativissa ymp\u00e4rist\u00f6iss\u00e4.<\/li>\n<li><strong>Tarkkuusvaihteiden suunnittelu<\/strong><br \/>\nTarkkuuskoneistetut vaihteet varmistavat sujuvan ja tehokkaan toiminnan, mik\u00e4 v\u00e4hent\u00e4\u00e4 kulumista. T\u00e4m\u00e4 parantaa vaihteiston kokonaisk\u00e4ytt\u00f6ik\u00e4\u00e4 ja minimoi huoltotarpeet.<\/li>\n<li><strong>Suuri v\u00e4\u00e4nt\u00f6momentti<\/strong><br \/>\nRaskaille maatalouskoneille suunniteltu vaihteisto tarjoaa suuren v\u00e4\u00e4nt\u00f6momentin, mik\u00e4 varmistaa optimaalisen suorituskyvyn my\u00f6s haastavissa teht\u00e4viss\u00e4, kuten hein\u00e4nteko, ja tarjoaa tasaisen tehon tasaista levityst\u00e4 varten.<\/li>\n<li><strong>Tehokas voimansiirto<\/strong><br \/>\nVaihteisto on suunniteltu tarjoamaan tehokasta voimansiirtoa traktorin voimanottoj\u00e4rjestelm\u00e4st\u00e4 hein\u00e4ntekokoneeseen, mik\u00e4 minimoi energiah\u00e4vikin ja maksimoi tuottavuuden.<\/li>\n<li><strong>Kompakti ja kevyt<\/strong><br \/>\nRaskaasta kest\u00e4vyydest\u00e4\u00e4n huolimatta vaihteisto on kompakti ja kevyt, joten sit\u00e4 on helppo k\u00e4sitell\u00e4, asentaa ja huoltaa, mik\u00e4 lis\u00e4\u00e4 koneen kokonaistehokkuutta.<\/li>\n<\/ol>\n<p>N\u00e4m\u00e4 ominaisuudet tekev\u00e4t Hay Tedder Agriculture Gearboxista luotettavan ja tehokkaan komponentin maatalouskoneisiin, varmistaen optimaalisen suorituskyvyn ja pitk\u00e4ik\u00e4isyyden hein\u00e4nkorjuussovelluksissa.<\/p>\n<h2>Tietoja FMP:st\u00e4<\/h2>\n<p>Italiassa p\u00e4\u00e4konttoriaan pit\u00e4v\u00e4 FMP on johtava valmistaja, joka tunnetaan asiantuntemuksestaan \u200b\u200btehokkaiden vaihteistojen suunnittelussa, kehitt\u00e4misess\u00e4 ja tuotannossa. Yrityksen painopiste on maatalouskonesektorilla. Tarkkuudestaan, innovatiivisista ratkaisuistaan \u200b\u200bja horjumattomasta luotettavuudestaan \u200b\u200btunnettu FMP on rakentanut maineen luotettavana kumppanina sek\u00e4 maatalous- ett\u00e4 teollisuusmarkkinoilla. Monipuolinen tuotevalikoimamme sis\u00e4lt\u00e4\u00e4 ruohonleikkureiden, nivelakseleiden ja monien muiden t\u00e4rkeiden komponenttien mittatilausty\u00f6n\u00e4 valmistettuja vaihteistoja, jotka kaikki on suunniteltu vastaamaan erilaisten sovellusten ainutlaatuisiin vaatimuksiin.<\/p>\n<p>FMP:ll\u00e4 ymm\u00e4rr\u00e4mme, ett\u00e4 jokainen asiakas kohtaa erilaisia \u200b\u200bhaasteita, mink\u00e4 vuoksi olemme omistautuneet tarjoamaan r\u00e4\u00e4t\u00e4l\u00f6ityj\u00e4 ratkaisuja. Olipa kyseess\u00e4 sitten yksitt\u00e4inen komponentti tai t\u00e4ysin integroitu j\u00e4rjestelm\u00e4, teemme tiivist\u00e4 yhteisty\u00f6t\u00e4 asiakkaiden kanssa varmistaaksemme, ett\u00e4 jokainen ratkaisu ei ainoastaan \u200b\u200bt\u00e4yt\u00e4 heid\u00e4n vaatimuksiaan, vaan my\u00f6s optimoi suorituskyvyn ja lis\u00e4\u00e4 arvoa. Sitoutumisemme tarjota nopeita ja ammattimaisia \u200b\u200bvastauksia ja asiantuntevaa ohjausta takaa, ett\u00e4 jokainen tiedustelu k\u00e4sitell\u00e4\u00e4n tarkasti ja huolellisesti, mik\u00e4 johtaa parhaisiin mahdollisiin tuloksiin.<\/p>\n<p>Priorisoimme l\u00e4pin\u00e4kyv\u00e4\u00e4 viestint\u00e4\u00e4 tuotekehityssyklin jokaisessa vaiheessa. Omistautunut tiimimme ty\u00f6skentelee tiiviisti asiakkaiden kanssa ymm\u00e4rt\u00e4\u00e4kseen heid\u00e4n tarpeensa t\u00e4ysin ja tarjotakseen k\u00e4yt\u00e4nn\u00f6nl\u00e4heisi\u00e4 n\u00e4kemyksi\u00e4 ja asiantuntijasuosituksia tehokkaimpien tulosten saavuttamiseksi. Olipa kyse sitten huippuluokan tuotteiden luomisesta tai rutiinitilausten t\u00e4ytt\u00e4misest\u00e4, FMP on sitoutunut toimittamaan korkealaatuisia, tarkasti suunniteltuja ratkaisuja ajallaan, joka kerta. Missiomme on jatkuvasti ylitt\u00e4\u00e4 asiakkaiden odotukset tarjoamalla poikkeuksellista palvelua ja erinomaisia \u200b\u200btuloksia.<\/p>\n<p>FMP:n toiminnan ytimess\u00e4 on vahva sitoutuminen laatuun. Noudatamme korkeimpia valmistusstandardeja ja toteutamme tiukkoja laadunvalvontatoimenpiteit\u00e4 varmistaaksemme, ett\u00e4 jokainen tuote ei ainoastaan \u200b\u200b\u200b\u200bt\u00e4ytt\u00e4\u00e4, vaan my\u00f6s ylitt\u00e4\u00e4 alan vertailuarvot. T\u00e4m\u00e4 omistautuminen huippuosaamiseen yhdess\u00e4 ydinarvojemme, kuten rehellisyyden, tiimity\u00f6n ja sinnikkyyden, kanssa on mahdollistanut pitk\u00e4aikaisten, luottamukseen perustuvien asiakassuhteiden rakentamisen yli 30 maassa maailmanlaajuisesti.<\/p>\n<p>FMP on sitoutunut edist\u00e4m\u00e4\u00e4n globaaleja kumppanuuksia tarjoamalla asiantuntevaa neuvontaa ja r\u00e4\u00e4t\u00e4l\u00f6ityj\u00e4 ratkaisuja, jotka kehittyv\u00e4t asiakkaidemme dynaamisten tarpeiden mukana. Tavoitteenamme on rakentaa pitk\u00e4aikaisia, molempia osapuolia hy\u00f6dytt\u00e4vi\u00e4 suhteita, jotka edist\u00e4v\u00e4t jokaisen projektin onnistumista. Etsitp\u00e4 sitten innovatiivisia ratkaisuja uuteen aloitteeseen tai jatkuvaa tukea olemassa olevalle j\u00e4rjestelm\u00e4lle, FMP on t\u00e4\u00e4ll\u00e4 auttamassa sinua voittamaan tekniset haasteet ja varmistamaan jatkuvan menestyksesi.<\/p>\n<p><img loading=\"lazy\" decoding=\"async\" class=\"alignnone wp-image-2695\" src=\"https:\/\/fmp-components.com\/wp-content\/uploads\/2025\/01\/agricultural-gearbox3.webp\" alt=\"maatalousvaihteisto\" width=\"1140\" height=\"1138\" title=\"\" srcset=\"https:\/\/fmp-components.com\/wp-content\/uploads\/2025\/01\/agricultural-gearbox3.webp 1140w, https:\/\/fmp-components.com\/wp-content\/uploads\/2025\/01\/agricultural-gearbox3-480x479.webp 480w\" sizes=\"(min-width: 0px) and (max-width: 480px) 480px, (min-width: 481px) 1140px, 100vw\" \/><\/p>\n<p>Tekij\u00e4: CX<\/p>","protected":false},"excerpt":{"rendered":"<p>Agriculture Gearbox For Hay Tedder Specification Ratio 2.63:1 Input Speed 400 rpm Input Shaft X Features of Hay Tedder Agriculture Gearbox High-Performance Construction The Hay Tedder gearbox is engineered for robust performance in demanding agricultural conditions. It features a durable housing made from high-strength materials to withstand the rigors of continuous use in tough environments. [&hellip;]<\/p>","protected":false},"featured_media":3317,"comment_status":"open","ping_status":"closed","template":"","meta":{"_et_pb_use_builder":"","_et_pb_old_content":"","_et_gb_content_width":""},"product_brand":[],"product_cat":[83],"product_tag":[],"class_list":{"0":"post-3316","1":"product","2":"type-product","3":"status-publish","4":"has-post-thumbnail","6":"product_cat-gearbox-for-hay-tedders","8":"first","9":"instock","10":"shipping-taxable","11":"product-type-simple"},"_links":{"self":[{"href":"https:\/\/fmp-components.com\/fi\/wp-json\/wp\/v2\/product\/3316","targetHints":{"allow":["GET"]}}],"collection":[{"href":"https:\/\/fmp-components.com\/fi\/wp-json\/wp\/v2\/product"}],"about":[{"href":"https:\/\/fmp-components.com\/fi\/wp-json\/wp\/v2\/types\/product"}],"replies":[{"embeddable":true,"href":"https:\/\/fmp-components.com\/fi\/wp-json\/wp\/v2\/comments?post=3316"}],"wp:featuredmedia":[{"embeddable":true,"href":"https:\/\/fmp-components.com\/fi\/wp-json\/wp\/v2\/media\/3317"}],"wp:attachment":[{"href":"https:\/\/fmp-components.com\/fi\/wp-json\/wp\/v2\/media?parent=3316"}],"wp:term":[{"taxonomy":"product_brand","embeddable":true,"href":"https:\/\/fmp-components.com\/fi\/wp-json\/wp\/v2\/product_brand?post=3316"},{"taxonomy":"product_cat","embeddable":true,"href":"https:\/\/fmp-components.com\/fi\/wp-json\/wp\/v2\/product_cat?post=3316"},{"taxonomy":"product_tag","embeddable":true,"href":"https:\/\/fmp-components.com\/fi\/wp-json\/wp\/v2\/product_tag?post=3316"}],"curies":[{"name":"wp","href":"https:\/\/api.w.org\/{rel}","templated":true}]}}