{"id":3308,"date":"2025-01-06T05:16:18","date_gmt":"2025-01-06T05:16:18","guid":{"rendered":"https:\/\/fmp-components.com\/?page_id=8"},"modified":"2025-01-06T05:16:18","modified_gmt":"2025-01-06T05:16:18","slug":"fmp11-series-agricultural-micro-tiller-gearbox","status":"publish","type":"product","link":"https:\/\/fmp-components.com\/fi\/product\/fmp11-series-agricultural-micro-tiller-gearbox\/","title":{"rendered":"FMP11-sarjan maatalouden mikrojyrsinvaihteisto"},"content":{"rendered":"<h2>Micro Tiller -vaihteiston erittely<\/h2>\n<p><img loading=\"lazy\" decoding=\"async\" class=\"alignnone  wp-image-3310\" src=\"https:\/\/fmp-components.com\/wp-content\/uploads\/2025\/01\/agricutural-gearbox-FMP11.png\" alt=\"maatalousvaihteisto-FMP11\" width=\"892\" height=\"936\" title=\"\" srcset=\"https:\/\/fmp-components.com\/wp-content\/uploads\/2025\/01\/agricutural-gearbox-FMP11.png 892w, https:\/\/fmp-components.com\/wp-content\/uploads\/2025\/01\/agricutural-gearbox-FMP11-480x504.png 480w\" sizes=\"(min-width: 0px) and (max-width: 480px) 480px, (min-width: 481px) 892px, 100vw\" \/><\/p>\n<table style=\"width: 100%;\" border=\"1\" width=\"100%\" cellspacing=\"0\" cellpadding=\"0\">\n<tbody>\n<tr>\n<th>Suhde<\/th>\n<td>3.38:1<\/td>\n<\/tr>\n<tr>\n<th>Sy\u00f6tt\u00f6nopeus<\/th>\n<td>540 rpm<\/td>\n<\/tr>\n<tr>\n<th>Tuloakseli<\/th>\n<td>X\/Y<\/td>\n<\/tr>\n<tr>\n<th>Sy\u00f6tt\u00f6teho<\/th>\n<td>16,9 kW, 23 hv<\/td>\n<\/tr>\n<tr>\n<th>L\u00e4ht\u00f6momentti<\/th>\n<td>985 Nm<\/td>\n<\/tr>\n<\/tbody>\n<\/table>\n<h2>Micro Tiller -vaihteiston edut<\/h2>\n<p>Micro Tiller -vaihteisto tarjoaa useita etuja, jotka tekev\u00e4t siit\u00e4 olennaisen osan pienimuotoisissa maatalous- ja puutarhakoneissa. N\u00e4m\u00e4 edut varmistavat tasaisemman toiminnan, lis\u00e4\u00e4ntyneen tehokkuuden ja parannetun kest\u00e4vyyden, mik\u00e4 tekee siit\u00e4 ihanteellisen esimerkiksi maanmuokkaukseen, maanmuokkaukseen ja muihin vastaaviin maataloustoimintoihin. T\u00e4ss\u00e4 ovat t\u00e4rkeimm\u00e4t edut:<\/p>\n<p>1. <strong>Kompakti ja kevyt muotoilu<\/strong><\/p>\n<ul>\n<li>Mikrojyrsimen vaihteisto on suunniteltu kompaktiksi ja kevyeksi, mik\u00e4 parantaa maanmuokkauskoneiden ohjattavuutta ja kannettavuutta. Se sopii t\u00e4ydellisesti k\u00e4ytett\u00e4v\u00e4ksi pienemmiss\u00e4, ahtaissa tiloissa, kuten puutarhoissa, hedelm\u00e4tarhoissa tai pienill\u00e4 tontteilla, joissa suuret koneet olisivat hankalia.<\/li>\n<\/ul>\n<p>2. <strong>Parannettu v\u00e4\u00e4nt\u00f6momentti ja voimansiirto<\/strong><\/p>\n<ul>\n<li>Mikrojyrsinvaihteistot on suunniteltu siirt\u00e4m\u00e4\u00e4n tehokkaasti voimaa moottorista jyrsinty\u00f6kaluihin, mik\u00e4 tarjoaa tarvittavan v\u00e4\u00e4nt\u00f6momentin maan kaivamiseen. T\u00e4m\u00e4 varmistaa paremman muokkaussyvyyden ja maaper\u00e4n ilmastuksen, mik\u00e4 mahdollistaa tehokkaamman maaper\u00e4n valmistelun istutusta varten.<\/li>\n<\/ul>\n<p>3. <strong>Kest\u00e4vyys ja pitk\u00e4ik\u00e4isyys<\/strong><\/p>\n<ul>\n<li>Korkealaatuisista materiaaleista, kuten karkaistusta ter\u00e4ksest\u00e4, valmistetut mikroper\u00e4sinvaihteistot on rakennettu kest\u00e4m\u00e4\u00e4n jatkuvan k\u00e4yt\u00f6n rasitukset. Niiden kest\u00e4v\u00e4 rakenne auttaa est\u00e4m\u00e4\u00e4n ennenaikaista kulumista, v\u00e4hent\u00e4\u00e4 huoltotarvetta ja pident\u00e4\u00e4 vaihdelaatikon ja jyr\u00e4n k\u00e4ytt\u00f6ik\u00e4\u00e4.<\/li>\n<\/ul>\n<p>4. <strong>Energiatehokkuus<\/strong><\/p>\n<ul>\n<li>N\u00e4m\u00e4 vaihteistot on suunniteltu optimoimaan tehonk\u00e4ytt\u00f6\u00e4 varmistaen, ett\u00e4 moottori toimii tehokkaasti ja kuluttaa v\u00e4hemm\u00e4n polttoainetta. T\u00e4m\u00e4 alentaa k\u00e4ytt\u00f6kustannuksia ja tekee niist\u00e4 ymp\u00e4rist\u00f6yst\u00e4v\u00e4llisemm\u00e4n vaihtoehdon pienemmille maatiloille tai puutarhat\u00f6ille.<\/li>\n<\/ul>\n<p>5. <strong>Helppok\u00e4ytt\u00f6isyys<\/strong><\/p>\n<ul>\n<li>Vaihteisto on suunniteltu helposti integroitavaksi pieniin maanmuokkauskoneisiin, jolloin k\u00e4ytt\u00e4j\u00e4t voivat k\u00e4ytt\u00e4\u00e4 konetta minimaalisella vaivalla. Kompakti rakenne v\u00e4hent\u00e4\u00e4 my\u00f6s koneen kokonaispainoa, mik\u00e4 parantaa k\u00e4sittelyn helppoutta ja v\u00e4hent\u00e4\u00e4 k\u00e4ytt\u00e4j\u00e4n v\u00e4symist\u00e4.<\/li>\n<\/ul>\n<p>Micro Tiller Gearbox on korvaamaton komponentti pienimuotoisiin maanmuokkauslaitteisiin, sill\u00e4 se tarjoaa kest\u00e4vyyden, tehokkuuden ja kustannustehokkuuden yhdistelm\u00e4n, joka t\u00e4ytt\u00e4\u00e4 sek\u00e4 harrastajien ett\u00e4 ammattipuutarhureiden tarpeet.<\/p>\n<p><img loading=\"lazy\" decoding=\"async\" class=\"alignnone size-full wp-image-3311\" src=\"https:\/\/fmp-components.com\/wp-content\/uploads\/2025\/01\/tractor-pto-shaft-1.jpg\" alt=\"traktorin voimanottoakseli\" width=\"960\" height=\"360\" title=\"\" srcset=\"https:\/\/fmp-components.com\/wp-content\/uploads\/2025\/01\/tractor-pto-shaft-1.jpg 960w, https:\/\/fmp-components.com\/wp-content\/uploads\/2025\/01\/tractor-pto-shaft-1-480x180.jpg 480w\" sizes=\"(min-width: 0px) and (max-width: 480px) 480px, (min-width: 481px) 960px, 100vw\" \/><\/p>\n<h2>Tietoja FMP:st\u00e4<\/h2>\n<p>Italiassa p\u00e4\u00e4konttoriaan pit\u00e4v\u00e4 FMP on johtava valmistaja, joka tunnetaan asiantuntemuksestaan \u200b\u200bkorkean suorituskyvyn vaihteistojen suunnittelussa, kehitt\u00e4misess\u00e4 ja valmistuksessa, erityisesti maatalouskonesektorilla. Tarkkuudestaan, innovatiivisista ratkaisuistaan \u200b\u200bja horjumattomasta luotettavuudestaan \u200b\u200btunnettu FMP on rakentanut vahvan maineen luotettavana kumppanina sek\u00e4 maatalous- ett\u00e4 teollisuusmarkkinoilla. Laajaan valikoimaamme kuuluu mittatilausty\u00f6n\u00e4 valmistettuja vaihteistoja ruohonleikkureille, nivelakseleille ja laaja valikoima muita t\u00e4rkeit\u00e4 komponentteja, jotka kaikki on huolellisesti suunniteltu vastaamaan erilaisten sovellusten erityisvaatimuksiin.<\/p>\n<p>FMP:ll\u00e4 ymm\u00e4rr\u00e4mme, ett\u00e4 jokainen asiakas kohtaa ainutlaatuisia haasteita. T\u00e4m\u00e4 n\u00e4kemys ohjaa sitoutumistamme r\u00e4\u00e4t\u00e4l\u00f6ityjen ratkaisujen toimittamiseen, olipa kyse sitten yksitt\u00e4isist\u00e4 komponenteista tai t\u00e4ysin integroiduista j\u00e4rjestelmist\u00e4. Ty\u00f6skentelem\u00e4ll\u00e4 tiiviisti asiakkaidemme kanssa varmistamme, ett\u00e4 jokainen ratkaisu ei ainoastaan \u200b\u200bvastaa heid\u00e4n tarkkoihin tarpeisiinsa, vaan my\u00f6s optimoi suorituskyvyn ja maksimoi arvon. Omistautumisemme oikea-aikaisten ja ammattimaisten vastausten sek\u00e4 asiantuntevan ohjauksen tarjoamiseen takaa, ett\u00e4 jokainen tiedustelu k\u00e4sitell\u00e4\u00e4n tarkasti ja ett\u00e4 tulokset ovat johdonmukaisesti optimaaliset.<\/p>\n<p>Priorisoimme l\u00e4pin\u00e4kyv\u00e4\u00e4 ja jatkuvaa viestint\u00e4\u00e4 koko tuotekehitysprosessin ajan. Omistautunut tiimimme tekee tiivist\u00e4 yhteisty\u00f6t\u00e4 asiakkaiden kanssa ymm\u00e4rt\u00e4\u00e4kseen t\u00e4ysin heid\u00e4n vaatimuksensa ja tarjotakseen arvokkaita n\u00e4kemyksi\u00e4 ja asiantuntijasuosituksia parhaan mahdollisen lopputuloksen varmistamiseksi. Olipa kyseess\u00e4 sitten huippuluokan tuotteiden kehitt\u00e4minen tai rutiinitilausten t\u00e4ytt\u00e4minen, FMP on sitoutunut toimittamaan korkealaatuisia, tarkasti suunniteltuja ratkaisuja ajallaan, joka kerta. Tavoitteenamme on jatkuvasti ylitt\u00e4\u00e4 asiakkaiden odotukset, tarjota poikkeuksellista palvelua ja erinomaisia \u200b\u200btuloksia jokaisessa projektissa.<\/p>\n<p>FMP:n toiminnan ytimess\u00e4 on horjumaton sitoutuminen laatuun. Noudatamme korkeimpia valmistusstandardeja ja toteutamme tiukkoja laadunvalvontatoimenpiteit\u00e4 varmistaaksemme, ett\u00e4 jokainen tuote ei ainoastaan \u200b\u200b\u200b\u200bt\u00e4ytt\u00e4\u00e4, vaan ylitt\u00e4\u00e4 alan vertailuarvot. T\u00e4m\u00e4 sitoutuminen huippuosaamiseen yhdistettyn\u00e4 ydinarvoihimme, kuten rehellisyyteen, tiimity\u00f6h\u00f6n ja sinnikkyyteen, on mahdollistanut pitk\u00e4aikaisten, luottamukseen perustuvien asiakassuhteiden rakentamisen l\u00e4hes 30 maassa maailmanlaajuisesti.<\/p>\n<p>FMP on omistautunut edist\u00e4m\u00e4\u00e4n globaaleja kumppanuuksia tarjoamalla asiantuntevaa neuvontaa ja r\u00e4\u00e4t\u00e4l\u00f6ityj\u00e4 ratkaisuja, jotka vastaavat asiakkaidemme kehittyviin tarpeisiin. Tavoitteenamme on rakentaa kest\u00e4vi\u00e4, molempia osapuolia hy\u00f6dytt\u00e4vi\u00e4 suhteita, jotka edist\u00e4v\u00e4t jokaisen projektin onnistumista. Etsitp\u00e4 sitten innovatiivisia ratkaisuja uuteen aloitteeseen tai tarvitset jatkuvaa tukea olemassa olevalle j\u00e4rjestelm\u00e4lle, FMP on valmis auttamaan sinua voittamaan tekniset haasteet ja varmistamaan jatkuvan menestyksesi.<\/p>\n<p><img loading=\"lazy\" decoding=\"async\" class=\"alignnone wp-image-2695\" src=\"https:\/\/fmp-components.com\/wp-content\/uploads\/2025\/01\/agricultural-gearbox3.webp\" alt=\"maatalousvaihteisto\" width=\"1140\" height=\"1138\" title=\"\" srcset=\"https:\/\/fmp-components.com\/wp-content\/uploads\/2025\/01\/agricultural-gearbox3.webp 1140w, https:\/\/fmp-components.com\/wp-content\/uploads\/2025\/01\/agricultural-gearbox3-480x479.webp 480w\" sizes=\"(min-width: 0px) and (max-width: 480px) 480px, (min-width: 481px) 1140px, 100vw\" \/><\/p>\n<p>Tekij\u00e4: CX<\/p>","protected":false},"excerpt":{"rendered":"<p>Micro Tiller Gearbox Specification Ratio 3.38:1 Input Speed 540 rpm Input Shaft X\/Y Input Power 16.9 kW, 23 hp Output Torque 985 Nm Benefits of Micro Tiller Gearbox The Micro Tiller Gearbox offers several benefits, making it an essential component in small-scale farming and gardening machinery. These advantages ensure smoother operation, increased efficiency, and enhanced [&hellip;]<\/p>","protected":false},"featured_media":3309,"comment_status":"open","ping_status":"closed","template":"","meta":{"_et_pb_use_builder":"","_et_pb_old_content":"","_et_gb_content_width":""},"product_brand":[],"product_cat":[81],"product_tag":[],"class_list":{"0":"post-3308","1":"product","2":"type-product","3":"status-publish","4":"has-post-thumbnail","6":"product_cat-micro-tiller-gearbox","8":"first","9":"instock","10":"shipping-taxable","11":"product-type-simple"},"_links":{"self":[{"href":"https:\/\/fmp-components.com\/fi\/wp-json\/wp\/v2\/product\/3308","targetHints":{"allow":["GET"]}}],"collection":[{"href":"https:\/\/fmp-components.com\/fi\/wp-json\/wp\/v2\/product"}],"about":[{"href":"https:\/\/fmp-components.com\/fi\/wp-json\/wp\/v2\/types\/product"}],"replies":[{"embeddable":true,"href":"https:\/\/fmp-components.com\/fi\/wp-json\/wp\/v2\/comments?post=3308"}],"wp:featuredmedia":[{"embeddable":true,"href":"https:\/\/fmp-components.com\/fi\/wp-json\/wp\/v2\/media\/3309"}],"wp:attachment":[{"href":"https:\/\/fmp-components.com\/fi\/wp-json\/wp\/v2\/media?parent=3308"}],"wp:term":[{"taxonomy":"product_brand","embeddable":true,"href":"https:\/\/fmp-components.com\/fi\/wp-json\/wp\/v2\/product_brand?post=3308"},{"taxonomy":"product_cat","embeddable":true,"href":"https:\/\/fmp-components.com\/fi\/wp-json\/wp\/v2\/product_cat?post=3308"},{"taxonomy":"product_tag","embeddable":true,"href":"https:\/\/fmp-components.com\/fi\/wp-json\/wp\/v2\/product_tag?post=3308"}],"curies":[{"name":"wp","href":"https:\/\/api.w.org\/{rel}","templated":true}]}}