{"id":3301,"date":"2025-01-06T03:26:44","date_gmt":"2025-01-06T03:26:44","guid":{"rendered":"https:\/\/fmp-components.com\/?page_id=8"},"modified":"2025-01-06T05:18:30","modified_gmt":"2025-01-06T05:18:30","slug":"salt-spreader-gearbox-with-sprocket-for-road-snow-removal","status":"publish","type":"product","link":"https:\/\/fmp-components.com\/fi\/product\/salt-spreader-gearbox-with-sprocket-for-road-snow-removal\/","title":{"rendered":"Suolalevittimen vaihdelaatikko ketjupy\u00f6r\u00e4ll\u00e4 tien lumenpoistoon"},"content":{"rendered":"<table style=\"border-collapse: collapse; width: 99.5312%; height: 39px;\" border=\"0\" width=\"128\" cellspacing=\"0\" cellpadding=\"0\">\n<tbody>\n<tr style=\"height: 13.8pt;\">\n<td style=\"height: 13.8pt; width: 48pt;\" align=\"right\" width=\"64\" height=\"18\"><img loading=\"lazy\" decoding=\"async\" class=\"alignnone size-full wp-image-3306\" src=\"https:\/\/fmp-components.com\/wp-content\/uploads\/2025\/01\/Salt-Spreader-Gearbox-1-1.webp\" alt=\"Suolalevitin-vaihteisto\" width=\"600\" height=\"600\" title=\"\" srcset=\"https:\/\/fmp-components.com\/wp-content\/uploads\/2025\/01\/Salt-Spreader-Gearbox-1-1.webp 600w, https:\/\/fmp-components.com\/wp-content\/uploads\/2025\/01\/Salt-Spreader-Gearbox-1-1-480x480.webp 480w\" sizes=\"(min-width: 0px) and (max-width: 480px) 480px, (min-width: 481px) 600px, 100vw\" \/><\/td>\n<td style=\"width: 48pt;\" align=\"right\" width=\"64\"><img loading=\"lazy\" decoding=\"async\" class=\"alignnone size-full wp-image-3305\" src=\"https:\/\/fmp-components.com\/wp-content\/uploads\/2025\/01\/Salt-Spreader-Gearbox-2.webp\" alt=\"Suolalevitin-vaihteisto\" width=\"600\" height=\"600\" title=\"\" srcset=\"https:\/\/fmp-components.com\/wp-content\/uploads\/2025\/01\/Salt-Spreader-Gearbox-2.webp 600w, https:\/\/fmp-components.com\/wp-content\/uploads\/2025\/01\/Salt-Spreader-Gearbox-2-480x480.webp 480w\" sizes=\"(min-width: 0px) and (max-width: 480px) 480px, (min-width: 481px) 600px, 100vw\" \/><\/td>\n<\/tr>\n<\/tbody>\n<\/table>\n<h2>Suolalevittimen vaihdelaatikon ja hammaspy\u00f6r\u00e4n erittely<\/h2>\n<table border=\"1\" cellspacing=\"0\" cellpadding=\"0\">\n<tbody>\n<tr>\n<td>Tuotteen nimi<\/td>\n<td>Suolalevittimen vaihdelaatikko ketjupy\u00f6r\u00e4ll\u00e4 tien lumenpoistoon<\/td>\n<\/tr>\n<tr>\n<td>Sopii:<\/td>\n<td>SaltDogg SCH072SS, SCH072SSX, SCH096C, SCH096CX, SCH096SS, SCH096SSX, SCH120SS ja SCH120SSX -levittimet<\/td>\n<\/tr>\n<tr>\n<td>Halkaisija<\/td>\n<td>6.000<\/td>\n<\/tr>\n<tr>\n<td>Akselin halkaisija<\/td>\n<td>1.000<\/td>\n<\/tr>\n<tr>\n<td>Asennuskuvio<\/td>\n<td>4 pulttia @ 5.42\u2033<\/td>\n<\/tr>\n<tr>\n<td>Kierto<\/td>\n<td>My\u00f6t\u00e4p\u00e4iv\u00e4\u00e4n<\/td>\n<\/tr>\n<tr>\n<td>Nopeus<\/td>\n<td>900 kierrosta minuutissa<\/td>\n<\/tr>\n<tr>\n<td>Takuu<\/td>\n<td>1 vuosi<\/td>\n<\/tr>\n<\/tbody>\n<\/table>\n<h2>Suolalevittimen vaihdelaatikon toimintaperiaate tien lumenpoistoon<\/h2>\n<p>Suolalevittimen vaihteiston toimintaperiaate lumenaurauksessa on mekaanisen voiman muuntaminen ja siirt\u00e4minen ajoneuvon moottorista levitysmekanismiin. Vaihteisto varmistaa, ett\u00e4 suola levi\u00e4\u00e4 tasaisesti tienpinnoille lumenaurauksen aikana. Alla on selitys j\u00e4rjestelm\u00e4n toiminnasta:<\/p>\n<p>1. <strong>Voimansiirto moottorista vaihteistoon<\/strong><\/p>\n<ul>\n<li>Suolalevittimen vaihteisto on tyypillisesti kytketty ajoneuvon voimanottoon (PTO) tai suoraan ajoneuvon moottoriin. Kun moottori on k\u00e4ynniss\u00e4, se tuottaa tehoa, joka siirtyy vaihteistoon akselin tai PTO-kytkimen kautta.<\/li>\n<li>Voimanottoakseli siirt\u00e4\u00e4 py\u00f6rimisvoiman ajoneuvon moottorista vaihteistoon vetoakselin kautta.<\/li>\n<\/ul>\n<p>2. <strong>Nopeuden v\u00e4hent\u00e4minen ja v\u00e4\u00e4nt\u00f6momentin s\u00e4\u00e4t\u00f6<\/strong><\/p>\n<ul>\n<li>Vaihteiston sis\u00e4ll\u00e4 hammaspy\u00f6r\u00e4st\u00f6 (usein kierrehammaspy\u00f6r\u00e4t, kierrehammaspy\u00f6r\u00e4t tai lieri\u00f6hammaspy\u00f6r\u00e4t) v\u00e4hent\u00e4\u00e4 nopeutta ja lis\u00e4\u00e4 v\u00e4\u00e4nt\u00f6momenttia tarpeen mukaan, jotta suolalevitin toimii tehokkaasti.<\/li>\n<li>Nopeuden v\u00e4hent\u00e4minen on ratkaisevan t\u00e4rke\u00e4\u00e4, koska moottori k\u00e4y paljon suuremmalla nopeudella kuin levittimen vaatima py\u00f6rimisnopeus. Vaihteisto ohjaa levittimen osien py\u00f6rimisnopeutta s\u00e4\u00e4t\u00e4m\u00e4ll\u00e4 v\u00e4lityssuhteita.<\/li>\n<\/ul>\n<p>3. <strong>Levitinmekanismin aktivointi<\/strong><\/p>\n<ul>\n<li>Vaihteisto k\u00e4ytt\u00e4\u00e4 useita mekanismeja suolalevittimess\u00e4, erityisesti linkousmekanismia ja ruuvikuljetinta (tai kuljetinhihnaa).\n<ul>\n<li><strong>Kaira<\/strong>Ruuvia k\u00e4ytet\u00e4\u00e4n suolan kuljettamiseen s\u00e4ili\u00f6st\u00e4 linkoajaan. Vaihteisto varmistaa, ett\u00e4 ruuvi py\u00f6rii oikealla nopeudella tasaisen suolan virtauksen varmistamiseksi.<\/li>\n<li><strong>Spinner<\/strong>Suolalevy on py\u00f6riv\u00e4 levy, joka heitt\u00e4\u00e4 suolan tielle. Se levitt\u00e4\u00e4 suolan tasaisesti pinnalle. Vaihteisto ohjaa suolan py\u00f6rimisnopeutta ja -suuntaa tasaisen jakautumisen varmistamiseksi.<\/li>\n<\/ul>\n<\/li>\n<\/ul>\n<p><strong>4. Levitysnopeuden s\u00e4\u00e4t\u00f6<\/strong><\/p>\n<ul>\n<li>Vaihteisto mahdollistaa levitysnopeuden s\u00e4\u00e4t\u00e4misen muuttamalla ruuvin ja kiekon py\u00f6rimisnopeutta. Levitysnopeutta voidaan s\u00e4\u00e4t\u00e4\u00e4 tieolosuhteiden, lumen kertymisen ja ajoneuvon nopeuden mukaan.<\/li>\n<li>Joissakin edistyneiss\u00e4 vaihteistoissa voi olla muuttuvan nopeuden s\u00e4\u00e4t\u00f6mekanismeja, joiden avulla k\u00e4ytt\u00e4j\u00e4 voi hienos\u00e4\u00e4t\u00e4\u00e4 levittimen tuottoa optimaalisen suorituskyvyn saavuttamiseksi reaaliaikaisten olosuhteiden perusteella.<\/li>\n<\/ul>\n<p>5. <strong>Voimansiirto levittimen komponentteihin<\/strong><\/p>\n<ul>\n<li>Vaihteisto v\u00e4litt\u00e4\u00e4 voiman kiekkoakselille, joka py\u00f6ritt\u00e4\u00e4 kiekkoa ja levitt\u00e4\u00e4 suolaa. T\u00e4m\u00e4 py\u00f6riminen on ratkaisevan t\u00e4rke\u00e4\u00e4 suolan tasaiselle ja tehokkaalle levitt\u00e4miselle tien pinnalle.<\/li>\n<li>Lis\u00e4ksi vaihteisto k\u00e4ytt\u00e4\u00e4 ruuvikuljetinta tai kuljetinhihnaj\u00e4rjestelm\u00e4\u00e4, joka siirt\u00e4\u00e4 suolan s\u00e4ili\u00f6st\u00e4 linkoimeen. Vaihteisto varmistaa, ett\u00e4 ruuvi liikkuu tasaisella nopeudella, jotta suola virtaa tasaisesti linkoimeen.<\/li>\n<\/ul>\n<p>N\u00e4iden toimintojen avulla suolanlevittimen vaihteisto varmistaa, ett\u00e4 tienpinta k\u00e4sitell\u00e4\u00e4n tehokkaasti, mik\u00e4 parantaa liikenneturvallisuutta ja varmistaa, ett\u00e4 lumi ja j\u00e4\u00e4 poistetaan tehokkaasti talvitien kunnossapidon aikana.<\/p>\n<p><img loading=\"lazy\" decoding=\"async\" class=\"alignnone size-full wp-image-3302\" src=\"https:\/\/fmp-components.com\/wp-content\/uploads\/2025\/01\/Salt-Spreader-Gearbox-for-Road-Snow-Removal1.jpg\" alt=\"Suolalevitin-vaihteisto-tien-luminpoistoon\" width=\"1000\" height=\"557\" title=\"\" srcset=\"https:\/\/fmp-components.com\/wp-content\/uploads\/2025\/01\/Salt-Spreader-Gearbox-for-Road-Snow-Removal1.jpg 1000w, https:\/\/fmp-components.com\/wp-content\/uploads\/2025\/01\/Salt-Spreader-Gearbox-for-Road-Snow-Removal1-980x546.jpg 980w, https:\/\/fmp-components.com\/wp-content\/uploads\/2025\/01\/Salt-Spreader-Gearbox-for-Road-Snow-Removal1-480x267.jpg 480w\" sizes=\"(min-width: 0px) and (max-width: 480px) 480px, (min-width: 481px) and (max-width: 980px) 980px, (min-width: 981px) 1000px, 100vw\" \/><\/p>\n<h2>Maatalouden nivelakseli suolalevittimen vaihteistolle<\/h2>\n<p>Suolalevittimen vaihteiston maatalouden nivelakselilla on ratkaiseva rooli mekaanisen voiman siirt\u00e4misess\u00e4 traktorin tai ajoneuvon moottorista suolalevittimen vaihteistoon, joka puolestaan \u200b\u200bk\u00e4ytt\u00e4\u00e4 levitysmekanismia. PTO (voimanottoakseli) on voimansiirtoj\u00e4rjestelm\u00e4n keskeinen lenkki, joka mahdollistaa levittimen moitteettoman toiminnan k\u00e4ytt\u00e4m\u00e4ll\u00e4 ruuvia, spinneri\u00e4 ja muita suolan levityksest\u00e4 vastaavia komponentteja. Alla on selitys siit\u00e4, miten nivelakseli on integroitu suolalevitinj\u00e4rjestelm\u00e4\u00e4n ja sen toiminnot:<\/p>\n<ol>\n<li><strong>Voimansiirto:<\/strong>\n<ul>\n<li>Voimanottoakseli siirt\u00e4\u00e4 voiman traktorin tai ajoneuvon moottorista suolalevittimen vaihteistoon, jolloin vaihteisto voi k\u00e4ytt\u00e4\u00e4 ruuvin, kuljettimen ja linkoimen komponentteja.<\/li>\n<li>T\u00e4m\u00e4 voimansiirto on v\u00e4ltt\u00e4m\u00e4t\u00f6n levittimen tehokkaalle toiminnalle ja varmistaa, ett\u00e4 suola jakautuu tasaisesti tien pinnalle.<\/li>\n<\/ul>\n<\/li>\n<li><strong>Kest\u00e4vyys ja lujuus:<\/strong>\n<ul>\n<li>Nivelakselit on suunniteltu kest\u00e4m\u00e4\u00e4n suuria v\u00e4\u00e4nt\u00f6momentteja ja vaativia k\u00e4ytt\u00f6olosuhteita, mink\u00e4 ansiosta ne soveltuvat raskaaseen k\u00e4ytt\u00f6\u00f6n maatalouskoneissa, mukaan lukien suolanlevittimet.<\/li>\n<li>Eritt\u00e4in lujista materiaaleista, kuten ter\u00e4ksest\u00e4, valmistettu kuilu on rakennettu kest\u00e4m\u00e4\u00e4n \u00e4\u00e4rimm\u00e4isi\u00e4 s\u00e4\u00e4olosuhteita, t\u00e4rin\u00e4\u00e4 ja fyysist\u00e4 rasitusta tienhoitot\u00f6iden aikana ankarissa talviolosuhteissa.<\/li>\n<\/ul>\n<\/li>\n<li><strong>Pikakytkent\u00e4 ja -katkaisu:<\/strong>\n<ul>\n<li>Nivelakselit on suunniteltu siten, ett\u00e4 ne on helppo kytke\u00e4 ajoneuvon tai traktorin voimanottoakseliin ja irrottaa niist\u00e4. T\u00e4m\u00e4 mahdollistaa nopean kiinnityksen tarvittaessa ja helpon irrottamisen, kun niit\u00e4 ei k\u00e4ytet\u00e4, mik\u00e4 parantaa k\u00e4ytt\u00f6mukavuutta ja toiminnan tehokkuutta.<\/li>\n<li>Liitoksessa k\u00e4ytet\u00e4\u00e4n usein uritettua akselia tai pikaliitint\u00e4, mik\u00e4 helpottaa k\u00e4ytt\u00e4jien kiinnitt\u00e4m\u00e4\u00e4n akselin tukevasti suolalevittimen vaihdelaatikkoon.<\/li>\n<\/ul>\n<\/li>\n<li><strong>Kardaaninivel (U-nivel):<\/strong>\n<ul>\n<li>Nivelakselissa on tyypillisesti ristinivelet (U-nivelet), jotka mahdollistavat voimansiirron my\u00f6s akselin ollessa kulmassa. T\u00e4m\u00e4 joustavuus mahdollistaa nivelakselin liitt\u00e4misen suolalevittimen vaihteistoon, joka voidaan sijoittaa eri kulmiin levittimen rakenteesta riippuen.<\/li>\n<li>U-nivelet varmistavat tasaisen voimansiirron ilman tehokkuuden heikkenemist\u00e4 jopa vaihtelevissa k\u00e4ytt\u00f6olosuhteissa, kuten ep\u00e4tasaisessa maastossa tai karheilla tiepinnoilla.<\/li>\n<\/ul>\n<\/li>\n<li><strong>Suojaus ylikuormitukselta:<\/strong>\n<ul>\n<li>Monissa suolalevittimien vaihteistojen nivelakseleissa on murtokapit, kytkimet tai v\u00e4\u00e4nt\u00f6momentin rajoittimet, jotka suojaavat koneistoa ylikuormitustilanteilta. N\u00e4m\u00e4 suojakomponentit est\u00e4v\u00e4t akselin, vaihteiston tai muiden liitettyjen osien vaurioitumisen, jos levitin kohtaa esteen tai vastuksen.<\/li>\n<li>N\u00e4m\u00e4 turvamekanismit ovat elint\u00e4rkeit\u00e4 voimanottoakselin ja vaihteiston pitk\u00e4ik\u00e4isyyden varmistamiseksi pitk\u00e4aikaisessa k\u00e4yt\u00f6ss\u00e4 haastavissa s\u00e4\u00e4olosuhteissa.<\/li>\n<\/ul>\n<\/li>\n<\/ol>\n<p>Suolalevittimen vaihteiston maatalouden nivelakseli on olennainen osa mekaanisen voiman siirt\u00e4misess\u00e4 traktorin moottorista vaihteistoon ja varmistaa suolalevittimen moitteettoman toiminnan. Kest\u00e4v\u00e4ksi, joustavaksi ja turvalliseksi suunniteltu nivelakseli auttaa k\u00e4ytt\u00e4m\u00e4\u00e4n levittimen kriittisi\u00e4 komponentteja varmistaen tehokkaan ja luotettavan tienhoidon lumen ja j\u00e4\u00e4n poistamiseksi talvik\u00e4yt\u00f6ss\u00e4. Lujuuden, helppok\u00e4ytt\u00f6isyyden ja ylikuormitussuojauksen yhdistelm\u00e4 varmistaa, ett\u00e4 nivelakseli kest\u00e4\u00e4 ankaria olosuhteita ja tarjoaa optimaalisen suorituskyvyn tienhoitot\u00f6iss\u00e4.<\/p>\n<p><img loading=\"lazy\" decoding=\"async\" class=\"alignnone size-full wp-image-3303\" src=\"https:\/\/fmp-components.com\/wp-content\/uploads\/2025\/01\/Agricultural-PTO-Shaft-for-Salt-Spreader-Gearbox.webp\" alt=\"Maatalouden-voimanottoakseli-suolanlevittimelle-vaihteisto\" width=\"1024\" height=\"500\" title=\"\" srcset=\"https:\/\/fmp-components.com\/wp-content\/uploads\/2025\/01\/Agricultural-PTO-Shaft-for-Salt-Spreader-Gearbox.webp 1024w, https:\/\/fmp-components.com\/wp-content\/uploads\/2025\/01\/Agricultural-PTO-Shaft-for-Salt-Spreader-Gearbox-980x479.webp 980w, https:\/\/fmp-components.com\/wp-content\/uploads\/2025\/01\/Agricultural-PTO-Shaft-for-Salt-Spreader-Gearbox-480x234.webp 480w\" sizes=\"(min-width: 0px) and (max-width: 480px) 480px, (min-width: 481px) and (max-width: 980px) 980px, (min-width: 981px) 1024px, 100vw\" \/><\/p>\n<h2>Tietoja FMP:st\u00e4<\/h2>\n<p>Italiassa p\u00e4\u00e4konttoriaan pit\u00e4v\u00e4 FMP on johtava valmistaja, joka on erikoistunut tehokkaiden vaihteistojen suunnitteluun, kehitt\u00e4miseen ja tuotantoon. Yrityksen p\u00e4\u00e4asiallinen painopiste on maatalouskonesektorilla. Tarkkuudestaan, innovatiivisista ratkaisuistaan \u200b\u200bja tasaisesta luotettavuudestaan \u200b\u200btunnettu FMP on ansainnut maineen luotettavana kumppanina sek\u00e4 maatalous- ett\u00e4 teollisuusmarkkinoilla. Laaja valikoimamme sis\u00e4lt\u00e4\u00e4 ruohonleikkureiden, nivelakseleiden ja muiden kriittisten komponenttien mittatilausty\u00f6n\u00e4 valmistettuja vaihteistoja, jotka kaikki on huolellisesti valmistettu vastaamaan erilaisten sovellusten ainutlaatuisia vaatimuksia.<\/p>\n<p>FMP:ll\u00e4 ymm\u00e4rr\u00e4mme, ett\u00e4 jokainen asiakas kohtaa erilaisia \u200b\u200bhaasteita, mink\u00e4 vuoksi olemme sitoutuneet tarjoamaan r\u00e4\u00e4t\u00e4l\u00f6ityj\u00e4 ratkaisuja. Olipa kyseess\u00e4 yksitt\u00e4iset komponentit tai t\u00e4ysin integroidut j\u00e4rjestelm\u00e4t, teemme tiivist\u00e4 yhteisty\u00f6t\u00e4 asiakkaidemme kanssa varmistaaksemme, ett\u00e4 jokainen ratkaisu ei ainoastaan \u200b\u200bvastaa heid\u00e4n erityisvaatimuksiinsa, vaan my\u00f6s maksimoi suorituskyvyn ja arvon. Keskittymisemme nopeisiin ja ammattimaisiin vastauksiin sek\u00e4 asiantuntevaan ohjaukseen varmistaa, ett\u00e4 jokainen tiedustelu k\u00e4sitell\u00e4\u00e4n tarkasti ja ett\u00e4 tulokset ovat johdonmukaisesti optimaalisia.<\/p>\n<p>Priorisoimme l\u00e4pin\u00e4kyv\u00e4\u00e4 ja jatkuvaa viestint\u00e4\u00e4 koko tuotekehityssyklin ajan. Omistautunut tiimimme tekee tiivist\u00e4 yhteisty\u00f6t\u00e4 asiakkaiden kanssa ymm\u00e4rt\u00e4\u00e4kseen heid\u00e4n tarpeensa perusteellisesti ja tarjotakseen oivaltavia suosituksia parhaiden mahdollisten tulosten saavuttamiseksi. Olipa kyse sitten huippuluokan tuotteiden suunnittelusta tai rutiinitilausten t\u00e4ytt\u00e4misest\u00e4, FMP on sitoutunut toimittamaan korkealaatuisia ja tarkasti suunniteltuja ratkaisuja ajallaan, joka kerta. Missiomme on jatkuvasti ylitt\u00e4\u00e4 asiakkaiden odotukset tarjoamalla poikkeuksellista palvelua ja erinomaisia \u200b\u200btuloksia jokaisessa projektissa.<\/p>\n<p>FMP:n toiminnan ytimess\u00e4 on sitoutuminen laatuun. Noudatamme korkeimpia valmistusstandardeja ja k\u00e4yt\u00e4mme tiukkoja laadunvalvontaprosesseja varmistaaksemme, ett\u00e4 jokainen tuote t\u00e4ytt\u00e4\u00e4 ja usein ylitt\u00e4\u00e4 alan standardit. T\u00e4m\u00e4 horjumaton omistautuminen huippuosaamiseen yhdistettyn\u00e4 ydinarvoihimme, kuten rehellisyyteen, tiimity\u00f6h\u00f6n ja sinnikkyyteen, on mahdollistanut pitk\u00e4aikaisten ja luottamukseen perustuvien asiakassuhteiden rakentamisen l\u00e4hes 30 maassa maailmanlaajuisesti.<\/p>\n<p>FMP on sitoutunut edist\u00e4m\u00e4\u00e4n globaaleja kumppanuuksia tarjoamalla asiantuntevaa neuvontaa ja r\u00e4\u00e4t\u00e4l\u00f6ityj\u00e4 ratkaisuja, jotka vastaavat asiakkaidemme kehittyviin tarpeisiin. Tavoitteenamme on rakentaa pitk\u00e4aikaisia, molempia osapuolia hy\u00f6dytt\u00e4vi\u00e4 suhteita, jotka edist\u00e4v\u00e4t jokaisen projektin onnistumista. Tarvitsetpa sitten innovatiivisia ratkaisuja uuteen aloitteeseen tai jatkuvaa tukea olemassa olevalle j\u00e4rjestelm\u00e4lle, FMP on t\u00e4\u00e4ll\u00e4 auttamassa sinua teknisten haasteiden ratkaisemisessa ja varmistamassa jatkuvan menestyksesi.<\/p>\n<p><img loading=\"lazy\" decoding=\"async\" class=\"alignnone wp-image-2695\" src=\"https:\/\/fmp-components.com\/wp-content\/uploads\/2025\/01\/agricultural-gearbox3.webp\" alt=\"maatalousvaihteisto\" width=\"1140\" height=\"1138\" title=\"\" srcset=\"https:\/\/fmp-components.com\/wp-content\/uploads\/2025\/01\/agricultural-gearbox3.webp 1140w, https:\/\/fmp-components.com\/wp-content\/uploads\/2025\/01\/agricultural-gearbox3-480x479.webp 480w\" sizes=\"(min-width: 0px) and (max-width: 480px) 480px, (min-width: 481px) 1140px, 100vw\" \/><\/p>\n<p>Tekij\u00e4: CX<\/p>","protected":false},"excerpt":{"rendered":"<p>Specification of Salt Spreader Gearbox with Sprocket Product Name Salt Spreader Gearbox with Sprocket for Road Snow Removal Fits: SaltDogg SCH072SS, SCH072SSX, SCH096C, SCH096CX, SCH096SS, SCH096SSX, SCH120SS and SCH120SSX Spreaders Diameter 6.000 Shaft Diameter 1.000 Mounting Pattern 4 Bolt @ 5.42&#8243; Rotation Clockwise Speed 900 RPM Warranty 1 Year Working Principle of Salt Spreader Gearbox [&hellip;]<\/p>","protected":false},"featured_media":3305,"comment_status":"open","ping_status":"closed","template":"","meta":{"_et_pb_use_builder":"","_et_pb_old_content":"","_et_gb_content_width":""},"product_brand":[],"product_cat":[80],"product_tag":[],"class_list":{"0":"post-3301","1":"product","2":"type-product","3":"status-publish","4":"has-post-thumbnail","6":"product_cat-snowblower-gearbox","8":"first","9":"instock","10":"shipping-taxable","11":"product-type-simple"},"_links":{"self":[{"href":"https:\/\/fmp-components.com\/fi\/wp-json\/wp\/v2\/product\/3301","targetHints":{"allow":["GET"]}}],"collection":[{"href":"https:\/\/fmp-components.com\/fi\/wp-json\/wp\/v2\/product"}],"about":[{"href":"https:\/\/fmp-components.com\/fi\/wp-json\/wp\/v2\/types\/product"}],"replies":[{"embeddable":true,"href":"https:\/\/fmp-components.com\/fi\/wp-json\/wp\/v2\/comments?post=3301"}],"wp:featuredmedia":[{"embeddable":true,"href":"https:\/\/fmp-components.com\/fi\/wp-json\/wp\/v2\/media\/3305"}],"wp:attachment":[{"href":"https:\/\/fmp-components.com\/fi\/wp-json\/wp\/v2\/media?parent=3301"}],"wp:term":[{"taxonomy":"product_brand","embeddable":true,"href":"https:\/\/fmp-components.com\/fi\/wp-json\/wp\/v2\/product_brand?post=3301"},{"taxonomy":"product_cat","embeddable":true,"href":"https:\/\/fmp-components.com\/fi\/wp-json\/wp\/v2\/product_cat?post=3301"},{"taxonomy":"product_tag","embeddable":true,"href":"https:\/\/fmp-components.com\/fi\/wp-json\/wp\/v2\/product_tag?post=3301"}],"curies":[{"name":"wp","href":"https:\/\/api.w.org\/{rel}","templated":true}]}}