{"id":3285,"date":"2025-01-06T02:26:59","date_gmt":"2025-01-06T02:26:59","guid":{"rendered":"https:\/\/fmp-components.com\/?page_id=8"},"modified":"2025-01-06T02:26:59","modified_gmt":"2025-01-06T02:26:59","slug":"manure-spreaders-gearboxes-replacement-of-comer-code-n-2a","status":"publish","type":"product","link":"https:\/\/fmp-components.com\/fi\/product\/manure-spreaders-gearboxes-replacement-of-comer-code-n-2a\/","title":{"rendered":"Lannanlevittimien vaihteistot \u2013 Comer-koodin N-2A vaihto"},"content":{"rendered":"<h2>Lannanlevittimen vaihteistot N-2A-spesifikaatio<\/h2>\n<p><img loading=\"lazy\" decoding=\"async\" class=\"alignnone size-full wp-image-3286\" src=\"https:\/\/fmp-components.com\/wp-content\/uploads\/2025\/01\/manure-spreader-gearbox-N2A-specifications.webp\" alt=\"Lannanlevittimen-vaihteiston-N2A-tiedot\" width=\"1012\" height=\"544\" title=\"\" srcset=\"https:\/\/fmp-components.com\/wp-content\/uploads\/2025\/01\/manure-spreader-gearbox-N2A-specifications.webp 1012w, https:\/\/fmp-components.com\/wp-content\/uploads\/2025\/01\/manure-spreader-gearbox-N2A-specifications-980x527.webp 980w, https:\/\/fmp-components.com\/wp-content\/uploads\/2025\/01\/manure-spreader-gearbox-N2A-specifications-480x258.webp 480w\" sizes=\"(min-width: 0px) and (max-width: 480px) 480px, (min-width: 481px) and (max-width: 980px) 980px, (min-width: 981px) 1012px, 100vw\" \/><\/p>\n<table style=\"width: 93.7748%; height: 397px;\" border=\"1\">\n<tbody>\n<tr>\n<td><strong>min\u00e4<\/strong><\/td>\n<td>5.67<\/td>\n<\/tr>\n<tr>\n<td><strong>N<sub>1<\/sub>[rpm]<\/strong><\/td>\n<td>540<\/td>\n<\/tr>\n<tr>\n<td><strong>P<sub>1<\/sub>[kW]<\/strong><\/td>\n<td>23.5<\/td>\n<\/tr>\n<tr>\n<td><strong>M<sub>2<\/sub>[Nm]<\/strong><\/td>\n<td>&#8211;<\/td>\n<\/tr>\n<tr>\n<td><strong>Akseli X<img loading=\"lazy\" decoding=\"async\" class=\"size-full wp-image-3287 aligncenter\" src=\"https:\/\/fmp-components.com\/wp-content\/uploads\/2025\/01\/shaft-x-1.webp\" alt=\"akseli-x\" width=\"81\" height=\"78\" title=\"\" srcset=\"https:\/\/fmp-components.com\/wp-content\/uploads\/2025\/01\/shaft-x-1.webp 81w, https:\/\/fmp-components.com\/wp-content\/uploads\/2025\/01\/shaft-x-1-12x12.webp 12w\" sizes=\"(max-width: 81px) 100vw, 81px\" \/><\/strong><\/td>\n<td>1\u201d 3\/8 Z6<\/td>\n<\/tr>\n<tr>\n<td><strong>Akseli Y<img loading=\"lazy\" decoding=\"async\" class=\"size-full wp-image-3287 aligncenter\" src=\"https:\/\/fmp-components.com\/wp-content\/uploads\/2025\/01\/shaft-x-1.webp\" alt=\"akseli-x\" width=\"81\" height=\"78\" title=\"\" srcset=\"https:\/\/fmp-components.com\/wp-content\/uploads\/2025\/01\/shaft-x-1.webp 81w, https:\/\/fmp-components.com\/wp-content\/uploads\/2025\/01\/shaft-x-1-12x12.webp 12w\" sizes=\"(max-width: 81px) 100vw, 81px\" \/><\/strong><\/td>\n<td>1\u201d 3\/8 Z6<\/td>\n<\/tr>\n<tr>\n<td><strong>Akseli Z<img loading=\"lazy\" decoding=\"async\" class=\"size-full wp-image-3287 aligncenter\" src=\"https:\/\/fmp-components.com\/wp-content\/uploads\/2025\/01\/shaft-x-1.webp\" alt=\"akseli-x\" width=\"81\" height=\"78\" title=\"\" srcset=\"https:\/\/fmp-components.com\/wp-content\/uploads\/2025\/01\/shaft-x-1.webp 81w, https:\/\/fmp-components.com\/wp-content\/uploads\/2025\/01\/shaft-x-1-12x12.webp 12w\" sizes=\"(max-width: 81px) 100vw, 81px\" \/><\/strong><\/td>\n<td>1\u201d 3\/8 Z6<\/td>\n<\/tr>\n<tr>\n<td><strong>Sy\u00f6tt\u00f6<\/strong><\/td>\n<td>Z<\/td>\n<\/tr>\n<\/tbody>\n<\/table>\n<h3>Lannanlevittimen vaihdelaatikon ominaisuudet<\/h3>\n<ol>\n<li><strong>Kest\u00e4v\u00e4 kotelo<\/strong><br \/>\nVaihteistossa on kest\u00e4v\u00e4, korroosionkest\u00e4v\u00e4 kotelo, joka on tyypillisesti valmistettu eritt\u00e4in lujista materiaaleista, kuten valuraudasta tai alumiiniseoksista, mik\u00e4 varmistaa pitk\u00e4aikaisen kest\u00e4vyyden my\u00f6s ankarissa maatalousolosuhteissa.<\/li>\n<li><strong>Suuri v\u00e4\u00e4nt\u00f6momentti<\/strong><br \/>\nLannoitteenlevittimen vaihteisto on suunniteltu raskaisiin maatalousteht\u00e4viin. Se tuottaa suuren v\u00e4\u00e4nt\u00f6momentin tehokasta toimintaa varten ja varmistaa sujuvan voimansiirron traktorista levittimeen.<\/li>\n<li><strong>Tarkkuusvaihteet<\/strong><br \/>\nVaihteet on tarkasti suunniteltu tarkan kytkenn\u00e4n ja tasaisen toiminnan takaamiseksi, mik\u00e4 v\u00e4hent\u00e4\u00e4 kulumista ja parantaa tehokkuutta. N\u00e4m\u00e4 vaihteet on tyypillisesti taottu ja k\u00e4sitelty kest\u00e4m\u00e4\u00e4n suurta rasitusta.<\/li>\n<li><strong>Useita vaihdesuhteita<\/strong><br \/>\nLantalevittimien vaihteistoja on saatavana useilla eri v\u00e4lityssuhteilla, kuten 1:1, 1,46:1 ja muilla r\u00e4\u00e4t\u00e4l\u00f6idyill\u00e4 v\u00e4lityssuhteilla, mik\u00e4 tarjoaa joustavuutta erilaisten koneiden ja sovellusten erityisvaatimusten t\u00e4ytt\u00e4miseen.<\/li>\n<li><strong>Kartiorullalaakerit<\/strong><br \/>\nVaihteistossa k\u00e4ytet\u00e4\u00e4n suurta kuormitusta kest\u00e4vi\u00e4 kartiorullalaakereita, jotka tarjoavat erinomaisen tuen akseleille, mik\u00e4 parantaa laakerin k\u00e4ytt\u00f6ik\u00e4\u00e4, kuormituskyky\u00e4 ja vaihteiston yleist\u00e4 suorituskyky\u00e4.<\/li>\n<\/ol>\n<p>N\u00e4m\u00e4 ominaisuudet tekev\u00e4t lannanlevittimen vaihteistoista eritt\u00e4in luotettavia ja tehokkaita komponentteja nykyaikaisissa maataloustoiminnoissa varmistaen, ett\u00e4 viljelij\u00e4t voivat suorittaa teht\u00e4vi\u00e4, kuten lannan levitt\u00e4mist\u00e4, tehokkaasti, tasaisesti ja minimoimalla seisokkiajat.<\/p>\n<p><img loading=\"lazy\" decoding=\"async\" class=\"alignnone  wp-image-3289\" src=\"https:\/\/fmp-components.com\/wp-content\/uploads\/2025\/01\/manure-spreader-gearbox-supplier1.webp\" alt=\"lannanlevittimen-vaihteiston-toimittaja(1)\" width=\"941\" height=\"627\" title=\"\" srcset=\"https:\/\/fmp-components.com\/wp-content\/uploads\/2025\/01\/manure-spreader-gearbox-supplier1.webp 941w, https:\/\/fmp-components.com\/wp-content\/uploads\/2025\/01\/manure-spreader-gearbox-supplier1-480x320.webp 480w\" sizes=\"(min-width: 0px) and (max-width: 480px) 480px, (min-width: 481px) 941px, 100vw\" \/><\/p>\n<h3>Lannanlevittimen vaihdelaatikon nivelakseli<\/h3>\n<p>Voimanottoakseli on olennainen osa, joka yhdist\u00e4\u00e4 traktorin tehon lannanlevittimen vaihteistoon ja mahdollistaa mekaanisen voimansiirron lannanlevittimen k\u00e4ytt\u00e4miseksi. Voimanottoakseli toimii linkkin\u00e4 traktorin moottorin ja lannanlevittimen vaihteiston v\u00e4lill\u00e4 varmistaen, ett\u00e4 levitin saa voimaa tehokkaasti ja tuloksellisesti. Alla on lueteltu lannanlevittimen vaihteistojen voimanottoakselin t\u00e4rkeimm\u00e4t ominaisuudet ja edut:<\/p>\n<ol>\n<li><strong>Raskas rakenne<\/strong>\n<ul>\n<li><strong>Korkean lujuuden ter\u00e4s<\/strong>Nivelakseli on valmistettu kest\u00e4v\u00e4st\u00e4 ja eritt\u00e4in lujasta ter\u00e4ksest\u00e4, jotta se kest\u00e4\u00e4 maataloust\u00f6ihin liittyv\u00e4n voimakkaan v\u00e4\u00e4nt\u00f6momentin ja rasituksen.<\/li>\n<li><strong>Kest\u00e4v\u00e4t komponentit<\/strong>Kest\u00e4vien nivelten ja vahvistetun rakenteen ansiosta nivelakselit on rakennettu kest\u00e4m\u00e4\u00e4n maatalouden ankaria olosuhteita, kuten altistumista p\u00f6lylle, kosteudelle ja kemiallisille alkuaineille.<\/li>\n<\/ul>\n<\/li>\n<li><strong>Yhteensopivuus<\/strong>\n<ul>\n<li><strong>Universaali suunnittelu<\/strong>Nivelakselit on suunniteltu murrosnivelill\u00e4, mik\u00e4 varmistaa yhteensopivuuden monenlaisten traktoreiden ja lannanlevittimien kanssa.<\/li>\n<li><strong>Standardoidut kytkimet<\/strong>Akseleissa on standardoidut kytkimet, jotka sopivat traktorin voimanottoakseliin ja lannanlevittimen vaihteiston sis\u00e4\u00e4ntuloon, mik\u00e4 varmistaa helpon kiinnityksen ja irrotuksen.<\/li>\n<\/ul>\n<\/li>\n<li><strong>Suuri v\u00e4\u00e4nt\u00f6momentin siirto<\/strong>\n<ul>\n<li>Nivelakselit on suunniteltu siirt\u00e4m\u00e4\u00e4n suuri v\u00e4\u00e4nt\u00f6momentti traktorista lannanlevittimen vaihteistoon. T\u00e4m\u00e4 varmistaa, ett\u00e4 levitin saa virtaa tehokkaasti my\u00f6s raskaissa kuormitusolosuhteissa.<\/li>\n<\/ul>\n<\/li>\n<li><strong>Turvaominaisuudet<\/strong>\n<ul>\n<li><strong>Turvasuojat ja -kilvet<\/strong>Nivelakseleissa on suojalevyt ja -suojat, jotka est\u00e4v\u00e4t vahingossa tapahtuvan kosketuksen liikkuviin osiin ja varmistavat k\u00e4ytt\u00e4j\u00e4n turvallisen k\u00e4yt\u00f6n.<\/li>\n<li><strong>Liukukytkimen mekanismit<\/strong>Monissa nivelakseleissa on liukukytkimet tai ylikuormitussuojat, jotka suojaavat akselia ja siihen kytketty\u00e4 koneistoa \u00e4killisten nyk\u00e4ysten tai liiallisen v\u00e4\u00e4nt\u00f6momentin aiheuttamilta vaurioilta.<\/li>\n<\/ul>\n<\/li>\n<li><strong>Joustavuus ja ulottuvuus<\/strong>\n<ul>\n<li>Nivelakseleita on saatavilla eri pituisina, jotta ne sopivat traktorin ja lannanlevittimen v\u00e4liseen et\u00e4isyyteen, mik\u00e4 varmistaa oikean ulottuvuuden ja joustavuuden erilaisissa asetuksissa.<\/li>\n<li><strong>Teleskooppinen muotoilu<\/strong>Joissakin nivelakseleissa on teleskooppirakenne, joka mahdollistaa pituuden s\u00e4\u00e4d\u00f6n traktorin ja levittimen v\u00e4listen erilaisten ty\u00f6skentelyet\u00e4isyyksien mukaan.<\/li>\n<\/ul>\n<\/li>\n<\/ol>\n<ol>\n<li style=\"list-style-type: none;\"><\/li>\n<\/ol>\n<p>Yhteenvetona voidaan todeta, ett\u00e4 lannanlevittimien vaihteistojen nivelakseli on ratkaisevan t\u00e4rke\u00e4 osa nykyaikaisessa maataloustoiminnassa. Se varmistaa tehokkaan voimansiirron, parantaa turvallisuutta ja tarjoaa kest\u00e4vyytt\u00e4 ja joustavuutta erilaisiin k\u00e4ytt\u00f6tarkoituksiin. K\u00e4ytt\u00e4m\u00e4ll\u00e4 korkealaatuista nivelakselia maanviljelij\u00e4t voivat maksimoida lannanlevittimiens\u00e4 suorituskyvyn ja samalla minimoida huoltotarpeet ja k\u00e4ytt\u00f6kustannukset.<\/p>\n<p><img loading=\"lazy\" decoding=\"async\" class=\"alignnone  wp-image-3288\" src=\"https:\/\/fmp-components.com\/wp-content\/uploads\/2025\/01\/pto-shaft-for-manure-spreader-gearbox1.webp\" alt=\"Lannanlevittimen vaihteiston nivelakseli(1)\" width=\"852\" height=\"837\" title=\"\" srcset=\"https:\/\/fmp-components.com\/wp-content\/uploads\/2025\/01\/pto-shaft-for-manure-spreader-gearbox1.webp 852w, https:\/\/fmp-components.com\/wp-content\/uploads\/2025\/01\/pto-shaft-for-manure-spreader-gearbox1-480x471.webp 480w\" sizes=\"(min-width: 0px) and (max-width: 480px) 480px, (min-width: 481px) 852px, 100vw\" \/><\/p>\n<h2>Tietoja FMP:st\u00e4<\/h2>\n<p>Italiassa p\u00e4\u00e4konttoriaan pit\u00e4v\u00e4 FMP on johtava valmistaja, joka tunnetaan asiantuntemuksestaan \u200b\u200btehokkaiden vaihteistojen suunnittelussa, kehitt\u00e4misess\u00e4 ja tuotannossa, ja joka on erikoistunut maatalouskonesektoriin. Tarkkuudestaan, innovatiivisista ratkaisuistaan \u200b\u200bja vertaansa vailla olevasta luotettavuudestaan \u200b\u200btunnettu FMP on vakiinnuttanut asemansa luotettavana kumppanina sek\u00e4 maatalous- ett\u00e4 teollisuusmarkkinoilla. Laaja valikoimamme sis\u00e4lt\u00e4\u00e4 r\u00e4\u00e4t\u00e4l\u00f6ityj\u00e4 vaihteistoja ruohonleikkureille, nivelakseleille ja muille t\u00e4rkeille komponenteille, jotka kaikki on suunniteltu vastaamaan monenlaisten sovellusten tarkkoihin vaatimuksiin.<\/p>\n<p>FMP:ll\u00e4 ymm\u00e4rr\u00e4mme, ett\u00e4 jokaisen asiakkaan tarpeet ovat ainutlaatuiset. T\u00e4m\u00e4 n\u00e4kemys ohjaa sitoutumistamme r\u00e4\u00e4t\u00e4l\u00f6ityjen ratkaisujen tarjoamiseen, olipa kyse sitten yksitt\u00e4isist\u00e4 komponenteista tai t\u00e4ysin integroiduista j\u00e4rjestelmist\u00e4. Ty\u00f6skentelem\u00e4ll\u00e4 tiiviisti asiakkaiden kanssa varmistamme, ett\u00e4 jokainen ratkaisu on t\u00e4ysin heid\u00e4n vaatimustensa mukainen, optimoiden suorituskyvyn ja tuottaen maksimaalisen arvon. Omistautumisemme oikea-aikaisten ja ammattimaisten vastausten sek\u00e4 asiantuntevan ohjauksen tarjoamiseen varmistaa, ett\u00e4 jokainen tiedustelu k\u00e4sitell\u00e4\u00e4n tarkasti, mik\u00e4 johtaa johdonmukaisiin ja onnistuneisiin tuloksiin.<\/p>\n<p>Priorisoimme l\u00e4pin\u00e4kyv\u00e4\u00e4 ja jatkuvaa viestint\u00e4\u00e4 tuotekehitysprosessin jokaisessa vaiheessa. Kokenut tiimimme tekee tiivist\u00e4 yhteisty\u00f6t\u00e4 asiakkaiden kanssa ymm\u00e4rt\u00e4\u00e4kseen t\u00e4ysin heid\u00e4n erityistarpeensa ja tarjotakseen arvokkaita n\u00e4kemyksi\u00e4 ja suosituksia parhaiden tulosten saavuttamiseksi. Olipa kyse sitten innovatiivisten tuotteiden kehitt\u00e4misest\u00e4 tai rutiinitilausten t\u00e4ytt\u00e4misest\u00e4, FMP on sitoutunut toimittamaan korkealaatuisia, tarkasti suunniteltuja ratkaisuja ajallaan, joka kerta. Tavoitteenamme on ylitt\u00e4\u00e4 asiakkaiden odotukset, tarjota poikkeuksellista palvelua ja saavuttaa erinomaisia \u200b\u200btuloksia jokaisessa projektissa.<\/p>\n<p>FMP:n toiminnan ytimess\u00e4 on horjumaton sitoutuminen laatuun. Noudatamme korkeimpia valmistusstandardeja ja k\u00e4yt\u00e4mme tiukkoja laadunvalvontamenettelyj\u00e4 varmistaaksemme, ett\u00e4 jokainen tuote ylitt\u00e4\u00e4 alan vertailuarvot. T\u00e4m\u00e4 sitoutuminen huippuosaamiseen yhdistettyn\u00e4 ydinarvoihimme, kuten rehellisyyteen, tiimity\u00f6h\u00f6n ja sinnikkyyteen, on mahdollistanut pitk\u00e4aikaisten ja luottamukseen perustuvien asiakassuhteiden rakentamisen l\u00e4hes 30 maassa maailmanlaajuisesti.<\/p>\n<p>FMP on omistautunut edist\u00e4m\u00e4\u00e4n globaaleja kumppanuuksia tarjoamalla asiantuntevaa neuvontaa ja r\u00e4\u00e4t\u00e4l\u00f6ityj\u00e4 ratkaisuja, jotka kehittyv\u00e4t asiakkaidemme muuttuvien tarpeiden mukana. Pyrimme rakentamaan pitk\u00e4aikaisia, molempia osapuolia hy\u00f6dytt\u00e4vi\u00e4 suhteita, jotka edist\u00e4v\u00e4t jokaisen projektin onnistumista. Etsitp\u00e4 sitten innovatiivisia ratkaisuja uuteen aloitteeseen tai jatkuvaa tukea olemassa olevalle j\u00e4rjestelm\u00e4lle, FMP on t\u00e4\u00e4ll\u00e4 auttaakseen sinua voittamaan tekniset haasteet ja varmistamaan jatkuvan menestyksesi.<\/p>\n<p><img loading=\"lazy\" decoding=\"async\" class=\"alignnone wp-image-2695\" src=\"https:\/\/fmp-components.com\/wp-content\/uploads\/2025\/01\/agricultural-gearbox3.webp\" alt=\"maatalousvaihteisto\" width=\"1140\" height=\"1138\" title=\"\" srcset=\"https:\/\/fmp-components.com\/wp-content\/uploads\/2025\/01\/agricultural-gearbox3.webp 1140w, https:\/\/fmp-components.com\/wp-content\/uploads\/2025\/01\/agricultural-gearbox3-480x479.webp 480w\" sizes=\"(min-width: 0px) and (max-width: 480px) 480px, (min-width: 481px) 1140px, 100vw\" \/><\/p>\n<p>Tekij\u00e4: CX<\/p>","protected":false},"excerpt":{"rendered":"<p>Manure Spreader Gearboxes N-2A Specification i 5.67 N1[rpm] 540 P1[kW] 23.5 M2[Nm] &#8211; Shaft X 1&#8221; 3\/8 Z6 Shaft Y 1&#8221; 3\/8 Z6 Shaft Z 1&#8221; 3\/8 Z6 Input Z Features of Manure Spreader Gearbox Durable Housing The gearbox features a robust, corrosion-resistant housing, typically made from high-strength materials such as cast iron or aluminum [&hellip;]<\/p>","protected":false},"featured_media":3290,"comment_status":"open","ping_status":"closed","template":"","meta":{"_et_pb_use_builder":"","_et_pb_old_content":"","_et_gb_content_width":""},"product_brand":[],"product_cat":[79],"product_tag":[],"class_list":{"0":"post-3285","1":"product","2":"type-product","3":"status-publish","4":"has-post-thumbnail","6":"product_cat-manure-spreader-gearbox","8":"first","9":"instock","10":"shipping-taxable","11":"product-type-simple"},"_links":{"self":[{"href":"https:\/\/fmp-components.com\/fi\/wp-json\/wp\/v2\/product\/3285","targetHints":{"allow":["GET"]}}],"collection":[{"href":"https:\/\/fmp-components.com\/fi\/wp-json\/wp\/v2\/product"}],"about":[{"href":"https:\/\/fmp-components.com\/fi\/wp-json\/wp\/v2\/types\/product"}],"replies":[{"embeddable":true,"href":"https:\/\/fmp-components.com\/fi\/wp-json\/wp\/v2\/comments?post=3285"}],"wp:featuredmedia":[{"embeddable":true,"href":"https:\/\/fmp-components.com\/fi\/wp-json\/wp\/v2\/media\/3290"}],"wp:attachment":[{"href":"https:\/\/fmp-components.com\/fi\/wp-json\/wp\/v2\/media?parent=3285"}],"wp:term":[{"taxonomy":"product_brand","embeddable":true,"href":"https:\/\/fmp-components.com\/fi\/wp-json\/wp\/v2\/product_brand?post=3285"},{"taxonomy":"product_cat","embeddable":true,"href":"https:\/\/fmp-components.com\/fi\/wp-json\/wp\/v2\/product_cat?post=3285"},{"taxonomy":"product_tag","embeddable":true,"href":"https:\/\/fmp-components.com\/fi\/wp-json\/wp\/v2\/product_tag?post=3285"}],"curies":[{"name":"wp","href":"https:\/\/api.w.org\/{rel}","templated":true}]}}