{"id":3259,"date":"2025-01-06T01:36:46","date_gmt":"2025-01-06T01:36:46","guid":{"rendered":"https:\/\/fmp-components.com\/?page_id=8"},"modified":"2025-01-06T01:36:47","modified_gmt":"2025-01-06T01:36:47","slug":"gearbox-for-agricultural-machinery-700-series","status":"publish","type":"product","link":"https:\/\/fmp-components.com\/fi\/product\/gearbox-for-agricultural-machinery-700-series\/","title":{"rendered":"Vaihteisto maatalouskoneisiin 700-sarja"},"content":{"rendered":"<h2>Piirustus 700-sarjalle<\/h2>\n<p><img loading=\"lazy\" decoding=\"async\" class=\"alignnone  wp-image-3263\" src=\"https:\/\/fmp-components.com\/wp-content\/uploads\/2025\/01\/R700-Spec-1.webp\" alt=\"R700-Spec-1\" width=\"900\" height=\"1126\" title=\"\" srcset=\"https:\/\/fmp-components.com\/wp-content\/uploads\/2025\/01\/R700-Spec-1.webp 900w, https:\/\/fmp-components.com\/wp-content\/uploads\/2025\/01\/R700-Spec-1-480x601.webp 480w\" sizes=\"(min-width: 0px) and (max-width: 480px) 480px, (min-width: 481px) 900px, 100vw\" \/><\/p>\n<h3>Akselin py\u00f6rimislinjaus 700-sarjalle<\/h3>\n<p><img loading=\"lazy\" decoding=\"async\" class=\"alignnone size-full wp-image-3262\" src=\"https:\/\/fmp-components.com\/wp-content\/uploads\/2025\/01\/R700-Rotation.webp\" alt=\"R700-kierto\" width=\"1024\" height=\"345\" title=\"\" srcset=\"https:\/\/fmp-components.com\/wp-content\/uploads\/2025\/01\/R700-Rotation.webp 1024w, https:\/\/fmp-components.com\/wp-content\/uploads\/2025\/01\/R700-Rotation-980x330.webp 980w, https:\/\/fmp-components.com\/wp-content\/uploads\/2025\/01\/R700-Rotation-480x162.webp 480w\" sizes=\"(min-width: 0px) and (max-width: 480px) 480px, (min-width: 481px) and (max-width: 980px) 980px, (min-width: 981px) 1024px, 100vw\" \/><\/p>\n<h3>Arviointikaaviot<\/h3>\n<p><img loading=\"lazy\" decoding=\"async\" class=\"alignnone  wp-image-3264\" src=\"https:\/\/fmp-components.com\/wp-content\/uploads\/2025\/01\/R700-rating-charts.webp\" alt=\"R700-luokituskaaviot\" width=\"862\" height=\"397\" title=\"\" srcset=\"https:\/\/fmp-components.com\/wp-content\/uploads\/2025\/01\/R700-rating-charts.webp 393w, https:\/\/fmp-components.com\/wp-content\/uploads\/2025\/01\/R700-rating-charts-300x138.webp 300w, https:\/\/fmp-components.com\/wp-content\/uploads\/2025\/01\/R700-rating-charts-18x8.webp 18w\" sizes=\"(max-width: 862px) 100vw, 862px\" \/><\/p>\n<h3>Vaihteisto maatalouskoneisiin 700-sarja<\/h3>\n<p><strong>Ominaisuudet:<\/strong><\/p>\n<ul>\n<li><strong>Kaksiosainen alumiinikotelo<\/strong>: T\u00e4m\u00e4 kotelo on valmistettu eritt\u00e4in lujasta alumiinista, mik\u00e4 takaa erinomaisen <strong>korroosionkest\u00e4vyys<\/strong> ja <strong>l\u00e4mp\u00f6kapasiteetti<\/strong>, mik\u00e4 tekee siit\u00e4 eritt\u00e4in kest\u00e4v\u00e4n vaativissa maatalousymp\u00e4rist\u00f6iss\u00e4.<\/li>\n<li><strong>Tarkkuuskoneistetut komponentit<\/strong>Jokainen vaihdelaatikko on tarkkuuskoneistettu t\u00e4ydellisen hammaspy\u00f6r\u00e4kytkenn\u00e4n takaamiseksi. <strong>laakerin esij\u00e4nnitys<\/strong>varmistaen sujuvan ja tehokkaan toiminnan raskaissa kuormitusolosuhteissa.<\/li>\n<li><strong>Taotut vaihteet<\/strong>700-sarjassa on tarkkuustakootut hammaspy\u00f6r\u00e4t, joita on saatavilla <strong>3:1 v\u00e4lityssuhde<\/strong>, mik\u00e4 tarjoaa erinomaisen v\u00e4\u00e4nt\u00f6momentin siirron ja toiminnallisen tehokkuuden.<\/li>\n<li><strong>Kartiorullalaakerit<\/strong>N\u00e4m\u00e4 laakerit on suunniteltu parantamaan <strong>kantavuus<\/strong> ja pident\u00e4\u00e4 <strong>laakerin k\u00e4ytt\u00f6ik\u00e4<\/strong>varmistaen pitk\u00e4kestoisen suorituskyvyn my\u00f6s stressaavissa ymp\u00e4rist\u00f6iss\u00e4.<\/li>\n<li><strong>Korkean lujuuden ter\u00e4sakselit<\/strong>The <strong>1,75 tuuman sis\u00e4\u00e4ntuloakseli<\/strong> ja <strong>2,75 tuuman ulostuloakseli<\/strong> on valmistettu eritt\u00e4in lujasta ter\u00e4ksest\u00e4, mik\u00e4 varmistaa kest\u00e4vyyden ja luotettavuuden raskaissa sovelluksissa.<\/li>\n<li><strong>80W90 Vaihteistovoiteluaine<\/strong>: T\u00e4ytetty korkealaatuisella <strong>80W90 vaihteisto\u00f6ljy<\/strong>, vaihdelaatikko testataan perusteellisesti vuotojen varalta ennen toimitusta, mik\u00e4 varmistaa optimaalisen toiminnan ensimm\u00e4isest\u00e4 p\u00e4iv\u00e4st\u00e4 l\u00e4htien.<\/li>\n<li><strong>Vuototestattu<\/strong>Jokainen yksikk\u00f6 k\u00e4y l\u00e4pi kattavan vuototestin, jolla varmistetaan, ettei vuotoja esiinny, mik\u00e4 takaa luotettavuuden ja v\u00e4hent\u00e4\u00e4 huoltotarvetta ajan my\u00f6t\u00e4.<\/li>\n<li><strong>Paino<\/strong>700-sarjan vaihteisto painaa noin <strong>120 paunaa<\/strong>, mukaan lukien voiteluaine, mik\u00e4 tekee siit\u00e4 kest\u00e4v\u00e4n ja kykenev\u00e4n k\u00e4sittelem\u00e4\u00e4n vaativimmatkin maatalouskoneiden teht\u00e4v\u00e4t.<\/li>\n<\/ul>\n<h3>Lis\u00e4edut:<\/h3>\n<ul>\n<li><strong>Optimaalinen l\u00e4mm\u00f6nhallinta<\/strong>Alumiinikotelo ei ainoastaan \u200b\u200btarjoa kest\u00e4vyytt\u00e4, vaan se my\u00f6s auttaa haihduttamaan l\u00e4mp\u00f6\u00e4 tehokkaasti, mik\u00e4 yll\u00e4pit\u00e4\u00e4 tasaista suorituskyky\u00e4 my\u00f6s pitk\u00e4aikaisessa k\u00e4yt\u00f6ss\u00e4 haastavissa olosuhteissa.<\/li>\n<li><strong>Kest\u00e4vyys ja pitk\u00e4ik\u00e4isyys<\/strong>Jatkuvaan, raskaaseen maatalousk\u00e4ytt\u00f6\u00f6n suunniteltu 700-sarja on rakennettu kest\u00e4m\u00e4\u00e4n ankaria k\u00e4ytt\u00f6olosuhteita, mik\u00e4 takaa pidemm\u00e4n k\u00e4ytt\u00f6i\u00e4n ja minimoi seisokkiajat.<\/li>\n<li><strong>Tehokkuus skaalautuvasti<\/strong>3:1-v\u00e4lityssuhde on ihanteellinen suuremmille maatalouskoneille, sill\u00e4 se varmistaa, ett\u00e4 vaihteisto maksimoi tehokkuuden ja siirt\u00e4\u00e4 tehoa tehokkaasti optimaalisia peltotoimintoja varten.<\/li>\n<\/ul>\n<p>700-sarjan vaihteisto on suunniteltu tarjoamaan poikkeuksellista luotettavuutta, suorituskyky\u00e4 ja kest\u00e4vyytt\u00e4 vaativimmissakin maatalousymp\u00e4rist\u00f6iss\u00e4. K\u00e4ytitp\u00e4 sitten suuria traktoreita, puimureita tai muita raskaita koneita, 700-sarja tarjoaa tarvitsemaasi tehoa ja kest\u00e4vyytt\u00e4 tehokkaaseen k\u00e4ytt\u00f6\u00f6n ja pitk\u00e4aikaiseen luotettavuuteen.<\/p>\n<h3>Tietoja FMP:st\u00e4<\/h3>\n<p>Italiassa p\u00e4\u00e4konttoriaan pit\u00e4v\u00e4 FMP on arvostettu valmistaja, joka tunnetaan asiantuntemuksestaan \u200b\u200bkorkean suorituskyvyn vaihteistojen suunnittelussa, kehitt\u00e4misess\u00e4 ja tuotannossa, keskittyen erityisesti maatalouskonesektoriin. Tarkkuudestaan, innovatiivisista ratkaisuistaan \u200b\u200bja horjumattomasta luotettavuudestaan \u200b\u200btunnettu FMP on ansainnut vahvan maineen luotettavana kumppanina sek\u00e4 maatalous- ett\u00e4 teollisuusmarkkinoilla. Kattava valikoimamme sis\u00e4lt\u00e4\u00e4 mittatilausty\u00f6n\u00e4 valmistettuja vaihteistoja ruohonleikkureille, nivelakseleille ja laajan valikoiman muita kriittisi\u00e4 komponentteja, jotka kaikki on huolellisesti suunniteltu vastaamaan erilaisten sovellusten erityisvaatimuksiin.<\/p>\n<p>FMP:ll\u00e4 ymm\u00e4rr\u00e4mme, ett\u00e4 jokainen asiakas kohtaa ainutlaatuisia haasteita, ja t\u00e4m\u00e4 kannustaa meit\u00e4 toimittamaan r\u00e4\u00e4t\u00e4l\u00f6ityj\u00e4 ratkaisuja. Olipa kyseess\u00e4 sitten yksitt\u00e4inen komponentti tai kokonainen integroitu j\u00e4rjestelm\u00e4, teemme tiivist\u00e4 yhteisty\u00f6t\u00e4 asiakkaidemme kanssa varmistaaksemme, ett\u00e4 jokainen ratkaisu ei ainoastaan \u200b\u200bt\u00e4yt\u00e4 heid\u00e4n vaatimuksiaan, vaan my\u00f6s parantaa suorituskyky\u00e4 ja maksimoi kokonaisarvon. Sitoutumisemme nopeisiin ja ammattimaisiin vastauksiin sek\u00e4 asiantuntevaan ohjaukseen takaa, ett\u00e4 jokainen tiedustelu k\u00e4sitell\u00e4\u00e4n tarkasti ja ett\u00e4 tulokset ovat johdonmukaisesti optimaaliset.<\/p>\n<p>Painotamme merkitt\u00e4v\u00e4sti l\u00e4pin\u00e4kyv\u00e4\u00e4 ja jatkuvaa viestint\u00e4\u00e4 koko tuotekehitysprosessin ajan. Omistautunut tiimimme ty\u00f6skentelee tiiviisti asiakkaiden kanssa ymm\u00e4rt\u00e4\u00e4kseen heid\u00e4n tarpeensa t\u00e4ysin ja tarjoaa arvokkaita n\u00e4kemyksi\u00e4 ja k\u00e4yt\u00e4nn\u00f6nl\u00e4heisi\u00e4 suosituksia parhaan mahdollisen lopputuloksen varmistamiseksi. Olipa kyse sitten innovatiivisten tuotteiden suunnittelusta tai rutiinitilausten t\u00e4ytt\u00e4misest\u00e4, FMP on sitoutunut toimittamaan korkealaatuisia, tarkasti suunniteltuja ratkaisuja ajallaan, joka kerta. Tavoitteenamme on ylitt\u00e4\u00e4 asiakkaiden odotukset tarjoamalla poikkeuksellista palvelua ja erinomaisia \u200b\u200btuloksia jokaisessa projektissa.<\/p>\n<p>FMP:n toiminnan ytimess\u00e4 on horjumaton sitoutuminen laatuun. Noudatamme korkeimpia valmistusstandardeja ja k\u00e4yt\u00e4mme tiukkoja laadunvalvontaprosesseja varmistaaksemme, ett\u00e4 jokainen tuote ei ainoastaan \u200b\u200b\u200b\u200bt\u00e4ytt\u00e4\u00e4, vaan my\u00f6s ylitt\u00e4\u00e4 alan vertailuarvot. T\u00e4m\u00e4 sitoutuminen huippuosaamiseen yhdistettyn\u00e4 ydinarvoihimme, kuten rehellisyyteen, tiimity\u00f6h\u00f6n ja sinnikkyyteen, on mahdollistanut pitk\u00e4aikaisten, luottamukseen perustuvien asiakassuhteiden rakentamisen l\u00e4hes 30 maassa ymp\u00e4ri maailmaa.<\/p>\n<p>FMP on omistautunut edist\u00e4m\u00e4\u00e4n globaaleja kumppanuuksia tarjoamalla asiantuntevaa neuvontaa ja r\u00e4\u00e4t\u00e4l\u00f6ityj\u00e4 ratkaisuja, jotka kehittyv\u00e4t asiakkaidemme dynaamisten tarpeiden mukana. Pyrimme rakentamaan pitk\u00e4aikaisia, molempia osapuolia hy\u00f6dytt\u00e4vi\u00e4 suhteita, jotka edist\u00e4v\u00e4t jokaisen projektin onnistumista. Etsitp\u00e4 sitten innovatiivisia ratkaisuja uuteen aloitteeseen tai tarvitset jatkuvaa tukea olemassa olevalle j\u00e4rjestelm\u00e4lle, FMP on valmis auttamaan sinua voittamaan tekniset haasteet ja varmistamaan jatkuvan menestyksesi.<\/p>\n<p><img loading=\"lazy\" decoding=\"async\" class=\"alignnone wp-image-2695\" src=\"https:\/\/fmp-components.com\/wp-content\/uploads\/2025\/01\/agricultural-gearbox3.webp\" alt=\"maatalousvaihteisto\" width=\"1140\" height=\"1138\" title=\"\" srcset=\"https:\/\/fmp-components.com\/wp-content\/uploads\/2025\/01\/agricultural-gearbox3.webp 1140w, https:\/\/fmp-components.com\/wp-content\/uploads\/2025\/01\/agricultural-gearbox3-480x479.webp 480w\" sizes=\"(min-width: 0px) and (max-width: 480px) 480px, (min-width: 481px) 1140px, 100vw\" \/><\/p>\n<p>Tekij\u00e4: CX<\/p>","protected":false},"excerpt":{"rendered":"<p>Drawing For 700 Series Shaft Rotation Alignment For 700 Series Rating Charts Gearbox for Agricultural Machinery 700 Series Features: Two-Piece Aluminum Housing: Constructed with high-strength aluminum, this housing ensures superior corrosion resistance and thermal capacity, making it highly durable for demanding agricultural environments. Precision Machined Components: Each gearbox is precision-machined to guarantee perfect gear meshing [&hellip;]<\/p>","protected":false},"featured_media":3260,"comment_status":"open","ping_status":"closed","template":"","meta":{"_et_pb_use_builder":"","_et_pb_old_content":"","_et_gb_content_width":""},"product_brand":[],"product_cat":[78],"product_tag":[],"class_list":{"0":"post-3259","1":"product","2":"type-product","3":"status-publish","4":"has-post-thumbnail","6":"product_cat-gearbox-for-agricultural-machinery","8":"first","9":"instock","10":"shipping-taxable","11":"product-type-simple"},"_links":{"self":[{"href":"https:\/\/fmp-components.com\/fi\/wp-json\/wp\/v2\/product\/3259","targetHints":{"allow":["GET"]}}],"collection":[{"href":"https:\/\/fmp-components.com\/fi\/wp-json\/wp\/v2\/product"}],"about":[{"href":"https:\/\/fmp-components.com\/fi\/wp-json\/wp\/v2\/types\/product"}],"replies":[{"embeddable":true,"href":"https:\/\/fmp-components.com\/fi\/wp-json\/wp\/v2\/comments?post=3259"}],"wp:featuredmedia":[{"embeddable":true,"href":"https:\/\/fmp-components.com\/fi\/wp-json\/wp\/v2\/media\/3260"}],"wp:attachment":[{"href":"https:\/\/fmp-components.com\/fi\/wp-json\/wp\/v2\/media?parent=3259"}],"wp:term":[{"taxonomy":"product_brand","embeddable":true,"href":"https:\/\/fmp-components.com\/fi\/wp-json\/wp\/v2\/product_brand?post=3259"},{"taxonomy":"product_cat","embeddable":true,"href":"https:\/\/fmp-components.com\/fi\/wp-json\/wp\/v2\/product_cat?post=3259"},{"taxonomy":"product_tag","embeddable":true,"href":"https:\/\/fmp-components.com\/fi\/wp-json\/wp\/v2\/product_tag?post=3259"}],"curies":[{"name":"wp","href":"https:\/\/api.w.org\/{rel}","templated":true}]}}