{"id":3253,"date":"2025-01-06T01:10:21","date_gmt":"2025-01-06T01:10:21","guid":{"rendered":"https:\/\/fmp-components.com\/?page_id=8"},"modified":"2025-01-06T01:15:31","modified_gmt":"2025-01-06T01:15:31","slug":"gearbox-for-agricultural-machinery-600-series","status":"publish","type":"product","link":"https:\/\/fmp-components.com\/fi\/product\/gearbox-for-agricultural-machinery-600-series\/","title":{"rendered":"Vaihteisto maatalouskoneisiin 600-sarja"},"content":{"rendered":"<h2>Arviointikaavio<\/h2>\n<p><img loading=\"lazy\" decoding=\"async\" class=\"alignnone wp-image-3255\" src=\"https:\/\/fmp-components.com\/wp-content\/uploads\/2025\/01\/R600-rating-charts.webp\" alt=\"R600-luokituskaaviot\" width=\"844\" height=\"1536\" title=\"\" srcset=\"https:\/\/fmp-components.com\/wp-content\/uploads\/2025\/01\/R600-rating-charts.webp 339w, https:\/\/fmp-components.com\/wp-content\/uploads\/2025\/01\/R600-rating-charts-165x300.webp 165w, https:\/\/fmp-components.com\/wp-content\/uploads\/2025\/01\/R600-rating-charts-7x12.webp 7w\" sizes=\"(max-width: 844px) 100vw, 844px\" \/><\/p>\n<h3>Piirustus 600-sarjalle<\/h3>\n<p><img loading=\"lazy\" decoding=\"async\" class=\"alignnone wp-image-3254\" src=\"https:\/\/fmp-components.com\/wp-content\/uploads\/2025\/01\/600drawing.webp\" alt=\"600 piirustus\" width=\"889\" height=\"1149\" title=\"\" srcset=\"https:\/\/fmp-components.com\/wp-content\/uploads\/2025\/01\/600drawing.webp 889w, https:\/\/fmp-components.com\/wp-content\/uploads\/2025\/01\/600drawing-480x621.webp 480w\" sizes=\"(min-width: 0px) and (max-width: 480px) 480px, (min-width: 481px) 889px, 100vw\" \/><\/p>\n<h3>Akselin py\u00f6rimissuuntaus 600-sarjalle<\/h3>\n<p><img loading=\"lazy\" decoding=\"async\" class=\"alignnone size-full wp-image-3257\" src=\"https:\/\/fmp-components.com\/wp-content\/uploads\/2025\/01\/R400-600Rotation.webp\" alt=\"R400-600Rotation\" width=\"1024\" height=\"384\" title=\"\" srcset=\"https:\/\/fmp-components.com\/wp-content\/uploads\/2025\/01\/R400-600Rotation.webp 1024w, https:\/\/fmp-components.com\/wp-content\/uploads\/2025\/01\/R400-600Rotation-980x368.webp 980w, https:\/\/fmp-components.com\/wp-content\/uploads\/2025\/01\/R400-600Rotation-480x180.webp 480w\" sizes=\"(min-width: 0px) and (max-width: 480px) 480px, (min-width: 481px) and (max-width: 980px) 980px, (min-width: 981px) 1024px, 100vw\" \/><\/p>\n<h3>Maatalouskoneiden vaihdelaatikon t\u00e4rkeimm\u00e4t ominaisuudet \u2013 600-sarja<\/h3>\n<p>600-sarjan vaihteisto on suunniteltu vaativiin maataloussovelluksiin, ja se tarjoaa poikkeuksellisen suorituskyvyn ja kest\u00e4vyyden. Kest\u00e4v\u00e4st\u00e4 kaksiosaisesta alumiinikotelosta valmistettu vaihteisto tarjoaa erinomaisen lujuuden, korroosionkest\u00e4vyyden ja l\u00e4mp\u00f6kapasiteetin, mik\u00e4 varmistaa luotettavan toiminnan my\u00f6s haastavissa olosuhteissa. K\u00e4ytettiinp\u00e4 sit\u00e4 maatalouskoneissa tai muissa raskaissa laitteissa, t\u00e4m\u00e4 vaihteisto on suunniteltu pitk\u00e4aikaiseen luotettavuuteen ja tehokkuuteen.<\/p>\n<ul>\n<li><strong>Kaksiosainen alumiinikotelo<\/strong>Kotelo on valmistettu korkealaatuisesta alumiinista, joka tarjoaa optimaalisen yhdistelm\u00e4n lujuutta ja keveytt\u00e4. Se kest\u00e4\u00e4 korroosiota ja sill\u00e4 on korkea l\u00e4mm\u00f6nkest\u00e4vyys, joten se sopii erinomaisesti pitkiin k\u00e4ytt\u00f6jaksoihin ja vaativiin ymp\u00e4rist\u00f6ihin.<\/li>\n<li><strong>Tarkkuuskoneistetut komponentit<\/strong>Jokainen komponentti, mukaan lukien hammaspy\u00f6r\u00e4t ja laakerit, on tarkkuuskoneistettu tarkan hammaspy\u00f6r\u00e4kytkenn\u00e4n ja laakerin esij\u00e4nnityksen varmistamiseksi, mik\u00e4 minimoi kitkan ja kulumisen. T\u00e4m\u00e4 parantaa vaihteiston pitk\u00e4ik\u00e4isyytt\u00e4 ja suorituskyky\u00e4.<\/li>\n<li><strong>Laaja valikoima v\u00e4lityssuhteita<\/strong>Vaihteistossa on kuusi tarkkuustakolla valmistettua v\u00e4lityssuhdetta:\n<ul>\n<li>1:1<\/li>\n<li>1.18:1<\/li>\n<li>1.35:1<\/li>\n<li>1.5:1<\/li>\n<li>1.86:1<\/li>\n<li>2:1 T\u00e4m\u00e4 valikoima tarjoaa joustavuutta, jonka avulla vaihteisto voidaan r\u00e4\u00e4t\u00e4l\u00f6id\u00e4 erilaisten maatalouskoneiden erityisiin voimansiirtovaatimuksiin.<\/li>\n<\/ul>\n<\/li>\n<li><strong>Kartiorullalaakerit<\/strong>Kartiorullalaakerit tarjoavat suuremman kuormituskapasiteetin ja pident\u00e4\u00e4 laakerin k\u00e4ytt\u00f6ik\u00e4\u00e4 my\u00f6s vaativissa olosuhteissa. T\u00e4m\u00e4 ominaisuus auttaa v\u00e4hent\u00e4m\u00e4\u00e4n seisokkiaikoja ja yll\u00e4pitokustannuksia.<\/li>\n<li><strong>Korkean lujuuden ter\u00e4sakseli<\/strong>: 1,75 tuuman varsi on valmistettu eritt\u00e4in lujasta ter\u00e4ksest\u00e4, mik\u00e4 tarjoaa erinomaisen kest\u00e4vyyden ja joustavuuden kest\u00e4m\u00e4\u00e4n raskaita kuormia ja ankaria olosuhteita varmistaen vakaan suorituskyvyn ajan kuluessa.<\/li>\n<li><strong>Voitelu ja testaus<\/strong>Vaihteisto on esit\u00e4ytetty 80W90-vaihteisto\u00f6ljyll\u00e4 optimaalisen voitelun takaamiseksi, mik\u00e4 v\u00e4hent\u00e4\u00e4 kulumista k\u00e4yt\u00f6n aikana. Se my\u00f6s vuototestataan ennen toimitusta luotettavuuden varmistamiseksi ja mahdollisten k\u00e4ytt\u00f6ongelmien ehk\u00e4isemiseksi.<\/li>\n<li><strong>Paino<\/strong>600-sarja painaa 60\u201370 paunaa<strong>.<\/strong>, mukaan lukien \u00f6ljy, mik\u00e4 tarjoaa tasapainoisen painon helppoa asennusta varten ja vankan tuen raskaille maatalouskoneille.<\/li>\n<\/ul>\n<p>600-sarjan vaihteisto sopii ihanteellisesti monenlaisiin maatalouskoneisiin, kuten puimureihin, auroihin ja traktoreihin. Sen suuri kuormankantokyky ja tarkka suunnittelu varmistavat, ett\u00e4 se pystyy k\u00e4sittelem\u00e4\u00e4n nykyaikaisen maataloustoiminnan tiukat vaatimukset, varmistaen optimaalisen suorituskyvyn ja pitk\u00e4n k\u00e4ytt\u00f6i\u00e4n kriittisille laitteille.<\/p>\n<p>Kest\u00e4v\u00e4n rakenteensa, monipuolisten v\u00e4lityssuhteidensa ja erinomaisten komponenttiensa ansiosta 600-sarjan vaihteisto erottuu luotettavana valintana maatalouskoneisiin. Se on rakennettu kest\u00e4m\u00e4\u00e4n vaativia ty\u00f6olosuhteita ja tarjoamaan tehokasta voimansiirtoa, ja se on olennainen osa kaikille, jotka etsiv\u00e4t pitk\u00e4ik\u00e4isi\u00e4 ja tehokkaita vaihteistoja maatalousalalle.<\/p>\n<h3>Tietoja FMP:st\u00e4<\/h3>\n<p>Italiassa p\u00e4\u00e4konttoriaan pit\u00e4v\u00e4 FMP on johtava valmistaja, joka tunnetaan asiantuntemuksestaan \u200b\u200btehokkaiden vaihteistojen suunnittelussa, kehitt\u00e4misess\u00e4 ja tuotannossa, ja erityisesti maatalouskonesektorilla. FMP on rakentanut vahvan maineen tarkkuustekniikasta, innovatiivisista ratkaisuista ja horjumattomasta luotettavuudesta, ja se on vakiinnuttanut asemansa luotettavana kumppanina sek\u00e4 maatalous- ett\u00e4 teollisuusmarkkinoilla. Laajaan valikoimaamme kuuluu mittatilausty\u00f6n\u00e4 valmistettuja vaihteistoja ruohonleikkureille, nivelakseleille ja muille t\u00e4rkeille komponenteille, joista jokainen on huolellisesti valmistettu vastaamaan erilaisten sovellusten tarkkoja vaatimuksia.<\/p>\n<p>FMP:ll\u00e4 ymm\u00e4rr\u00e4mme, ett\u00e4 jokainen asiakas kohtaa erilaisia \u200b\u200bhaasteita. T\u00e4m\u00e4 n\u00e4kemys ohjaa sitoutumistamme r\u00e4\u00e4t\u00e4l\u00f6ityjen ratkaisujen toimittamiseen, olipa kyse sitten yksitt\u00e4isist\u00e4 komponenteista tai t\u00e4ysin integroiduista j\u00e4rjestelmist\u00e4. Tekem\u00e4ll\u00e4 tiivist\u00e4 yhteisty\u00f6t\u00e4 asiakkaidemme kanssa varmistamme, ett\u00e4 jokainen ratkaisu ei ainoastaan \u200b\u200bt\u00e4yt\u00e4 heid\u00e4n tarkkoja vaatimuksiaan, vaan my\u00f6s maksimoi suorituskyvyn ja arvon. Omistautumisemme nopeiden ja ammattimaisten vastausten sek\u00e4 asiantuntevan ohjauksen tarjoamiseen takaa, ett\u00e4 jokainen tiedustelu k\u00e4sitell\u00e4\u00e4n tarkasti ja ett\u00e4 tulokset ovat johdonmukaisesti optimaaliset.<\/p>\n<p>Painotamme vahvasti l\u00e4pin\u00e4kyv\u00e4\u00e4 ja jatkuvaa viestint\u00e4\u00e4 tuotekehityssyklin jokaisessa vaiheessa. Omistautunut tiimimme ty\u00f6skentelee suoraan asiakkaiden kanssa ymm\u00e4rt\u00e4\u00e4kseen perusteellisesti heid\u00e4n tarpeensa ja tarjoaa arvokkaita n\u00e4kemyksi\u00e4 ja asiantuntijasuosituksia parhaan mahdollisen lopputuloksen varmistamiseksi. Olipa kyse sitten huippuluokan tuotteiden suunnittelusta tai rutiinitilausten t\u00e4ytt\u00e4misest\u00e4, FMP on sitoutunut toimittamaan korkealaatuisia, tarkasti suunniteltuja ratkaisuja ajallaan, joka kerta. Tavoitteenamme on jatkuvasti ylitt\u00e4\u00e4 asiakkaiden odotukset tarjoamalla poikkeuksellista palvelua ja saavuttamalla erinomaisia \u200b\u200btuloksia jokaisessa projektissa.<\/p>\n<p>FMP:n toiminnan ytimess\u00e4 on horjumaton sitoutuminen laatuun. Noudatamme korkeimpia valmistusstandardeja ja k\u00e4yt\u00e4mme tiukkoja laadunvalvontaprosesseja varmistaaksemme, ett\u00e4 jokainen tuote ei ainoastaan \u200b\u200b\u200b\u200bt\u00e4ytt\u00e4\u00e4, vaan ylitt\u00e4\u00e4 alan standardit. T\u00e4m\u00e4 sitoutuminen huippuosaamiseen yhdistettyn\u00e4 ydinarvoihimme, kuten rehellisyyteen, tiimity\u00f6h\u00f6n ja sinnikkyyteen, on mahdollistanut pitk\u00e4aikaisten ja luottamukseen perustuvien asiakassuhteiden luomisen l\u00e4hes 30 maassa ymp\u00e4ri maailmaa.<\/p>\n<p>FMP on omistautunut edist\u00e4m\u00e4\u00e4n globaaleja kumppanuuksia tarjoamalla asiantuntevaa neuvontaa ja r\u00e4\u00e4t\u00e4l\u00f6ityj\u00e4 ratkaisuja, jotka vastaavat asiakkaidemme kehittyviin tarpeisiin. Pyrimme rakentamaan pitk\u00e4aikaisia, molempia osapuolia hy\u00f6dytt\u00e4vi\u00e4 suhteita, jotka edist\u00e4v\u00e4t jokaisen projektin onnistumista. Etsitp\u00e4 sitten innovatiivisia ratkaisuja uuteen aloitteeseen tai jatkuvaa tukea olemassa olevalle j\u00e4rjestelm\u00e4lle, FMP on t\u00e4\u00e4ll\u00e4 auttamassa sinua teknisten haasteiden ratkaisemisessa ja varmistamassa jatkuvan menestyksesi.<\/p>\n<p><img loading=\"lazy\" decoding=\"async\" class=\"alignnone wp-image-2695\" src=\"https:\/\/fmp-components.com\/wp-content\/uploads\/2025\/01\/agricultural-gearbox3.webp\" alt=\"maatalousvaihteisto\" width=\"1140\" height=\"1138\" title=\"\" srcset=\"https:\/\/fmp-components.com\/wp-content\/uploads\/2025\/01\/agricultural-gearbox3.webp 1140w, https:\/\/fmp-components.com\/wp-content\/uploads\/2025\/01\/agricultural-gearbox3-480x479.webp 480w\" sizes=\"(min-width: 0px) and (max-width: 480px) 480px, (min-width: 481px) 1140px, 100vw\" \/><\/p>\n<p>Tekij\u00e4: CX<\/p>","protected":false},"excerpt":{"rendered":"<p>Rating Chart Drawing For 600 Series Shaft Rotation Alignment For 600 Series Key Features of Gearbox for Agricultural Machinery &#8211; 600 Series The 600 Series Gearbox is engineered for demanding agricultural applications, designed to deliver exceptional performance and durability. Built with a robust two-piece aluminum housing, this gearbox offers superior strength, corrosion resistance, and thermal [&hellip;]<\/p>","protected":false},"featured_media":3258,"comment_status":"open","ping_status":"closed","template":"","meta":{"_et_pb_use_builder":"","_et_pb_old_content":"","_et_gb_content_width":""},"product_brand":[],"product_cat":[78],"product_tag":[],"class_list":{"0":"post-3253","1":"product","2":"type-product","3":"status-publish","4":"has-post-thumbnail","6":"product_cat-gearbox-for-agricultural-machinery","8":"first","9":"instock","10":"shipping-taxable","11":"product-type-simple"},"_links":{"self":[{"href":"https:\/\/fmp-components.com\/fi\/wp-json\/wp\/v2\/product\/3253","targetHints":{"allow":["GET"]}}],"collection":[{"href":"https:\/\/fmp-components.com\/fi\/wp-json\/wp\/v2\/product"}],"about":[{"href":"https:\/\/fmp-components.com\/fi\/wp-json\/wp\/v2\/types\/product"}],"replies":[{"embeddable":true,"href":"https:\/\/fmp-components.com\/fi\/wp-json\/wp\/v2\/comments?post=3253"}],"wp:featuredmedia":[{"embeddable":true,"href":"https:\/\/fmp-components.com\/fi\/wp-json\/wp\/v2\/media\/3258"}],"wp:attachment":[{"href":"https:\/\/fmp-components.com\/fi\/wp-json\/wp\/v2\/media?parent=3253"}],"wp:term":[{"taxonomy":"product_brand","embeddable":true,"href":"https:\/\/fmp-components.com\/fi\/wp-json\/wp\/v2\/product_brand?post=3253"},{"taxonomy":"product_cat","embeddable":true,"href":"https:\/\/fmp-components.com\/fi\/wp-json\/wp\/v2\/product_cat?post=3253"},{"taxonomy":"product_tag","embeddable":true,"href":"https:\/\/fmp-components.com\/fi\/wp-json\/wp\/v2\/product_tag?post=3253"}],"curies":[{"name":"wp","href":"https:\/\/api.w.org\/{rel}","templated":true}]}}