{"id":3242,"date":"2025-01-06T00:58:53","date_gmt":"2025-01-06T00:58:53","guid":{"rendered":"https:\/\/fmp-components.com\/?page_id=8"},"modified":"2025-01-06T00:58:53","modified_gmt":"2025-01-06T00:58:53","slug":"gearbox-for-agricultural-machinery-500-series","status":"publish","type":"product","link":"https:\/\/fmp-components.com\/fi\/product\/gearbox-for-agricultural-machinery-500-series\/","title":{"rendered":"Vaihteisto maatalouskoneisiin 500-sarja"},"content":{"rendered":"<h2>Arviointikaavio<\/h2>\n<p><img loading=\"lazy\" decoding=\"async\" class=\"alignnone  wp-image-3250\" src=\"https:\/\/fmp-components.com\/wp-content\/uploads\/2025\/01\/R500-rating-charts.webp\" alt=\"R500-luokituskaaviot\" width=\"870\" height=\"1106\" title=\"\" srcset=\"https:\/\/fmp-components.com\/wp-content\/uploads\/2025\/01\/R500-rating-charts.webp 394w, https:\/\/fmp-components.com\/wp-content\/uploads\/2025\/01\/R500-rating-charts-236x300.webp 236w, https:\/\/fmp-components.com\/wp-content\/uploads\/2025\/01\/R500-rating-charts-9x12.webp 9w\" sizes=\"(max-width: 870px) 100vw, 870px\" \/><\/p>\n<h3>Piirustus 500-sarjalle<\/h3>\n<p><img loading=\"lazy\" decoding=\"async\" class=\"alignnone  wp-image-3249\" src=\"https:\/\/fmp-components.com\/wp-content\/uploads\/2025\/01\/500drawing.webp\" alt=\"500 piirustus\" width=\"888\" height=\"1150\" title=\"\" srcset=\"https:\/\/fmp-components.com\/wp-content\/uploads\/2025\/01\/500drawing.webp 888w, https:\/\/fmp-components.com\/wp-content\/uploads\/2025\/01\/500drawing-480x621.webp 480w\" sizes=\"(min-width: 0px) and (max-width: 480px) 480px, (min-width: 481px) 888px, 100vw\" \/><\/p>\n<h3>Akselin py\u00f6rimislinjaus 500-sarjalle<\/h3>\n<p><img loading=\"lazy\" decoding=\"async\" class=\"alignnone size-full wp-image-3251\" src=\"https:\/\/fmp-components.com\/wp-content\/uploads\/2025\/01\/500-rotation-option.webp\" alt=\"500-kierros-vaihtoehto\" width=\"1024\" height=\"384\" title=\"\" srcset=\"https:\/\/fmp-components.com\/wp-content\/uploads\/2025\/01\/500-rotation-option.webp 1024w, https:\/\/fmp-components.com\/wp-content\/uploads\/2025\/01\/500-rotation-option-980x368.webp 980w, https:\/\/fmp-components.com\/wp-content\/uploads\/2025\/01\/500-rotation-option-480x180.webp 480w\" sizes=\"(min-width: 0px) and (max-width: 480px) 480px, (min-width: 481px) and (max-width: 980px) 980px, (min-width: 981px) 1024px, 100vw\" \/><\/p>\n<h3>500-sarjan vaihdelaatikko maatalouskoneille<\/h3>\n<p><strong>Ominaisuudet ja edut:<\/strong><\/p>\n<ul>\n<li><strong>Kaksiosainen alumiinikotelo:<\/strong> Eritt\u00e4in lujasta alumiinista valmistettu kotelo tarjoaa poikkeuksellisen kest\u00e4vyyden, korroosionkest\u00e4vyyden ja erinomaisen l\u00e4mm\u00f6nkestokyvyn. T\u00e4m\u00e4 varmistaa optimaalisen suorituskyvyn my\u00f6s \u00e4\u00e4rimm\u00e4isiss\u00e4 k\u00e4ytt\u00f6olosuhteissa, mik\u00e4 tekee siit\u00e4 eritt\u00e4in sopivan maatalousymp\u00e4rist\u00f6ihin.<\/li>\n<li><strong>Tarkkuuskoneistus:<\/strong> Jokainen komponentti on tarkkuuskoneistettu t\u00e4ydellisen hammaspy\u00f6r\u00e4kytkenn\u00e4n ja laakerin tarkan esij\u00e4nnityksen varmistamiseksi. T\u00e4m\u00e4 yksityiskohtien huomioiminen edist\u00e4\u00e4 tasaista toimintaa, v\u00e4hent\u00e4\u00e4 kitkaa ja parantaa vaihteiston k\u00e4ytt\u00f6ik\u00e4\u00e4.<\/li>\n<li><strong>Monipuoliset v\u00e4lityssuhteet:<\/strong> 500-sarjassa on tarkkuustakoottuina taotut vaihteet, joita on saatavilla nelj\u00e4ll\u00e4 v\u00e4lityssuhteella: 1:1, 1,35:1, 1,5:1 ja 2:1, mik\u00e4 tarjoaa laajan valikoiman vaihtoehtoja erilaisiin k\u00e4ytt\u00f6tarpeisiin. Lis\u00e4ksi saatavilla on kierukkavaihteisto v\u00e4lityssuhteella 1:1, mik\u00e4 laajentaa vaihteiston soveltuvuutta eri teht\u00e4viin entisest\u00e4\u00e4n.<\/li>\n<li><strong>Kartiorullalaakerit:<\/strong> Korkealaatuiset kartiorullalaakerit tarjoavat suuremman kuormituskapasiteetin ja pidemm\u00e4n laakerin k\u00e4ytt\u00f6i\u00e4n, mik\u00e4 varmistaa tasaisen ja luotettavan suorituskyvyn my\u00f6s vaativissa sovelluksissa. N\u00e4m\u00e4 laakerit on suunniteltu kest\u00e4m\u00e4\u00e4n suurempia s\u00e4teitt\u00e4isi\u00e4 ja aksiaalisia kuormia, mik\u00e4 tekee niist\u00e4 ihanteellisia raskaisiin maatalouskoneisiin.<\/li>\n<li><strong>Korkean lujuuden ter\u00e4sakseli:<\/strong> 500-sarjan vaihteistossa on 1,375 tuuman akseli, joka on valmistettu eritt\u00e4in lujasta ter\u00e4ksest\u00e4, mik\u00e4 parantaa kest\u00e4vyytt\u00e4 ja kulumiskest\u00e4vyytt\u00e4. T\u00e4m\u00e4 kest\u00e4v\u00e4 akselirakenne varmistaa luotettavan voimansiirron pitki\u00e4 aikoja, jopa vaativissa olosuhteissa.<\/li>\n<li><strong>Voitelu ja vuotojen testaus:<\/strong> Vaihteisto on esit\u00e4ytetty 80W90-vaihteisto\u00f6ljyll\u00e4, mik\u00e4 varmistaa sujuvan ja tehokkaan toiminnan alusta alkaen. Jokainen yksikk\u00f6 k\u00e4y l\u00e4pi perusteellisen vuototestin ennen l\u00e4hetyst\u00e4, jotta voidaan taata vuotamaton tuote toimituksen yhteydess\u00e4.<\/li>\n<li><strong>Paino ja helppok\u00e4ytt\u00f6isyys:<\/strong> 500-sarjan vaihteisto painaa 25\u201330 paunaa<strong>.<\/strong>, mukaan lukien vaihteisto\u00f6ljy. T\u00e4m\u00e4 paino on huolellisesti tasapainotettu kest\u00e4vyyden takaamiseksi samalla, kun se pysyy hallittavana asennuksen ja k\u00e4yt\u00f6n kannalta.<\/li>\n<\/ul>\n<p>500-sarjan vaihteisto on ihanteellinen ratkaisu maatalouskoneisiin, sill\u00e4 se tarjoaa parannetun kest\u00e4vyyden, tehokkaan suorituskyvyn ja monipuolisuuden erilaisiin k\u00e4ytt\u00f6tarkoituksiin. K\u00e4ytettiinp\u00e4 sit\u00e4 sitten maanmuokkaus-, istutus- tai sadonkorjuukoneissa, t\u00e4m\u00e4 vaihteisto varmistaa luotettavan toiminnan jopa vaativimmissa ty\u00f6olosuhteissa. Kest\u00e4v\u00e4 rakenne ja korkealaatuiset materiaalit tekev\u00e4t siit\u00e4 luotettavan valinnan maatalousalan valmistajille ja k\u00e4ytt\u00e4jille, jotka etsiv\u00e4t pitk\u00e4ik\u00e4isi\u00e4 ja luotettavia vaihteistoratkaisuja.<\/p>\n<h2>Tietoja FMP:st\u00e4<\/h2>\n<p>Italiassa p\u00e4\u00e4konttoriaan pit\u00e4v\u00e4 FMP on arvostettu valmistaja, joka on erikoistunut tehokkaiden vaihteistojen suunnitteluun, kehitt\u00e4miseen ja tuotantoon. Maatalouskonesektorilla vahvasti painottuvana FMP:n\u00e4 yritys tunnetaan tarkkuudestaan, innovatiivisista ratkaisuistaan \u200b\u200bja horjumattomasta luotettavuudestaan. Vuosien varrella FMP on ansainnut vankan maineen luotettavana kumppanina sek\u00e4 maatalous- ett\u00e4 teollisuusmarkkinoilla. Laajaan tuotevalikoimaamme kuuluu mittatilausty\u00f6n\u00e4 valmistettuja vaihteistoja, nivelakseleita ja monia muita kriittisi\u00e4 komponentteja, jotka kaikki on huolellisesti suunniteltu vastaamaan erilaisten sovellusten erityisvaatimuksiin.<\/p>\n<p>FMP:ll\u00e4 ymm\u00e4rr\u00e4mme, ett\u00e4 jokaisella asiakkaalla on ainutlaatuiset vaatimukset. T\u00e4m\u00e4 n\u00e4kemys ohjaa meit\u00e4 tarjoamaan r\u00e4\u00e4t\u00e4l\u00f6ityj\u00e4 ratkaisuja, jotka on suunniteltu sek\u00e4 yksitt\u00e4isille komponenteille ett\u00e4 t\u00e4ysin integroiduille j\u00e4rjestelmille. Tekem\u00e4ll\u00e4 tiivist\u00e4 yhteisty\u00f6t\u00e4 asiakkaiden kanssa varmistamme, ett\u00e4 jokainen ratkaisu ei ainoastaan \u200b\u200bvastaa heid\u00e4n erityistarpeitaan, vaan my\u00f6s parantaa suorituskyky\u00e4, tehokkuutta ja arvoa. Sitoutumisemme nopeisiin ja ammattimaisiin vastauksiin sek\u00e4 asiantuntevaan ohjaukseen varmistaa, ett\u00e4 jokainen tiedustelu k\u00e4sitell\u00e4\u00e4n tarkasti ja saadaan optimaaliset tulokset.<\/p>\n<p>Selke\u00e4 ja l\u00e4pin\u00e4kyv\u00e4 viestint\u00e4 on l\u00e4hestymistapamme perusta. Alkuper\u00e4isest\u00e4 suunnitteluvaiheesta tuotteen toimitukseen omistautunut tiimimme ty\u00f6skentelee asiakkaiden rinnalla ja ymm\u00e4rt\u00e4\u00e4 heid\u00e4n haasteitaan perusteellisesti. T\u00e4m\u00e4 yhteisty\u00f6h\u00f6n perustuva l\u00e4hestymistapa antaa meille mahdollisuuden tarjota arvokkaita n\u00e4kemyksi\u00e4, jakaa innovatiivisia ratkaisuja ja lopulta saavuttaa parhaat tulokset. Olipa kyse sitten uraauurtavista projekteista tai rutiinitilausten t\u00e4ytt\u00e4misest\u00e4, FMP on sitoutunut toimittamaan korkealaatuisia, tarkasti suunniteltuja ratkaisuja ajallaan, joka kerta. Tavoitteenamme on jatkuvasti ylitt\u00e4\u00e4 asiakkaiden odotukset tarjoamalla poikkeuksellista palvelua ja erinomaisia \u200b\u200btuloksia jokaisessa projektissa.<\/p>\n<p>FMP:n toiminnan ytimess\u00e4 on horjumaton sitoutuminen laatuun. Noudatamme korkeimpia valmistusstandardeja ja k\u00e4yt\u00e4mme tiukkoja laadunvalvontaprosesseja varmistaaksemme, ett\u00e4 jokainen tuote ylitt\u00e4\u00e4 alan standardit. T\u00e4m\u00e4 sitoutuminen huippuosaamiseen sek\u00e4 ydinarvomme, kuten rehellisyys, tiimity\u00f6 ja sinnikkyys, ovat mahdollistaneet kest\u00e4vien, luottamukseen perustuvien asiakassuhteiden luomisen yli 30 maassa ymp\u00e4ri maailmaa.<\/p>\n<p>FMP keskittyy aina globaalien kumppanuuksien edist\u00e4miseen, asiantuntevan neuvonnan tarjoamiseen ja r\u00e4\u00e4t\u00e4l\u00f6ityjen ratkaisujen tarjoamiseen, jotka kehittyv\u00e4t asiakkaidemme tarpeiden mukaan. Tavoitteenamme on rakentaa pitk\u00e4aikaisia, molempia osapuolia hy\u00f6dytt\u00e4vi\u00e4 suhteita, jotka edist\u00e4v\u00e4t jokaisen projektin onnistumista. Etsitp\u00e4 sitten innovatiivisia ratkaisuja uuteen hankkeeseen tai tarvitset jatkuvaa tukea vakiintuneelle j\u00e4rjestelm\u00e4lle, FMP on valmis auttamaan sinua teknisten haasteiden voittamisessa ja varmistamaan jatkuvan menestyksesi.<\/p>\n<p><img loading=\"lazy\" decoding=\"async\" class=\"alignnone wp-image-2695\" src=\"https:\/\/fmp-components.com\/wp-content\/uploads\/2025\/01\/agricultural-gearbox3.webp\" alt=\"maatalousvaihteisto\" width=\"1140\" height=\"1138\" title=\"\" srcset=\"https:\/\/fmp-components.com\/wp-content\/uploads\/2025\/01\/agricultural-gearbox3.webp 1140w, https:\/\/fmp-components.com\/wp-content\/uploads\/2025\/01\/agricultural-gearbox3-480x479.webp 480w\" sizes=\"(min-width: 0px) and (max-width: 480px) 480px, (min-width: 481px) 1140px, 100vw\" \/><\/p>\n<p>Tekij\u00e4: CX<\/p>","protected":false},"excerpt":{"rendered":"<p>Arvostelukaavio 500-sarjan akselin py\u00f6rimissuuntaukselle 500-sarjassa 500-sarjan vaihdelaatikko maatalouskoneisiin Ominaisuudet ja edut: Kaksiosainen alumiinikotelo: Eritt\u00e4in lujasta alumiinista valmistettu kotelo tarjoaa poikkeuksellisen kest\u00e4vyyden, korroosionkest\u00e4vyyden ja erinomaisen l\u00e4mm\u00f6nkest\u00e4vyyden. T\u00e4m\u00e4 varmistaa optimaalisen suorituskyvyn my\u00f6s \u00e4\u00e4rimm\u00e4isiss\u00e4 k\u00e4ytt\u00f6olosuhteissa, joten se sopii eritt\u00e4in hyvin maatalousymp\u00e4rist\u00f6ihin. [\u2026]<\/p>","protected":false},"featured_media":3252,"comment_status":"open","ping_status":"closed","template":"","meta":{"_et_pb_use_builder":"","_et_pb_old_content":"","_et_gb_content_width":""},"product_brand":[],"product_cat":[78],"product_tag":[],"class_list":{"0":"post-3242","1":"product","2":"type-product","3":"status-publish","4":"has-post-thumbnail","6":"product_cat-gearbox-for-agricultural-machinery","8":"first","9":"instock","10":"shipping-taxable","11":"product-type-simple"},"_links":{"self":[{"href":"https:\/\/fmp-components.com\/fi\/wp-json\/wp\/v2\/product\/3242","targetHints":{"allow":["GET"]}}],"collection":[{"href":"https:\/\/fmp-components.com\/fi\/wp-json\/wp\/v2\/product"}],"about":[{"href":"https:\/\/fmp-components.com\/fi\/wp-json\/wp\/v2\/types\/product"}],"replies":[{"embeddable":true,"href":"https:\/\/fmp-components.com\/fi\/wp-json\/wp\/v2\/comments?post=3242"}],"wp:featuredmedia":[{"embeddable":true,"href":"https:\/\/fmp-components.com\/fi\/wp-json\/wp\/v2\/media\/3252"}],"wp:attachment":[{"href":"https:\/\/fmp-components.com\/fi\/wp-json\/wp\/v2\/media?parent=3242"}],"wp:term":[{"taxonomy":"product_brand","embeddable":true,"href":"https:\/\/fmp-components.com\/fi\/wp-json\/wp\/v2\/product_brand?post=3242"},{"taxonomy":"product_cat","embeddable":true,"href":"https:\/\/fmp-components.com\/fi\/wp-json\/wp\/v2\/product_cat?post=3242"},{"taxonomy":"product_tag","embeddable":true,"href":"https:\/\/fmp-components.com\/fi\/wp-json\/wp\/v2\/product_tag?post=3242"}],"curies":[{"name":"wp","href":"https:\/\/api.w.org\/{rel}","templated":true}]}}