{"id":3241,"date":"2025-01-06T00:37:34","date_gmt":"2025-01-06T00:37:34","guid":{"rendered":"https:\/\/fmp-components.com\/?page_id=8"},"modified":"2025-01-06T06:53:06","modified_gmt":"2025-01-06T06:53:06","slug":"gearbox-for-agricultural-machinery-200-series","status":"publish","type":"product","link":"https:\/\/fmp-components.com\/fi\/product\/gearbox-for-agricultural-machinery-200-series\/","title":{"rendered":"Vaihteisto maatalouskoneisiin 200-sarja"},"content":{"rendered":"<h2>Arviointikaavio<\/h2>\n<p><img loading=\"lazy\" decoding=\"async\" class=\"alignnone wp-image-3245\" src=\"https:\/\/fmp-components.com\/wp-content\/uploads\/2025\/01\/R200-rating-charts.webp\" alt=\"R200-luokituskaaviot\" width=\"917\" height=\"863\" title=\"\" srcset=\"https:\/\/fmp-components.com\/wp-content\/uploads\/2025\/01\/R200-rating-charts.webp 441w, https:\/\/fmp-components.com\/wp-content\/uploads\/2025\/01\/R200-rating-charts-300x282.webp 300w, https:\/\/fmp-components.com\/wp-content\/uploads\/2025\/01\/R200-rating-charts-13x12.webp 13w\" sizes=\"(max-width: 917px) 100vw, 917px\" \/><\/p>\n<h3>Piirustus 200-sarjalle<\/h3>\n<p><img loading=\"lazy\" decoding=\"async\" class=\"wp-image-3246 alignnone\" src=\"https:\/\/fmp-components.com\/wp-content\/uploads\/2025\/01\/200drawing.webp\" alt=\"200 piirustus\" width=\"876\" height=\"1134\" title=\"\" srcset=\"https:\/\/fmp-components.com\/wp-content\/uploads\/2025\/01\/200drawing.webp 876w, https:\/\/fmp-components.com\/wp-content\/uploads\/2025\/01\/200drawing-480x621.webp 480w\" sizes=\"(min-width: 0px) and (max-width: 480px) 480px, (min-width: 481px) 876px, 100vw\" \/><\/p>\n<h3>Akselin py\u00f6rimissuuntaus 200-sarjalle<\/h3>\n<p><img loading=\"lazy\" decoding=\"async\" class=\"alignnone wp-image-3247\" src=\"https:\/\/fmp-components.com\/wp-content\/uploads\/2025\/01\/100shaft-1.webp\" alt=\"100 akselia\" width=\"842\" height=\"255\" title=\"\" srcset=\"https:\/\/fmp-components.com\/wp-content\/uploads\/2025\/01\/100shaft-1.webp 360w, https:\/\/fmp-components.com\/wp-content\/uploads\/2025\/01\/100shaft-1-300x91.webp 300w, https:\/\/fmp-components.com\/wp-content\/uploads\/2025\/01\/100shaft-1-18x5.webp 18w\" sizes=\"(max-width: 842px) 100vw, 842px\" \/><\/p>\n<h3>200-sarjan vaihdelaatikko maatalouskoneille<\/h3>\n<p>200-sarjan vaihteisto on suunniteltu vastaamaan maatalouskoneiden vaativiin tarpeisiin ja tarjoaa vankan suorituskyvyn, parannetun kest\u00e4vyyden ja erinomaisen hy\u00f6tysuhteen. T\u00e4m\u00e4 vaihteisto on rakennettu monenlaisiin maataloussovelluksiin ja yhdist\u00e4\u00e4 tarkkuustekniikan korkealaatuisiin materiaaleihin varmistaakseen erinomaisen luotettavuuden haastavissa olosuhteissa.<\/p>\n<h4>Ominaisuudet:<\/h4>\n<ul>\n<li><strong>Kaksiosainen alumiinikotelo<\/strong>Kest\u00e4v\u00e4st\u00e4 ja kevyest\u00e4 alumiinista valmistettu kaksiosainen kotelo tarjoaa <strong>poikkeuksellinen vahvuus<\/strong>, <strong>korroosionkest\u00e4vyys<\/strong>ja <strong>l\u00e4mp\u00f6kapasiteetti<\/strong>, joten se sopii hyvin maatalousymp\u00e4rist\u00f6ihin, joissa altistuminen ankarille olosuhteille on yleist\u00e4.<\/li>\n<li><strong>Tarkkuuskoneistus<\/strong>Vaihteisto on <strong>tarkkuuskoneistettu<\/strong> varmistaakseen t\u00e4ydellisen hammaspy\u00f6r\u00e4kytkenn\u00e4n ja laakerin esij\u00e4nnityksen, optimoiden tehokkuuden ja v\u00e4hent\u00e4en kulumista. T\u00e4m\u00e4 huolellinen prosessi takaa luotettavan ja hiljaisen toiminnan pitki\u00e4 aikoja.<\/li>\n<li><strong>Taotut vaihteet useissa eri v\u00e4lityssuhteissa<\/strong>: 200-sarjan vaihteisto on varustettu <strong>tarkkuustaotut hammaspy\u00f6r\u00e4t<\/strong> saatavilla kolmessa suhteessa: <strong>1:1<\/strong>, <strong>1.5:1<\/strong>ja <strong>2:1<\/strong>, mik\u00e4 mahdollistaa joustavuuden erilaisissa sovelluksissa ja varmistaa oikean nopeuden ja v\u00e4\u00e4nt\u00f6momentin tasapainon erilaisissa maatalousteht\u00e4viss\u00e4.<\/li>\n<li><strong>Kartiorullalaakerit<\/strong>: <strong>Kartiorullalaakerit<\/strong> on integroitu suunnitteluun parantamaan <strong>kantavuus<\/strong> ja <strong>pidempi laakerin k\u00e4ytt\u00f6ik\u00e4<\/strong>varmistaen vakaan toiminnan ja kest\u00e4vyyden my\u00f6s raskaissa kuormissa ja suurissa rasituksissa.<\/li>\n<li><strong>Eritt\u00e4in luja 1 tuuman varsi<\/strong>Vaihteistossa on <strong>1 tuuman varsi<\/strong> tehty <strong>eritt\u00e4in lujaa ter\u00e4st\u00e4<\/strong>, joka on suunniteltu vaativiin maatalousteht\u00e4viin ja tarjoaa tarvittavan lujuuden ja luotettavuuden vaativiin olosuhteisiin.<\/li>\n<li><strong>Voitelu ja vuotojen testaus<\/strong>: Esit\u00e4ytetty <strong>80W90 vaihteisto\u00f6ljy<\/strong>, jokainen vaihdelaatikko on perusteellisesti <strong>vuototestattu<\/strong> ennen l\u00e4hetyst\u00e4 varmistaaksesi asianmukaisen tiivistyksen ja taataksesi, ett\u00e4 se toimii moitteettomasti ilman ongelmia alusta alkaen.<\/li>\n<li><strong>Paino<\/strong>200-sarja painaa noin <strong>12\u201315 paunaa<\/strong>, mukaan lukien \u00f6ljy, mik\u00e4 tarjoaa tasapainon lujuuden ja kevyen rakenteen v\u00e4lill\u00e4 maatalouskoneiden kuormituksen minimoimiseksi.<\/li>\n<\/ul>\n<p>200-sarjan vaihteisto on eritt\u00e4in monipuolinen ratkaisu maatalouskoneisiin, sill\u00e4 se tarjoaa erinomaisen voimansiirron, pitk\u00e4ik\u00e4isyyden ja minimaaliset huoltotarpeet. Olipa kyseess\u00e4 sitten maanmuokkaus, sadonkorjuu tai muut maatalousty\u00f6t, 200-sarja varmistaa sujuvan ja tehokkaan toiminnan kaikissa olosuhteissa.<\/p>\n<p>Jos sinulla on erityisvaatimuksia tai tarvitset r\u00e4\u00e4t\u00e4l\u00f6ity\u00e4 ratkaisua, FMP on valmiina auttamaan asiantuntijaneuvoilla ja r\u00e4\u00e4t\u00e4l\u00f6idyill\u00e4 ratkaisuilla. Anna meid\u00e4n auttaa sinua optimoimaan maatalouskoneesi suorituskyky tarpeisiisi sopivalla vaihteistolla.<\/p>\n<h2>Tietoja FMP:st\u00e4<\/h2>\n<p>Italiassa p\u00e4\u00e4konttoriaan pit\u00e4v\u00e4 FMP on tunnettu johtava yritys korkean suorituskyvyn vaihteistojen suunnittelussa, kehitt\u00e4misess\u00e4 ja valmistuksessa, ja yritys keskittyy vahvasti maatalouskonesektorin tarpeisiin. FMP on ansainnut arvostetun aseman luotettavana kumppanina sek\u00e4 maatalous- ett\u00e4 teollisuussektoreilla sitoutumisensa ansiosta, sill\u00e4 se on tunnettu tarkkuustekniikasta, innovatiivisista ratkaisuista ja johdonmukaisesta luotettavuudesta. Monipuolinen tuotevalikoimamme sis\u00e4lt\u00e4\u00e4 ruohonleikkureiden, nivelakseleiden ja muiden t\u00e4rkeiden komponenttien mittatilausty\u00f6n\u00e4 valmistettuja vaihteistoja, jotka kaikki on huolellisesti valmistettu vastaamaan monenlaisten sovellusten ainutlaatuisiin vaatimuksiin.<\/p>\n<p>FMP:ll\u00e4 ymm\u00e4rr\u00e4mme, ett\u00e4 jokaisella asiakkaalla on omat erityisvaatimuksensa ja haasteensa. T\u00e4m\u00e4 ohjaa meit\u00e4 keskittym\u00e4\u00e4n r\u00e4\u00e4t\u00e4l\u00f6ityjen ratkaisujen toimittamiseen, olipa kyse sitten yksitt\u00e4isist\u00e4 komponenteista tai t\u00e4ysin integroiduista j\u00e4rjestelmist\u00e4. Tekem\u00e4ll\u00e4 tiivist\u00e4 yhteisty\u00f6t\u00e4 asiakkaidemme kanssa varmistamme, ett\u00e4 jokainen ratkaisu on t\u00e4ysin heid\u00e4n erityistarpeidensa mukainen, optimoiden suorituskyvyn ja maksimoiden arvon. Sitoutumisemme nopeaan reagointiin, ammattimaiseen ohjaukseen ja asiantuntevaan toteutukseen takaa, ett\u00e4 jokainen projekti k\u00e4sitell\u00e4\u00e4n tarkasti ja saavutetaan johdonmukaisesti parhaat mahdolliset tulokset.<\/p>\n<p>Pid\u00e4mme selke\u00e4\u00e4 ja jatkuvaa viestint\u00e4\u00e4 eritt\u00e4in t\u00e4rke\u00e4n\u00e4 koko tuotekehitysprosessin ajan. Omistautunut tiimimme ty\u00f6skentelee tiiviisti asiakkaiden kanssa ymm\u00e4rt\u00e4\u00e4kseen perusteellisesti heid\u00e4n vaatimuksensa ja tarjotakseen arvokkaita n\u00e4kemyksi\u00e4 ja suosituksia optimaalisten tulosten saavuttamiseksi. Olipa kyse sitten huippuluokan tuotteiden suunnittelusta tai rutiinitilausten t\u00e4ytt\u00e4misest\u00e4, FMP pysyy vakaana sitoutumisessaan toimittaa korkealaatuisia, tarkasti suunniteltuja ratkaisuja ajallaan, joka kerta. Tavoitteenamme on ylitt\u00e4\u00e4 asiakkaiden odotukset tarjoamalla poikkeuksellista palvelua ja tuloksia jokaisessa projektissa, jonka toteutamme.<\/p>\n<p>FMP:n ytimess\u00e4 on vankkumaton sitoutuminen laatuun. Noudatamme alan korkeimpia standardeja ja k\u00e4yt\u00e4mme tiukkoja laadunvalvontaprosesseja varmistaaksemme, ett\u00e4 jokainen tuote ei ainoastaan \u200b\u200b\u200b\u200bt\u00e4ytt\u00e4\u00e4 alan standardeja, vaan my\u00f6s ylitt\u00e4\u00e4 ne. T\u00e4m\u00e4 omistautuminen huippuosaamiseen yhdistettyn\u00e4 ydinarvoihimme, kuten rehellisyyteen, tiimity\u00f6h\u00f6n ja sinnikkyyteen, on mahdollistanut pitk\u00e4aikaisten, luottamukseen perustuvien asiakassuhteiden luomisen l\u00e4hes 30 maassa maailmanlaajuisesti.<\/p>\n<p>FMP on intohimoinen globaalien kumppanuuksien edist\u00e4misest\u00e4 tarjoamalla asiantuntevaa neuvontaa ja r\u00e4\u00e4t\u00e4l\u00f6ityj\u00e4 ratkaisuja, jotka kehittyv\u00e4t asiakkaidemme muuttuvien tarpeiden tahdissa. Tavoitteenamme on rakentaa pitk\u00e4aikaisia, molempia osapuolia hy\u00f6dytt\u00e4vi\u00e4 suhteita, jotka edist\u00e4v\u00e4t jokaisen projektin onnistumista. Tarvitsetpa sitten innovatiivisia ratkaisuja uuteen aloitteeseen tai jatkuvaa tukea olemassa olevalle j\u00e4rjestelm\u00e4lle, FMP on sitoutunut auttamaan sinua voittamaan tekniset haasteet ja varmistamaan jatkuvan menestyksesi.<\/p>\n<p><img loading=\"lazy\" decoding=\"async\" class=\"alignnone wp-image-2695\" src=\"https:\/\/fmp-components.com\/wp-content\/uploads\/2025\/01\/agricultural-gearbox3.webp\" alt=\"maatalousvaihteisto\" width=\"1140\" height=\"1138\" title=\"\" srcset=\"https:\/\/fmp-components.com\/wp-content\/uploads\/2025\/01\/agricultural-gearbox3.webp 1140w, https:\/\/fmp-components.com\/wp-content\/uploads\/2025\/01\/agricultural-gearbox3-480x479.webp 480w\" sizes=\"(min-width: 0px) and (max-width: 480px) 480px, (min-width: 481px) 1140px, 100vw\" \/><\/p>\n<p>Tekij\u00e4: CX<\/p>","protected":false},"excerpt":{"rendered":"<p>Rating Chart Drawing for 200 Series Shaft Rotation Alignment For 200 Series 200 Series Gearbox for Agricultural Machinery The 200 Series Gearbox is engineered to meet the demanding needs of agricultural machinery, offering robust performance, enhanced durability, and excellent efficiency. Built for a range of agricultural applications, this gearbox combines precision engineering with high-quality materials [&hellip;]<\/p>","protected":false},"featured_media":3244,"comment_status":"open","ping_status":"closed","template":"","meta":{"_et_pb_use_builder":"","_et_pb_old_content":"","_et_gb_content_width":""},"product_brand":[],"product_cat":[78],"product_tag":[],"class_list":{"0":"post-3241","1":"product","2":"type-product","3":"status-publish","4":"has-post-thumbnail","6":"product_cat-gearbox-for-agricultural-machinery","8":"first","9":"instock","10":"shipping-taxable","11":"product-type-simple"},"_links":{"self":[{"href":"https:\/\/fmp-components.com\/fi\/wp-json\/wp\/v2\/product\/3241","targetHints":{"allow":["GET"]}}],"collection":[{"href":"https:\/\/fmp-components.com\/fi\/wp-json\/wp\/v2\/product"}],"about":[{"href":"https:\/\/fmp-components.com\/fi\/wp-json\/wp\/v2\/types\/product"}],"replies":[{"embeddable":true,"href":"https:\/\/fmp-components.com\/fi\/wp-json\/wp\/v2\/comments?post=3241"}],"wp:featuredmedia":[{"embeddable":true,"href":"https:\/\/fmp-components.com\/fi\/wp-json\/wp\/v2\/media\/3244"}],"wp:attachment":[{"href":"https:\/\/fmp-components.com\/fi\/wp-json\/wp\/v2\/media?parent=3241"}],"wp:term":[{"taxonomy":"product_brand","embeddable":true,"href":"https:\/\/fmp-components.com\/fi\/wp-json\/wp\/v2\/product_brand?post=3241"},{"taxonomy":"product_cat","embeddable":true,"href":"https:\/\/fmp-components.com\/fi\/wp-json\/wp\/v2\/product_cat?post=3241"},{"taxonomy":"product_tag","embeddable":true,"href":"https:\/\/fmp-components.com\/fi\/wp-json\/wp\/v2\/product_tag?post=3241"}],"curies":[{"name":"wp","href":"https:\/\/api.w.org\/{rel}","templated":true}]}}