{"id":3236,"date":"2025-01-05T08:24:05","date_gmt":"2025-01-05T08:24:05","guid":{"rendered":"https:\/\/fmp-components.com\/?page_id=8"},"modified":"2025-01-05T08:24:05","modified_gmt":"2025-01-05T08:24:05","slug":"gearbox-for-agricultural-machinery-100-series","status":"publish","type":"product","link":"https:\/\/fmp-components.com\/fi\/product\/gearbox-for-agricultural-machinery-100-series\/","title":{"rendered":"Vaihteisto maatalouskoneisiin 100-sarja"},"content":{"rendered":"<h3><span class=\"ws12\">ARVIOITUSKAULU<\/span><\/h3>\n<p><img loading=\"lazy\" decoding=\"async\" class=\"alignnone  wp-image-3237\" src=\"https:\/\/fmp-components.com\/wp-content\/uploads\/2025\/01\/100drawing.webp\" alt=\"100 piirustus\" width=\"886\" height=\"1250\" title=\"\" srcset=\"https:\/\/fmp-components.com\/wp-content\/uploads\/2025\/01\/100drawing.webp 886w, https:\/\/fmp-components.com\/wp-content\/uploads\/2025\/01\/100drawing-480x677.webp 480w\" sizes=\"(min-width: 0px) and (max-width: 480px) 480px, (min-width: 481px) 886px, 100vw\" \/><\/p>\n<h3>PIIRUSTUS 100-SARJAAN<\/h3>\n<p><img loading=\"lazy\" decoding=\"async\" class=\"alignnone  wp-image-3239\" src=\"https:\/\/fmp-components.com\/wp-content\/uploads\/2025\/01\/R100-rating-charts.webp\" alt=\"R100-luokituskaaviot\" width=\"843\" height=\"661\" title=\"\" srcset=\"https:\/\/fmp-components.com\/wp-content\/uploads\/2025\/01\/R100-rating-charts.webp 843w, https:\/\/fmp-components.com\/wp-content\/uploads\/2025\/01\/R100-rating-charts-480x376.webp 480w\" sizes=\"(min-width: 0px) and (max-width: 480px) 480px, (min-width: 481px) 843px, 100vw\" \/><\/p>\n<h3>100-SARJAN AKSELIN PY\u00d6RIMISSUUNTAUS<\/h3>\n<p><img loading=\"lazy\" decoding=\"async\" class=\"alignnone  wp-image-3238\" src=\"https:\/\/fmp-components.com\/wp-content\/uploads\/2025\/01\/100shaft.webp\" alt=\"100 akselia\" width=\"830\" height=\"251\" title=\"\" srcset=\"https:\/\/fmp-components.com\/wp-content\/uploads\/2025\/01\/100shaft.webp 360w, https:\/\/fmp-components.com\/wp-content\/uploads\/2025\/01\/100shaft-300x91.webp 300w, https:\/\/fmp-components.com\/wp-content\/uploads\/2025\/01\/100shaft-18x5.webp 18w\" sizes=\"(max-width: 830px) 100vw, 830px\" \/><\/p>\n<h3>100-sarjan vaihdelaatikko maatalouskoneille<\/h3>\n<p>100-sarjan vaihteisto on suunniteltu erityisesti maatalouskoneille, ja se tarjoaa optimaalisen suorituskyvyn, kest\u00e4vyyden ja tehokkuuden. Kest\u00e4v\u00e4n rakenteensa ja edistyneiden ominaisuuksiensa ansiosta se varmistaa luotettavuuden my\u00f6s vaativissa maatalousymp\u00e4rist\u00f6iss\u00e4. Vaihteisto on olennainen osa monenlaisia \u200b\u200bmaatalouskoneita, kuten jyrsimi\u00e4, ruohonleikkureita ja muita luotettavaa voimansiirtoa vaativia koneita.<\/p>\n<p><strong>T\u00e4rkeimm\u00e4t ominaisuudet:<\/strong><\/p>\n<ul>\n<li><strong>Kaksiosainen alumiinikotelo<\/strong><br \/>\nVaihteistossa on kaksiosainen alumiinikotelo, joka on suunniteltu parantamaan lujuutta ja korroosionkest\u00e4vyytt\u00e4. Kotelo tarjoaa my\u00f6s erinomaisen <strong>l\u00e4mp\u00f6kapasiteetti<\/strong>, joten se sopii erinomaisesti jatkuvaan k\u00e4ytt\u00f6\u00f6n ankarissa maatalousolosuhteissa.<\/li>\n<li><strong>Tarkkuuskoneistus optimaalisen suorituskyvyn saavuttamiseksi<\/strong><br \/>\nJokainen yksikk\u00f6 on tarkkuuskoneistettu t\u00e4ydellisen hammaspy\u00f6r\u00e4kytkenn\u00e4n ja laakerin esij\u00e4nnityksen varmistamiseksi, mik\u00e4 takaa sujuvan toiminnan ja minimaalisen kulumisen.<strong>r<\/strong> ajan my\u00f6t\u00e4. T\u00e4m\u00e4 korkeatasoinen ammattitaito parantaa vaihteiston tehokkuutta ja pitk\u00e4ik\u00e4isyytt\u00e4.<\/li>\n<li><strong>Taotut vaihteet useilla v\u00e4lityssuhteilla<\/strong><br \/>\nVaihteistossa k\u00e4ytet\u00e4\u00e4n tarkkuustakottuja rattaita, jotka ovat saatavilla kolmella eri v\u00e4lityssuhteella: 1:1, 1,1:1 ja 1,43:1. N\u00e4m\u00e4 vaihtoehdot tarjoavat joustavuutta, jonka avulla k\u00e4ytt\u00e4j\u00e4t voivat valita ihanteellisen v\u00e4lityssuhteen omiin laitteisiinsa ja k\u00e4ytt\u00f6vaatimuksiinsa.<\/li>\n<li><strong>Kartiorullalaakerit parannetulle kuormituskapasiteetille<\/strong><br \/>\nKartiorullalaakerien ansiosta 100-sarjan vaihteisto tarjoaa suuremman kuormituskapasiteetin ja pident\u00e4\u00e4 merkitt\u00e4v\u00e4sti laakerin k\u00e4ytt\u00f6ik\u00e4\u00e4. T\u00e4m\u00e4 ominaisuus tekee siit\u00e4 erityisen sopivan kovaa rasitusta vaativiin sovelluksiin, varmistaen, ett\u00e4 vaihteisto kest\u00e4\u00e4 raskaan maatalousk\u00e4yt\u00f6n vaatimukset.<\/li>\n<li><strong>Korkean lujuuden ter\u00e4sakseli<\/strong><br \/>\nVaihteiston mukana tulee <strong>1 tuuman akseli<\/strong> valmistettu eritt\u00e4in lujasta ter\u00e4ksest\u00e4, mik\u00e4 on vakio-ominaisuus, joka on suunniteltu parantamaan kest\u00e4vyytt\u00e4 ja tarjoamaan tasaista suorituskyky\u00e4 erilaisissa ty\u00f6olosuhteissa. T\u00e4m\u00e4 raskaaseen k\u00e4ytt\u00f6\u00f6n tarkoitettu akseli varmistaa vaihteiston sujuvan toiminnan my\u00f6s haastavissa ymp\u00e4rist\u00f6iss\u00e4.<\/li>\n<li><strong>80W90 Vaihteistovoiteluaine<\/strong><br \/>\n100-sarjan vaihteisto on valmiiksi t\u00e4ytetty 80W90-vaihteisto\u00f6ljyll\u00e4, joten se on heti k\u00e4ytt\u00f6valmis. Voiteluaine varmistaa vaihteiden sujuvan kytkeytymisen ja tehokkaan l\u00e4mm\u00f6npoiston. Jokainen vaihteisto k\u00e4y l\u00e4pi vuototestin ennen toimitusta sen varmistamiseksi, ett\u00e4 se on t\u00e4ysin tiivis ja valmis asennettavaksi.<\/li>\n<li><strong>Kevyt mutta kest\u00e4v\u00e4 muotoilu<\/strong><br \/>\nVain 3,7\u20134,5 kg painava 100-sarja on suunniteltu kevyeksi helppoa asennusta ja k\u00e4sittely\u00e4 varten. Keveydest\u00e4\u00e4n huolimatta vaihteisto s\u00e4ilytt\u00e4\u00e4 lujuutensa ja kest\u00e4vyytens\u00e4, mik\u00e4 tekee siit\u00e4 erinomaisen valinnan erilaisiin maatalousk\u00e4ytt\u00f6\u00f6n.<\/li>\n<\/ul>\n<p><strong>Sovellukset:<\/strong><br \/>\n100-sarjan vaihteisto on monipuolinen ja sit\u00e4 voidaan k\u00e4ytt\u00e4\u00e4 erilaisissa maatalouskoneissa, kuten ruohonleikkureissa, jyrsiss\u00e4 ja levittimiss\u00e4. Sen tarkka suunnittelu tekee siit\u00e4 ihanteellisen teht\u00e4viin, jotka vaativat tasaista voimansiirtoa ja luotettavaa suorituskyky\u00e4, varmistaen sujuvan toiminnan erilaisissa maatalousteht\u00e4viss\u00e4.<\/p>\n<p>Maatalouskoneiden 100-sarjan vaihteisto tarjoaa korkean suorituskyvyn, kest\u00e4vyyden ja joustavuuden, mik\u00e4 tekee siit\u00e4 luotettavan valinnan nykyaikaisiin maatalouskoneisiin. Etsitp\u00e4 sitten tarkkuutta, kuormankantolujuutta tai r\u00e4\u00e4t\u00e4l\u00f6intivaihtoehtoja, t\u00e4m\u00e4 vaihteisto tarjoaa kaiken mit\u00e4 tarvitset saumattomaan toimintaan pellolla.<\/p>\n<h3>Tietoja FMP:st\u00e4<\/h3>\n<p>Italiassa p\u00e4\u00e4konttoriaan pit\u00e4v\u00e4 FMP on arvostettu valmistaja, joka on erikoistunut tehokkaiden vaihteistojen suunnitteluun, kehitt\u00e4miseen ja tuotantoon. Yrityksen p\u00e4\u00e4paino on maatalouskonesektorilla. Tarkkuudestaan, innovatiivisista ratkaisuistaan \u200b\u200bja horjumattomasta luotettavuudestaan \u200b\u200btunnettu FMP on ansainnut vankan maineen luotettavana kumppanina sek\u00e4 maatalous- ett\u00e4 teollisuusmarkkinoilla. Laaja valikoimamme sis\u00e4lt\u00e4\u00e4 ruohonleikkureiden, nivelakseleiden ja muiden t\u00e4rkeiden komponenttien mittatilausty\u00f6n\u00e4 suunniteltuja vaihteistoja, jotka kaikki on valmistettu vastaamaan erilaisten sovellusten erityistarpeisiin.<\/p>\n<p>FMP:ll\u00e4 ymm\u00e4rr\u00e4mme, ett\u00e4 jokainen asiakas kohtaa erilaisia \u200b\u200bhaasteita. T\u00e4m\u00e4 ymm\u00e4rrys ohjaa l\u00e4hestymistapaamme r\u00e4\u00e4t\u00e4l\u00f6ityjen ratkaisujen toimittamiseen \u2013 olipa kyse sitten yksitt\u00e4isist\u00e4 komponenteista tai t\u00e4ysin integroiduista j\u00e4rjestelmist\u00e4. Ty\u00f6skentelem\u00e4ll\u00e4 tiiviiss\u00e4 yhteisty\u00f6ss\u00e4 asiakkaidemme kanssa varmistamme, ett\u00e4 jokainen ratkaisu on huolellisesti heid\u00e4n vaatimustensa mukainen, optimoiden suorituskyvyn ja maksimoiden arvon. Omistautumisemme nopeisiin vasteaikoihin, ammattimaiseen ohjaukseen ja tarkkaan toteutukseen varmistaa, ett\u00e4 jokainen kysely k\u00e4sitell\u00e4\u00e4n asiantuntevasti ja ett\u00e4 saavutetaan parhaat mahdolliset tulokset.<\/p>\n<p>Selke\u00e4 ja jatkuva viestint\u00e4 on l\u00e4hestymistapamme ydin koko tuotekehityssyklin ajan. Omistautunut tiimimme ty\u00f6skentelee suoraan asiakkaiden kanssa saadakseen kattavan ymm\u00e4rryksen heid\u00e4n tarpeistaan \u200b\u200bja tarjoaa arvokkaita n\u00e4kemyksi\u00e4 ja suosituksia parhaiden tulosten saavuttamiseksi. Olipa kyse sitten huippuluokan tuotteiden suunnittelusta tai rutiinitilausten t\u00e4ytt\u00e4misest\u00e4, FMP on sitoutunut toimittamaan korkealaatuisia, tarkasti suunniteltuja ratkaisuja ajallaan, joka kerta. Tavoitteenamme on ylitt\u00e4\u00e4 asiakkaiden odotukset tarjoamalla poikkeuksellista palvelua ja erinomaisia \u200b\u200btuloksia jokaisessa projektissa.<\/p>\n<p>Laatu on FMP:n toiminnan kulmakivi. Noudatamme korkeimpia valmistusstandardeja ja toteutamme tiukkoja laadunvalvontatoimenpiteit\u00e4 varmistaaksemme, ett\u00e4 jokainen tuote paitsi t\u00e4ytt\u00e4\u00e4 my\u00f6s ylitt\u00e4\u00e4 alan standardit. T\u00e4m\u00e4 sitoutuminen huippuosaamiseen yhdess\u00e4 ydinarvojemme, kuten rehellisyyden, tiimity\u00f6n ja sinnikkyyden, kanssa on mahdollistanut pitk\u00e4aikaisten ja luottamukseen perustuvien asiakassuhteiden luomisen l\u00e4hes 30 maassa ymp\u00e4ri maailmaa.<\/p>\n<p>FMP on omistautunut edist\u00e4m\u00e4\u00e4n globaaleja kumppanuuksia tarjoamalla asiantuntevaa neuvontaa ja r\u00e4\u00e4t\u00e4l\u00f6ityj\u00e4 ratkaisuja, jotka kehittyv\u00e4t asiakkaidemme tarpeiden mukana. Pyrimme rakentamaan pitk\u00e4aikaisia, molempia osapuolia hy\u00f6dytt\u00e4vi\u00e4 suhteita, jotka edist\u00e4v\u00e4t jokaisen projektin jatkuvaa menestyst\u00e4. Etsitp\u00e4 sitten innovatiivisia ratkaisuja uuteen hankkeeseen tai tarvitset jatkuvaa tukea olemassa olevalle j\u00e4rjestelm\u00e4lle, FMP on t\u00e4\u00e4ll\u00e4 auttamassa sinua ratkaisemaan teknisi\u00e4 haasteita ja varmistamaan pitk\u00e4n aikav\u00e4lin menestyksesi.<\/p>\n<p><img loading=\"lazy\" decoding=\"async\" class=\"alignnone wp-image-2695\" src=\"https:\/\/fmp-components.com\/wp-content\/uploads\/2025\/01\/agricultural-gearbox3.webp\" alt=\"maatalousvaihteisto\" width=\"1140\" height=\"1138\" title=\"\" srcset=\"https:\/\/fmp-components.com\/wp-content\/uploads\/2025\/01\/agricultural-gearbox3.webp 1140w, https:\/\/fmp-components.com\/wp-content\/uploads\/2025\/01\/agricultural-gearbox3-480x479.webp 480w\" sizes=\"(min-width: 0px) and (max-width: 480px) 480px, (min-width: 481px) 1140px, 100vw\" \/><\/p>\n<p>Tekij\u00e4: CX<\/p>","protected":false},"excerpt":{"rendered":"<p>RATING CHART DRAWING FOR 100 SERIES SHAFT ROTATION ALIGNMENT FOR 100\u00a0SERIES 100 Series Gearbox for Agricultural Machinery The 100 Series Gearbox is designed specifically for agricultural machinery, providing optimal performance, durability, and efficiency. Engineered with a robust construction and advanced features, it ensures reliability even in demanding agricultural environments. The gearbox is an essential component [&hellip;]<\/p>","protected":false},"featured_media":3240,"comment_status":"open","ping_status":"closed","template":"","meta":{"_et_pb_use_builder":"","_et_pb_old_content":"","_et_gb_content_width":""},"product_brand":[],"product_cat":[78],"product_tag":[],"class_list":{"0":"post-3236","1":"product","2":"type-product","3":"status-publish","4":"has-post-thumbnail","6":"product_cat-gearbox-for-agricultural-machinery","8":"first","9":"instock","10":"shipping-taxable","11":"product-type-simple"},"_links":{"self":[{"href":"https:\/\/fmp-components.com\/fi\/wp-json\/wp\/v2\/product\/3236","targetHints":{"allow":["GET"]}}],"collection":[{"href":"https:\/\/fmp-components.com\/fi\/wp-json\/wp\/v2\/product"}],"about":[{"href":"https:\/\/fmp-components.com\/fi\/wp-json\/wp\/v2\/types\/product"}],"replies":[{"embeddable":true,"href":"https:\/\/fmp-components.com\/fi\/wp-json\/wp\/v2\/comments?post=3236"}],"wp:featuredmedia":[{"embeddable":true,"href":"https:\/\/fmp-components.com\/fi\/wp-json\/wp\/v2\/media\/3240"}],"wp:attachment":[{"href":"https:\/\/fmp-components.com\/fi\/wp-json\/wp\/v2\/media?parent=3236"}],"wp:term":[{"taxonomy":"product_brand","embeddable":true,"href":"https:\/\/fmp-components.com\/fi\/wp-json\/wp\/v2\/product_brand?post=3236"},{"taxonomy":"product_cat","embeddable":true,"href":"https:\/\/fmp-components.com\/fi\/wp-json\/wp\/v2\/product_cat?post=3236"},{"taxonomy":"product_tag","embeddable":true,"href":"https:\/\/fmp-components.com\/fi\/wp-json\/wp\/v2\/product_tag?post=3236"}],"curies":[{"name":"wp","href":"https:\/\/api.w.org\/{rel}","templated":true}]}}