{"id":323,"date":"2024-12-09T06:38:13","date_gmt":"2024-12-09T06:38:13","guid":{"rendered":"https:\/\/fmp-components.com\/?page_id=8"},"modified":"2024-12-09T06:51:12","modified_gmt":"2024-12-09T06:51:12","slug":"forklift-short-lifting-hydraulic-cylinder","status":"publish","type":"product","link":"https:\/\/fmp-components.com\/fi\/product\/forklift-short-lifting-hydraulic-cylinder\/","title":{"rendered":"Trukin lyhyt nostohydraulinen sylinteri"},"content":{"rendered":"<p style=\"text-align: center;\"><span style=\"font-size: 18pt;\">Trukin lyhyt nostohydraulinen sylinteri<\/span><\/p>\n<p><img loading=\"lazy\" decoding=\"async\" class=\"size-full wp-image-331 aligncenter\" src=\"https:\/\/fmp-components.com\/wp-content\/uploads\/2024\/12\/Forklift-Short-Lifting-Hydraulic-Cylinder.webp\" alt=\"Trukin lyhyt nostohydraulinen sylinteri\" width=\"500\" height=\"500\" title=\"\" srcset=\"https:\/\/fmp-components.com\/wp-content\/uploads\/2024\/12\/Forklift-Short-Lifting-Hydraulic-Cylinder.webp 500w, https:\/\/fmp-components.com\/wp-content\/uploads\/2024\/12\/Forklift-Short-Lifting-Hydraulic-Cylinder-480x480.webp 480w\" sizes=\"(min-width: 0px) and (max-width: 480px) 480px, (min-width: 481px) 500px, 100vw\" \/><\/p>\n<p>&nbsp;<\/p>\n<h2>Trukin lyhyen nostohydraulisylinterin osat:<\/h2>\n<p><img loading=\"lazy\" decoding=\"async\" class=\"alignnone size-full wp-image-328\" src=\"https:\/\/fmp-components.com\/wp-content\/uploads\/2024\/12\/Forklift-Short-Lifting-Hydraulic-Cylinder-Parts.webp\" alt=\"Trukin lyhyen noston hydraulisylinterin osat\" width=\"1024\" height=\"593\" title=\"\" srcset=\"https:\/\/fmp-components.com\/wp-content\/uploads\/2024\/12\/Forklift-Short-Lifting-Hydraulic-Cylinder-Parts.webp 1024w, https:\/\/fmp-components.com\/wp-content\/uploads\/2024\/12\/Forklift-Short-Lifting-Hydraulic-Cylinder-Parts-980x568.webp 980w, https:\/\/fmp-components.com\/wp-content\/uploads\/2024\/12\/Forklift-Short-Lifting-Hydraulic-Cylinder-Parts-480x278.webp 480w\" sizes=\"(min-width: 0px) and (max-width: 480px) 480px, (min-width: 481px) and (max-width: 980px) 980px, (min-width: 981px) 1024px, 100vw\" \/><\/p>\n<table style=\"width: 100%; height: 253px;\" border=\"1\" width=\"100%\" cellspacing=\"0\" cellpadding=\"0\">\n<tbody>\n<tr style=\"height: 47px;\">\n<td style=\"height: 31px;\">\n<div class=\"magic-27\" data-spm-anchor-id=\"a2700.details.0.i24.71f03c42bHjEJ9\">1<\/div>\n<\/td>\n<td style=\"height: 31px;\">\n<div class=\"magic-28\">Sylinterikotelo<\/div>\n<\/td>\n<td style=\"height: 31px;\">\n<div class=\"magic-29\">11<\/div>\n<\/td>\n<td style=\"height: 31px;\">\n<div class=\"magic-30\">Hammaspy\u00f6r\u00e4n istuin<\/div>\n<\/td>\n<td style=\"height: 31px;\">\n<div class=\"magic-29\">21<\/div>\n<\/td>\n<td style=\"height: 31px;\">\n<div class=\"magic-31\">O-rengas<\/div>\n<\/td>\n<\/tr>\n<tr style=\"height: 47px;\">\n<td style=\"height: 32px;\">\n<div class=\"magic-27\">2<\/div>\n<\/td>\n<td style=\"height: 32px;\">\n<div class=\"magic-28\">M\u00e4nt\u00e4<\/div>\n<\/td>\n<td style=\"height: 32px;\">\n<div class=\"magic-29\">12<\/div>\n<\/td>\n<td style=\"height: 32px;\">\n<div class=\"magic-30\">Ketjupy\u00f6r\u00e4n suojus<\/div>\n<\/td>\n<td style=\"height: 32px;\">\n<div class=\"magic-29\">22<\/div>\n<\/td>\n<td style=\"height: 32px;\">\n<div class=\"magic-31\">Rasvanippa<\/div>\n<\/td>\n<\/tr>\n<tr style=\"height: 47px;\">\n<td style=\"height: 29px;\">\n<div class=\"magic-27\">3<\/div>\n<\/td>\n<td style=\"height: 29px;\">\n<div class=\"magic-28\">\u00d6ljyputki<\/div>\n<\/td>\n<td style=\"height: 29px;\">\n<div class=\"magic-29\">13<\/div>\n<\/td>\n<td style=\"height: 29px;\">\n<div class=\"magic-30\">Jousialuslevyt<\/div>\n<\/td>\n<td style=\"height: 29px;\">\n<div class=\"magic-29\">23<\/div>\n<\/td>\n<td style=\"height: 29px;\">\n<div class=\"magic-31\">O-rengas<\/div>\n<\/td>\n<\/tr>\n<tr style=\"height: 23px;\">\n<td style=\"height: 23px;\">\n<div class=\"magic-27\">4<\/div>\n<\/td>\n<td style=\"height: 23px;\">\n<div class=\"magic-28\">Takaiskuventtiili<\/div>\n<\/td>\n<td style=\"height: 23px;\">\n<div class=\"magic-29\">14<\/div>\n<\/td>\n<td style=\"height: 23px;\">\n<div class=\"magic-30\">Kuusiokolopultti<\/div>\n<\/td>\n<td style=\"height: 23px;\">\n<div class=\"magic-29\">24<\/div>\n<\/td>\n<td style=\"height: 23px;\">\n<div class=\"magic-31\">pesukone<\/div>\n<\/td>\n<\/tr>\n<tr style=\"height: 23px;\">\n<td style=\"height: 23px;\">\n<div class=\"magic-27\">5<\/div>\n<\/td>\n<td style=\"height: 23px;\">\n<div class=\"magic-28\">Reik\u00e4n lukkorenkaat<\/div>\n<\/td>\n<td style=\"height: 23px;\">\n<div class=\"magic-29\">15<\/div>\n<\/td>\n<td style=\"height: 23px;\">\n<div class=\"magic-30\">Du Bush<\/div>\n<\/td>\n<td style=\"height: 23px;\">\n<div class=\"magic-29\">25<\/div>\n<\/td>\n<td style=\"height: 23px;\">\n<div class=\"magic-31\">Ruuvit<\/div>\n<\/td>\n<\/tr>\n<tr style=\"height: 23px;\">\n<td style=\"height: 23px;\">\n<div class=\"magic-27\">6<\/div>\n<\/td>\n<td style=\"height: 23px;\">\n<div class=\"magic-28\">O-rengas<\/div>\n<\/td>\n<td style=\"height: 23px;\">\n<div class=\"magic-29\">16<\/div>\n<\/td>\n<td style=\"height: 23px;\">\n<div class=\"magic-30\">Takarengas<\/div>\n<\/td>\n<td style=\"height: 23px;\">\n<div class=\"magic-29\">26<\/div>\n<\/td>\n<td style=\"height: 23px;\">\n<div class=\"magic-31\">M\u00e4nn\u00e4nvarsi<\/div>\n<\/td>\n<\/tr>\n<tr style=\"height: 23px;\">\n<td style=\"height: 23px;\">\n<div class=\"magic-27\">7<\/div>\n<\/td>\n<td style=\"height: 23px;\">\n<div class=\"magic-28\">Kulutusrengas<\/div>\n<\/td>\n<td style=\"height: 23px;\">\n<div class=\"magic-29\">17<\/div>\n<\/td>\n<td style=\"height: 23px;\">\n<div class=\"magic-30\">Tangon tiiviste<\/div>\n<\/td>\n<td style=\"height: 23px;\">\n<div class=\"magic-29\">27<\/div>\n<\/td>\n<td style=\"height: 23px;\">\n<div class=\"magic-31\">Pistoke<\/div>\n<\/td>\n<\/tr>\n<tr style=\"height: 23px;\">\n<td style=\"height: 23px;\">\n<div class=\"magic-27\">8<\/div>\n<\/td>\n<td style=\"height: 23px;\">\n<div class=\"magic-28\">Rei\u00e4n tiiviste<\/div>\n<\/td>\n<td style=\"height: 23px;\">\n<div class=\"magic-29\">18<\/div>\n<\/td>\n<td style=\"height: 23px;\">\n<div class=\"magic-30\">P\u00f6lynpyyhin<\/div>\n<\/td>\n<td style=\"height: 23px;\"><\/td>\n<td style=\"height: 23px;\"><\/td>\n<\/tr>\n<tr style=\"height: 23px;\">\n<td style=\"height: 23px;\">\n<div class=\"magic-27\">9<\/div>\n<\/td>\n<td style=\"height: 23px;\">\n<div class=\"magic-28\">Py\u00f6re\u00e4 lanka<\/div>\n<\/td>\n<td style=\"height: 23px;\">\n<div class=\"magic-29\">19<\/div>\n<\/td>\n<td style=\"height: 23px;\">\n<div class=\"magic-30\">Takarengas<\/div>\n<\/td>\n<td style=\"height: 23px;\"><\/td>\n<td style=\"height: 23px;\"><\/td>\n<\/tr>\n<tr style=\"height: 23px;\">\n<td style=\"height: 23px;\">\n<div class=\"magic-27\">10<\/div>\n<\/td>\n<td style=\"height: 23px;\">\n<div class=\"magic-28\">Opas Bush<\/div>\n<\/td>\n<td style=\"height: 23px;\">\n<div class=\"magic-29\">20<\/div>\n<\/td>\n<td style=\"height: 23px;\">\n<div class=\"magic-30\">O-rengas<\/div>\n<\/td>\n<td style=\"height: 23px;\"><\/td>\n<td style=\"height: 23px;\"><\/td>\n<\/tr>\n<\/tbody>\n<\/table>\n<h2><strong>Trukin lyhyen nostohydraulisylinterin mitat:<\/strong><\/h2>\n<table>\n<tbody>\n<tr>\n<td><img loading=\"lazy\" decoding=\"async\" class=\"alignnone size-full wp-image-324\" src=\"https:\/\/fmp-components.com\/wp-content\/uploads\/2024\/12\/Forklift-Short-Lifting-Hydraulic-Cylinder-Dimensions-1.webp\" alt=\"Trukin lyhyen noston hydraulisylinterin mitat\" width=\"681\" height=\"281\" title=\"\" srcset=\"https:\/\/fmp-components.com\/wp-content\/uploads\/2024\/12\/Forklift-Short-Lifting-Hydraulic-Cylinder-Dimensions-1.webp 681w, https:\/\/fmp-components.com\/wp-content\/uploads\/2024\/12\/Forklift-Short-Lifting-Hydraulic-Cylinder-Dimensions-1-480x198.webp 480w\" sizes=\"(min-width: 0px) and (max-width: 480px) 480px, (min-width: 481px) 681px, 100vw\" \/><\/td>\n<td><img loading=\"lazy\" decoding=\"async\" class=\"alignnone size-full wp-image-325\" src=\"https:\/\/fmp-components.com\/wp-content\/uploads\/2024\/12\/Forklift-Short-Lifting-Hydraulic-Cylinder-Dimensions-2.webp\" alt=\"Trukin lyhyen noston hydraulisylinterin mitat\" width=\"681\" height=\"281\" title=\"\" srcset=\"https:\/\/fmp-components.com\/wp-content\/uploads\/2024\/12\/Forklift-Short-Lifting-Hydraulic-Cylinder-Dimensions-2.webp 681w, https:\/\/fmp-components.com\/wp-content\/uploads\/2024\/12\/Forklift-Short-Lifting-Hydraulic-Cylinder-Dimensions-2-480x198.webp 480w\" sizes=\"(min-width: 0px) and (max-width: 480px) 480px, (min-width: 481px) 681px, 100vw\" \/><\/td>\n<\/tr>\n<\/tbody>\n<\/table>\n<table border=\"1\" cellspacing=\"0\" cellpadding=\"0\">\n<tbody>\n<tr>\n<td width=\"246\">Sylinterin nimi<\/td>\n<td width=\"336\">Piirustusnumero<\/td>\n<td width=\"126\">Rei\u00e4n halkaisija (D)<\/td>\n<td width=\"123\">Tangon halkaisija (d)<\/td>\n<td width=\"114\">Isku (S)<\/td>\n<td width=\"170\">Asennuset\u00e4isyys (L)<\/td>\n<td width=\"172\">Ty\u00f6paine<\/td>\n<td width=\"366\">Liit\u00e4nn\u00e4n mitat (M)<\/td>\n<td width=\"96\">Paino<\/td>\n<\/tr>\n<tr>\n<td class=\"et3\" width=\"246\" height=\"225\">Lyhyt nostosylinteri<\/td>\n<td class=\"et4\" width=\"336\">RC25N480-800000-000A<\/td>\n<td class=\"et4\" width=\"126\">\u03a675<\/td>\n<td class=\"et4\" width=\"123\">\u03a660<\/td>\n<td class=\"et4\" width=\"114\">800<\/td>\n<td class=\"et4\" width=\"170\">1065<\/td>\n<td class=\"et4\" width=\"172\">18,1 MPa<\/td>\n<td class=\"et4\" width=\"366\">M22*1.5<\/td>\n<td class=\"et4\" width=\"96\">36 kg<\/td>\n<\/tr>\n<tr>\n<td class=\"et3\" width=\"246\" height=\"225\">Lyhyt nostosylinteri<\/td>\n<td class=\"et4\">X35N480-800000-001A<\/td>\n<td class=\"et4\">\u03a695<\/td>\n<td class=\"et4\">\u03a680<\/td>\n<td class=\"et4\">800<\/td>\n<td class=\"et4\">1065<\/td>\n<td class=\"et4\">18,1 MPa<\/td>\n<td class=\"et4\">M22*1.5<\/td>\n<td class=\"et4\">48,7 kg<\/td>\n<\/tr>\n<\/tbody>\n<\/table>\n<table>\n<tbody>\n<tr>\n<td><img loading=\"lazy\" decoding=\"async\" class=\"alignnone size-full wp-image-326\" src=\"https:\/\/fmp-components.com\/wp-content\/uploads\/2024\/12\/Forklift-Short-Lifting-Hydraulic-Cylinder-Dimensions-3.webp\" alt=\"Trukin lyhyen noston hydraulisylinterin mitat\" width=\"600\" height=\"295\" title=\"\" srcset=\"https:\/\/fmp-components.com\/wp-content\/uploads\/2024\/12\/Forklift-Short-Lifting-Hydraulic-Cylinder-Dimensions-3.webp 600w, https:\/\/fmp-components.com\/wp-content\/uploads\/2024\/12\/Forklift-Short-Lifting-Hydraulic-Cylinder-Dimensions-3-480x236.webp 480w\" sizes=\"(min-width: 0px) and (max-width: 480px) 480px, (min-width: 481px) 600px, 100vw\" \/><\/td>\n<td><img loading=\"lazy\" decoding=\"async\" class=\"alignnone size-full wp-image-327\" src=\"https:\/\/fmp-components.com\/wp-content\/uploads\/2024\/12\/Forklift-Short-Lifting-Hydraulic-Cylinder-Dimensions-4.webp\" alt=\"Trukin lyhyen noston hydraulisylinterin mitat\" width=\"600\" height=\"295\" title=\"\" srcset=\"https:\/\/fmp-components.com\/wp-content\/uploads\/2024\/12\/Forklift-Short-Lifting-Hydraulic-Cylinder-Dimensions-4.webp 600w, https:\/\/fmp-components.com\/wp-content\/uploads\/2024\/12\/Forklift-Short-Lifting-Hydraulic-Cylinder-Dimensions-4-480x236.webp 480w\" sizes=\"(min-width: 0px) and (max-width: 480px) 480px, (min-width: 481px) 600px, 100vw\" \/><\/td>\n<\/tr>\n<\/tbody>\n<\/table>\n<table border=\"1\" cellspacing=\"0\" cellpadding=\"0\">\n<tbody>\n<tr>\n<td width=\"246\">Sylinterin nimi<\/td>\n<td width=\"336\">Piirustusnumero<\/td>\n<td width=\"126\">Rei\u00e4n halkaisija (D)<\/td>\n<td width=\"123\">Tangon halkaisija (d)<\/td>\n<td width=\"114\">Isku (S)<\/td>\n<td width=\"170\">Asennuset\u00e4isyys (L)<\/td>\n<td width=\"172\">Ty\u00f6paine<\/td>\n<td width=\"366\">Liit\u00e4nn\u00e4n mitat (M)<\/td>\n<td width=\"96\">Paino<\/td>\n<\/tr>\n<tr>\n<td class=\"et3\" width=\"246\" height=\"170\">Lyhyt nostosylinteri<\/td>\n<td class=\"et4\" width=\"336\">N30N450-800000-002A<\/td>\n<td class=\"et4\" width=\"126\">\u03a685<\/td>\n<td class=\"et4\" width=\"123\">\u03a670<\/td>\n<td class=\"et4\" width=\"114\">777<\/td>\n<td class=\"et4\" width=\"170\">1015<\/td>\n<td class=\"et4\" width=\"172\">18,1 MPa<\/td>\n<td class=\"et4\" width=\"366\">M22*1.5<\/td>\n<td class=\"et4\" width=\"96\">45,5 kg<\/td>\n<\/tr>\n<tr>\n<td class=\"et3\" width=\"246\" height=\"170\">Lyhyt nostosylinteri<\/td>\n<td class=\"et4\">3U3H-800000-001A<\/td>\n<td class=\"et4\">\u03a685<\/td>\n<td class=\"et4\">\u03a670<\/td>\n<td class=\"et4\">777<\/td>\n<td class=\"et4\">1015<\/td>\n<td class=\"et4\">18,1 MPa<\/td>\n<td class=\"et4\">M22*1.5<\/td>\n<td class=\"et4\">45,5 kg<\/td>\n<\/tr>\n<tr>\n<td class=\"et3\" width=\"246\" height=\"170\">Lyhyt nostosylinteri<\/td>\n<td class=\"et4\">N35N450-800000-003A<\/td>\n<td class=\"et4\">\u03a695<\/td>\n<td class=\"et4\">\u03a680<\/td>\n<td class=\"et4\">775<\/td>\n<td class=\"et4\">1013<\/td>\n<td class=\"et4\">18,1 MPa<\/td>\n<td class=\"et4\">M22*1.5<\/td>\n<td class=\"et4\">54 kg<\/td>\n<\/tr>\n<\/tbody>\n<\/table>\n<h2>Saatavilla olevat hydraulisylinterit Merkki ja mallit:<\/h2>\n<table border=\"1\" cellspacing=\"0\" cellpadding=\"0\">\n<tbody>\n<tr>\n<td><b data-spm-anchor-id=\"a2700.details.0.i43.45d84a73e99C9z\">KOMATSU (PC)<\/b><\/td>\n<td>PC30, PC40, PC50, PC56, PC60, PC78, PC100, PC110, PC120, PC130, PC160, PC200-3\/5\/6\/7\/8\/8MO, PC210, PC220-5\/6\/7\/8\/8MO, PC240, PC300\/350\/360-5\/6\/7\/8\/8MO, PC400\/450-5\/6\/7\/8\/8MO, PC800, PC850<\/td>\n<\/tr>\n<tr>\n<td><b>CATERPILLAR (E)<\/b><\/td>\n<td>E301.5, E302, E305.5, E306, E307V1\/V2\/B\/C\/D\/E\/F, E308B\/C, E120B, E312V1\/V2\/B\/C\/D, E313D2, E312D2, E315D<br \/>\nE200B,E320V1\/V2\/A\/B\/C\/D,E324D,E325C\/D,E329D,E330\/336C\/D,E345C,E349D,E365C,E374,E390<\/td>\n<\/tr>\n<tr>\n<td><b>KOBELCO (SK)<\/b><\/td>\n<td>SK60-3\/5\/8, SK75-8\/SR, SK100 ,SK120-3\/5, SK135-8\/SR, SK140-8, SK200-3\/5\/6\/6E, SK210-3\/5\/6\/6E,<br \/>\nSK230\/250-6E,SK250-8,SK260-8,SK350-8\/S8,SK460\/480-8<\/td>\n<\/tr>\n<tr>\n<td><b>HYUNDAI (R)<\/b><\/td>\n<td>R55-5\/7, R60-5\/7, R80, R110, R130, R200-5, R210-5, R215-5\/7, R220-5\/7\/9, R225-5\/7\/9, R250, R260, R265, R290, R305, R445, R485, R505<\/td>\n<\/tr>\n<tr>\n<td><b data-spm-anchor-id=\"a2700.details.0.i53.45d84a73e99C9z\">HITACHI (esim. ZX)<\/b><\/td>\n<td>EX60, EX100-1\/2\/3, EX120-1\/3\/5\/6, EX200-1\/3\/5, EX230-5, EX300-1, EX400<br \/>\nZAX60,ZAX70,ZA120-6,ZAX200\/210-1\/3\/5\/5K,ZAX240,ZAX250,ZAX260,ZAX330-3\/5\/6,ZAX450\/470,ZAX650\/670,ZAX850\/870<\/td>\n<\/tr>\n<tr>\n<td>\n<div class=\"magic-32\"><b data-spm-anchor-id=\"a2700.details.0.i55.45d84a73e99C9z\">DOOSAN (DH\/DX)<\/b><\/div>\n<\/td>\n<td>\n<div class=\"magic-33\"><span class=\"magic-34\">DH55, DH60, DH80, DH150, DH215-5\/7, DH220-5, DH225-5\/7, DH258, DH300-5\/7, DH370, DH420, DH500<br \/>\nDX55, DX60, DX75, DX130, DX225-9, DX300, DX380, DX420, DX500<\/span><\/div>\n<\/td>\n<\/tr>\n<tr>\n<td>\n<div class=\"magic-32\"><b>VOLVO (EY)<\/b><\/div>\n<\/td>\n<td>\n<div class=\"magic-33\"><span class=\"magic-34\">EC55, EC60, EC75, EC80, EC140, EC210B\/D, EC220D, EC240, EC250, EC290, EC300, EC360, EC380, EC460, EC480, EC700, EC750, EC950<\/span><\/div>\n<\/td>\n<\/tr>\n<tr>\n<td>\n<div class=\"magic-32\"><b>KATO (HD)<\/b><\/div>\n<\/td>\n<td>\n<div class=\"magic-33\"><span class=\"magic-34\">HD307\/308, HD450, HD512, HD700-5\/7, HD820-1\/2\/3\/5\/R, HD1023-1\/3, HD1430-1\/3<\/span><\/div>\n<\/td>\n<\/tr>\n<tr>\n<td>\n<div class=\"magic-32\"><b>MUU MERKKI<\/b><\/div>\n<\/td>\n<td>\n<div class=\"magic-33\"><span class=\"magic-34\">XCMG,LIUGONG,KUBOTA,CASE,YANMAR,SUNWARD,ZOOMLION,LISHIDE,LIEHERR<\/span><\/div>\n<\/td>\n<\/tr>\n<\/tbody>\n<\/table>\n<h3>Trukin lyhyen nostohydraulisylinterin ominaisuudet<\/h3>\n<p><strong>Kompakti muotoilu tilank\u00e4yt\u00f6n tehostamiseksi<\/strong><br \/>\nTrukin lyhytnostosylinteri on suunniteltu kompaktiksi, joten se sopii erinomaisesti sovelluksiin, joissa tilaa on rajoitetusti. Lyhyempi iskunpituus ja pienempi koko mahdollistavat sen sopimisen ahtaisiin tiloihin, kuten kapeisiin k\u00e4yt\u00e4viin tai ahtaisiin ty\u00f6skentelyalueisiin varastoissa ja varastotiloissa. T\u00e4m\u00e4 tilaa s\u00e4\u00e4st\u00e4v\u00e4 ominaisuus mahdollistaa trukkien tehokkaan k\u00e4yt\u00f6n ymp\u00e4rist\u00f6iss\u00e4, joissa perinteiset nostosylinterit saattavat olla liian suuria tai hankalia.<\/p>\n<p><strong>Suuri nostokapasiteetti pienest\u00e4 koosta huolimatta<\/strong><br \/>\nKompaktista rakenteestaan \u200b\u200bhuolimatta trukin lyhytnostosylinteri on suunniteltu tarjoamaan suuren nostokapasiteetin. Se tarjoaa tarvittavan tehon keskikokoisten kuormien tarkkaan nostamiseen ja laskemiseen, joten se soveltuu monenlaisten materiaalien ja tavaroiden k\u00e4sittelyyn. T\u00e4m\u00e4 lujuuden ja kompaktiuden tasapaino mahdollistaa tehokkaan kuormank\u00e4sittelyn pienemmiss\u00e4 tai rajoitetuissa ymp\u00e4rist\u00f6iss\u00e4 suorituskyvyst\u00e4 tinkim\u00e4tt\u00e4.<\/p>\n<p><strong>Sujuva ja hallittu toiminta<\/strong><br \/>\nTrukin lyhyt nostosylinteri varmistaa sujuvat ja hallitut nosto- ja laskuliikkeet, mik\u00e4 edist\u00e4\u00e4 turvallista ja tehokasta toimintaa. Se mahdollistaa asteittaiset ja tarkat s\u00e4\u00e4d\u00f6t kuormia k\u00e4sitelt\u00e4ess\u00e4, mik\u00e4 minimoi nykivien liikkeiden tai \u00e4killisten siirtymien riskin, jotka voisivat horjuttaa kuormaa. T\u00e4m\u00e4 ominaisuus on erityisen t\u00e4rke\u00e4 ymp\u00e4rist\u00f6iss\u00e4, joissa vaaditaan herkk\u00e4\u00e4 k\u00e4sittely\u00e4 tai kuorman huolellista sijoittelua.<\/p>\n<p><strong>Kest\u00e4vyys ja luotettavuus<\/strong><br \/>\nKest\u00e4vist\u00e4 materiaaleista valmistettu ja s\u00e4\u00e4nn\u00f6llisen, raskaan k\u00e4yt\u00f6n tarpeisiin suunniteltu trukin lyhytnostosylinteri tarjoaa pitk\u00e4ik\u00e4ist\u00e4 suorituskyky\u00e4. Se kest\u00e4\u00e4 vaativia olosuhteita, kuten jatkuvaa painetta ja tiheit\u00e4 nostojaksoja, mik\u00e4 tekee siit\u00e4 luotettavan komponentin p\u00e4ivitt\u00e4iseen k\u00e4ytt\u00f6\u00f6n. Sen kest\u00e4v\u00e4 rakenne varmistaa, ett\u00e4 se voi toimia tehokkaasti ajan mittaan minimaalisella huollolla.<\/p>\n<p><strong>Parannettu ohjattavuus ahtaissa tiloissa<\/strong><br \/>\nTrukin lyhyen noston hydraulisylinterin kompakti rakenne ja korkea hy\u00f6tysuhde parantavat trukkien ohjattavuutta ahtaissa tai ruuhkaisissa tiloissa. T\u00e4m\u00e4n sylinterin avulla trukit voivat suorittaa nostotoimintoja kapeissa k\u00e4yt\u00e4vill\u00e4, pienemmiss\u00e4 varastotiloissa tai rajoitetusti korkeilla alueilla, joten se on ihanteellinen valinta ymp\u00e4rist\u00f6ihin, kuten kompakteihin varastoihin, v\u00e4hitt\u00e4iskaupan varastotiloihin tai pieniin tuotantotiloihin.<\/p>\n<h3>Tietoja FMP:st\u00e4<\/h3>\n<p>FMP on hydraulisylintereihin erikoistunut valmistaja, joka keskittyy vahvasti tutkimukseen ja tuotantoon. Perustamisestaan \u200b\u200bl\u00e4htien yritys on johdonmukaisesti keskittynyt hydraulisylintereiden kehitt\u00e4miseen ja kehittynyt erilaisten tuotteiden, kuten sadonkorjuu- ja rakennuskoneiden, tuotannosta maataloustraktorien komponentteihin erikoistumiseen. Yli vuosikymmenen valmistusosaamisen, johtamiskokemuksen ja edistyneen tuotantoteknologian ansiosta FMP takaa tuotteidensa korkeimman laadun.<\/p>\n<p>Yrityksen kasvaessa ammatillisesti se on perustanut kattavan koneistuslinjan, kokoonpanolinjan ja pinnoituslinjan. FMP:t\u00e4 tukee omistautunut tiimi, johon kuuluu kokeneita johtohenkil\u00f6it\u00e4, taitavia mekaanisia suunnittelijoita ja korkeasti koulutettuja teknisi\u00e4 ty\u00f6ntekij\u00f6it\u00e4. T\u00e4m\u00e4 varmistaa vakaan tuotteen laadun samalla, kun prosessin jatkuvuutta ja tuotannon yleist\u00e4 tehokkuutta hallitaan tehokkaasti.<\/p>\n<p>FMP noudattaa ydinarvoja, jotka ovat \u201dTeknologinen innovaatio edistyksen vauhdittajana, laatua luovat br\u00e4ndit, laadun varmistava k\u00e4sity\u00f6taito ja pitk\u00e4aikaisten, molempia osapuolia hy\u00f6dytt\u00e4vien suhteiden rakentaminen\u201d. Yritys on edelleen sitoutunut tarjoamaan korkealaatuisia tuotteita ja samalla erinomaista asiakaspalvelua pyrkien aina vastaamaan markkinoiden kehittyviin tarpeisiin.<\/p>\n<p><img loading=\"lazy\" decoding=\"async\" class=\"alignnone wp-image-303\" src=\"https:\/\/fmp-components.com\/wp-content\/uploads\/2024\/12\/hydraulic-cylinder-factory-11_1.webp\" alt=\"hydraulisylinteritehdas\" width=\"917\" height=\"1003\" title=\"\" srcset=\"https:\/\/fmp-components.com\/wp-content\/uploads\/2024\/12\/hydraulic-cylinder-factory-11_1.webp 917w, https:\/\/fmp-components.com\/wp-content\/uploads\/2024\/12\/hydraulic-cylinder-factory-11_1-480x525.webp 480w\" sizes=\"(min-width: 0px) and (max-width: 480px) 480px, (min-width: 481px) 917px, 100vw\" \/><\/p>\n<table style=\"width: 100%;\" border=\"1\" width=\"100%\" cellspacing=\"0\" cellpadding=\"0\">\n<tbody>\n<tr>\n<td style=\"width: 41.9294%;\" width=\"226\"><img loading=\"lazy\" decoding=\"async\" class=\"alignnone size-full wp-image-309\" src=\"https:\/\/fmp-components.com\/wp-content\/uploads\/2024\/12\/Forklift-Tilt-Hydraulic-Cylinder.webp\" alt=\"Trukin kallistushydraulinen sylinteri\" width=\"1000\" height=\"750\" title=\"\" srcset=\"https:\/\/fmp-components.com\/wp-content\/uploads\/2024\/12\/Forklift-Tilt-Hydraulic-Cylinder.webp 1000w, https:\/\/fmp-components.com\/wp-content\/uploads\/2024\/12\/Forklift-Tilt-Hydraulic-Cylinder-980x735.webp 980w, https:\/\/fmp-components.com\/wp-content\/uploads\/2024\/12\/Forklift-Tilt-Hydraulic-Cylinder-480x360.webp 480w\" sizes=\"(min-width: 0px) and (max-width: 480px) 480px, (min-width: 481px) and (max-width: 980px) 980px, (min-width: 981px) 1000px, 100vw\" \/><\/td>\n<td style=\"width: 55.6484%;\" width=\"64\"><img loading=\"lazy\" decoding=\"async\" class=\"alignnone wp-image-283\" src=\"https:\/\/fmp-components.com\/wp-content\/uploads\/2024\/12\/hydraulic-cylinder-factory-5.webp\" alt=\"hydraulisylinteritehdas\" width=\"542\" height=\"312\" title=\"\"><\/td>\n<\/tr>\n<\/tbody>\n<\/table>\n<p>Tekij\u00e4: CX<\/p>","protected":false},"excerpt":{"rendered":"<p>Trukin lyhytnostosylinteri on suunniteltu erityisesti kompakteihin ja tehokkaisiin nostotoimintoihin ahtaissa tiloissa. Lyhyemm\u00e4n iskunpituuden ja kompaktin rakenteensa ansiosta t\u00e4m\u00e4ntyyppinen hydraulisylinteri sopii erinomaisesti trukkeihin, joiden on toimittava ahtaissa tiloissa, joissa perinteiset pitk\u00e4nostosylinterit eiv\u00e4t v\u00e4ltt\u00e4m\u00e4tt\u00e4 sovi tai ole tehokkaita. Pienest\u00e4 koostaan \u200b\u200bhuolimatta lyhytnostosylinteri tarjoaa tarvittavan nostovoiman keskiraskaiden kuormien k\u00e4sittelyyn tarkasti ja vakaasti. Se varmistaa tasaisen ja hallitun nostamisen, joten se sopii t\u00e4ydellisesti k\u00e4ytett\u00e4v\u00e4ksi varastoissa, joissa on kapeat k\u00e4yt\u00e4v\u00e4t, tai pienempien kuormien k\u00e4sittelyyn, joissa tilans\u00e4\u00e4st\u00f6 ja hyv\u00e4 ohjattavuus ovat keskeisi\u00e4 prioriteetteja.<\/p>","protected":false},"featured_media":331,"comment_status":"open","ping_status":"closed","template":"","meta":{"_et_pb_use_builder":"","_et_pb_old_content":"","_et_gb_content_width":""},"product_brand":[],"product_cat":[20],"product_tag":[],"class_list":{"0":"post-323","1":"product","2":"type-product","3":"status-publish","4":"has-post-thumbnail","6":"product_cat-forklift-hydraulic-cylinders","8":"first","9":"instock","10":"shipping-taxable","11":"product-type-simple"},"_links":{"self":[{"href":"https:\/\/fmp-components.com\/fi\/wp-json\/wp\/v2\/product\/323","targetHints":{"allow":["GET"]}}],"collection":[{"href":"https:\/\/fmp-components.com\/fi\/wp-json\/wp\/v2\/product"}],"about":[{"href":"https:\/\/fmp-components.com\/fi\/wp-json\/wp\/v2\/types\/product"}],"replies":[{"embeddable":true,"href":"https:\/\/fmp-components.com\/fi\/wp-json\/wp\/v2\/comments?post=323"}],"wp:featuredmedia":[{"embeddable":true,"href":"https:\/\/fmp-components.com\/fi\/wp-json\/wp\/v2\/media\/331"}],"wp:attachment":[{"href":"https:\/\/fmp-components.com\/fi\/wp-json\/wp\/v2\/media?parent=323"}],"wp:term":[{"taxonomy":"product_brand","embeddable":true,"href":"https:\/\/fmp-components.com\/fi\/wp-json\/wp\/v2\/product_brand?post=323"},{"taxonomy":"product_cat","embeddable":true,"href":"https:\/\/fmp-components.com\/fi\/wp-json\/wp\/v2\/product_cat?post=323"},{"taxonomy":"product_tag","embeddable":true,"href":"https:\/\/fmp-components.com\/fi\/wp-json\/wp\/v2\/product_tag?post=323"}],"curies":[{"name":"wp","href":"https:\/\/api.w.org\/{rel}","templated":true}]}}