{"id":3185,"date":"2025-01-05T05:56:59","date_gmt":"2025-01-05T05:56:59","guid":{"rendered":"https:\/\/fmp-components.com\/?page_id=8"},"modified":"2025-01-06T02:16:30","modified_gmt":"2025-01-06T02:16:30","slug":"corn-header-gearbox-replacement-of-comer-code-t-304a","status":"publish","type":"product","link":"https:\/\/fmp-components.com\/fi\/product\/corn-header-gearbox-replacement-of-comer-code-t-304a\/","title":{"rendered":"Maissip\u00f6yd\u00e4n vaihteisto \u2013 Comer-koodin T-304A vaihto"},"content":{"rendered":"<h2>Maissin leikkuup\u00f6yd\u00e4n vaihteiston T-304A tekniset tiedot<\/h2>\n<p><img loading=\"lazy\" decoding=\"async\" class=\"alignnone size-full wp-image-3187\" src=\"https:\/\/fmp-components.com\/wp-content\/uploads\/2025\/01\/corn-header-gearbox-specification-t304a.webp\" alt=\"maissi-leikkuupuimurin-vaihteiston-spesifikaatio-t304a\" width=\"971\" height=\"483\" title=\"\" srcset=\"https:\/\/fmp-components.com\/wp-content\/uploads\/2025\/01\/corn-header-gearbox-specification-t304a.webp 971w, https:\/\/fmp-components.com\/wp-content\/uploads\/2025\/01\/corn-header-gearbox-specification-t304a-480x239.webp 480w\" sizes=\"(min-width: 0px) and (max-width: 480px) 480px, (min-width: 481px) 971px, 100vw\" \/><\/p>\n<table class=\"kh-1xzm1su\" border=\"1\" data-intent=\"lists-product-attributes\" data-test-id=\"attributes-list\">\n<tbody class=\"kh-1ago99h\">\n<tr id=\"attProductDetails\" class=\"kh-bwvum6\" data-test-id=\"attribute-row\">\n<th class=\"kh-10oizfy\">Tuotetiedot<\/th>\n<td class=\"kh-1f5nhat\">\n<ul>\n<li class=\"kh-16zd49f\">Kaikki vaihteistot toimitetaan ilman \u00f6ljy\u00e4.<\/li>\n<li class=\"kh-16zd49f\">Ensimm\u00e4inen \u00f6ljynvaihto 50\u201370 k\u00e4ytt\u00f6tunnin j\u00e4lkeen, sen j\u00e4lkeen 500\u2013700 k\u00e4ytt\u00f6tunnin j\u00e4lkeen tai v\u00e4hint\u00e4\u00e4n kerran vuodessa.<\/li>\n<li class=\"kh-16zd49f\">Ota meihin yhteytt\u00e4, jos haluat tehoa eri kierrosluvulla.<\/li>\n<\/ul>\n<\/td>\n<\/tr>\n<tr id=\"attApplicationRange\" class=\"kh-bwvum6\" data-test-id=\"attribute-row\">\n<th class=\"kh-10oizfy\">K\u00e4ytt\u00f6alue<\/th>\n<td class=\"kh-1f5nhat\">\n<ul>\n<li class=\"kh-16zd49f\">Erilaisia \u200b\u200b(maatalouden) sovelluksia<\/li>\n<li class=\"kh-16zd49f\">Rei\u00e4npora<\/li>\n<\/ul>\n<\/td>\n<\/tr>\n<tr id=\"attConsistsOf\" class=\"kh-bwvum6\" data-test-id=\"attribute-row\">\n<th class=\"kh-10oizfy\">Koostuu<\/th>\n<td class=\"kh-1f5nhat\">\n<ul>\n<li class=\"kh-16zd49f\">Vaihteisto<\/li>\n<li class=\"kh-16zd49f\">Ilman \u00f6ljy\u00e4<\/li>\n<\/ul>\n<\/td>\n<\/tr>\n<\/tbody>\n<\/table>\n<h2>Maissip\u00f6yd\u00e4n vaihdelaatikoiden ominaisuudet<\/h2>\n<ol>\n<li><strong>Suuri v\u00e4\u00e4nt\u00f6momentti<\/strong><br \/>\nMaissinleikkuup\u00f6yd\u00e4n vaihteistot on suunniteltu k\u00e4sittelem\u00e4\u00e4n suuria v\u00e4\u00e4nt\u00f6momentteja, mik\u00e4 varmistaa tehokkaan voimansiirron traktorista leikkuup\u00f6yd\u00e4n mekanismiin. T\u00e4m\u00e4 on erityisen t\u00e4rke\u00e4\u00e4 maissinkorjuussa, koska vaihteiston on kestett\u00e4v\u00e4 sadon leikkaamisen ja ker\u00e4\u00e4misen mekaaninen rasitus.<\/li>\n<li><strong>Kest\u00e4v\u00e4 rakenne<\/strong><br \/>\nKest\u00e4vist\u00e4 materiaaleista, kuten korkealaatuisesta ter\u00e4ksest\u00e4 tai valuraudasta, valmistetut maissinleikkuup\u00f6yd\u00e4n vaihteistot on suunniteltu kest\u00e4viksi ja pitk\u00e4ik\u00e4isiksi. N\u00e4m\u00e4 vaihteistot pystyv\u00e4t toimimaan vaativissa maatalousymp\u00e4rist\u00f6iss\u00e4, kest\u00e4m\u00e4\u00e4n ankaria s\u00e4\u00e4olosuhteita ja pitki\u00e4 k\u00e4ytt\u00f6tunteja.<\/li>\n<li><strong>Tarkkuustekniikka<\/strong><br \/>\nMaissip\u00f6yd\u00e4n vaihteistot on suunniteltu tarkasti sujuvan ja luotettavan toiminnan varmistamiseksi. Vaihteiston hammaspy\u00f6r\u00e4t on valmistettu tiukoilla toleransseilla, mik\u00e4 v\u00e4hent\u00e4\u00e4 kitkaa ja lis\u00e4\u00e4 tehokkuutta ja parantaa siten koko sadonkorjuuj\u00e4rjestelm\u00e4n suorituskyky\u00e4.<\/li>\n<li><strong>Kompakti ja tehokas muotoilu<\/strong><br \/>\nN\u00e4m\u00e4 vaihteistot ovat kompakteja mutta tehokkaita, mink\u00e4 ansiosta ne sopivat erinomaisesti maissinkorjuukoneiden integrointiin ahtaissa tiloissa. Pienest\u00e4 koostaan \u200b\u200bhuolimatta ne on suunniteltu k\u00e4sittelem\u00e4\u00e4n merkitt\u00e4vi\u00e4 tehokuormia s\u00e4ilytt\u00e4en samalla toiminnan tehokkuuden.<\/li>\n<li><strong>Vaihteiden v\u00e4lityssuhteet<\/strong><br \/>\nMaissip\u00f6yd\u00e4n vaihteistoissa on tyypillisesti maissin korjuun tarpeisiin optimoidut v\u00e4lityssuhteet. Oikea v\u00e4lityssuhde varmistaa oikean nopeuden ja tehon leikkuu- ja keruutoimintoihin sopivaksi, mik\u00e4 parantaa leikkuup\u00f6yd\u00e4n kokonaistuottavuutta ja suorituskyky\u00e4.<\/li>\n<\/ol>\n<p>Yhteenvetona voidaan todeta, ett\u00e4 nivelakselit ovat olennaisia \u200b\u200bosia, jotka yhdist\u00e4v\u00e4t traktorin maissip\u00f6yd\u00e4n vaihteistoon ja mahdollistavat tehokkaan voimansiirron sadonkorjuuprosessissa. Oikea nivelakseli varmistaa luotettavan, turvallisen ja tehokkaan toiminnan, mik\u00e4 lis\u00e4\u00e4 tuottavuutta ja v\u00e4hent\u00e4\u00e4 seisokkiaikoja sadonkorjuun aikana.<\/p>\n<p><img loading=\"lazy\" decoding=\"async\" class=\"wp-image-3186 aligncenter\" src=\"https:\/\/fmp-components.com\/wp-content\/uploads\/2025\/01\/corn-header-gearbox-t304a1.webp\" alt=\"maissi-leikkuup\u00f6yd\u00e4n-vaihteisto-t304a(1)\" width=\"576\" height=\"576\" title=\"\" srcset=\"https:\/\/fmp-components.com\/wp-content\/uploads\/2025\/01\/corn-header-gearbox-t304a1.webp 300w, https:\/\/fmp-components.com\/wp-content\/uploads\/2025\/01\/corn-header-gearbox-t304a1-150x150.webp 150w, https:\/\/fmp-components.com\/wp-content\/uploads\/2025\/01\/corn-header-gearbox-t304a1-12x12.webp 12w, https:\/\/fmp-components.com\/wp-content\/uploads\/2025\/01\/corn-header-gearbox-t304a1-100x100.webp 100w\" sizes=\"(max-width: 576px) 100vw, 576px\" \/><\/p>\n<h3><strong>Maissip\u00f6yd\u00e4n vaihteiston nivelakselit<\/strong><\/h3>\n<p>Voimanottoakselit ovat kriittisi\u00e4 osia, joita k\u00e4ytet\u00e4\u00e4n mekaanisen voiman siirt\u00e4miseen traktorin moottorista maissip\u00f6yd\u00e4n vaihteistoon. Voimanottoakseli yhdist\u00e4\u00e4 traktorin voimanoton ulostulon maissip\u00f6yd\u00e4n vaihteistoon, jolloin voima siirtyy tehokkaasti leikkuu- ja ker\u00e4ysmekanismeille. T\u00e4ss\u00e4 on yleiskatsaus ominaisuuksista ja huomioon otettavista asioista maissip\u00f6yd\u00e4n vaihteistojen voimanottoakseleita valittaessa:<\/p>\n<ol>\n<li><strong>Suuren v\u00e4\u00e4nt\u00f6momentin vaihteisto<\/strong><br \/>\nMaissip\u00f6yd\u00e4n vaihteistojen nivelakselit on suunniteltu k\u00e4sittelem\u00e4\u00e4n suuria v\u00e4\u00e4nt\u00f6momentteja, joita tarvitaan maissip\u00f6yd\u00e4n leikkaus-, keruu- ja puintimekanismien k\u00e4ytt\u00f6\u00f6n. Akselin on siirrett\u00e4v\u00e4 huomattava teho traktorista vaihteistoon samalla, kun se toimii tasaisesti.<\/li>\n<li><strong>Kest\u00e4vyys ja lujuus<\/strong><br \/>\nN\u00e4m\u00e4 nivelakselit on valmistettu korkealaatuisista materiaaleista, kuten erikoislujuuster\u00e4ksest\u00e4 tai metalliseoksista, ja ne on suunniteltu kest\u00e4m\u00e4\u00e4n pitk\u00e4\u00e4 k\u00e4ytt\u00f6ik\u00e4\u00e4. Ne on suunniteltu kest\u00e4m\u00e4\u00e4n kulumista maatalouskoneiden raskaassa k\u00e4yt\u00f6ss\u00e4, mik\u00e4 varmistaa pitk\u00e4n k\u00e4ytt\u00f6i\u00e4n.<\/li>\n<li><strong>Yleinen yhteensopivuus<\/strong><br \/>\nMaissip\u00f6yd\u00e4n vaihteistojen nivelakseleissa on usein murrosnivelet, mink\u00e4 ansiosta ne ovat yhteensopivia useiden traktorimallien ja maissip\u00f6yd\u00e4n merkkien kanssa. T\u00e4m\u00e4 mukautuvuus varmistaa, ett\u00e4 nivelakseli voidaan helposti integroida erilaisiin koneisiin ja k\u00e4ytt\u00f6j\u00e4rjestelmiin.<\/li>\n<li><strong>Joustavuus ja s\u00e4\u00e4dett\u00e4vyys<\/strong><br \/>\nVoimanottoakseleissa on usein teleskooppiosat, jotka tarjoavat joustavuutta ja helppoa s\u00e4\u00e4t\u00f6\u00e4. T\u00e4m\u00e4n ominaisuuden avulla k\u00e4ytt\u00e4j\u00e4t voivat s\u00e4\u00e4t\u00e4\u00e4 akselin pituutta traktorin ja leikkuup\u00f6yd\u00e4n v\u00e4listen et\u00e4isyyksien mukaan, mik\u00e4 helpottaa oikeaa linjausta ja v\u00e4hent\u00e4\u00e4 akseliin ja vaihteistoon kohdistuvaa rasitusta.<\/li>\n<li><strong>Tehokas voimansiirto<\/strong><br \/>\nN\u00e4m\u00e4 akselit on suunniteltu minimoimaan energiah\u00e4vikki voimansiirron aikana. Hyvin suunniteltu nivelakseli varmistaa, ett\u00e4 traktorin moottorin maksimaalinen teho v\u00e4littyy tehokkaasti maissinleikkuup\u00f6yd\u00e4n vaihteistoon, mik\u00e4 parantaa sadonkorjuuprosessin kokonaistehokkuutta.<\/li>\n<\/ol>\n<p>Yhteenvetona voidaan todeta, ett\u00e4 nivelakselit ovat olennaisia \u200b\u200bosia, jotka yhdist\u00e4v\u00e4t traktorin maissip\u00f6yd\u00e4n vaihteistoon ja mahdollistavat tehokkaan voimansiirron sadonkorjuuprosessissa. Oikea nivelakseli varmistaa luotettavan, turvallisen ja tehokkaan toiminnan, mik\u00e4 lis\u00e4\u00e4 tuottavuutta ja v\u00e4hent\u00e4\u00e4 seisokkiaikoja sadonkorjuun aikana.<\/p>\n<p><img loading=\"lazy\" decoding=\"async\" class=\"wp-image-3188 aligncenter\" src=\"https:\/\/fmp-components.com\/wp-content\/uploads\/2025\/01\/corn-header-gearbox-t304a-11.webp\" alt=\"maissi-leikkuup\u00f6yd\u00e4n-vaihteisto-t304a-1(1)\" width=\"690\" height=\"690\" title=\"\" srcset=\"https:\/\/fmp-components.com\/wp-content\/uploads\/2025\/01\/corn-header-gearbox-t304a-11.webp 300w, https:\/\/fmp-components.com\/wp-content\/uploads\/2025\/01\/corn-header-gearbox-t304a-11-150x150.webp 150w, https:\/\/fmp-components.com\/wp-content\/uploads\/2025\/01\/corn-header-gearbox-t304a-11-12x12.webp 12w, https:\/\/fmp-components.com\/wp-content\/uploads\/2025\/01\/corn-header-gearbox-t304a-11-100x100.webp 100w\" sizes=\"(max-width: 690px) 100vw, 690px\" \/><\/p>\n<h3>Tietoja FMP:st\u00e4<\/h3>\n<p>Italiassa p\u00e4\u00e4konttoriaan pit\u00e4v\u00e4 FMP on merkitt\u00e4v\u00e4 valmistaja, joka tunnetaan asiantuntemuksestaan \u200b\u200btehokkaiden vaihteistojen suunnittelussa, kehitt\u00e4misess\u00e4 ja valmistuksessa. Yrityksen p\u00e4\u00e4paino on maatalouskonesektorilla. Tarkkuudestaan, innovatiivisista ratkaisuistaan \u200b\u200bja tasaisesta luotettavuudestaan \u200b\u200btunnettu FMP on vakiinnuttanut asemansa luotettavana kumppanina sek\u00e4 maatalous- ett\u00e4 teollisuusmarkkinoilla. Monipuolinen tuotevalikoimamme sis\u00e4lt\u00e4\u00e4 mittatilausty\u00f6n\u00e4 valmistettuja vaihteistoja ruohonleikkureille, nivelakseleille ja laajan valikoiman muita kriittisi\u00e4 komponentteja, joista jokainen on suunniteltu huolellisesti vastaamaan erilaisten sovellusten erityisvaatimuksiin.<\/p>\n<p>FMP:ll\u00e4 ymm\u00e4rr\u00e4mme, ett\u00e4 jokainen asiakas kohtaa ainutlaatuisia haasteita. T\u00e4m\u00e4 ymm\u00e4rrys ohjaa sitoutumistamme r\u00e4\u00e4t\u00e4l\u00f6ityjen ratkaisujen toimittamiseen, olipa kyse sitten yksitt\u00e4isist\u00e4 komponenteista tai t\u00e4ysin integroiduista j\u00e4rjestelmist\u00e4. Ty\u00f6skentelem\u00e4ll\u00e4 tiiviisti asiakkaidemme kanssa varmistamme, ett\u00e4 jokainen ratkaisu ei ainoastaan \u200b\u200bvastaa heid\u00e4n erityistarpeitaan, vaan my\u00f6s optimoi suorituskyvyn ja maksimoi arvon. Omistautumisemme oikea-aikaisiin ja ammattimaisiin vastauksiin sek\u00e4 asiantuntevaan ohjaukseen varmistaa, ett\u00e4 jokainen tiedustelu k\u00e4sitell\u00e4\u00e4n tarkasti ja ett\u00e4 tulokset ovat johdonmukaisesti optimaalisia.<\/p>\n<p>Painotamme vahvasti l\u00e4pin\u00e4kyv\u00e4\u00e4 ja jatkuvaa viestint\u00e4\u00e4 koko tuotekehityssyklin ajan. Omistautunut tiimimme tekee tiivist\u00e4 yhteisty\u00f6t\u00e4 asiakkaiden kanssa ymm\u00e4rt\u00e4\u00e4kseen t\u00e4ysin heid\u00e4n vaatimuksensa ja tarjotakseen arvokkaita n\u00e4kemyksi\u00e4 ja suosituksia parhaiden tulosten saavuttamiseksi. Olipa kyse sitten huippuluokan tuotteiden suunnittelusta tai rutiinitilausten t\u00e4ytt\u00e4misest\u00e4, FMP on sitoutunut toimittamaan korkealaatuisia, tarkasti suunniteltuja ratkaisuja ajallaan, joka kerta. Tavoitteenamme on ylitt\u00e4\u00e4 asiakkaiden odotukset tarjoamalla poikkeuksellista palvelua ja tuloksia jokaisessa projektissa.<\/p>\n<p>FMP:n toiminnan ytimess\u00e4 on vankkumaton sitoutuminen laatuun. Noudatamme korkeimpia valmistusstandardeja ja k\u00e4yt\u00e4mme tiukkoja laadunvalvontaprosesseja varmistaaksemme, ett\u00e4 jokainen tuote ei ainoastaan \u200b\u200bvastaa alan standardeja, vaan ylitt\u00e4\u00e4 ne. T\u00e4m\u00e4 horjumaton keskittyminen erinomaisuuteen yhdistettyn\u00e4 ydinarvoihimme, kuten rehellisyyteen, tiimity\u00f6h\u00f6n ja sinnikkyyteen, on mahdollistanut pitk\u00e4aikaisten ja luottamukseen perustuvien asiakassuhteiden rakentamisen l\u00e4hes 30 maassa maailmanlaajuisesti.<\/p>\n<p>FMP:ll\u00e4 olemme aina valmiita edist\u00e4m\u00e4\u00e4n globaaleja kumppanuuksia tarjoamalla asiantuntevaa neuvontaa ja r\u00e4\u00e4t\u00e4l\u00f6ityj\u00e4 ratkaisuja, jotka vastaavat asiakkaidemme jatkuvasti kehittyviin tarpeisiin. Pyrimme rakentamaan pitk\u00e4aikaisia, molempia osapuolia hy\u00f6dytt\u00e4vi\u00e4 suhteita, jotka edist\u00e4v\u00e4t jokaisen projektin onnistumista. Etsitp\u00e4 sitten innovatiivisia ratkaisuja uuteen aloitteeseen tai jatkuvaa tukea olemassa olevalle j\u00e4rjestelm\u00e4lle, FMP on valmis auttamaan sinua voittamaan tekniset haasteet ja varmistamaan jatkuvan menestyksesi.<\/p>\n<p><img loading=\"lazy\" decoding=\"async\" class=\"alignnone wp-image-2695\" src=\"https:\/\/fmp-components.com\/wp-content\/uploads\/2025\/01\/agricultural-gearbox3.webp\" alt=\"maatalousvaihteisto\" width=\"1140\" height=\"1138\" title=\"\" srcset=\"https:\/\/fmp-components.com\/wp-content\/uploads\/2025\/01\/agricultural-gearbox3.webp 1140w, https:\/\/fmp-components.com\/wp-content\/uploads\/2025\/01\/agricultural-gearbox3-480x479.webp 480w\" sizes=\"(min-width: 0px) and (max-width: 480px) 480px, (min-width: 481px) 1140px, 100vw\" \/><\/p>\n<p>Tekij\u00e4: CX<\/p>","protected":false},"excerpt":{"rendered":"<p>Maissinleikkuup\u00f6yd\u00e4n vaihteiston T-304A tekniset tiedot Tuotetiedot Kaikki vaihteistot toimitetaan ilman \u00f6ljy\u00e4. Ensimm\u00e4inen \u00f6ljynvaihto 50\u201370 k\u00e4ytt\u00f6tunnin j\u00e4lkeen, sen j\u00e4lkeen 500\u2013700 k\u00e4ytt\u00f6tunnin j\u00e4lkeen tai v\u00e4hint\u00e4\u00e4n kerran vuodessa. Ota yhteytt\u00e4, jos haluat tehoa eri kierrosluvulla. K\u00e4ytt\u00f6alue Erilaiset (maatalous)sovellukset Rei\u00e4nporauslaite Koostuu vaihteistosta Ilman \u00f6ljy\u00e4 Maissin ominaisuudet [\u2026]<\/p>","protected":false},"featured_media":3186,"comment_status":"open","ping_status":"closed","template":"","meta":{"_et_pb_use_builder":"","_et_pb_old_content":"","_et_gb_content_width":""},"product_brand":[],"product_cat":[78],"product_tag":[],"class_list":{"0":"post-3185","1":"product","2":"type-product","3":"status-publish","4":"has-post-thumbnail","6":"product_cat-gearbox-for-agricultural-machinery","8":"first","9":"instock","10":"shipping-taxable","11":"product-type-simple"},"_links":{"self":[{"href":"https:\/\/fmp-components.com\/fi\/wp-json\/wp\/v2\/product\/3185","targetHints":{"allow":["GET"]}}],"collection":[{"href":"https:\/\/fmp-components.com\/fi\/wp-json\/wp\/v2\/product"}],"about":[{"href":"https:\/\/fmp-components.com\/fi\/wp-json\/wp\/v2\/types\/product"}],"replies":[{"embeddable":true,"href":"https:\/\/fmp-components.com\/fi\/wp-json\/wp\/v2\/comments?post=3185"}],"wp:featuredmedia":[{"embeddable":true,"href":"https:\/\/fmp-components.com\/fi\/wp-json\/wp\/v2\/media\/3186"}],"wp:attachment":[{"href":"https:\/\/fmp-components.com\/fi\/wp-json\/wp\/v2\/media?parent=3185"}],"wp:term":[{"taxonomy":"product_brand","embeddable":true,"href":"https:\/\/fmp-components.com\/fi\/wp-json\/wp\/v2\/product_brand?post=3185"},{"taxonomy":"product_cat","embeddable":true,"href":"https:\/\/fmp-components.com\/fi\/wp-json\/wp\/v2\/product_cat?post=3185"},{"taxonomy":"product_tag","embeddable":true,"href":"https:\/\/fmp-components.com\/fi\/wp-json\/wp\/v2\/product_tag?post=3185"}],"curies":[{"name":"wp","href":"https:\/\/api.w.org\/{rel}","templated":true}]}}