{"id":3178,"date":"2025-01-05T05:37:53","date_gmt":"2025-01-05T05:37:53","guid":{"rendered":"https:\/\/fmp-components.com\/?page_id=8"},"modified":"2025-01-05T05:37:53","modified_gmt":"2025-01-05T05:37:53","slug":"corn-header-gearbox-replacement-of-comer-code-n669-j","status":"publish","type":"product","link":"https:\/\/fmp-components.com\/fi\/product\/corn-header-gearbox-replacement-of-comer-code-n669-j\/","title":{"rendered":"Maissip\u00f6yd\u00e4n vaihteisto \u2013 Comer-koodin N669-J vaihto"},"content":{"rendered":"<h2>Tiedot maissinleikkurin vaihdelaatikosta<\/h2>\n<table style=\"width: 98.2981%; height: 363px;\" border=\"1\">\n<tbody>\n<tr>\n<td><strong><span class=\"attr-name J-attr-name\" title=\"Tuotteen nimi\">Tuotteen nimi:<\/span><\/strong><\/td>\n<td>Maissip\u00f6yd\u00e4n vaihdelaatikko<\/td>\n<\/tr>\n<tr>\n<td><strong><span class=\"attr-name J-attr-name\" title=\"Vaihdej\u00e4rjestely\">Vaihdej\u00e4rjestely:<\/span><\/strong><\/td>\n<td>Viiste \/ Jiirisaha<\/td>\n<\/tr>\n<tr>\n<td><strong><span class=\"attr-name J-attr-name\" title=\"L\u00e4ht\u00f6momentti\">L\u00e4ht\u00f6momentti:<\/span><\/strong><\/td>\n<td>piirustuksena<\/td>\n<\/tr>\n<tr>\n<td><strong><span class=\"attr-name J-attr-name\" title=\"Sy\u00f6tt\u00f6nopeus\">Sy\u00f6tt\u00f6nopeus:<\/span><\/strong><\/td>\n<td>1000 rpm<\/td>\n<\/tr>\n<tr>\n<td><strong><span class=\"attr-name J-attr-name\" title=\"L\u00e4ht\u00f6nopeus\">L\u00e4ht\u00f6nopeus:<\/span><\/strong><\/td>\n<td>piirustuksena<\/td>\n<\/tr>\n<tr>\n<td><strong>V\u00e4ri:<\/strong><\/td>\n<td>Asiakaspyynn\u00f6t<\/td>\n<\/tr>\n<tr>\n<td><strong><span class=\"attr-name J-attr-name\" title=\"Paino\">Paino:<\/span><\/strong><\/td>\n<td>82 kg<\/td>\n<\/tr>\n<tr>\n<td><strong><span class=\"attr-name J-attr-name\" title=\"ketjupy\u00f6r\u00e4n v\u00e4lityssuhde\">Ketjupy\u00f6r\u00e4n v\u00e4lityssuhde:<\/span><\/strong><\/td>\n<td>1.91:1<\/td>\n<\/tr>\n<tr>\n<td><strong><span class=\"attr-name J-attr-name\" title=\"Varren vedettyjen telojen suhde\">Varren vet\u00e4m\u00e4n rullan suhde:<\/span><\/strong><\/td>\n<td>1:1.2<\/td>\n<\/tr>\n<tr>\n<td><strong><span class=\"attr-name J-attr-name\" title=\"Varren vedettyjen telojen suhde\"><span class=\"attr-name J-attr-name\" title=\"Melu\">Melu:<\/span><\/span><\/strong><\/td>\n<td>Alle 92 dB 1 metrin et\u00e4isyydell\u00e4 vaihteiston edess\u00e4<\/td>\n<\/tr>\n<tr>\n<td><strong><span class=\"attr-name J-attr-name\" title=\"Varren vedettyjen telojen suhde\"><span class=\"attr-name J-attr-name\" title=\"Hakemus\">Sovellus:<\/span><\/span><\/strong><\/td>\n<td>Maissinkorjuukone<\/td>\n<\/tr>\n<tr>\n<td><strong><span class=\"attr-name J-attr-name\" title=\"Alkuper\u00e4paikka\">Alkuper\u00e4paikka:<\/span><\/strong><\/td>\n<td>Italia<\/td>\n<\/tr>\n<\/tbody>\n<\/table>\n<h2 title=\"kuten draubg\">Maissip\u00f6yd\u00e4n vaihdelaatikon tekniset tiedot<\/h2>\n<p><img loading=\"lazy\" decoding=\"async\" class=\"alignnone  wp-image-3179\" src=\"https:\/\/fmp-components.com\/wp-content\/uploads\/2025\/01\/corn-header-gearbox-N669J-specifications-1.webp\" alt=\"maissi-leikkuup\u00f6yd\u00e4n-vaihteisto-N669J-tiedot-1\" width=\"878\" height=\"549\" title=\"\" srcset=\"https:\/\/fmp-components.com\/wp-content\/uploads\/2025\/01\/corn-header-gearbox-N669J-specifications-1.webp 878w, https:\/\/fmp-components.com\/wp-content\/uploads\/2025\/01\/corn-header-gearbox-N669J-specifications-1-480x300.webp 480w\" sizes=\"(min-width: 0px) and (max-width: 480px) 480px, (min-width: 481px) 878px, 100vw\" \/><\/p>\n<p><img loading=\"lazy\" decoding=\"async\" class=\"alignnone  wp-image-3180\" src=\"https:\/\/fmp-components.com\/wp-content\/uploads\/2025\/01\/corn-header-gearbox-N669J-specifications-2.webp\" alt=\"maissi-leikkuup\u00f6yd\u00e4n-vaihteisto-N669J-tiedot-2\" width=\"884\" height=\"714\" title=\"\" srcset=\"https:\/\/fmp-components.com\/wp-content\/uploads\/2025\/01\/corn-header-gearbox-N669J-specifications-2.webp 884w, https:\/\/fmp-components.com\/wp-content\/uploads\/2025\/01\/corn-header-gearbox-N669J-specifications-2-480x388.webp 480w\" sizes=\"(min-width: 0px) and (max-width: 480px) 480px, (min-width: 481px) 884px, 100vw\" \/><\/p>\n<article class=\"w-full scroll-mb-[var(--thread-trailing-height,150px)] text-token-text-primary focus-visible:outline-2 focus-visible:outline-offset-[-4px]\" dir=\"auto\" data-testid=\"conversation-turn-146\" data-scroll-anchor=\"false\">\n<div class=\"m-auto text-base py-[18px] px-3 md:px-4 w-full md:px-5 lg:px-4 xl:px-5\">\n<div class=\"mx-auto flex flex-1 gap-4 text-base md:gap-5 lg:gap-6 md:max-w-3xl lg:max-w-[40rem] xl:max-w-[48rem]\">\n<div class=\"group\/conversation-turn relative flex w-full min-w-0 flex-col\">\n<div class=\"flex-col gap-1 md:gap-3\">\n<div class=\"flex max-w-full flex-col flex-grow\">\n<div class=\"min-h-8 text-message flex w-full flex-col items-end gap-2 whitespace-normal break-words text-start [.text-message+&amp;]:mt-5\" dir=\"auto\" data-message-author-role=\"user\" data-message-id=\"aaa23ba6-ebb0-4f57-b7bd-42c63bb0c8fa\">\n<div class=\"flex w-full flex-col gap-1 empty:hidden items-end rtl:items-start\">\n<div class=\"relative max-w-[var(--user-chat-width,70%)] rounded-3xl bg-token-message-surface px-5 py-2.5\">\n<h2 class=\"whitespace-pre-wrap\">Maissip\u00f6yd\u00e4n vaihdelaatikon ominaisuudet<\/h2>\n<\/div>\n<\/div>\n<\/div>\n<\/div>\n<\/div>\n<\/div>\n<\/div>\n<\/div>\n<\/article>\n<p>Maissip\u00f6yd\u00e4n vaihteisto on kriittinen osa nykyaikaisissa sadonkorjuulaitteissa, ja se vastaa voimansiirrosta maissip\u00f6yd\u00e4n eri mekanismeihin, kuten noukkimisketjuihin, ruuvikuljettimiin ja teriin. Vaihteiston suunnittelu ja toimivuus ovat olennaisia \u200b\u200bmaissinkorjuuprosessin tehokkuuden ja luotettavuuden kannalta. T\u00e4ss\u00e4 ovat maissip\u00f6yd\u00e4n vaihteiston t\u00e4rkeimm\u00e4t ominaisuudet:<\/p>\n<p>1. <strong>Voimansiirto<\/strong><\/p>\n<ul>\n<li>Maissip\u00f6yd\u00e4n vaihteiston ensisijainen teht\u00e4v\u00e4 on siirt\u00e4\u00e4 mekaanista voimaa traktorin voimanottoakselilta maissip\u00f6yd\u00e4n toiminnallisille komponenteille. Vaihteisto on suunniteltu k\u00e4sittelem\u00e4\u00e4n suuria v\u00e4\u00e4nt\u00f6momentteja, mik\u00e4 mahdollistaa leikkuup\u00f6yd\u00e4n leikkuu- ja ker\u00e4ysmekanismien sujuvan toiminnan.<\/li>\n<\/ul>\n<p>2. <strong>Suuri v\u00e4\u00e4nt\u00f6momentti<\/strong><\/p>\n<ul>\n<li>Maissin korjuu on tehointensiivinen teht\u00e4v\u00e4, ja vaihteiston on kyett\u00e4v\u00e4 k\u00e4sittelem\u00e4\u00e4n sit\u00e4 <strong>suuret v\u00e4\u00e4nt\u00f6momentit<\/strong> ilman vikoja. Maissip\u00f6yd\u00e4n vaihteistot on erityisesti suunniteltu kest\u00e4m\u00e4\u00e4n n\u00e4it\u00e4 raskaita kuormia ja varmistamaan samalla tehokas voimanjako kaikkiin tarvittaviin osiin.<\/li>\n<\/ul>\n<p>3. <strong>Useita vaihdesuhteita<\/strong><\/p>\n<ul>\n<li><strong>Muuttuvat v\u00e4lityssuhteet<\/strong> ovat maissinleikkuup\u00f6yd\u00e4n vaihteiston keskeinen ominaisuus. N\u00e4iden v\u00e4lityssuhteiden avulla kuljettajat voivat s\u00e4\u00e4t\u00e4\u00e4 leikkuup\u00f6yd\u00e4n osien nopeutta ja tehoa maaston, sadon olosuhteiden ja k\u00e4ytt\u00f6vaatimusten mukaan. N\u00e4iden v\u00e4lityssuhteiden hienos\u00e4\u00e4t\u00f6 auttaa optimoimaan suorituskyvyn.<\/li>\n<\/ul>\n<p>4. <strong>Kest\u00e4vyys ja vankka rakenne<\/strong><\/p>\n<ul>\n<li>Maissip\u00f6yd\u00e4n vaihteistot on rakennettu kest\u00e4m\u00e4\u00e4n maatalousalueiden ankaria olosuhteita. Ne on valmistettu <strong>eritt\u00e4in lujat materiaalit<\/strong> kuten karkaistua ter\u00e4st\u00e4 ja usein niiss\u00e4 on <strong>korroosionkest\u00e4v\u00e4t pinnoitteet<\/strong>T\u00e4m\u00e4 varmistaa niiden kest\u00e4vyyden ja toiminnallisen tehokkuuden my\u00f6s vaativissa olosuhteissa.<\/li>\n<\/ul>\n<p>5. <strong>Kompakti ja tilaa s\u00e4\u00e4st\u00e4v\u00e4 muotoilu<\/strong><\/p>\n<ul>\n<li>Vaihteisto on tyypillisesti kompakti ja kevyt, mik\u00e4 helpottaa integrointia maissinleikkuup\u00f6yt\u00e4\u00e4n ja s\u00e4\u00e4st\u00e4\u00e4 tilaa. T\u00e4m\u00e4 tehokas rakenne auttaa v\u00e4hent\u00e4m\u00e4\u00e4n koneen kokonaispainoa, parantamaan sen ohjattavuutta ja v\u00e4hent\u00e4m\u00e4\u00e4n polttoaineenkulutusta k\u00e4yt\u00f6n aikana.<\/li>\n<\/ul>\n<p>Yhteenvetona voidaan todeta, ett\u00e4 maissinleikkuup\u00f6yd\u00e4n vaihteisto on olennainen osa, joka mahdollistaa maissinleikkuup\u00f6yd\u00e4n sujuvan, tehokkaan ja luotettavan toiminnan. Suuren v\u00e4\u00e4nt\u00f6momenttinsa, kest\u00e4vyytens\u00e4, helpon integroinnin ja v\u00e4h\u00e4isen huoltotarpeensa ansiosta vaihteisto varmistaa optimaalisen suorituskyvyn sadonkorjuun aikana, v\u00e4hent\u00e4\u00e4 seisokkiaikoja ja parantaa viljelij\u00f6iden tuottavuutta.<\/p>\n<p><img loading=\"lazy\" decoding=\"async\" class=\"alignnone size-full wp-image-3182\" src=\"https:\/\/fmp-components.com\/wp-content\/uploads\/2025\/01\/corn-header-gearbox-N669J-41.webp\" alt=\"maissi-leikkuup\u00f6yd\u00e4n-vaihteisto-N669J-4(1)\" width=\"965\" height=\"444\" title=\"\" srcset=\"https:\/\/fmp-components.com\/wp-content\/uploads\/2025\/01\/corn-header-gearbox-N669J-41.webp 965w, https:\/\/fmp-components.com\/wp-content\/uploads\/2025\/01\/corn-header-gearbox-N669J-41-480x221.webp 480w\" sizes=\"(min-width: 0px) and (max-width: 480px) 480px, (min-width: 481px) 965px, 100vw\" \/><\/p>\n<article class=\"w-full scroll-mb-[var(--thread-trailing-height,150px)] text-token-text-primary focus-visible:outline-2 focus-visible:outline-offset-[-4px]\" dir=\"auto\" data-testid=\"conversation-turn-148\" data-scroll-anchor=\"false\">\n<div class=\"m-auto text-base py-[18px] px-3 md:px-4 w-full md:px-5 lg:px-4 xl:px-5\">\n<div class=\"mx-auto flex flex-1 gap-4 text-base md:gap-5 lg:gap-6 md:max-w-3xl lg:max-w-[40rem] xl:max-w-[48rem]\">\n<div class=\"group\/conversation-turn relative flex w-full min-w-0 flex-col\">\n<div class=\"flex-col gap-1 md:gap-3\">\n<div class=\"flex max-w-full flex-col flex-grow\">\n<div class=\"min-h-8 text-message flex w-full flex-col items-end gap-2 whitespace-normal break-words text-start [.text-message+&amp;]:mt-5\" dir=\"auto\" data-message-author-role=\"user\" data-message-id=\"aaa28861-7069-46a7-8873-87eb33aa5162\">\n<div class=\"flex w-full flex-col gap-1 empty:hidden items-end rtl:items-start\">\n<div class=\"relative max-w-[var(--user-chat-width,70%)] rounded-3xl bg-token-message-surface px-5 py-2.5\">\n<h2 class=\"whitespace-pre-wrap\">Maissip\u00f6yd\u00e4n vaihteiston nivelakseli<\/h2>\n<div class=\"absolute bottom-0 right-full top-0 -mr-3.5 hidden pr-5 pt-1 [.group\\\/conversation-turn:hover_&amp;]:block\">\n<p>Voimanottoakselilla (PTO) on ratkaiseva rooli voiman siirt\u00e4misess\u00e4 traktorista maissip\u00f6yd\u00e4n vaihteistoon, mik\u00e4 mahdollistaa leikkuup\u00f6yd\u00e4n eri osien, kuten noukkimisketjujen, ruuvien ja terien, tehokkaan toiminnan. Voimanottoakseli toimii linkkin\u00e4 traktorin moottorin ja koneen v\u00e4lill\u00e4 ja muuntaa moottorin mekaanisen tehon sadonkorjuussa tarvittavaksi k\u00e4ytt\u00f6tehoksi.<\/p>\n<p>1. <strong>Voimansiirto<\/strong><\/p>\n<ul>\n<li>Voimanottoakseli on ensisijainen voimansiirtotapa. <strong>mekaanisen voiman siirt\u00e4minen<\/strong> traktorin moottorista maissinleikkuup\u00f6yd\u00e4n vaihteistoon. T\u00e4t\u00e4 voimaa k\u00e4ytet\u00e4\u00e4n leikkuup\u00f6yd\u00e4n eri osien k\u00e4ytt\u00e4miseen, mik\u00e4 varmistaa sujuvan ja tehokkaan sadonkorjuun. Se kytket\u00e4\u00e4n tyypillisesti traktorin voimanottoakseliin ja on yhteydess\u00e4 vaihteistoon kytkimen tai murrosnivelen kautta.<\/li>\n<\/ul>\n<p>2. <strong>Suuri v\u00e4\u00e4nt\u00f6momentti<\/strong><\/p>\n<ul>\n<li>Voimanottoakselin on oltava suunniteltu k\u00e4sittelem\u00e4\u00e4n <strong>korkeat v\u00e4\u00e4nt\u00f6momentit<\/strong>, erityisesti vaativissa sadonkorjuuolosuhteissa. Voimanottoakseliin kytketty vaihteisto vaatii vakaan ja luotettavan voimanl\u00e4hteen k\u00e4ytt\u00e4\u00e4kseen maissip\u00f6yd\u00e4n raskaita komponentteja, kuten ruuvien, noukinketjujen ja leikkuuterien.<\/li>\n<\/ul>\n<p>3. <strong>Kest\u00e4v\u00e4 rakenne<\/strong><\/p>\n<ul>\n<li><strong>Kest\u00e4v\u00e4 rakenne<\/strong> on v\u00e4ltt\u00e4m\u00e4t\u00f6n maissinleikkuup\u00f6yd\u00e4n vaihteistoissa k\u00e4ytett\u00e4ville nivelakseleille. N\u00e4m\u00e4 akselit on tyypillisesti valmistettu <strong>karkaistu ter\u00e4s<\/strong> tai muista eritt\u00e4in lujista materiaaleista kest\u00e4m\u00e4\u00e4n jatkuvan k\u00e4yt\u00f6n rasitukset vaativissa maatalousymp\u00e4rist\u00f6iss\u00e4. T\u00e4m\u00e4 varmistaa pitk\u00e4aikaisen kest\u00e4vyyden ja luotettavan suorituskyvyn haastavissa olosuhteissa.<\/li>\n<\/ul>\n<p><strong>4. Nopea ja helppo liit\u00e4nt\u00e4<\/strong><\/p>\n<ul>\n<li>Maissip\u00f6yd\u00e4n vaihteistojen nivelakselit on suunniteltu siten, ett\u00e4 traktorin ja leikkuup\u00f6yd\u00e4n v\u00e4linen kytkent\u00e4 ja irrotus on helppoa. T\u00e4m\u00e4 saavutetaan usein yleisnivelell\u00e4 tai pikalukitusmekanismilla, joka mahdollistaa yksinkertaisen ja turvallisen kiinnityksen ja irrotuksen ilman erikoisty\u00f6kaluja, mik\u00e4 s\u00e4\u00e4st\u00e4\u00e4 aikaa asennuksen tai huollon aikana.<\/li>\n<\/ul>\n<p>5. <strong>S\u00e4\u00e4dett\u00e4v\u00e4 pituus<\/strong><\/p>\n<ul>\n<li>Joissakin maissinleikkuup\u00f6yd\u00e4n vaihteistojen nivelakseleissa on <strong>s\u00e4\u00e4dett\u00e4v\u00e4t pituudet<\/strong>, mik\u00e4 varmistaa yhteensopivuuden eri traktoreiden ja leikkuup\u00f6yt\u00e4kokoonpanojen kanssa. T\u00e4m\u00e4 s\u00e4\u00e4dett\u00e4vyys varmistaa, ett\u00e4 nivelakseli voidaan helposti mukauttaa tarvittavaan pituuteen, mik\u00e4 sopii erilaisiin laitekokoonpanoihin ja v\u00e4hent\u00e4\u00e4 mekaanisen rasituksen tai vaurioiden riski\u00e4.<\/li>\n<\/ul>\n<p>Nivelakseli on olennainen osa maissip\u00f6yd\u00e4n vaihteistojen voimansiirtoj\u00e4rjestelm\u00e4\u00e4. Se tarjoaa luotettavan, tehokkaan ja turvallisen yhteyden traktorin ja maissip\u00f6yd\u00e4n v\u00e4lille varmistaen koko sadonkorjuuj\u00e4rjestelm\u00e4n sujuvan toiminnan. Nivelakselin asianmukainen huolto ja oikea-aikainen vaihto voivat parantaa toiminnan tehokkuutta, v\u00e4hent\u00e4\u00e4 seisokkiaikoja ja pident\u00e4\u00e4 laitteiden k\u00e4ytt\u00f6ik\u00e4\u00e4.<\/p>\n<\/div>\n<\/div>\n<\/div>\n<\/div>\n<\/div>\n<\/div>\n<\/div>\n<\/div>\n<\/div>\n<\/article>\n<article class=\"w-full scroll-mb-[var(--thread-trailing-height,150px)] text-token-text-primary focus-visible:outline-2 focus-visible:outline-offset-[-4px]\" dir=\"auto\" data-testid=\"conversation-turn-149\" data-scroll-anchor=\"true\">\n<table style=\"border-collapse: collapse; width: 94.3906%; height: 48px;\" border=\"0\" width=\"128\" cellspacing=\"0\" cellpadding=\"0\">\n<tbody>\n<tr style=\"height: 13.8pt;\">\n<td style=\"height: 13.8pt; width: 48pt;\" align=\"right\" width=\"64\" height=\"18\"><img loading=\"lazy\" decoding=\"async\" class=\"alignnone size-full wp-image-3181\" src=\"https:\/\/fmp-components.com\/wp-content\/uploads\/2025\/01\/corn-header-gearbox-N669J-51.webp\" alt=\"maissi-leikkuup\u00f6yd\u00e4n-vaihteisto-N669J-5(1)\" width=\"500\" height=\"500\" title=\"\" srcset=\"https:\/\/fmp-components.com\/wp-content\/uploads\/2025\/01\/corn-header-gearbox-N669J-51.webp 500w, https:\/\/fmp-components.com\/wp-content\/uploads\/2025\/01\/corn-header-gearbox-N669J-51-480x480.webp 480w\" sizes=\"(min-width: 0px) and (max-width: 480px) 480px, (min-width: 481px) 500px, 100vw\" \/><\/td>\n<td style=\"width: 48pt;\" align=\"right\" width=\"64\"><img loading=\"lazy\" decoding=\"async\" class=\"alignnone size-full wp-image-3183\" src=\"https:\/\/fmp-components.com\/wp-content\/uploads\/2025\/01\/corn-header-gearbox-N669J1.webp\" alt=\"maissi-leikkuup\u00f6yd\u00e4n-vaihteisto-N669J(1)\" width=\"500\" height=\"500\" title=\"\" srcset=\"https:\/\/fmp-components.com\/wp-content\/uploads\/2025\/01\/corn-header-gearbox-N669J1.webp 500w, https:\/\/fmp-components.com\/wp-content\/uploads\/2025\/01\/corn-header-gearbox-N669J1-480x480.webp 480w\" sizes=\"(min-width: 0px) and (max-width: 480px) 480px, (min-width: 481px) 500px, 100vw\" \/><\/td>\n<\/tr>\n<\/tbody>\n<\/table>\n<h2>Tietoja FMP:st\u00e4<\/h2>\n<p>Italiassa p\u00e4\u00e4konttoriaan pit\u00e4v\u00e4 FMP on johtava valmistaja, joka tunnetaan asiantuntemuksestaan \u200b\u200btehokkaiden vaihteistojen suunnittelussa, kehitt\u00e4misess\u00e4 ja tuotannossa. Yritys on erikoistunut maatalouskonesektorille. Tarkkuudestaan, innovatiivisista ratkaisuistaan \u200b\u200bja horjumattomasta luotettavuudestaan \u200b\u200btunnettu FMP on rakentanut maineen luotettavana kumppanina sek\u00e4 maatalous- ett\u00e4 teollisuusmarkkinoilla. Monipuolinen tuotevalikoimamme sis\u00e4lt\u00e4\u00e4 ruohonleikkureiden mittatilausty\u00f6n\u00e4 valmistettuja vaihteistoja, nivelakseleita ja laajan valikoiman t\u00e4rkeit\u00e4 komponentteja, jotka kaikki on huolellisesti valmistettu vastaamaan erilaisten sovellusten ainutlaatuisiin vaatimuksiin.<\/p>\n<p>FMP:ll\u00e4 ymm\u00e4rr\u00e4mme, ett\u00e4 jokainen asiakas kohtaa erilaisia \u200b\u200bhaasteita. Siksi olemme erinomaisia \u200b\u200br\u00e4\u00e4t\u00e4l\u00f6ityjen ratkaisujen tarjoamisessa, olipa kyse sitten yksitt\u00e4isist\u00e4 komponenteista tai t\u00e4ysin integroiduista j\u00e4rjestelmist\u00e4. Ty\u00f6skentelem\u00e4ll\u00e4 tiiviisti asiakkaidemme kanssa varmistamme, ett\u00e4 jokainen ratkaisu ei ainoastaan \u200b\u200bvastaa heid\u00e4n erityistarpeisiinsa, vaan my\u00f6s optimoi suorituskyvyn ja parantaa kokonaisarvoa. Sitoutumisemme reagoivaan ja ammattimaiseen palveluun sek\u00e4 asiantuntevaan ohjaukseen varmistaa, ett\u00e4 jokainen tiedustelu k\u00e4sitell\u00e4\u00e4n tarkasti, mik\u00e4 johtaa parhaisiin mahdollisiin tuloksiin.<\/p>\n<p>Painotamme vahvasti l\u00e4pin\u00e4kyv\u00e4\u00e4 ja jatkuvaa viestint\u00e4\u00e4 koko tuotekehitysprosessin ajan. Omistautunut tiimimme ty\u00f6skentelee tiiviisti asiakkaiden kanssa ymm\u00e4rt\u00e4\u00e4kseen heid\u00e4n vaatimuksensa t\u00e4ysin ja tarjotakseen oivaltavia suosituksia optimaalisten tulosten saavuttamiseksi. Olipa kyse sitten huippuluokan tuotteiden kehitt\u00e4misest\u00e4 tai rutiinitilausten t\u00e4ytt\u00e4misest\u00e4, FMP on omistautunut toimittamaan korkealaatuisia, tarkasti suunniteltuja ratkaisuja ajallaan, joka kerta. Missiomme on jatkuvasti ylitt\u00e4\u00e4 asiakkaiden odotukset tarjoamalla poikkeuksellista palvelua ja erinomaisia \u200b\u200btuloksia jokaisessa projektissa.<\/p>\n<p>FMP:n toiminnan ytimess\u00e4 on sitoutuminen laatuun. Noudatamme korkeimpia valmistusstandardeja ja toteutamme tiukkoja laadunvalvontatoimenpiteit\u00e4 varmistaaksemme, ett\u00e4 jokainen tuote ei ainoastaan \u200b\u200b\u200b\u200bt\u00e4ytt\u00e4\u00e4, vaan ylitt\u00e4\u00e4 alan standardit. T\u00e4m\u00e4 sitoutuminen huippuosaamiseen yhdistettyn\u00e4 ydinarvoihimme, kuten rehellisyyteen, tiimity\u00f6h\u00f6n ja sinnikkyyteen, on mahdollistanut pitk\u00e4aikaisten, luottamukseen perustuvien asiakassuhteiden rakentamisen l\u00e4hes 30 maassa maailmanlaajuisesti.<\/p>\n<p>FMP on aina halukas edist\u00e4m\u00e4\u00e4n globaaleja kumppanuuksia tarjoamalla asiantuntevaa neuvontaa ja r\u00e4\u00e4t\u00e4l\u00f6ityj\u00e4 ratkaisuja, jotka vastaavat asiakkaidemme kehittyviin tarpeisiin. Olemme sitoutuneet rakentamaan kest\u00e4vi\u00e4, molempia osapuolia hy\u00f6dytt\u00e4vi\u00e4 suhteita, jotka edist\u00e4v\u00e4t jokaisen projektin onnistumista. Etsitp\u00e4 sitten innovatiivisia ratkaisuja uuteen aloitteeseen tai jatkuvaa tukea olemassa olevalle j\u00e4rjestelm\u00e4lle, FMP on t\u00e4\u00e4ll\u00e4 auttaakseen sinua voittamaan tekniset haasteet ja varmistamaan jatkuvan menestyksesi.<\/p>\n<p><img loading=\"lazy\" decoding=\"async\" class=\"alignnone wp-image-2695\" src=\"https:\/\/fmp-components.com\/wp-content\/uploads\/2025\/01\/agricultural-gearbox3.webp\" alt=\"maatalousvaihteisto\" width=\"1140\" height=\"1138\" title=\"\" srcset=\"https:\/\/fmp-components.com\/wp-content\/uploads\/2025\/01\/agricultural-gearbox3.webp 1140w, https:\/\/fmp-components.com\/wp-content\/uploads\/2025\/01\/agricultural-gearbox3-480x479.webp 480w\" sizes=\"(min-width: 0px) and (max-width: 480px) 480px, (min-width: 481px) 1140px, 100vw\" \/><\/p>\n<p>Tekij\u00e4: CX<\/p>\n<\/article>","protected":false},"excerpt":{"rendered":"<p>Details of Corn Header Gearbox Product name: Corn header gearbox Gearing Arrangement: Bevel \/ Miter Output Torque: as drawing Input Speed: 1000rpm Output Speed: as drawing Color: Customer Requests Weight: 82kg Chain wheel ratio: 1.91:1 Stalk pulled roller ratio: 1:1.2 Noise: Less than 92db at 1-meter distance in front of the gearbox Application: Corn harvester [&hellip;]<\/p>","protected":false},"featured_media":3181,"comment_status":"open","ping_status":"closed","template":"","meta":{"_et_pb_use_builder":"","_et_pb_old_content":"","_et_gb_content_width":""},"product_brand":[],"product_cat":[76],"product_tag":[],"class_list":{"0":"post-3178","1":"product","2":"type-product","3":"status-publish","4":"has-post-thumbnail","6":"product_cat-gearbox-for-rotary-rakes","8":"first","9":"instock","10":"shipping-taxable","11":"product-type-simple"},"_links":{"self":[{"href":"https:\/\/fmp-components.com\/fi\/wp-json\/wp\/v2\/product\/3178","targetHints":{"allow":["GET"]}}],"collection":[{"href":"https:\/\/fmp-components.com\/fi\/wp-json\/wp\/v2\/product"}],"about":[{"href":"https:\/\/fmp-components.com\/fi\/wp-json\/wp\/v2\/types\/product"}],"replies":[{"embeddable":true,"href":"https:\/\/fmp-components.com\/fi\/wp-json\/wp\/v2\/comments?post=3178"}],"wp:featuredmedia":[{"embeddable":true,"href":"https:\/\/fmp-components.com\/fi\/wp-json\/wp\/v2\/media\/3181"}],"wp:attachment":[{"href":"https:\/\/fmp-components.com\/fi\/wp-json\/wp\/v2\/media?parent=3178"}],"wp:term":[{"taxonomy":"product_brand","embeddable":true,"href":"https:\/\/fmp-components.com\/fi\/wp-json\/wp\/v2\/product_brand?post=3178"},{"taxonomy":"product_cat","embeddable":true,"href":"https:\/\/fmp-components.com\/fi\/wp-json\/wp\/v2\/product_cat?post=3178"},{"taxonomy":"product_tag","embeddable":true,"href":"https:\/\/fmp-components.com\/fi\/wp-json\/wp\/v2\/product_tag?post=3178"}],"curies":[{"name":"wp","href":"https:\/\/api.w.org\/{rel}","templated":true}]}}