{"id":3170,"date":"2025-01-05T05:15:38","date_gmt":"2025-01-05T05:15:38","guid":{"rendered":"https:\/\/fmp-components.com\/?page_id=8"},"modified":"2025-01-05T05:39:04","modified_gmt":"2025-01-05T05:39:04","slug":"corn-headers-gearbox-replacement-of-comer-code-l170-b","status":"publish","type":"product","link":"https:\/\/fmp-components.com\/fi\/product\/corn-headers-gearbox-replacement-of-comer-code-l170-b\/","title":{"rendered":"Maissip\u00f6yd\u00e4n vaihteisto - Comer-koodin L170-B vaihto"},"content":{"rendered":"<table style=\"border-collapse: collapse; width: 98.8846%;\" border=\"0\" width=\"128\" cellspacing=\"0\" cellpadding=\"0\">\n<tbody>\n<tr style=\"height: 13.8pt;\">\n<td style=\"height: 13.8pt; width: 49.2308%;\" align=\"right\" width=\"64\" height=\"18\"><img loading=\"lazy\" decoding=\"async\" class=\"alignnone size-full wp-image-3171\" src=\"https:\/\/fmp-components.com\/wp-content\/uploads\/2025\/01\/corn-header-gearbox-1.webp\" alt=\"maissip\u00f6yd\u00e4n vaihteisto\" width=\"500\" height=\"500\" title=\"\" srcset=\"https:\/\/fmp-components.com\/wp-content\/uploads\/2025\/01\/corn-header-gearbox-1.webp 500w, https:\/\/fmp-components.com\/wp-content\/uploads\/2025\/01\/corn-header-gearbox-1-480x480.webp 480w\" sizes=\"(min-width: 0px) and (max-width: 480px) 480px, (min-width: 481px) 500px, 100vw\" \/><\/td>\n<td style=\"width: 646.923%;\" align=\"right\" width=\"64\"><img loading=\"lazy\" decoding=\"async\" class=\"alignnone size-full wp-image-3172\" src=\"https:\/\/fmp-components.com\/wp-content\/uploads\/2025\/01\/corn-header-gearbox-2.webp\" alt=\"maissip\u00f6yd\u00e4n vaihteisto\" width=\"500\" height=\"500\" title=\"\" srcset=\"https:\/\/fmp-components.com\/wp-content\/uploads\/2025\/01\/corn-header-gearbox-2.webp 500w, https:\/\/fmp-components.com\/wp-content\/uploads\/2025\/01\/corn-header-gearbox-2-480x480.webp 480w\" sizes=\"(min-width: 0px) and (max-width: 480px) 480px, (min-width: 481px) 500px, 100vw\" \/><\/td>\n<\/tr>\n<\/tbody>\n<\/table>\n<h2>Maissinleikkureiden vaihdelaatikon erittely <img loading=\"lazy\" decoding=\"async\" class=\"alignnone size-full wp-image-3174\" src=\"https:\/\/fmp-components.com\/wp-content\/uploads\/2025\/01\/corn-header-gearbox-L170b.webp\" alt=\"maissip\u00f6yd\u00e4n vaihteisto\" width=\"973\" height=\"575\" title=\"\" srcset=\"https:\/\/fmp-components.com\/wp-content\/uploads\/2025\/01\/corn-header-gearbox-L170b.webp 973w, https:\/\/fmp-components.com\/wp-content\/uploads\/2025\/01\/corn-header-gearbox-L170b-480x284.webp 480w\" sizes=\"(min-width: 0px) and (max-width: 480px) 480px, (min-width: 481px) 973px, 100vw\" \/><\/h2>\n<table style=\"border-collapse: collapse; width: 97.4772%; height: 118px;\" border=\"0\" width=\"128\" cellspacing=\"0\" cellpadding=\"0\">\n<tbody>\n<tr style=\"height: 13.8pt;\">\n<td style=\"height: 13.8pt; width: 42.7173%;\" align=\"right\" width=\"64\" height=\"18\">\n<h2><img loading=\"lazy\" decoding=\"async\" class=\"wp-image-3175 aligncenter\" src=\"https:\/\/fmp-components.com\/wp-content\/uploads\/2025\/01\/mounting.webp\" alt=\"maissip\u00f6yd\u00e4n vaihteisto\" width=\"362\" height=\"260\" title=\"\" srcset=\"https:\/\/fmp-components.com\/wp-content\/uploads\/2025\/01\/mounting.webp 184w, https:\/\/fmp-components.com\/wp-content\/uploads\/2025\/01\/mounting-18x12.webp 18w\" sizes=\"(max-width: 362px) 100vw, 362px\" \/><\/h2>\n<\/td>\n<td style=\"width: 55.3262%;\" align=\"right\" width=\"64\">\n<h2><img loading=\"lazy\" decoding=\"async\" class=\"wp-image-3176 aligncenter\" src=\"https:\/\/fmp-components.com\/wp-content\/uploads\/2025\/01\/replacement-of-comer-L170B.webp\" alt=\"maissip\u00f6yd\u00e4n vaihteisto\" width=\"431\" height=\"293\" title=\"\"><\/h2>\n<\/td>\n<\/tr>\n<\/tbody>\n<\/table>\n<h2><\/h2>\n<h2>Maissip\u00f6yd\u00e4n vaihdelaatikon ominaisuudet<\/h2>\n<p>Maissip\u00f6yd\u00e4n vaihteisto on ratkaiseva osa maissisadon tehokkaaseen korjuuseen k\u00e4ytett\u00e4vi\u00e4 sadonkorjuukoneita. Se tarjoaa tarvittavan tehon ja mekaanisen edun leikkuup\u00f6yd\u00e4n j\u00e4rjestelm\u00e4n k\u00e4ytt\u00e4miseen varmistaen optimaalisen suorituskyvyn ja tuottavuuden. T\u00e4ss\u00e4 on joitakin maissip\u00f6yd\u00e4n vaihteiston t\u00e4rkeimmist\u00e4 ominaisuuksista:<\/p>\n<p><strong>1. Suuriv\u00e4\u00e4nt\u00f6inen vaihteisto<\/strong><\/p>\n<ul>\n<li>Vaihteisto on suunniteltu siirt\u00e4m\u00e4\u00e4n suuri v\u00e4\u00e4nt\u00f6momentti traktorin voimanottoakselista maissinleikkuupuimiin. T\u00e4m\u00e4 varmistaa, ett\u00e4 leikkuupuimin eri liikkuvat osat, kuten noukinketjut ja irrotinlevyt, toimivat sujuvasti my\u00f6s raskaissa kuormitusolosuhteissa.<\/li>\n<\/ul>\n<p><strong>2. Tarkkuustekniikka<\/strong><\/p>\n<ul>\n<li>Maissip\u00f6yd\u00e4n vaihteistot on suunniteltu tarkasti sujuvan toiminnan ja kest\u00e4vyyden varmistamiseksi. Komponentit on suunniteltu minimoimaan kulumista, mik\u00e4 varmistaa pitk\u00e4n k\u00e4ytt\u00f6i\u00e4n ja tasaisen suorituskyvyn.<\/li>\n<\/ul>\n<p><strong>3. Kest\u00e4vyys ja lujuus<\/strong><\/p>\n<ul>\n<li>N\u00e4m\u00e4 vaihteistot on rakennettu kest\u00e4m\u00e4\u00e4n ankaria pelto-olosuhteita, kuten altistumista p\u00f6lylle, kosteudelle ja \u00e4\u00e4rimm\u00e4isille l\u00e4mp\u00f6tiloille. Korkealaatuisten materiaalien avulla varmistetaan, ett\u00e4 vaihteisto kest\u00e4\u00e4 jatkuvan k\u00e4yt\u00f6n korkeat vaatimukset sadonkorjuukausina.<\/li>\n<\/ul>\n<p><strong>4. Tehokas voimansiirto<\/strong><\/p>\n<ul>\n<li>Maissip\u00f6yd\u00e4n vaihteistot on suunniteltu siirt\u00e4m\u00e4\u00e4n tehokkaasti voimaa traktorin voimanottoakselilta leikkuup\u00f6yd\u00e4n osiin, mik\u00e4 minimoi energiah\u00e4vi\u00f6n ja parantaa sadonkorjuuprosessin tehokkuutta.<\/li>\n<\/ul>\n<p><strong>5. Kompakti ja kest\u00e4v\u00e4 muotoilu<\/strong><\/p>\n<ul>\n<li>Vaihteistot ovat tyypillisesti kompakteja, joten ne on helppo integroida leikkuup\u00f6yt\u00e4j\u00e4rjestelm\u00e4\u00e4n lis\u00e4\u00e4m\u00e4tt\u00e4 liikaa painoa tai kokoa. Kest\u00e4v\u00e4 rakenne varmistaa, ett\u00e4 vaihteisto kest\u00e4\u00e4 maatalousk\u00e4yt\u00f6n jatkuvaa kulumista.<\/li>\n<\/ul>\n<p>Yhteenvetona voidaan todeta, ett\u00e4 maissinleikkuup\u00f6yd\u00e4n vaihteisto on suunniteltu tarjoamaan tehoa, tarkkuutta ja kest\u00e4vyytt\u00e4 vaativissa olosuhteissa, mik\u00e4 parantaa maissinkorjuuprosessin yleist\u00e4 tehokkuutta ja luotettavuutta.<\/p>\n<p><img loading=\"lazy\" decoding=\"async\" class=\"alignnone size-full wp-image-3177\" src=\"https:\/\/fmp-components.com\/wp-content\/uploads\/2025\/01\/Agricultural-Lawnmower-Gearbox-Production-Workshop.webp\" alt=\"maissip\u00f6yd\u00e4n vaihteisto\" width=\"1200\" height=\"620\" title=\"\" srcset=\"https:\/\/fmp-components.com\/wp-content\/uploads\/2025\/01\/Agricultural-Lawnmower-Gearbox-Production-Workshop.webp 1200w, https:\/\/fmp-components.com\/wp-content\/uploads\/2025\/01\/Agricultural-Lawnmower-Gearbox-Production-Workshop-980x506.webp 980w, https:\/\/fmp-components.com\/wp-content\/uploads\/2025\/01\/Agricultural-Lawnmower-Gearbox-Production-Workshop-480x248.webp 480w\" sizes=\"(min-width: 0px) and (max-width: 480px) 480px, (min-width: 481px) and (max-width: 980px) 980px, (min-width: 981px) 1200px, 100vw\" \/><\/p>\n<h2 data-pm-slice=\"1 1 []\">Maissipuimureiden vaihteiston nivelakselit<\/h2>\n<p>Voimanottoakseli (PTO) on olennainen osa traktorin voimansiirron ja maissip\u00f6yd\u00e4n vaihteiston yhdist\u00e4misess\u00e4. Se v\u00e4litt\u00e4\u00e4 mekaanista voimaa traktorin moottorista vaihteistoon, mik\u00e4 mahdollistaa maissip\u00f6yd\u00e4n eri mekanismien tehokkaan toiminnan sadonkorjuun aikana. T\u00e4ss\u00e4 ovat maissip\u00f6yd\u00e4n vaihteistojen voimanottoakseleiden t\u00e4rkeimm\u00e4t ominaisuudet:<\/p>\n<p>1. <strong>Voimansiirto<\/strong><\/p>\n<ul>\n<li>Voimanottoakseli on suunniteltu siirt\u00e4m\u00e4\u00e4n mekaanista voimaa traktorin voimanotosta maissinleikkuup\u00f6yd\u00e4n vaihteistoon. T\u00e4m\u00e4 voima jaetaan sitten leikkuup\u00f6yd\u00e4n osiin, kuten ker\u00e4ysketjuihin, kierukoille ja muille liikkuville osille, jotka auttavat maissin korjuussa.<\/li>\n<\/ul>\n<p>2. <strong>Suuri v\u00e4\u00e4nt\u00f6momentti<\/strong><\/p>\n<ul>\n<li>Maissinleikkuup\u00f6yd\u00e4n vaihteistojen nivelakselit on rakennettu kest\u00e4m\u00e4\u00e4n suuria v\u00e4\u00e4nt\u00f6momentteja. Maissin korjuu on eritt\u00e4in intensiivinen ty\u00f6, joten nivelakselin on k\u00e4sitelt\u00e4v\u00e4 huomattavaa tehoa h\u00e4iri\u00f6tt\u00f6m\u00e4sti. Akseli on valmistettu eritt\u00e4in lujista materiaaleista tehokkaan voimansiirron varmistamiseksi my\u00f6s raskaissa kuormissa.<\/li>\n<\/ul>\n<p><strong>3. Kardaaninivelen suunnittelu<\/strong><\/p>\n<ul>\n<li>Voimanottoakseli on varustettu <strong>nivelet<\/strong> molemmissa p\u00e4iss\u00e4, mink\u00e4 ansiosta se voi siirt\u00e4\u00e4 voimaa my\u00f6s silloin, kun traktorin voimanottoakselin ja maissinleikkuup\u00f6yd\u00e4n vaihteiston v\u00e4lill\u00e4 on pieni kulma tai linjausvirhe. T\u00e4m\u00e4 joustavuus varmistaa tasaisen ja keskeytym\u00e4tt\u00f6m\u00e4n toiminnan ja v\u00e4hent\u00e4\u00e4 kulumisriski\u00e4.<\/li>\n<\/ul>\n<p><strong>4. Kest\u00e4vyys ja pitk\u00e4ik\u00e4isyys<\/strong><\/p>\n<ul>\n<li>N\u00e4m\u00e4 nivelakselit on suunniteltu kest\u00e4viksi ja lujiksi, sill\u00e4 ne altistuvat ankarille kentt\u00e4olosuhteille, kuten lialle, kosteudelle ja mekaaniselle rasitukselle. Akselit on valmistettu korkealaatuisesta ter\u00e4ksest\u00e4 ja niiss\u00e4 on usein korroosionkest\u00e4v\u00e4t pinnoitteet niiden k\u00e4ytt\u00f6i\u00e4n pident\u00e4miseksi.<\/li>\n<\/ul>\n<p><strong>5. S\u00e4\u00e4dett\u00e4v\u00e4 pituus<\/strong><\/p>\n<ul>\n<li>Nivelakseleiden pituutta voidaan s\u00e4\u00e4t\u00e4\u00e4 eri laitekokojen ja -kokoonpanojen mukaan. T\u00e4m\u00e4 s\u00e4\u00e4dett\u00e4vyys on erityisen hy\u00f6dyllinen kiinnitett\u00e4ess\u00e4 traktorin nivelakselia eri malleihin maissinleikkuupuimureita, koska kytkent\u00e4pituus voi vaihdella.<\/li>\n<\/ul>\n<p>Maissipuimurin vaihteistojen nivelakselit ovat t\u00e4rkeit\u00e4 osia, jotka helpottavat tehokasta voimansiirtoa traktorista puimuriin. Ne on suunniteltu kest\u00e4viksi, turvallisiksi ja monipuolisiksi, mik\u00e4 varmistaa luotettavan suorituskyvyn ja v\u00e4hent\u00e4\u00e4 seisokkiaikoja vaativissa pelto-olosuhteissa.<\/p>\n<h3>Tietoja FMP:st\u00e4<\/h3>\n<p>Italiassa p\u00e4\u00e4konttoriaan pit\u00e4v\u00e4 FMP on merkitt\u00e4v\u00e4 valmistaja, joka tunnetaan asiantuntemuksestaan \u200b\u200btehokkaiden vaihteistojen suunnittelussa, kehitt\u00e4misess\u00e4 ja tuotannossa. Yrityksen p\u00e4\u00e4paino on maatalouskoneissa. Tarkkuudestaan, innovatiivisista ratkaisuistaan \u200b\u200bja horjumattomasta luotettavuudestaan \u200b\u200btunnettu FMP on ansainnut luotettavan maineen sek\u00e4 maatalous- ett\u00e4 teollisuussektoreilla. Laaja tuotevalikoimamme sis\u00e4lt\u00e4\u00e4 ruohonleikkureiden mittatilausty\u00f6n\u00e4 valmistettuja vaihteistoja, nivelakseleita ja erilaisia \u200b\u200b\u200b\u200bt\u00e4rkeit\u00e4 komponentteja, jotka kaikki on huolellisesti suunniteltu vastaamaan erilaisten sovellusten erityistarpeisiin.<\/p>\n<p>FMP:ll\u00e4 ymm\u00e4rr\u00e4mme, ett\u00e4 jokainen asiakas kohtaa ainutlaatuisia haasteita. Siksi olemme erikoistuneet r\u00e4\u00e4t\u00e4l\u00f6ityjen ratkaisujen toimittamiseen \u2013 olipa kyse sitten yksitt\u00e4isist\u00e4 komponenteista tai t\u00e4ysin integroiduista j\u00e4rjestelmist\u00e4. Ty\u00f6skentelem\u00e4ll\u00e4 tiiviisti asiakkaidemme kanssa varmistamme, ett\u00e4 jokainen ratkaisu ei ainoastaan \u200b\u200bvastaa heid\u00e4n tarpeisiinsa, vaan my\u00f6s parantaa suorituskyky\u00e4 ja maksimoi arvon. Sitoutumisemme tarjota oikea-aikaisia \u200b\u200bja ammattimaisia \u200b\u200bvastauksia sek\u00e4 asiantuntevaa ohjausta varmistaa, ett\u00e4 jokainen tiedustelu k\u00e4sitell\u00e4\u00e4n tarkasti ja ett\u00e4 tulokset ovat johdonmukaisesti optimaalisia.<\/p>\n<p>Korostamme selke\u00e4\u00e4 ja jatkuvaa viestint\u00e4\u00e4 koko tuotekehityssyklin ajan. Omistautunut tiimimme tekee yhteisty\u00f6t\u00e4 asiakkaiden kanssa ymm\u00e4rt\u00e4\u00e4kseen t\u00e4ysin heid\u00e4n vaatimuksensa ja tarjotakseen arvokkaita n\u00e4kemyksi\u00e4 ja suosituksia parhaiden mahdollisten tulosten saavuttamiseksi. Olipa kyse sitten huippuluokan tuotteiden suunnittelusta tai rutiinitilausten t\u00e4ytt\u00e4misest\u00e4, FMP on sitoutunut toimittamaan korkealaatuisia, tarkasti suunniteltuja ratkaisuja ajallaan ja johdonmukaisesti. Tavoitteenamme on jatkuvasti ylitt\u00e4\u00e4 asiakkaiden odotukset ja tarjota poikkeuksellista palvelua ja tuloksia jokaisessa projektissa.<\/p>\n<p>Laatu on kaiken FMP:ll\u00e4 tekem\u00e4mme perusta. Noudatamme korkeimpia valmistusstandardeja ja k\u00e4yt\u00e4mme tiukkoja laadunvalvontaprosesseja varmistaaksemme, ett\u00e4 jokainen tuote ei ainoastaan \u200b\u200b\u200b\u200bt\u00e4yt\u00e4 alan standardeja, vaan my\u00f6s ylitt\u00e4\u00e4 ne. T\u00e4m\u00e4 sitoutuminen huippuosaamiseen yhdistettyn\u00e4 ydinarvoihimme, kuten rehellisyyteen, tiimity\u00f6h\u00f6n ja sinnikkyyteen, on mahdollistanut kest\u00e4vien ja luottamukseen perustuvien asiakassuhteiden rakentamisen l\u00e4hes 30 maassa maailmanlaajuisesti.<\/p>\n<p>FMP on aina halukas luomaan globaaleja kumppanuuksia tarjoamalla asiantuntevaa neuvontaa ja r\u00e4\u00e4t\u00e4l\u00f6ityj\u00e4 ratkaisuja, jotka vastaavat asiakkaidemme kehittyviin tarpeisiin. Tavoitteenamme on rakentaa pitk\u00e4aikaisia, molempia osapuolia hy\u00f6dytt\u00e4vi\u00e4 suhteita, jotka edist\u00e4v\u00e4t jokaisen projektin onnistumista. Etsitp\u00e4 sitten innovatiivisia ratkaisuja uuteen aloitteeseen tai tarvitset jatkuvaa tukea olemassa olevalle j\u00e4rjestelm\u00e4lle, FMP on valmis auttamaan sinua teknisten haasteiden ratkaisemisessa ja varmistamaan jatkuvan menestyksesi.<\/p>\n<p><img loading=\"lazy\" decoding=\"async\" class=\"alignnone wp-image-2695\" src=\"https:\/\/fmp-components.com\/wp-content\/uploads\/2025\/01\/agricultural-gearbox3.webp\" alt=\"maatalousvaihteisto\" width=\"1140\" height=\"1138\" title=\"\" srcset=\"https:\/\/fmp-components.com\/wp-content\/uploads\/2025\/01\/agricultural-gearbox3.webp 1140w, https:\/\/fmp-components.com\/wp-content\/uploads\/2025\/01\/agricultural-gearbox3-480x479.webp 480w\" sizes=\"(min-width: 0px) and (max-width: 480px) 480px, (min-width: 481px) 1140px, 100vw\" \/><\/p>\n<p>Tekij\u00e4: CX<\/p>","protected":false},"excerpt":{"rendered":"<p>Specification of Corn Headers Gearbox Features of Corn Header Gearbox The corn header gearbox is a crucial component in the harvesting machinery used to efficiently harvest corn crops. It provides the necessary power and mechanical advantage to operate the header system, ensuring optimal performance and productivity. Here are some of the key features of a [&hellip;]<\/p>","protected":false},"featured_media":3173,"comment_status":"open","ping_status":"closed","template":"","meta":{"_et_pb_use_builder":"","_et_pb_old_content":"","_et_gb_content_width":""},"product_brand":[],"product_cat":[77],"product_tag":[],"class_list":{"0":"post-3170","1":"product","2":"type-product","3":"status-publish","4":"has-post-thumbnail","6":"product_cat-corn-headers-gearbox","8":"first","9":"instock","10":"shipping-taxable","11":"product-type-simple"},"_links":{"self":[{"href":"https:\/\/fmp-components.com\/fi\/wp-json\/wp\/v2\/product\/3170","targetHints":{"allow":["GET"]}}],"collection":[{"href":"https:\/\/fmp-components.com\/fi\/wp-json\/wp\/v2\/product"}],"about":[{"href":"https:\/\/fmp-components.com\/fi\/wp-json\/wp\/v2\/types\/product"}],"replies":[{"embeddable":true,"href":"https:\/\/fmp-components.com\/fi\/wp-json\/wp\/v2\/comments?post=3170"}],"wp:featuredmedia":[{"embeddable":true,"href":"https:\/\/fmp-components.com\/fi\/wp-json\/wp\/v2\/media\/3173"}],"wp:attachment":[{"href":"https:\/\/fmp-components.com\/fi\/wp-json\/wp\/v2\/media?parent=3170"}],"wp:term":[{"taxonomy":"product_brand","embeddable":true,"href":"https:\/\/fmp-components.com\/fi\/wp-json\/wp\/v2\/product_brand?post=3170"},{"taxonomy":"product_cat","embeddable":true,"href":"https:\/\/fmp-components.com\/fi\/wp-json\/wp\/v2\/product_cat?post=3170"},{"taxonomy":"product_tag","embeddable":true,"href":"https:\/\/fmp-components.com\/fi\/wp-json\/wp\/v2\/product_tag?post=3170"}],"curies":[{"name":"wp","href":"https:\/\/api.w.org\/{rel}","templated":true}]}}