{"id":3134,"date":"2025-01-05T02:56:27","date_gmt":"2025-01-05T02:56:27","guid":{"rendered":"https:\/\/fmp-components.com\/?page_id=8"},"modified":"2025-01-05T02:56:28","modified_gmt":"2025-01-05T02:56:28","slug":"agricultural-potato-harvester-gearbox-for-harvesting-potato","status":"publish","type":"product","link":"https:\/\/fmp-components.com\/fi\/product\/agricultural-potato-harvester-gearbox-for-harvesting-potato\/","title":{"rendered":"Maatalouden perunankorjuukone vaihdelaatikko perunan korjuuseen"},"content":{"rendered":"<p><img loading=\"lazy\" decoding=\"async\" class=\"alignnone size-full wp-image-3135\" src=\"https:\/\/fmp-components.com\/wp-content\/uploads\/2025\/01\/0_Potato-Harvester-Gearbox-6.webp\" alt=\"Perunankorjuukoneen vaihdelaatikko\" width=\"1534\" height=\"1138\" title=\"\" srcset=\"https:\/\/fmp-components.com\/wp-content\/uploads\/2025\/01\/0_Potato-Harvester-Gearbox-6.webp 1534w, https:\/\/fmp-components.com\/wp-content\/uploads\/2025\/01\/0_Potato-Harvester-Gearbox-6-1280x950.webp 1280w, https:\/\/fmp-components.com\/wp-content\/uploads\/2025\/01\/0_Potato-Harvester-Gearbox-6-980x727.webp 980w, https:\/\/fmp-components.com\/wp-content\/uploads\/2025\/01\/0_Potato-Harvester-Gearbox-6-480x356.webp 480w\" sizes=\"(min-width: 0px) and (max-width: 480px) 480px, (min-width: 481px) and (max-width: 980px) 980px, (min-width: 981px) and (max-width: 1280px) 1280px, (min-width: 1281px) 1534px, 100vw\" \/><\/p>\n<h2>Tuotteen tekniset tiedot:<\/h2>\n<p>&nbsp;<\/p>\n<table border=\"1\" width=\"100%\" cellspacing=\"0\" cellpadding=\"0\">\n<tbody>\n<tr>\n<td width=\"193\">Tuotteen nimi<\/td>\n<td width=\"461\">Perunankorjuukone Vaihdelaatikko<\/td>\n<\/tr>\n<tr>\n<td>Materiaali<\/td>\n<td>Rauta<\/td>\n<\/tr>\n<tr>\n<td>Tyyppi<\/td>\n<td>FMP-LLTC-14<\/td>\n<\/tr>\n<tr>\n<td>V\u00e4ri<\/td>\n<td>Mukauttaminen<\/td>\n<\/tr>\n<tr>\n<td>Nimellisteho<\/td>\n<td>15 kW<\/td>\n<\/tr>\n<tr>\n<td>Suhde<\/td>\n<td>1:3.92<\/td>\n<\/tr>\n<tr>\n<td>Takuu<\/td>\n<td>Puolitoista vuotta<\/td>\n<\/tr>\n<tr>\n<td>K\u00e4ytetty<\/td>\n<td>Perunannostolaite<\/td>\n<\/tr>\n<\/tbody>\n<\/table>\n<h2>Perunankorjuukonevaihteiston edut<\/h2>\n<p>Perunannostokoneen vaihdelaatikko on elint\u00e4rke\u00e4 osa nykyaikaisissa maatalouskoneissa, ja se tarjoaa useita etuja, jotka parantavat perunankorjuutoimintojen suorituskyky\u00e4, tehokkuutta ja kest\u00e4vyytt\u00e4. Alla on joitakin perunannostokoneen vaihdelaatikon k\u00e4yt\u00f6n t\u00e4rkeimmist\u00e4 eduista:<\/p>\n<p><strong>1. Optimoitu voimansiirto<\/strong><\/p>\n<ul>\n<li>Perunannostokoneen vaihteistot on suunniteltu siirt\u00e4m\u00e4\u00e4n tehokkaasti voimaa traktorin voimanottoakselilta (PTO) puimurin eri osiin. T\u00e4m\u00e4 varmistaa sujuvan toiminnan ja tasaisen suorituskyvyn, erityisesti k\u00e4sitelt\u00e4ess\u00e4 raskaita kuormia haastavissa pelto-olosuhteissa.<\/li>\n<\/ul>\n<p><strong>2. Parannettu kest\u00e4vyys<\/strong><\/p>\n<ul>\n<li>Perunannostokoneen vaihteistot on suunniteltu kest\u00e4m\u00e4\u00e4n vaativia maatalousymp\u00e4rist\u00f6j\u00e4, ja ne on suunniteltu eritt\u00e4in kest\u00e4viksi. Eritt\u00e4in lujien materiaalien k\u00e4ytt\u00f6 ja tarkkuusvalmistus varmistavat, ett\u00e4 ne kest\u00e4v\u00e4t jatkuvan peltok\u00e4yt\u00f6n rasituksen ja rasituksen, mik\u00e4 v\u00e4hent\u00e4\u00e4 rikkoutumisriski\u00e4 ja pident\u00e4\u00e4 koneen k\u00e4ytt\u00f6ik\u00e4\u00e4.<\/li>\n<\/ul>\n<p><strong>3. Tarkkuus ja tehokkuus<\/strong><\/p>\n<ul>\n<li>Perunannostokoneen vaihteisto on suunniteltu tarjoamaan tarkkaa ohjausta eri sadonkorjuumekanismeille, kuten perunoiden kaivamiselle, erottelulle ja kuljetukselle. Optimoimalla py\u00f6rimisnopeutta ja v\u00e4\u00e4nt\u00f6momenttia vaihteisto auttaa yll\u00e4pit\u00e4m\u00e4\u00e4n tehokasta toimintaa, est\u00e4m\u00e4\u00e4n tappioita ja varmistamaan, ett\u00e4 perunat korjataan mahdollisimman v\u00e4h\u00e4isin vaurioin.<\/li>\n<\/ul>\n<p><strong>4. Kustannustehokas yll\u00e4pito<\/strong><\/p>\n<ul>\n<li>Perunannostokoneen vaihteistot on suunniteltu helposti huollettaviksi, mik\u00e4 auttaa v\u00e4hent\u00e4m\u00e4\u00e4n kokonaisk\u00e4ytt\u00f6kustannuksia. Asianmukaisella hoidolla ja huollolla n\u00e4m\u00e4 vaihteistot voivat kest\u00e4\u00e4 pidemp\u00e4\u00e4n, mik\u00e4 v\u00e4hent\u00e4\u00e4 tarvetta vaihtaa vaihteita usein. Niiden modulaarinen rakenne mahdollistaa my\u00f6s helpommat korjaukset, mik\u00e4 minimoi seisokkiajat sadonkorjuukauden aikana.<\/li>\n<\/ul>\n<p><strong>5. Monipuolisuus ja sopeutumiskyky<\/strong><\/p>\n<ul>\n<li>Monet perunannostokoneiden vaihteistot on suunniteltu monipuolisiksi, jotta ne mukautuvat erilaisiin puimurimalleihin ja erilaisiin pelto-olosuhteisiin. T\u00e4m\u00e4 joustavuus varmistaa, ett\u00e4 niit\u00e4 voidaan k\u00e4ytt\u00e4\u00e4 useissa eri toiminnoissa, mik\u00e4 tarjoaa lis\u00e4arvoa viljelij\u00f6ille, joilla on vaihtelevia tarpeita.<\/li>\n<\/ul>\n<p>Valitsemalla perunannostokoneisiin korkealaatuisia vaihteistoja viljelij\u00e4t voivat maksimoida tuottavuuden, v\u00e4hent\u00e4\u00e4 k\u00e4ytt\u00f6kustannuksia ja varmistaa laitteidensa pitk\u00e4ik\u00e4isyyden. Vaihteisto on olennainen osa sujuvan ja tehokkaan toiminnan varmistamista koko sadonkorjuukauden ajan.<\/p>\n<table style=\"border-collapse: collapse; width: 100.404%; height: 407px;\" border=\"0\" width=\"128\" cellspacing=\"0\" cellpadding=\"0\">\n<tbody>\n<tr style=\"height: 13.8pt;\">\n<td style=\"height: 13.8pt; width: 40.9032%;\" align=\"right\" width=\"64\" height=\"18\"><img loading=\"lazy\" decoding=\"async\" class=\"alignnone size-full wp-image-3137\" src=\"https:\/\/fmp-components.com\/wp-content\/uploads\/2025\/01\/0_Potato-Harvester-Gearbox-22.webp\" alt=\"Perunankorjuukoneen vaihdelaatikko\" width=\"800\" height=\"800\" title=\"\" srcset=\"https:\/\/fmp-components.com\/wp-content\/uploads\/2025\/01\/0_Potato-Harvester-Gearbox-22.webp 800w, https:\/\/fmp-components.com\/wp-content\/uploads\/2025\/01\/0_Potato-Harvester-Gearbox-22-480x480.webp 480w\" sizes=\"(min-width: 0px) and (max-width: 480px) 480px, (min-width: 481px) 800px, 100vw\" \/><\/td>\n<td style=\"width: 58.9782%;\" align=\"right\" width=\"64\"><img loading=\"lazy\" decoding=\"async\" class=\"alignnone  wp-image-3136\" src=\"https:\/\/fmp-components.com\/wp-content\/uploads\/2025\/01\/0_Potato-Harvester-Gearbox-7.webp\" alt=\"Perunankorjuukoneen vaihdelaatikko\" width=\"547\" height=\"376\" title=\"\" srcset=\"https:\/\/fmp-components.com\/wp-content\/uploads\/2025\/01\/0_Potato-Harvester-Gearbox-7.webp 547w, https:\/\/fmp-components.com\/wp-content\/uploads\/2025\/01\/0_Potato-Harvester-Gearbox-7-480x330.webp 480w\" sizes=\"(min-width: 0px) and (max-width: 480px) 480px, (min-width: 481px) 547px, 100vw\" \/><\/td>\n<\/tr>\n<\/tbody>\n<\/table>\n<h2>Traktorin voimanottoakselilla varustetun perunankorjuuvaihteiston toimintaperiaate<\/h2>\n<p>Voimanottoakselik\u00e4ytt\u00f6inen perunannostokoneen vaihteisto on ratkaisevassa roolissa tehokkaassa voimansiirrossa traktorin voimanottoj\u00e4rjestelm\u00e4st\u00e4 (PTO) perunankorjuussa mukana oleviin eri mekanismeihin. Vaihteisto varmistaa nostokoneen optimaalisen suorituskyvyn s\u00e4\u00e4telem\u00e4ll\u00e4 ja jakamalla tehoa koneen eri osiin, mik\u00e4 mahdollistaa sujuvan, tehokkaan ja luotettavan toiminnan. Alla on yleiskatsaus voimanottoakselik\u00e4ytt\u00f6isen perunannostokoneen vaihteiston toimintaperiaatteesta:<\/p>\n<p><strong>1. Voimansiirto traktorista vaihteistoon<\/strong><\/p>\n<ul>\n<li>Voimanottoakselin kytkent\u00e4: Prosessi alkaa traktorin moottorin tehon v\u00e4litt\u00e4misell\u00e4 voimanottoakselin kautta. Traktorin voimanottoj\u00e4rjestelm\u00e4 tuottaa mekaanista tehoa (py\u00f6rimismomenttia) ja siirt\u00e4\u00e4 sen voimanottoakselin kautta, joka on kytketty puimurin vaihteistoon.<\/li>\n<li>Py\u00f6rimisteho: Traktorin moottorin k\u00e4ydess\u00e4 voimanottoakseli py\u00f6rii asetetulla nopeudella (yleens\u00e4 noin 540 tai 1000 rpm traktorista riippuen). T\u00e4m\u00e4 py\u00f6rimisteho sy\u00f6tet\u00e4\u00e4n sitten vaihteistoon, jossa se k\u00e4sitell\u00e4\u00e4n ja jaetaan perunannostokoneen eri osiin.<\/li>\n<\/ul>\n<p><strong>2. Vaihteiston voimanjako<\/strong><\/p>\n<ul>\n<li>Alennus ja nopeuden s\u00e4\u00e4t\u00f6: Vaihteiston ensisijainen teht\u00e4v\u00e4 on v\u00e4hent\u00e4\u00e4 voimanottoakselin py\u00f6rimisnopeutta puimurin ty\u00f6mekanismeille sopivalle tasolle. Traktorin voimanotto toimii yleens\u00e4 suuremmilla nopeuksilla (esim. 540 rpm), mutta erilaiset puimurin toiminnot, kuten kaivu-, puhdistus- ja kuljetinj\u00e4rjestelm\u00e4t, vaativat alhaisempia nopeuksia. Vaihteisto k\u00e4ytt\u00e4\u00e4 vaihteiden yhdistelm\u00e4\u00e4 (kuten planeetta-, kartio- tai vinopy\u00f6r\u00e4vaihteita) tulonopeuden v\u00e4hent\u00e4miseksi ja sen varmistamiseksi, ett\u00e4 jokainen osa toimii oikealla nopeudella.<\/li>\n<li>V\u00e4\u00e4nt\u00f6momentin moninkertaistaminen: Nopeuden alentamisen lis\u00e4ksi vaihteisto usein moninkertaistaa v\u00e4\u00e4nt\u00f6momentin tarjotakseen tarvittavan tehon perunoiden kaivamiseen, nostamiseen ja erottamiseen maasta. Lis\u00e4\u00e4ntynyt v\u00e4\u00e4nt\u00f6momentti on v\u00e4ltt\u00e4m\u00e4t\u00f6nt\u00e4 puimurin mekaanisten j\u00e4rjestelmien voimanl\u00e4hteeksi, erityisesti ty\u00f6skennelt\u00e4ess\u00e4 vaikeissa maaper\u00e4olosuhteissa.<\/li>\n<\/ul>\n<p><strong>3. Voimansiirto eri komponentteihin<\/strong><\/p>\n<ul>\n<li>Kaivumekanismi: Vaihteisto v\u00e4litt\u00e4\u00e4 voiman kaivukomponenteille, jotka koostuvat py\u00f6rivist\u00e4 terist\u00e4 tai ter\u00e4k\u00e4rjist\u00e4, jotka m\u00f6yhent\u00e4v\u00e4t maaper\u00e4\u00e4 ja kaivavat perunat yl\u00f6s. Py\u00f6riv\u00e4 liike v\u00e4littyy tyypillisesti ketjun, hihnan tai akselij\u00e4rjestelm\u00e4n kautta.<\/li>\n<li>Kuljetinj\u00e4rjestelm\u00e4: Vaihteiston voima k\u00e4ytt\u00e4\u00e4 my\u00f6s kuljetinhihnaa tai elevaattoria, joka kuljettaa korjatut perunat maasta puhdistus- ja erotteluj\u00e4rjestelmiin. Kuljetinj\u00e4rjestelm\u00e4 vaatii tasaista ja tehokasta voimansiirtoa perunoiden liikuttamiseksi vahingoittamatta niit\u00e4.<\/li>\n<li>Erotus- ja puhdistusmekanismi: Vaihteisto k\u00e4ytt\u00e4\u00e4 puhdistusj\u00e4rjestelm\u00e4\u00e4, johon usein kuuluu t\u00e4ryseuloja tai py\u00f6rivi\u00e4 rumpuja, jotka erottavat mullan, kivet ja roskat perunoista. T\u00e4m\u00e4 varmistaa, ett\u00e4 varastointia tai kuljetusta varten ker\u00e4t\u00e4\u00e4n vain puhtaita perunoita.<\/li>\n<li>Lis\u00e4j\u00e4rjestelm\u00e4t: Harvesterimallista riippuen vaihteisto voi k\u00e4ytt\u00e4\u00e4 my\u00f6s muita j\u00e4rjestelmi\u00e4, kuten nostolaitteita, maan seulontalaitteita tai aputy\u00f6kaluja, jotka on suunniteltu parantamaan korjuun kokonaistehokkuutta.<\/li>\n<\/ul>\n<p><strong>4. Portaaton nopeudens\u00e4\u00e4t\u00f6 (jos sovellettavissa)<\/strong><\/p>\n<ul>\n<li>Joissakin edistyneiss\u00e4 perunannostokoneen vaihteistoissa on portaaton nopeudens\u00e4\u00e4t\u00f6, jonka avulla k\u00e4ytt\u00e4j\u00e4t voivat s\u00e4\u00e4t\u00e4\u00e4 tiettyjen komponenttien (esim. kuljetinhihnojen tai kaivumekanismien) nopeutta erilaisten pelto-olosuhteiden mukaan. T\u00e4m\u00e4 ominaisuus optimoi puimurin toiminnan tarjoamalla paremman suorituskyvyn hallinnan ja varmistamalla maksimaalisen tehokkuuden vaihtelevissa maaper\u00e4tyypeiss\u00e4 ja pelto-olosuhteissa.<\/li>\n<\/ul>\n<p><strong>5. Tehokkuus ja synkronointi<\/strong><\/p>\n<ul>\n<li>Vaihteisto varmistaa, ett\u00e4 kaikki perunannostokoneen komponentit toimivat t\u00e4ydellisess\u00e4 synkronoinnissa, jolloin kone toimii maksimaalisella tehokkuudella. S\u00e4\u00e4t\u00e4m\u00e4ll\u00e4 eri komponenttien v\u00e4\u00e4nt\u00f6momenttia ja py\u00f6rimisnopeutta vaihteisto varmistaa, ett\u00e4 kaivu-, kuljetus- ja puhdistusprosessit ovat tasapainossa ja tehokkaita, minimoiden energiah\u00e4vikin ja optimoiden polttoaineenkulutuksen.<\/li>\n<\/ul>\n<p>Pohjimmiltaan voimanottoakselilla toimivan perunannostokoneen vaihteiston toimintaperiaate perustuu traktorin nopean voimanottoakselin tehon tehokkaaseen muuntamiseen hallituksi ja luotettavaksi tehoksi, jota tarvitaan erilaisiin sadonkorjuutoimintoihin, mik\u00e4 optimoi koneen kokonaissuorituskyvyn.<\/p>\n<p><img loading=\"lazy\" decoding=\"async\" class=\"size-full wp-image-3138 aligncenter\" src=\"https:\/\/fmp-components.com\/wp-content\/uploads\/2025\/01\/0_Potato-Harvester-Gearbox-23.webp\" alt=\"Perunankorjuukoneen vaihdelaatikko\" width=\"800\" height=\"800\" title=\"\" srcset=\"https:\/\/fmp-components.com\/wp-content\/uploads\/2025\/01\/0_Potato-Harvester-Gearbox-23.webp 800w, https:\/\/fmp-components.com\/wp-content\/uploads\/2025\/01\/0_Potato-Harvester-Gearbox-23-480x480.webp 480w\" sizes=\"(min-width: 0px) and (max-width: 480px) 480px, (min-width: 481px) 800px, 100vw\" \/><\/p>\n<h3>Tietoja FMP:st\u00e4<\/h3>\n<p>Italiassa sijaitseva FMP on johtava valmistaja, joka on erikoistunut tehokkaiden vaihteistojen suunnitteluun, kehitt\u00e4miseen ja tuotantoon. Yrityksen p\u00e4\u00e4paino on maatalouskonesektorilla. Tarkkuudestaan, innovatiivisista ratkaisuistaan \u200b\u200bja horjumattomasta luotettavuudestaan \u200b\u200btunnettu FMP on rakentanut vahvan maineen luotettavana kumppanina sek\u00e4 maatalous- ett\u00e4 teollisuusmarkkinoilla. Laajaan tuotevalikoimaamme kuuluu ruohonleikkureiden, nivelakseleiden ja monien muiden t\u00e4rkeiden komponenttien mittatilausty\u00f6n\u00e4 valmistettuja vaihteistoja, joista jokainen on huolellisesti valmistettu vastaamaan erilaisten sovellusten ainutlaatuisia vaatimuksia.<\/p>\n<p>FMP:ll\u00e4 ymm\u00e4rr\u00e4mme, ett\u00e4 jokainen asiakas kohtaa erilaisia \u200b\u200bhaasteita. T\u00e4m\u00e4 n\u00e4kemys ohjaa sitoutumistamme r\u00e4\u00e4t\u00e4l\u00f6ityjen ratkaisujen toimittamiseen, olipa kyse sitten yksitt\u00e4isist\u00e4 komponenteista tai t\u00e4ysin integroiduista j\u00e4rjestelmist\u00e4. Tiiviill\u00e4 yhteisty\u00f6ll\u00e4 asiakkaidemme kanssa varmistamme, ett\u00e4 jokainen ratkaisu ei ainoastaan \u200b\u200bt\u00e4yt\u00e4 heid\u00e4n erityistarpeitaan, vaan my\u00f6s parantaa suorituskyky\u00e4 ja maksimoi arvon. Keskittymisemme nopeisiin ja ammattimaisiin vastauksiin sek\u00e4 asiantuntevaan ohjaukseen varmistaa, ett\u00e4 jokainen tiedustelu k\u00e4sitell\u00e4\u00e4n tarkasti, mik\u00e4 takaa parhaat tulokset joka kerta.<\/p>\n<p>Korostamme jatkuvaa ja l\u00e4pin\u00e4kyv\u00e4\u00e4 viestint\u00e4\u00e4 koko tuotekehitysprosessin ajan. Omistautunut tiimimme ty\u00f6skentelee tiiviisti asiakkaiden kanssa ymm\u00e4rt\u00e4\u00e4kseen perusteellisesti heid\u00e4n vaatimuksensa ja tarjotakseen arvokkaita n\u00e4kemyksi\u00e4 ja suosituksia optimaalisten tulosten saavuttamiseksi. Olipa kyse sitten huippuluokan tuotteiden kehitt\u00e4misest\u00e4 tai rutiinitilausten t\u00e4ytt\u00e4misest\u00e4, FMP on sitoutunut toimittamaan korkealaatuisia, tarkasti suunniteltuja ratkaisuja ajallaan ja ilman kompromisseja. Missiomme on jatkuvasti ylitt\u00e4\u00e4 asiakkaiden odotukset, tarjota erinomaista palvelua ja poikkeuksellisia tuloksia jokaisessa projektissa.<\/p>\n<p>Laatu on FMP:n toiminnan kulmakivi. Noudatamme korkeimpia valmistusstandardeja ja k\u00e4yt\u00e4mme tiukkoja laadunvalvontatoimenpiteit\u00e4 varmistaaksemme, ett\u00e4 jokainen tuote paitsi t\u00e4ytt\u00e4\u00e4 my\u00f6s ylitt\u00e4\u00e4 alan standardit. T\u00e4m\u00e4 horjumaton sitoutuminen huippuosaamiseen yhdistettyn\u00e4 ydinarvoihimme, kuten rehellisyyteen, tiimity\u00f6h\u00f6n ja sinnikkyyteen, on mahdollistanut pitk\u00e4aikaisten, luottamukseen perustuvien asiakassuhteiden luomisen l\u00e4hes 30 maassa maailmanlaajuisesti.<\/p>\n<p>FMP on aina halukas edist\u00e4m\u00e4\u00e4n globaaleja kumppanuuksia tarjoamalla asiantuntevaa neuvontaa ja r\u00e4\u00e4t\u00e4l\u00f6ityj\u00e4 ratkaisuja, jotka vastaavat asiakkaidemme kehittyviin tarpeisiin. Olemme sitoutuneet rakentamaan pitk\u00e4aikaisia, molempia osapuolia hy\u00f6dytt\u00e4vi\u00e4 suhteita, jotka edist\u00e4v\u00e4t jokaisen projektin onnistumista. Tarvitsetpa sitten innovatiivisia ratkaisuja uuteen aloitteeseen tai jatkuvaa tukea olemassa olevalle j\u00e4rjestelm\u00e4lle, FMP on valmis auttamaan sinua voittamaan tekniset haasteet ja varmistamaan jatkuvan menestyksesi.<\/p>\n<p><img loading=\"lazy\" decoding=\"async\" class=\"alignnone wp-image-2695\" src=\"https:\/\/fmp-components.com\/wp-content\/uploads\/2025\/01\/agricultural-gearbox3.webp\" alt=\"maatalousvaihteisto\" width=\"1140\" height=\"1138\" title=\"\" srcset=\"https:\/\/fmp-components.com\/wp-content\/uploads\/2025\/01\/agricultural-gearbox3.webp 1140w, https:\/\/fmp-components.com\/wp-content\/uploads\/2025\/01\/agricultural-gearbox3-480x479.webp 480w\" sizes=\"(min-width: 0px) and (max-width: 480px) 480px, (min-width: 481px) 1140px, 100vw\" \/><\/p>\n<p>Tekij\u00e4: CX<\/p>","protected":false},"excerpt":{"rendered":"<p>Product Specifications: &nbsp; Product Name Potato Harvester Gearbox Material Iron Type FMP-LLTC-14 Color Customization Rated Power 15KW Ratio 1:3.92 Warranty One and half year Used Potato harvester Advantages of Potato Harvester Gearbox The potato harvester gearbox is a vital component in modern agricultural machinery, providing several benefits that enhance the performance, efficiency, and durability of [&hellip;]<\/p>","protected":false},"featured_media":3139,"comment_status":"open","ping_status":"closed","template":"","meta":{"_et_pb_use_builder":"","_et_pb_old_content":"","_et_gb_content_width":""},"product_brand":[],"product_cat":[75],"product_tag":[],"class_list":{"0":"post-3134","1":"product","2":"type-product","3":"status-publish","4":"has-post-thumbnail","6":"product_cat-potato-harvester-gearbox","8":"first","9":"instock","10":"shipping-taxable","11":"product-type-simple"},"_links":{"self":[{"href":"https:\/\/fmp-components.com\/fi\/wp-json\/wp\/v2\/product\/3134","targetHints":{"allow":["GET"]}}],"collection":[{"href":"https:\/\/fmp-components.com\/fi\/wp-json\/wp\/v2\/product"}],"about":[{"href":"https:\/\/fmp-components.com\/fi\/wp-json\/wp\/v2\/types\/product"}],"replies":[{"embeddable":true,"href":"https:\/\/fmp-components.com\/fi\/wp-json\/wp\/v2\/comments?post=3134"}],"wp:featuredmedia":[{"embeddable":true,"href":"https:\/\/fmp-components.com\/fi\/wp-json\/wp\/v2\/media\/3139"}],"wp:attachment":[{"href":"https:\/\/fmp-components.com\/fi\/wp-json\/wp\/v2\/media?parent=3134"}],"wp:term":[{"taxonomy":"product_brand","embeddable":true,"href":"https:\/\/fmp-components.com\/fi\/wp-json\/wp\/v2\/product_brand?post=3134"},{"taxonomy":"product_cat","embeddable":true,"href":"https:\/\/fmp-components.com\/fi\/wp-json\/wp\/v2\/product_cat?post=3134"},{"taxonomy":"product_tag","embeddable":true,"href":"https:\/\/fmp-components.com\/fi\/wp-json\/wp\/v2\/product_tag?post=3134"}],"curies":[{"name":"wp","href":"https:\/\/api.w.org\/{rel}","templated":true}]}}