{"id":3129,"date":"2025-01-05T02:44:39","date_gmt":"2025-01-05T02:44:39","guid":{"rendered":"https:\/\/fmp-components.com\/?page_id=8"},"modified":"2025-01-05T02:44:39","modified_gmt":"2025-01-05T02:44:39","slug":"grain-auger-gearbox-fmp-2390-for-agricultural-grain-storage-and-transportation","status":"publish","type":"product","link":"https:\/\/fmp-components.com\/fi\/product\/grain-auger-gearbox-fmp-2390-for-agricultural-grain-storage-and-transportation\/","title":{"rendered":"Viljan ruuvivaihteisto FMP-2390 maatalouden viljan varastointiin ja kuljetukseen"},"content":{"rendered":"<h2>Viljaporavaihteiston FMP-2390 tekniset tiedot<\/h2>\n<p><img loading=\"lazy\" decoding=\"async\" class=\"alignnone size-full wp-image-3131\" src=\"https:\/\/fmp-components.com\/wp-content\/uploads\/2025\/01\/Grain-Auger-Gearbox-EP-2390-Dimension.webp\" alt=\"Viljaruuvin vaihdelaatikko-EP-2390-mitat\" width=\"1534\" height=\"1064\" title=\"\" srcset=\"https:\/\/fmp-components.com\/wp-content\/uploads\/2025\/01\/Grain-Auger-Gearbox-EP-2390-Dimension.webp 1534w, https:\/\/fmp-components.com\/wp-content\/uploads\/2025\/01\/Grain-Auger-Gearbox-EP-2390-Dimension-1280x888.webp 1280w, https:\/\/fmp-components.com\/wp-content\/uploads\/2025\/01\/Grain-Auger-Gearbox-EP-2390-Dimension-980x680.webp 980w, https:\/\/fmp-components.com\/wp-content\/uploads\/2025\/01\/Grain-Auger-Gearbox-EP-2390-Dimension-480x333.webp 480w\" sizes=\"(min-width: 0px) and (max-width: 480px) 480px, (min-width: 481px) and (max-width: 980px) 980px, (min-width: 981px) and (max-width: 1280px) 1280px, (min-width: 1281px) 1534px, 100vw\" \/><\/p>\n<table style=\"width: 95.8687%; height: 220px;\" border=\"1\" cellspacing=\"0\" cellpadding=\"0\">\n<tbody>\n<tr class=\"firstRow\">\n<td>Tuotteen nimi<\/td>\n<td>Viljaruuvin vaihdelaatikko FMP-2390<\/td>\n<\/tr>\n<tr>\n<td>Materiaali<\/td>\n<td>Kotelo HT250, akseli 20CrMnTi<\/td>\n<\/tr>\n<tr>\n<td>V\u00e4ri<\/td>\n<td>Tumma tai punainen tai r\u00e4\u00e4t\u00e4l\u00f6ityn\u00e4<\/td>\n<\/tr>\n<tr>\n<td>Tyyppi<\/td>\n<td>Kartiohammaspy\u00f6r\u00e4<\/td>\n<\/tr>\n<tr>\n<td>Suhde<\/td>\n<td>1:1<\/td>\n<\/tr>\n<tr>\n<td>Laakeri<\/td>\n<td>QC tai C&amp;U tai NTN<\/td>\n<\/tr>\n<tr>\n<td>Takuu<\/td>\n<td>puolitoista vuotta<\/td>\n<\/tr>\n<tr>\n<td>K\u00e4ytetty<\/td>\n<td>viljan varastointi<\/td>\n<\/tr>\n<\/tbody>\n<\/table>\n<h3>Viljan Auger-vaihteiston sovellukset viljan varastointiin ja kuljetukseen<\/h3>\n<p>Viljaruuvivaihteistoilla on ratkaiseva rooli viljan tehokkaassa liikuttelussa ja k\u00e4sittelyss\u00e4 varastointi- ja kuljetusprosessien aikana. Seuraavat ovat viljaruuvivaihteistojen keskeisi\u00e4 sovelluksia n\u00e4ill\u00e4 aloilla:<\/p>\n<ol>\n<li><strong>Viljan varastointisiilot:<\/strong>\n<ul>\n<li><strong>Viljasiilonit:<\/strong> Vaihteisto k\u00e4ytt\u00e4\u00e4 viljasiiloissa k\u00e4ytettyj\u00e4 kierukoita, jotka nostavat viljaa siilojen eri varastointitasoille. Viljan tehokas liikkuminen on olennaista paakkuuntumisen tai vaurioitumisen est\u00e4miseksi ja optimaalisten varastointiolosuhteiden varmistamiseksi.<\/li>\n<li><strong>Purkuj\u00e4rjestelm\u00e4t:<\/strong> Ruuvivaihteistot ovat olennainen osa viljan purkamista varastosiiloista kuorma-autoihin, kuljettimiin tai muihin kuljetusj\u00e4rjestelmiin. Niiden tarkkuus varmistaa viljan tasaisen ja tasaisen virtauksen est\u00e4en tukokset tai viiv\u00e4stykset.<\/li>\n<\/ul>\n<\/li>\n<li><strong>Viljan k\u00e4sittelylaitokset:<\/strong>\n<ul>\n<li><strong>Kuljetinj\u00e4rjestelm\u00e4t:<\/strong> Viljank\u00e4sittelylaitoksissa ruuvikuljettimia k\u00e4ytet\u00e4\u00e4n viljan siirt\u00e4miseen k\u00e4sittelylaitoksen eri osien v\u00e4lill\u00e4. Ne varmistavat, ett\u00e4 vilja kuljetetaan nopeasti varastointi-, puhdistus- ja jauhatusalueiden v\u00e4lill\u00e4.<\/li>\n<li><strong>Kuivausj\u00e4rjestelm\u00e4t:<\/strong> Viljan kuljetinruuvien vaihteistoja k\u00e4ytet\u00e4\u00e4n kuivausj\u00e4rjestelmiss\u00e4, joissa ruuvit siirt\u00e4v\u00e4t viljaa kuivauskammioiden l\u00e4pi, mik\u00e4 mahdollistaa tasaisen ilmavirran ja kosteuden v\u00e4henemisen. T\u00e4m\u00e4 varmistaa, ett\u00e4 vilja pysyy optimaalisessa kunnossa pitk\u00e4aikaista varastointia varten.<\/li>\n<\/ul>\n<\/li>\n<li><strong>Viljan kuljetus markkinoille:<\/strong>\n<ul>\n<li><strong>Kuorma-auton lastaus:<\/strong> Ruuvivaihteistot ovat v\u00e4ltt\u00e4m\u00e4tt\u00f6mi\u00e4 kuorma-autojen lastausasemilla, joissa niit\u00e4 k\u00e4ytet\u00e4\u00e4n viljan siirt\u00e4miseen varastoista tai siilojen kuljetusta varten kuorma-autoihin edelleen jakelua varten. Vaihteisto varmistaa sujuvan, nopean ja hallitun viljansiirron.<\/li>\n<li><strong>Irtotavarana k\u00e4ytett\u00e4v\u00e4n viljan k\u00e4sittely:<\/strong> Laitoksissa, joissa k\u00e4sitell\u00e4\u00e4n suuria m\u00e4\u00e4ri\u00e4 irtoviljaa, ruuvivaihteistot tarjoavat tarvittavan v\u00e4\u00e4nt\u00f6momentin viljan tehokkaaseen kuljettamiseen, minimoiden vuodot ja j\u00e4tteen sek\u00e4 maksimoiden l\u00e4pimenon.<\/li>\n<\/ul>\n<\/li>\n<li><strong>Viljan k\u00e4sittely ja jauhatus:<\/strong>\n<ul>\n<li><strong>Puhdistusj\u00e4rjestelm\u00e4t:<\/strong> Vaihteistoilla varustettuja viljankuljetusruiskuja k\u00e4ytet\u00e4\u00e4n puhdistusj\u00e4rjestelmiss\u00e4 viljan siirt\u00e4miseen erilaisten seulonta-, lajittelu- ja erotuskoneiden l\u00e4pi. N\u00e4m\u00e4 ruuvit auttavat poistamaan ei-toivotut roskat ja varmistamaan, ett\u00e4 jyv\u00e4t ovat valmiita jauhatukseen tai jatkok\u00e4sittelyyn.<\/li>\n<li><strong>Jyrsint\u00e4yksik\u00f6t:<\/strong> Ruuvivaihteistot tukevat my\u00f6s viljan kuljetusta jauhatusyksik\u00f6iss\u00e4, joissa vilja jauhetaan jauhoksi tai k\u00e4sitell\u00e4\u00e4n muuhun k\u00e4ytt\u00f6\u00f6n. Ne mahdollistavat viljan tasaisen sy\u00f6t\u00f6n jauhimisiin tai murskaimiin.<\/li>\n<\/ul>\n<\/li>\n<li><strong>K\u00e4ytt\u00f6 tilalla:<\/strong>\n<ul>\n<li><strong>Maatilan kairat:<\/strong> Viljan kuljetukseen puimureista varastosiiloihin tai per\u00e4vaunuihin maatiloilla k\u00e4ytet\u00e4\u00e4n yleisesti ruuvivaihteistoja. Vaihteistot tarjoavat ruuvien tarvitseman v\u00e4\u00e4nt\u00f6momentin ja ohjauksen, mik\u00e4 tekee niist\u00e4 tehokkaita viljan siirrossa sadonkorjuukausien aikana.<\/li>\n<li><strong>Viljasiiloj\u00e4rjestelm\u00e4t:<\/strong> Viljasiilojen ruuvivaihteistot helpottavat viljan siirt\u00e4mist\u00e4 tilan tai varastotilojen eri alueille varmistaen, ett\u00e4 vilja ei vaurioidu siirtoprosessin aikana.<\/li>\n<\/ul>\n<\/li>\n<\/ol>\n<p>Viljan kuljettimien vaihteistojen avulla maatalous- ja varastotilat voivat tehostaa toimintaansa, v\u00e4hent\u00e4\u00e4 k\u00e4ytt\u00f6kustannuksia ja yll\u00e4pit\u00e4\u00e4 korkeita viljan laatustandardeja.<\/p>\n<p><img loading=\"lazy\" decoding=\"async\" class=\"size-full wp-image-3132 aligncenter\" src=\"https:\/\/fmp-components.com\/wp-content\/uploads\/2025\/01\/Grain-Transportation-Gearbox-5.webp\" alt=\"Viljankuljetusvaihteisto-5\" width=\"800\" height=\"800\" title=\"\" srcset=\"https:\/\/fmp-components.com\/wp-content\/uploads\/2025\/01\/Grain-Transportation-Gearbox-5.webp 800w, https:\/\/fmp-components.com\/wp-content\/uploads\/2025\/01\/Grain-Transportation-Gearbox-5-480x480.webp 480w\" sizes=\"(min-width: 0px) and (max-width: 480px) 480px, (min-width: 481px) 800px, 100vw\" \/><\/p>\n<h2>Viljan ruuvivaihteiston t\u00e4rkeimm\u00e4t komponentit<\/h2>\n<p>Viljaruuvin vaihdelaatikko on kriittinen komponentti maatalous- ja varastointij\u00e4rjestelmiss\u00e4, koska se varmistaa viljan tehokkaan liikkumisen eri prosesseissa, kuten kuljetuksessa, varastoinnissa ja jauhatuksessa. Viljaruuvin vaihdelaatikon t\u00e4rkeimm\u00e4t komponentit on suunniteltu kest\u00e4viksi, tehokkaiksi ja tehokkaiksi. T\u00e4ss\u00e4 ovat t\u00e4rkeimm\u00e4t komponentit:<\/p>\n<ol>\n<li><strong>Vaihteiston kotelo:<\/strong>\n<ul>\n<li>Ulkokuori suojaa vaihteiston sis\u00e4isi\u00e4 komponentteja. Yleens\u00e4 eritt\u00e4in lujista materiaaleista, kuten valuraudasta tai kest\u00e4v\u00e4st\u00e4 ter\u00e4ksest\u00e4, valmistettu kotelo varmistaa, ett\u00e4 vaihteisto kest\u00e4\u00e4 maatalousymp\u00e4rist\u00f6jen ankaria olosuhteita, kuten altistumista p\u00f6lylle, kosteudelle ja \u00e4\u00e4rimm\u00e4isille l\u00e4mp\u00f6tiloille.<\/li>\n<\/ul>\n<\/li>\n<li><strong>Tuloakseli:<\/strong>\n<ul>\n<li>Sis\u00e4\u00e4ntuloakseli on komponentti, joka vastaanottaa voiman k\u00e4ytt\u00f6l\u00e4hteest\u00e4 (esim. s\u00e4hk\u00f6moottori, traktorin voimanottoakseli tai moottori). Se siirt\u00e4\u00e4 py\u00f6rimisliikkeen vaihteistoon, joka puolestaan \u200b\u200bv\u00e4littyy ruuvimekanismiin. Sis\u00e4\u00e4ntuloakseli on suunniteltu k\u00e4sittelem\u00e4\u00e4n suuria py\u00f6rimisnopeuksia ja v\u00e4\u00e4nt\u00f6momenttikuormia.<\/li>\n<\/ul>\n<\/li>\n<li><strong>Ulostuloakseli:<\/strong>\n<ul>\n<li>Ulostuloakseli on kytketty ruuviin ja v\u00e4litt\u00e4\u00e4 vaihteiston tuottaman py\u00f6rimisliikkeen itse ruuviin. Sill\u00e4 on t\u00e4rke\u00e4 rooli sen varmistamisessa, ett\u00e4 ruuvi toimii sujuvasti viljan siirt\u00e4miseksi. Ulostuloakseli on yleens\u00e4 suunniteltu raskaaseen k\u00e4ytt\u00f6\u00f6n tarkoitetuilla laakereilla, jotka tukevat kuormaa ja est\u00e4v\u00e4t kulumista pitkien k\u00e4ytt\u00f6tuntien aikana.<\/li>\n<\/ul>\n<\/li>\n<li><strong>Vaihteet:<\/strong>\n<ul>\n<li>Vaihteiston sis\u00e4ll\u00e4 olevat hammaspy\u00f6r\u00e4t ovat ensisijaisia \u200b\u200bkomponentteja, jotka vastaavat sis\u00e4\u00e4ntulevan v\u00e4\u00e4nt\u00f6momentin ja nopeuden muuntamisesta halutuksi tehoksi. Yleisi\u00e4 viljaruuvien vaihteistoissa k\u00e4ytettyj\u00e4 hammaspy\u00f6ri\u00e4 ovat:\n<ul>\n<li><strong>Kierrevaihteet:<\/strong> Tarjoaa sujuvan ja hiljaisen toiminnan parannetulla tehokkuudella.<\/li>\n<li><strong>Lieri\u00f6py\u00f6r\u00e4t:<\/strong> Yksinkertaisempi ja kustannustehokkaampi, mutta tyypillisesti meluisampi kuin kierukkavaihteet.<\/li>\n<li><strong>Kartiohammaspy\u00f6r\u00e4t:<\/strong> K\u00e4ytet\u00e4\u00e4n py\u00f6rimissuunnan vaihtamiseen, yleisesti kulmavaihteissa.<\/li>\n<\/ul>\n<\/li>\n<li>Vaihteiston valinta riippuu vaaditusta v\u00e4\u00e4nt\u00f6momentista, nopeudesta ja kest\u00e4vyydest\u00e4.<\/li>\n<\/ul>\n<\/li>\n<li><strong>Laakerit:<\/strong>\n<ul>\n<li>Laakerit tukevat vaihteiston py\u00f6rivi\u00e4 akseleita minimoiden kitkan ja varmistaen tasaisen toiminnan. Ne ovat ratkaisevan t\u00e4rkeit\u00e4 vakauden yll\u00e4pit\u00e4miselle ja kulumisen v\u00e4hent\u00e4miselle, erityisesti raskaiden kuormien alla. Korkealaatuiset laakerit valitaan vaihteiston k\u00e4ytt\u00f6i\u00e4n pident\u00e4miseksi ja huollon tarpeen v\u00e4hent\u00e4miseksi.<\/li>\n<\/ul>\n<\/li>\n<\/ol>\n<p>Viljaruuvivaihteiston keskeiset komponentit toimivat yhdess\u00e4 varmistaakseen tehokkaan ja luotettavan suorituskyvyn viljan k\u00e4sittelyss\u00e4 ja kuljetuksessa. N\u00e4iden komponenttien oikea valinta, huolto ja voitelu ovat olennaisia \u200b\u200boptimaalisen toiminnan ja pitk\u00e4n k\u00e4ytt\u00f6i\u00e4n varmistamiseksi, mik\u00e4 tekee viljaruuvivaihteistosta elint\u00e4rke\u00e4n osan nykyaikaisia \u200b\u200bmaatalous- ja varastointitoimintoja.<\/p>\n<p><img loading=\"lazy\" decoding=\"async\" class=\"alignnone size-full wp-image-3133\" src=\"https:\/\/fmp-components.com\/wp-content\/uploads\/2025\/01\/Grain-Transportation-Gearbox-6.webp\" alt=\"Viljankuljetusvaihteisto-6\" width=\"1534\" height=\"1286\" title=\"\" srcset=\"https:\/\/fmp-components.com\/wp-content\/uploads\/2025\/01\/Grain-Transportation-Gearbox-6.webp 1534w, https:\/\/fmp-components.com\/wp-content\/uploads\/2025\/01\/Grain-Transportation-Gearbox-6-1280x1073.webp 1280w, https:\/\/fmp-components.com\/wp-content\/uploads\/2025\/01\/Grain-Transportation-Gearbox-6-980x822.webp 980w, https:\/\/fmp-components.com\/wp-content\/uploads\/2025\/01\/Grain-Transportation-Gearbox-6-480x402.webp 480w\" sizes=\"(min-width: 0px) and (max-width: 480px) 480px, (min-width: 481px) and (max-width: 980px) 980px, (min-width: 981px) and (max-width: 1280px) 1280px, (min-width: 1281px) 1534px, 100vw\" \/><\/p>\n<h2>Tietoja FMP:st\u00e4<\/h2>\n<p>Italiassa p\u00e4\u00e4konttoriaan pit\u00e4v\u00e4 FMP on johtava valmistaja, joka tunnetaan asiantuntemuksestaan \u200b\u200btehokkaiden vaihteistojen suunnittelussa, kehitt\u00e4misess\u00e4 ja valmistuksessa. Yrityksen p\u00e4\u00e4paino on maatalouskonesektorilla. Tarkkuudestaan, innovatiivisista ratkaisuistaan \u200b\u200bja vankasta luotettavuudestaan \u200b\u200btunnettu FMP on ansainnut maineen luotettavana kumppanina sek\u00e4 maatalous- ett\u00e4 teollisuusmarkkinoilla. Kattava valikoimamme sis\u00e4lt\u00e4\u00e4 ruohonleikkureiden mittatilausty\u00f6n\u00e4 valmistettuja vaihteistoja, nivelakseleita ja laajan valikoiman t\u00e4rkeit\u00e4 komponentteja, jotka kaikki on huolellisesti valmistettu vastaamaan erilaisten sovellusten erityisvaatimuksia.<\/p>\n<p>FMP:ll\u00e4 ymm\u00e4rr\u00e4mme, ett\u00e4 jokainen asiakas kohtaa ainutlaatuisia haasteita. Siksi olemme erikoistuneet r\u00e4\u00e4t\u00e4l\u00f6ityjen ratkaisujen toimittamiseen, olipa kyse sitten yksitt\u00e4isist\u00e4 komponenteista tai t\u00e4ysin integroiduista j\u00e4rjestelmist\u00e4. Tiiviill\u00e4 yhteisty\u00f6ll\u00e4 asiakkaidemme kanssa varmistamme, ett\u00e4 jokainen ratkaisu ei ainoastaan \u200b\u200bvastaa heid\u00e4n tarpeisiinsa, vaan my\u00f6s optimoi suorituskyvyn ja maksimoi arvon. Sitoutumisemme nopeisiin ja ammattimaisiin vastauksiin sek\u00e4 asiantuntevaan ohjaukseen takaa, ett\u00e4 jokainen tiedustelu k\u00e4sitell\u00e4\u00e4n tarkasti, varmistaen parhaat tulokset joka kerta.<\/p>\n<p>Priorisoimme selke\u00e4\u00e4 ja jatkuvaa viestint\u00e4\u00e4 koko tuotekehityssyklin ajan. Omistautunut tiimimme tekee tiivist\u00e4 yhteisty\u00f6t\u00e4 asiakkaiden kanssa ymm\u00e4rt\u00e4\u00e4kseen perusteellisesti heid\u00e4n vaatimuksensa ja tarjotakseen arvokkaita n\u00e4kemyksi\u00e4 ja suosituksia optimaalisten tulosten saavuttamiseksi. Olipa kyseess\u00e4 huippuluokan tuotteiden suunnittelu tai rutiinitilausten t\u00e4ytt\u00e4minen, FMP on sitoutunut toimittamaan korkealaatuisia, tarkasti suunniteltuja ratkaisuja ajallaan, joka kerta. Missiomme on jatkuvasti ylitt\u00e4\u00e4 asiakkaiden odotukset ja tarjota poikkeuksellista palvelua ja tuloksia jokaisessa projektissa.<\/p>\n<p>Laatu on FMP:n toiminnan ytimess\u00e4. Noudatamme korkeimpia valmistusstandardeja ja toteutamme tiukkoja laadunvalvontatoimenpiteit\u00e4 varmistaaksemme, ett\u00e4 jokainen tuote t\u00e4ytt\u00e4\u00e4 ja usein ylitt\u00e4\u00e4 alan standardit. T\u00e4m\u00e4 sitoutuminen huippuosaamiseen sek\u00e4 ydinarvomme, kuten rehellisyys, tiimity\u00f6 ja sinnikkyys, ovat mahdollistaneet pitk\u00e4aikaisten ja luottamukseen perustuvien asiakassuhteiden rakentamisen l\u00e4hes 30 maassa maailmanlaajuisesti.<\/p>\n<p>FMP on aina halukas kehitt\u00e4m\u00e4\u00e4n globaaleja kumppanuuksia tarjoamalla asiantuntevaa neuvontaa ja r\u00e4\u00e4t\u00e4l\u00f6ityj\u00e4 ratkaisuja, jotka vastaavat asiakkaidemme kehittyviin tarpeisiin. Pyrimme rakentamaan pitk\u00e4aikaisia, molempia osapuolia hy\u00f6dytt\u00e4vi\u00e4 suhteita, jotka edist\u00e4v\u00e4t jokaisen projektin onnistumista. Tarvitsetpa sitten innovatiivisia ratkaisuja uuteen aloitteeseen tai jatkuvaa tukea olemassa olevalle j\u00e4rjestelm\u00e4lle, FMP on valmis auttamaan sinua voittamaan tekniset haasteet ja varmistamaan jatkuvan menestyksesi.<\/p>\n<p><img loading=\"lazy\" decoding=\"async\" class=\"alignnone wp-image-2695\" src=\"https:\/\/fmp-components.com\/wp-content\/uploads\/2025\/01\/agricultural-gearbox3.webp\" alt=\"maatalousvaihteisto\" width=\"1140\" height=\"1138\" title=\"\" srcset=\"https:\/\/fmp-components.com\/wp-content\/uploads\/2025\/01\/agricultural-gearbox3.webp 1140w, https:\/\/fmp-components.com\/wp-content\/uploads\/2025\/01\/agricultural-gearbox3-480x479.webp 480w\" sizes=\"(min-width: 0px) and (max-width: 480px) 480px, (min-width: 481px) 1140px, 100vw\" \/><\/p>\n<p>Tekij\u00e4: CX<\/p>","protected":false},"excerpt":{"rendered":"<p>Grain Auger Gearbox FMP-2390 Specifications Product Name Grain auger gearbox FMP-2390 Material Housing as HT250, Shaft as 20CrMnTi Color Dark or Red or as customized Type Bevel gear Ratio 1:1 Bearing QC or C&amp;U or NTN Warranty one and half year Used grain storage Applications of Grain Auger Gearbox for Grain Storage and Transportation Grain [&hellip;]<\/p>","protected":false},"featured_media":3130,"comment_status":"open","ping_status":"closed","template":"","meta":{"_et_pb_use_builder":"","_et_pb_old_content":"","_et_gb_content_width":""},"product_brand":[],"product_cat":[74],"product_tag":[],"class_list":{"0":"post-3129","1":"product","2":"type-product","3":"status-publish","4":"has-post-thumbnail","6":"product_cat-grain-transportation-gearbox","8":"first","9":"instock","10":"shipping-taxable","11":"product-type-simple"},"_links":{"self":[{"href":"https:\/\/fmp-components.com\/fi\/wp-json\/wp\/v2\/product\/3129","targetHints":{"allow":["GET"]}}],"collection":[{"href":"https:\/\/fmp-components.com\/fi\/wp-json\/wp\/v2\/product"}],"about":[{"href":"https:\/\/fmp-components.com\/fi\/wp-json\/wp\/v2\/types\/product"}],"replies":[{"embeddable":true,"href":"https:\/\/fmp-components.com\/fi\/wp-json\/wp\/v2\/comments?post=3129"}],"wp:featuredmedia":[{"embeddable":true,"href":"https:\/\/fmp-components.com\/fi\/wp-json\/wp\/v2\/media\/3130"}],"wp:attachment":[{"href":"https:\/\/fmp-components.com\/fi\/wp-json\/wp\/v2\/media?parent=3129"}],"wp:term":[{"taxonomy":"product_brand","embeddable":true,"href":"https:\/\/fmp-components.com\/fi\/wp-json\/wp\/v2\/product_brand?post=3129"},{"taxonomy":"product_cat","embeddable":true,"href":"https:\/\/fmp-components.com\/fi\/wp-json\/wp\/v2\/product_cat?post=3129"},{"taxonomy":"product_tag","embeddable":true,"href":"https:\/\/fmp-components.com\/fi\/wp-json\/wp\/v2\/product_tag?post=3129"}],"curies":[{"name":"wp","href":"https:\/\/api.w.org\/{rel}","templated":true}]}}