{"id":312,"date":"2024-12-09T06:27:40","date_gmt":"2024-12-09T06:27:40","guid":{"rendered":"https:\/\/fmp-components.com\/?page_id=8"},"modified":"2024-12-09T06:44:39","modified_gmt":"2024-12-09T06:44:39","slug":"forklift-steering-hydraulic-cylinder","status":"publish","type":"product","link":"https:\/\/fmp-components.com\/fi\/product\/forklift-steering-hydraulic-cylinder\/","title":{"rendered":"Trukin ohjaushydraulinen sylinteri"},"content":{"rendered":"<p style=\"text-align: center;\"><span style=\"font-size: 24pt;\">Trukin ohjaushydraulinen sylinteri<\/span><img loading=\"lazy\" decoding=\"async\" class=\"size-full wp-image-320 aligncenter\" src=\"https:\/\/fmp-components.com\/wp-content\/uploads\/2024\/12\/Forklift-Steering-Hydraulic-Cylinder-1.webp\" alt=\"Trukin ohjaus-hydraulinen sylinteri\" width=\"500\" height=\"500\" title=\"\" srcset=\"https:\/\/fmp-components.com\/wp-content\/uploads\/2024\/12\/Forklift-Steering-Hydraulic-Cylinder-1.webp 500w, https:\/\/fmp-components.com\/wp-content\/uploads\/2024\/12\/Forklift-Steering-Hydraulic-Cylinder-1-480x480.webp 480w\" sizes=\"(min-width: 0px) and (max-width: 480px) 480px, (min-width: 481px) 500px, 100vw\" \/><\/p>\n<h2 style=\"text-align: center;\">Trukin ohjaushydraulisen sylinterin osat:<\/h2>\n<p><img loading=\"lazy\" decoding=\"async\" class=\"alignnone size-full wp-image-319\" src=\"https:\/\/fmp-components.com\/wp-content\/uploads\/2024\/12\/Forklift-Steering-Hydraulic-Cylinder-Parts.webp\" alt=\"Trukin ohjaus-hydrauliset sylinteriosat\" width=\"1024\" height=\"594\" title=\"\" srcset=\"https:\/\/fmp-components.com\/wp-content\/uploads\/2024\/12\/Forklift-Steering-Hydraulic-Cylinder-Parts.webp 1024w, https:\/\/fmp-components.com\/wp-content\/uploads\/2024\/12\/Forklift-Steering-Hydraulic-Cylinder-Parts-980x568.webp 980w, https:\/\/fmp-components.com\/wp-content\/uploads\/2024\/12\/Forklift-Steering-Hydraulic-Cylinder-Parts-480x278.webp 480w\" sizes=\"(min-width: 0px) and (max-width: 480px) 480px, (min-width: 481px) and (max-width: 980px) 980px, (min-width: 981px) 1024px, 100vw\" \/><\/p>\n<table style=\"width: 100%;\" border=\"1\" width=\"100%\" cellspacing=\"0\" cellpadding=\"0\">\n<tbody>\n<tr>\n<td style=\"width: 7.61801%;\" colspan=\"1\" rowspan=\"1\">\n<div class=\"magic-27\" data-spm-anchor-id=\"a2700.details.0.i41.45d84a73e99C9z\">1<\/div>\n<\/td>\n<td style=\"width: 43.3478%;\" colspan=\"1\" rowspan=\"1\">\n<div class=\"magic-28\">Kuusiokolopultti<\/div>\n<\/td>\n<td style=\"width: 7.0816%;\" colspan=\"1\" rowspan=\"1\">\n<div class=\"magic-29\">9<\/div>\n<\/td>\n<td style=\"width: 41.8455%;\" colspan=\"1\" rowspan=\"1\">\n<div class=\"magic-30\">P\u00f6lynpyyhin<\/div>\n<\/td>\n<\/tr>\n<tr>\n<td style=\"width: 7.61801%;\" colspan=\"1\" rowspan=\"1\">\n<div class=\"magic-27\">2<\/div>\n<\/td>\n<td style=\"width: 43.3478%;\" colspan=\"1\" rowspan=\"1\">\n<div class=\"magic-28\">Clevis<\/div>\n<\/td>\n<td style=\"width: 7.0816%;\" colspan=\"1\" rowspan=\"1\">\n<div class=\"magic-29\">10<\/div>\n<\/td>\n<td style=\"width: 41.8455%;\" colspan=\"1\" rowspan=\"1\">\n<div class=\"magic-30\">Tangon tiiviste<\/div>\n<\/td>\n<\/tr>\n<tr>\n<td style=\"width: 7.61801%;\" colspan=\"1\" rowspan=\"1\">\n<div class=\"magic-27\">3<\/div>\n<\/td>\n<td style=\"width: 43.3478%;\" colspan=\"1\" rowspan=\"1\">\n<div class=\"magic-28\">Jousialuslevyt<\/div>\n<\/td>\n<td style=\"width: 7.0816%;\" colspan=\"1\" rowspan=\"1\">\n<div class=\"magic-29\">11<\/div>\n<\/td>\n<td style=\"width: 41.8455%;\" colspan=\"1\" rowspan=\"1\">\n<div class=\"magic-30\">Du Bush<\/div>\n<\/td>\n<\/tr>\n<tr>\n<td style=\"width: 7.61801%;\" colspan=\"1\" rowspan=\"1\">\n<div class=\"magic-27\">4<\/div>\n<\/td>\n<td style=\"width: 43.3478%;\" colspan=\"1\" rowspan=\"1\">\n<div class=\"magic-28\">Kuusiokolomutteri<\/div>\n<\/td>\n<td style=\"width: 7.0816%;\" colspan=\"1\" rowspan=\"1\">\n<div class=\"magic-29\">12<\/div>\n<\/td>\n<td style=\"width: 41.8455%;\" colspan=\"1\" rowspan=\"1\">\n<div class=\"magic-30\">Sylinterikotelo<\/div>\n<\/td>\n<\/tr>\n<tr>\n<td style=\"width: 7.61801%;\" colspan=\"1\" rowspan=\"1\">\n<div class=\"magic-27\">5<\/div>\n<\/td>\n<td style=\"width: 43.3478%;\" colspan=\"1\" rowspan=\"1\">\n<div class=\"magic-28\">Opas Bush<\/div>\n<\/td>\n<td style=\"width: 7.0816%;\" colspan=\"1\" rowspan=\"1\">\n<div class=\"magic-29\">13<\/div>\n<\/td>\n<td style=\"width: 41.8455%;\" colspan=\"1\" rowspan=\"1\">\n<div class=\"magic-30\">Rei\u00e4n tiiviste<\/div>\n<\/td>\n<\/tr>\n<tr>\n<td style=\"width: 7.61801%;\" colspan=\"1\" rowspan=\"1\">\n<div class=\"magic-27\">6<\/div>\n<\/td>\n<td style=\"width: 43.3478%;\" colspan=\"1\" rowspan=\"1\">\n<div class=\"magic-28\">O-rengas<\/div>\n<\/td>\n<td style=\"width: 7.0816%;\" colspan=\"1\" rowspan=\"1\">\n<div class=\"magic-29\">14<\/div>\n<\/td>\n<td style=\"width: 41.8455%;\" colspan=\"1\" rowspan=\"1\">\n<div class=\"magic-30\">M\u00e4nt\u00e4<\/div>\n<\/td>\n<\/tr>\n<tr>\n<td style=\"width: 7.61801%;\" colspan=\"1\" rowspan=\"1\">\n<div class=\"magic-27\">7<\/div>\n<\/td>\n<td style=\"width: 43.3478%;\" colspan=\"1\" rowspan=\"1\">\n<div class=\"magic-28\">O-rengas<\/div>\n<\/td>\n<td style=\"width: 7.0816%;\" colspan=\"1\" rowspan=\"1\">\n<div class=\"magic-29\">15<\/div>\n<\/td>\n<td style=\"width: 41.8455%;\" colspan=\"1\" rowspan=\"1\">\n<div class=\"magic-30\">O-rengas<\/div>\n<\/td>\n<\/tr>\n<tr>\n<td style=\"width: 7.61801%;\" colspan=\"1\" rowspan=\"1\">\n<div class=\"magic-27\">8<\/div>\n<\/td>\n<td style=\"width: 43.3478%;\" colspan=\"1\" rowspan=\"1\">\n<div class=\"magic-28\">Py\u00f6re\u00e4 lanka<\/div>\n<\/td>\n<td style=\"width: 7.0816%;\" colspan=\"1\" rowspan=\"1\">\n<div class=\"magic-29\">16<\/div>\n<\/td>\n<td style=\"width: 41.8455%;\" colspan=\"1\" rowspan=\"1\">\n<div class=\"magic-30\">M\u00e4nn\u00e4nvarsi<\/div>\n<\/td>\n<\/tr>\n<\/tbody>\n<\/table>\n<h2>Trukin ohjaushydraulisylinterin mitat:<\/h2>\n<table>\n<tbody>\n<tr>\n<td><img loading=\"lazy\" decoding=\"async\" class=\"alignnone size-full wp-image-314\" src=\"https:\/\/fmp-components.com\/wp-content\/uploads\/2024\/12\/Forklift-Steering-Hydraulic-Cylinder-Dimensions-1.webp\" alt=\"Trukin-Ohjaus-Hydraulinen-Sylinteri-Mitat-1\" width=\"600\" height=\"230\" title=\"\" srcset=\"https:\/\/fmp-components.com\/wp-content\/uploads\/2024\/12\/Forklift-Steering-Hydraulic-Cylinder-Dimensions-1.webp 600w, https:\/\/fmp-components.com\/wp-content\/uploads\/2024\/12\/Forklift-Steering-Hydraulic-Cylinder-Dimensions-1-480x184.webp 480w\" sizes=\"(min-width: 0px) and (max-width: 480px) 480px, (min-width: 481px) 600px, 100vw\" \/><\/td>\n<td><img loading=\"lazy\" decoding=\"async\" class=\"alignnone size-full wp-image-315\" src=\"https:\/\/fmp-components.com\/wp-content\/uploads\/2024\/12\/Forklift-Steering-Hydraulic-Cylinder-Dimensions-2.webp\" alt=\"Trukin-Ohjaus-Hydraulinen-Sylinteri-Mitat-2\" width=\"600\" height=\"230\" title=\"\" srcset=\"https:\/\/fmp-components.com\/wp-content\/uploads\/2024\/12\/Forklift-Steering-Hydraulic-Cylinder-Dimensions-2.webp 600w, https:\/\/fmp-components.com\/wp-content\/uploads\/2024\/12\/Forklift-Steering-Hydraulic-Cylinder-Dimensions-2-480x184.webp 480w\" sizes=\"(min-width: 0px) and (max-width: 480px) 480px, (min-width: 481px) 600px, 100vw\" \/><\/td>\n<\/tr>\n<\/tbody>\n<\/table>\n<table border=\"1\" cellspacing=\"0\" cellpadding=\"0\">\n<tbody>\n<tr>\n<td width=\"246\">Sylinterin nimi<\/td>\n<td width=\"336\">piirustusnumero<\/td>\n<td width=\"126\">rei\u00e4n halkaisija (D)<\/td>\n<td width=\"123\">tangon halkaisija (d)<\/td>\n<td width=\"114\">aivohalvaus (S)<\/td>\n<td width=\"170\">Asennuset\u00e4isyys (L)<\/td>\n<td width=\"172\">ty\u00f6paine<\/td>\n<td width=\"366\">Liit\u00e4nn\u00e4n mitat (M)<\/td>\n<td width=\"96\">paino<\/td>\n<\/tr>\n<tr>\n<td class=\"et3\" width=\"246\" height=\"325\">Ohjaussylinteri<\/td>\n<td class=\"et4\" width=\"336\">R960-224000-001<\/td>\n<td class=\"et4\" width=\"126\">\u03a665<\/td>\n<td class=\"et4\" width=\"123\">\u03a640<\/td>\n<td class=\"et4\" width=\"114\">2*98<\/td>\n<td class=\"et4\" width=\"170\">672<\/td>\n<td class=\"et4\" width=\"172\">10,5 MPa<\/td>\n<td class=\"et4\" width=\"366\">2-G1\/4<\/td>\n<td class=\"et4\" width=\"96\">15 kg<\/td>\n<\/tr>\n<\/tbody>\n<\/table>\n<table>\n<tbody>\n<tr>\n<td><img loading=\"lazy\" decoding=\"async\" class=\"alignnone size-full wp-image-316\" src=\"https:\/\/fmp-components.com\/wp-content\/uploads\/2024\/12\/Forklift-Steering-Hydraulic-Cylinder-Dimensions-3.webp\" alt=\"Trukin ohjaus-hydrauliikan sylinterin mitat\" width=\"600\" height=\"240\" title=\"\" srcset=\"https:\/\/fmp-components.com\/wp-content\/uploads\/2024\/12\/Forklift-Steering-Hydraulic-Cylinder-Dimensions-3.webp 600w, https:\/\/fmp-components.com\/wp-content\/uploads\/2024\/12\/Forklift-Steering-Hydraulic-Cylinder-Dimensions-3-480x192.webp 480w\" sizes=\"(min-width: 0px) and (max-width: 480px) 480px, (min-width: 481px) 600px, 100vw\" \/><\/td>\n<td><img loading=\"lazy\" decoding=\"async\" class=\"alignnone size-full wp-image-317\" src=\"https:\/\/fmp-components.com\/wp-content\/uploads\/2024\/12\/Forklift-Steering-Hydraulic-Cylinder-Dimensions-4.webp\" alt=\"Trukin ohjaus-hydrauliikan sylinterin mitat\" width=\"600\" height=\"240\" title=\"\" srcset=\"https:\/\/fmp-components.com\/wp-content\/uploads\/2024\/12\/Forklift-Steering-Hydraulic-Cylinder-Dimensions-4.webp 600w, https:\/\/fmp-components.com\/wp-content\/uploads\/2024\/12\/Forklift-Steering-Hydraulic-Cylinder-Dimensions-4-480x192.webp 480w\" sizes=\"(min-width: 0px) and (max-width: 480px) 480px, (min-width: 481px) 600px, 100vw\" \/><\/td>\n<\/tr>\n<\/tbody>\n<\/table>\n<table border=\"1\" cellspacing=\"0\" cellpadding=\"0\">\n<tbody>\n<tr>\n<td width=\"246\">Sylinterin nimi<\/td>\n<td width=\"336\">piirustusnumero<\/td>\n<td width=\"126\">rei\u00e4n halkaisija (D)<\/td>\n<td width=\"123\">tangon halkaisija (d)<\/td>\n<td width=\"114\">aivohalvaus (S)<\/td>\n<td width=\"170\">Asennuset\u00e4isyys (L)<\/td>\n<td width=\"172\">ty\u00f6paine<\/td>\n<td width=\"366\">Liit\u00e4nn\u00e4n mitat (M)<\/td>\n<td width=\"96\">paino<\/td>\n<\/tr>\n<tr>\n<td class=\"et3\" width=\"246\" height=\"325\">Ohjaussylinteri<\/td>\n<td class=\"et4\" width=\"336\">A2A300-223000-000<\/td>\n<td class=\"et4\" width=\"126\">\u03a680<\/td>\n<td class=\"et4\" width=\"123\">\u03a650<\/td>\n<td class=\"et4\" width=\"114\">2*103<\/td>\n<td class=\"et4\" width=\"170\">652.2<\/td>\n<td class=\"et4\" width=\"172\">10 MPa<\/td>\n<td class=\"et4\" width=\"366\">2-M16*1.5<\/td>\n<td class=\"et4\" width=\"96\">18 kg<\/td>\n<\/tr>\n<\/tbody>\n<\/table>\n<table>\n<tbody>\n<tr>\n<td><img loading=\"lazy\" decoding=\"async\" class=\"alignnone size-full wp-image-313\" src=\"https:\/\/fmp-components.com\/wp-content\/uploads\/2024\/12\/CUOJqIN9-Forklift-Steering-Hydraulic-Cylinder-Dimensions-5.webp\" alt=\"Trukin-Ohjaus-Hydraulinen-Sylinteri-Mitat-5\" width=\"600\" height=\"250\" title=\"\" srcset=\"https:\/\/fmp-components.com\/wp-content\/uploads\/2024\/12\/CUOJqIN9-Forklift-Steering-Hydraulic-Cylinder-Dimensions-5.webp 600w, https:\/\/fmp-components.com\/wp-content\/uploads\/2024\/12\/CUOJqIN9-Forklift-Steering-Hydraulic-Cylinder-Dimensions-5-480x200.webp 480w\" sizes=\"(min-width: 0px) and (max-width: 480px) 480px, (min-width: 481px) 600px, 100vw\" \/><\/td>\n<td><img loading=\"lazy\" decoding=\"async\" class=\"alignnone size-full wp-image-318\" src=\"https:\/\/fmp-components.com\/wp-content\/uploads\/2024\/12\/Forklift-Steering-Hydraulic-Cylinder-Dimensions-6.webp\" alt=\"Trukin ohjaus-hydrauliikan sylinterin mitat\" width=\"600\" height=\"250\" title=\"\" srcset=\"https:\/\/fmp-components.com\/wp-content\/uploads\/2024\/12\/Forklift-Steering-Hydraulic-Cylinder-Dimensions-6.webp 600w, https:\/\/fmp-components.com\/wp-content\/uploads\/2024\/12\/Forklift-Steering-Hydraulic-Cylinder-Dimensions-6-480x200.webp 480w\" sizes=\"(min-width: 0px) and (max-width: 480px) 480px, (min-width: 481px) 600px, 100vw\" \/><\/td>\n<\/tr>\n<\/tbody>\n<\/table>\n<table border=\"1\" cellspacing=\"0\" cellpadding=\"0\">\n<tbody>\n<tr>\n<td width=\"246\">Sylinterin nimi<\/td>\n<td width=\"336\">piirustusnumero<\/td>\n<td width=\"126\">rei\u00e4n halkaisija (D)<\/td>\n<td width=\"123\">tangon halkaisija (d)<\/td>\n<td width=\"114\">aivohalvaus (S)<\/td>\n<td width=\"170\">Asennuset\u00e4isyys (L)<\/td>\n<td width=\"172\">ty\u00f6paine<\/td>\n<td width=\"366\">Liit\u00e4nn\u00e4n mitat (M)<\/td>\n<td width=\"96\">paino<\/td>\n<\/tr>\n<tr>\n<td class=\"et3\" width=\"246\" height=\"325\">Ohjaussylinteri<\/td>\n<td class=\"et4\" width=\"336\">XF250-223000-500T<\/td>\n<td class=\"et4\" width=\"126\">\u03a680<\/td>\n<td class=\"et4\" width=\"123\">\u03a650<\/td>\n<td class=\"et4\" width=\"114\">2*94<\/td>\n<td class=\"et4\" width=\"170\">654<\/td>\n<td class=\"et4\" width=\"172\">16MPa<\/td>\n<td class=\"et4\" width=\"366\">2-M16*1.5<\/td>\n<td class=\"et4\" width=\"96\">20 kg<\/td>\n<\/tr>\n<\/tbody>\n<\/table>\n<h2>Saatavilla olevat hydraulisylinterit Merkki ja mallit:<\/h2>\n<table border=\"1\" cellspacing=\"0\" cellpadding=\"0\">\n<tbody>\n<tr>\n<td><b data-spm-anchor-id=\"a2700.details.0.i43.45d84a73e99C9z\">KOMATSU (PC)<\/b><\/td>\n<td>PC30, PC40, PC50, PC56, PC60, PC78, PC100, PC110, PC120, PC130, PC160, PC200-3\/5\/6\/7\/8\/8MO, PC210, PC220-5\/6\/7\/8\/8MO, PC240, PC300\/350\/360-5\/6\/7\/8\/8MO, PC400\/450-5\/6\/7\/8\/8MO, PC800, PC850<\/td>\n<\/tr>\n<tr>\n<td><b>CATERPILLAR (E)<\/b><\/td>\n<td>E301.5, E302, E305.5, E306, E307V1\/V2\/B\/C\/D\/E\/F, E308B\/C, E120B, E312V1\/V2\/B\/C\/D, E313D2, E312D2, E315D<br \/>\nE200B,E320V1\/V2\/A\/B\/C\/D,E324D,E325C\/D,E329D,E330\/336C\/D,E345C,E349D,E365C,E374,E390<\/td>\n<\/tr>\n<tr>\n<td><b>KOBELCO (SK)<\/b><\/td>\n<td>SK60-3\/5\/8, SK75-8\/SR, SK100 ,SK120-3\/5, SK135-8\/SR, SK140-8, SK200-3\/5\/6\/6E, SK210-3\/5\/6\/6E,<br \/>\nSK230\/250-6E,SK250-8,SK260-8,SK350-8\/S8,SK460\/480-8<\/td>\n<\/tr>\n<tr>\n<td><b>HYUNDAI (R)<\/b><\/td>\n<td>R55-5\/7, R60-5\/7, R80, R110, R130, R200-5, R210-5, R215-5\/7, R220-5\/7\/9, R225-5\/7\/9, R250, R260, R265, R290, R305, R445, R485, R505<\/td>\n<\/tr>\n<tr>\n<td><b data-spm-anchor-id=\"a2700.details.0.i53.45d84a73e99C9z\">HITACHI (esim. ZX)<\/b><\/td>\n<td>EX60, EX100-1\/2\/3, EX120-1\/3\/5\/6, EX200-1\/3\/5, EX230-5, EX300-1, EX400<br \/>\nZAX60,ZAX70,ZA120-6,ZAX200\/210-1\/3\/5\/5K,ZAX240,ZAX250,ZAX260,ZAX330-3\/5\/6,ZAX450\/470,ZAX650\/670,ZAX850\/870<\/td>\n<\/tr>\n<tr>\n<td>\n<div class=\"magic-32\"><b data-spm-anchor-id=\"a2700.details.0.i55.45d84a73e99C9z\">DOOSAN (DH\/DX)<\/b><\/div>\n<\/td>\n<td>\n<div class=\"magic-33\"><span class=\"magic-34\">DH55, DH60, DH80, DH150, DH215-5\/7, DH220-5, DH225-5\/7, DH258, DH300-5\/7, DH370, DH420, DH500<br \/>\nDX55, DX60, DX75, DX130, DX225-9, DX300, DX380, DX420, DX500<\/span><\/div>\n<\/td>\n<\/tr>\n<tr>\n<td>\n<div class=\"magic-32\"><b>VOLVO (EY)<\/b><\/div>\n<\/td>\n<td>\n<div class=\"magic-33\"><span class=\"magic-34\">EC55, EC60, EC75, EC80, EC140, EC210B\/D, EC220D, EC240, EC250, EC290, EC300, EC360, EC380, EC460, EC480, EC700, EC750, EC950<\/span><\/div>\n<\/td>\n<\/tr>\n<tr>\n<td>\n<div class=\"magic-32\"><b>KATO (HD)<\/b><\/div>\n<\/td>\n<td>\n<div class=\"magic-33\"><span class=\"magic-34\">HD307\/308, HD450, HD512, HD700-5\/7, HD820-1\/2\/3\/5\/R, HD1023-1\/3, HD1430-1\/3<\/span><\/div>\n<\/td>\n<\/tr>\n<tr>\n<td>\n<div class=\"magic-32\"><b>MUU MERKKI<\/b><\/div>\n<\/td>\n<td>\n<div class=\"magic-33\"><span class=\"magic-34\">XCMG,LIUGONG,KUBOTA,CASE,YANMAR,SUNWARD,ZOOMLION,LISHIDE,LIEHERR<\/span><\/div>\n<\/td>\n<\/tr>\n<\/tbody>\n<\/table>\n<h3>Trukin ohjaushydraulisylinterin k\u00e4ytt\u00f6<\/h3>\n<p><strong>Tarkka ohjaus<\/strong><br \/>\nTrukin ohjaushydraulisella sylinterill\u00e4 on ratkaiseva rooli trukin ohjausmekanismin tarkassa hallinnassa. Hydraulisen paineen avulla se varmistaa trukin tasaisen ja tarkan k\u00e4\u00e4ntymisen, jolloin k\u00e4ytt\u00e4j\u00e4t voivat navigoida ahtaissa tiloissa ja kapeissa k\u00e4yt\u00e4vill\u00e4 helposti. T\u00e4m\u00e4 tarkkuus on olennaista ymp\u00e4rist\u00f6iss\u00e4, joissa trukkien on liikuttava nopeasti ja turvallisesti, kuten ruuhkaisissa varastoissa, jakelukeskuksissa tai lastauslaitureilla.<\/p>\n<p><strong>Lis\u00e4\u00e4ntynyt ohjattavuus<\/strong><br \/>\nYksi trukin ohjaushydraulisen sylinterin t\u00e4rkeimmist\u00e4 eduista on sen kyky parantaa ohjattavuutta. Muuntamalla hydraulivoiman ohjausliikkeeksi se mahdollistaa trukin jyrkkien k\u00e4\u00e4nn\u00f6sten tekemisen k\u00e4ytt\u00e4j\u00e4n minimaalisella vaivalla. T\u00e4m\u00e4 on erityisen hy\u00f6dyllist\u00e4 ymp\u00e4rist\u00f6iss\u00e4, joissa trukkien on vaihdettava suuntaa usein tai toimittava rajoitetusti. Ohjaamisen helppous v\u00e4hent\u00e4\u00e4 kuljettajan v\u00e4symist\u00e4 ja parantaa kokonaistehokkuutta, jolloin trukit voivat ty\u00f6skennell\u00e4 ahtaissa tai ruuhkaisissa tiloissa nopeudesta tai tarkkuudesta tinkim\u00e4tt\u00e4.<\/p>\n<p><strong>Parannettu vakaus ja turvallisuus<\/strong><br \/>\nHydraulisella ohjausj\u00e4rjestelm\u00e4ll\u00e4 varustetut trukit hy\u00f6tyv\u00e4t parantuneesta vakaudesta k\u00e4yt\u00f6n aikana. Hydraulinen ohjaussylinteri auttaa yll\u00e4pit\u00e4m\u00e4\u00e4n oikean linjauksen ja hallinnan est\u00e4en odottamattomat suunnanmuutokset, jotka voisivat johtaa kuorman vakauden menetykseen tai jopa kaatumiseen. Hallittu ohjausliike mahdollistaa sujuvammat siirtym\u00e4t k\u00e4\u00e4nn\u00f6sten v\u00e4lill\u00e4 ja v\u00e4hent\u00e4\u00e4 onnettomuusriski\u00e4. T\u00e4m\u00e4 parannettu vakaus on ratkaisevan t\u00e4rke\u00e4\u00e4 suurilla nopeuksilla tai raskaita kuormia kuljetettaessa, koska se auttaa varmistamaan, ett\u00e4 trukki pysyy tasapainossa ja turvallisena.<\/p>\n<p><strong>Kest\u00e4vyys vaativissa olosuhteissa<\/strong><br \/>\nTrukin ohjaushydraulinen sylinteri on suunniteltu kest\u00e4m\u00e4\u00e4n raskaan k\u00e4yt\u00f6n vaatimuksia. Kest\u00e4vist\u00e4 materiaaleista valmistettu ja korkeapaineolosuhteisiin suunniteltu sylinteri kest\u00e4\u00e4 jatkuvaa kulumista vaativissa olosuhteissa. Se on rakennettu toimimaan erilaisissa s\u00e4\u00e4olosuhteissa ja ymp\u00e4rist\u00f6iss\u00e4, kuten \u00e4\u00e4rimm\u00e4isiss\u00e4 l\u00e4mp\u00f6tiloissa, kosteudessa ja altistumisessa lialle tai kemikaaleille. T\u00e4m\u00e4 kest\u00e4vyys varmistaa, ett\u00e4 trukki voi toimia luotettavasti pitki\u00e4 k\u00e4ytt\u00f6jaksoja minimoiden vikaantumis- tai huolto-ongelmien riskin.<\/p>\n<p><strong>V\u00e4h\u00e4inen huoltotarve ja pitk\u00e4 k\u00e4ytt\u00f6ik\u00e4<\/strong><br \/>\nVankan rakenteensa ja tehokkaan suunnittelunsa ansiosta trukin ohjaussylinteri vaatii vain v\u00e4h\u00e4n huoltoa ja sen k\u00e4ytt\u00f6ik\u00e4 on pitk\u00e4. J\u00e4rjestelm\u00e4 on suunniteltu itsen\u00e4iseksi, mik\u00e4 v\u00e4hent\u00e4\u00e4 ulkoisten vaurioiden tai kontaminaation riski\u00e4. S\u00e4\u00e4nn\u00f6lliset nestetasojen ja tiivisteiden tarkastukset riitt\u00e4v\u00e4t yleens\u00e4 optimaalisen suorituskyvyn yll\u00e4pit\u00e4miseksi. Asianmukaisella huollolla hydraulinen ohjaussylinteri voi tarjota tasaisen ja luotettavan suorituskyvyn koko trukin k\u00e4ytt\u00f6i\u00e4n ajan, mik\u00e4 auttaa v\u00e4hent\u00e4m\u00e4\u00e4n seisokkiaikoja ja alentamaan kokonaiskustannuksia.<\/p>\n<h3><img loading=\"lazy\" decoding=\"async\" class=\"alignnone wp-image-322\" src=\"https:\/\/fmp-components.com\/wp-content\/uploads\/2024\/12\/Forklift-Steering-Hydraulic-Cylinder_1.webp\" alt=\"Trukin ohjaushydraulinen sylinteri_1\" width=\"864\" height=\"696\" title=\"\" srcset=\"https:\/\/fmp-components.com\/wp-content\/uploads\/2024\/12\/Forklift-Steering-Hydraulic-Cylinder_1.webp 864w, https:\/\/fmp-components.com\/wp-content\/uploads\/2024\/12\/Forklift-Steering-Hydraulic-Cylinder_1-480x387.webp 480w\" sizes=\"(min-width: 0px) and (max-width: 480px) 480px, (min-width: 481px) 864px, 100vw\" \/><\/h3>\n<h3>Tietoja FMP:st\u00e4<\/h3>\n<p>FMP on hydraulisylintereihin erikoistunut valmistaja, joka keskittyy vahvasti tutkimukseen ja tuotantoon. Perustamisestaan \u200b\u200bl\u00e4htien yritys on johdonmukaisesti keskittynyt hydraulisylintereiden kehitt\u00e4miseen ja kehittynyt erilaisten tuotteiden, kuten sadonkorjuu- ja rakennuskoneiden, tuotannosta maataloustraktorien komponentteihin erikoistumiseen. Yli vuosikymmenen valmistusosaamisen, johtamiskokemuksen ja edistyneen tuotantoteknologian ansiosta FMP takaa tuotteidensa korkeimman laadun.<\/p>\n<p>Yrityksen kasvaessa ammatillisesti se on perustanut kattavan koneistuslinjan, kokoonpanolinjan ja pinnoituslinjan. FMP:t\u00e4 tukee omistautunut tiimi, johon kuuluu kokeneita johtohenkil\u00f6it\u00e4, taitavia mekaanisia suunnittelijoita ja korkeasti koulutettuja teknisi\u00e4 ty\u00f6ntekij\u00f6it\u00e4. T\u00e4m\u00e4 varmistaa vakaan tuotteen laadun samalla, kun prosessin jatkuvuutta ja tuotannon yleist\u00e4 tehokkuutta hallitaan tehokkaasti.<\/p>\n<p>FMP noudattaa ydinarvoja, jotka ovat \u201dTeknologinen innovaatio edistyksen vauhdittajana, laatua luovat br\u00e4ndit, laadun varmistava k\u00e4sity\u00f6taito ja pitk\u00e4aikaisten, molempia osapuolia hy\u00f6dytt\u00e4vien suhteiden rakentaminen\u201d. Yritys on edelleen sitoutunut tarjoamaan korkealaatuisia tuotteita ja samalla erinomaista asiakaspalvelua pyrkien aina vastaamaan markkinoiden kehittyviin tarpeisiin.<\/p>\n<p><img loading=\"lazy\" decoding=\"async\" class=\"alignnone wp-image-303\" src=\"https:\/\/fmp-components.com\/wp-content\/uploads\/2024\/12\/hydraulic-cylinder-factory-11_1.webp\" alt=\"hydraulisylinteritehdas\" width=\"917\" height=\"1003\" title=\"\" srcset=\"https:\/\/fmp-components.com\/wp-content\/uploads\/2024\/12\/hydraulic-cylinder-factory-11_1.webp 917w, https:\/\/fmp-components.com\/wp-content\/uploads\/2024\/12\/hydraulic-cylinder-factory-11_1-480x525.webp 480w\" sizes=\"(min-width: 0px) and (max-width: 480px) 480px, (min-width: 481px) 917px, 100vw\" \/><\/p>\n<table style=\"width: 100%;\" border=\"1\" width=\"100%\" cellspacing=\"0\" cellpadding=\"0\">\n<tbody>\n<tr>\n<td style=\"width: 41.9294%;\" width=\"226\"><img loading=\"lazy\" decoding=\"async\" class=\"alignnone size-full wp-image-309\" src=\"https:\/\/fmp-components.com\/wp-content\/uploads\/2024\/12\/Forklift-Tilt-Hydraulic-Cylinder.webp\" alt=\"Trukin kallistushydraulinen sylinteri\" width=\"1000\" height=\"750\" title=\"\" srcset=\"https:\/\/fmp-components.com\/wp-content\/uploads\/2024\/12\/Forklift-Tilt-Hydraulic-Cylinder.webp 1000w, https:\/\/fmp-components.com\/wp-content\/uploads\/2024\/12\/Forklift-Tilt-Hydraulic-Cylinder-980x735.webp 980w, https:\/\/fmp-components.com\/wp-content\/uploads\/2024\/12\/Forklift-Tilt-Hydraulic-Cylinder-480x360.webp 480w\" sizes=\"(min-width: 0px) and (max-width: 480px) 480px, (min-width: 481px) and (max-width: 980px) 980px, (min-width: 981px) 1000px, 100vw\" \/><\/td>\n<td style=\"width: 55.6484%;\" width=\"64\"><img loading=\"lazy\" decoding=\"async\" class=\"alignnone wp-image-283\" src=\"https:\/\/fmp-components.com\/wp-content\/uploads\/2024\/12\/hydraulic-cylinder-factory-5.webp\" alt=\"hydraulisylinteritehdas\" width=\"542\" height=\"312\" title=\"\"><\/td>\n<\/tr>\n<\/tbody>\n<\/table>\n<p>Tekij\u00e4: CX<\/p>","protected":false},"excerpt":{"rendered":"<p>Trukin ohjaushydraulinen sylinteri on ohjausj\u00e4rjestelm\u00e4n keskeinen osa, joka mahdollistaa trukin suunnan sujuvan ja tarkan hallinnan. Muuntamalla hydraulisen paineen ohjausvoimaksi se mahdollistaa kuljettajan helpon trukin py\u00f6rien k\u00e4\u00e4nt\u00e4misen, mik\u00e4 varmistaa erinomaisen ohjattavuuden my\u00f6s ahtaissa tai ruuhkaisissa tiloissa. Hydraulinen ohjaussylinteri auttaa v\u00e4hent\u00e4m\u00e4\u00e4n kuljettajan vaivaa ja parantamaan ohjauksen tarkkuutta, mik\u00e4 tekee siit\u00e4 ihanteellisen ymp\u00e4rist\u00f6ihin, joissa trukkien on navigoitava kapeissa k\u00e4yt\u00e4vill\u00e4 tai ty\u00f6alueilla. Sen kest\u00e4v\u00e4 rakenne varmistaa luotettavan suorituskyvyn raskaissa olosuhteissa, mik\u00e4 edist\u00e4\u00e4 trukin yleist\u00e4 vakautta, turvallisuutta ja toiminnan tehokkuutta.<\/p>","protected":false},"featured_media":320,"comment_status":"open","ping_status":"closed","template":"","meta":{"_et_pb_use_builder":"","_et_pb_old_content":"","_et_gb_content_width":""},"product_brand":[],"product_cat":[20],"product_tag":[],"class_list":{"0":"post-312","1":"product","2":"type-product","3":"status-publish","4":"has-post-thumbnail","6":"product_cat-forklift-hydraulic-cylinders","8":"first","9":"instock","10":"shipping-taxable","11":"product-type-simple"},"_links":{"self":[{"href":"https:\/\/fmp-components.com\/fi\/wp-json\/wp\/v2\/product\/312","targetHints":{"allow":["GET"]}}],"collection":[{"href":"https:\/\/fmp-components.com\/fi\/wp-json\/wp\/v2\/product"}],"about":[{"href":"https:\/\/fmp-components.com\/fi\/wp-json\/wp\/v2\/types\/product"}],"replies":[{"embeddable":true,"href":"https:\/\/fmp-components.com\/fi\/wp-json\/wp\/v2\/comments?post=312"}],"wp:featuredmedia":[{"embeddable":true,"href":"https:\/\/fmp-components.com\/fi\/wp-json\/wp\/v2\/media\/320"}],"wp:attachment":[{"href":"https:\/\/fmp-components.com\/fi\/wp-json\/wp\/v2\/media?parent=312"}],"wp:term":[{"taxonomy":"product_brand","embeddable":true,"href":"https:\/\/fmp-components.com\/fi\/wp-json\/wp\/v2\/product_brand?post=312"},{"taxonomy":"product_cat","embeddable":true,"href":"https:\/\/fmp-components.com\/fi\/wp-json\/wp\/v2\/product_cat?post=312"},{"taxonomy":"product_tag","embeddable":true,"href":"https:\/\/fmp-components.com\/fi\/wp-json\/wp\/v2\/product_tag?post=312"}],"curies":[{"name":"wp","href":"https:\/\/api.w.org\/{rel}","templated":true}]}}