{"id":3119,"date":"2025-01-05T02:26:27","date_gmt":"2025-01-05T02:26:27","guid":{"rendered":"https:\/\/fmp-components.com\/?page_id=8"},"modified":"2025-01-05T02:26:27","modified_gmt":"2025-01-05T02:26:27","slug":"grain-transportation-gearbox-fmp-1002-for-agricultural-grain-transportation","status":"publish","type":"product","link":"https:\/\/fmp-components.com\/fi\/product\/grain-transportation-gearbox-fmp-1002-for-agricultural-grain-transportation\/","title":{"rendered":"Viljankuljetusvaihteisto FMP-1002 maatalouden viljankuljetukseen"},"content":{"rendered":"<h2>Viljankuljetusvaihteiston FMP-1002 tekniset tiedot<\/h2>\n<table border=\"1\" width=\"100%\" cellspacing=\"0\" cellpadding=\"0\">\n<tbody>\n<tr>\n<td>Tuotteen nimi<\/td>\n<td>Viljankuljetusvaihteisto<\/td>\n<\/tr>\n<tr>\n<td>Malli<\/td>\n<td>EP-1002<\/td>\n<\/tr>\n<tr>\n<td>V\u00e4ri<\/td>\n<td>Mukauttaminen<\/td>\n<\/tr>\n<tr>\n<td>Materiaali<\/td>\n<td>HT250 kotelolle, 20CrMnTi vaihdeakselille.<\/td>\n<\/tr>\n<tr>\n<td>K\u00e4ytetty<\/td>\n<td>Viljan kuljetus<\/td>\n<\/tr>\n<\/tbody>\n<\/table>\n<h2>Viljan kuljetusvaihteiston FMP-1002 t\u00e4rkeimm\u00e4t komponentit<\/h2>\n<p>Viljankuljetusvaihteisto FMP-1002 on suunniteltu tarjoamaan optimaalinen suorituskyky viljankuljetusj\u00e4rjestelmille, kuten kuljettimille ja ruuvikuljettimille. Vaihteiston t\u00e4rkeimpi\u00e4 komponentteja ovat:<\/p>\n<p><strong>1. Asuminen:<\/strong><\/p>\n<ul>\n<li>Materiaali: Tyypillisesti korkealaatuisesta valuraudasta tai kest\u00e4vist\u00e4 seoksista valmistettu kotelo toimii sis\u00e4isten komponenttien t\u00e4rkeimp\u00e4n\u00e4 suojakotelona.<\/li>\n<li>Toiminto: Tarjoaa rakenteellista tukea ja suojaa ulkoista kulumista vastaan \u200b\u200bvarmistaen samalla sis\u00e4isten hammaspy\u00f6rien oikean kohdistuksen.<\/li>\n<\/ul>\n<p><strong>2. Vaihteet:<\/strong><\/p>\n<ul>\n<li>Kierrevaihteet: Yleisesti tehokkuutensa ja hiljaisuutensa ansiosta k\u00e4ytetyt kierrevaihteet tarjoavat tasaisemmat siirtym\u00e4t hampaiden v\u00e4lill\u00e4, v\u00e4hent\u00e4en melua ja parantaen vaihteiston yleist\u00e4 suorituskyky\u00e4.<\/li>\n<li>Kartiopy\u00f6r\u00e4t: Joissakin malleissa k\u00e4ytet\u00e4\u00e4n kartiopy\u00f6r\u00e4st\u00f6j\u00e4, jotka muuttavat voimankulutuksen suuntaa. Ne mahdollistavat vaihteiston toiminnan kulmassa, mik\u00e4 mahdollistaa monipuoliset sovellukset.<\/li>\n<li>Materiaali: Vaihteet valmistetaan usein karkaistusta ter\u00e4ksest\u00e4 tai muista kest\u00e4vist\u00e4 materiaaleista kest\u00e4m\u00e4\u00e4n k\u00e4yt\u00f6n aikana esiintyvi\u00e4 suuria v\u00e4\u00e4nt\u00f6momentteja ja mekaanisia rasituksia.<\/li>\n<\/ul>\n<p><strong>3. Akselit:<\/strong><\/p>\n<ul>\n<li>Tulo- ja l\u00e4ht\u00f6akselit: N\u00e4m\u00e4 akselit ovat ensisijainen mekaaninen linkki moottorin, vaihteiston ja viljankuljetusj\u00e4rjestelm\u00e4n v\u00e4lill\u00e4.<\/li>\n<li>Materiaali: Karkaistut ter\u00e4svarret takaavat lujuuden ja pitk\u00e4n k\u00e4ytt\u00f6i\u00e4n raskaissa kuormitusolosuhteissa.<\/li>\n<\/ul>\n<p><strong>4. Laakerit:<\/strong><\/p>\n<ul>\n<li>Rullalaakerit tai kuulalaakerit: Laakerit v\u00e4hent\u00e4v\u00e4t py\u00f6rivien osien v\u00e4list\u00e4 kitkaa, varmistaen tasaisen toiminnan ja minimoiden kulumisen.<\/li>\n<li>Toiminto: Laakerit tukevat py\u00f6rivi\u00e4 komponentteja, jolloin hammaspy\u00f6r\u00e4t ja akselit voivat py\u00f6ri\u00e4 vapaasti ja tehokkaasti s\u00e4ilytt\u00e4en oikean kohdistuksen.<\/li>\n<\/ul>\n<p><strong>5. Tiivisteet ja tiivisteet:<\/strong><\/p>\n<ul>\n<li>Toiminto: Est\u00e4\u00e4 voiteluaineen vuotamisen ja suojaa sis\u00e4isi\u00e4 komponentteja ep\u00e4puhtauksilta, kuten p\u00f6lylt\u00e4, lialta ja kosteudelta. Tiivisteet auttavat yll\u00e4pit\u00e4m\u00e4\u00e4n vaihteiston tehokkuutta ja est\u00e4v\u00e4t ennenaikaista kulumista.<\/li>\n<\/ul>\n<p>Yhdist\u00e4m\u00e4ll\u00e4 n\u00e4m\u00e4 komponentit FMP-1002-viljankuljetusvaihteisto tarjoaa luotettavan ja tehokkaan voimansiirron viljankuljetusj\u00e4rjestelmille varmistaen sujuvan ja tasaisen toiminnan my\u00f6s raskaissa kuormissa.<\/p>\n<h2><img loading=\"lazy\" decoding=\"async\" class=\"alignnone size-full wp-image-3120\" src=\"https:\/\/fmp-components.com\/wp-content\/uploads\/2025\/01\/Grain-Transportation-Gearbox-3.webp\" alt=\"Viljankuljetusvaihteisto-3\" width=\"1534\" height=\"1286\" title=\"\" srcset=\"https:\/\/fmp-components.com\/wp-content\/uploads\/2025\/01\/Grain-Transportation-Gearbox-3.webp 1534w, https:\/\/fmp-components.com\/wp-content\/uploads\/2025\/01\/Grain-Transportation-Gearbox-3-1280x1073.webp 1280w, https:\/\/fmp-components.com\/wp-content\/uploads\/2025\/01\/Grain-Transportation-Gearbox-3-980x822.webp 980w, https:\/\/fmp-components.com\/wp-content\/uploads\/2025\/01\/Grain-Transportation-Gearbox-3-480x402.webp 480w\" sizes=\"(min-width: 0px) and (max-width: 480px) 480px, (min-width: 481px) and (max-width: 980px) 980px, (min-width: 981px) and (max-width: 1280px) 1280px, (min-width: 1281px) 1534px, 100vw\" \/>\u00a0Viljan kuljetusvaihteiston FMP-1002 sovellukset<\/h2>\n<p>Viljankuljetusvaihteisto FMP-1002 on suunniteltu optimaaliseen suorituskykyyn erilaisissa maatalous- ja teollisuussovelluksissa, joissa kuljetetaan viljaa ja muita irtomateriaaleja. Sen luotettava voimansiirto ja kest\u00e4vyys tekev\u00e4t siit\u00e4 ihanteellisen seuraaviin keskeisiin sovelluksiin:<\/p>\n<p><strong>1. Viljasiiloja<\/strong><\/p>\n<ul>\n<li>K\u00e4ytt\u00f6: K\u00e4ytet\u00e4\u00e4n viljasiiloissa viljan nostamiseen ja siirt\u00e4miseen tasolta toiselle.<\/li>\n<li>Rooli: Vaihteisto v\u00e4litt\u00e4\u00e4 voiman moottorista elevaattorin kuljetinj\u00e4rjestelm\u00e4\u00e4n, mik\u00e4 mahdollistaa viljan pystysuoran kuljetuksen varastointi- tai k\u00e4sittelytiloissa.<\/li>\n<\/ul>\n<p><strong>2. Kuljetinj\u00e4rjestelm\u00e4t<\/strong><\/p>\n<ul>\n<li>Sovellus: Viljankuljetusvaihteistot ovat v\u00e4ltt\u00e4m\u00e4tt\u00f6mi\u00e4 kuljetinj\u00e4rjestelmiss\u00e4, joita k\u00e4ytet\u00e4\u00e4n yleisesti viljan siirt\u00e4miseen pitkien matkojen p\u00e4\u00e4h\u00e4n k\u00e4sittelylaitoksissa, siiloissa tai varastoalueilla.<\/li>\n<li>Rooli: Vaihteisto k\u00e4ytt\u00e4\u00e4 kuljetinhihnaa varmistaen viljan tasaisen ja yhdenmukaisen liikkeen eri et\u00e4isyyksill\u00e4 ja eri k\u00e4sittelyvaiheissa.<\/li>\n<\/ul>\n<p><strong>3. Ruuvikuljettimet ja kairakuljettimet<\/strong><\/p>\n<ul>\n<li>K\u00e4ytt\u00f6: K\u00e4ytet\u00e4\u00e4n ruuvikuljettimissa ja kierukoissa viljan ja muiden irtomateriaalien tehokkaaseen siirt\u00e4miseen maataloudessa ja teollisuudessa.<\/li>\n<li>Rooli: Vaihteisto k\u00e4ytt\u00e4\u00e4 ruuvimekanismia, mik\u00e4 mahdollistaa viljan kuljettamisen s\u00e4ili\u00f6st\u00e4 toiseen tai k\u00e4sittelylinjan eri vaiheiden v\u00e4lill\u00e4.<\/li>\n<\/ul>\n<p><strong>4. Viljankorjuulaitteet<\/strong><\/p>\n<ul>\n<li>K\u00e4ytt\u00f6: Leikkuupuimureihin ja muihin viljankorjuukoneisiin integroitu vaihteisto helpottaa korjatun viljan siirtoa keruualueelta varastotilaan tai s\u00e4ili\u00f6\u00f6n.<\/li>\n<li>Rooli: Vaihteisto auttaa k\u00e4ytt\u00e4m\u00e4\u00e4n kuljettimia, ruuvikuljettimia tai muita viljankuljetuskomponentteja puimurissa varmistaen viljan nopean ja tehokkaan purkamisen.<\/li>\n<\/ul>\n<p><strong>5. Viljan varastointij\u00e4rjestelm\u00e4t<\/strong><\/p>\n<ul>\n<li>K\u00e4ytt\u00f6: K\u00e4ytet\u00e4\u00e4n viljan varastointij\u00e4rjestelmiss\u00e4, erityisesti viljan kuljetukseen siiloihin tai varastos\u00e4ili\u00f6ihin.<\/li>\n<li>Rooli: Vaihteisto k\u00e4ytt\u00e4\u00e4 kuljettimia tai ruuvij\u00e4rjestelmi\u00e4 varmistaen viljan sujuvan siirron ja varastoinnin laitoksessa.<\/li>\n<\/ul>\n<p>FMP-1002-viljankuljetusvaihteisto on monipuolinen ja tehokas komponentti, jota k\u00e4ytet\u00e4\u00e4n laajalti maatalousalalla. Se varmistaa viljan ja irtomateriaalien sujuvan, yhdenmukaisen ja luotettavan kuljetuksen erilaisissa j\u00e4rjestelmiss\u00e4.<\/p>\n<p><img loading=\"lazy\" decoding=\"async\" class=\"alignnone size-full wp-image-3096\" src=\"https:\/\/fmp-components.com\/wp-content\/uploads\/2025\/01\/Grain-Storage-Gearbox-28.webp\" alt=\"Viljan varastointivaihteisto\" width=\"1200\" height=\"950\" title=\"\" srcset=\"https:\/\/fmp-components.com\/wp-content\/uploads\/2025\/01\/Grain-Storage-Gearbox-28.webp 1200w, https:\/\/fmp-components.com\/wp-content\/uploads\/2025\/01\/Grain-Storage-Gearbox-28-980x776.webp 980w, https:\/\/fmp-components.com\/wp-content\/uploads\/2025\/01\/Grain-Storage-Gearbox-28-480x380.webp 480w\" sizes=\"(min-width: 0px) and (max-width: 480px) 480px, (min-width: 481px) and (max-width: 980px) 980px, (min-width: 981px) 1200px, 100vw\" \/><\/p>\n<h3>Tietoja FMP:st\u00e4<\/h3>\n<p>Italiassa p\u00e4\u00e4konttoriaan pit\u00e4v\u00e4 FMP on merkitt\u00e4v\u00e4 valmistaja, joka tunnetaan asiantuntemuksestaan \u200b\u200btehokkaiden vaihteistojen suunnittelussa, kehitt\u00e4misess\u00e4 ja valmistuksessa. Yrityksen p\u00e4\u00e4paino on maatalouskonesektorilla. Tarkkuudestaan, innovatiivisista ratkaisuistaan \u200b\u200bja tasaisesta luotettavuudestaan \u200b\u200btunnettu FMP on vakiinnuttanut asemansa luotettavana kumppanina sek\u00e4 maatalous- ett\u00e4 teollisuusmarkkinoilla. Monipuolinen tuotevalikoimamme sis\u00e4lt\u00e4\u00e4 mittatilausty\u00f6n\u00e4 valmistettuja vaihteistoja ruohonleikkureille, nivelakseleille ja laajan valikoiman muita kriittisi\u00e4 komponentteja, joista jokainen on suunniteltu huolellisesti vastaamaan erilaisten sovellusten erityisvaatimuksiin.<\/p>\n<p>FMP:ll\u00e4 ymm\u00e4rr\u00e4mme, ett\u00e4 jokainen asiakas kohtaa ainutlaatuisia haasteita. T\u00e4m\u00e4 ymm\u00e4rrys ohjaa sitoutumistamme r\u00e4\u00e4t\u00e4l\u00f6ityjen ratkaisujen toimittamiseen, olipa kyse sitten yksitt\u00e4isist\u00e4 komponenteista tai t\u00e4ysin integroiduista j\u00e4rjestelmist\u00e4. Ty\u00f6skentelem\u00e4ll\u00e4 tiiviisti asiakkaidemme kanssa varmistamme, ett\u00e4 jokainen ratkaisu ei ainoastaan \u200b\u200bvastaa heid\u00e4n erityistarpeitaan, vaan my\u00f6s optimoi suorituskyvyn ja maksimoi arvon. Omistautumisemme oikea-aikaisiin ja ammattimaisiin vastauksiin sek\u00e4 asiantuntevaan ohjaukseen varmistaa, ett\u00e4 jokainen tiedustelu k\u00e4sitell\u00e4\u00e4n tarkasti ja ett\u00e4 tulokset ovat johdonmukaisesti optimaalisia.<\/p>\n<p>Painotamme vahvasti l\u00e4pin\u00e4kyv\u00e4\u00e4 ja jatkuvaa viestint\u00e4\u00e4 koko tuotekehityssyklin ajan. Omistautunut tiimimme tekee tiivist\u00e4 yhteisty\u00f6t\u00e4 asiakkaiden kanssa ymm\u00e4rt\u00e4\u00e4kseen t\u00e4ysin heid\u00e4n vaatimuksensa ja tarjotakseen arvokkaita n\u00e4kemyksi\u00e4 ja suosituksia parhaiden tulosten saavuttamiseksi. Olipa kyse sitten huippuluokan tuotteiden suunnittelusta tai rutiinitilausten t\u00e4ytt\u00e4misest\u00e4, FMP on sitoutunut toimittamaan korkealaatuisia, tarkasti suunniteltuja ratkaisuja ajallaan, joka kerta. Tavoitteenamme on ylitt\u00e4\u00e4 asiakkaiden odotukset tarjoamalla poikkeuksellista palvelua ja tuloksia jokaisessa projektissa.<\/p>\n<p>FMP:n toiminnan ytimess\u00e4 on vankkumaton sitoutuminen laatuun. Noudatamme korkeimpia valmistusstandardeja ja k\u00e4yt\u00e4mme tiukkoja laadunvalvontaprosesseja varmistaaksemme, ett\u00e4 jokainen tuote ei ainoastaan \u200b\u200bvastaa alan standardeja, vaan ylitt\u00e4\u00e4 ne. T\u00e4m\u00e4 horjumaton keskittyminen erinomaisuuteen yhdistettyn\u00e4 ydinarvoihimme, kuten rehellisyyteen, tiimity\u00f6h\u00f6n ja sinnikkyyteen, on mahdollistanut pitk\u00e4aikaisten ja luottamukseen perustuvien asiakassuhteiden rakentamisen l\u00e4hes 30 maassa maailmanlaajuisesti.<\/p>\n<p>FMP:ll\u00e4 olemme aina valmiita edist\u00e4m\u00e4\u00e4n globaaleja kumppanuuksia tarjoamalla asiantuntevaa neuvontaa ja r\u00e4\u00e4t\u00e4l\u00f6ityj\u00e4 ratkaisuja, jotka vastaavat asiakkaidemme jatkuvasti kehittyviin tarpeisiin. Pyrimme rakentamaan pitk\u00e4aikaisia, molempia osapuolia hy\u00f6dytt\u00e4vi\u00e4 suhteita, jotka edist\u00e4v\u00e4t jokaisen projektin onnistumista. Etsitp\u00e4 sitten innovatiivisia ratkaisuja uuteen aloitteeseen tai jatkuvaa tukea olemassa olevalle j\u00e4rjestelm\u00e4lle, FMP on valmis auttamaan sinua voittamaan tekniset haasteet ja varmistamaan jatkuvan menestyksesi.<\/p>\n<p><img loading=\"lazy\" decoding=\"async\" class=\"alignnone wp-image-2695\" src=\"https:\/\/fmp-components.com\/wp-content\/uploads\/2025\/01\/agricultural-gearbox3.webp\" alt=\"maatalousvaihteisto\" width=\"1140\" height=\"1138\" title=\"\" srcset=\"https:\/\/fmp-components.com\/wp-content\/uploads\/2025\/01\/agricultural-gearbox3.webp 1140w, https:\/\/fmp-components.com\/wp-content\/uploads\/2025\/01\/agricultural-gearbox3-480x479.webp 480w\" sizes=\"(min-width: 0px) and (max-width: 480px) 480px, (min-width: 481px) 1140px, 100vw\" \/><\/p>\n<p>Tekij\u00e4: CX<\/p>\n<p>&nbsp;<\/p>\n<p>&nbsp;<\/p>","protected":false},"excerpt":{"rendered":"<p>Grain Transportation Gearbox FMP-1002 Specifications Product Name Grain transportation gearbox Model EP-1002 Color Customization Material HT250 for housing, 20CrMnTi for gear shaft. Used Grain transportation Key Components of Grain Transportation Gearbox FMP-1002 The Grain Transportation Gearbox FMP-1002 is designed to provide optimal performance for grain transportation systems, such as conveyors and augers. Key components of [&hellip;]<\/p>","protected":false},"featured_media":3121,"comment_status":"open","ping_status":"closed","template":"","meta":{"_et_pb_use_builder":"","_et_pb_old_content":"","_et_gb_content_width":""},"product_brand":[],"product_cat":[74],"product_tag":[],"class_list":{"0":"post-3119","1":"product","2":"type-product","3":"status-publish","4":"has-post-thumbnail","6":"product_cat-grain-transportation-gearbox","8":"first","9":"instock","10":"shipping-taxable","11":"product-type-simple"},"_links":{"self":[{"href":"https:\/\/fmp-components.com\/fi\/wp-json\/wp\/v2\/product\/3119","targetHints":{"allow":["GET"]}}],"collection":[{"href":"https:\/\/fmp-components.com\/fi\/wp-json\/wp\/v2\/product"}],"about":[{"href":"https:\/\/fmp-components.com\/fi\/wp-json\/wp\/v2\/types\/product"}],"replies":[{"embeddable":true,"href":"https:\/\/fmp-components.com\/fi\/wp-json\/wp\/v2\/comments?post=3119"}],"wp:featuredmedia":[{"embeddable":true,"href":"https:\/\/fmp-components.com\/fi\/wp-json\/wp\/v2\/media\/3121"}],"wp:attachment":[{"href":"https:\/\/fmp-components.com\/fi\/wp-json\/wp\/v2\/media?parent=3119"}],"wp:term":[{"taxonomy":"product_brand","embeddable":true,"href":"https:\/\/fmp-components.com\/fi\/wp-json\/wp\/v2\/product_brand?post=3119"},{"taxonomy":"product_cat","embeddable":true,"href":"https:\/\/fmp-components.com\/fi\/wp-json\/wp\/v2\/product_cat?post=3119"},{"taxonomy":"product_tag","embeddable":true,"href":"https:\/\/fmp-components.com\/fi\/wp-json\/wp\/v2\/product_tag?post=3119"}],"curies":[{"name":"wp","href":"https:\/\/api.w.org\/{rel}","templated":true}]}}