{"id":3115,"date":"2025-01-05T02:03:05","date_gmt":"2025-01-05T02:03:05","guid":{"rendered":"https:\/\/fmp-components.com\/?page_id=8"},"modified":"2025-01-05T02:03:05","modified_gmt":"2025-01-05T02:03:05","slug":"grain-transportation-gearbox-fmp-2168-for-agricultural-grain-transportation","status":"publish","type":"product","link":"https:\/\/fmp-components.com\/fi\/product\/grain-transportation-gearbox-fmp-2168-for-agricultural-grain-transportation\/","title":{"rendered":"Viljankuljetusvaihteisto FMP-2168 maatalouden viljankuljetukseen"},"content":{"rendered":"<h2>Viljan kuljetusvaihteisto FMP-2168 Mitat<\/h2>\n<p><img loading=\"lazy\" decoding=\"async\" class=\"alignnone size-full wp-image-3117\" src=\"https:\/\/fmp-components.com\/wp-content\/uploads\/2025\/01\/Grain-Transportation-Gearbox-EP-2168-Dimension.webp\" alt=\"Viljan-Kuljetus-Vaihteisto-EP-2168-Mitta\" width=\"1031\" height=\"706\" title=\"\" srcset=\"https:\/\/fmp-components.com\/wp-content\/uploads\/2025\/01\/Grain-Transportation-Gearbox-EP-2168-Dimension.webp 1031w, https:\/\/fmp-components.com\/wp-content\/uploads\/2025\/01\/Grain-Transportation-Gearbox-EP-2168-Dimension-980x671.webp 980w, https:\/\/fmp-components.com\/wp-content\/uploads\/2025\/01\/Grain-Transportation-Gearbox-EP-2168-Dimension-480x329.webp 480w\" sizes=\"(min-width: 0px) and (max-width: 480px) 480px, (min-width: 481px) and (max-width: 980px) 980px, (min-width: 981px) 1031px, 100vw\" \/><\/p>\n<h2>Viljankuljetusvaihteiston FMP-2168 tekniset tiedot<\/h2>\n<table style=\"width: 96.0108%; height: 218px;\" border=\"1\" cellspacing=\"0\" cellpadding=\"0\">\n<tbody>\n<tr class=\"firstRow\">\n<td>Tuotteen nimi<\/td>\n<td>Viljankuljetusvaihteisto<\/td>\n<\/tr>\n<tr>\n<td>Materiaali<\/td>\n<td>HT250 kotelolle, 40CrMnTi vaihdeakselille.<\/td>\n<\/tr>\n<tr>\n<td>V\u00e4ri<\/td>\n<td>R\u00e4\u00e4t\u00e4l\u00f6ity<\/td>\n<\/tr>\n<tr>\n<td>Suhde<\/td>\n<td>1:1<\/td>\n<\/tr>\n<tr>\n<td>Nopeusteho<\/td>\n<td>24 hv<\/td>\n<\/tr>\n<tr>\n<td>Paino<\/td>\n<td>11,5 kg<\/td>\n<\/tr>\n<tr>\n<td>K\u00e4ytetty<\/td>\n<td>Viljan kuljetus<\/td>\n<\/tr>\n<\/tbody>\n<\/table>\n<h2>Viljan kuljetusvaihteiston FMP-2168 k\u00e4yt\u00f6n edut<\/h2>\n<ol>\n<li><strong>Suuri v\u00e4\u00e4nt\u00f6momentti<\/strong><br \/>\nFMP-2168-viljankuljetusvaihteisto on suunniteltu k\u00e4sittelem\u00e4\u00e4n suuria v\u00e4\u00e4nt\u00f6momentteja, joten se sopii erinomaisesti viljankuljetusj\u00e4rjestelmiin, jotka vaativat luotettavaa ja tehokasta voimansiirtoa. Se pystyy helposti k\u00e4sittelem\u00e4\u00e4n raskaita viljakuormia varmistaen sujuvan toiminnan my\u00f6s vaativissa olosuhteissa.<\/li>\n<li><strong>Parannettu tehokkuus<\/strong><br \/>\nKehittyneen vaihdetekniikan ansiosta FMP-2168 tarjoaa paremman tehokkuuden voimansiirrossa. Se v\u00e4hent\u00e4\u00e4 energiah\u00e4vi\u00f6it\u00e4 varmistaen, ett\u00e4 suurempi osa sy\u00f6tt\u00f6tehosta siirtyy tehokkaasti viljankuljetusj\u00e4rjestelm\u00e4\u00e4n, mik\u00e4 minimoi k\u00e4ytt\u00f6kustannukset ja parantaa j\u00e4rjestelm\u00e4n kokonaissuorituskyky\u00e4.<\/li>\n<li><strong>Kest\u00e4v\u00e4 rakenne<\/strong><br \/>\nKest\u00e4vist\u00e4 materiaaleista ja tarkasti suunnitelluista komponenteista valmistettu FMP-2168-vaihteisto on eritt\u00e4in kest\u00e4v\u00e4 ja kest\u00e4\u00e4 viljan k\u00e4sittelyss\u00e4 ja kuljetuksessa tyypillisesti esiintyv\u00e4t ankarat olosuhteet. Sen tukeva rakenne varmistaa pitk\u00e4n k\u00e4ytt\u00f6i\u00e4n ja v\u00e4hent\u00e4\u00e4 huoltojen ja korjausten tarvetta.<\/li>\n<li><strong>Kompakti muotoilu<\/strong><br \/>\nSuuresta v\u00e4\u00e4nt\u00f6momentistaan \u200b\u200bhuolimatta FMP-2168 on kompakti ja tilaa s\u00e4\u00e4st\u00e4v\u00e4. T\u00e4m\u00e4 mahdollistaa sen helpon integroinnin erilaisiin viljankuljetusj\u00e4rjestelmiin viem\u00e4tt\u00e4 liikaa tilaa tai lis\u00e4\u00e4m\u00e4tt\u00e4 koneiden kokoa tarpeettomasti, mik\u00e4 tekee siit\u00e4 tehokkaan ratkaisun ahtaisiin tiloihin.<\/li>\n<li><strong>Monipuolisuus<\/strong><br \/>\nFMP-2168-vaihteisto on eritt\u00e4in monipuolinen ja sit\u00e4 voidaan k\u00e4ytt\u00e4\u00e4 monenlaisissa viljankuljetusj\u00e4rjestelmiss\u00e4, kuten kuljetinhihnoissa, elevaattoreissa, ruuvikuljettimissa ja muissa materiaalink\u00e4sittelylaitteissa. Sen mukautuvuus tekee siit\u00e4 sopivan erilaisiin maataloussovelluksiin ja tarjoaa joustavuutta j\u00e4rjestelm\u00e4n suunnittelussa.<\/li>\n<\/ol>\n<p>FMP-2168-viljankuljetusvaihteisto tarjoaa vankan, tehokkaan ja kustannustehokkaan ratkaisun viljank\u00e4sittelysovelluksiin. Suuren v\u00e4\u00e4nt\u00f6momentin, kest\u00e4vyyden, v\u00e4h\u00e4isten huoltotarpeiden ja monipuolisuuden ansiosta se on erinomainen valinta viljankuljetusj\u00e4rjestelmien suorituskyvyn ja luotettavuuden parantamiseen. Halusitpa sitten parantaa tehokkuutta, v\u00e4hent\u00e4\u00e4 seisokkiaikoja tai pident\u00e4\u00e4 laitteidesi k\u00e4ytt\u00f6ik\u00e4\u00e4, FMP-2168-vaihteisto tarjoaa merkitt\u00e4vi\u00e4 etuja kaikissa viljank\u00e4sittelytoiminnoissa.<\/p>\n<p><img loading=\"lazy\" decoding=\"async\" class=\"size-full wp-image-3116 aligncenter\" src=\"https:\/\/fmp-components.com\/wp-content\/uploads\/2025\/01\/Grain-Transportation-Gearbox-32-2.webp\" alt=\"Viljan-Kuljetus-Vaihteisto-32 (2)\" width=\"800\" height=\"800\" title=\"\" srcset=\"https:\/\/fmp-components.com\/wp-content\/uploads\/2025\/01\/Grain-Transportation-Gearbox-32-2.webp 800w, https:\/\/fmp-components.com\/wp-content\/uploads\/2025\/01\/Grain-Transportation-Gearbox-32-2-480x480.webp 480w\" sizes=\"(min-width: 0px) and (max-width: 480px) 480px, (min-width: 481px) 800px, 100vw\" \/><\/p>\n<h2>Viljan kuljetusvaihteiston FMP-2168 sovellukset<\/h2>\n<p>FMP-2168-viljankuljetusvaihteisto on monipuolinen ja kest\u00e4v\u00e4 komponentti, jota k\u00e4ytet\u00e4\u00e4n erilaisissa maatalous- ja viljank\u00e4sittelysovelluksissa. Sen kyky siirt\u00e4\u00e4 tehoa tehokkaasti ja kest\u00e4\u00e4 raskaita kuormia tekee siit\u00e4 sopivan monenlaisille viljankuljetuksessa k\u00e4ytett\u00e4ville koneille. Alla on lueteltu t\u00e4rkeimm\u00e4t k\u00e4ytt\u00f6kohteet:<\/p>\n<p><strong>1. Viljasiiloja<\/strong><\/p>\n<p>FMP-2168-vaihteistoa k\u00e4ytet\u00e4\u00e4n yleisesti viljasiiloissa, joissa se k\u00e4ytt\u00e4\u00e4 pystysuuntaisia \u200b\u200bkuljettimia, jotka siirt\u00e4v\u00e4t viljaa alemmilta tasoilta ylemmille. Sen suuri v\u00e4\u00e4nt\u00f6momenttikapasiteetti varmistaa, ett\u00e4 siilo pystyy k\u00e4sittelem\u00e4\u00e4n tehokkaasti suuria m\u00e4\u00e4ri\u00e4 viljaa minimoimalla kulumisen.<\/p>\n<p><strong>2. Kuljetinj\u00e4rjestelm\u00e4t<\/strong><\/p>\n<p>Viljan varastointi- ja kuljetuslaitoksissa k\u00e4ytett\u00e4v\u00e4t kuljetinhihnat k\u00e4ytt\u00e4v\u00e4t vaihteistoja, kuten FMP-2168, voimansiirtoon ja hihnan liikkeen ohjaamiseen. Vaihteisto varmistaa viljan tasaisen ja jatkuvan virtauksen est\u00e4en tukokset ja j\u00e4rjestelm\u00e4n seisokkiajat.<\/p>\n<p><strong>3. Kairat<\/strong><\/p>\n<p>Viljasiilojen ja -siilojen lastaamiseen tai purkamiseen k\u00e4ytett\u00e4v\u00e4t viljaruuvit vaativat tehokkaita vaihteistoja viljan tehokkaaseen siirt\u00e4miseen spiraaliruuvien l\u00e4pi. FMP-2168-vaihteiston kest\u00e4vyys ja suuri v\u00e4\u00e4nt\u00f6momentti tekev\u00e4t siit\u00e4 ihanteellisen t\u00e4h\u00e4n sovellukseen varmistaen tehokkaan viljan siirron ja v\u00e4hent\u00e4en j\u00e4rjestelm\u00e4n ylikuormitusriski\u00e4.<\/p>\n<p><strong>4. Viljan k\u00e4sittely- ja lajitteluj\u00e4rjestelm\u00e4t<\/strong><\/p>\n<p>Viljanjalostuslaitoksissa, joissa jyvi\u00e4 lajitellaan, puhdistetaan ja k\u00e4sitell\u00e4\u00e4n, FMP-2168-vaihteistoa voidaan k\u00e4ytt\u00e4\u00e4 lajittelu- ja puhdistuskoneiden k\u00e4ytt\u00f6j\u00e4rjestelmiss\u00e4. Sen tehokkuus varmistaa sujuvan toiminnan k\u00e4sitelt\u00e4ess\u00e4 erityyppisi\u00e4 viljoja ja minimoi j\u00e4rjestelm\u00e4n seisokkiajat.<\/p>\n<p><strong>5. Viljankuljetusautot (Auger Systems)<\/strong><\/p>\n<p>FMP-2168 sopii erinomaisesti viljankuljetusautoihin asennettaviin ruuvij\u00e4rjestelmiin. N\u00e4it\u00e4 j\u00e4rjestelmi\u00e4 k\u00e4ytet\u00e4\u00e4n viljan lastaamiseen ja purkamiseen kuljetuksen aikana. Vaihteisto varmistaa tasaisen suorituskyvyn my\u00f6s vaihtelevissa kuormitusolosuhteissa, mik\u00e4 tekee siit\u00e4 olennaisen t\u00e4rke\u00e4n luotettavassa kuorma-autopohjaisessa viljankuljetuksessa.<\/p>\n<p>FMP-2168-viljankuljetusvaihteisto on monipuolinen ja ihanteellinen monenlaisiin viljank\u00e4sittelysovelluksiin. Viljaelevoinnista ja kuljettimista ruuvij\u00e4rjestelmiin ja liikkuviin viljalaitteisiin, t\u00e4m\u00e4 vaihteisto varmistaa sujuvan, luotettavan ja tehokkaan voimansiirron maatalous- ja viljanvarastointij\u00e4rjestelmiss\u00e4. Sen kest\u00e4vyys, kest\u00e4vyys ja mukautuvuus tekev\u00e4t siit\u00e4 olennaisen komponentin kaikissa viljankuljetus- tai k\u00e4sittelyj\u00e4rjestelmiss\u00e4, ja se tarjoaa pitk\u00e4aikaisen toiminnan tehokkuuden ja luotettavuuden.<\/p>\n<p><img loading=\"lazy\" decoding=\"async\" class=\"alignnone size-full wp-image-3118\" src=\"https:\/\/fmp-components.com\/wp-content\/uploads\/2025\/01\/Grain-Transportation-Gearbox-28.webp\" alt=\"Viljankuljetusvaihteisto-28\" width=\"1060\" height=\"519\" title=\"\" srcset=\"https:\/\/fmp-components.com\/wp-content\/uploads\/2025\/01\/Grain-Transportation-Gearbox-28.webp 1060w, https:\/\/fmp-components.com\/wp-content\/uploads\/2025\/01\/Grain-Transportation-Gearbox-28-980x480.webp 980w, https:\/\/fmp-components.com\/wp-content\/uploads\/2025\/01\/Grain-Transportation-Gearbox-28-480x235.webp 480w\" sizes=\"(min-width: 0px) and (max-width: 480px) 480px, (min-width: 481px) and (max-width: 980px) 980px, (min-width: 981px) 1060px, 100vw\" \/><\/p>\n<h2>Tietoja FMP:st\u00e4<\/h2>\n<p>Italiassa p\u00e4\u00e4konttoriaan pit\u00e4v\u00e4 FMP on johtava valmistaja, jolla on erinomainen maine asiantuntemuksestaan \u200b\u200bkorkean suorituskyvyn vaihteistojen suunnittelussa, kehitt\u00e4misess\u00e4 ja tuotannossa, erityisesti maatalouskonesektorilla. Tarkkuudestaan, innovatiivisista ratkaisuistaan \u200b\u200bja vertaansa vailla olevasta luotettavuudestaan \u200b\u200btunnettu FMP on vakiinnuttanut asemansa luotettavana kumppanina sek\u00e4 maatalous- ett\u00e4 teollisuusmarkkinoilla. Laaja tuotevalikoimamme sis\u00e4lt\u00e4\u00e4 mittatilausty\u00f6n\u00e4 valmistettuja vaihteistoja ruohonleikkureille, nivelakseleille ja laajan valikoiman muita t\u00e4rkeit\u00e4 komponentteja \u2013 jokainen huolellisesti valmistettu vastaamaan erilaisten sovellusten ainutlaatuisia vaatimuksia.<\/p>\n<p>FMP:ll\u00e4 ymm\u00e4rr\u00e4mme, ett\u00e4 jokainen asiakas kohtaa erityisi\u00e4 haasteita. T\u00e4m\u00e4 ymm\u00e4rrys ohjaa sitoutumistamme r\u00e4\u00e4t\u00e4l\u00f6ityjen ratkaisujen tarjoamiseen, olipa kyse sitten yksitt\u00e4isist\u00e4 komponenteista tai t\u00e4ysin integroiduista j\u00e4rjestelmist\u00e4. Ty\u00f6skentelem\u00e4ll\u00e4 tiiviisti asiakkaidemme kanssa varmistamme, ett\u00e4 jokainen ratkaisu ei ainoastaan \u200b\u200bvastaa heid\u00e4n tarkkoja tarpeitaan, vaan my\u00f6s optimoi suorituskyvyn ja maksimoi arvon. Sitoutumisemme nopeisiin ja ammattimaisiin vastauksiin sek\u00e4 asiantuntevaan ohjaukseen varmistaa, ett\u00e4 jokainen tiedustelu k\u00e4sitell\u00e4\u00e4n tarkasti, mik\u00e4 johtaa parhaisiin mahdollisiin tuloksiin.<\/p>\n<p>Priorisoimme selke\u00e4\u00e4 ja jatkuvaa viestint\u00e4\u00e4 koko tuotekehityssyklin ajan. Omistautunut tiimimme tekee tiivist\u00e4 yhteisty\u00f6t\u00e4 asiakkaiden kanssa ymm\u00e4rt\u00e4\u00e4kseen heid\u00e4n vaatimuksiaan syv\u00e4llisesti ja tarjotakseen arvokkaita n\u00e4kemyksi\u00e4 ja suosituksia optimaalisten tulosten varmistamiseksi. Olipa kyse sitten huippuluokan tuotteiden suunnittelusta tai rutiinitilausten t\u00e4ytt\u00e4misest\u00e4, FMP pysyy vakaana toimittaessaan korkealaatuisia ja tarkasti suunniteltuja ratkaisuja ajallaan \u2013 joka kerta. Missiomme on ylitt\u00e4\u00e4 asiakkaiden odotukset tarjoamalla poikkeuksellista palvelua ja tuloksia jokaisessa projektissa.<\/p>\n<p>Laatu on FMP:n toiminnan kulmakivi. Noudatamme korkeimpia valmistusstandardeja ja k\u00e4yt\u00e4mme tiukkoja laadunvalvontaprosesseja varmistaaksemme, ett\u00e4 jokainen tuote paitsi t\u00e4ytt\u00e4\u00e4 my\u00f6s usein ylitt\u00e4\u00e4 alan vertailuarvot. T\u00e4m\u00e4 horjumaton sitoutuminen huippuosaamiseen sek\u00e4 ydinarvomme, kuten rehellisyys, tiimity\u00f6 ja sinnikkyys, ovat mahdollistaneet pitk\u00e4aikaisten ja luottamukseen perustuvien asiakassuhteiden luomisen l\u00e4hes 30 maassa maailmanlaajuisesti.<\/p>\n<p>FMP:ll\u00e4 olemme aina valmiita edist\u00e4m\u00e4\u00e4n globaaleja kumppanuuksia tarjoamalla asiantuntevaa neuvontaa ja r\u00e4\u00e4t\u00e4l\u00f6ityj\u00e4 ratkaisuja, jotka vastaavat asiakkaidemme kehittyviin tarpeisiin. Pyrimme rakentamaan pitk\u00e4aikaisia, molempia osapuolia hy\u00f6dytt\u00e4vi\u00e4 suhteita, jotka edist\u00e4v\u00e4t jokaisen projektin onnistumista. Etsitp\u00e4 sitten innovatiivisia ratkaisuja uuteen aloitteeseen tai tarvitset jatkuvaa tukea olemassa olevalle j\u00e4rjestelm\u00e4lle, FMP on valmis auttamaan sinua voittamaan tekniset haasteet ja varmistamaan jatkuvan menestyksesi.<\/p>\n<p><img loading=\"lazy\" decoding=\"async\" class=\"alignnone wp-image-2695\" src=\"https:\/\/fmp-components.com\/wp-content\/uploads\/2025\/01\/agricultural-gearbox3.webp\" alt=\"maatalousvaihteisto\" width=\"1140\" height=\"1138\" title=\"\" srcset=\"https:\/\/fmp-components.com\/wp-content\/uploads\/2025\/01\/agricultural-gearbox3.webp 1140w, https:\/\/fmp-components.com\/wp-content\/uploads\/2025\/01\/agricultural-gearbox3-480x479.webp 480w\" sizes=\"(min-width: 0px) and (max-width: 480px) 480px, (min-width: 481px) 1140px, 100vw\" \/><\/p>\n<p>Tekij\u00e4: CX<\/p>","protected":false},"excerpt":{"rendered":"<p>Grain Transportation Gearbox FMP-2168 Dimension Grain Transportation Gearbox FMP-2168 Specifications Product Name Grain Transportation\u00a0gearbox Material HT250\u00a0for housing, 40CrMnTi for gear shaft. Color Customized Ratio 1:1 Rate power 24HP Weight 11.5KG Used Grain transportation Advantages of Using Grain Transportation Gearbox FMP-2168 High Torque Capacity The FMP-2168 grain transportation gearbox is designed to handle high torque loads, [&hellip;]<\/p>","protected":false},"featured_media":3116,"comment_status":"open","ping_status":"closed","template":"","meta":{"_et_pb_use_builder":"","_et_pb_old_content":"","_et_gb_content_width":""},"product_brand":[],"product_cat":[74],"product_tag":[],"class_list":{"0":"post-3115","1":"product","2":"type-product","3":"status-publish","4":"has-post-thumbnail","6":"product_cat-grain-transportation-gearbox","8":"first","9":"instock","10":"shipping-taxable","11":"product-type-simple"},"_links":{"self":[{"href":"https:\/\/fmp-components.com\/fi\/wp-json\/wp\/v2\/product\/3115","targetHints":{"allow":["GET"]}}],"collection":[{"href":"https:\/\/fmp-components.com\/fi\/wp-json\/wp\/v2\/product"}],"about":[{"href":"https:\/\/fmp-components.com\/fi\/wp-json\/wp\/v2\/types\/product"}],"replies":[{"embeddable":true,"href":"https:\/\/fmp-components.com\/fi\/wp-json\/wp\/v2\/comments?post=3115"}],"wp:featuredmedia":[{"embeddable":true,"href":"https:\/\/fmp-components.com\/fi\/wp-json\/wp\/v2\/media\/3116"}],"wp:attachment":[{"href":"https:\/\/fmp-components.com\/fi\/wp-json\/wp\/v2\/media?parent=3115"}],"wp:term":[{"taxonomy":"product_brand","embeddable":true,"href":"https:\/\/fmp-components.com\/fi\/wp-json\/wp\/v2\/product_brand?post=3115"},{"taxonomy":"product_cat","embeddable":true,"href":"https:\/\/fmp-components.com\/fi\/wp-json\/wp\/v2\/product_cat?post=3115"},{"taxonomy":"product_tag","embeddable":true,"href":"https:\/\/fmp-components.com\/fi\/wp-json\/wp\/v2\/product_tag?post=3115"}],"curies":[{"name":"wp","href":"https:\/\/api.w.org\/{rel}","templated":true}]}}