{"id":3110,"date":"2025-01-05T01:34:53","date_gmt":"2025-01-05T01:34:53","guid":{"rendered":"https:\/\/fmp-components.com\/?page_id=8"},"modified":"2025-01-05T01:34:53","modified_gmt":"2025-01-05T01:34:53","slug":"grain-storage-gearbox-fmp-1003-for-agricultural-grain-storage","status":"publish","type":"product","link":"https:\/\/fmp-components.com\/fi\/product\/grain-storage-gearbox-fmp-1003-for-agricultural-grain-storage\/","title":{"rendered":"Viljan varastointivaihteisto FMP-1003 maatalouden viljan varastointiin"},"content":{"rendered":"<p><img loading=\"lazy\" decoding=\"async\" class=\"size-full wp-image-3111 aligncenter\" src=\"https:\/\/fmp-components.com\/wp-content\/uploads\/2025\/01\/Grain-Transportation-Gearbox-4.webp\" alt=\"Viljankuljetusvaihteisto-4\" width=\"800\" height=\"800\" title=\"\" srcset=\"https:\/\/fmp-components.com\/wp-content\/uploads\/2025\/01\/Grain-Transportation-Gearbox-4.webp 800w, https:\/\/fmp-components.com\/wp-content\/uploads\/2025\/01\/Grain-Transportation-Gearbox-4-480x480.webp 480w\" sizes=\"(min-width: 0px) and (max-width: 480px) 480px, (min-width: 481px) 800px, 100vw\" \/><\/p>\n<h2>Viljan varastointivaihteiston FMP-1003 tekniset tiedot<\/h2>\n<table style=\"width: 100%; height: 115px;\" border=\"1\" width=\"100%\" cellspacing=\"0\" cellpadding=\"0\">\n<tbody>\n<tr class=\"firstRow\" style=\"height: 23px;\">\n<td style=\"height: 23px;\">Tuotteen nimi<\/td>\n<td style=\"height: 23px;\">Viljan varastointivaihteisto<\/td>\n<\/tr>\n<tr style=\"height: 23px;\">\n<td style=\"height: 23px;\">Malli<\/td>\n<td style=\"height: 23px;\">FMP-1003<\/td>\n<\/tr>\n<tr style=\"height: 23px;\">\n<td style=\"height: 23px;\">V\u00e4ri<\/td>\n<td style=\"height: 23px;\">Mukauttaminen<\/td>\n<\/tr>\n<tr style=\"height: 23px;\">\n<td style=\"height: 23px;\">Materiaali<\/td>\n<td style=\"height: 23px;\">HT250 kotelolle, 20CrMnTi vaihdeakselille.<\/td>\n<\/tr>\n<tr style=\"height: 23px;\">\n<td style=\"height: 23px;\">K\u00e4ytetty<\/td>\n<td style=\"height: 23px;\">Viljan varastointi<\/td>\n<\/tr>\n<\/tbody>\n<\/table>\n<h2>Viljan varastointivaihteiston k\u00e4yt\u00f6n edut viljan varastoinnissa<\/h2>\n<ol>\n<li><strong>Parannettu toiminnan tehokkuus<\/strong><br \/>\nViljan varastointivaihteistot on suunniteltu optimoimaan viljan liikkumista ja k\u00e4sittely\u00e4. Ne varmistavat viljan varastointij\u00e4rjestelm\u00e4n sujuvan toiminnan, minimoivat seisokkiajat ja maksimoivat l\u00e4pivirtauksen. Tarjoamalla luotettavan ja tehokkaan voimansiirron n\u00e4m\u00e4 vaihteistot auttavat yll\u00e4pit\u00e4m\u00e4\u00e4n jatkuvaa toimintaa viljan varastointilaitoksissa.<\/li>\n<li><strong>Kest\u00e4vyys ja pitk\u00e4ik\u00e4isyys<\/strong><br \/>\nViljan varastointivaihteistot on rakennettu kest\u00e4m\u00e4\u00e4n maatalousymp\u00e4rist\u00f6jen ankaria olosuhteita, kuten raskaita kuormia, p\u00f6ly\u00e4 ja kosteutta. Niiden kest\u00e4v\u00e4 rakenne varmistaa pitk\u00e4n k\u00e4ytt\u00f6i\u00e4n, mik\u00e4 v\u00e4hent\u00e4\u00e4 usein teht\u00e4vien korjausten tai vaihtojen tarvetta. T\u00e4m\u00e4 kest\u00e4vyys tarkoittaa alhaisempia yll\u00e4pitokustannuksia ja pidemp\u00e4\u00e4 k\u00e4ytt\u00f6aikaa.<\/li>\n<li><strong>Tarkka ohjaus ja sopeutumiskyky<\/strong><br \/>\nViljan varastointij\u00e4rjestelmiss\u00e4 k\u00e4ytetyt vaihteistot tarjoavat tarkan nopeuden ja v\u00e4\u00e4nt\u00f6momentin hallinnan, mik\u00e4 on ratkaisevan t\u00e4rke\u00e4\u00e4 viljan tehokkaalle k\u00e4sittelylle. T\u00e4m\u00e4 mukautuvuus mahdollistaa r\u00e4\u00e4t\u00e4l\u00f6idyn suorituskyvyn, mik\u00e4 tekee j\u00e4rjestelm\u00e4st\u00e4 monipuolisemman ja kykenev\u00e4n k\u00e4sittelem\u00e4\u00e4n erilaisia \u200b\u200bviljatyyppej\u00e4, m\u00e4\u00e4ri\u00e4 ja varastointiolosuhteita.<\/li>\n<li><strong>Energiatehokkuus<\/strong><br \/>\nNykyaikaiset viljan varastointivaihteistot on suunniteltu energiatehokkuus mieless\u00e4. V\u00e4hent\u00e4m\u00e4ll\u00e4 voimansiirron energiah\u00e4vi\u00f6it\u00e4 n\u00e4m\u00e4 vaihteistot auttavat alentamaan k\u00e4ytt\u00f6kustannuksia. T\u00e4m\u00e4 on erityisen t\u00e4rke\u00e4\u00e4 laajamittaisissa viljan varastointitoiminnoissa, joissa energiankulutus voi olla merkitt\u00e4v\u00e4 osa kokonaiskustannuksista.<\/li>\n<li><strong>Parannettu viljan laadun s\u00e4ilyminen<\/strong><br \/>\nViljank\u00e4sittelylaitteiden sujuva ja tasainen toiminta, jota korkealaatuiset vaihteistot mahdollistavat, auttaa est\u00e4m\u00e4\u00e4n viljan vaurioitumisen. Asianmukainen k\u00e4sittely ja viljan rikkoutumisen v\u00e4hent\u00e4minen edist\u00e4v\u00e4t viljan laadun parempaa s\u00e4ilymist\u00e4 varmistaen, ett\u00e4 varastoitu vilja s\u00e4ilytt\u00e4\u00e4 markkina-arvonsa ja ravintosis\u00e4lt\u00f6ns\u00e4.<\/li>\n<\/ol>\n<p>Yhteenvetona voidaan todeta, ett\u00e4 viljan varastointivaihteistojen k\u00e4ytt\u00f6 parantaa merkitt\u00e4v\u00e4sti viljank\u00e4sittelyj\u00e4rjestelmien suorituskyky\u00e4, tehokkuutta ja turvallisuutta. Ne edist\u00e4v\u00e4t viljan parempaa s\u00e4ilyvyytt\u00e4, alentavat k\u00e4ytt\u00f6kustannuksia ja pident\u00e4v\u00e4t j\u00e4rjestelm\u00e4n k\u00e4ytt\u00f6ik\u00e4\u00e4, mik\u00e4 tekee niist\u00e4 elint\u00e4rke\u00e4n osan nykyaikaisissa viljan varastointitoiminnoissa.<\/p>\n<p><img loading=\"lazy\" decoding=\"async\" class=\"alignnone size-full wp-image-3114\" src=\"https:\/\/fmp-components.com\/wp-content\/uploads\/2025\/01\/lSmPwVjn-Grain-Transportation-Gearbox-8.webp\" alt=\"Viljankuljetusvaihteisto-8\" width=\"1534\" height=\"1286\" title=\"\" srcset=\"https:\/\/fmp-components.com\/wp-content\/uploads\/2025\/01\/lSmPwVjn-Grain-Transportation-Gearbox-8.webp 1534w, https:\/\/fmp-components.com\/wp-content\/uploads\/2025\/01\/lSmPwVjn-Grain-Transportation-Gearbox-8-1280x1073.webp 1280w, https:\/\/fmp-components.com\/wp-content\/uploads\/2025\/01\/lSmPwVjn-Grain-Transportation-Gearbox-8-980x822.webp 980w, https:\/\/fmp-components.com\/wp-content\/uploads\/2025\/01\/lSmPwVjn-Grain-Transportation-Gearbox-8-480x402.webp 480w\" sizes=\"(min-width: 0px) and (max-width: 480px) 480px, (min-width: 481px) and (max-width: 980px) 980px, (min-width: 981px) and (max-width: 1280px) 1280px, (min-width: 1281px) 1534px, 100vw\" \/><\/p>\n<h2 data-pm-slice=\"0 0 []\">Viljan varastointivaihteiston t\u00e4rkeimm\u00e4t komponentit<\/h2>\n<ol>\n<li><strong>Tuloakseli<\/strong><br \/>\nK\u00e4ytt\u00f6akseli on komponentti, joka vastaanottaa k\u00e4ytt\u00f6voiman voimanl\u00e4hteest\u00e4, tyypillisesti s\u00e4hk\u00f6moottorista. Se siirt\u00e4\u00e4 t\u00e4m\u00e4n tehon vaihteistoon, josta se sitten jaetaan muille komponenteille j\u00e4rjestelm\u00e4n k\u00e4ytt\u00e4miseksi. K\u00e4ytt\u00f6akseli on suunniteltu k\u00e4sittelem\u00e4\u00e4n suurta v\u00e4\u00e4nt\u00f6momenttia ja py\u00f6rimisnopeutta.<\/li>\n<li><strong>Vaihteet<\/strong><br \/>\nVaihteiston sis\u00e4ll\u00e4 liikkeen ja voiman siirt\u00e4misest\u00e4 vastaavat keskeiset komponentit ovat vaihteiston sis\u00e4ll\u00e4. Niit\u00e4 on saatavilla erityyppisin\u00e4 (esim. kartiohammaspy\u00f6r\u00e4t, vinohampaiset hammaspy\u00f6r\u00e4t, lieri\u00f6hammaspy\u00f6r\u00e4t) halutusta tehosta riippuen. Vaihteistot s\u00e4\u00e4telev\u00e4t viljan varastointij\u00e4rjestelm\u00e4n nopeutta, v\u00e4\u00e4nt\u00f6momenttia ja liikesuuntaa. Vaihteiden tarkka j\u00e4rjestely m\u00e4\u00e4r\u00e4\u00e4 vaihteiston tehokkuuden ja suorituskyvyn.<\/li>\n<li><strong>L\u00e4ht\u00f6akseli<\/strong><br \/>\nUlostuloakseli siirt\u00e4\u00e4 liikkeen vaihteistosta viljank\u00e4sittelylaitteisiin, kuten kuljettimiin, elevaattoreihin tai puhaltimiin. Sill\u00e4 on ratkaiseva rooli viljan liikkumissuunnan ja -nopeuden s\u00e4\u00e4t\u00e4misess\u00e4 ja varastoj\u00e4rjestelm\u00e4n moitteettoman toiminnan varmistamisessa.<\/li>\n<li><strong>Laakerit<\/strong><br \/>\nLaakerit tukevat vaihteiston py\u00f6rivi\u00e4 osia, kuten tulo- ja l\u00e4ht\u00f6akseleita sek\u00e4 hammaspy\u00f6ri\u00e4. Ne v\u00e4hent\u00e4v\u00e4t kitkaa ja varmistavat tasaisen toiminnan, mik\u00e4 auttaa est\u00e4m\u00e4\u00e4n kulumista, v\u00e4hent\u00e4\u00e4 energiankulutusta ja pident\u00e4\u00e4 vaihteiston k\u00e4ytt\u00f6ik\u00e4\u00e4. Laadukkaat laakerit ovat v\u00e4ltt\u00e4m\u00e4tt\u00f6mi\u00e4 huollon v\u00e4hent\u00e4miseksi ja vaihteiston tehokkuuden varmistamiseksi.<\/li>\n<li><strong>Kotelo\/Tarvike<\/strong><br \/>\nKotelo on vaihdelaatikon ulkokuori, joka sis\u00e4lt\u00e4\u00e4 ja suojaa sis\u00e4isi\u00e4 komponentteja. Se on valmistettu kest\u00e4vist\u00e4 materiaaleista, kuten valuraudasta tai ter\u00e4ksest\u00e4, ja se suojaa hammaspy\u00f6ri\u00e4, laakereita ja muita osia p\u00f6lylt\u00e4, kosteudelta ja fyysisilt\u00e4 vaurioilta. Kotelo auttaa my\u00f6s haihduttamaan k\u00e4yt\u00f6n aikana syntyv\u00e4\u00e4 l\u00e4mp\u00f6\u00e4 est\u00e4en ylikuumenemisen.<\/li>\n<\/ol>\n<p>Viljan varastointivaihteiston keskeiset komponentit toimivat yhdess\u00e4 varmistaakseen viljan k\u00e4sittely- ja varastointij\u00e4rjestelmien sujuvan, tehokkaan ja luotettavan toiminnan. Tuloakselista, joka siirt\u00e4\u00e4 voiman liikett\u00e4 helpottaville vaihteille ja laakereille, suojakoteloon ja voiteluj\u00e4rjestelm\u00e4\u00e4n, jokaisella osalla on ratkaiseva rooli suorituskyvyn maksimoinnissa ja vaihteiston k\u00e4ytt\u00f6i\u00e4n pident\u00e4misess\u00e4.<\/p>\n<p><img loading=\"lazy\" decoding=\"async\" class=\"alignnone size-full wp-image-3113\" src=\"https:\/\/fmp-components.com\/wp-content\/uploads\/2025\/01\/Grain-Transportation-Gearbox-29-1.webp\" alt=\"Viljankuljetusvaihteisto-29\" width=\"1060\" height=\"561\" title=\"\" srcset=\"https:\/\/fmp-components.com\/wp-content\/uploads\/2025\/01\/Grain-Transportation-Gearbox-29-1.webp 1060w, https:\/\/fmp-components.com\/wp-content\/uploads\/2025\/01\/Grain-Transportation-Gearbox-29-1-980x519.webp 980w, https:\/\/fmp-components.com\/wp-content\/uploads\/2025\/01\/Grain-Transportation-Gearbox-29-1-480x254.webp 480w\" sizes=\"(min-width: 0px) and (max-width: 480px) 480px, (min-width: 481px) and (max-width: 980px) 980px, (min-width: 981px) 1060px, 100vw\" \/><\/p>\n<h3>Tietoja FMP:st\u00e4<\/h3>\n<p>Italiassa p\u00e4\u00e4konttoriaan pit\u00e4v\u00e4 FMP on johtava valmistaja, joka tunnetaan asiantuntemuksestaan \u200b\u200btehokkaiden vaihteistojen suunnittelussa, kehitt\u00e4misess\u00e4 ja tuotannossa. Yrityksen p\u00e4\u00e4asiallinen painopiste on maatalouskonesektorilla. Tarkkuudestaan, innovatiivisista ratkaisuistaan \u200b\u200bja horjumattomasta luotettavuudestaan \u200b\u200btunnettu FMP on rakentanut vankan maineen luotettavana kumppanina sek\u00e4 maatalous- ett\u00e4 teollisuusmarkkinoilla. Laajaan tuotevalikoimaamme kuuluu mittatilausty\u00f6n\u00e4 valmistettuja vaihteistoja ruohonleikkureille, nivelakseleille ja laaja valikoima t\u00e4rkeit\u00e4 komponentteja \u2013 jokainen suunniteltu huolellisesti vastaamaan erilaisten sovellusten erityisvaatimuksiin.<\/p>\n<p>FMP:ll\u00e4 ymm\u00e4rr\u00e4mme, ett\u00e4 jokainen asiakas kohtaa erilaisia \u200b\u200bhaasteita. T\u00e4m\u00e4 ymm\u00e4rrys ohjaa meit\u00e4 erikoistumaan r\u00e4\u00e4t\u00e4l\u00f6ityjen ratkaisujen toimittamiseen, olipa kyse sitten yksitt\u00e4isist\u00e4 komponenteista tai t\u00e4ysin integroiduista j\u00e4rjestelmist\u00e4. Tekem\u00e4ll\u00e4 tiivist\u00e4 yhteisty\u00f6t\u00e4 asiakkaidemme kanssa varmistamme, ett\u00e4 jokainen ratkaisu ei ainoastaan \u200b\u200bvastaa heid\u00e4n ainutlaatuisiin tarpeisiinsa, vaan my\u00f6s parantaa suorituskyky\u00e4 ja maksimoi arvon. Sitoutumisemme oikea-aikaisiin ja ammattimaisiin vastauksiin sek\u00e4 asiantuntevaan ohjaukseen takaa, ett\u00e4 jokainen tiedustelu k\u00e4sitell\u00e4\u00e4n tarkasti ja ett\u00e4 tulokset ovat johdonmukaisesti optimaalisia.<\/p>\n<p>Painotamme vahvasti selke\u00e4\u00e4 ja jatkuvaa viestint\u00e4\u00e4 koko tuotekehityssyklin ajan. Omistautunut tiimimme ty\u00f6skentelee tiiviisti asiakkaiden kanssa ymm\u00e4rt\u00e4\u00e4kseen syv\u00e4llisesti heid\u00e4n vaatimuksiaan ja tarjotakseen arvokkaita n\u00e4kemyksi\u00e4 ja suosituksia, jotka varmistavat parhaat tulokset. Olipa kyse sitten huippuluokan tuotteiden suunnittelusta tai rutiinitilausten t\u00e4ytt\u00e4misest\u00e4, FMP on sitoutunut toimittamaan korkealaatuisia, tarkasti suunniteltuja ratkaisuja aikataulussa, joka kerta. Missiomme on jatkuvasti ylitt\u00e4\u00e4 asiakkaiden odotukset ja tarjota poikkeuksellista palvelua ja tuloksia jokaisessa projektissa.<\/p>\n<p>Laatu on FMP:n toiminnan ytimess\u00e4. Noudatamme korkeimpia valmistusstandardeja ja k\u00e4yt\u00e4mme tiukkoja laadunvalvontaprosesseja varmistaaksemme, ett\u00e4 jokainen tuote ei ainoastaan \u200b\u200b\u200b\u200bt\u00e4ytt\u00e4\u00e4, vaan ylitt\u00e4\u00e4 alan standardit. T\u00e4m\u00e4 horjumaton omistautuminen huippuosaamiseen yhdistettyn\u00e4 ydinarvoihimme, kuten rehellisyyteen, tiimity\u00f6h\u00f6n ja sinnikkyyteen, on mahdollistanut pitk\u00e4aikaisten ja luottamukseen perustuvien asiakassuhteiden luomisen l\u00e4hes 30 maassa maailmanlaajuisesti.<\/p>\n<p>FMP:ll\u00e4 olemme aina valmiita kehitt\u00e4m\u00e4\u00e4n globaaleja kumppanuuksia tarjoamalla asiantuntevaa neuvontaa ja r\u00e4\u00e4t\u00e4l\u00f6ityj\u00e4 ratkaisuja, jotka vastaavat asiakkaidemme jatkuvasti kehittyviin tarpeisiin. Tavoitteenamme on rakentaa pitk\u00e4aikaisia, molempia osapuolia hy\u00f6dytt\u00e4vi\u00e4 suhteita, jotka edist\u00e4v\u00e4t jokaisen projektin onnistumista. Tarvitsetpa sitten innovatiivisia ratkaisuja uuteen aloitteeseen tai jatkuvaa tukea olemassa olevalle j\u00e4rjestelm\u00e4lle, FMP on valmis auttamaan sinua teknisten haasteiden voittamisessa ja varmistamaan jatkuvan menestyksesi.<\/p>\n<p><img loading=\"lazy\" decoding=\"async\" class=\"alignnone wp-image-2695\" src=\"https:\/\/fmp-components.com\/wp-content\/uploads\/2025\/01\/agricultural-gearbox3.webp\" alt=\"maatalousvaihteisto\" width=\"1140\" height=\"1138\" title=\"\" srcset=\"https:\/\/fmp-components.com\/wp-content\/uploads\/2025\/01\/agricultural-gearbox3.webp 1140w, https:\/\/fmp-components.com\/wp-content\/uploads\/2025\/01\/agricultural-gearbox3-480x479.webp 480w\" sizes=\"(min-width: 0px) and (max-width: 480px) 480px, (min-width: 481px) 1140px, 100vw\" \/><\/p>\n<p>Tekij\u00e4: CX<\/p>","protected":false},"excerpt":{"rendered":"<p>Grain Storage Gearbox FMP-1003 Specifications Product Name Grain\u00a0storage\u00a0gearbox Model FMP-1003 Color Customization Material HT250 for housing, 20CrMnTi for gear shaft. Used Grain\u00a0storage Benefits of Using Grain Storage Gearbox for Grain Storage Enhanced Operational Efficiency Grain storage gearboxes are designed to optimize the movement and handling of grain. They ensure that the grain storage system operates [&hellip;]<\/p>","protected":false},"featured_media":3112,"comment_status":"open","ping_status":"closed","template":"","meta":{"_et_pb_use_builder":"","_et_pb_old_content":"","_et_gb_content_width":""},"product_brand":[],"product_cat":[73],"product_tag":[],"class_list":{"0":"post-3110","1":"product","2":"type-product","3":"status-publish","4":"has-post-thumbnail","6":"product_cat-grain-storage-gearbox","8":"first","9":"instock","10":"shipping-taxable","11":"product-type-simple"},"_links":{"self":[{"href":"https:\/\/fmp-components.com\/fi\/wp-json\/wp\/v2\/product\/3110","targetHints":{"allow":["GET"]}}],"collection":[{"href":"https:\/\/fmp-components.com\/fi\/wp-json\/wp\/v2\/product"}],"about":[{"href":"https:\/\/fmp-components.com\/fi\/wp-json\/wp\/v2\/types\/product"}],"replies":[{"embeddable":true,"href":"https:\/\/fmp-components.com\/fi\/wp-json\/wp\/v2\/comments?post=3110"}],"wp:featuredmedia":[{"embeddable":true,"href":"https:\/\/fmp-components.com\/fi\/wp-json\/wp\/v2\/media\/3112"}],"wp:attachment":[{"href":"https:\/\/fmp-components.com\/fi\/wp-json\/wp\/v2\/media?parent=3110"}],"wp:term":[{"taxonomy":"product_brand","embeddable":true,"href":"https:\/\/fmp-components.com\/fi\/wp-json\/wp\/v2\/product_brand?post=3110"},{"taxonomy":"product_cat","embeddable":true,"href":"https:\/\/fmp-components.com\/fi\/wp-json\/wp\/v2\/product_cat?post=3110"},{"taxonomy":"product_tag","embeddable":true,"href":"https:\/\/fmp-components.com\/fi\/wp-json\/wp\/v2\/product_tag?post=3110"}],"curies":[{"name":"wp","href":"https:\/\/api.w.org\/{rel}","templated":true}]}}