{"id":3107,"date":"2025-01-05T01:22:07","date_gmt":"2025-01-05T01:22:07","guid":{"rendered":"https:\/\/fmp-components.com\/?page_id=8"},"modified":"2025-01-05T01:22:08","modified_gmt":"2025-01-05T01:22:08","slug":"l-series-grain-storage-gearbox-fmp-1005-for-agricultural-grain-storage","status":"publish","type":"product","link":"https:\/\/fmp-components.com\/fi\/product\/l-series-grain-storage-gearbox-fmp-1005-for-agricultural-grain-storage\/","title":{"rendered":"L-sarjan viljan varastointivaihteisto FMP-1005 maatalouden viljan varastointiin"},"content":{"rendered":"<h2>Viljan varastointivaihteiston FMP-1005 tekniset tiedot<\/h2>\n<table style=\"width: 98.7251%;\" border=\"1\" cellspacing=\"0\" cellpadding=\"0\">\n<tbody>\n<tr class=\"firstRow\">\n<td style=\"width: 24.7312%;\">Tuotteen nimi<\/td>\n<td style=\"width: 257.354%;\">Viljan varastointivaihteisto<\/td>\n<\/tr>\n<tr>\n<td style=\"width: 24.7312%;\">Materiaali<\/td>\n<td style=\"width: 257.354%;\">HT250 kotelolle, 40CrMnTi vaihdeakselille.<\/td>\n<\/tr>\n<tr>\n<td style=\"width: 24.7312%;\">V\u00e4ri<\/td>\n<td style=\"width: 257.354%;\">Mukauttaminen<\/td>\n<\/tr>\n<tr>\n<td style=\"width: 24.7312%;\">Muotin nro<\/td>\n<td style=\"width: 257.354%;\">6.5<\/td>\n<\/tr>\n<tr>\n<td style=\"width: 24.7312%;\">K\u00e4ytetty<\/td>\n<td style=\"width: 257.354%;\">Viljan varastointi<\/td>\n<\/tr>\n<\/tbody>\n<\/table>\n<h2>Viljan varastointivaihteiston FMP-1005 k\u00e4yt\u00f6n edut<\/h2>\n<p>Viljan varastointivaihteisto FMP-1005 tarjoaa useita etuja, jotka parantavat sen toimivuutta, tehokkuutta ja luotettavuutta maatalouden viljan varastointij\u00e4rjestelmiss\u00e4. Alla on lueteltu t\u00e4m\u00e4n vaihteiston k\u00e4yt\u00f6n t\u00e4rkeimm\u00e4t edut:<\/p>\n<p><strong>1. Tehostettu tehokkuus<\/strong><\/p>\n<ul>\n<li>Voimansiirron optimointi: FMP-1005-vaihteisto on suunniteltu siirt\u00e4m\u00e4\u00e4n tehoa tehokkaasti moottorista viljank\u00e4sittelykoneisiin. Se v\u00e4hent\u00e4\u00e4 energiah\u00e4vi\u00f6t\u00e4 varmistaen, ett\u00e4 merkitt\u00e4v\u00e4 osa sy\u00f6tt\u00f6tehosta muunnetaan tehokkaasti l\u00e4ht\u00f6tehoksi. T\u00e4m\u00e4 johtaa tehokkaampaan toimintaan, energiankulutuksen v\u00e4henemiseen ja k\u00e4ytt\u00f6kustannusten alenemiseen.<\/li>\n<\/ul>\n<p><strong>2. Suuri v\u00e4\u00e4nt\u00f6momentti<\/strong><\/p>\n<ul>\n<li>Parannettu kuormank\u00e4sittely: FMP-1005-vaihteisto on rakennettu k\u00e4sittelem\u00e4\u00e4n suurta v\u00e4\u00e4nt\u00f6momenttia, joten se sopii vaativiin viljan varastointisovelluksiin, jotka vaativat huomattavaa voimaa viljan siirt\u00e4miseen tai k\u00e4sittelyyn. Se voi k\u00e4ytt\u00e4\u00e4 raskaita laitteita, kuten kuljettimia, ruuvikuljettimia ja viljaelevaattoreita, varmistaen sujuvan toiminnan raskaiden kuormien alla.<\/li>\n<\/ul>\n<p><strong>3. Sujuva ja luotettava toiminta<\/strong><\/p>\n<ul>\n<li>V\u00e4hentynyt t\u00e4rin\u00e4 ja melu: Tarkkuuden ansiosta FMP-1005-vaihteisto tarjoaa sujuvan toiminnan ja minimaaliset t\u00e4rin\u00e4t. T\u00e4m\u00e4 ei ainoastaan \u200b\u200btakaa vakaampaa ja tasaisempaa suorituskyky\u00e4, vaan my\u00f6s v\u00e4hent\u00e4\u00e4 melutasoa viljan varastointialueella, mik\u00e4 luo mukavamman ty\u00f6ymp\u00e4rist\u00f6n.<\/li>\n<\/ul>\n<p><strong>4. Kest\u00e4vyys ja pitk\u00e4ik\u00e4isyys<\/strong><\/p>\n<ul>\n<li>Kest\u00e4v\u00e4 rakenne: Vaihteisto on valmistettu korkealaatuisista materiaaleista, jotka kest\u00e4v\u00e4t maatalousymp\u00e4rist\u00f6jen vaativia ymp\u00e4rist\u00f6olosuhteita, kuten p\u00f6ly\u00e4, kosteutta ja l\u00e4mp\u00f6tilan vaihteluita. Sen kest\u00e4v\u00e4 rakenne varmistaa pitk\u00e4ik\u00e4isen suorituskyvyn ja v\u00e4hent\u00e4\u00e4 usein toistuvan huollon tai osien vaihdon tarvetta.<\/li>\n<\/ul>\n<p><strong>5. Minimaalinen huolto<\/strong><\/p>\n<ul>\n<li>Pitk\u00e4ik\u00e4iset komponentit: FMP-1005-vaihteiston lujuusvaihteiden ja hyvin suunnitellun voiteluj\u00e4rjestelm\u00e4n ansiosta sen huoltotarve on pienempi. Sis\u00e4iset komponentit on suojattu kulumiselta, mik\u00e4 v\u00e4hent\u00e4\u00e4 seisokkiaikoja ja huoltokustannuksia ajan my\u00f6t\u00e4.<\/li>\n<\/ul>\n<p>Viljan varastointivaihteisto FMP-1005 tarjoaa useita merkitt\u00e4vi\u00e4 etuja, kuten paremman toiminnan tehokkuuden, suuren v\u00e4\u00e4nt\u00f6momentin, luotettavuuden ja kest\u00e4vyyden. Sen sujuva toiminta, minimaaliset huoltotarpeet ja monipuolisuus erilaisissa sovelluksissa tekev\u00e4t siit\u00e4 olennaisen komponentin viljan varastointi- ja k\u00e4sittelyj\u00e4rjestelmien optimoinnissa. T\u00e4m\u00e4 vaihteisto ei ainoastaan \u200b\u200bvarmista parempaa suorituskyky\u00e4, vaan auttaa my\u00f6s v\u00e4hent\u00e4m\u00e4\u00e4n k\u00e4ytt\u00f6kustannuksia ja pident\u00e4m\u00e4\u00e4n maatalouskoneiden k\u00e4ytt\u00f6ik\u00e4\u00e4.<\/p>\n<p><img loading=\"lazy\" decoding=\"async\" class=\"alignnone size-full wp-image-3108\" src=\"https:\/\/fmp-components.com\/wp-content\/uploads\/2025\/01\/Grain-Transportation-Gearbox-29.webp\" alt=\"Viljankuljetusvaihteisto\" width=\"1060\" height=\"561\" title=\"\" srcset=\"https:\/\/fmp-components.com\/wp-content\/uploads\/2025\/01\/Grain-Transportation-Gearbox-29.webp 1060w, https:\/\/fmp-components.com\/wp-content\/uploads\/2025\/01\/Grain-Transportation-Gearbox-29-980x519.webp 980w, https:\/\/fmp-components.com\/wp-content\/uploads\/2025\/01\/Grain-Transportation-Gearbox-29-480x254.webp 480w\" sizes=\"(min-width: 0px) and (max-width: 480px) 480px, (min-width: 481px) and (max-width: 980px) 980px, (min-width: 981px) 1060px, 100vw\" \/><\/p>\n<h2>Viljan varastointivaihteiston FMP-1005 k\u00e4yt\u00f6n edut<\/h2>\n<p>Viljan varastointivaihteistoa FMP-1005 k\u00e4ytet\u00e4\u00e4n yleisesti useissa maatalous- ja teollisuussovelluksissa, jotka liittyv\u00e4t viljan k\u00e4sittelyyn ja varastointiin. Alla on joitakin t\u00e4m\u00e4n vaihdelaatikon t\u00e4rkeimmist\u00e4 sovelluksista:<\/p>\n<p><strong>1. Viljakuljettimet<\/strong><\/p>\n<ul>\n<li>Toiminto: FMP-1005-vaihteisto k\u00e4ytt\u00e4\u00e4 viljankuljettimia, jotka kuljettavat viljaa varastotilan sis\u00e4ll\u00e4 paikasta toiseen. Se varmistaa viljan sujuvan ja tehokkaan liikkumisen pitkill\u00e4 matkoilla, mik\u00e4 v\u00e4hent\u00e4\u00e4 viiv\u00e4styksi\u00e4 ja parantaa l\u00e4pivirtausta.<\/li>\n<li>Edut: Auttaa k\u00e4sittelem\u00e4\u00e4n suuria viljam\u00e4\u00e4ri\u00e4, tarjoten tasaisen nopeuden ja v\u00e4\u00e4nt\u00f6momentin jatkuvaan k\u00e4ytt\u00f6\u00f6n.<\/li>\n<\/ul>\n<p><strong>2. Viljasiiloja<\/strong><\/p>\n<ul>\n<li>Toiminta: Vaihteistoa k\u00e4ytet\u00e4\u00e4n viljasiiloissa viljan nostamiseen pystysuunnassa alemmilta tasoilta korkeammille varastosiiloihin tai -s\u00e4ili\u00f6ihin. Sen suuren v\u00e4\u00e4nt\u00f6momentin ansiosta siiloj\u00e4rjestelm\u00e4 pystyy k\u00e4sittelem\u00e4\u00e4n raskaita kuormia.<\/li>\n<li>Edut: Varmistaa luotettavan toiminnan raskaissa nosto-olosuhteissa, minimoi seisokkiaikojen ja koneiden vaurioitumisriskin.<\/li>\n<\/ul>\n<p><strong>3. Viljan k\u00e4sittelyyn tarkoitetut kairat<\/strong><\/p>\n<ul>\n<li>Toiminto: FMP-1005-vaihteistoja k\u00e4ytet\u00e4\u00e4n yleisesti ruuvikuljettimissa, joita k\u00e4ytet\u00e4\u00e4n viljan siirt\u00e4miseen varastos\u00e4ili\u00f6ihin, siiloihin tai per\u00e4vaunuihin. Ruuvit ovat elint\u00e4rkeit\u00e4 viljan siirt\u00e4misess\u00e4 s\u00e4ili\u00f6st\u00e4 toiseen.<\/li>\n<li>Edut: Tarjoaa ruuvij\u00e4rjestelm\u00e4lle tasaisen ja tasaisen liikkeen ja tehon, mik\u00e4 varmistaa tehokkaan viljansiirron ja minimoi viljavauriot.<\/li>\n<\/ul>\n<p><strong>4. Viljan lajittelu- ja puhdistuskoneet<\/strong><\/p>\n<ul>\n<li>Toiminto: Vaihteistoa k\u00e4ytet\u00e4\u00e4n koneissa, jotka lajittelevat ja puhdistavat korjattua viljaa. N\u00e4m\u00e4 koneet erottelevat roskat viljasta ja lajittelevat ne koon tai laadun mukaan.<\/li>\n<li>Edut: Tukee tasaista ja luotettavaa voimansiirtoa, mik\u00e4 on v\u00e4ltt\u00e4m\u00e4t\u00f6nt\u00e4 lajittelu- ja puhdistusprosessien jatkuvalle ja sujuvalle toiminnalle.<\/li>\n<\/ul>\n<p><strong>5. Viljankuivaimet<\/strong><\/p>\n<ul>\n<li>Toiminto: Vaihteistoa k\u00e4ytet\u00e4\u00e4n viljankuivauslaitteissa, joissa se k\u00e4ytt\u00e4\u00e4 komponentteja, kuten puhaltimia, kuljettimia ja ruuvikuljettimia, jotka kierr\u00e4tt\u00e4v\u00e4t kuumaa ilmaa viljan l\u00e4pi kosteuspitoisuuden v\u00e4hent\u00e4miseksi.<\/li>\n<li>Edut: Parantaa kuivaustehokkuutta varmistamalla kuivausj\u00e4rjestelm\u00e4n sujuvan toiminnan, mik\u00e4 on ratkaisevan t\u00e4rke\u00e4\u00e4 viljan laadun s\u00e4ilytt\u00e4miseksi.<\/li>\n<\/ul>\n<p>Viljan varastointivaihteisto FMP-1005 on monipuolinen komponentti, jota k\u00e4ytet\u00e4\u00e4n erilaisissa viljan k\u00e4sittely- ja varastointisovelluksissa. Sen kest\u00e4v\u00e4 rakenne ja luotettava suorituskyky tekev\u00e4t siit\u00e4 ihanteellisen kuljettimien, ruuvien, elevaattoreiden, puhdistusj\u00e4rjestelmien ja muiden kriittisten viljan k\u00e4sittelyss\u00e4, varastoinnissa ja kuljetuksessa k\u00e4ytettyjen koneiden voimanl\u00e4hteeksi. Sen mukautuvuus varmistaa sujuvan toiminnan, v\u00e4hent\u00e4\u00e4 seisokkiaikoja ja maksimoi viljank\u00e4sittelyj\u00e4rjestelmien tehokkuuden sek\u00e4 suurissa ett\u00e4 pieniss\u00e4 maatalousymp\u00e4rist\u00f6iss\u00e4.<\/p>\n<p><img loading=\"lazy\" decoding=\"async\" class=\"alignnone size-full wp-image-3096\" src=\"https:\/\/fmp-components.com\/wp-content\/uploads\/2025\/01\/Grain-Storage-Gearbox-28.webp\" alt=\"Viljan varastointivaihteisto\" width=\"1200\" height=\"950\" title=\"\" srcset=\"https:\/\/fmp-components.com\/wp-content\/uploads\/2025\/01\/Grain-Storage-Gearbox-28.webp 1200w, https:\/\/fmp-components.com\/wp-content\/uploads\/2025\/01\/Grain-Storage-Gearbox-28-980x776.webp 980w, https:\/\/fmp-components.com\/wp-content\/uploads\/2025\/01\/Grain-Storage-Gearbox-28-480x380.webp 480w\" sizes=\"(min-width: 0px) and (max-width: 480px) 480px, (min-width: 481px) and (max-width: 980px) 980px, (min-width: 981px) 1200px, 100vw\" \/><\/p>\n<h2>Tietoja FMP:st\u00e4<\/h2>\n<p>Italiassa p\u00e4\u00e4konttoriaan pit\u00e4v\u00e4 FMP on johtava valmistaja, joka tunnetaan asiantuntemuksestaan \u200b\u200btehokkaiden vaihteistojen suunnittelussa, kehitt\u00e4misess\u00e4 ja valmistuksessa. Yrityksen p\u00e4\u00e4paino on maatalouskonesektorilla. Tarkkuudestaan, innovatiivisista ratkaisuistaan \u200b\u200bja vankasta luotettavuudestaan \u200b\u200btunnettu FMP on ansainnut maineen luotettavana kumppanina sek\u00e4 maatalous- ett\u00e4 teollisuusmarkkinoilla. Kattava valikoimamme sis\u00e4lt\u00e4\u00e4 ruohonleikkureiden mittatilausty\u00f6n\u00e4 valmistettuja vaihteistoja, nivelakseleita ja laajan valikoiman t\u00e4rkeit\u00e4 komponentteja, jotka kaikki on huolellisesti valmistettu vastaamaan erilaisten sovellusten erityisvaatimuksia.<\/p>\n<p>FMP:ll\u00e4 ymm\u00e4rr\u00e4mme, ett\u00e4 jokainen asiakas kohtaa ainutlaatuisia haasteita. Siksi olemme erikoistuneet r\u00e4\u00e4t\u00e4l\u00f6ityjen ratkaisujen toimittamiseen, olipa kyse sitten yksitt\u00e4isist\u00e4 komponenteista tai t\u00e4ysin integroiduista j\u00e4rjestelmist\u00e4. Tiiviill\u00e4 yhteisty\u00f6ll\u00e4 asiakkaidemme kanssa varmistamme, ett\u00e4 jokainen ratkaisu ei ainoastaan \u200b\u200bvastaa heid\u00e4n tarpeisiinsa, vaan my\u00f6s optimoi suorituskyvyn ja maksimoi arvon. Sitoutumisemme nopeisiin ja ammattimaisiin vastauksiin sek\u00e4 asiantuntevaan ohjaukseen takaa, ett\u00e4 jokainen tiedustelu k\u00e4sitell\u00e4\u00e4n tarkasti, varmistaen parhaat tulokset joka kerta.<\/p>\n<p>Priorisoimme selke\u00e4\u00e4 ja jatkuvaa viestint\u00e4\u00e4 koko tuotekehityssyklin ajan. Omistautunut tiimimme tekee tiivist\u00e4 yhteisty\u00f6t\u00e4 asiakkaiden kanssa ymm\u00e4rt\u00e4\u00e4kseen perusteellisesti heid\u00e4n vaatimuksensa ja tarjotakseen arvokkaita n\u00e4kemyksi\u00e4 ja suosituksia optimaalisten tulosten saavuttamiseksi. Olipa kyseess\u00e4 huippuluokan tuotteiden suunnittelu tai rutiinitilausten t\u00e4ytt\u00e4minen, FMP on sitoutunut toimittamaan korkealaatuisia, tarkasti suunniteltuja ratkaisuja ajallaan, joka kerta. Missiomme on jatkuvasti ylitt\u00e4\u00e4 asiakkaiden odotukset ja tarjota poikkeuksellista palvelua ja tuloksia jokaisessa projektissa.<\/p>\n<p>Laatu on FMP:n toiminnan ytimess\u00e4. Noudatamme korkeimpia valmistusstandardeja ja toteutamme tiukkoja laadunvalvontatoimenpiteit\u00e4 varmistaaksemme, ett\u00e4 jokainen tuote t\u00e4ytt\u00e4\u00e4 ja usein ylitt\u00e4\u00e4 alan standardit. T\u00e4m\u00e4 sitoutuminen huippuosaamiseen sek\u00e4 ydinarvomme, kuten rehellisyys, tiimity\u00f6 ja sinnikkyys, ovat mahdollistaneet pitk\u00e4aikaisten ja luottamukseen perustuvien asiakassuhteiden rakentamisen l\u00e4hes 30 maassa maailmanlaajuisesti.<\/p>\n<p>FMP on aina halukas kehitt\u00e4m\u00e4\u00e4n globaaleja kumppanuuksia tarjoamalla asiantuntevaa neuvontaa ja r\u00e4\u00e4t\u00e4l\u00f6ityj\u00e4 ratkaisuja, jotka vastaavat asiakkaidemme kehittyviin tarpeisiin. Pyrimme rakentamaan pitk\u00e4aikaisia, molempia osapuolia hy\u00f6dytt\u00e4vi\u00e4 suhteita, jotka edist\u00e4v\u00e4t jokaisen projektin onnistumista. Tarvitsetpa sitten innovatiivisia ratkaisuja uuteen aloitteeseen tai jatkuvaa tukea olemassa olevalle j\u00e4rjestelm\u00e4lle, FMP on valmis auttamaan sinua voittamaan tekniset haasteet ja varmistamaan jatkuvan menestyksesi.<\/p>\n<p><img loading=\"lazy\" decoding=\"async\" class=\"alignnone wp-image-2695\" src=\"https:\/\/fmp-components.com\/wp-content\/uploads\/2025\/01\/agricultural-gearbox3.webp\" alt=\"maatalousvaihteisto\" width=\"1140\" height=\"1138\" title=\"\" srcset=\"https:\/\/fmp-components.com\/wp-content\/uploads\/2025\/01\/agricultural-gearbox3.webp 1140w, https:\/\/fmp-components.com\/wp-content\/uploads\/2025\/01\/agricultural-gearbox3-480x479.webp 480w\" sizes=\"(min-width: 0px) and (max-width: 480px) 480px, (min-width: 481px) 1140px, 100vw\" \/><\/p>\n<p>Tekij\u00e4: CX<\/p>","protected":false},"excerpt":{"rendered":"<p>Grain Storage Gearbox FMP-1005 Specifications Product Name Grain storage gearbox Material HT250 for housing, 40CrMnTi for gear shaft. Color Customization Mould No 6.5 Used Grain storage Benefits of Using Grain Storage Gearbox FMP-1005 The Grain Storage Gearbox FMP-1005 offers several benefits that enhance its functionality, efficiency, and reliability in agricultural grain storage systems. Below are [&hellip;]<\/p>","protected":false},"featured_media":3109,"comment_status":"open","ping_status":"closed","template":"","meta":{"_et_pb_use_builder":"","_et_pb_old_content":"","_et_gb_content_width":""},"product_brand":[],"product_cat":[73],"product_tag":[],"class_list":{"0":"post-3107","1":"product","2":"type-product","3":"status-publish","4":"has-post-thumbnail","6":"product_cat-grain-storage-gearbox","8":"first","9":"instock","10":"shipping-taxable","11":"product-type-simple"},"_links":{"self":[{"href":"https:\/\/fmp-components.com\/fi\/wp-json\/wp\/v2\/product\/3107","targetHints":{"allow":["GET"]}}],"collection":[{"href":"https:\/\/fmp-components.com\/fi\/wp-json\/wp\/v2\/product"}],"about":[{"href":"https:\/\/fmp-components.com\/fi\/wp-json\/wp\/v2\/types\/product"}],"replies":[{"embeddable":true,"href":"https:\/\/fmp-components.com\/fi\/wp-json\/wp\/v2\/comments?post=3107"}],"wp:featuredmedia":[{"embeddable":true,"href":"https:\/\/fmp-components.com\/fi\/wp-json\/wp\/v2\/media\/3109"}],"wp:attachment":[{"href":"https:\/\/fmp-components.com\/fi\/wp-json\/wp\/v2\/media?parent=3107"}],"wp:term":[{"taxonomy":"product_brand","embeddable":true,"href":"https:\/\/fmp-components.com\/fi\/wp-json\/wp\/v2\/product_brand?post=3107"},{"taxonomy":"product_cat","embeddable":true,"href":"https:\/\/fmp-components.com\/fi\/wp-json\/wp\/v2\/product_cat?post=3107"},{"taxonomy":"product_tag","embeddable":true,"href":"https:\/\/fmp-components.com\/fi\/wp-json\/wp\/v2\/product_tag?post=3107"}],"curies":[{"name":"wp","href":"https:\/\/api.w.org\/{rel}","templated":true}]}}