{"id":3102,"date":"2025-01-05T01:11:31","date_gmt":"2025-01-05T01:11:31","guid":{"rendered":"https:\/\/fmp-components.com\/?page_id=8"},"modified":"2025-01-05T01:11:32","modified_gmt":"2025-01-05T01:11:32","slug":"l-series-40hp-grain-storage-gearbox-fmp-5490-for-agricultural-grain-storage","status":"publish","type":"product","link":"https:\/\/fmp-components.com\/fi\/product\/l-series-40hp-grain-storage-gearbox-fmp-5490-for-agricultural-grain-storage\/","title":{"rendered":"L-sarjan 40HP:n viljan varastointivaihteisto FMP-5490 maatalouden viljan varastointiin"},"content":{"rendered":"<h2>Viljan varastointivaihteiston FMP-5490 tekniset tiedot<\/h2>\n<p><img loading=\"lazy\" decoding=\"async\" class=\"alignnone size-full wp-image-3104\" src=\"https:\/\/fmp-components.com\/wp-content\/uploads\/2025\/01\/Grain-Storage-Gearbox-FMP-5490-Dimension.webp\" alt=\"Viljan-varastointi-vaihteisto-FMP-5490-mitat\" width=\"967\" height=\"714\" title=\"\" srcset=\"https:\/\/fmp-components.com\/wp-content\/uploads\/2025\/01\/Grain-Storage-Gearbox-FMP-5490-Dimension.webp 967w, https:\/\/fmp-components.com\/wp-content\/uploads\/2025\/01\/Grain-Storage-Gearbox-FMP-5490-Dimension-480x354.webp 480w\" sizes=\"(min-width: 0px) and (max-width: 480px) 480px, (min-width: 481px) 967px, 100vw\" \/><\/p>\n<table style=\"width: 93.3388%; height: 204px;\" border=\"1\" cellspacing=\"0\" cellpadding=\"0\">\n<tbody>\n<tr class=\"firstRow\">\n<td>Tuotteen nimi<\/td>\n<td>Viljan varastointivaihteisto<\/td>\n<\/tr>\n<tr>\n<td>Materiaali<\/td>\n<td>HT250 kotelolle, 20CrMnTi vaihdeakselille.<\/td>\n<\/tr>\n<tr>\n<td>V\u00e4ri<\/td>\n<td>Mukauttaminen<\/td>\n<\/tr>\n<tr>\n<td>Paino<\/td>\n<td>21 kg<\/td>\n<\/tr>\n<tr>\n<td>Suhde<\/td>\n<td>1.5:1<\/td>\n<\/tr>\n<tr>\n<td>Voima<\/td>\n<td>40 hv<\/td>\n<\/tr>\n<tr>\n<td>K\u00e4ytetty<\/td>\n<td>Viljan varastointi<\/td>\n<\/tr>\n<\/tbody>\n<\/table>\n<h2>L-sarjan viljavarastovaihteiston k\u00e4yt\u00f6n edut maataloudessa<\/h2>\n<p>L-sarjan viljan varastointivaihteisto tarjoaa useita keskeisi\u00e4 etuja maataloussovelluksissa, erityisesti viljan varastointij\u00e4rjestelmiss\u00e4. N\u00e4it\u00e4 etuja ovat:<\/p>\n<p><strong>1. Kest\u00e4vyys ja pitk\u00e4ik\u00e4isyys<\/strong><\/p>\n<ul>\n<li>L-sarjan vaihteistot on suunniteltu kest\u00e4m\u00e4\u00e4n maatalousymp\u00e4rist\u00f6jen vaativia olosuhteita. Korkealaatuisista materiaaleista valmistetut vaihteistot ovat kulumisenkest\u00e4vi\u00e4 ja tarjoavat pitk\u00e4ik\u00e4ist\u00e4 suorituskyky\u00e4 viljan varastointij\u00e4rjestelmiss\u00e4, jotka toimivat raskaiden kuormien alla ja jatkuvassa k\u00e4yt\u00f6ss\u00e4.<\/li>\n<\/ul>\n<p><strong>2. Korkea hy\u00f6tysuhde<\/strong><\/p>\n<ul>\n<li>Tarkkuudella varustetut L-sarjan vaihteistot tarjoavat poikkeuksellisen tehokkaan voimansiirron. T\u00e4m\u00e4 takaa laitteiden, kuten viljakuljettimien, ruuvien ja elevaattoreiden, sujuvan ja luotettavan toiminnan, mik\u00e4 auttaa optimoimaan suorituskyky\u00e4 ja v\u00e4hent\u00e4m\u00e4\u00e4n energiankulutusta.<\/li>\n<\/ul>\n<p><strong>3. Kompakti ja tilaa s\u00e4\u00e4st\u00e4v\u00e4 muotoilu<\/strong><\/p>\n<ul>\n<li>L-sarjan vaihteistojen kompakti rakenne mahdollistaa helpon integroinnin viljan varastointij\u00e4rjestelmien ahtaisiin tiloihin. Niiden pieni koko varmistaa, ett\u00e4 ne eiv\u00e4t vie tarpeetonta tilaa, mutta tarjoavat silti tehokkaaseen viljank\u00e4sittelyyn tarvittavan tehon.<\/li>\n<\/ul>\n<p><strong>4. Luotettava suorituskyky vaativissa olosuhteissa<\/strong><\/p>\n<ul>\n<li>Maatalousymp\u00e4rist\u00f6t voivat olla ankaria, altistuen p\u00f6lylle, kosteudelle ja vaihteleville l\u00e4mp\u00f6tiloille. L-sarjan vaihteistot on suunniteltu toimimaan luotettavasti my\u00f6s n\u00e4iss\u00e4 vaativissa olosuhteissa varmistaen viljan varastointilaitteiden keskeytym\u00e4tt\u00f6m\u00e4n toiminnan ja minimoiden seisokkiajat.<\/li>\n<\/ul>\n<p><strong>5. Mukautusvaihtoehdot<\/strong><\/p>\n<ul>\n<li>L-sarjan vaihteistot voidaan r\u00e4\u00e4t\u00e4l\u00f6id\u00e4 vastaamaan erilaisten viljan varastointij\u00e4rjestelmien erityistarpeita. Olipa kyseess\u00e4 sitten vaihtelevat kapasiteetit, ainutlaatuiset k\u00e4ytt\u00f6vaatimukset tai erilaiset asennuskokoonpanot, FMP tarjoaa joustavia ratkaisuja, jotka varmistavat yhteensopivuuden erilaisten maatalouskoneiden kanssa.<\/li>\n<\/ul>\n<p>Yhteenvetona voidaan todeta, ett\u00e4 L-sarjan viljan varastointivaihteisto tarjoaa kest\u00e4vyytt\u00e4, tehokkuutta ja luotettavuutta, joten se on ihanteellinen valinta maatalousk\u00e4ytt\u00f6\u00f6n, jossa viljan varastointi- ja k\u00e4sittelylaitteiden on toimittava vaativissa olosuhteissa.<\/p>\n<p><img loading=\"lazy\" decoding=\"async\" class=\"alignnone size-full wp-image-3105\" src=\"https:\/\/fmp-components.com\/wp-content\/uploads\/2025\/01\/Grain-Storage-Gearbox-22.webp\" alt=\"Viljan varastointivaihteisto-22\" width=\"1060\" height=\"677\" title=\"\" srcset=\"https:\/\/fmp-components.com\/wp-content\/uploads\/2025\/01\/Grain-Storage-Gearbox-22.webp 1060w, https:\/\/fmp-components.com\/wp-content\/uploads\/2025\/01\/Grain-Storage-Gearbox-22-980x626.webp 980w, https:\/\/fmp-components.com\/wp-content\/uploads\/2025\/01\/Grain-Storage-Gearbox-22-480x307.webp 480w\" sizes=\"(min-width: 0px) and (max-width: 480px) 480px, (min-width: 481px) and (max-width: 980px) 980px, (min-width: 981px) 1060px, 100vw\" \/><\/p>\n<h2>L-sarjan viljavarastovaihteiston sovellukset maataloudessa<\/h2>\n<p>L-sarjan viljan varastointivaihteisto on monipuolinen ja sit\u00e4 voidaan k\u00e4ytt\u00e4\u00e4 useissa maatalouden sovelluksissa, erityisesti viljan k\u00e4sittelyyn ja varastointiin liittyviss\u00e4 j\u00e4rjestelmiss\u00e4. Joitakin t\u00e4rkeimpi\u00e4 sovelluksia ovat:<\/p>\n<p><strong>1. Viljasiiloja<\/strong><\/p>\n<ul>\n<li>L-sarjan vaihteistoa k\u00e4ytet\u00e4\u00e4n laajalti viljasiiloissa, joissa se siirt\u00e4\u00e4 viljaa pystysuunnassa tasolta toiselle. Sen luotettavuus ja kest\u00e4vyys takaavat sujuvan toiminnan my\u00f6s raskaiden kuormien alla, joten se sopii erinomaisesti viljan nostamiseen varastos\u00e4ili\u00f6ihin tai siiloihin.<\/li>\n<\/ul>\n<p><strong>2. Viljakuljettimet<\/strong><\/p>\n<ul>\n<li>Viljankuljetinj\u00e4rjestelmiss\u00e4 L-sarjan vaihteistolla on keskeinen rooli viljan siirt\u00e4misess\u00e4 vaakasuorassa tai vinossa. Se varmistaa irtotavarana olevan viljan tehokkaan ja jatkuvan siirron paikasta toiseen, olipa kyseess\u00e4 sitten lastaus, purku tai varastointi.<\/li>\n<\/ul>\n<p><strong>3. Viljaporakoneet<\/strong><\/p>\n<ul>\n<li>L-sarjan vaihteistoa k\u00e4ytet\u00e4\u00e4n yleisesti viljankuljetusruiskuissa, jotka ovat elint\u00e4rkeit\u00e4 viljan siirt\u00e4misess\u00e4 paikasta toiseen, usein siiloista kuorma-autoihin tai varastoalueille. Vaihteisto tarjoaa tarvittavan v\u00e4\u00e4nt\u00f6momentin ja luotettavuuden tehokkaaseen toimintaan.<\/li>\n<\/ul>\n<p><strong>4. Viljank\u00e4sittelylaitteet<\/strong><\/p>\n<ul>\n<li>L-sarjan vaihteisto on olennainen osa useissa muissa viljank\u00e4sittelykoneissa, mukaan lukien sekoitukseen, lajitteluun ja kuivaukseen k\u00e4ytett\u00e4v\u00e4t koneet. Sen kest\u00e4v\u00e4 rakenne tekee siit\u00e4 ihanteellisen jatkuvaan, raskaaseen k\u00e4ytt\u00f6\u00f6n.<\/li>\n<\/ul>\n<p><strong>5. Viljasiilon nuohouslaitteet<\/strong><\/p>\n<ul>\n<li>L-sarjan vaihteistoa k\u00e4ytet\u00e4\u00e4n viljasiilon haraisuruuvien kanssa, jotka auttavat poistamaan viljaa varastosiiloista. Se k\u00e4ytt\u00e4\u00e4 haraisumekanismia, joka varmistaa viljan tehokkaan tyhjennyksen siiloista ja v\u00e4hent\u00e4\u00e4 manuaalisen ty\u00f6n tarvetta.<\/li>\n<\/ul>\n<p>L-sarjan viljan varastointivaihteisto on suunniteltu vastaamaan viljan varastoinnin, k\u00e4sittelyn ja kuljetuksen monipuolisiin vaatimuksiin varmistaen luotettavat, tehokkaat ja kustannustehokkaat ratkaisut maataloustoiminnassa. Sen vankka suorituskyky useissa eri sovelluksissa auttaa optimoimaan ty\u00f6nkulkua ja parantamaan tuottavuutta koko maataloussektorilla.<\/p>\n<p><img loading=\"lazy\" decoding=\"async\" class=\"alignnone size-full wp-image-3096\" src=\"https:\/\/fmp-components.com\/wp-content\/uploads\/2025\/01\/Grain-Storage-Gearbox-28.webp\" alt=\"Viljan varastointivaihteisto\" width=\"1200\" height=\"950\" title=\"\" srcset=\"https:\/\/fmp-components.com\/wp-content\/uploads\/2025\/01\/Grain-Storage-Gearbox-28.webp 1200w, https:\/\/fmp-components.com\/wp-content\/uploads\/2025\/01\/Grain-Storage-Gearbox-28-980x776.webp 980w, https:\/\/fmp-components.com\/wp-content\/uploads\/2025\/01\/Grain-Storage-Gearbox-28-480x380.webp 480w\" sizes=\"(min-width: 0px) and (max-width: 480px) 480px, (min-width: 481px) and (max-width: 980px) 980px, (min-width: 981px) 1200px, 100vw\" \/><\/p>\n<h2>L-sarjan viljan varastointivaihteiston toimintaperiaate maataloudessa<\/h2>\n<p>L-sarjan viljavarastointivaihteisto on suunniteltu siirt\u00e4m\u00e4\u00e4n tehokkaasti tehoa ja tarjoamaan tarvittava v\u00e4\u00e4nt\u00f6momentti erilaisissa maataloussovelluksissa, erityisesti viljavarastointij\u00e4rjestelmiss\u00e4. Alla on erittely L-sarjan vaihteiston toimintaperiaatteesta:<\/p>\n<p><strong>1. Virransy\u00f6tt\u00f6<\/strong><\/p>\n<p>Vaihteisto saa voimansa p\u00e4\u00e4moottorista, tyypillisesti s\u00e4hk\u00f6moottorista, polttoaineenl\u00e4hteest\u00e4 tai voimanottoj\u00e4rjestelm\u00e4st\u00e4. T\u00e4m\u00e4 voima v\u00e4litet\u00e4\u00e4n k\u00e4ytt\u00f6moottoriin kytketyn tuloakselin kautta.<\/p>\n<p><strong>2. Liikkeen siirtyminen<\/strong><\/p>\n<p>L-sarjan vaihteisto on suunniteltu useilla vaihteilla, jotka helpottavat py\u00f6rimisenergian siirtymist\u00e4 tuloakselilta l\u00e4ht\u00f6akselille. Kun tuloakseli py\u00f6rii, se kytkeytyy vaihteiston sis\u00e4ll\u00e4 oleviin vaihteisiin, jotka muuntavat py\u00f6rimisliikkeen halutuksi v\u00e4\u00e4nt\u00f6momentiksi ja nopeudeksi sovelluksessa.<\/p>\n<p><strong>3. Vaihteiden alennus<\/strong><\/p>\n<p>L-sarjan vaihteisto k\u00e4ytt\u00e4\u00e4 sarjaa alennusvaihteita, jotka alentavat tuloakselin nopeutta ja samalla lis\u00e4\u00e4v\u00e4t l\u00e4ht\u00f6momenttia. T\u00e4m\u00e4 nopeuden alentaminen mahdollistaa sen k\u00e4ytt\u00e4mien laitteiden, kuten kuljettimien, ruuvien ja muiden viljank\u00e4sittelykoneiden, hallitumman ja tehokkaamman toiminnan.<\/p>\n<p><strong>4. V\u00e4\u00e4nt\u00f6momentin siirto<\/strong><\/p>\n<p>Vaihteisto sy\u00f6tt\u00e4\u00e4 v\u00e4\u00e4nt\u00f6momenttia ulostuloakselille, joka on suoraan kytketty maatalouskoneisiin, kuten viljasiiloittimiin tai ruuvikuljettimiin. L-sarjan vaihteisto varmistaa, ett\u00e4 tarvittava v\u00e4\u00e4nt\u00f6momentti toimitetaan ylikuormittamatta moottoria tai muita j\u00e4rjestelm\u00e4n komponentteja.<\/p>\n<p><strong>5. Tehokas energianmuunnos<\/strong><\/p>\n<p>L-sarjan vaihteisto on suunniteltu tehokkailla vaihteilla, jotka minimoivat energiah\u00e4vi\u00f6n voimansiirron aikana. T\u00e4m\u00e4 varmistaa, ett\u00e4 merkitt\u00e4v\u00e4 osa sy\u00f6tt\u00f6tehosta muunnetaan k\u00e4ytt\u00f6kelpoiseksi l\u00e4ht\u00f6tehoksi, mik\u00e4 optimoi polttoaineenkulutuksen tai s\u00e4hk\u00f6n k\u00e4yt\u00f6n j\u00e4rjestelm\u00e4ss\u00e4.<\/p>\n<p>Yhteenvetona voidaan todeta, ett\u00e4 L-sarjan viljavarastovaihteisto muuntaa tehokkaasti moottorin tai voimanulosoton tehon, alentaa nopeutta samalla kun lis\u00e4\u00e4 v\u00e4\u00e4nt\u00f6momenttia ja tarjoaa tasaisen ja luotettavan liikkeen kytketylle maatalouskoneelle. T\u00e4m\u00e4 mahdollistaa optimaalisen suorituskyvyn viljan k\u00e4sittelyss\u00e4 ja varastoinnissa, mik\u00e4 tekee siit\u00e4 olennaisen komponentin monissa maataloussovelluksissa.<\/p>\n<p><img loading=\"lazy\" decoding=\"async\" class=\"alignnone size-full wp-image-3106\" src=\"https:\/\/fmp-components.com\/wp-content\/uploads\/2025\/01\/Grain-Storage-Gearbox-13.webp\" alt=\"Viljan varastointivaihteisto-13\" width=\"1500\" height=\"1008\" title=\"\" srcset=\"https:\/\/fmp-components.com\/wp-content\/uploads\/2025\/01\/Grain-Storage-Gearbox-13.webp 1500w, https:\/\/fmp-components.com\/wp-content\/uploads\/2025\/01\/Grain-Storage-Gearbox-13-1280x860.webp 1280w, https:\/\/fmp-components.com\/wp-content\/uploads\/2025\/01\/Grain-Storage-Gearbox-13-980x659.webp 980w, https:\/\/fmp-components.com\/wp-content\/uploads\/2025\/01\/Grain-Storage-Gearbox-13-480x323.webp 480w\" sizes=\"(min-width: 0px) and (max-width: 480px) 480px, (min-width: 481px) and (max-width: 980px) 980px, (min-width: 981px) and (max-width: 1280px) 1280px, (min-width: 1281px) 1500px, 100vw\" \/><\/p>\n<h3>Tietoja FMP:st\u00e4<\/h3>\n<p>Italiassa p\u00e4\u00e4konttoriaan pit\u00e4v\u00e4 FMP on johtava valmistaja, joka tunnetaan asiantuntemuksestaan \u200b\u200btehokkaiden vaihteistojen suunnittelussa, kehitt\u00e4misess\u00e4 ja tuotannossa. Yrityksen p\u00e4\u00e4asiallinen painopiste on maatalouskonesektorilla. Tarkkuudestaan, innovatiivisista ratkaisuistaan \u200b\u200bja horjumattomasta luotettavuudestaan \u200b\u200btunnettu FMP on rakentanut vankan maineen luotettavana kumppanina sek\u00e4 maatalous- ett\u00e4 teollisuusmarkkinoilla. Laajaan tuotevalikoimaamme kuuluu mittatilausty\u00f6n\u00e4 valmistettuja vaihteistoja ruohonleikkureille, nivelakseleille ja laaja valikoima t\u00e4rkeit\u00e4 komponentteja \u2013 jokainen suunniteltu huolellisesti vastaamaan erilaisten sovellusten erityisvaatimuksiin.<\/p>\n<p>FMP:ll\u00e4 ymm\u00e4rr\u00e4mme, ett\u00e4 jokainen asiakas kohtaa erilaisia \u200b\u200bhaasteita. T\u00e4m\u00e4 ymm\u00e4rrys ohjaa meit\u00e4 erikoistumaan r\u00e4\u00e4t\u00e4l\u00f6ityjen ratkaisujen toimittamiseen, olipa kyse sitten yksitt\u00e4isist\u00e4 komponenteista tai t\u00e4ysin integroiduista j\u00e4rjestelmist\u00e4. Tekem\u00e4ll\u00e4 tiivist\u00e4 yhteisty\u00f6t\u00e4 asiakkaidemme kanssa varmistamme, ett\u00e4 jokainen ratkaisu ei ainoastaan \u200b\u200bvastaa heid\u00e4n ainutlaatuisiin tarpeisiinsa, vaan my\u00f6s parantaa suorituskyky\u00e4 ja maksimoi arvon. Sitoutumisemme oikea-aikaisiin ja ammattimaisiin vastauksiin sek\u00e4 asiantuntevaan ohjaukseen takaa, ett\u00e4 jokainen tiedustelu k\u00e4sitell\u00e4\u00e4n tarkasti ja ett\u00e4 tulokset ovat johdonmukaisesti optimaalisia.<\/p>\n<p>Painotamme vahvasti selke\u00e4\u00e4 ja jatkuvaa viestint\u00e4\u00e4 koko tuotekehityssyklin ajan. Omistautunut tiimimme ty\u00f6skentelee tiiviisti asiakkaiden kanssa ymm\u00e4rt\u00e4\u00e4kseen syv\u00e4llisesti heid\u00e4n vaatimuksiaan ja tarjotakseen arvokkaita n\u00e4kemyksi\u00e4 ja suosituksia, jotka varmistavat parhaat tulokset. Olipa kyse sitten huippuluokan tuotteiden suunnittelusta tai rutiinitilausten t\u00e4ytt\u00e4misest\u00e4, FMP on sitoutunut toimittamaan korkealaatuisia, tarkasti suunniteltuja ratkaisuja aikataulussa, joka kerta. Missiomme on jatkuvasti ylitt\u00e4\u00e4 asiakkaiden odotukset ja tarjota poikkeuksellista palvelua ja tuloksia jokaisessa projektissa.<\/p>\n<p>Laatu on FMP:n toiminnan ytimess\u00e4. Noudatamme korkeimpia valmistusstandardeja ja k\u00e4yt\u00e4mme tiukkoja laadunvalvontaprosesseja varmistaaksemme, ett\u00e4 jokainen tuote ei ainoastaan \u200b\u200b\u200b\u200bt\u00e4ytt\u00e4\u00e4, vaan ylitt\u00e4\u00e4 alan standardit. T\u00e4m\u00e4 horjumaton omistautuminen huippuosaamiseen yhdistettyn\u00e4 ydinarvoihimme, kuten rehellisyyteen, tiimity\u00f6h\u00f6n ja sinnikkyyteen, on mahdollistanut pitk\u00e4aikaisten ja luottamukseen perustuvien asiakassuhteiden luomisen l\u00e4hes 30 maassa maailmanlaajuisesti.<\/p>\n<p>FMP:ll\u00e4 olemme aina valmiita kehitt\u00e4m\u00e4\u00e4n globaaleja kumppanuuksia tarjoamalla asiantuntevaa neuvontaa ja r\u00e4\u00e4t\u00e4l\u00f6ityj\u00e4 ratkaisuja, jotka vastaavat asiakkaidemme jatkuvasti kehittyviin tarpeisiin. Tavoitteenamme on rakentaa pitk\u00e4aikaisia, molempia osapuolia hy\u00f6dytt\u00e4vi\u00e4 suhteita, jotka edist\u00e4v\u00e4t jokaisen projektin onnistumista. Tarvitsetpa sitten innovatiivisia ratkaisuja uuteen aloitteeseen tai jatkuvaa tukea olemassa olevalle j\u00e4rjestelm\u00e4lle, FMP on valmis auttamaan sinua teknisten haasteiden voittamisessa ja varmistamaan jatkuvan menestyksesi.<\/p>\n<p><img loading=\"lazy\" decoding=\"async\" class=\"alignnone wp-image-2695\" src=\"https:\/\/fmp-components.com\/wp-content\/uploads\/2025\/01\/agricultural-gearbox3.webp\" alt=\"maatalousvaihteisto\" width=\"1140\" height=\"1138\" title=\"\" srcset=\"https:\/\/fmp-components.com\/wp-content\/uploads\/2025\/01\/agricultural-gearbox3.webp 1140w, https:\/\/fmp-components.com\/wp-content\/uploads\/2025\/01\/agricultural-gearbox3-480x479.webp 480w\" sizes=\"(min-width: 0px) and (max-width: 480px) 480px, (min-width: 481px) 1140px, 100vw\" \/><\/p>\n<p>Tekij\u00e4: CX<\/p>","protected":false},"excerpt":{"rendered":"<p>Grain Storage Gearbox FMP-5490 Specifications Product Name Grain storage gearbox Material HT250 for housing, 20CrMnTi for gear shaft. Color Customization Weight 21KG Ratio 1.5:1 Power 40HP Used Grain storage Benefits of Using the L Series Grain Storage Gearbox for Agricultural The L Series Grain Storage Gearbox offers several key benefits for agricultural applications, particularly in [&hellip;]<\/p>","protected":false},"featured_media":3103,"comment_status":"open","ping_status":"closed","template":"","meta":{"_et_pb_use_builder":"","_et_pb_old_content":"","_et_gb_content_width":""},"product_brand":[],"product_cat":[73],"product_tag":[],"class_list":{"0":"post-3102","1":"product","2":"type-product","3":"status-publish","4":"has-post-thumbnail","6":"product_cat-grain-storage-gearbox","8":"first","9":"instock","10":"shipping-taxable","11":"product-type-simple"},"_links":{"self":[{"href":"https:\/\/fmp-components.com\/fi\/wp-json\/wp\/v2\/product\/3102","targetHints":{"allow":["GET"]}}],"collection":[{"href":"https:\/\/fmp-components.com\/fi\/wp-json\/wp\/v2\/product"}],"about":[{"href":"https:\/\/fmp-components.com\/fi\/wp-json\/wp\/v2\/types\/product"}],"replies":[{"embeddable":true,"href":"https:\/\/fmp-components.com\/fi\/wp-json\/wp\/v2\/comments?post=3102"}],"wp:featuredmedia":[{"embeddable":true,"href":"https:\/\/fmp-components.com\/fi\/wp-json\/wp\/v2\/media\/3103"}],"wp:attachment":[{"href":"https:\/\/fmp-components.com\/fi\/wp-json\/wp\/v2\/media?parent=3102"}],"wp:term":[{"taxonomy":"product_brand","embeddable":true,"href":"https:\/\/fmp-components.com\/fi\/wp-json\/wp\/v2\/product_brand?post=3102"},{"taxonomy":"product_cat","embeddable":true,"href":"https:\/\/fmp-components.com\/fi\/wp-json\/wp\/v2\/product_cat?post=3102"},{"taxonomy":"product_tag","embeddable":true,"href":"https:\/\/fmp-components.com\/fi\/wp-json\/wp\/v2\/product_tag?post=3102"}],"curies":[{"name":"wp","href":"https:\/\/api.w.org\/{rel}","templated":true}]}}