{"id":3088,"date":"2025-01-04T08:55:19","date_gmt":"2025-01-04T08:55:19","guid":{"rendered":"https:\/\/fmp-components.com\/?page_id=8"},"modified":"2025-01-04T09:00:03","modified_gmt":"2025-01-04T09:00:03","slug":"agricultural-combine-harvester-reversing-gearbox-for-rice-harvesting","status":"publish","type":"product","link":"https:\/\/fmp-components.com\/fi\/product\/agricultural-combine-harvester-reversing-gearbox-for-rice-harvesting\/","title":{"rendered":"Maatalouden leikkuupuimurin peruutusvaihteisto riisinkorjuuseen"},"content":{"rendered":"<p><img loading=\"lazy\" decoding=\"async\" class=\"alignnone size-full wp-image-3090\" src=\"https:\/\/fmp-components.com\/wp-content\/uploads\/2025\/01\/10_Combine-Harvester-Gearbox-2.webp\" alt=\"Leikkuupuimurin vaihdelaatikko\" width=\"1534\" height=\"1138\" title=\"\" srcset=\"https:\/\/fmp-components.com\/wp-content\/uploads\/2025\/01\/10_Combine-Harvester-Gearbox-2.webp 1534w, https:\/\/fmp-components.com\/wp-content\/uploads\/2025\/01\/10_Combine-Harvester-Gearbox-2-1280x950.webp 1280w, https:\/\/fmp-components.com\/wp-content\/uploads\/2025\/01\/10_Combine-Harvester-Gearbox-2-980x727.webp 980w, https:\/\/fmp-components.com\/wp-content\/uploads\/2025\/01\/10_Combine-Harvester-Gearbox-2-480x356.webp 480w\" sizes=\"(min-width: 0px) and (max-width: 480px) 480px, (min-width: 481px) and (max-width: 980px) 980px, (min-width: 981px) and (max-width: 1280px) 1280px, (min-width: 1281px) 1534px, 100vw\" \/><\/p>\n<h2>Tuotteen tekniset tiedot:<\/h2>\n<table style=\"width: 86.1946%; height: 161px;\" border=\"1\" cellspacing=\"0\" cellpadding=\"0\">\n<tbody>\n<tr>\n<td>Tuotteen nimi<\/td>\n<td>Lyhyt puimurin peruutus riisinpuimuriin<\/td>\n<\/tr>\n<tr>\n<td>Materiaali<\/td>\n<td>QT450 koteloon, 20CrMnTi vaihdeakseliin.<\/td>\n<\/tr>\n<tr>\n<td>V\u00e4ri<\/td>\n<td>Mukauttaminen<\/td>\n<\/tr>\n<tr>\n<td>Malli<\/td>\n<td>\u00a0FMP-1.6Z.03-05<\/td>\n<\/tr>\n<tr>\n<td>K\u00e4ytetty<\/td>\n<td>Riisinkorjuukone<\/td>\n<\/tr>\n<\/tbody>\n<\/table>\n<h2>Leikkuupuimurin peruutusvaihteiston k\u00e4yt\u00f6n edut<\/h2>\n<p>Leikkuupuimurin suunnanvaihtovaihteisto tarjoaa useita merkitt\u00e4vi\u00e4 etuja, jotka parantavat puimurin tehokkuutta ja toimivuutta. T\u00e4ss\u00e4 on joitakin t\u00e4m\u00e4n erikoisvaihteiston k\u00e4yt\u00f6n t\u00e4rkeimpi\u00e4 etuja:<\/p>\n<p><strong>1. Parempi ohjattavuus<\/strong><\/p>\n<ul>\n<li>Peruutusvaihteiston ansiosta puimuri voi peruuttaa helposti ilman monimutkaisia \u200b\u200bliikkeit\u00e4 tai pys\u00e4htymisi\u00e4 ja k\u00e4\u00e4nn\u00f6ksi\u00e4. T\u00e4m\u00e4 on erityisen hy\u00f6dyllist\u00e4 ahtaissa tiloissa tai pellolla asentoa muutettaessa, mik\u00e4 parantaa toiminnan yleist\u00e4 tehokkuutta.<\/li>\n<\/ul>\n<p><strong>2. Toiminnan tehokkuuden lis\u00e4\u00e4ntyminen<\/strong><\/p>\n<ul>\n<li>Suunnanvaihtovaihteiston ansiosta puimuri voi vaihtaa suuntaa nopeasti ilman, ett\u00e4 vaihteita tarvitsee irrottaa tai vaihtaa. T\u00e4m\u00e4 mahdollistaa sujuvammat ja nopeammat siirtym\u00e4t tihe\u00e4n kasvuston omaaville alueille ja niilt\u00e4 pois, mik\u00e4 v\u00e4hent\u00e4\u00e4 seisokkiaikoja ja parantaa sadonkorjuun tehokkuutta.<\/li>\n<\/ul>\n<p><strong>3. Parempi tuottavuus<\/strong><\/p>\n<ul>\n<li>Mahdollistamalla nopean peruutuksen pys\u00e4htym\u00e4tt\u00e4 kuljettajat voivat v\u00e4ltt\u00e4\u00e4 viiv\u00e4styksi\u00e4 ja lyhent\u00e4\u00e4 koneen uudelleensijoittamiseen kuluvaa aikaa. T\u00e4m\u00e4 johtaa suurempaan kokonaisl\u00e4p\u00e4isykykyyn sadonkorjuuprosessin aikana, erityisesti pelloilla, jotka vaativat usein suunnanmuutoksia esteiden, k\u00e4\u00e4nn\u00f6sten tai ep\u00e4tasaisen maaston vuoksi.<\/li>\n<\/ul>\n<p><strong>4. Suurempi monipuolisuus<\/strong><\/p>\n<ul>\n<li>Peruutusvaihteisto tarjoaa enemm\u00e4n joustavuutta ty\u00f6olosuhteissa. Se auttaa puimuria sopeutumaan erilaisiin teht\u00e4viin, kuten kasvuston j\u00e4\u00e4nteiden poistamiseen, leikkuup\u00f6yd\u00e4n asennon s\u00e4\u00e4t\u00f6\u00f6n peruuttamalla tai esteiden ymp\u00e4ri ajamalla, kaikki t\u00e4m\u00e4 ilman, ett\u00e4 tarvitsee vaihtaa vaihteelle tai keskeytt\u00e4\u00e4 ty\u00f6skentely\u00e4.<\/li>\n<\/ul>\n<p><strong>5. V\u00e4hentynyt kuluminen<\/strong><\/p>\n<ul>\n<li>Vaihteisto mahdollistaa tasaisemman peruutuksen, mik\u00e4 v\u00e4hent\u00e4\u00e4 muiden t\u00e4rkeiden komponenttien, kuten kytkimen ja vaihteiston, kulumista. Se my\u00f6s minimoi manuaalisten toimenpiteiden tarpeen, pident\u00e4\u00e4 ajoneuvon voimansiirron k\u00e4ytt\u00f6ik\u00e4\u00e4 ja v\u00e4hent\u00e4\u00e4 mekaanisten vikojen riski\u00e4.<\/li>\n<\/ul>\n<p>Yhteenvetona voidaan todeta, ett\u00e4 puimurin suunnanvaihtovaihteisto tarjoaa etuja, kuten lis\u00e4\u00e4ntyneen ohjattavuuden, toiminnan tehokkuuden ja tuottavuuden, samalla parantaen turvallisuutta, v\u00e4hent\u00e4en kulumista ja parantaen polttoainetehokkuutta. N\u00e4m\u00e4 edut tekev\u00e4t siit\u00e4 v\u00e4ltt\u00e4m\u00e4tt\u00f6m\u00e4n osan nykyaikaisissa puimureissa, mik\u00e4 varmistaa sek\u00e4 ajan ett\u00e4 kustannuss\u00e4\u00e4st\u00f6t viljelij\u00f6ille.<\/p>\n<p><img loading=\"lazy\" decoding=\"async\" class=\"alignnone  wp-image-3091\" src=\"https:\/\/fmp-components.com\/wp-content\/uploads\/2025\/01\/10_Combine-Harvester-Gearbox-12.webp\" alt=\"Leikkuupuimurin vaihdelaatikko\" width=\"1078\" height=\"609\" title=\"\" srcset=\"https:\/\/fmp-components.com\/wp-content\/uploads\/2025\/01\/10_Combine-Harvester-Gearbox-12.webp 1078w, https:\/\/fmp-components.com\/wp-content\/uploads\/2025\/01\/10_Combine-Harvester-Gearbox-12-980x554.webp 980w, https:\/\/fmp-components.com\/wp-content\/uploads\/2025\/01\/10_Combine-Harvester-Gearbox-12-480x271.webp 480w\" sizes=\"(min-width: 0px) and (max-width: 480px) 480px, (min-width: 481px) and (max-width: 980px) 980px, (min-width: 981px) 1078px, 100vw\" \/><\/p>\n<h2>Leikkuupuimurin peruutusvaihteiston t\u00e4rkeimm\u00e4t komponentit<\/h2>\n<div class=\"flex-shrink-0 flex flex-col relative items-end\">\n<div>\n<div class=\"pt-0\">\n<div class=\"gizmo-bot-avatar flex h-8 w-8 items-center justify-center overflow-hidden rounded-full\">\n<div class=\"relative p-1 rounded-sm flex items-center justify-center bg-token-main-surface-primary text-token-text-primary h-8 w-8\">Leikkuupuimurin peruutusvaihteisto on kriittinen osa nykyaikaisissa leikkuupuimureissa, sill\u00e4 se mahdollistaa koneen tehokkaan ja tasaisen peruutuksen ilman manuaalista vaihteenvaihtoa. Se yhdist\u00e4\u00e4 useita mekaanisia komponentteja, jotka toimivat yhdess\u00e4 varmistaakseen luotettavan voimansiirron ja ohjauksen. T\u00e4ss\u00e4 ovat leikkuupuimurin peruutusvaihteiston t\u00e4rkeimm\u00e4t osat:<\/div>\n<\/div>\n<\/div>\n<\/div>\n<\/div>\n<div class=\"group\/conversation-turn relative flex w-full min-w-0 flex-col agent-turn\">\n<div class=\"flex-col gap-1 md:gap-3\">\n<div class=\"flex max-w-full flex-col flex-grow\">\n<div class=\"min-h-8 text-message flex w-full flex-col items-end gap-2 whitespace-normal break-words text-start [.text-message+&amp;]:mt-5\" dir=\"auto\" data-message-author-role=\"assistant\" data-message-id=\"e6cb3039-0226-4bda-ac7c-bde40b961baf\" data-message-model-slug=\"gpt-4o-mini\">\n<div class=\"flex w-full flex-col gap-1 empty:hidden first:pt-[3px]\">\n<div class=\"markdown prose w-full break-words dark:prose-invert light\">\n<p><strong>1. Sis\u00e4\u00e4ntuloakseli<\/strong><\/p>\n<ul>\n<li>Tuloakseli v\u00e4litt\u00e4\u00e4 voiman moottorista vaihteistoon. Se on ensisijainen liitoskohta, jonka kautta moottorin py\u00f6rimisvoima tulee vaihteistoon ja k\u00e4ynnist\u00e4\u00e4 vaihteiden vaihtoprosessin.<\/li>\n<\/ul>\n<p><strong>2. Peruutusvaihteen asetus<\/strong><\/p>\n<ul>\n<li>T\u00e4m\u00e4 hammaspy\u00f6r\u00e4st\u00f6 vastaa py\u00f6rimissuunnan muuttamisesta. Aktivoituna se k\u00e4\u00e4nt\u00e4\u00e4 ulostuloakselin suunnan, jolloin harvesteri voi liikkua taaksep\u00e4in. Peruutusvaihteisto koostuu tyypillisesti v\u00e4lirattaista, lieri\u00f6rattaista ja hammasrattaista, jotka kytkeytyv\u00e4t ja irtoavat py\u00f6rimisen k\u00e4\u00e4nt\u00e4miseksi.<\/li>\n<\/ul>\n<p><strong>3. P\u00e4\u00e4vaihteiston kotelo<\/strong><\/p>\n<ul>\n<li>Vaihteiston kotelo on ulkokuori, joka sis\u00e4lt\u00e4\u00e4 ja suojaa kaikkia sis\u00e4isi\u00e4 komponentteja. Se on tyypillisesti valmistettu kest\u00e4vist\u00e4 materiaaleista, kuten valuraudasta tai ter\u00e4ksest\u00e4, kest\u00e4m\u00e4\u00e4n k\u00e4yt\u00f6n aikana esiintyv\u00e4t suuret rasitukset ja paineet. Kotelo varmistaa my\u00f6s hammaspy\u00f6rien ja akseleiden oikean kohdistuksen.<\/li>\n<\/ul>\n<p><strong>4. Ulostuloakseli<\/strong><\/p>\n<ul>\n<li>Ulostuloakseli v\u00e4litt\u00e4\u00e4 voiman vaihteistosta puimurin voimansiirtoon. T\u00e4m\u00e4 akseli on kytketty puimurin py\u00f6riin tai telaketjuihin, mink\u00e4 ansiosta se voi liikkua eteen- tai taaksep\u00e4in vaihteen kytkenn\u00e4n mukaan.<\/li>\n<\/ul>\n<p><strong>5. Kytkinmekanismi<\/strong><\/p>\n<ul>\n<li>Kytkint\u00e4 k\u00e4ytet\u00e4\u00e4n vaihteiston kytkemiseen p\u00e4\u00e4lle tai pois moottorin tehosta. Sen avulla kuljettaja voi hallita moottorin ja vaihteiston v\u00e4list\u00e4 yhteytt\u00e4 varmistaen sujuvan toiminnan vaihteita vaihdettaessa. Peruutusvaihteistossa kytkin helpottaa sek\u00e4 eteenp\u00e4in ett\u00e4 taaksep\u00e4in ajamista.<\/li>\n<\/ul>\n<p>N\u00e4m\u00e4 keskeiset komponentit toimivat yhdess\u00e4 muodostaen eritt\u00e4in tehokkaan ja luotettavan peruutusj\u00e4rjestelm\u00e4n puimureille. Peruutusvaihteisto mahdollistaa kuljettajien helpon vaihtamisen eteen- ja taaksep\u00e4in suuntautuvan liikkeen v\u00e4lill\u00e4, mik\u00e4 parantaa ohjattavuutta, tuottavuutta ja toiminnan tehokkuutta pellolla.<\/p>\n<p><img loading=\"lazy\" decoding=\"async\" class=\"alignnone size-full wp-image-3092\" src=\"https:\/\/fmp-components.com\/wp-content\/uploads\/2025\/01\/10_Combine-Harvester-Gearbox-14.webp\" alt=\"Leikkuupuimurin vaihdelaatikko\" width=\"1280\" height=\"720\" title=\"\" srcset=\"https:\/\/fmp-components.com\/wp-content\/uploads\/2025\/01\/10_Combine-Harvester-Gearbox-14.webp 1280w, https:\/\/fmp-components.com\/wp-content\/uploads\/2025\/01\/10_Combine-Harvester-Gearbox-14-980x551.webp 980w, https:\/\/fmp-components.com\/wp-content\/uploads\/2025\/01\/10_Combine-Harvester-Gearbox-14-480x270.webp 480w\" sizes=\"(min-width: 0px) and (max-width: 480px) 480px, (min-width: 481px) and (max-width: 980px) 980px, (min-width: 981px) 1280px, 100vw\" \/><\/p>\n<h2>Tietoja FMP:st\u00e4<\/h2>\n<p>Italiassa p\u00e4\u00e4konttoriaan pit\u00e4v\u00e4 FMP on johtava valmistaja, joka tunnetaan asiantuntemuksestaan \u200b\u200btehokkaiden vaihteistojen suunnittelussa, kehitt\u00e4misess\u00e4 ja valmistuksessa. Yrityksen p\u00e4\u00e4paino on maatalouskonesektorilla. Tarkkuudestaan, innovatiivisista ratkaisuistaan \u200b\u200bja vankasta luotettavuudestaan \u200b\u200btunnettu FMP on ansainnut maineen luotettavana kumppanina sek\u00e4 maatalous- ett\u00e4 teollisuusmarkkinoilla. Kattava valikoimamme sis\u00e4lt\u00e4\u00e4 ruohonleikkureiden mittatilausty\u00f6n\u00e4 valmistettuja vaihteistoja, nivelakseleita ja laajan valikoiman t\u00e4rkeit\u00e4 komponentteja, jotka kaikki on huolellisesti valmistettu vastaamaan erilaisten sovellusten erityisvaatimuksia.<\/p>\n<p>FMP:ll\u00e4 ymm\u00e4rr\u00e4mme, ett\u00e4 jokainen asiakas kohtaa ainutlaatuisia haasteita. Siksi olemme erikoistuneet r\u00e4\u00e4t\u00e4l\u00f6ityjen ratkaisujen toimittamiseen, olipa kyse sitten yksitt\u00e4isist\u00e4 komponenteista tai t\u00e4ysin integroiduista j\u00e4rjestelmist\u00e4. Tiiviill\u00e4 yhteisty\u00f6ll\u00e4 asiakkaidemme kanssa varmistamme, ett\u00e4 jokainen ratkaisu ei ainoastaan \u200b\u200bvastaa heid\u00e4n tarpeisiinsa, vaan my\u00f6s optimoi suorituskyvyn ja maksimoi arvon. Sitoutumisemme nopeisiin ja ammattimaisiin vastauksiin sek\u00e4 asiantuntevaan ohjaukseen takaa, ett\u00e4 jokainen tiedustelu k\u00e4sitell\u00e4\u00e4n tarkasti, varmistaen parhaat tulokset joka kerta.<\/p>\n<p>Priorisoimme selke\u00e4\u00e4 ja jatkuvaa viestint\u00e4\u00e4 koko tuotekehityssyklin ajan. Omistautunut tiimimme tekee tiivist\u00e4 yhteisty\u00f6t\u00e4 asiakkaiden kanssa ymm\u00e4rt\u00e4\u00e4kseen perusteellisesti heid\u00e4n vaatimuksensa ja tarjotakseen arvokkaita n\u00e4kemyksi\u00e4 ja suosituksia optimaalisten tulosten saavuttamiseksi. Olipa kyseess\u00e4 huippuluokan tuotteiden suunnittelu tai rutiinitilausten t\u00e4ytt\u00e4minen, FMP on sitoutunut toimittamaan korkealaatuisia, tarkasti suunniteltuja ratkaisuja ajallaan, joka kerta. Missiomme on jatkuvasti ylitt\u00e4\u00e4 asiakkaiden odotukset ja tarjota poikkeuksellista palvelua ja tuloksia jokaisessa projektissa.<\/p>\n<p>Laatu on FMP:n toiminnan ytimess\u00e4. Noudatamme korkeimpia valmistusstandardeja ja toteutamme tiukkoja laadunvalvontatoimenpiteit\u00e4 varmistaaksemme, ett\u00e4 jokainen tuote t\u00e4ytt\u00e4\u00e4 ja usein ylitt\u00e4\u00e4 alan standardit. T\u00e4m\u00e4 sitoutuminen huippuosaamiseen sek\u00e4 ydinarvomme, kuten rehellisyys, tiimity\u00f6 ja sinnikkyys, ovat mahdollistaneet pitk\u00e4aikaisten ja luottamukseen perustuvien asiakassuhteiden rakentamisen l\u00e4hes 30 maassa maailmanlaajuisesti.<\/p>\n<p>FMP on aina halukas kehitt\u00e4m\u00e4\u00e4n globaaleja kumppanuuksia tarjoamalla asiantuntevaa neuvontaa ja r\u00e4\u00e4t\u00e4l\u00f6ityj\u00e4 ratkaisuja, jotka vastaavat asiakkaidemme kehittyviin tarpeisiin. Pyrimme rakentamaan pitk\u00e4aikaisia, molempia osapuolia hy\u00f6dytt\u00e4vi\u00e4 suhteita, jotka edist\u00e4v\u00e4t jokaisen projektin onnistumista. Tarvitsetpa sitten innovatiivisia ratkaisuja uuteen aloitteeseen tai jatkuvaa tukea olemassa olevalle j\u00e4rjestelm\u00e4lle, FMP on valmis auttamaan sinua voittamaan tekniset haasteet ja varmistamaan jatkuvan menestyksesi.<\/p>\n<p><img loading=\"lazy\" decoding=\"async\" class=\"alignnone wp-image-2695\" src=\"https:\/\/fmp-components.com\/wp-content\/uploads\/2025\/01\/agricultural-gearbox3.webp\" alt=\"maatalousvaihteisto\" width=\"1140\" height=\"1138\" title=\"\" srcset=\"https:\/\/fmp-components.com\/wp-content\/uploads\/2025\/01\/agricultural-gearbox3.webp 1140w, https:\/\/fmp-components.com\/wp-content\/uploads\/2025\/01\/agricultural-gearbox3-480x479.webp 480w\" sizes=\"(min-width: 0px) and (max-width: 480px) 480px, (min-width: 481px) 1140px, 100vw\" \/><\/p>\n<p>Tekij\u00e4: CX<\/p>\n<\/div>\n<\/div>\n<\/div>\n<\/div>\n<\/div>\n<\/div>","protected":false},"excerpt":{"rendered":"<p>Product Specifications: Product Name Short harvester reversing for rice harvester Material QT450 for housing, 20CrMnTi for gear shaft. Color Customization Model \u00a0FMP-1.6Z.03-05 Used Rice harvester Advantages of Using the Combine Harvester Reversing Gearbox The Combine Harvester Reversing Gearbox offers several significant advantages that enhance the efficiency and functionality of the harvester. Here are some key [&hellip;]<\/p>","protected":false},"featured_media":3093,"comment_status":"open","ping_status":"closed","template":"","meta":{"_et_pb_use_builder":"","_et_pb_old_content":"","_et_gb_content_width":""},"product_brand":[],"product_cat":[72],"product_tag":[],"class_list":{"0":"post-3088","1":"product","2":"type-product","3":"status-publish","4":"has-post-thumbnail","6":"product_cat-combine-harvester-gearbox","8":"first","9":"instock","10":"shipping-taxable","11":"product-type-simple"},"_links":{"self":[{"href":"https:\/\/fmp-components.com\/fi\/wp-json\/wp\/v2\/product\/3088","targetHints":{"allow":["GET"]}}],"collection":[{"href":"https:\/\/fmp-components.com\/fi\/wp-json\/wp\/v2\/product"}],"about":[{"href":"https:\/\/fmp-components.com\/fi\/wp-json\/wp\/v2\/types\/product"}],"replies":[{"embeddable":true,"href":"https:\/\/fmp-components.com\/fi\/wp-json\/wp\/v2\/comments?post=3088"}],"wp:featuredmedia":[{"embeddable":true,"href":"https:\/\/fmp-components.com\/fi\/wp-json\/wp\/v2\/media\/3093"}],"wp:attachment":[{"href":"https:\/\/fmp-components.com\/fi\/wp-json\/wp\/v2\/media?parent=3088"}],"wp:term":[{"taxonomy":"product_brand","embeddable":true,"href":"https:\/\/fmp-components.com\/fi\/wp-json\/wp\/v2\/product_brand?post=3088"},{"taxonomy":"product_cat","embeddable":true,"href":"https:\/\/fmp-components.com\/fi\/wp-json\/wp\/v2\/product_cat?post=3088"},{"taxonomy":"product_tag","embeddable":true,"href":"https:\/\/fmp-components.com\/fi\/wp-json\/wp\/v2\/product_tag?post=3088"}],"curies":[{"name":"wp","href":"https:\/\/api.w.org\/{rel}","templated":true}]}}