{"id":3074,"date":"2025-01-04T08:48:51","date_gmt":"2025-01-04T08:48:51","guid":{"rendered":"https:\/\/fmp-components.com\/?page_id=8"},"modified":"2025-01-04T08:53:07","modified_gmt":"2025-01-04T08:53:07","slug":"double-disc-fertilizer-spreader-gearbox-fmp-sf11-for-fertilizer-spreader","status":"publish","type":"product","link":"https:\/\/fmp-components.com\/fi\/product\/double-disc-fertilizer-spreader-gearbox-fmp-sf11-for-fertilizer-spreader\/","title":{"rendered":"Kaksilevyisen lannoitteenlevittimen vaihteisto FMP-SF11 lannoitteenlevittimelle"},"content":{"rendered":"<h2>Kaksilevyisen lannoitteenlevittimen vaihteiston FMP-SF11 mitat<\/h2>\n<p><img loading=\"lazy\" decoding=\"async\" class=\"alignnone size-full wp-image-3083\" src=\"https:\/\/fmp-components.com\/wp-content\/uploads\/2025\/01\/Double-Disc-Fertilizer-Spreader-Gearbox-FMP-SF11-Dimensions-2.webp\" alt=\"Kaksilevyisen lannoitteenlevittimen vaihteisto FMP SF11 Mitat 2\" width=\"1606\" height=\"904\" title=\"\" srcset=\"https:\/\/fmp-components.com\/wp-content\/uploads\/2025\/01\/Double-Disc-Fertilizer-Spreader-Gearbox-FMP-SF11-Dimensions-2.webp 1606w, https:\/\/fmp-components.com\/wp-content\/uploads\/2025\/01\/Double-Disc-Fertilizer-Spreader-Gearbox-FMP-SF11-Dimensions-2-1280x720.webp 1280w, https:\/\/fmp-components.com\/wp-content\/uploads\/2025\/01\/Double-Disc-Fertilizer-Spreader-Gearbox-FMP-SF11-Dimensions-2-980x552.webp 980w, https:\/\/fmp-components.com\/wp-content\/uploads\/2025\/01\/Double-Disc-Fertilizer-Spreader-Gearbox-FMP-SF11-Dimensions-2-480x270.webp 480w\" sizes=\"(min-width: 0px) and (max-width: 480px) 480px, (min-width: 481px) and (max-width: 980px) 980px, (min-width: 981px) and (max-width: 1280px) 1280px, (min-width: 1281px) 1606px, 100vw\" \/> <img loading=\"lazy\" decoding=\"async\" class=\"alignnone size-full wp-image-3084\" src=\"https:\/\/fmp-components.com\/wp-content\/uploads\/2025\/01\/Double-Disc-Fertilizer-Spreader-Gearbox-FMP-SF11-Dimensions-1.webp\" alt=\"Kaksilevyisen lannoitteenlevittimen vaihteisto FMP SF11 Mitat 1\" width=\"1625\" height=\"820\" title=\"\" srcset=\"https:\/\/fmp-components.com\/wp-content\/uploads\/2025\/01\/Double-Disc-Fertilizer-Spreader-Gearbox-FMP-SF11-Dimensions-1.webp 1625w, https:\/\/fmp-components.com\/wp-content\/uploads\/2025\/01\/Double-Disc-Fertilizer-Spreader-Gearbox-FMP-SF11-Dimensions-1-1280x646.webp 1280w, https:\/\/fmp-components.com\/wp-content\/uploads\/2025\/01\/Double-Disc-Fertilizer-Spreader-Gearbox-FMP-SF11-Dimensions-1-980x495.webp 980w, https:\/\/fmp-components.com\/wp-content\/uploads\/2025\/01\/Double-Disc-Fertilizer-Spreader-Gearbox-FMP-SF11-Dimensions-1-480x242.webp 480w\" sizes=\"(min-width: 0px) and (max-width: 480px) 480px, (min-width: 481px) and (max-width: 980px) 980px, (min-width: 981px) and (max-width: 1280px) 1280px, (min-width: 1281px) 1625px, 100vw\" \/><\/p>\n<h2>Kaksilevyisen lannoitteenlevittimen vaihteiston FMP-SF11 tekniset tiedot<\/h2>\n<table style=\"width: 97.1772%; height: 151px;\" border=\"1\" cellspacing=\"0\" cellpadding=\"0\">\n<tbody>\n<tr>\n<td colspan=\"2\" rowspan=\"2\">min\u00e4<\/td>\n<td rowspan=\"2\">Sopii<\/td>\n<td>Kierroslukutulo<\/td>\n<td>Kierrosluku<\/td>\n<td colspan=\"2\">Voima<\/td>\n<td rowspan=\"2\">Hammastus<\/td>\n<\/tr>\n<tr>\n<td>kierrosta minuutissa<\/td>\n<td>kierrosta minuutissa<\/td>\n<td>Kw<\/td>\n<td>Hevosvoima<\/td>\n<\/tr>\n<tr>\n<td><\/td>\n<td>1:1<\/td>\n<td>Lannoitteenlevitin yms.<\/td>\n<td>540<\/td>\n<td>540<\/td>\n<td>15<\/td>\n<td>20<\/td>\n<td>Gleason Helical<br \/>\nHampaat<\/td>\n<\/tr>\n<tr>\n<td colspan=\"8\">Huomautus: Jos sinulla on erityisvaatimuksia, kerro siit\u00e4 minulle, hyv\u00e4ksymme my\u00f6s mittatilausty\u00f6n\u00e4 tehdyt tarjoukset.<\/td>\n<\/tr>\n<\/tbody>\n<\/table>\n<h2>Kaksilevyisen lannoitteenlevittimen vaihdelaatikon FMP-SF11 edut<\/h2>\n<p>Kaksilevyinen lannoitteenlevittimen vaihteisto FMP-SF11 tarjoaa useita etuja, jotka parantavat lannoitteiden levityksen suorituskyky\u00e4 ja tehokkuutta maatalousk\u00e4yt\u00f6ss\u00e4. T\u00e4ss\u00e4 ovat t\u00e4m\u00e4n vaihteiston t\u00e4rkeimm\u00e4t edut:<\/p>\n<p><strong>1. Tarkkuus ja tasaisuus<\/strong><\/p>\n<ul>\n<li>FMP-SF11-vaihteisto varmistaa, ett\u00e4 lannoite jakautuu tasaisesti pellolle ja levi\u00e4\u00e4 tasaisesti. T\u00e4m\u00e4 on ratkaisevan t\u00e4rke\u00e4\u00e4 satojen optimoimiseksi ja lannoitteiden tuhlaamisen v\u00e4ltt\u00e4miseksi.<\/li>\n<\/ul>\n<p><strong>2. Parannettu kest\u00e4vyys<\/strong><\/p>\n<ul>\n<li>Korkealaatuisista materiaaleista valmistettu FMP-SF11-vaihteisto on suunniteltu kest\u00e4m\u00e4\u00e4n ankaria maatalousolosuhteita. Se on kulutusta kest\u00e4v\u00e4, mik\u00e4 varmistaa pitk\u00e4ik\u00e4isen suorituskyvyn my\u00f6s raskaassa k\u00e4yt\u00f6ss\u00e4.<\/li>\n<\/ul>\n<p><strong>3. Optimoitu voimansiirto<\/strong><\/p>\n<ul>\n<li>Vaihteisto on suunniteltu siirt\u00e4m\u00e4\u00e4n tehoa tehokkaasti traktorin ja lannoitteenlevittimen v\u00e4lill\u00e4, mik\u00e4 parantaa polttoainetehokkuutta ja v\u00e4hent\u00e4\u00e4 energiah\u00e4vi\u00f6it\u00e4. T\u00e4m\u00e4 optimoitu voimansiirto varmistaa sujuvan toiminnan ja parantaa kokonaistuottavuutta.<\/li>\n<\/ul>\n<p><strong>4. Pienemm\u00e4t yll\u00e4pitokustannukset<\/strong><\/p>\n<ul>\n<li>Kest\u00e4v\u00e4n rakenteensa ja korkealaatuisen rakenteensa ansiosta FMP-SF11-vaihteisto on rakennettu pitk\u00e4ik\u00e4iseksi. Sen v\u00e4h\u00e4inen huoltotarve v\u00e4hent\u00e4\u00e4 korjausten tiheytt\u00e4 ja niihin liittyvi\u00e4 kustannuksia, mik\u00e4 tekee siit\u00e4 kustannustehokkaan ratkaisun pitk\u00e4aikaiseen k\u00e4ytt\u00f6\u00f6n.<\/li>\n<\/ul>\n<p><strong>5. Parempi toiminnan tehokkuus<\/strong><\/p>\n<ul>\n<li>Vaihteisto on suunniteltu varmistamaan kaksilevyisen lannoitteenlevittimen sujuva, tehokas ja luotettava toiminta. Yll\u00e4pit\u00e4m\u00e4ll\u00e4 tasaista tehoa se auttaa k\u00e4ytt\u00e4ji\u00e4 suorittamaan teht\u00e4v\u00e4t nopeammin ja minimoimaan seisokkiajat, mik\u00e4 parantaa toiminnan kokonaistehokkuutta.<\/li>\n<\/ul>\n<p>FMP-SF11-kaksilevyinen lannoitteenlevittimen vaihteisto tarjoaa lukuisia etuja, kuten tarkkuuden, kest\u00e4vyyden, v\u00e4h\u00e4isen huollon tarpeen ja tehokkaan voimansiirron, jotka kaikki lis\u00e4\u00e4v\u00e4t tuottavuutta ja parantavat satoa maataloustoiminnassa. Sen kest\u00e4vyys ja yhteensopivuus erilaisten viljelyj\u00e4rjestelmien kanssa tekev\u00e4t siit\u00e4 olennaisen osan tehokasta lannoitteiden levityst\u00e4 nykyaikaisessa maataloudessa.<\/p>\n<p><img loading=\"lazy\" decoding=\"async\" class=\"alignnone size-full wp-image-3085\" src=\"https:\/\/fmp-components.com\/wp-content\/uploads\/2025\/01\/Double-Disc-Fertilizer-Spreader-Gearbox-FMP-SF11-Benefits1.webp\" alt=\"Kaksilevyisen lannoitteenlevittimen vaihteiston FMP SF11:n edut (1)\" width=\"2336\" height=\"1046\" title=\"\" srcset=\"https:\/\/fmp-components.com\/wp-content\/uploads\/2025\/01\/Double-Disc-Fertilizer-Spreader-Gearbox-FMP-SF11-Benefits1.webp 2336w, https:\/\/fmp-components.com\/wp-content\/uploads\/2025\/01\/Double-Disc-Fertilizer-Spreader-Gearbox-FMP-SF11-Benefits1-1280x573.webp 1280w, https:\/\/fmp-components.com\/wp-content\/uploads\/2025\/01\/Double-Disc-Fertilizer-Spreader-Gearbox-FMP-SF11-Benefits1-980x439.webp 980w, https:\/\/fmp-components.com\/wp-content\/uploads\/2025\/01\/Double-Disc-Fertilizer-Spreader-Gearbox-FMP-SF11-Benefits1-480x215.webp 480w\" sizes=\"(min-width: 0px) and (max-width: 480px) 480px, (min-width: 481px) and (max-width: 980px) 980px, (min-width: 981px) and (max-width: 1280px) 1280px, (min-width: 1281px) 2336px, 100vw\" \/><\/p>\n<h2>Kaksilevyisen lannoitteenlevittimen vaihteiston FMP-SF11 sovellukset<\/h2>\n<p>Kaksilevyinen lannoitteenlevittimen vaihteisto FMP-SF11 on suunniteltu k\u00e4ytett\u00e4v\u00e4ksi erilaisissa maataloussovelluksissa, erityisesti lannoitteiden levityksess\u00e4. Alla on joitakin t\u00e4m\u00e4n vaihteiston t\u00e4rkeimmist\u00e4 sovelluksista:<\/p>\n<p><strong>1. Lannoitteiden levitys suurilla maatalousalueilla<\/strong><\/p>\n<ul>\n<li>FMP-SF11-vaihteistoa k\u00e4ytet\u00e4\u00e4n p\u00e4\u00e4asiassa laajamittaisissa maatalouksissa lannoitteiden tehokkaaseen levitt\u00e4miseen laajoille alueille. Se varmistaa lannoitteiden tasaisen ja tarkan levityksen, mik\u00e4 on ratkaisevan t\u00e4rke\u00e4\u00e4 satojen optimoimiseksi ja maaper\u00e4n terveyden yll\u00e4pit\u00e4miseksi.<\/li>\n<\/ul>\n<p><strong>2. Viljan ja sadon lannoitus<\/strong><\/p>\n<ul>\n<li>Vaihteisto sopii erinomaisesti viljanviljelyyn (kuten vehn\u00e4n, maissin ja riisin viljelyyn), jossa tasainen lannoitteiden levitys on elint\u00e4rke\u00e4\u00e4 terveen kasvien kasvun edist\u00e4miseksi ja sadon maksimoimiseksi. Se auttaa saavuttamaan lannoitteiden tasaisen jakautumisen pellolle, mik\u00e4 parantaa sadon terveytt\u00e4.<\/li>\n<\/ul>\n<p><strong>3. Vihannes- ja hedelm\u00e4tarhat<\/strong><\/p>\n<ul>\n<li>Hedelm\u00e4- ja vihannestiloilla FMP-SF11-vaihteisto varmistaa, ett\u00e4 lannoitteet levi\u00e4v\u00e4t tasaisesti maahan puiden ja viljelykasvien ymp\u00e4rille. T\u00e4m\u00e4 on t\u00e4rke\u00e4\u00e4 tasapainoisen ravinnonsaannin edist\u00e4miseksi, kasvien kasvun tukemiseksi ja hedelmien ja vihannesten satojen maksimoimiseksi.<\/li>\n<\/ul>\n<p><strong>4. Laidunten ja niittyjen lannoitus<\/strong><\/p>\n<ul>\n<li>Vaihteistoa voidaan k\u00e4ytt\u00e4\u00e4 laidunten ja ruohoalueiden lannoittamiseen, jotka ovat kriittisi\u00e4 karjankasvatukselle. Lannoitteen tasainen levitys parantaa ruohon laatua ja laidunten yleist\u00e4 terveytt\u00e4, mik\u00e4 tukee el\u00e4inten parempaa laiduntamista.<\/li>\n<\/ul>\n<p><strong>5. Maaper\u00e4n rikastaminen ja uudistaminen<\/strong><\/p>\n<ul>\n<li>FMP-SF11 soveltuu my\u00f6s maaper\u00e4n rikastust\u00f6ihin, joissa tavoitteena on elvytt\u00e4\u00e4 k\u00f6yhi\u00e4 tai heikentyneit\u00e4 maidot. Lannoitteiden tasainen levitys auttaa palauttamaan maaper\u00e4n hedelm\u00e4llisyyden, mik\u00e4 johtaa parempaan sadon tuottavuuteen ajan my\u00f6t\u00e4.<\/li>\n<\/ul>\n<p>FMP-SF11-kaksilevyinen lannoitteenlevittimen vaihteisto on eritt\u00e4in monipuolinen ja sopii monenlaisiin maataloussovelluksiin, kuten suurten peltojen lannoitukseen, hedelm\u00e4- ja vihannestilojen hoitoon, laidunten hoitoon ja t\u00e4sm\u00e4viljelyyn. Sen kyky levitt\u00e4\u00e4 lannoitteita tasaisesti tekee siit\u00e4 olennaisen osan satojen parantamisessa, maaper\u00e4n hedelm\u00e4llisyyden parantamisessa ja kest\u00e4vien viljelyk\u00e4yt\u00e4nt\u00f6jen tukemisessa eri maatalouden sektoreilla.<\/p>\n<p><img loading=\"lazy\" decoding=\"async\" class=\"alignnone size-full wp-image-3086\" src=\"https:\/\/fmp-components.com\/wp-content\/uploads\/2025\/01\/Double-Disc-Fertilizer-Spreader-Gearbox-FMP-SF11-Applications1.webp\" alt=\"Kaksilevyisen lannoitteenlevittimen vaihteisto FMP SF11 -levitykset (1)\" width=\"1588\" height=\"902\" title=\"\" srcset=\"https:\/\/fmp-components.com\/wp-content\/uploads\/2025\/01\/Double-Disc-Fertilizer-Spreader-Gearbox-FMP-SF11-Applications1.webp 1588w, https:\/\/fmp-components.com\/wp-content\/uploads\/2025\/01\/Double-Disc-Fertilizer-Spreader-Gearbox-FMP-SF11-Applications1-1280x727.webp 1280w, https:\/\/fmp-components.com\/wp-content\/uploads\/2025\/01\/Double-Disc-Fertilizer-Spreader-Gearbox-FMP-SF11-Applications1-980x557.webp 980w, https:\/\/fmp-components.com\/wp-content\/uploads\/2025\/01\/Double-Disc-Fertilizer-Spreader-Gearbox-FMP-SF11-Applications1-480x273.webp 480w\" sizes=\"(min-width: 0px) and (max-width: 480px) 480px, (min-width: 481px) and (max-width: 980px) 980px, (min-width: 981px) and (max-width: 1280px) 1280px, (min-width: 1281px) 1588px, 100vw\" \/><\/p>\n<h3>Tietoja FMP:st\u00e4<\/h3>\n<p>Italiassa sijaitseva FMP on johtava valmistaja, joka tunnetaan asiantuntemuksestaan \u200b\u200btehokkaiden vaihteistojen suunnittelussa, kehitt\u00e4misess\u00e4 ja tuotannossa, erityisesti maatalouskonesektorilla. Tarkkuuteen, innovatiivisiin ratkaisuihin ja horjumattomaan luotettavuuteen perustuvan maineensa ansiosta FMP:st\u00e4 on tullut luotettu kumppani sek\u00e4 maatalous- ett\u00e4 teollisuusmarkkinoille. Laaja tuotevalikoimamme sis\u00e4lt\u00e4\u00e4 mittatilausty\u00f6n\u00e4 valmistettuja vaihteistoja ruohonleikkureille, nivelakseleille ja laajan valikoiman muita t\u00e4rkeit\u00e4 komponentteja, jotka kaikki on valmistettu huolella vastaamaan erilaisten sovellusten vaihteleviin vaatimuksiin.<\/p>\n<p>FMP:ll\u00e4 ymm\u00e4rr\u00e4mme, ett\u00e4 jokainen asiakas kohtaa ainutlaatuisia haasteita. Siksi olemme erikoistuneet r\u00e4\u00e4t\u00e4l\u00f6ityjen ratkaisujen tarjoamiseen, olipa kyse sitten yksitt\u00e4isist\u00e4 komponenteista tai t\u00e4ysin integroiduista j\u00e4rjestelmist\u00e4. Ty\u00f6skentelem\u00e4ll\u00e4 tiiviisti asiakkaidemme kanssa varmistamme, ett\u00e4 jokainen ratkaisu ei ainoastaan \u200b\u200bt\u00e4yt\u00e4 heid\u00e4n erityisvaatimuksiaan, vaan my\u00f6s optimoi suorituskyvyn ja lis\u00e4\u00e4 arvoa. Sitoutumisemme tarjota nopeita ja ammattimaisia \u200b\u200bvastauksia ja asiantuntevaa ohjausta varmistaa, ett\u00e4 jokainen tiedustelu k\u00e4sitell\u00e4\u00e4n tarkasti ja ett\u00e4 saavutetaan parhaat mahdolliset tulokset.<\/p>\n<p>Painotamme selke\u00e4\u00e4 ja jatkuvaa viestint\u00e4\u00e4 koko tuotekehitysprosessin ajan. Omistautunut tiimimme ty\u00f6skentelee suoraan asiakkaiden kanssa ymm\u00e4rt\u00e4\u00e4kseen heid\u00e4n tarpeensa t\u00e4ysin ja tarjotakseen arvokkaita n\u00e4kemyksi\u00e4 ja suosituksia optimaalisten tulosten saavuttamiseksi. Olipa kyse sitten huippuluokan tuotteiden kehitt\u00e4misest\u00e4 tai rutiinitilausten t\u00e4ytt\u00e4misest\u00e4, FMP on sitoutunut toimittamaan korkealaatuisia, tarkasti suunniteltuja ratkaisuja ajallaan, joka kerta. Tavoitteenamme on jatkuvasti ylitt\u00e4\u00e4 asiakkaiden odotukset ja tarjota poikkeuksellista palvelua ja tuloksia jokaisessa projektissa.<\/p>\n<p>Laatu on FMP:n toiminnan kulmakivi. Noudatamme korkeimpia valmistusstandardeja ja k\u00e4yt\u00e4mme tiukkoja laadunvalvontaprosesseja varmistaaksemme, ett\u00e4 jokainen tuote t\u00e4ytt\u00e4\u00e4 \u2013 ja usein ylitt\u00e4\u00e4 \u2013 alan standardit. T\u00e4m\u00e4 horjumaton sitoutuminen huippuosaamiseen yhdistettyn\u00e4 ydinarvoihimme, kuten rehellisyyteen, tiimity\u00f6h\u00f6n ja sinnikkyyteen, on mahdollistanut kest\u00e4vien ja luottamukseen perustuvien asiakassuhteiden rakentamisen l\u00e4hes 30 maassa maailmanlaajuisesti.<\/p>\n<p>FMP on omistautunut edist\u00e4m\u00e4\u00e4n globaaleja kumppanuuksia tarjoamalla asiantuntevaa neuvontaa ja r\u00e4\u00e4t\u00e4l\u00f6ityj\u00e4 ratkaisuja, jotka kehittyv\u00e4t asiakkaidemme tarpeiden mukaan. Tavoitteenamme on rakentaa pitk\u00e4aikaisia, molempia osapuolia hy\u00f6dytt\u00e4vi\u00e4 suhteita, jotka edist\u00e4v\u00e4t jokaisen projektin onnistumista. Etsitp\u00e4 sitten innovatiivisia ratkaisuja uuteen hankkeeseen tai jatkuvaa tukea olemassa olevalle j\u00e4rjestelm\u00e4lle, FMP on valmis auttamaan sinua teknisten haasteiden ratkaisemisessa ja varmistamaan jatkuvan menestyksesi.<\/p>\n<p><img loading=\"lazy\" decoding=\"async\" class=\"alignnone wp-image-2695\" src=\"https:\/\/fmp-components.com\/wp-content\/uploads\/2025\/01\/agricultural-gearbox3.webp\" alt=\"maatalousvaihteisto\" width=\"1140\" height=\"1138\" title=\"\" srcset=\"https:\/\/fmp-components.com\/wp-content\/uploads\/2025\/01\/agricultural-gearbox3.webp 1140w, https:\/\/fmp-components.com\/wp-content\/uploads\/2025\/01\/agricultural-gearbox3-480x479.webp 480w\" sizes=\"(min-width: 0px) and (max-width: 480px) 480px, (min-width: 481px) 1140px, 100vw\" \/><\/p>\n<p>Tekij\u00e4: CX<\/p>","protected":false},"excerpt":{"rendered":"<p>Double Disc Fertilizer Spreader Gearbox FMP-SF11 Dimensions Double Disc Fertilizer Spreader Gearbox FMP-SF11 Technical Data i Suitable Rpm input Rpm output Power Toothing r\/min r\/min Kw Hp 1:1 Fertilizer spreader, etc 540 540 15 20 Gleason Helical Teeth Remark: If you have any special require feel free let me know, we also accept custom. Benefits [&hellip;]<\/p>","protected":false},"featured_media":3087,"comment_status":"open","ping_status":"closed","template":"","meta":{"_et_pb_use_builder":"","_et_pb_old_content":"","_et_gb_content_width":""},"product_brand":[],"product_cat":[71],"product_tag":[],"class_list":{"0":"post-3074","1":"product","2":"type-product","3":"status-publish","4":"has-post-thumbnail","6":"product_cat-fertilizer-seeder-gearbox","8":"first","9":"instock","10":"shipping-taxable","11":"product-type-simple"},"_links":{"self":[{"href":"https:\/\/fmp-components.com\/fi\/wp-json\/wp\/v2\/product\/3074","targetHints":{"allow":["GET"]}}],"collection":[{"href":"https:\/\/fmp-components.com\/fi\/wp-json\/wp\/v2\/product"}],"about":[{"href":"https:\/\/fmp-components.com\/fi\/wp-json\/wp\/v2\/types\/product"}],"replies":[{"embeddable":true,"href":"https:\/\/fmp-components.com\/fi\/wp-json\/wp\/v2\/comments?post=3074"}],"wp:featuredmedia":[{"embeddable":true,"href":"https:\/\/fmp-components.com\/fi\/wp-json\/wp\/v2\/media\/3087"}],"wp:attachment":[{"href":"https:\/\/fmp-components.com\/fi\/wp-json\/wp\/v2\/media?parent=3074"}],"wp:term":[{"taxonomy":"product_brand","embeddable":true,"href":"https:\/\/fmp-components.com\/fi\/wp-json\/wp\/v2\/product_brand?post=3074"},{"taxonomy":"product_cat","embeddable":true,"href":"https:\/\/fmp-components.com\/fi\/wp-json\/wp\/v2\/product_cat?post=3074"},{"taxonomy":"product_tag","embeddable":true,"href":"https:\/\/fmp-components.com\/fi\/wp-json\/wp\/v2\/product_tag?post=3074"}],"curies":[{"name":"wp","href":"https:\/\/api.w.org\/{rel}","templated":true}]}}