{"id":3073,"date":"2025-01-04T08:33:17","date_gmt":"2025-01-04T08:33:17","guid":{"rendered":"https:\/\/fmp-components.com\/?page_id=8"},"modified":"2025-01-04T08:33:17","modified_gmt":"2025-01-04T08:33:17","slug":"double-disc-fertilizer-spreader-gearbox-fmp-sf10-for-fertilizer-spreader","status":"publish","type":"product","link":"https:\/\/fmp-components.com\/fi\/product\/double-disc-fertilizer-spreader-gearbox-fmp-sf10-for-fertilizer-spreader\/","title":{"rendered":"Kaksoislevyisen lannoitteenlevittimen vaihteisto FMP-SF10 lannoitteenlevittimelle"},"content":{"rendered":"<h2>Kaksilevyisen lannoitteenlevittimen vaihdelaatikko FMP-SF10 Mitat\u00a0\u00a0\u00a0<img loading=\"lazy\" decoding=\"async\" class=\"alignnone size-full wp-image-3079\" src=\"https:\/\/fmp-components.com\/wp-content\/uploads\/2025\/01\/Double-Disc-Fertilizer-Spreader-Gearbox-FMP-SF10-Dimensions-1.webp\" alt=\"Kaksilevyinen lannoitteenlevitinvaihteisto FMP SF10\" width=\"1421\" height=\"576\" title=\"\" srcset=\"https:\/\/fmp-components.com\/wp-content\/uploads\/2025\/01\/Double-Disc-Fertilizer-Spreader-Gearbox-FMP-SF10-Dimensions-1.webp 1421w, https:\/\/fmp-components.com\/wp-content\/uploads\/2025\/01\/Double-Disc-Fertilizer-Spreader-Gearbox-FMP-SF10-Dimensions-1-1280x519.webp 1280w, https:\/\/fmp-components.com\/wp-content\/uploads\/2025\/01\/Double-Disc-Fertilizer-Spreader-Gearbox-FMP-SF10-Dimensions-1-980x397.webp 980w, https:\/\/fmp-components.com\/wp-content\/uploads\/2025\/01\/Double-Disc-Fertilizer-Spreader-Gearbox-FMP-SF10-Dimensions-1-480x195.webp 480w\" sizes=\"(min-width: 0px) and (max-width: 480px) 480px, (min-width: 481px) and (max-width: 980px) 980px, (min-width: 981px) and (max-width: 1280px) 1280px, (min-width: 1281px) 1421px, 100vw\" \/> <img loading=\"lazy\" decoding=\"async\" class=\"alignnone size-full wp-image-3080\" src=\"https:\/\/fmp-components.com\/wp-content\/uploads\/2025\/01\/Double-Disc-Fertilizer-Spreader-Gearbox-FMP-SF10-Dimensions-2.webp\" alt=\"Kaksilevyinen lannoitteenlevitinvaihteisto FMP SF10\" width=\"1427\" height=\"676\" title=\"\" srcset=\"https:\/\/fmp-components.com\/wp-content\/uploads\/2025\/01\/Double-Disc-Fertilizer-Spreader-Gearbox-FMP-SF10-Dimensions-2.webp 1427w, https:\/\/fmp-components.com\/wp-content\/uploads\/2025\/01\/Double-Disc-Fertilizer-Spreader-Gearbox-FMP-SF10-Dimensions-2-1280x606.webp 1280w, https:\/\/fmp-components.com\/wp-content\/uploads\/2025\/01\/Double-Disc-Fertilizer-Spreader-Gearbox-FMP-SF10-Dimensions-2-980x464.webp 980w, https:\/\/fmp-components.com\/wp-content\/uploads\/2025\/01\/Double-Disc-Fertilizer-Spreader-Gearbox-FMP-SF10-Dimensions-2-480x227.webp 480w\" sizes=\"(min-width: 0px) and (max-width: 480px) 480px, (min-width: 481px) and (max-width: 980px) 980px, (min-width: 981px) and (max-width: 1280px) 1280px, (min-width: 1281px) 1427px, 100vw\" \/> <img loading=\"lazy\" decoding=\"async\" class=\"alignnone size-full wp-image-3081\" src=\"https:\/\/fmp-components.com\/wp-content\/uploads\/2025\/01\/Double-Disc-Fertilizer-Spreader-Gearbox-FMP-SF10-Dimensions-3.webp\" alt=\"Kaksilevyinen lannoitteenlevitinvaihteisto FMP SF10\" width=\"1466\" height=\"526\" title=\"\" srcset=\"https:\/\/fmp-components.com\/wp-content\/uploads\/2025\/01\/Double-Disc-Fertilizer-Spreader-Gearbox-FMP-SF10-Dimensions-3.webp 1466w, https:\/\/fmp-components.com\/wp-content\/uploads\/2025\/01\/Double-Disc-Fertilizer-Spreader-Gearbox-FMP-SF10-Dimensions-3-1280x459.webp 1280w, https:\/\/fmp-components.com\/wp-content\/uploads\/2025\/01\/Double-Disc-Fertilizer-Spreader-Gearbox-FMP-SF10-Dimensions-3-980x352.webp 980w, https:\/\/fmp-components.com\/wp-content\/uploads\/2025\/01\/Double-Disc-Fertilizer-Spreader-Gearbox-FMP-SF10-Dimensions-3-480x172.webp 480w\" sizes=\"(min-width: 0px) and (max-width: 480px) 480px, (min-width: 481px) and (max-width: 980px) 980px, (min-width: 981px) and (max-width: 1280px) 1280px, (min-width: 1281px) 1466px, 100vw\" \/><\/h2>\n<h2>Kaksilevyisen lannoitteenlevittimen vaihteiston FMP-SF10 tekniset tiedot<\/h2>\n<table style=\"width: 96.1986%; height: 104px;\" border=\"1\" cellspacing=\"0\" cellpadding=\"0\">\n<tbody>\n<tr>\n<td colspan=\"2\" rowspan=\"2\">min\u00e4<\/td>\n<td rowspan=\"2\">Sopii<\/td>\n<td>Kierroslukutulo<\/td>\n<td>Kierrosluku<\/td>\n<td colspan=\"2\">Voima<\/td>\n<td rowspan=\"2\">Hammastus<\/td>\n<\/tr>\n<tr>\n<td>kierrosta minuutissa<\/td>\n<td>kierrosta minuutissa<\/td>\n<td>Kw<\/td>\n<td>Hevosvoima<\/td>\n<\/tr>\n<tr>\n<td>vasen\/oikea laatikko<\/td>\n<td>1 :1.33<\/td>\n<td>Lannoitteenlevitin yms.<\/td>\n<td>540<\/td>\n<td>406<\/td>\n<td>15<\/td>\n<td>20<\/td>\n<td>Gleasonin kierukkahampaat<\/td>\n<\/tr>\n<tr>\n<td colspan=\"8\">Huomautus: Jos sinulla on erityisvaatimuksia, kerro siit\u00e4 minulle, hyv\u00e4ksymme my\u00f6s mittatilausty\u00f6n\u00e4 tehdyt tarjoukset.<\/td>\n<\/tr>\n<\/tbody>\n<\/table>\n<h2>Kaksoislevyisen lannoitteenlevittimen vaihteisto FMP-SF10:n toimintaperiaate<\/h2>\n<p>Kaksilevyinen lannoitteenlevittimen vaihteisto FMP-SF10 on keskeinen osa lannoitteenlevittimiss\u00e4, erityisesti niiss\u00e4, joita k\u00e4ytet\u00e4\u00e4n rakeisten lannoitteiden levitt\u00e4miseen maatalousalueilla. Sen toimintaperiaatteeseen kuuluu tehokas voimansiirto traktorin voimanottoj\u00e4rjestelm\u00e4st\u00e4 py\u00f6riviin levyihin, jotka levitt\u00e4v\u00e4t lannoitteen tasaisesti maaper\u00e4\u00e4n. Alla on yleiskatsaus FMP-SF10-vaihteiston toimintaperiaatteesta:<\/p>\n<p><strong>1. Voimansiirto voimanottoakselilta<\/strong><\/p>\n<ul>\n<li>Sy\u00f6tt\u00f6teho: Vaihteisto saa voiman traktorin voimanottoakselilta, joka k\u00e4ytt\u00e4\u00e4 vaihteistoa lannoitteen levitysmekanismin k\u00e4ynnist\u00e4miseksi.<\/li>\n<li>Voimansiirto: Vaihteisto siirt\u00e4\u00e4 voimanottoakselilta vastaanotetun mekaanisen energian levittimen eri liikkuviin osiin varmistaen tehokkaan toiminnan.<\/li>\n<\/ul>\n<p><strong>2. Vaihteiston toiminta<\/strong><\/p>\n<ul>\n<li>Alennusvaihteisto: Vaihteisto sis\u00e4lt\u00e4\u00e4 sarjan alennusvaihteita, jotka v\u00e4hent\u00e4v\u00e4t voimanottoakselilta tulevan tehon nopeutta ja muuntavat sen lannoitteenlevittimen optimaaliselle nopeudelle. T\u00e4m\u00e4 varmistaa, ett\u00e4 levyjen py\u00f6rimist\u00e4 hallitaan, mik\u00e4 on olennaista lannoitteen tarkan levityksen kannalta.<\/li>\n<li>Nopeuden s\u00e4\u00e4t\u00f6: Levittimen tarpeista riippuen vaihteisto voi s\u00e4\u00e4t\u00e4\u00e4 levyjen py\u00f6rimisnopeutta. T\u00e4m\u00e4 nopeuden s\u00e4\u00e4t\u00f6 mahdollistaa levittimen lannoitteen levityksen hienos\u00e4\u00e4d\u00f6n, mik\u00e4 varmistaa tasaisen peiton ja est\u00e4\u00e4 yli- tai alilevityksen.<\/li>\n<\/ul>\n<p><strong>3. Levityslautasten k\u00e4ytt\u00f6<\/strong><\/p>\n<ul>\n<li>Lautasen py\u00f6ritys: Vaihteiston voima py\u00f6ritt\u00e4\u00e4 kahta py\u00f6riv\u00e4\u00e4 lautasta, jotka sijaitsevat levittimen takaosassa. Lautaset py\u00f6riv\u00e4t suurilla nopeuksilla ja ty\u00f6nt\u00e4v\u00e4t lannoitetta ulosp\u00e4in.<\/li>\n<li>Lannoitteen levitys: Lannoite levi\u00e4\u00e4 pellolle kiekkojen py\u00f6riess\u00e4, ja vaihteisto varmistaa tasaisen ja tasaisen py\u00f6rimisen. Kiekkojen synnytt\u00e4m\u00e4 keskipakovoima ty\u00f6nt\u00e4\u00e4 lannoitetta hallitusti ulosp\u00e4in, mik\u00e4 mahdollistaa tasaisen levityksen laajalla alueella.<\/li>\n<\/ul>\n<p><strong>4. Tarkkuusohjaus<\/strong><\/p>\n<ul>\n<li>S\u00e4\u00e4dett\u00e4v\u00e4 teho: FMP-SF10-vaihteiston avulla k\u00e4ytt\u00e4j\u00e4t voivat s\u00e4\u00e4t\u00e4\u00e4 levitett\u00e4v\u00e4n lannoitteen virtausnopeutta muuttamalla levyjen nopeutta tai vaihteiston asetuksia. T\u00e4m\u00e4 s\u00e4\u00e4t\u00f6 on ratkaisevan t\u00e4rke\u00e4\u00e4 oikean lannoitem\u00e4\u00e4r\u00e4n levitt\u00e4miseksi pellon koon, sadon vaatimusten ja maaper\u00e4n olosuhteiden perusteella.<\/li>\n<\/ul>\n<p><strong>5. Kest\u00e4v\u00e4 rakenne<\/strong><\/p>\n<ul>\n<li>Kest\u00e4vyys: Vaihteisto on suunniteltu raskaaseen k\u00e4ytt\u00f6\u00f6n ankarissa maatalousymp\u00e4rist\u00f6iss\u00e4. Se on rakennettu kest\u00e4m\u00e4\u00e4n jatkuvan k\u00e4yt\u00f6n rasitukset ja tarjoamaan luotettavaa palvelua monenlaisissa k\u00e4ytt\u00f6olosuhteissa.<\/li>\n<\/ul>\n<p>FMP-SF10-vaihteisto toimii kaksilevyisten lannoitteenlevittimien tasaisen levityksen liikkeellepanevana voimanl\u00e4hteen\u00e4. Siirt\u00e4m\u00e4ll\u00e4 tehokkaasti voimanottoakselin tehoa ja v\u00e4hent\u00e4m\u00e4ll\u00e4 sen nopeutta se k\u00e4ytt\u00e4\u00e4 py\u00f6rivi\u00e4 lautasia, jotka levitt\u00e4v\u00e4t lannoitetta tasaisesti laajoille alueille. T\u00e4m\u00e4 varmistaa tarkan lannoitteen levityksen, maksimoi sadon tuottavuuden ja minimoi resurssien hukkakulutuksen. Nopeuden ja virtausnopeuden s\u00e4\u00e4t\u00f6mahdollisuus parantaa entisest\u00e4\u00e4n sen monipuolisuutta, mik\u00e4 tekee siit\u00e4 olennaisen osan nykyaikaisissa maatalousoperaatioissa.<\/p>\n<p><img loading=\"lazy\" decoding=\"async\" class=\"alignnone size-full wp-image-3075\" src=\"https:\/\/fmp-components.com\/wp-content\/uploads\/2025\/01\/Double-Disc-Fertilizer-Spreader-Gearbox-EP-SF10-Advantages1.webp\" alt=\"Kaksilevyinen lannoitteenlevitinvaihteisto FMP SF10\" width=\"1397\" height=\"623\" title=\"\" srcset=\"https:\/\/fmp-components.com\/wp-content\/uploads\/2025\/01\/Double-Disc-Fertilizer-Spreader-Gearbox-EP-SF10-Advantages1.webp 1397w, https:\/\/fmp-components.com\/wp-content\/uploads\/2025\/01\/Double-Disc-Fertilizer-Spreader-Gearbox-EP-SF10-Advantages1-1280x571.webp 1280w, https:\/\/fmp-components.com\/wp-content\/uploads\/2025\/01\/Double-Disc-Fertilizer-Spreader-Gearbox-EP-SF10-Advantages1-980x437.webp 980w, https:\/\/fmp-components.com\/wp-content\/uploads\/2025\/01\/Double-Disc-Fertilizer-Spreader-Gearbox-EP-SF10-Advantages1-480x214.webp 480w\" sizes=\"(min-width: 0px) and (max-width: 480px) 480px, (min-width: 481px) and (max-width: 980px) 980px, (min-width: 981px) and (max-width: 1280px) 1280px, (min-width: 1281px) 1397px, 100vw\" \/><\/p>\n<article class=\"w-full scroll-mb-[var(--thread-trailing-height,150px)] text-token-text-primary focus-visible:outline-2 focus-visible:outline-offset-[-4px]\" dir=\"auto\" data-testid=\"conversation-turn-48\" data-scroll-anchor=\"false\">\n<div class=\"m-auto text-base py-[18px] px-3 md:px-4 w-full md:px-5 lg:px-4 xl:px-5\">\n<div class=\"mx-auto flex flex-1 gap-4 text-base md:gap-5 lg:gap-6 md:max-w-3xl lg:max-w-[40rem] xl:max-w-[48rem]\">\n<div class=\"group\/conversation-turn relative flex w-full min-w-0 flex-col\">\n<div class=\"flex-col gap-1 md:gap-3\">\n<div class=\"flex max-w-full flex-col flex-grow\">\n<div class=\"min-h-8 text-message flex w-full flex-col items-end gap-2 whitespace-normal break-words text-start [.text-message+&amp;]:mt-5\" dir=\"auto\" data-message-author-role=\"user\" data-message-id=\"aaa296d3-61f8-4224-8ac9-a22149e7746e\">\n<div class=\"flex w-full flex-col gap-1 empty:hidden items-end rtl:items-start\">\n<div class=\"relative max-w-[var(--user-chat-width,70%)] rounded-3xl bg-token-message-surface px-5 py-2.5\">\n<h2 class=\"whitespace-pre-wrap\">Kaksilevyisen lannoitteenlevittimen vaihdelaatikon FMP-SF10 sovellukset<\/h2>\n<div class=\"absolute bottom-0 right-full top-0 -mr-3.5 hidden pr-5 pt-1 [.group\\\/conversation-turn:hover_&amp;]:block\">Kaksilevyinen lannoitteenlevittimen vaihteisto FMP-SF10 on erityisesti suunniteltu k\u00e4ytett\u00e4v\u00e4ksi maatalouskoneissa, erityisesti rakeisia lannoitteita levitt\u00e4viss\u00e4 lannoitteenlevittimiss\u00e4. Sen t\u00e4rkeimpi\u00e4 k\u00e4ytt\u00f6kohteita ovat:<\/div>\n<\/div>\n<\/div>\n<\/div>\n<\/div>\n<\/div>\n<\/div>\n<\/div>\n<\/div>\n<\/article>\n<article class=\"w-full scroll-mb-[var(--thread-trailing-height,150px)] text-token-text-primary focus-visible:outline-2 focus-visible:outline-offset-[-4px]\" dir=\"auto\" data-testid=\"conversation-turn-49\" data-scroll-anchor=\"true\"><strong>1. Maatalouden lannoitteiden levitys<\/strong><\/p>\n<ul>\n<li>Levittimet-lannoitteenlevittimet: FMP-SF10-vaihteistoa k\u00e4ytet\u00e4\u00e4n p\u00e4\u00e4asiassa kaksilevyisiss\u00e4 lannoitteenlevittimiss\u00e4, joita k\u00e4ytet\u00e4\u00e4n yleisesti laajamittaisessa maataloudessa. Se varmistaa lannoitteiden tasaisen levityksen pellolle, mik\u00e4 parantaa sadon kasvua ja tuottavuutta.<\/li>\n<li>Rakeisen lannoitteen levitys: Vaihteisto k\u00e4ytt\u00e4\u00e4 levityslautasia levitt\u00e4\u00e4kseen rakeisia lannoitteita laajoille alueille varmistaen tasaisen peiton ja optimaalisen ravinteiden jakautumisen.<\/li>\n<\/ul>\n<p><strong>2. T\u00e4sm\u00e4viljely<\/strong><\/p>\n<ul>\n<li>Muuttuvan levitysm\u00e4\u00e4r\u00e4n omaava FMP-SF10-vaihteisto, jossa on tarkka lautasten py\u00f6rimisnopeuden s\u00e4\u00e4t\u00f6, on tarkoitettu nykyaikaisiin viljelyj\u00e4rjestelmiin, jotka vaativat muuttuvan levitysm\u00e4\u00e4r\u00e4n omaavaa lannoitetta. Se mahdollistaa lannoitteen levitysm\u00e4\u00e4r\u00e4n tarkan hallinnan ja optimoi ravinteiden k\u00e4yt\u00f6n tehokkuuden maaper\u00e4n olosuhteiden, satotyypin ja peltovaihteluiden perusteella.<\/li>\n<li>Tehokas lannoitteiden hallinta: S\u00e4\u00e4dett\u00e4v\u00e4n tehonsa ansiosta vaihteisto auttaa saavuttamaan yhdenmukaisia \u200b\u200btuloksia t\u00e4sm\u00e4viljelyss\u00e4, jossa lannoitteiden k\u00e4yt\u00f6n tarkka hallinta on olennaista kustannusten ja ymp\u00e4rist\u00f6vaikutusten v\u00e4hent\u00e4miseksi.<\/li>\n<\/ul>\n<p><strong>3. Nurmikon ja nurmikon hoito<\/strong><\/p>\n<ul>\n<li>Urheilukent\u00e4t ja golfkent\u00e4t: Vaihteistoa k\u00e4ytet\u00e4\u00e4n nurmikoiden, urheilukenttien ja golfkenttien k\u00e4sittelyyn tarkoitetuissa lannoitteenlevittimiss\u00e4. Tasainen levitys varmistaa, ett\u00e4 n\u00e4m\u00e4 alueet saavat asianmukaiset ravinnetasot terveen ja tasaisen ruohonkasvun takaamiseksi.<\/li>\n<li>Nurmenhoito: FMP-SF10 on luotettava valinta nurmikonhoitolaitteisiin, joissa tarkka ja tehokas lannoitteiden levitys on v\u00e4ltt\u00e4m\u00e4t\u00f6nt\u00e4 korkealaatuisten viheralueiden yll\u00e4pit\u00e4miseksi.<\/li>\n<\/ul>\n<p><strong>4. Puutarhanhoito ja hedelm\u00e4tarhojen hoito<\/strong><\/p>\n<ul>\n<li>Puiden ja hedelm\u00e4tarhojen lannoitus: Hedelm\u00e4tarhoissa, viinitarhoissa ja muissa puutarhaymp\u00e4rist\u00f6iss\u00e4 vaihteisto k\u00e4ytt\u00e4\u00e4 erikoislevittimien lautasia levitt\u00e4\u00e4kseen lannoitteita tehokkaasti puu- tai kasvirivien v\u00e4liin. Se varmistaa ravinteiden tasaisen levityksen, mik\u00e4 on v\u00e4ltt\u00e4m\u00e4t\u00f6nt\u00e4 kasvien terveelle kasvulle ja hedelmien tuotannolle.<\/li>\n<li>Riviviljely: Vaihteistoa voidaan k\u00e4ytt\u00e4\u00e4 my\u00f6s riviviljelyn levittimiss\u00e4, mik\u00e4 auttaa yll\u00e4pit\u00e4m\u00e4\u00e4n tasaista ja tasaista lannoitusprosessia viljelykasvien tuotantoalueilla.<\/li>\n<\/ul>\n<p><strong>5. Maisemointi ja nurmikon hoito<\/strong><\/p>\n<ul>\n<li>Maisemak\u00e4ytt\u00f6\u00f6n tarkoitetut lannoitteenlevittimet: FMP-SF10-vaihteistoa k\u00e4ytet\u00e4\u00e4n my\u00f6s asuin-, liike- ja kunnallisissa projekteissa k\u00e4ytett\u00e4vien maisemointilaitteiden kanssa. Se k\u00e4ytt\u00e4\u00e4 levityslautasia, joten se sopii erinomaisesti lannoitteiden levitt\u00e4miseen julkisilla paikoilla, puistoissa ja suurilla tonteilla.<\/li>\n<li>Julkiset puistot ja viheralueet: Kaupunkien maisemoinnissa ja julkisten viheralueiden hoidossa k\u00e4ytet\u00e4\u00e4n usein vaihteistok\u00e4ytt\u00f6isi\u00e4 levittimi\u00e4, kuten FMP-SF10:t\u00e4, maaper\u00e4n optimaalisen terveyden yll\u00e4pit\u00e4miseksi.<\/li>\n<\/ul>\n<p>FMP-SF10-kaksilevyinen lannoitteenlevittimen vaihteisto sopii erinomaisesti monenlaisiin maataloussovelluksiin, kuten laajamittaiseen viljelyyn, t\u00e4sm\u00e4viljelyyn, nurmikonhoitoon, puutarhanhoitoon, maisemointiin ja maaper\u00e4n hallintaan. Se tarjoaa tasaisen, tehokkaan ja hallitun lannoitteen levityksen, mik\u00e4 parantaa satoa, maaper\u00e4n terveytt\u00e4 ja maatalouden yleist\u00e4 tuottavuutta.<\/p>\n<table style=\"border-collapse: collapse; width: 100.5%; height: 18px;\" border=\"0\" width=\"128\" cellspacing=\"0\" cellpadding=\"0\">\n<tbody>\n<tr style=\"height: 13.8pt;\">\n<td style=\"height: 13.8pt; width: 48pt;\" align=\"right\" width=\"64\" height=\"18\"><img loading=\"lazy\" decoding=\"async\" class=\"alignnone size-full wp-image-3077\" src=\"https:\/\/fmp-components.com\/wp-content\/uploads\/2025\/01\/Double-Disc-Fertilizer-Spreader-Gearbox-FMP-SF10-Applications-1.webp\" alt=\"Kaksilevyinen lannoitteenlevitinvaihteisto FMP SF10\" width=\"1000\" height=\"676\" title=\"\" srcset=\"https:\/\/fmp-components.com\/wp-content\/uploads\/2025\/01\/Double-Disc-Fertilizer-Spreader-Gearbox-FMP-SF10-Applications-1.webp 1000w, https:\/\/fmp-components.com\/wp-content\/uploads\/2025\/01\/Double-Disc-Fertilizer-Spreader-Gearbox-FMP-SF10-Applications-1-980x662.webp 980w, https:\/\/fmp-components.com\/wp-content\/uploads\/2025\/01\/Double-Disc-Fertilizer-Spreader-Gearbox-FMP-SF10-Applications-1-480x324.webp 480w\" sizes=\"(min-width: 0px) and (max-width: 480px) 480px, (min-width: 481px) and (max-width: 980px) 980px, (min-width: 981px) 1000px, 100vw\" \/><\/td>\n<td style=\"width: 48pt;\" align=\"right\" width=\"64\"><img loading=\"lazy\" decoding=\"async\" class=\"alignnone size-full wp-image-3078\" src=\"https:\/\/fmp-components.com\/wp-content\/uploads\/2025\/01\/Double-Disc-Fertilizer-Spreader-Gearbox-FMP-SF10-Applications-2.webp\" alt=\"Kaksilevyinen lannoitteenlevitinvaihteisto FMP SF10\" width=\"1000\" height=\"676\" title=\"\" srcset=\"https:\/\/fmp-components.com\/wp-content\/uploads\/2025\/01\/Double-Disc-Fertilizer-Spreader-Gearbox-FMP-SF10-Applications-2.webp 1000w, https:\/\/fmp-components.com\/wp-content\/uploads\/2025\/01\/Double-Disc-Fertilizer-Spreader-Gearbox-FMP-SF10-Applications-2-980x662.webp 980w, https:\/\/fmp-components.com\/wp-content\/uploads\/2025\/01\/Double-Disc-Fertilizer-Spreader-Gearbox-FMP-SF10-Applications-2-480x324.webp 480w\" sizes=\"(min-width: 0px) and (max-width: 480px) 480px, (min-width: 481px) and (max-width: 980px) 980px, (min-width: 981px) 1000px, 100vw\" \/><\/td>\n<\/tr>\n<\/tbody>\n<\/table>\n<h3>Tietoja FMP:st\u00e4<\/h3>\n<p>Italiassa p\u00e4\u00e4konttoriaan pit\u00e4v\u00e4 FMP on johtava valmistaja, joka tunnetaan asiantuntemuksestaan \u200b\u200bkorkean suorituskyvyn vaihteistojen suunnittelussa, kehitt\u00e4misess\u00e4 ja valmistuksessa, erityisesti maatalouskonesektorilla. Tarkkuudestaan, innovatiivisista ratkaisuistaan \u200b\u200bja vankasta luotettavuudestaan \u200b\u200btunnettu FMP on vakiinnuttanut asemansa luotettavana kumppanina sek\u00e4 maatalous- ett\u00e4 teollisuusmarkkinoilla. Laaja tuotevalikoimamme sis\u00e4lt\u00e4\u00e4 ruohonleikkureiden, nivelakseleiden ja muiden t\u00e4rkeiden komponenttien mittatilausty\u00f6n\u00e4 suunniteltuja vaihteistoja, jotka kaikki on huolellisesti valmistettu vastaamaan erilaisten sovellusten monipuolisiin tarpeisiin.<\/p>\n<p>FMP:ll\u00e4 ymm\u00e4rr\u00e4mme, ett\u00e4 jokainen asiakas kohtaa ainutlaatuisia haasteita. Siksi olemme erikoistuneet r\u00e4\u00e4t\u00e4l\u00f6ityjen ratkaisujen toimittamiseen, olipa kyse sitten yksitt\u00e4isist\u00e4 komponenteista tai t\u00e4ysin integroiduista j\u00e4rjestelmist\u00e4. Tiiviill\u00e4 yhteisty\u00f6ll\u00e4 asiakkaidemme kanssa varmistamme, ett\u00e4 jokainen ratkaisu ei ainoastaan \u200b\u200bvastaa heid\u00e4n erityistarpeitaan, vaan my\u00f6s optimoi suorituskyvyn ja maksimoi arvon. Sitoutumisemme nopeisiin ja ammattimaisiin vastauksiin sek\u00e4 asiantuntevaan ohjaukseen varmistaa, ett\u00e4 jokainen tiedustelu k\u00e4sitell\u00e4\u00e4n tarkasti ja saavutetaan parhaat mahdolliset tulokset.<\/p>\n<p>Priorisoimme selke\u00e4\u00e4 ja jatkuvaa viestint\u00e4\u00e4 koko tuotekehityssyklin ajan. Omistautunut tiimimme ty\u00f6skentelee suoraan asiakkaiden kanssa ymm\u00e4rt\u00e4\u00e4kseen t\u00e4ysin heid\u00e4n vaatimuksensa ja tarjotakseen arvokkaita n\u00e4kemyksi\u00e4 ja suosituksia optimaalisten tulosten saavuttamiseksi. Olipa kyse sitten huippuluokan tuotteiden suunnittelusta tai rutiinitilausten t\u00e4ytt\u00e4misest\u00e4, FMP on sitoutunut tarjoamaan korkealaatuisia, tarkasti suunniteltuja ratkaisuja ajallaan, joka kerta. Missiomme on jatkuvasti ylitt\u00e4\u00e4 asiakkaiden odotukset ja tarjota poikkeuksellista palvelua ja tuloksia jokaisessa projektissa.<\/p>\n<p>Laatu on FMP:n toiminnan kulmakivi. Noudatamme korkeimpia valmistusstandardeja ja k\u00e4yt\u00e4mme tiukkoja laadunvalvontaprosesseja varmistaaksemme, ett\u00e4 jokainen tuote ei ainoastaan \u200b\u200b\u200b\u200bt\u00e4ytt\u00e4\u00e4 alan standardeja, vaan my\u00f6s ylitt\u00e4\u00e4 ne. T\u00e4m\u00e4 omistautuminen huippuosaamiseen yhdistettyn\u00e4 ydinarvoihimme, kuten rehellisyyteen, tiimity\u00f6h\u00f6n ja sinnikkyyteen, on mahdollistanut kest\u00e4vien ja luottamukseen perustuvien asiakassuhteiden rakentamisen l\u00e4hes 30 maassa maailmanlaajuisesti.<\/p>\n<p>FMP on aina halukas edist\u00e4m\u00e4\u00e4n globaaleja kumppanuuksia tarjoamalla asiantuntevaa neuvontaa ja r\u00e4\u00e4t\u00e4l\u00f6ityj\u00e4 ratkaisuja, jotka vastaavat asiakkaidemme kehittyviin tarpeisiin. Tavoitteenamme on rakentaa pitk\u00e4aikaisia, molempia osapuolia hy\u00f6dytt\u00e4vi\u00e4 suhteita, jotka edist\u00e4v\u00e4t jokaisen projektin onnistumista. Etsitp\u00e4 sitten innovatiivisia ratkaisuja uuteen aloitteeseen tai tarvitset jatkuvaa tukea olemassa olevalle j\u00e4rjestelm\u00e4lle, FMP on valmis auttamaan sinua teknisten haasteiden ratkaisemisessa ja varmistamaan jatkuvan menestyksesi.<\/p>\n<p><img loading=\"lazy\" decoding=\"async\" class=\"alignnone wp-image-2695\" src=\"https:\/\/fmp-components.com\/wp-content\/uploads\/2025\/01\/agricultural-gearbox3.webp\" alt=\"maatalousvaihteisto\" width=\"1140\" height=\"1138\" title=\"\" srcset=\"https:\/\/fmp-components.com\/wp-content\/uploads\/2025\/01\/agricultural-gearbox3.webp 1140w, https:\/\/fmp-components.com\/wp-content\/uploads\/2025\/01\/agricultural-gearbox3-480x479.webp 480w\" sizes=\"(min-width: 0px) and (max-width: 480px) 480px, (min-width: 481px) 1140px, 100vw\" \/><\/p>\n<p>Tekij\u00e4: CX<\/p>\n<\/article>","protected":false},"excerpt":{"rendered":"<p>Double Disc Fertilizer Spreader Gearbox FMP-SF10 Dimensions\u00a0\u00a0\u00a0 Double Disc Fertilizer Spreader Gearbox FMP-SF10 Technical Data i Suitable Rpm input Rpm output Power Toothing r\/min r\/min Kw Hp left\/right box 1 :1.33 Fertilizer spreader, etc 540 406 15 20 Gleason Helical Teeth Remark: If you have any special require feel free let me know, we also [&hellip;]<\/p>","protected":false},"featured_media":3082,"comment_status":"open","ping_status":"closed","template":"","meta":{"_et_pb_use_builder":"","_et_pb_old_content":"","_et_gb_content_width":""},"product_brand":[],"product_cat":[71],"product_tag":[],"class_list":{"0":"post-3073","1":"product","2":"type-product","3":"status-publish","4":"has-post-thumbnail","6":"product_cat-fertilizer-seeder-gearbox","8":"first","9":"instock","10":"shipping-taxable","11":"product-type-simple"},"_links":{"self":[{"href":"https:\/\/fmp-components.com\/fi\/wp-json\/wp\/v2\/product\/3073","targetHints":{"allow":["GET"]}}],"collection":[{"href":"https:\/\/fmp-components.com\/fi\/wp-json\/wp\/v2\/product"}],"about":[{"href":"https:\/\/fmp-components.com\/fi\/wp-json\/wp\/v2\/types\/product"}],"replies":[{"embeddable":true,"href":"https:\/\/fmp-components.com\/fi\/wp-json\/wp\/v2\/comments?post=3073"}],"wp:featuredmedia":[{"embeddable":true,"href":"https:\/\/fmp-components.com\/fi\/wp-json\/wp\/v2\/media\/3082"}],"wp:attachment":[{"href":"https:\/\/fmp-components.com\/fi\/wp-json\/wp\/v2\/media?parent=3073"}],"wp:term":[{"taxonomy":"product_brand","embeddable":true,"href":"https:\/\/fmp-components.com\/fi\/wp-json\/wp\/v2\/product_brand?post=3073"},{"taxonomy":"product_cat","embeddable":true,"href":"https:\/\/fmp-components.com\/fi\/wp-json\/wp\/v2\/product_cat?post=3073"},{"taxonomy":"product_tag","embeddable":true,"href":"https:\/\/fmp-components.com\/fi\/wp-json\/wp\/v2\/product_tag?post=3073"}],"curies":[{"name":"wp","href":"https:\/\/api.w.org\/{rel}","templated":true}]}}